{"id":4267,"date":"2019-06-17T19:14:44","date_gmt":"2019-06-17T19:14:44","guid":{"rendered":"https:\/\/www.aquaquick2000.com\/?page_id=4267"},"modified":"2023-01-27T10:28:06","modified_gmt":"2023-01-27T10:28:06","slug":"ags-marino","status":"publish","type":"page","link":"https:\/\/www.aquaquick2000.com\/it\/distributors\/ags-marine\/","title":{"rendered":"AGS Marine"},"content":{"rendered":"<section class=\"section\" id=\"section_1602042943\">\n\t\t<div class=\"section-bg fill\" >\n\t\t\t<img decoding=\"async\" width=\"1920\" height=\"441\" src=\"https:\/\/b3871678.smushcdn.com\/3871678\/wp-content\/uploads\/2020\/09\/aquaquick-2000-oil-cleaning-waterwave.jpg?lossy=2&strip=1&webp=1\" class=\"bg attachment- size-\" alt=\"\" title=\"\" srcset=\"https:\/\/b3871678.smushcdn.com\/3871678\/wp-content\/uploads\/2020\/09\/aquaquick-2000-oil-cleaning-waterwave.jpg?lossy=2&amp;strip=1&amp;webp=1 1920w, https:\/\/b3871678.smushcdn.com\/3871678\/wp-content\/uploads\/2020\/09\/aquaquick-2000-oil-cleaning-waterwave-510x117.jpg?lossy=2&amp;strip=1&amp;webp=1 510w, https:\/\/b3871678.smushcdn.com\/3871678\/wp-content\/uploads\/2020\/09\/aquaquick-2000-oil-cleaning-waterwave-500x115.jpg?lossy=2&amp;strip=1&amp;webp=1 500w, https:\/\/b3871678.smushcdn.com\/3871678\/wp-content\/uploads\/2020\/09\/aquaquick-2000-oil-cleaning-waterwave-1280x294.jpg?lossy=2&amp;strip=1&amp;webp=1 1280w, https:\/\/b3871678.smushcdn.com\/3871678\/wp-content\/uploads\/2020\/09\/aquaquick-2000-oil-cleaning-waterwave-768x176.jpg?lossy=2&amp;strip=1&amp;webp=1 768w, https:\/\/b3871678.smushcdn.com\/3871678\/wp-content\/uploads\/2020\/09\/aquaquick-2000-oil-cleaning-waterwave-1536x353.jpg?lossy=2&amp;strip=1&amp;webp=1 1536w, https:\/\/b3871678.smushcdn.com\/3871678\/wp-content\/uploads\/2020\/09\/aquaquick-2000-oil-cleaning-waterwave.jpg?size=204x47&amp;lossy=2&amp;strip=1&amp;webp=1 204w, https:\/\/b3871678.smushcdn.com\/3871678\/wp-content\/uploads\/2020\/09\/aquaquick-2000-oil-cleaning-waterwave.jpg?size=408x94&amp;lossy=2&amp;strip=1&amp;webp=1 408w, https:\/\/b3871678.smushcdn.com\/3871678\/wp-content\/uploads\/2020\/09\/aquaquick-2000-oil-cleaning-waterwave.jpg?size=612x141&amp;lossy=2&amp;strip=1&amp;webp=1 612w, https:\/\/b3871678.smushcdn.com\/3871678\/wp-content\/uploads\/2020\/09\/aquaquick-2000-oil-cleaning-waterwave.jpg?size=1020x234&amp;lossy=2&amp;strip=1&amp;webp=1 1020w\" sizes=\"(max-width: 1920px) 100vw, 1920px\">\t\t\t\t\t\t<div class=\"section-bg-overlay absolute fill\"><\/div>\n\t\t\t\n\n\t\t<\/div>\n\n\t\t\n\n\t\t<div class=\"section-content relative\">\n\t\t\t\n\n<div class=\"row row-collapse align-equal\"  id=\"row-123953974\">\n\n\n\t<div id=\"col-667073960\" class=\"col small-12 large-12\"  >\n\t\t\t\t<div class=\"col-inner\"  >\n\t\t\t\n\t\t\t\n\n<h2 class=\"uppercase\" style=\"text-align: center;\">AQUAQUICK 2000 IN TURCHIA \u00c8 VENDUTO DA AGS MARINE<\/h2>\n\n\t\t<\/div>\n\t\t\t\t\t<\/div>\n\n\t\n\n<\/div>\n\n\t\t<\/div>\n\n\t\t\n<style>\n#section_1602042943 {\n  padding-top: 45px;\n  padding-bottom: 45px;\n}\n#section_1602042943 .section-bg-overlay {\n  background-color: rgba(240, 240, 240, 0.64);\n}\n<\/style>\n\t<\/section>\n\t\n\n\t<section class=\"section\" id=\"section_1106775011\">\n\t\t<div class=\"section-bg fill\" >\n\t\t\t\t\t\t\t\t\t<div class=\"section-bg-overlay absolute fill\"><\/div>\n\t\t\t\n\n\t\t<\/div>\n\n\t\t\n\n\t\t<div class=\"section-content relative\">\n\t\t\t\n\n<div class=\"row\"  id=\"row-1494428003\">\n\n\n\t<div id=\"col-1559218116\" class=\"col medium-6 small-12 large-6\"  >\n\t\t\t\t<div class=\"col-inner\"  >\n\t\t\t\n\t\t\t\n\n<h3 class=\"widget-title\">AQUAQUICK 2000 Distributore in Turchia<\/h3>\n<p>AGS Marine \u00e8 un rappresentante ufficiale dei prodotti AQUAQUICK. <br>AGS Marine \u00e8 autorizzata a vendere i prodotti AQUAQUICK 2000 in Turchia.<br><em><strong>AGS Marine \u00e8 approvato da AQUAQUICK GLOBAL B.V.<\/strong><\/em><\/p>\n<h3>Dettagli di contatto di AGS Marine<\/h3>\n<ul>\n<li class=\"bullet-arrow\">Sito web: <a target=\"_new\" href=\"https:\/\/www.agsmarine.com\" rel=\"noopener noreferrer\">www.agsmarine.com<\/a><\/li>\n<li class=\"bullet-arrow\"><span style=\"font-size: 90%;\">Indirizzo e-mail: <strong>info@agsmarine.com<\/strong><\/span><\/li>\n<li class=\"bullet-arrow\">Telefono: +90 232 560 0247 \/ +90 530 925 0964<\/li>\n<li class=\"bullet-arrow\">Fax: +90 232 446 0826<\/li>\n<\/ul>\n<a href=\"https:\/\/www.aquaquick2000.com\/it\/distributori\/\" class=\"button primary\">\n\t\t<span>Tutti i distributori di AQUAQUICK 2000<\/span>\n\t<\/a>\n\n\n\n\t\t<\/div>\n\t\t\t\t\t<\/div>\n\n\t\n\n\t<div id=\"col-1458770819\" class=\"col medium-6 small-12 large-6\"  >\n\t\t\t\t<div class=\"col-inner\"  >\n\t\t\t\n\t\t\t\n\n<div class=\"row\"  id=\"row-2002826002\">\n\n\n\t<div id=\"col-1385851368\" class=\"col small-12 large-12\"  >\n\t\t\t\t<div class=\"col-inner\" style=\"background-color:rgb(240, 240, 240);\" >\n\t\t\t\n\t\t\t\n\n<div class=\"accordion\">\n\n\t<div id=\"accordion-581464512\" class=\"accordion-item\">\n\t\t<a id=\"accordion-581464512-label\" class=\"accordion-title plain active\" href=\"#accordion-item-aquaquick-2000-in-turkey\" aria-expanded=\"true\" aria-controls=\"accordion-581464512-content\">\n\t\t\t<button class=\"toggle\" aria-label=\"Attiva\/Disattiva\"><i class=\"icon-angle-down\" aria-hidden=\"true\"><\/i><\/button>\n\t\t\t<span>AQUAQUICK 2000 in Turchia<\/span>\n\t\t<\/a>\n\t\t<div id=\"accordion-581464512-content\" class=\"accordion-inner\" style=\"display: block;\" aria-labelledby=\"accordion-581464512-label\">\n\t\t\t\n\n<p>Per acquistare AQUAQUICK 2000 direttamente in tacchino potete contattare il nostro distributore locale AGS Marine.<\/p>\n<p>AQUAQUICK 2000 pu\u00f2 essere acquistato in qualsiasi paese del mondo ed \u00e8 la soluzione numero uno per la bonifica delle fuoriuscite di petrolio.<\/p>\n\n\t\t<\/div>\n\t<\/div>\n\t\n\t<div id=\"accordion-2605772396\" class=\"accordion-item\">\n\t\t<a id=\"accordion-2605772396-label\" class=\"accordion-title plain\" href=\"#accordion-item-oil-spills-in-turkey\" aria-expanded=\"false\" aria-controls=\"accordion-2605772396-content\">\n\t\t\t<button class=\"toggle\" aria-label=\"Attiva\/Disattiva\"><i class=\"icon-angle-down\" aria-hidden=\"true\"><\/i><\/button>\n\t\t\t<span>Fuoriuscite di petrolio in Turchia<\/span>\n\t\t<\/a>\n\t\t<div id=\"accordion-2605772396-content\" class=\"accordion-inner\" aria-labelledby=\"accordion-2605772396-label\">\n\t\t\t\n\n<p>Per una soluzione immediata ed ecologica alle fuoriuscite di petrolio \u00e8 meglio usare AQUAQUICK 2000. In caso di fuoriuscite di petrolio in Turchia, potete contattare AGS Marine per la fornitura di AQUAQUICK 2000.<\/p>\n\n\t\t<\/div>\n\t<\/div>\n\t\n\t<div id=\"accordion-1035721210\" class=\"accordion-item\">\n\t\t<a id=\"accordion-1035721210-label\" class=\"accordion-title plain\" href=\"#accordion-item-about-ags-marine\" aria-expanded=\"false\" aria-controls=\"accordion-1035721210-content\">\n\t\t\t<button class=\"toggle\" aria-label=\"Attiva\/Disattiva\"><i class=\"icon-angle-down\" aria-hidden=\"true\"><\/i><\/button>\n\t\t\t<span>Informazioni su AGS Marine<\/span>\n\t\t<\/a>\n\t\t<div id=\"accordion-1035721210-content\" class=\"accordion-inner\" aria-labelledby=\"accordion-1035721210-label\">\n\t\t\t\n\n<p>AGS Marine \u00e8 stata fondata nel 2015 con oltre 20 anni di esperienza. Dalla sua fondazione, AGS \u00e8 leader nel settore con la sua struttura moderna e dinamica che si differenzia dai suoi concorrenti in termini di commercio estero e di servizi offerti.<\/p>\n\n\t\t<\/div>\n\t<\/div>\n\t\n\n<\/div>\n\n\t\t<\/div>\n\t\t\t\t\t<\/div>\n\n\t\n\n\t<div id=\"col-1962935147\" class=\"col small-12 large-12\"  >\n\t\t\t\t<div class=\"col-inner\"  >\n\t\t\t\n\t\t\t\n\n\t<div class=\"img has-hover x md-x lg-x y md-y lg-y\" id=\"image_732895863\">\n\t\t\t\t\t\t\t\t<div class=\"img-inner dark\" >\n\t\t\t<img decoding=\"async\" width=\"200\" height=\"141\" data-src=\"https:\/\/b3871678.smushcdn.com\/3871678\/wp-content\/uploads\/2020\/11\/AGS-Marine-Turkey-logo.png?lossy=2&strip=1&webp=1\" class=\"attachment-large size-large lazyload\" alt=\"\" title=\"\" data-sizes=\"(max-width: 200px) 100vw, 200px\" src=\"data:image\/svg+xml;base64,PHN2ZyB3aWR0aD0iMSIgaGVpZ2h0PSIxIiB4bWxucz0iaHR0cDovL3d3dy53My5vcmcvMjAwMC9zdmciPjwvc3ZnPg==\" style=\"--smush-placeholder-width: 200px; --smush-placeholder-aspect-ratio: 200\/141;\">\t\t\t\t\t\t\n\t\t\t\t\t<\/div>\n\t\t\t\t\t\t\t\t\n<style>\n#image_732895863 {\n  width: 35%;\n}\n<\/style>\n\t<\/div>\n\t\n\n\n\t\t<\/div>\n\t\t\t\t\t<\/div>\n\n\t\n\n<\/div>\n\n\t\t<\/div>\n\t\t\t\t\t<\/div>\n\n\t\n\n<\/div>\n\n\t\t<\/div>\n\n\t\t\n<style>\n#section_1106775011 {\n  padding-top: 30px;\n  padding-bottom: 30px;\n  background-color: rgb(255, 255, 255);\n}\n#section_1106775011 .section-bg-overlay {\n  background-color: rgba(240, 240, 240, 0);\n}\n<\/style>\n\t<\/section>","protected":false},"excerpt":{"rendered":"","protected":false},"author":1,"featured_media":5596,"parent":2564,"menu_order":0,"comment_status":"closed","ping_status":"closed","template":"page-blank.php","meta":{"cybocfi_hide_featured_image":"","footnotes":"","_links_to":"","_links_to_target":""},"class_list":["post-4267","page","type-page","status-publish","has-post-thumbnail","hentry"],"_links":{"self":[{"href":"https:\/\/www.aquaquick2000.com\/it\/wp-json\/wp\/v2\/pages\/4267","targetHints":{"allow":["GET"]}}],"collection":[{"href":"https:\/\/www.aquaquick2000.com\/it\/wp-json\/wp\/v2\/pages"}],"about":[{"href":"https:\/\/www.aquaquick2000.com\/it\/wp-json\/wp\/v2\/types\/page"}],"author":[{"embeddable":true,"href":"https:\/\/www.aquaquick2000.com\/it\/wp-json\/wp\/v2\/users\/1"}],"replies":[{"embeddable":true,"href":"https:\/\/www.aquaquick2000.com\/it\/wp-json\/wp\/v2\/comments?post=4267"}],"version-history":[{"count":0,"href":"https:\/\/www.aquaquick2000.com\/it\/wp-json\/wp\/v2\/pages\/4267\/revisions"}],"up":[{"embeddable":true,"href":"https:\/\/www.aquaquick2000.com\/it\/wp-json\/wp\/v2\/pages\/2564"}],"wp:featuredmedia":[{"embeddable":true,"href":"https:\/\/www.aquaquick2000.com\/it\/wp-json\/wp\/v2\/media\/5596"}],"wp:attachment":[{"href":"https:\/\/www.aquaquick2000.com\/it\/wp-json\/wp\/v2\/media?parent=4267"}],"curies":[{"name":"wp","href":"https:\/\/api.w.org\/{rel}","templated":true}]}}