{"id":9556,"date":"2024-01-17T15:06:55","date_gmt":"2024-01-17T15:06:55","guid":{"rendered":"https:\/\/www.aquaquick2000.com\/?page_id=9556"},"modified":"2025-06-12T12:22:08","modified_gmt":"2025-06-12T12:22:08","slug":"costo-della-spedizione","status":"publish","type":"page","link":"https:\/\/www.aquaquick2000.com\/it\/shipment-cost\/","title":{"rendered":"Shipment &#038; cost"},"content":{"rendered":"<section class=\"section\" id=\"section_1984399411\">\n\t\t<div class=\"section-bg fill\" >\n\t\t\t\t\t\t\t\t\t\n\t\t\t\n\n\t\t<\/div>\n\n\t\t\n\n\t\t<div class=\"section-content relative\">\n\t\t\t\n\n<div class=\"row\"  id=\"row-868953587\">\n\n\n\t<div id=\"col-664998777\" class=\"col medium-3 small-12 large-3\"  >\n\t\t<div class=\"is-sticky-column\"><div class=\"is-sticky-column__inner\">\t\t<div class=\"col-inner\"  >\n\t\t\t\n\t\t\t\n\n<a href=\"https:\/\/www.aquaquick2000.com\/it\/about-us\/\" class=\"button alert lowercase expand navbuttons\" style=\"border-radius:2px;\">\n\t\t<span>Chi siamo<\/span>\n\t<\/a>\n\n\n<a href=\"https:\/\/www.aquaquick2000.com\/it\/impianto-di-produzione\/\" class=\"button alert lowercase expand navbuttons\" style=\"border-radius:2px;\">\n\t\t<span>Impianto di produzione<\/span>\n\t<\/a>\n\n\n<a href=\"https:\/\/www.aquaquick2000.com\/it\/la-filosofia-ambientale\/\" class=\"button alert lowercase expand navbuttons\" style=\"border-radius:2px;\">\n\t\t<span>La filosofia ambientale<\/span>\n\t<\/a>\n\n\n<a href=\"https:\/\/www.aquaquick2000.com\/it\/diventare-un-rivenditore-di-aquaquick-2000\/\" class=\"button alert lowercase expand navbuttons\" style=\"border-radius:2px;\">\n\t\t<span>Diventare rivenditore<\/span>\n\t<\/a>\n\n\n<a href=\"https:\/\/www.aquaquick2000.com\/it\/costo-della-spedizione\/\" class=\"button alert lowercase expand navbuttons\" style=\"border-radius:2px;\">\n\t\t<span>Spedizione e costi<\/span>\n\t<\/a>\n\n\n<a href=\"https:\/\/www.aquaquick2000.com\/it\/politica-di-sostituzione-della-garanzia\/\" class=\"button alert lowercase expand navbuttons\" style=\"border-radius:2px;\">\n\t\t<span>Politica di sostituzione della garanzia<\/span>\n\t<\/a>\n\n\n<a href=\"https:\/\/www.aquaquick2000.com\/it\/politica-di-restituzione\/\" class=\"button alert lowercase expand navbuttons\" style=\"border-radius:2px;\">\n\t\t<span>Politica di restituzione<\/span>\n\t<\/a>\n\n\n\n\t\t<\/div>\n\t\t<\/div><\/div>\t\t\t<\/div>\n\n\t\n\n\t<div id=\"col-1367655408\" class=\"col medium-9 small-12 large-9 small-col-first\"  >\n\t\t\t\t<div class=\"col-inner\"  >\n\t\t\t\n\t\t\t\n\n<h1>Spedizione e costi<\/h1>\n<h4>Metodo di consegna<\/h4>\n<p>Noi di AQUAQUICK 2000 ci assicuriamo che i nostri prodotti vengano spediti con cura ed efficienza. Tutti gli ordini vengono spediti utilizzando metodi di consegna standard. Per effettuare un ordine, \u00e8 sufficiente visitare il nostro sito web o contattarci via e-mail. Una volta ricevuto l'ordine, compresa l'autorizzazione al pagamento, vi forniremo uno schema di spedizione personalizzato in base al vostro paese\/localit\u00e0 specifico.<\/p>\n<h4>Giorni lavorativi<\/h4>\n<p>Spediamo gli ordini solo nei giorni lavorativi. I nostri giorni lavorativi vanno dal luned\u00ec alla domenica, esclusi i giorni festivi riconosciuti nell'Unione Europea. Questo orario garantisce che il vostro ordine venga elaborato e spedito tempestivamente.<\/p>\n<h4>Costi di spedizione<\/h4>\n<p>Il costo della spedizione dell'ordine \u00e8 determinato da diversi fattori: l'importo totale dell'ordine, la destinazione e il tipo di metodo di spedizione selezionato. Per gli ordini all'interno dell'Unione Europea, spesso offriamo tariffe di spedizione ridotte. Per gli ordini destinati al di fuori dell'Unione Europea, si applicano costi di spedizione aggiuntivi. Questi costi vengono calcolati automaticamente in base all'ordine e confermati tramite comunicazione e-mail.<\/p>\n<p><strong>Nota bene:<\/strong> Per le consegne al di fuori dell'Europa, i nostri costi di spedizione non includono le spese di sdoganamento e i dazi all'importazione. Questi costi aggiuntivi vengono addebitati all'arrivo della spedizione nel vostro paese e sono a carico del destinatario.<\/p>\n<h3>Giorni di spedizione stimati per paese<\/h3>\n<h4>In Europa<\/h4>\n<ul>\n<li>Austria: 4 - 6 giorni<\/li>\n<li>Belgio: 1 giorno<\/li>\n<li>Bulgaria: 4 - 6 giorni<\/li>\n<li>Croazia: 4 - 6 giorni<\/li>\n<li>Repubblica Ceca: 4 - 6 giorni<\/li>\n<li>Danimarca: 4 - 6 giorni<\/li>\n<li>Estonia: 4 - 6 giorni<\/li>\n<li>Finlandia: 4 - 6 giorni<\/li>\n<li>Francia: 4 - 6 giorni<\/li>\n<li>Germania: 4 - 6 giorni<\/li>\n<li>Grecia: 4 - 6 giorni<\/li>\n<li>Ungheria: 4 - 6 giorni<\/li>\n<li>Irlanda: 4 - 6 giorni<\/li>\n<li>Italia: 4 - 6 giorni<\/li>\n<li>Lettonia: 4 - 6 giorni<\/li>\n<li>Lituania: 4 - 6 giorni<\/li>\n<li>Lussemburgo: 4 - 6 giorni<\/li>\n<li>Polonia: 4 - 6 giorni<\/li>\n<li>Portogallo: 4 - 6 giorni<\/li>\n<li>Romania: 5 - 7 giorni<\/li>\n<li>Slovacchia: 4 - 6 giorni<\/li>\n<li>Slovenia: 4 - 6 giorni<\/li>\n<li>Spagna: 4 - 6 giorni<\/li>\n<li>Svezia: 4 - 6 giorni<\/li>\n<li>Paesi Bassi: 2 - 3 giorni<\/li>\n<\/ul>\n<h4>Ordini internazionali (fuori dall'Europa)<\/h4>\n<p>Per gli ordini destinati al di fuori dell'Europa, l'elaborazione sar\u00e0 determinata dal metodo di spedizione scelto, dalla quantit\u00e0 di prodotti ordinati e da varie altre condizioni.<\/p>\n<h3>Restrizioni<\/h3>\n<p>Si prega di notare che gli ordini online non possono essere effettuati per indirizzi di consegna al di fuori dell'Unione Europea. Questa restrizione si applica anche a regioni specifiche come la Groenlandia, le Isole Faroe, alcune isole remote e alcuni territori d'oltremare. Per gli ordini destinati a queste regioni, si prega di contattare il nostro servizio clienti all'indirizzo <a href=\"mailto:business@aquaquick2000.com\" target=\"_new\" rel=\"noopener\">business@aquaquick2000.com<\/a>.<\/p>\n<h3>Tracciabilit\u00e0 dell'ordine<\/h3>\n<p>Al momento dell'elaborazione dell'ordine nel nostro magazzino, verr\u00e0 assegnato un numero di tracciamento, se applicabile. Riceverete una notifica quando il vostro pacco partir\u00e0 dal nostro magazzino. Si prega di notare che potrebbero essere necessarie fino a 48 ore perch\u00e9 le informazioni di tracciamento siano visibili nel sistema del corriere.<\/p>\n<h3>Trovare lo stato dell'ordine<\/h3>\n<p>\u00c8 possibile seguire facilmente lo stato dell'ordine:<\/p>\n<ul>\n<li><strong>Controllare la posta elettronica:<\/strong> Riceverete aggiornamenti sullo stato del vostro ordine all'indirizzo e-mail fornito durante il processo di pagamento.<\/li>\n<li><strong>Visitate il nostro sito web:<\/strong> Accedere al proprio account su <a href=\"http:\/\/www.aquaquick2000.com\/it\/\" target=\"_new\" rel=\"noopener\">www.aquaquick2000.com<\/a> per accedere alla cronologia degli ordini, compresi quelli in sospeso, quelli successivi e quelli precedenti.<\/li>\n<li><strong>Contattateci:<\/strong> Per qualsiasi altra domanda relativa al vostro ordine, non esitate a contattare il nostro servizio clienti all'indirizzo <a href=\"mailto:business@aquaquick2000.com\" target=\"_new\" rel=\"noopener\">business@aquaquick2000.com<\/a>.<\/li>\n<\/ul>\n\n\t\t<\/div>\n\t\t\t\t\t<\/div>\n\n\t\n\n<\/div>\n\n\t\t<\/div>\n\n\t\t\n<style>\n#section_1984399411 {\n  padding-top: 30px;\n  padding-bottom: 30px;\n}\n<\/style>\n\t<\/section>","protected":false},"excerpt":{"rendered":"","protected":false},"author":1,"featured_media":0,"parent":0,"menu_order":0,"comment_status":"closed","ping_status":"closed","template":"","meta":{"cybocfi_hide_featured_image":"","footnotes":"","_links_to":"","_links_to_target":""},"class_list":["post-9556","page","type-page","status-publish","hentry"],"_links":{"self":[{"href":"https:\/\/www.aquaquick2000.com\/it\/wp-json\/wp\/v2\/pages\/9556","targetHints":{"allow":["GET"]}}],"collection":[{"href":"https:\/\/www.aquaquick2000.com\/it\/wp-json\/wp\/v2\/pages"}],"about":[{"href":"https:\/\/www.aquaquick2000.com\/it\/wp-json\/wp\/v2\/types\/page"}],"author":[{"embeddable":true,"href":"https:\/\/www.aquaquick2000.com\/it\/wp-json\/wp\/v2\/users\/1"}],"replies":[{"embeddable":true,"href":"https:\/\/www.aquaquick2000.com\/it\/wp-json\/wp\/v2\/comments?post=9556"}],"version-history":[{"count":0,"href":"https:\/\/www.aquaquick2000.com\/it\/wp-json\/wp\/v2\/pages\/9556\/revisions"}],"wp:attachment":[{"href":"https:\/\/www.aquaquick2000.com\/it\/wp-json\/wp\/v2\/media?parent=9556"}],"curies":[{"name":"wp","href":"https:\/\/api.w.org\/{rel}","templated":true}]}}