{"id":9560,"date":"2024-01-17T19:44:55","date_gmt":"2024-01-17T19:44:55","guid":{"rendered":"https:\/\/www.aquaquick2000.com\/?page_id=9560"},"modified":"2025-06-12T12:18:27","modified_gmt":"2025-06-12T12:18:27","slug":"politica-di-sostituzione-della-garanzia","status":"publish","type":"page","link":"https:\/\/www.aquaquick2000.com\/it\/warranty-replacement-policy\/","title":{"rendered":"Garanzia e politica di sostituzione"},"content":{"rendered":"<section class=\"section\" id=\"section_1955190715\">\n\t\t<div class=\"section-bg fill\" >\n\t\t\t\t\t\t\t\t\t\n\t\t\t\n\n\t\t<\/div>\n\n\t\t\n\n\t\t<div class=\"section-content relative\">\n\t\t\t\n\n<div class=\"row\"  id=\"row-2125539560\">\n\n\n\t<div id=\"col-915029790\" class=\"col medium-3 small-12 large-3\"  >\n\t\t<div class=\"is-sticky-column\"><div class=\"is-sticky-column__inner\">\t\t<div class=\"col-inner\"  >\n\t\t\t\n\t\t\t\n\n<a href=\"https:\/\/www.aquaquick2000.com\/it\/about-us\/\" class=\"button alert lowercase expand navbuttons\" style=\"border-radius:2px;\">\n\t\t<span>Chi siamo<\/span>\n\t<\/a>\n\n\n<a href=\"https:\/\/www.aquaquick2000.com\/it\/impianto-di-produzione\/\" class=\"button alert lowercase expand navbuttons\" style=\"border-radius:2px;\">\n\t\t<span>Impianto di produzione<\/span>\n\t<\/a>\n\n\n<a href=\"https:\/\/www.aquaquick2000.com\/it\/la-filosofia-ambientale\/\" class=\"button alert lowercase expand navbuttons\" style=\"border-radius:2px;\">\n\t\t<span>La filosofia ambientale<\/span>\n\t<\/a>\n\n\n<a href=\"https:\/\/www.aquaquick2000.com\/it\/diventare-un-rivenditore-di-aquaquick-2000\/\" class=\"button alert lowercase expand navbuttons\" style=\"border-radius:2px;\">\n\t\t<span>Diventare rivenditore<\/span>\n\t<\/a>\n\n\n<a href=\"https:\/\/www.aquaquick2000.com\/it\/costo-della-spedizione\/\" class=\"button alert lowercase expand navbuttons\" style=\"border-radius:2px;\">\n\t\t<span>Spedizione e costi<\/span>\n\t<\/a>\n\n\n<a href=\"https:\/\/www.aquaquick2000.com\/it\/politica-di-sostituzione-della-garanzia\/\" class=\"button alert lowercase expand navbuttons\" style=\"border-radius:2px;\">\n\t\t<span>Politica di sostituzione della garanzia<\/span>\n\t<\/a>\n\n\n<a href=\"https:\/\/www.aquaquick2000.com\/it\/politica-di-restituzione\/\" class=\"button alert lowercase expand navbuttons\" style=\"border-radius:2px;\">\n\t\t<span>Politica di restituzione<\/span>\n\t<\/a>\n\n\n\n\t\t<\/div>\n\t\t<\/div><\/div>\t\t\t<\/div>\n\n\t\n\n\t<div id=\"col-611068665\" class=\"col medium-9 small-12 large-9 small-col-first\"  >\n\t\t\t\t<div class=\"col-inner\"  >\n\t\t\t\n\t\t\t\n\n<h1>Politica di sostituzione della garanzia<\/h1>\n<h3>Il nostro impegno<\/h3>\n<p>Noi di AQUAQUICK ci impegniamo a fornire ai nostri clienti prodotti di alta qualit\u00e0. Sosteniamo l'eccellenza dei nostri prodotti e la nostra dedizione alla soddisfazione del cliente \u00e8 fondamentale.<\/p>\n<h3>Politica di garanzia<\/h3>\n<h4>Copertura<\/h4>\n<p>La nostra garanzia copre qualsiasi difetto di materiale o di lavorazione in condizioni di uso normale durante il periodo di garanzia. Durante questo periodo, se si verificano problemi dovuti a difetti di fabbricazione o di imballaggio, ci occuperemo di risolvere questi problemi in conformit\u00e0 con i nostri termini di garanzia.<\/p>\n<h4>Periodo di garanzia<\/h4>\n<p>Il periodo di garanzia per i prodotti AQUAQUICK \u00e8 valido dalla data di acquisto. Per informazioni specifiche sulla durata della garanzia, consultare la documentazione del prodotto.<\/p>\n<h3>Politica di sostituzione<\/h3>\n<h4>Valutazione dei problemi del prodotto<\/h4>\n<p>Se ritenete che il vostro prodotto AQUAQUICK sia affetto da un difetto di fabbricazione o di imballaggio, siete invitati a restituirlo per una valutazione. Esamineremo attentamente l'articolo restituito per determinare la causa del problema.<\/p>\n<h4>Condizioni per la sostituzione<\/h4>\n<p>La sostituzione del prodotto sar\u00e0 presa in considerazione se:<\/p>\n<ul>\n<li>\u00c8 stato confermato che il problema \u00e8 dovuto a errori di produzione o di imballaggio.<\/li>\n<li>Il prodotto rientra nel periodo di garanzia.<\/li>\n<li>Il prodotto \u00e8 stato utilizzato in conformit\u00e0 alla sua destinazione d'uso e non \u00e8 stato sottoposto a uso improprio, negligenza o alterazione.<\/li>\n<\/ul>\n<h4>Processo di restituzione dei prodotti<\/h4>\n<ul>\n<li>Contattateci all'indirizzo business@aquaquick2000.com per avviare una restituzione. Si prega di includere una descrizione del problema e la prova d'acquisto.<\/li>\n<li>Dopo la conferma da parte del nostro team, inviare il prodotto all'indirizzo di restituzione specificato.<\/li>\n<li>Lasciare un tempo ragionevole per ricevere e ispezionare il prodotto.<\/li>\n<\/ul>\n<h4>Esito della valutazione<\/h4>\n<ul>\n<li>Se il prodotto \u00e8 idoneo alla sostituzione, lo sostituiremo senza alcun costo aggiuntivo.<\/li>\n<li>Se il prodotto non \u00e8 idoneo alla sostituzione, vi comunicheremo i motivi e discuteremo con voi le opzioni disponibili.<\/li>\n<\/ul>\n<h3>Esclusioni<\/h3>\n<p>La presente garanzia non copre i problemi causati da condizioni, malfunzionamenti o danni non derivanti da difetti di materiale o di fabbricazione. Inoltre, non copre i prodotti modificati o utilizzati per scopi diversi da quelli previsti.<\/p>\n<h3>Informazioni di contatto<\/h3>\n<p>Per qualsiasi domanda o per avviare una procedura di restituzione, contattateci all'indirizzo:<\/p>\n<ul>\n<li><strong>E-mail:<\/strong> business@aquaquick2000.com<\/li>\n<li><strong>Telefono:<\/strong> +31 6 412 938 51 &amp; +31 6 411 89 424<\/li>\n<\/ul>\n<p>Noi di AQUAQUICK ci impegniamo a garantire la vostra soddisfazione con i nostri prodotti e cercheremo di risolvere qualsiasi problema in conformit\u00e0 con la nostra politica di garanzia e sostituzione.<\/p>\n\n\t\t<\/div>\n\t\t\t\t\t<\/div>\n\n\t\n\n<\/div>\n\n\t\t<\/div>\n\n\t\t\n<style>\n#section_1955190715 {\n  padding-top: 30px;\n  padding-bottom: 30px;\n}\n<\/style>\n\t<\/section>","protected":false},"excerpt":{"rendered":"","protected":false},"author":1,"featured_media":0,"parent":0,"menu_order":0,"comment_status":"closed","ping_status":"closed","template":"","meta":{"cybocfi_hide_featured_image":"","footnotes":"","_links_to":"","_links_to_target":""},"class_list":["post-9560","page","type-page","status-publish","hentry"],"_links":{"self":[{"href":"https:\/\/www.aquaquick2000.com\/it\/wp-json\/wp\/v2\/pages\/9560","targetHints":{"allow":["GET"]}}],"collection":[{"href":"https:\/\/www.aquaquick2000.com\/it\/wp-json\/wp\/v2\/pages"}],"about":[{"href":"https:\/\/www.aquaquick2000.com\/it\/wp-json\/wp\/v2\/types\/page"}],"author":[{"embeddable":true,"href":"https:\/\/www.aquaquick2000.com\/it\/wp-json\/wp\/v2\/users\/1"}],"replies":[{"embeddable":true,"href":"https:\/\/www.aquaquick2000.com\/it\/wp-json\/wp\/v2\/comments?post=9560"}],"version-history":[{"count":0,"href":"https:\/\/www.aquaquick2000.com\/it\/wp-json\/wp\/v2\/pages\/9560\/revisions"}],"wp:attachment":[{"href":"https:\/\/www.aquaquick2000.com\/it\/wp-json\/wp\/v2\/media?parent=9560"}],"curies":[{"name":"wp","href":"https:\/\/api.w.org\/{rel}","templated":true}]}}