{"id":9643,"date":"2024-01-18T01:22:18","date_gmt":"2024-01-18T01:22:18","guid":{"rendered":"https:\/\/www.aquaquick2000.com\/?page_id=9643"},"modified":"2025-06-12T12:21:43","modified_gmt":"2025-06-12T12:21:43","slug":"la-filosofia-ambientale","status":"publish","type":"page","link":"https:\/\/www.aquaquick2000.com\/it\/the-environmental-philosophy\/","title":{"rendered":"La filosofia ambientale"},"content":{"rendered":"<section class=\"section\" id=\"section_478588755\">\n\t\t<div class=\"section-bg fill\" >\n\t\t\t\t\t\t\t\t\t\n\t\t\t\n\n\t\t<\/div>\n\n\t\t\n\n\t\t<div class=\"section-content relative\">\n\t\t\t\n\n<div class=\"row\"  id=\"row-1617310021\">\n\n\n\t<div id=\"col-1201329906\" class=\"col medium-3 small-12 large-3\"  >\n\t\t<div class=\"is-sticky-column\"><div class=\"is-sticky-column__inner\">\t\t<div class=\"col-inner\"  >\n\t\t\t\n\t\t\t\n\n<a href=\"https:\/\/www.aquaquick2000.com\/it\/about-us\/\" class=\"button alert lowercase expand navbuttons\" style=\"border-radius:2px;\">\n\t\t<span>Chi siamo<\/span>\n\t<\/a>\n\n\n<a href=\"https:\/\/www.aquaquick2000.com\/it\/impianto-di-produzione\/\" class=\"button alert lowercase expand navbuttons\" style=\"border-radius:2px;\">\n\t\t<span>Impianto di produzione<\/span>\n\t<\/a>\n\n\n<a href=\"https:\/\/www.aquaquick2000.com\/it\/la-filosofia-ambientale\/\" class=\"button alert lowercase expand navbuttons\" style=\"border-radius:2px;\">\n\t\t<span>La filosofia ambientale<\/span>\n\t<\/a>\n\n\n<a href=\"https:\/\/www.aquaquick2000.com\/it\/diventare-un-rivenditore-di-aquaquick-2000\/\" class=\"button alert lowercase expand navbuttons\" style=\"border-radius:2px;\">\n\t\t<span>Diventare rivenditore<\/span>\n\t<\/a>\n\n\n<a href=\"https:\/\/www.aquaquick2000.com\/it\/costo-della-spedizione\/\" class=\"button alert lowercase expand navbuttons\" style=\"border-radius:2px;\">\n\t\t<span>Spedizione e costi<\/span>\n\t<\/a>\n\n\n<a href=\"https:\/\/www.aquaquick2000.com\/it\/politica-di-sostituzione-della-garanzia\/\" class=\"button alert lowercase expand navbuttons\" style=\"border-radius:2px;\">\n\t\t<span>Politica di sostituzione della garanzia<\/span>\n\t<\/a>\n\n\n<a href=\"https:\/\/www.aquaquick2000.com\/it\/politica-di-restituzione\/\" class=\"button alert lowercase expand navbuttons\" style=\"border-radius:2px;\">\n\t\t<span>Politica di restituzione<\/span>\n\t<\/a>\n\n\n\n\t\t<\/div>\n\t\t<\/div><\/div>\t\t\t<\/div>\n\n\t\n\n\t<div id=\"col-1260824218\" class=\"col medium-9 small-12 large-9 small-col-first\"  >\n\t\t\t\t<div class=\"col-inner\"  >\n\t\t\t\n\t\t\t\n\n<h1><strong>La filosofia ambientale di AQUAQUICK<\/strong><\/h1>\n<p>In un'epoca in cui la consapevolezza ambientale non \u00e8 solo una scelta ma una necessit\u00e0, AQUAQUICK si impegna ad essere leader nelle soluzioni di pulizia sostenibili, sicure ed efficaci. La nostra filosofia \u00e8 radicata nella convinzione che la cura del pianeta e la fornitura di prodotti di alta qualit\u00e0 possano e debbano andare di pari passo.<\/p>\n<h3>Impegno per materie prime sicure e sostenibili<\/h3>\n<p><strong>Selezione di ingredienti eco-compatibili<\/strong> AQUAQUICK si impegna a ridurre al minimo l'impatto ambientale fin dall'origine. Selezioniamo meticolosamente le nostre materie prime, privilegiando quelle sostenibili e con un'impronta ecologica minima. Le nostre rigorose analisi includono valutazioni della tossicit\u00e0, dell'impatto ambientale e dei profili allergenici, assicurando che ogni ingrediente contribuisca positivamente all'efficacia dei nostri prodotti e alla sicurezza ambientale.<\/p>\n<p><strong>Standard rigorosi per i fornitori<\/strong> I nostri fornitori e partner sono tenuti a rispettare i pi\u00f9 elevati standard ambientali. Le sostanze chimiche e i materiali utilizzati nei prodotti AQUAQUICK vengono acquistati in modo responsabile, garantendo che siano in linea con il nostro impegno per la sostenibilit\u00e0 e la sicurezza.<\/p>\n<h3>Conservazione e riciclo dell'acqua<\/h3>\n<p><strong>Gestione innovativa dell'acqua<\/strong> L'acqua \u00e8 una risorsa preziosa e noi di AQUAQUICK prendiamo sul serio la nostra responsabilit\u00e0 per la sua conservazione. Ci assicuriamo che quasi tutta l'acqua utilizzata nei nostri processi sia riciclata e purificata attraverso meticolosi controlli microbiologici, riducendo cos\u00ec in modo significativo la nostra impronta idrica e mantenendo al contempo una qualit\u00e0 superiore per i nostri prodotti.<\/p>\n<h3>Riduzione dell'impatto logistico<\/h3>\n<p><strong>Imballaggio e trasporto sostenibili<\/strong> Ci sforziamo di ridurre il nostro impatto logistico producendo internamente la maggior parte degli imballaggi, riducendo cos\u00ec le emissioni da trasporto non necessarie. Per le consegne dei prodotti, utilizziamo strategie di trasporto intermodale per ridurre al minimo il trasporto su strada, riducendo ulteriormente la nostra impronta di carbonio.<\/p>\n<h3>Prodotti ecologici e versatili<\/h3>\n<p><strong>Progettato per l'efficienza e il rispetto dell'ambiente<\/strong> Ogni prodotto AQUAQUICK \u00e8 progettato tenendo conto della versatilit\u00e0. Il nostro obiettivo \u00e8 ridurre l'impatto ambientale a tutti i livelli, dalla produzione all'imballaggio, dalla distribuzione all'utilizzo. Questo approccio olistico garantisce che i nostri prodotti non solo risparmino risorse, ma offrano anche vantaggi economici ai nostri consumatori. Crediamo nella creazione di soluzioni che facciano di pi\u00f9 con meno, promuovendo sia il benessere ambientale che il risparmio dei consumatori.<\/p>\n\n\t\t<\/div>\n\t\t\t\t\t<\/div>\n\n\t\n\n<\/div>\n\n\t\t<\/div>\n\n\t\t\n<style>\n#section_478588755 {\n  padding-top: 30px;\n  padding-bottom: 30px;\n}\n<\/style>\n\t<\/section>","protected":false},"excerpt":{"rendered":"","protected":false},"author":1,"featured_media":0,"parent":0,"menu_order":0,"comment_status":"closed","ping_status":"closed","template":"","meta":{"cybocfi_hide_featured_image":"","footnotes":"","_links_to":"","_links_to_target":""},"class_list":["post-9643","page","type-page","status-publish","hentry"],"_links":{"self":[{"href":"https:\/\/www.aquaquick2000.com\/it\/wp-json\/wp\/v2\/pages\/9643","targetHints":{"allow":["GET"]}}],"collection":[{"href":"https:\/\/www.aquaquick2000.com\/it\/wp-json\/wp\/v2\/pages"}],"about":[{"href":"https:\/\/www.aquaquick2000.com\/it\/wp-json\/wp\/v2\/types\/page"}],"author":[{"embeddable":true,"href":"https:\/\/www.aquaquick2000.com\/it\/wp-json\/wp\/v2\/users\/1"}],"replies":[{"embeddable":true,"href":"https:\/\/www.aquaquick2000.com\/it\/wp-json\/wp\/v2\/comments?post=9643"}],"version-history":[{"count":0,"href":"https:\/\/www.aquaquick2000.com\/it\/wp-json\/wp\/v2\/pages\/9643\/revisions"}],"wp:attachment":[{"href":"https:\/\/www.aquaquick2000.com\/it\/wp-json\/wp\/v2\/media?parent=9643"}],"curies":[{"name":"wp","href":"https:\/\/api.w.org\/{rel}","templated":true}]}}