{"id":2453,"date":"2016-12-06T14:45:28","date_gmt":"2016-12-06T14:45:28","guid":{"rendered":"http:\/\/www.aquaquick2000.com\/?page_id=2453"},"modified":"2023-01-27T10:17:38","modified_gmt":"2023-01-27T10:17:38","slug":"aquaquick-2000-product-benefits","status":"publish","type":"page","link":"https:\/\/www.aquaquick2000.com\/lt\/aquaquick-2000-product-benefits\/","title":{"rendered":"AQUAQUICK 2000 produkto privalumai"},"content":{"rendered":"<section class=\"section dark\" id=\"section_1372839732\">\n\t\t<div class=\"section-bg fill\" >\n\t\t\t<img decoding=\"async\" width=\"1920\" height=\"441\" src=\"https:\/\/b3871678.smushcdn.com\/3871678\/wp-content\/uploads\/2020\/09\/aquaquick-2000-oil-cleaning-waterwave.jpg?lossy=2&strip=1&webp=1\" class=\"bg attachment- size-\" alt=\"\" title=\"\" srcset=\"https:\/\/b3871678.smushcdn.com\/3871678\/wp-content\/uploads\/2020\/09\/aquaquick-2000-oil-cleaning-waterwave.jpg?lossy=2&amp;strip=1&amp;webp=1 1920w, https:\/\/b3871678.smushcdn.com\/3871678\/wp-content\/uploads\/2020\/09\/aquaquick-2000-oil-cleaning-waterwave-510x117.jpg?lossy=2&amp;strip=1&amp;webp=1 510w, https:\/\/b3871678.smushcdn.com\/3871678\/wp-content\/uploads\/2020\/09\/aquaquick-2000-oil-cleaning-waterwave-500x115.jpg?lossy=2&amp;strip=1&amp;webp=1 500w, https:\/\/b3871678.smushcdn.com\/3871678\/wp-content\/uploads\/2020\/09\/aquaquick-2000-oil-cleaning-waterwave-1280x294.jpg?lossy=2&amp;strip=1&amp;webp=1 1280w, https:\/\/b3871678.smushcdn.com\/3871678\/wp-content\/uploads\/2020\/09\/aquaquick-2000-oil-cleaning-waterwave-768x176.jpg?lossy=2&amp;strip=1&amp;webp=1 768w, https:\/\/b3871678.smushcdn.com\/3871678\/wp-content\/uploads\/2020\/09\/aquaquick-2000-oil-cleaning-waterwave-1536x353.jpg?lossy=2&amp;strip=1&amp;webp=1 1536w, https:\/\/b3871678.smushcdn.com\/3871678\/wp-content\/uploads\/2020\/09\/aquaquick-2000-oil-cleaning-waterwave.jpg?size=204x47&amp;lossy=2&amp;strip=1&amp;webp=1 204w, https:\/\/b3871678.smushcdn.com\/3871678\/wp-content\/uploads\/2020\/09\/aquaquick-2000-oil-cleaning-waterwave.jpg?size=408x94&amp;lossy=2&amp;strip=1&amp;webp=1 408w, https:\/\/b3871678.smushcdn.com\/3871678\/wp-content\/uploads\/2020\/09\/aquaquick-2000-oil-cleaning-waterwave.jpg?size=612x141&amp;lossy=2&amp;strip=1&amp;webp=1 612w, https:\/\/b3871678.smushcdn.com\/3871678\/wp-content\/uploads\/2020\/09\/aquaquick-2000-oil-cleaning-waterwave.jpg?size=1020x234&amp;lossy=2&amp;strip=1&amp;webp=1 1020w\" sizes=\"(max-width: 1920px) 100vw, 1920px\">\t\t\t\t\t\t<div class=\"section-bg-overlay absolute fill\"><\/div>\n\t\t\t\n\n\t\t<\/div>\n\n\t\t\n\n\t\t<div class=\"section-content relative\">\n\t\t\t\n<h2 style=\"text-align: center;\">AQUAQUICK 2000 produkto privalumai<\/h2>\n\t\t<\/div>\n\n\t\t\n<style>\n#section_1372839732 {\n  padding-top: 60px;\n  padding-bottom: 60px;\n}\n#section_1372839732 .section-bg-overlay {\n  background-color: rgba(0, 0, 0, 0.22);\n}\n<\/style>\n\t<\/section>\n\t\n\n\t<section class=\"section\" id=\"section_2020969816\">\n\t\t<div class=\"section-bg fill\" >\n\t\t\t\t\t\t\t\t\t\n\t\t\t\n\n\t\t<\/div>\n\n\t\t\n\n\t\t<div class=\"section-content relative\">\n\t\t\t\n<div class=\"row\"  id=\"row-719620414\">\n\n\t<div id=\"col-686635970\" class=\"col medium-6 small-12 large-6\"  >\n\t\t\t\t<div class=\"col-inner\"  >\n\t\t\t\n\t\t\t\n<h3>Visi\u0161kai vartotojui ir aplinkai draugi\u0161kas produktas\n<\/h3><p>AQUAQUICK 2000 sud\u0117tyje yra tik nat\u016brali\u0173 ingredient\u0173, be chlorid\u0173, tirpikli\u0173 ar alkaloid\u0173. AQUAQUICK 2000 patvirtino ir i\u0161band\u0117 daugyb\u0117 nepriklausom\u0173 mokslini\u0173 tyrim\u0173 institut\u0173 visame pasaulyje: TNO Nyderlandai, MIGAS Indonezija, Tarptautin\u0117 j\u016br\u0173 organizacija (IMO) ir daugelis kit\u0173.\n<hr\/>\n<h3>Netoksi\u0161kas visiems vandens organizmams<\/h3>\n<p>AQUAQUICK 2000, praskiestas santykiu 1:50, t. y. 10 ml AQUAQUICK 2000 sumai\u0161yta su 1 litru vandens, gali b\u016bti naudojamas naftos produkt\u0173 i\u0161siliejimams, kurie padeng\u0117 vandens aplinkos gyv\u016bnus ir augmenij\u0105, valyti.<\/p>\n<hr \/>\n<h3>Suma\u017eina chemini\u0173 atliek\u0173 kiek\u012f<\/h3>\n<p>AQUAQUICK 2000 biologi\u0161kai molekuliniu b\u016bdu suardo angliavandenili\u0173 strukt\u016br\u0173 sanglaud\u0105, sudarydamas mikroemulsij\u0105 \u012f ma\u017edaug 3 mikron\u0173 dyd\u017eio daleles. \u0160ie mikronai ir specialios maistin\u0117s med\u017eiagos sukelia aplinkoje esan\u010di\u0173 bakterij\u0173 augimo sprogim\u0105, d\u0117l kurio jos lengvai pa\u0161alinamos.<\/p>\n<hr \/>\n<h3>Energijos taupymas ir ekonomi\u0161kumas<\/h3>\n<p>\"AQUAQUICK 2000\" yra ekonomi\u0161kas sprendimas, kuris padidina na\u0161um\u0105, nes suma\u017eina prastov\u0173 laik\u0105 ir i\u0161laidas, susijusias su valymo pramon\u0117s dalimi, pvz., pa\u010di\u0173 produkt\u0173 kain\u0105, produkto transportavim\u0105, saugojim\u0105, asmenini\u0173 apsaugos priemoni\u0173 i\u0161laidas, pagreitina proced\u016bras ir padidina darbuotoj\u0173 saug\u0105. AQUAQUICK 2000 pakei\u010dia daugel\u012f pla\u010diai naudojam\u0173 valikli\u0173, toksi\u0161k\u0173 tirpikli\u0173 ir \u0161arm\u0173, kurie i\u0161stumia, bet nesuardo angliavandenili\u0173. Naudotojui reikia labai nedaug pastang\u0173 \u0161vei\u010diant, o panaudojus j\u012f galima lengvai nuvalyti dr\u0117gnu skuduru.<\/p>\n<hr \/>\n<h3>Nekorozinis ir nedirginantis \u017emogaus odos<\/h3>\n<p>\"AQUAQUICK 2000\" yra dermatologi\u0161kai patvirtintas kaip pakankamai saugus naudoti namuose kaip kasdien\u012f rank\u0173 muil\u0105 arba gali b\u016bti naudojamas \u012fvairiose pramon\u0117s \u0161akose kaip rank\u0173 muilas, nes jo nat\u016bralios sudedamosios dalys nedirgina \u017emogaus odos l\u0105steli\u0173.<\/p>\n<hr \/>\n<h3>AQUAQUICK 2000 nekoroduoja metalo<\/h3>\n<p>Nepa\u017eeid\u017eia metal\u0173, da\u017e\u0173, dang\u0173, gumos ar plastik\u0173 - Nepa\u017eeid\u017eia substrat\u0173 ir yra saugus valant plastikus, metalus, dangas, da\u017eus, gum\u0105, epoksidin\u0119 med\u017eiag\u0105 ir kt.<\/p>\n<hr \/>\n<h3>AQUAQUICK 2000 neturi galiojimo laiko<\/h3>\n<p>\u0160io produkto galiojimo laikas nepasibaig\u0119s. Ta\u010diau d\u0117l ilgo laikymo gali atsirasti nuos\u0117d\u0173. Mai\u0161ydami gamin\u012f, pasieksite, kad jo mas\u0117 tapt\u0173 vienalyt\u0117. \u0160\u012f produkt\u0105 saugu nuolat naudoti, kol baigsis jo atsargos, net jei nuo \u012fsigijimo datos pra\u0117jo 2 ar daugiau met\u0173. Nat\u016braliose sudedamosiose dalyse yra sav\u0173 konservant\u0173, kurie saugo produkto t\u0119stinum\u0105 daugel\u012f met\u0173.<\/p>\n<hr \/>\n\t\t<\/div>\n\t\t\t\t\t<\/div>\n\n\t\n\n\t<div id=\"col-1263847823\" class=\"col medium-6 small-12 large-6\"  >\n\t\t\t\t<div class=\"col-inner\"  >\n\t\t\t\n\t\t\t\n<h3>Daugiafunkcin\u0117 valymo priemon\u0117\n<\/h3><p>\"AQUAQUICK 2000\" yra bioemulsiklis, nuriebalinimo priemon\u0117, angliavandenili\u0173 valiklis ir naftos dispergatorius, pagamintas vandens pagrindu, kur\u012f galima naudoti rezervuarams valyti, vamzd\u017eiams valyti, nuriebalinti, platform\u0173 prie\u017ei\u016brai, dirvo\u017eemiui plauti, grindims ir \u012frangai valyti maisto pramon\u0117je, laiv\u0173 deniams, ma\u0161in\u0173 skyriams ir triumfams valyti; pakankamai saugus, kad b\u016bt\u0173 naudojamas kaip \u012fprastas rank\u0173 muilas.<\/p><hr\/>\n<h3>AQUAQUICK 2000 Galima naudoti kaip gesintuv\u0105<\/h3>\n<p>AQUAQUICK 2000 buvo patvirtintas naudoti D\u017eakartos (Indonezija) ir kit\u0173 \u0161ali\u0173 ugniagesi\u0173 tarnybose kaip degal\u0173 gesinimo priemon\u0117, skirta gaisrui u\u017egesinti, ir gali b\u016bti naudojamas netvarkai po gaisro i\u0161valyti.<\/p>\n<hr \/>\n<h3>Bendras valymo tirpalas<\/h3>\n<p>\"AQUAQUICK 2000\" tinka valyti bet koki\u0105 angliavandenili\u0173 tar\u0161\u0105 ir yra patvirtintas \u0161iose pramon\u0117s \u0161akose naudojamiems produktams valyti: Naftos ir duj\u0173, vyriausybini\u0173 agent\u016br\u0173, automobili\u0173 ir in\u017einerijos, laivybos ir j\u016br\u0173, aviacijos pramon\u0117s, gamybos, maisto ir g\u0117rim\u0173 pramon\u0117s ir bendrojo valymo pramon\u0117s \u0161ak\u0173.<\/p>\n<hr \/>\n<h3>Visi\u0161kai biologi\u0161kai skaidus (100%&lt;21 diena)<\/h3>\n<p>\"AQUAQUICK 2000\" veikia jau daug de\u0161imtme\u010di\u0173 ir turi daugyb\u0119 ataskait\u0173 ir patvirtinim\u0173, garantuojan\u010di\u0173 saugos ir aplinkos b\u016bkl\u0117s aspektus. Naudojant AQUAQUICK 2000 produkt\u0105 n\u0117ra joki\u0173 speciali\u0173 tvarkymo, laikymo ar \u012fsp\u0117jim\u0173. Ekotoksinio poveikio at\u017evilgiu \u0161is produktas yra visi\u0161kai biologi\u0161kai skaidus. Vandens valymo \u012frenginiuose AQUAQUICK 2000 100% biologi\u0161kai suyra grei\u010diau nei per 60 minu\u010di\u0173. Pavir\u0161iniuose vandenyse AQUAQUICK 2000 100% biologi\u0161kai suyra grei\u010diau nei per 21 dien\u0105. M\u016bs\u0173 tyrim\u0173 puslapyje galite su\u017einoti daugiau apie AQUAQUICK 2000 21 dien\u0105 trunkant\u012f proces\u0105. <\/p>\n<hr \/>\n<h3>AQUAQUICK 2000 yra nedegus<\/h3>\n<p>\"AQUAQUICK 2000\" yra dermatologi\u0161kai patvirtintas kaip pakankamai saugus naudoti namuose kaip kasdien\u012f rank\u0173 muil\u0105 arba gali b\u016bti naudojamas \u012fvairiose pramon\u0117s \u0161akose kaip rank\u0173 muilas, nes jo nat\u016bralios sudedamosios dalys nedirgina \u017emogaus odos l\u0105steli\u0173.<\/p>\n<hr \/>\n<h3>Organin\u0117 ir biologin\u0117 dispersija<\/h3>\n<p>Nepa\u017eeid\u017eia metal\u0173, da\u017e\u0173, dang\u0173, gumos ar plastik\u0173 - Nepa\u017eeid\u017eia substrat\u0173 ir yra saugus valant plastikus, metalus, dangas, da\u017eus, gum\u0105, epoksidin\u0119 med\u017eiag\u0105 ir kt.<\/p>\n<hr \/>\n<h3>AQUAQUICK 2000 techninis palaikymas<\/h3>\n<p>\"AQUAQUICK 2000\" buvo naudojamas \u012fvairioms valymo reikm\u0117ms visame pasaulyje. Per pastaruosius kelis de\u0161imtme\u010dius m\u016bs\u0173 technin\u0117s patirties komanda labai i\u0161augo. Visada teikiame technin\u0119 pagalb\u0105 tiems, kuriems reikia pagalbos ar informacijos apie \"AQUAQUICK 2000\". Mes tiekiame, taikome ir laikom\u0117s reikalavim\u0173 ir esame pasaulinis AQUAQUICK 2000 gamintojas. Nor\u0117dami gauti tiesiogin\u0117s informacijos apie technin\u0119 pagalb\u0105, ra\u0161ykite mums el. pa\u0161tu business@aquaquick2000.com.  <\/p>\n<hr \/>\n\t\t<\/div>\n\t\t\t\t\t<\/div>\n\n\t\n<\/div>\n\t\t<\/div>\n\n\t\t\n<style>\n#section_2020969816 {\n  padding-top: 30px;\n  padding-bottom: 30px;\n}\n<\/style>\n\t<\/section>","protected":false},"excerpt":{"rendered":"","protected":false},"author":1,"featured_media":8707,"parent":0,"menu_order":0,"comment_status":"closed","ping_status":"closed","template":"page-blank.php","meta":{"cybocfi_hide_featured_image":"","footnotes":"","_links_to":"","_links_to_target":""},"class_list":["post-2453","page","type-page","status-publish","has-post-thumbnail","hentry"],"_links":{"self":[{"href":"https:\/\/www.aquaquick2000.com\/lt\/wp-json\/wp\/v2\/pages\/2453","targetHints":{"allow":["GET"]}}],"collection":[{"href":"https:\/\/www.aquaquick2000.com\/lt\/wp-json\/wp\/v2\/pages"}],"about":[{"href":"https:\/\/www.aquaquick2000.com\/lt\/wp-json\/wp\/v2\/types\/page"}],"author":[{"embeddable":true,"href":"https:\/\/www.aquaquick2000.com\/lt\/wp-json\/wp\/v2\/users\/1"}],"replies":[{"embeddable":true,"href":"https:\/\/www.aquaquick2000.com\/lt\/wp-json\/wp\/v2\/comments?post=2453"}],"version-history":[{"count":0,"href":"https:\/\/www.aquaquick2000.com\/lt\/wp-json\/wp\/v2\/pages\/2453\/revisions"}],"wp:featuredmedia":[{"embeddable":true,"href":"https:\/\/www.aquaquick2000.com\/lt\/wp-json\/wp\/v2\/media\/8707"}],"wp:attachment":[{"href":"https:\/\/www.aquaquick2000.com\/lt\/wp-json\/wp\/v2\/media?parent=2453"}],"curies":[{"name":"wp","href":"https:\/\/api.w.org\/{rel}","templated":true}]}}