{"id":2532,"date":"2017-01-02T12:53:57","date_gmt":"2017-01-02T12:53:57","guid":{"rendered":"http:\/\/www.aquaquick2000.com\/?page_id=2532"},"modified":"2023-01-26T13:03:21","modified_gmt":"2023-01-26T13:03:21","slug":"patvirtinimu-sertifikatu-sarasas","status":"publish","type":"page","link":"https:\/\/www.aquaquick2000.com\/lt\/accreditations\/list-of-approvals-certificates\/","title":{"rendered":"Patvirtinim\u0173 ir sertifikat\u0173 s\u0105ra\u0161as"},"content":{"rendered":"Patvirtinim\u0173 ir sertifikat\u0173 s\u0105ra\u0161as\n\n<h2>AQUAQUICK 2000 patvirtinim\u0173 ir sertifikat\u0173 s\u0105ra\u0161as.<\/h2>\n<p>Pastaruosius keturis de\u0161imtme\u010dius \"AQUAQUICK 2000\" produktas stebina pasaul\u012f puikiais rezultatais. Nuo to laiko \"AQUAQUICK 2000\" s\u0117kmingai naudojamas daugelyje pramon\u0117s sri\u010di\u0173. AQUAQUICK 2000 i\u0161band\u0117 ir patvirtino arba sertifikavo toliau i\u0161vardytos organizacijos, \u012fmon\u0117s ir valstybin\u0117s institucijos. <\/p>\n<ul>\n<li class=\"bullet-checkmark\">UT Enschede, Nyderlandai - AQUAQUICK 2000, naudojamas nuotek\u0173 valymo \u012frenginiuose, yra visi\u0161kai biologi\u0161kai skaidus, be chloro, nesukelia jokio ypatingo pavojaus sveikatai ar toksi\u0161k\u0173 \u0161alutini\u0173 produkt\u0173, o i\u0161 dirvo\u017eemio lengvai pa\u0161alina angliavandenilius.<\/li>\n<li class=\"bullet-checkmark\">TNO Delfto universitetas, Nyderlandai - \u0160is produktas neturi ilgalaikio neigiamo poveikio ekosistemoms, vandens sistemoms ar naudotojams, nes AQUAQUICK 2000 yra visi\u0161kai biologi\u0161kai suyrantis, nejautrus ir neerzina \u017emogaus odos ar aki\u0173.<\/li>\n<li class=\"bullet-checkmark\">Sveikatos ministerija, Nyderlandai - AQUAQUICK 2000 atitinka visas Nyderland\u0173 maisto pramon\u0117s taikymo taisykles.<\/li>\n<li class=\"bullet-checkmark\">Nyderland\u0173 gynybos departamentas, Nyderlandai - AQUAQUICK 2000 nepa\u017eeid\u017eia da\u017e\u0173 ar dang\u0173 ir yra tinkamas angliavandeniliams \u0161alinti, kartu sukuriant stabili\u0105 emulsij\u0105.<\/li>\n<li class=\"bullet-checkmark\">Nyderland\u0173 vandens valdybos rajonai, Nyderlandai - AQUAQUICK 2000, pa\u0161alinus atskirtus angliavandenilius, kurie negali b\u016bti u\u017eter\u0161ti draud\u017eiamomis med\u017eiagomis, galima i\u0161pilti \u012f kanalizacij\u0105.<\/li>\n<li class=\"bullet-checkmark\">Laivybos ir j\u016br\u0173 reikal\u0173 generalinis direktoratas, Londonas, Jungtin\u0117 Karalyst\u0117 (TJO) - AQUAQUICK 2000 ir AQUAQUICK 2000 SP atitinka visas MARPOL konvencijos II priedo \"Rezervuar\u0173 valymas\" (MERC.2\/CIRC.8) ir ESPH darbo grup\u0117s rekomendacijas.<\/li>\n<li class=\"bullet-checkmark\">\"NS Dutch Railways\" Utrechtas, Nyderlandai - \"AQUAQUICK 2000\" yra tinkama universali valymo priemon\u0117 metalams ir da\u017eytiems pavir\u0161iams valyti, kuri\u0105 naudojant nereikia atlikti speciali\u0173 saugos proced\u016br\u0173. J\u0105 taip pat galima naudoti su auk\u0161to sl\u0117gio dispersine \u012franga.<\/li>\n<li class=\"bullet-checkmark\">Amerikos laivybos biuras Londonas, Jungtin\u0117 Karalyst\u0117 - AQUAQUICK 2000 ir AQUAQUICK 2000 SP buvo suteiktas gaminio dizaino \u012fvertinimo sertifikatas, patvirtinantis j\u0173 tinkamum\u0105 laivybai.<\/li>\n<li class=\"bullet-checkmark\">Valstybin\u0117 kasykl\u0173 prie\u017ei\u016bra, Nyderlandai - Pagal Kontinentinio \u0161elfo kasybos taisykli\u0173 49B straipsnio 1 pastraip\u0105 nustatyta, kad AQUAQUICK 2000 yra nekenksmingas j\u016bros aplinkai.<\/li>\n<li class=\"bullet-checkmark\">TUV tyrim\u0173 institutas Hanoveryje, Vokietija - AQUAQUICK 2000 SP buvo patvirtintas naudoti automobili\u0173 ir metalo apdirbimo pramon\u0117je, atitinka visus greitai i\u0161siskiriantiems valikliams keliamus reikalavimus ir kartu atitinka Vokietijos aplinkos apsaugos direktyvoje nustatytus reikalavimus d\u0117l pavojing\u0173 med\u017eiag\u0173 ar preparat\u0173.<\/li>\n<li class=\"bullet-checkmark\">\"Dekra Umwelt Gmbh Stuttgart\", Vokietija - AQUAQUICK 2000 SP atitinka patvirtinimo standartus, taikomus naudojant alyvos ir riebal\u0173 separatoriuose (Austrijos standartas B 5105), o transportavimo klasifikacija - nepavojinga med\u017eiaga.<\/li>\n<li class=\"bullet-checkmark\">Higienos institutas Gelzenkirchene, Vokietijoje - AQUAQUICK 2000 yra patvirtintas ploviklis, skirtas valyti tepalais u\u017eter\u0161tus keli\u0173 pavir\u0161ius.<\/li>\n<li class=\"bullet-checkmark\">Valstybin\u0117 med\u017eiag\u0173 tyrim\u0173 laboratorija Dortmunde, Vokietijoje - nustatyta, kad AQUAQUICK 2000 atitinka nusistov\u0117jusius \"alyvos p\u0117dsak\u0173 \u0161alinimo nuo kelio dangos metodus, i\u0161skyrus alyvos absorbentus\".<\/li>\n<li class=\"bullet-checkmark\">Chemin\u0117 laboratorija Webling, Vokietija - AQUAQUICK 2000 yra 100% biologi\u0161kai suyrantis, nesukeliantis jokio neigiamo poveikio nuotek\u0173 valymo \u012frenginiams ar \u012frangai.<\/li>\n<li class=\"bullet-checkmark\">Malaizijos tyrimai - nustatyta, kad AQUAQUICK 2000 yra netoksi\u0161kas vandens aplinkai pagal Tarptautin\u0117s j\u016br\u0173 organizacijos (IMO) produkt\u0173 klasifikacij\u0105 (LC50 ir EC50 vert\u0117s &gt;1000mg\/L). Atlikus bandymus paai\u0161k\u0117jo, kad riebal\u0173 ir alyvos kiekis nuotekose vos per 21 dien\u0105 suma\u017e\u0117jo iki 94%.<\/li>\n<li class=\"bullet-checkmark\">Mikrobiologin\u0117s laboratorijos tyr\u0117jas J. Balfanzas Miunsteris, Vokietija - AQUAQUICK 2000 V-93 stimuliuoja bakterij\u0173 ir mikroorganizm\u0173 augim\u0105 ir pagreitina angliavandenili\u0173 skaidym\u0105 pavir\u0161iniame dirvo\u017eemyje ir vandenyje. Tyrimai parod\u0117, kad vidutini\u0161kai 90% angliavandenili\u0173 suskaidoma per 35 dienas.<\/li>\n<li class=\"bullet-checkmark\">\"Mechem Technical &amp; Laboratory Services Pte, Ltd.\", Singap\u016bras - Nustatyta, kad AQUAQUICK 2000 atitinka dispergatori\u0173 specifikacijas, i\u0161vardytas pirmajame j\u016bros tar\u0161os prevencijos s\u0105ra\u0161e. (1999 m. taisykl\u0117s.)<\/li>\n<li class=\"bullet-checkmark\">\"Migas Laboratories\", Indonezija - AQUAQUICK 2000 galima teis\u0117tai ir saugiai naudoti naftos i\u0161siliejimams kontroliuoti ir valyti laivus krante ir u\u017e kranto, praskiedus 1:50 su 10 ml vandens.<\/li>\n<li class=\"bullet-checkmark\">Londono metro Jungtin\u0117 Karalyst\u0117 - AQUAQUICK 2000 galima naudoti \"London Underground Ltd.\", nesant joki\u0173 prie\u0161taravim\u0173 d\u0117l sveikatos ar saugos. (Ataskaita Nr. C7638, 1996 m. vasario 9 d.)<\/li>\n<li class=\"bullet-checkmark\">Nustatyta, kad SABA - AQUAQUICK 2000 ir AQUAQUICK 2000 SP neturi kenksmingo poveikio \"Simson\" ir SABA gaminamiems degalini\u0173 grind\u0173 sandarinimo skys\u010diams.<\/li>\n<li class=\"bullet-checkmark\">Kanados maisto produkt\u0173 inspekcijos agent\u016bra, Ontarijas, Kanada - AQUAQUICK 2000 ir AQUAQUICK 2000 SP yra patvirtinti naudoti pramoniniam maisto pramon\u0117s \u012frangos valymui. J\u0173 i\u0161vados rodo, kad maistas nebus u\u017eter\u0161tas. \u0160iuos produktus galima naudoti maisto patalp\u0173 grindims ir sienoms valyti, kai su maistu nedirbama.<\/li>\n<li class=\"bullet-checkmark\">Islandijos maisto kontrol\u0117s agent\u016bra, Islandija - AQUAQUICK 2000 buvo patvirtintas pramoniniam vis\u0173 maisto pramon\u0117s \u012frengini\u0173 valymui. Buvo nustatyta, kad jis netoksi\u0161kas, nekorozinis, nekenksmingas vartotojui ir aplinkai.<\/li>\n<li class=\"bullet-checkmark\">Lenkijos maisto produkt\u0173 inspekcijos agent\u016bra, Lenkija - AQUAQUICK 2000 buvo patvirtintas pramoniniam maisto gamybos \u012frangos valymui.<\/li>\n<li class=\"bullet-checkmark\">Deutschland Environmental Protection Group, Vokietija - Nustatyta, kad AQUAQUICK 2000 yra saugus ir patvirtintas naudoti visose aplinkosaugos srityse Vokietijoje.<\/li>\n<li class=\"bullet-checkmark\">Tailandas ir Malaizija - AQUAQUICK 2000 buvo patvirtintas naudoti visose pramon\u0117s ir aplinkosaugos srityse Tailando ir Malaizijos regionuose.<\/li>\n<li class=\"bullet-checkmark\">Peru - \"AQUAQUICK 2000\" buvo patvirtintas naudoti valymui Peru.<\/li>\n<li class=\"bullet-checkmark\">Egiptas - \"AQUAQUICK 2000\" gautas patvirtinimas d\u0117l bendrojo ir pramoninio valymo. Jis taip pat licencijuotas naftos i\u0161siliejim\u0173 valymui Egipte.<\/li>\n<li class=\"bullet-checkmark\">Filipin\u0173 pakran\u010di\u0173 sargyba, Filipinai - AQUAQUICK 2000 atitinka visus naftos i\u0161siliejimo dispergatoriui keliamus akreditacijos reikalavimus.<\/li>\n<li class=\"bullet-checkmark\">Pavir\u0161iaus plovimo priemon\u0117s: atnaujinta 2013 m. versija, Spill Science, Edmontonas, Alberta, Kanada - AQUAQUICK 2000 nurodytas kaip patvirtintas pavir\u0161iaus plovimo dispergatorius, kuris atitiko visus veiksmingumo, toksi\u0161kumo ir taikymo bandym\u0173 standartus.<\/li>\n<\/ul>","protected":false},"excerpt":{"rendered":"<p>List of approvals &amp; certificates List of Approvals &amp; Certificates for AQUAQUICK 2000. For the past 4 decades the AQUAQUICK 2000 product has amazed the world with remarkable results. Since then AQUAQUICK 2000 has been used as a successful solution for many industrial applications. AQUAQUICK 2000 has been tested and approved or certified by the [&#8230;]\n","protected":false},"author":1,"featured_media":4384,"parent":2528,"menu_order":0,"comment_status":"closed","ping_status":"closed","template":"","meta":{"cybocfi_hide_featured_image":"","footnotes":"","_links_to":"","_links_to_target":""},"class_list":["post-2532","page","type-page","status-publish","has-post-thumbnail","hentry"],"_links":{"self":[{"href":"https:\/\/www.aquaquick2000.com\/lt\/wp-json\/wp\/v2\/pages\/2532","targetHints":{"allow":["GET"]}}],"collection":[{"href":"https:\/\/www.aquaquick2000.com\/lt\/wp-json\/wp\/v2\/pages"}],"about":[{"href":"https:\/\/www.aquaquick2000.com\/lt\/wp-json\/wp\/v2\/types\/page"}],"author":[{"embeddable":true,"href":"https:\/\/www.aquaquick2000.com\/lt\/wp-json\/wp\/v2\/users\/1"}],"replies":[{"embeddable":true,"href":"https:\/\/www.aquaquick2000.com\/lt\/wp-json\/wp\/v2\/comments?post=2532"}],"version-history":[{"count":0,"href":"https:\/\/www.aquaquick2000.com\/lt\/wp-json\/wp\/v2\/pages\/2532\/revisions"}],"up":[{"embeddable":true,"href":"https:\/\/www.aquaquick2000.com\/lt\/wp-json\/wp\/v2\/pages\/2528"}],"wp:featuredmedia":[{"embeddable":true,"href":"https:\/\/www.aquaquick2000.com\/lt\/wp-json\/wp\/v2\/media\/4384"}],"wp:attachment":[{"href":"https:\/\/www.aquaquick2000.com\/lt\/wp-json\/wp\/v2\/media?parent=2532"}],"curies":[{"name":"wp","href":"https:\/\/api.w.org\/{rel}","templated":true}]}}