{"id":4267,"date":"2019-06-17T19:14:44","date_gmt":"2019-06-17T19:14:44","guid":{"rendered":"https:\/\/www.aquaquick2000.com\/?page_id=4267"},"modified":"2023-01-27T10:28:06","modified_gmt":"2023-01-27T10:28:06","slug":"ags-marine","status":"publish","type":"page","link":"https:\/\/www.aquaquick2000.com\/lt\/distributors\/ags-marine\/","title":{"rendered":"AGS Marine"},"content":{"rendered":"<section class=\"section\" id=\"section_1367617668\">\n\t\t<div class=\"section-bg fill\" >\n\t\t\t<img decoding=\"async\" width=\"1920\" height=\"441\" src=\"https:\/\/b3871678.smushcdn.com\/3871678\/wp-content\/uploads\/2020\/09\/aquaquick-2000-oil-cleaning-waterwave.jpg?lossy=2&strip=1&webp=1\" class=\"bg attachment- size-\" alt=\"\" title=\"\" srcset=\"https:\/\/b3871678.smushcdn.com\/3871678\/wp-content\/uploads\/2020\/09\/aquaquick-2000-oil-cleaning-waterwave.jpg?lossy=2&amp;strip=1&amp;webp=1 1920w, https:\/\/b3871678.smushcdn.com\/3871678\/wp-content\/uploads\/2020\/09\/aquaquick-2000-oil-cleaning-waterwave-510x117.jpg?lossy=2&amp;strip=1&amp;webp=1 510w, https:\/\/b3871678.smushcdn.com\/3871678\/wp-content\/uploads\/2020\/09\/aquaquick-2000-oil-cleaning-waterwave-500x115.jpg?lossy=2&amp;strip=1&amp;webp=1 500w, https:\/\/b3871678.smushcdn.com\/3871678\/wp-content\/uploads\/2020\/09\/aquaquick-2000-oil-cleaning-waterwave-1280x294.jpg?lossy=2&amp;strip=1&amp;webp=1 1280w, https:\/\/b3871678.smushcdn.com\/3871678\/wp-content\/uploads\/2020\/09\/aquaquick-2000-oil-cleaning-waterwave-768x176.jpg?lossy=2&amp;strip=1&amp;webp=1 768w, https:\/\/b3871678.smushcdn.com\/3871678\/wp-content\/uploads\/2020\/09\/aquaquick-2000-oil-cleaning-waterwave-1536x353.jpg?lossy=2&amp;strip=1&amp;webp=1 1536w, https:\/\/b3871678.smushcdn.com\/3871678\/wp-content\/uploads\/2020\/09\/aquaquick-2000-oil-cleaning-waterwave.jpg?size=204x47&amp;lossy=2&amp;strip=1&amp;webp=1 204w, https:\/\/b3871678.smushcdn.com\/3871678\/wp-content\/uploads\/2020\/09\/aquaquick-2000-oil-cleaning-waterwave.jpg?size=408x94&amp;lossy=2&amp;strip=1&amp;webp=1 408w, https:\/\/b3871678.smushcdn.com\/3871678\/wp-content\/uploads\/2020\/09\/aquaquick-2000-oil-cleaning-waterwave.jpg?size=612x141&amp;lossy=2&amp;strip=1&amp;webp=1 612w, https:\/\/b3871678.smushcdn.com\/3871678\/wp-content\/uploads\/2020\/09\/aquaquick-2000-oil-cleaning-waterwave.jpg?size=1020x234&amp;lossy=2&amp;strip=1&amp;webp=1 1020w\" sizes=\"(max-width: 1920px) 100vw, 1920px\">\t\t\t\t\t\t<div class=\"section-bg-overlay absolute fill\"><\/div>\n\t\t\t\n\n\t\t<\/div>\n\n\t\t\n\n\t\t<div class=\"section-content relative\">\n\t\t\t\n\n<div class=\"row row-collapse align-equal\"  id=\"row-1042024688\">\n\n\n\t<div id=\"col-791590181\" class=\"col small-12 large-12\"  >\n\t\t\t\t<div class=\"col-inner\"  >\n\t\t\t\n\t\t\t\n\n<h2 class=\"uppercase\" style=\"text-align: center;\">\"AQUAQUICK 2000\" TURKIJOJE PARDUODA \"AGS MARINE<\/h2>\n\n\t\t<\/div>\n\t\t\t\t\t<\/div>\n\n\t\n\n<\/div>\n\n\t\t<\/div>\n\n\t\t\n<style>\n#section_1367617668 {\n  padding-top: 45px;\n  padding-bottom: 45px;\n}\n#section_1367617668 .section-bg-overlay {\n  background-color: rgba(240, 240, 240, 0.64);\n}\n<\/style>\n\t<\/section>\n\t\n\n\t<section class=\"section\" id=\"section_1900341652\">\n\t\t<div class=\"section-bg fill\" >\n\t\t\t\t\t\t\t\t\t<div class=\"section-bg-overlay absolute fill\"><\/div>\n\t\t\t\n\n\t\t<\/div>\n\n\t\t\n\n\t\t<div class=\"section-content relative\">\n\t\t\t\n\n<div class=\"row\"  id=\"row-911034589\">\n\n\n\t<div id=\"col-161426275\" class=\"col medium-6 small-12 large-6\"  >\n\t\t\t\t<div class=\"col-inner\"  >\n\t\t\t\n\t\t\t\n\n<h3 class=\"widget-title\">AQUAQUICK 2000 platintojas Turkijoje<\/h3>\n<p>\"AGS Marine\" yra oficiali \"AQUAQUICK\" produkt\u0173 atstov\u0117. <br>\"AGS Marine\" turi licencij\u0105 prekiauti \"AQUAQUICK 2000\" produktais Turkijoje.<br><em><strong>\"AGS Marine\" yra patvirtinta \"AQUAQUICK GLOBAL B.V.<\/strong><\/em><\/p>\n<h3>\"AGS Marine\" kontaktin\u0117 informacija<\/h3>\n<ul>\n<li class=\"bullet-arrow\">Interneto svetain\u0117: <a target=\"_new\" href=\"https:\/\/www.agsmarine.com\" rel=\"noopener noreferrer\">www.agsmarine.com<\/a><\/li>\n<li class=\"bullet-arrow\"><span style=\"font-size: 90%;\">El. pa\u0161to adresas: <strong>info@agsmarine.com<\/strong><\/span><\/li>\n<li class=\"bullet-arrow\">Telefonas: +90 232 560 0247 \/ +90 530 925 0964<\/li>\n<li class=\"bullet-arrow\">Faksas: +90 232 446 0826<\/li>\n<\/ul>\n<a href=\"https:\/\/www.aquaquick2000.com\/lt\/platintojai\/\" class=\"button primary\">\n\t\t<span>Visi AQUAQUICK 2000 platintojai<\/span>\n\t<\/a>\n\n\n\n\t\t<\/div>\n\t\t\t\t\t<\/div>\n\n\t\n\n\t<div id=\"col-1043496475\" class=\"col medium-6 small-12 large-6\"  >\n\t\t\t\t<div class=\"col-inner\"  >\n\t\t\t\n\t\t\t\n\n<div class=\"row\"  id=\"row-1745846219\">\n\n\n\t<div id=\"col-589169655\" class=\"col small-12 large-12\"  >\n\t\t\t\t<div class=\"col-inner\" style=\"background-color:rgb(240, 240, 240);\" >\n\t\t\t\n\t\t\t\n\n<div class=\"accordion\">\n\n\t<div id=\"accordion-2609764883\" class=\"accordion-item\">\n\t\t<a id=\"accordion-2609764883-label\" class=\"accordion-title plain active\" href=\"#accordion-item-aquaquick-2000-in-turkey\" aria-expanded=\"true\" aria-controls=\"accordion-2609764883-content\">\n\t\t\t<button class=\"toggle\" aria-label=\"Perjungti\"><i class=\"icon-angle-down\" aria-hidden=\"true\"><\/i><\/button>\n\t\t\t<span>AQUAQUICK 2000 Turkijoje<\/span>\n\t\t<\/a>\n\t\t<div id=\"accordion-2609764883-content\" class=\"accordion-inner\" style=\"display: block;\" aria-labelledby=\"accordion-2609764883-label\">\n\t\t\t\n\n<p>Nor\u0117dami \u012fsigyti \"AQUAQUICK 2000\" tiesiogiai turkijoje, galite kreiptis \u012f m\u016bs\u0173 vietin\u012f platintoj\u0105 \"AGS Marine\".<\/p>\n<p>\"AQUAQUICK 2000\" galima \u012fsigyti bet kurioje pasaulio \u0161alyje ir tai yra numeris vienas sprendimas naftos i\u0161siliejimams valyti.<\/p>\n\n\t\t<\/div>\n\t<\/div>\n\t\n\t<div id=\"accordion-2436222771\" class=\"accordion-item\">\n\t\t<a id=\"accordion-2436222771-label\" class=\"accordion-title plain\" href=\"#accordion-item-oil-spills-in-turkey\" aria-expanded=\"false\" aria-controls=\"accordion-2436222771-content\">\n\t\t\t<button class=\"toggle\" aria-label=\"Perjungti\"><i class=\"icon-angle-down\" aria-hidden=\"true\"><\/i><\/button>\n\t\t\t<span>Naftos i\u0161siliejimai Turkijoje<\/span>\n\t\t<\/a>\n\t\t<div id=\"accordion-2436222771-content\" class=\"accordion-inner\" aria-labelledby=\"accordion-2436222771-label\">\n\t\t\t\n\n<p>Norint nedelsiant i\u0161spr\u0119sti naftos i\u0161siliejimo problem\u0105, geriausia naudoti \"AQUAQUICK 2000\". Jei Turkijoje susid\u016br\u0117te su naftos i\u0161siliejimu, galite kreiptis \u012f \"AGS Marine\" d\u0117l AQUAQUICK 2000 tiekimo.<\/p>\n\n\t\t<\/div>\n\t<\/div>\n\t\n\t<div id=\"accordion-498026094\" class=\"accordion-item\">\n\t\t<a id=\"accordion-498026094-label\" class=\"accordion-title plain\" href=\"#accordion-item-about-ags-marine\" aria-expanded=\"false\" aria-controls=\"accordion-498026094-content\">\n\t\t\t<button class=\"toggle\" aria-label=\"Perjungti\"><i class=\"icon-angle-down\" aria-hidden=\"true\"><\/i><\/button>\n\t\t\t<span>Apie \"AGS Marine<\/span>\n\t\t<\/a>\n\t\t<div id=\"accordion-498026094-content\" class=\"accordion-inner\" aria-labelledby=\"accordion-498026094-label\">\n\t\t\t\n\n<p>\"AGS Marine\" buvo \u012fkurta 2015 m., turinti daugiau nei 20 met\u0173 patirt\u012f. Nuo pat \u012fk\u016brimo \"AGS\" pirmauja \u0161iame sektoriuje, tur\u0117dama moderni\u0105 ir dinami\u0161k\u0105 strukt\u016br\u0105, kuri skiriasi nuo konkurent\u0173 u\u017esienio prekybos ir teikiam\u0173 paslaug\u0173 po\u017ei\u016briu.<\/p>\n\n\t\t<\/div>\n\t<\/div>\n\t\n\n<\/div>\n\n\t\t<\/div>\n\t\t\t\t\t<\/div>\n\n\t\n\n\t<div id=\"col-2068783753\" class=\"col small-12 large-12\"  >\n\t\t\t\t<div class=\"col-inner\"  >\n\t\t\t\n\t\t\t\n\n\t<div class=\"img has-hover x md-x lg-x y md-y lg-y\" id=\"image_967225281\">\n\t\t\t\t\t\t\t\t<div class=\"img-inner dark\" >\n\t\t\t<img decoding=\"async\" width=\"200\" height=\"141\" data-src=\"https:\/\/b3871678.smushcdn.com\/3871678\/wp-content\/uploads\/2020\/11\/AGS-Marine-Turkey-logo.png?lossy=2&strip=1&webp=1\" class=\"attachment-large size-large lazyload\" alt=\"\" title=\"\" data-sizes=\"(max-width: 200px) 100vw, 200px\" src=\"data:image\/svg+xml;base64,PHN2ZyB3aWR0aD0iMSIgaGVpZ2h0PSIxIiB4bWxucz0iaHR0cDovL3d3dy53My5vcmcvMjAwMC9zdmciPjwvc3ZnPg==\" style=\"--smush-placeholder-width: 200px; --smush-placeholder-aspect-ratio: 200\/141;\">\t\t\t\t\t\t\n\t\t\t\t\t<\/div>\n\t\t\t\t\t\t\t\t\n<style>\n#image_967225281 {\n  width: 35%;\n}\n<\/style>\n\t<\/div>\n\t\n\n\n\t\t<\/div>\n\t\t\t\t\t<\/div>\n\n\t\n\n<\/div>\n\n\t\t<\/div>\n\t\t\t\t\t<\/div>\n\n\t\n\n<\/div>\n\n\t\t<\/div>\n\n\t\t\n<style>\n#section_1900341652 {\n  padding-top: 30px;\n  padding-bottom: 30px;\n  background-color: rgb(255, 255, 255);\n}\n#section_1900341652 .section-bg-overlay {\n  background-color: rgba(240, 240, 240, 0);\n}\n<\/style>\n\t<\/section>","protected":false},"excerpt":{"rendered":"","protected":false},"author":1,"featured_media":5596,"parent":2564,"menu_order":0,"comment_status":"closed","ping_status":"closed","template":"page-blank.php","meta":{"cybocfi_hide_featured_image":"","footnotes":"","_links_to":"","_links_to_target":""},"class_list":["post-4267","page","type-page","status-publish","has-post-thumbnail","hentry"],"_links":{"self":[{"href":"https:\/\/www.aquaquick2000.com\/lt\/wp-json\/wp\/v2\/pages\/4267","targetHints":{"allow":["GET"]}}],"collection":[{"href":"https:\/\/www.aquaquick2000.com\/lt\/wp-json\/wp\/v2\/pages"}],"about":[{"href":"https:\/\/www.aquaquick2000.com\/lt\/wp-json\/wp\/v2\/types\/page"}],"author":[{"embeddable":true,"href":"https:\/\/www.aquaquick2000.com\/lt\/wp-json\/wp\/v2\/users\/1"}],"replies":[{"embeddable":true,"href":"https:\/\/www.aquaquick2000.com\/lt\/wp-json\/wp\/v2\/comments?post=4267"}],"version-history":[{"count":0,"href":"https:\/\/www.aquaquick2000.com\/lt\/wp-json\/wp\/v2\/pages\/4267\/revisions"}],"up":[{"embeddable":true,"href":"https:\/\/www.aquaquick2000.com\/lt\/wp-json\/wp\/v2\/pages\/2564"}],"wp:featuredmedia":[{"embeddable":true,"href":"https:\/\/www.aquaquick2000.com\/lt\/wp-json\/wp\/v2\/media\/5596"}],"wp:attachment":[{"href":"https:\/\/www.aquaquick2000.com\/lt\/wp-json\/wp\/v2\/media?parent=4267"}],"curies":[{"name":"wp","href":"https:\/\/api.w.org\/{rel}","templated":true}]}}