{"id":4403,"date":"2020-09-06T14:37:40","date_gmt":"2020-09-06T14:37:40","guid":{"rendered":"http:\/\/www.aquaquick2000.com\/?page_id=4403"},"modified":"2023-01-27T10:35:52","modified_gmt":"2023-01-27T10:35:52","slug":"isradejo-henri-de-vries-istorija-nuo-verslo-imones-h-de-vries-iki-aquaquick-global-b-v","status":"publish","type":"page","link":"https:\/\/www.aquaquick2000.com\/lt\/the-history-of-inventor-henri-de-vries-from-business-enterprise-h-de-vries-to-aquaquick-global-b-v\/","title":{"rendered":"I\u0161rad\u0117jo Henri de Vrieso istorija (Nuo H de Vrieso verslo \u012fmon\u0117s iki AQUAQUICK GLOBAL B.V.)"},"content":{"rendered":"<section class=\"section\" id=\"section_1588302174\">\n\t\t<div class=\"section-bg fill\" >\n\t\t\t<img decoding=\"async\" width=\"1920\" height=\"1200\" src=\"https:\/\/b3871678.smushcdn.com\/3871678\/wp-content\/uploads\/2020\/09\/AQUAQUICK-2000-Bubbles-Background.jpg?lossy=2&strip=1&webp=1\" class=\"bg attachment- size-\" alt=\"\" title=\"\" srcset=\"https:\/\/b3871678.smushcdn.com\/3871678\/wp-content\/uploads\/2020\/09\/AQUAQUICK-2000-Bubbles-Background.jpg?lossy=2&amp;strip=1&amp;webp=1 1920w, https:\/\/b3871678.smushcdn.com\/3871678\/wp-content\/uploads\/2020\/09\/AQUAQUICK-2000-Bubbles-Background-510x319.jpg?lossy=2&amp;strip=1&amp;webp=1 510w, https:\/\/b3871678.smushcdn.com\/3871678\/wp-content\/uploads\/2020\/09\/AQUAQUICK-2000-Bubbles-Background-500x313.jpg?lossy=2&amp;strip=1&amp;webp=1 500w, https:\/\/b3871678.smushcdn.com\/3871678\/wp-content\/uploads\/2020\/09\/AQUAQUICK-2000-Bubbles-Background-1280x800.jpg?lossy=2&amp;strip=1&amp;webp=1 1280w, https:\/\/b3871678.smushcdn.com\/3871678\/wp-content\/uploads\/2020\/09\/AQUAQUICK-2000-Bubbles-Background-768x480.jpg?lossy=2&amp;strip=1&amp;webp=1 768w, https:\/\/b3871678.smushcdn.com\/3871678\/wp-content\/uploads\/2020\/09\/AQUAQUICK-2000-Bubbles-Background-1536x960.jpg?lossy=2&amp;strip=1&amp;webp=1 1536w, https:\/\/b3871678.smushcdn.com\/3871678\/wp-content\/uploads\/2020\/09\/AQUAQUICK-2000-Bubbles-Background.jpg?size=204x128&amp;lossy=2&amp;strip=1&amp;webp=1 204w, https:\/\/b3871678.smushcdn.com\/3871678\/wp-content\/uploads\/2020\/09\/AQUAQUICK-2000-Bubbles-Background.jpg?size=408x255&amp;lossy=2&amp;strip=1&amp;webp=1 408w, https:\/\/b3871678.smushcdn.com\/3871678\/wp-content\/uploads\/2020\/09\/AQUAQUICK-2000-Bubbles-Background.jpg?size=612x383&amp;lossy=2&amp;strip=1&amp;webp=1 612w, https:\/\/b3871678.smushcdn.com\/3871678\/wp-content\/uploads\/2020\/09\/AQUAQUICK-2000-Bubbles-Background.jpg?size=1020x638&amp;lossy=2&amp;strip=1&amp;webp=1 1020w\" sizes=\"(max-width: 1920px) 100vw, 1920px\">\t\t\t\t\t\t<div class=\"section-bg-overlay absolute fill\"><\/div>\n\t\t\t\n\n\t\t<\/div>\n\n\t\t\n\n\t\t<div class=\"section-content relative\">\n\t\t\t\n<div class=\"row align-middle\"  id=\"row-914403328\">\n\n\t<div id=\"col-689494229\" class=\"col small-12 large-12\"  >\n\t\t\t\t<div class=\"col-inner\"  >\n\t\t\t\n\t\t\t\n\t<div id=\"gap-764254221\" class=\"gap-element clearfix\" style=\"display:block; height:auto;\">\n\t\t\n<style>\n#gap-764254221 {\n  padding-top: 40px;\n}\n<\/style>\n\t<\/div>\n\t\n<h1>AQUAQUICK 2000 \u012fk\u016br\u0117jo istorija<\/h1>\n<h3>Su\u017einokite apie \"AQUAQUICK 2000\" istorij\u0105<\/h3>\n\t\t<\/div>\n\t\t\t\t\t<\/div>\n\n\t\n<\/div>\n\t\t<\/div>\n\n\t\t\n<style>\n#section_1588302174 {\n  padding-top: 21px;\n  padding-bottom: 21px;\n}\n#section_1588302174 .section-bg-overlay {\n  background-color: rgba(255, 255, 255, 0.68);\n}\n<\/style>\n\t<\/section>\n\t\n\n\t<section class=\"section\" id=\"section_52804493\">\n\t\t<div class=\"section-bg fill\" >\n\t\t\t\t\t\t\t\t\t\n\t\t\t\n\n\t\t<\/div>\n\n\t\t\n\n\t\t<div class=\"section-content relative\">\n\t\t\t\n<div class=\"row\"  id=\"row-1259104535\">\n\n\t<div id=\"col-1728690800\" class=\"col medium-12 small-12 large-8\"  >\n\t\t\t\t<div class=\"col-inner box-shadow-2\" style=\"background-color:rgb(255, 255, 255);\" >\n\t\t\t\n\t\t\t\n<h2>I\u0161rad\u0117jo \/ verslininko Henri de Vrieso istorija<\/h2>\n<p><p>Daugiau apie \"Entrepeneur Henri de Vries\" istorij\u0105 galite su\u017einoti toliau pateiktoje dokument\u0173 nar\u0161ykl\u0117je. Henri de Vriesas dalyvavo daugyb\u0117je did\u017ei\u0173j\u0173 nuotyki\u0173, tarp j\u0173 ir \"AQUAQUICK 2000\". Henri de Vrieso istorijos pristatyme perskaitysite, kaip buvo \u012fkurta \"AQUAQUICK 2000\".<\/p>\n<p>Dokumento dydis: 11,5 MB. Apytikslis \u012fk\u0117limo laikas: 30 sekund\u017ei\u0173 - 5 minut\u0117s.<\/p>\n\n\t\t<div class=\"tabbed-content\">\n\t\t\t<h4 class=\"uppercase text-left\">Pasirinkite dokument\u0173 per\u017ei\u016bros program\u0105<\/h4>\n\t\t\t<ul class=\"nav nav-tabs nav-uppercase nav-size-normal nav-left\" role=\"tablist\"><li id=\"tab-direct-view\" class=\"tab active has-icon\" role=\"presentation\"><a href=\"#tab_direct-view\" role=\"tab\" aria-selected=\"true\" aria-controls=\"tab_direct-view\"><span>Tiesioginis vaizdas<\/span><\/a><\/li>\n<li id=\"tab-slideshare-viewer\" class=\"tab has-icon\" role=\"presentation\"><a href=\"#tab_slideshare-viewer\" tabindex=\"-1\" role=\"tab\" aria-selected=\"false\" aria-controls=\"tab_slideshare-viewer\"><span>\"Slideshare\" per\u017ei\u016bros programa<\/span><\/a><\/li>\n<li id=\"tab-google-docs-viewer\" class=\"tab has-icon\" role=\"presentation\"><a href=\"#tab_google-docs-viewer\" tabindex=\"-1\" role=\"tab\" aria-selected=\"false\" aria-controls=\"tab_google-docs-viewer\"><span>\"Google\" dokument\u0173 per\u017ei\u016bros programa<\/span><\/a><\/li>\n<li id=\"tab-youtube-viewer\" class=\"tab has-icon\" role=\"presentation\"><a href=\"#tab_youtube-viewer\" tabindex=\"-1\" role=\"tab\" aria-selected=\"false\" aria-controls=\"tab_youtube-viewer\"><span>\"Youtube\" \u017ei\u016brovas<\/span><\/a><\/li><\/ul><div class=\"tab-panels\"><div id=\"tab_direct-view\" class=\"panel active entry-content\" role=\"tabpanel\" aria-labelledby=\"tab-direct-view\">\n<p><iframe data-src=\"https:\/\/www.aquaquick2000.com\/wp-content\/uploads\/2020\/09\/AQUAQUICK-2000-HISTORY-PRESENTATION-Edition-2017.pdf#toolbar=0\" width=\"100%\" height=\"500px\" src=\"data:image\/svg+xml;base64,PHN2ZyB3aWR0aD0iMSIgaGVpZ2h0PSIxIiB4bWxucz0iaHR0cDovL3d3dy53My5vcmcvMjAwMC9zdmciPjwvc3ZnPg==\" class=\"lazyload\" data-load-mode=\"1\"><br \/><\/iframe><\/p>\n<\/div>\n<div id=\"tab_slideshare-viewer\" class=\"panel entry-content\" role=\"tabpanel\" aria-labelledby=\"tab-slideshare-viewer\">\n<iframe data-src=\"https:\/\/www.slideshare.net\/slideshow\/embed_code\/80960892\" width=\"625\" height=\"507\" frameborder=\"0\" marginwidth=\"0\" marginheight=\"0\" scrolling=\"no\" src=\"data:image\/svg+xml;base64,PHN2ZyB3aWR0aD0iMSIgaGVpZ2h0PSIxIiB4bWxucz0iaHR0cDovL3d3dy53My5vcmcvMjAwMC9zdmciPjwvc3ZnPg==\" class=\"lazyload\" data-load-mode=\"1\"><\/iframe><br\/>\n<p>Priklausomai nuo interneto nar\u0161ykl\u0117s, \"Full Screen\" gali neveikti.<\/p>\n<\/div>\n<div id=\"tab_google-docs-viewer\" class=\"panel entry-content\" role=\"tabpanel\" aria-labelledby=\"tab-google-docs-viewer\">\n<div class=\"ead-preview\"><div class=\"ead-document\" style=\"position: relative;padding-top: 90%;\"><div class=\"ead-iframe-wrapper\"><iframe data-src=\"\/\/docs.google.com\/viewer?url=http%3A%2F%2Fwww.aquaquick2000.com%2Fwp-content%2Fuploads%2F2020%2F09%2FHISTORY-BUSINESS-ENTREPENEUR-H-DE-VRIES-AQUAQUICK-2000-PRESENTATION-2017.pptx&amp;embedded=true&amp;hl=en\" title=\"\u012eterptasis dokumentas\" class=\"ead-iframe lazyload\" style=\"width: 100%;height: 100%;border: none;position: absolute;left: 0;top: 0;visibility: hidden;\" src=\"data:image\/svg+xml;base64,PHN2ZyB3aWR0aD0iMSIgaGVpZ2h0PSIxIiB4bWxucz0iaHR0cDovL3d3dy53My5vcmcvMjAwMC9zdmciPjwvc3ZnPg==\" data-load-mode=\"1\"><\/iframe><\/div>\t\t\t<div class=\"ead-document-loading\" style=\"width:100%;height:100%;position:absolute;left:0;top:0;z-index:10;\">\n\t\t\t\t<div class=\"ead-loading-wrap\">\n\t\t\t\t\t<div class=\"ead-loading-main\">\n\t\t\t\t\t\t<div class=\"ead-loading\">\n\t\t\t\t\t\t\t<img decoding=\"async\" data-src=\"https:\/\/www.aquaquick2000.com\/wp-content\/plugins\/embed-any-document\/images\/loading.svg\" width=\"55\" height=\"55\" alt=\"Krautuvas\" title=\"\" src=\"data:image\/svg+xml;base64,PHN2ZyB3aWR0aD0iMSIgaGVpZ2h0PSIxIiB4bWxucz0iaHR0cDovL3d3dy53My5vcmcvMjAwMC9zdmciPjwvc3ZnPg==\" class=\"lazyload\" style=\"--smush-placeholder-width: 55px; --smush-placeholder-aspect-ratio: 55\/55;\">\n\t\t\t\t\t\t\t<span>Pakraunama...<\/span>\n\t\t\t\t\t\t<\/div>\n\t\t\t\t\t<\/div>\n\t\t\t\t\t<div class=\"ead-loading-foot\">\n\t\t\t\t\t\t<div class=\"ead-loading-foot-title\">\n\t\t\t\t\t\t\t<img decoding=\"async\" data-src=\"https:\/\/www.aquaquick2000.com\/wp-content\/plugins\/embed-any-document\/images\/EAD-logo.svg\" alt=\"EAD logotipas\" width=\"36\" height=\"23\" title=\"\" src=\"data:image\/svg+xml;base64,PHN2ZyB3aWR0aD0iMSIgaGVpZ2h0PSIxIiB4bWxucz0iaHR0cDovL3d3dy53My5vcmcvMjAwMC9zdmciPjwvc3ZnPg==\" class=\"lazyload\" style=\"--smush-placeholder-width: 36px; --smush-placeholder-aspect-ratio: 36\/23;\">\n\t\t\t\t\t\t\t<span>U\u017etrunka per ilgai?<\/span>\n\t\t\t\t\t\t<\/div>\n\t\t\t\t\t\t<p>\n\t\t\t\t\t\t\t<div class=\"ead-document-btn ead-reload-btn\" role=\"button\">\n\t\t\t\t\t\t\t\t<img decoding=\"async\" data-src=\"https:\/\/www.aquaquick2000.com\/wp-content\/plugins\/embed-any-document\/images\/reload.svg\" alt=\"Perkrauti\" width=\"12\" height=\"12\" title=\"\" src=\"data:image\/svg+xml;base64,PHN2ZyB3aWR0aD0iMSIgaGVpZ2h0PSIxIiB4bWxucz0iaHR0cDovL3d3dy53My5vcmcvMjAwMC9zdmciPjwvc3ZnPg==\" class=\"lazyload\" style=\"--smush-placeholder-width: 12px; --smush-placeholder-aspect-ratio: 12\/12;\"> Perkrauti dokument\u0105\t\t\t\t\t\t\t<\/div>\n\t\t\t\t\t\t\t<span>|<\/span>\n\t\t\t\t\t\t\t<a href=\"https:\/\/docs.google.com\/viewer?url=http%3A%2F%2Fwww.aquaquick2000.com%2Fwp-content%2Fuploads%2F2020%2F09%2FHISTORY-BUSINESS-ENTREPENEUR-H-DE-VRIES-AQUAQUICK-2000-PRESENTATION-2017.pptx&#038;hl=en\" class=\"ead-document-btn\" target=\"_blank\">\n\t\t\t\t\t\t\t\t<img decoding=\"async\" data-src=\"https:\/\/www.aquaquick2000.com\/wp-content\/plugins\/embed-any-document\/images\/open.svg\" alt=\"Atviras\" width=\"12\" height=\"12\" title=\"\" src=\"data:image\/svg+xml;base64,PHN2ZyB3aWR0aD0iMSIgaGVpZ2h0PSIxIiB4bWxucz0iaHR0cDovL3d3dy53My5vcmcvMjAwMC9zdmciPjwvc3ZnPg==\" class=\"lazyload\" style=\"--smush-placeholder-width: 12px; --smush-placeholder-aspect-ratio: 12\/12;\"> Atidaryti naujame skirtuke\t\t\t\t\t\t\t<\/a>\n\t\t\t\t\t<\/div>\n\t\t\t\t<\/div>\n\t\t\t<\/div>\n\t\t<\/div><\/div>\n<p>Kai kuriose \u0161alyse naudojant \"Google\" dokument\u0173 per\u017ei\u016bros program\u0105 \u012fk\u0117limas gali u\u017etrukti ilgiau.<\/p>\n<\/div>\n<div id=\"tab_youtube-viewer\" class=\"panel entry-content\" role=\"tabpanel\" aria-labelledby=\"tab-youtube-viewer\">\n<div class=\"video video-fit mb\" style=\"padding-top:56.25%;\"><div class=\"lazyload smush-lazyload-video smush-lazyload-youtube\" style=\"--smush-video-aspect-ratio: 1020\/574\" data-bg-image=\"url(https:\/\/i.ytimg.com\/vi_webp\/1WIMCf37mG8\/maxresdefault.webp)\" ><iframe title=\"HISTORIJA BUSINESS ENTREPENEUR H DE VRIES AQUAQUICK 2000 PRESENTATION 2017 Full HD Video\" width=\"1020\" height=\"574\" data-src=\"https:\/\/www.youtube.com\/embed\/1WIMCf37mG8?feature=oembed\" frameborder=\"0\" allow=\"accelerometer; autoplay; clipboard-write; encrypted-media; gyroscope; picture-in-picture; web-share\" referrerpolicy=\"strict-origin-when-cross-origin\" allowfullscreen src=\"data:image\/svg+xml;base64,PHN2ZyB3aWR0aD0iMSIgaGVpZ2h0PSIxIiB4bWxucz0iaHR0cDovL3d3dy53My5vcmcvMjAwMC9zdmciPjwvc3ZnPg==\"><\/iframe><span class=\"smush-play-btn\" role=\"button\" aria-label=\"Play video\">\r\n\t\t\t\t<span tabindex=\"0\" class=\"smush-play-btn-inner\">\r\n\t\t\t\t\t<span>Play<\/span>\r\n\t\t\t\t<\/span>\r\n\t\t\t<\/span><\/div><\/div>\n<p>\"YouTube\" \u017ei\u016brykl\u0117 yra pristatymo vaizdo \u012fra\u0161o versija. Skaidr\u0117s bus pristatomos po 45 sekundes.<\/p>\n<\/div><\/div><\/div>\n\t\t<\/div>\n\t\t\t\t\n<style>\n#col-1728690800 > .col-inner {\n  padding: 16px 16px 0px 16px;\n}\n<\/style>\n\t<\/div>\n\n\t\n\n\t<div id=\"col-1022760336\" class=\"col medium-12 small-12 large-4 medium-col-first\"  >\n\t\t\t\t<div class=\"col-inner box-shadow-2\" style=\"background-color:rgb(255, 255, 255);\" >\n\t\t\t\n\t\t\t\n\t<div class=\"box has-hover   has-hover box-text-bottom\" >\n\n\t\t<div class=\"box-image\" >\n\t\t\t\t\t\t<div class=\"\" >\n\t\t\t\t<img decoding=\"async\" width=\"800\" height=\"644\" data-src=\"https:\/\/b3871678.smushcdn.com\/3871678\/wp-content\/uploads\/2020\/09\/Founder-of-AQUAQUICK-2000-henri-de-vries-enschede-01-10-1927.jpg?lossy=2&strip=1&webp=1\" class=\"attachment- size- lazyload\" alt=\"I\u0161rad\u0117jo Henri de Vrieso istorija (Nuo H de Vrieso verslo \u012fmon\u0117s iki AQUAQUICK GLOBAL B.V.)\" data-srcset=\"https:\/\/b3871678.smushcdn.com\/3871678\/wp-content\/uploads\/2020\/09\/Founder-of-AQUAQUICK-2000-henri-de-vries-enschede-01-10-1927.jpg?lossy=2&strip=1&webp=1 800w, https:\/\/b3871678.smushcdn.com\/3871678\/wp-content\/uploads\/2020\/09\/Founder-of-AQUAQUICK-2000-henri-de-vries-enschede-01-10-1927-510x411.jpg?lossy=2&strip=1&webp=1 510w, https:\/\/b3871678.smushcdn.com\/3871678\/wp-content\/uploads\/2020\/09\/Founder-of-AQUAQUICK-2000-henri-de-vries-enschede-01-10-1927-500x403.jpg?lossy=2&strip=1&webp=1 500w, https:\/\/b3871678.smushcdn.com\/3871678\/wp-content\/uploads\/2020\/09\/Founder-of-AQUAQUICK-2000-henri-de-vries-enschede-01-10-1927-768x618.jpg?lossy=2&strip=1&webp=1 768w, https:\/\/b3871678.smushcdn.com\/3871678\/wp-content\/uploads\/2020\/09\/Founder-of-AQUAQUICK-2000-henri-de-vries-enschede-01-10-1927-600x483.jpg?lossy=2&strip=1&webp=1 600w, https:\/\/b3871678.smushcdn.com\/3871678\/wp-content\/uploads\/2020\/09\/Founder-of-AQUAQUICK-2000-henri-de-vries-enschede-01-10-1927.jpg?size=204x164&lossy=2&strip=1&webp=1 204w, https:\/\/b3871678.smushcdn.com\/3871678\/wp-content\/uploads\/2020\/09\/Founder-of-AQUAQUICK-2000-henri-de-vries-enschede-01-10-1927.jpg?size=408x328&lossy=2&strip=1&webp=1 408w\" data-sizes=\"auto\" title=\"\" src=\"data:image\/svg+xml;base64,PHN2ZyB3aWR0aD0iMSIgaGVpZ2h0PSIxIiB4bWxucz0iaHR0cDovL3d3dy53My5vcmcvMjAwMC9zdmciPjwvc3ZnPg==\" style=\"--smush-placeholder-width: 800px; --smush-placeholder-aspect-ratio: 800\/644;\" data-original-sizes=\"(max-width: 800px) 100vw, 800px\">\t\t\t\t\t\t\t\t\t\t\t<\/div>\n\t\t\t\t\t<\/div>\n\n\t\t<div class=\"box-text text-center\" >\n\t\t\t<div class=\"box-text-inner\">\n\t\t\t\t\n<h4 style=\"text-align: center;\">Henri de Vries<\/h4>\n<p style=\"text-align: center;\">I\u0161rad\u0117jas ir verslininkas<\/p>\n\t\t\t<\/div>\n\t\t<\/div>\n\t<\/div>\n\t\n<p style=\"text-align: center;\">Verslo \u012fmon\u0119 \"H. de Vries\" apie 1952 m. Ensched\u0117s mieste (Nyderlandai) \u012fk\u016br\u0117 Henri de Vriesas. I\u0161 prad\u017ei\u0173 \u012fmon\u0117 daugiausia d\u0117mesio skyr\u0117 tekstil\u0117s pramonei skirt\u0173 pirn\u0173 remontui.<\/p>\n<p style=\"text-align: center;\">Pirtys, kuri\u0173 nebegalima naudoti ir kurios buvo skirtos utilizuoti, buvo i\u0161lygintos ir padengtos nauju lako sluoksniu. Po to \u0161ie pirnai buvo perparduoti tekstil\u0117s pramonei, tod\u0117l buvo sutaupyta labai daug l\u0117\u0161\u0173 j\u0173 verslo i\u0161laidoms padengti.<\/p>\n\t\t<\/div>\n\t\t\t\t\n<style>\n#col-1022760336 > .col-inner {\n  padding: 16px 16px 0px 16px;\n}\n<\/style>\n\t<\/div>\n\n\t\n<\/div>\n\t\t<\/div>\n\n\t\t\n<style>\n#section_52804493 {\n  padding-top: 30px;\n  padding-bottom: 30px;\n  background-color: rgb(242, 242, 242);\n}\n<\/style>\n\t<\/section>","protected":false},"excerpt":{"rendered":"","protected":false},"author":1,"featured_media":4397,"parent":0,"menu_order":0,"comment_status":"closed","ping_status":"closed","template":"page-blank.php","meta":{"cybocfi_hide_featured_image":"","footnotes":"","_links_to":"","_links_to_target":""},"class_list":["post-4403","page","type-page","status-publish","has-post-thumbnail","hentry"],"_links":{"self":[{"href":"https:\/\/www.aquaquick2000.com\/lt\/wp-json\/wp\/v2\/pages\/4403","targetHints":{"allow":["GET"]}}],"collection":[{"href":"https:\/\/www.aquaquick2000.com\/lt\/wp-json\/wp\/v2\/pages"}],"about":[{"href":"https:\/\/www.aquaquick2000.com\/lt\/wp-json\/wp\/v2\/types\/page"}],"author":[{"embeddable":true,"href":"https:\/\/www.aquaquick2000.com\/lt\/wp-json\/wp\/v2\/users\/1"}],"replies":[{"embeddable":true,"href":"https:\/\/www.aquaquick2000.com\/lt\/wp-json\/wp\/v2\/comments?post=4403"}],"version-history":[{"count":0,"href":"https:\/\/www.aquaquick2000.com\/lt\/wp-json\/wp\/v2\/pages\/4403\/revisions"}],"wp:featuredmedia":[{"embeddable":true,"href":"https:\/\/www.aquaquick2000.com\/lt\/wp-json\/wp\/v2\/media\/4397"}],"wp:attachment":[{"href":"https:\/\/www.aquaquick2000.com\/lt\/wp-json\/wp\/v2\/media?parent=4403"}],"curies":[{"name":"wp","href":"https:\/\/api.w.org\/{rel}","templated":true}]}}