{"id":5707,"date":"2020-10-29T17:21:39","date_gmt":"2020-10-29T17:21:39","guid":{"rendered":"https:\/\/www.aquaquick2000.com\/?page_id=5707"},"modified":"2023-01-27T10:29:49","modified_gmt":"2023-01-27T10:29:49","slug":"ecologix-solutions","status":"publish","type":"page","link":"https:\/\/www.aquaquick2000.com\/lt\/distributors\/ecologix-solutions\/","title":{"rendered":"\"Ecologix\" sprendimai"},"content":{"rendered":"<section class=\"section\" id=\"section_1515729872\">\n\t\t<div class=\"section-bg fill\" >\n\t\t\t<img decoding=\"async\" width=\"1920\" height=\"441\" src=\"https:\/\/b3871678.smushcdn.com\/3871678\/wp-content\/uploads\/2020\/09\/aquaquick-2000-oil-cleaning-waterwave.jpg?lossy=2&strip=1&webp=1\" class=\"bg attachment- size-\" alt=\"\" title=\"\" srcset=\"https:\/\/b3871678.smushcdn.com\/3871678\/wp-content\/uploads\/2020\/09\/aquaquick-2000-oil-cleaning-waterwave.jpg?lossy=2&amp;strip=1&amp;webp=1 1920w, https:\/\/b3871678.smushcdn.com\/3871678\/wp-content\/uploads\/2020\/09\/aquaquick-2000-oil-cleaning-waterwave-510x117.jpg?lossy=2&amp;strip=1&amp;webp=1 510w, https:\/\/b3871678.smushcdn.com\/3871678\/wp-content\/uploads\/2020\/09\/aquaquick-2000-oil-cleaning-waterwave-500x115.jpg?lossy=2&amp;strip=1&amp;webp=1 500w, https:\/\/b3871678.smushcdn.com\/3871678\/wp-content\/uploads\/2020\/09\/aquaquick-2000-oil-cleaning-waterwave-1280x294.jpg?lossy=2&amp;strip=1&amp;webp=1 1280w, https:\/\/b3871678.smushcdn.com\/3871678\/wp-content\/uploads\/2020\/09\/aquaquick-2000-oil-cleaning-waterwave-768x176.jpg?lossy=2&amp;strip=1&amp;webp=1 768w, https:\/\/b3871678.smushcdn.com\/3871678\/wp-content\/uploads\/2020\/09\/aquaquick-2000-oil-cleaning-waterwave-1536x353.jpg?lossy=2&amp;strip=1&amp;webp=1 1536w, https:\/\/b3871678.smushcdn.com\/3871678\/wp-content\/uploads\/2020\/09\/aquaquick-2000-oil-cleaning-waterwave.jpg?size=204x47&amp;lossy=2&amp;strip=1&amp;webp=1 204w, https:\/\/b3871678.smushcdn.com\/3871678\/wp-content\/uploads\/2020\/09\/aquaquick-2000-oil-cleaning-waterwave.jpg?size=408x94&amp;lossy=2&amp;strip=1&amp;webp=1 408w, https:\/\/b3871678.smushcdn.com\/3871678\/wp-content\/uploads\/2020\/09\/aquaquick-2000-oil-cleaning-waterwave.jpg?size=612x141&amp;lossy=2&amp;strip=1&amp;webp=1 612w, https:\/\/b3871678.smushcdn.com\/3871678\/wp-content\/uploads\/2020\/09\/aquaquick-2000-oil-cleaning-waterwave.jpg?size=1020x234&amp;lossy=2&amp;strip=1&amp;webp=1 1020w\" sizes=\"(max-width: 1920px) 100vw, 1920px\">\t\t\t\t\t\t<div class=\"section-bg-overlay absolute fill\"><\/div>\n\t\t\t\n\n\t\t<\/div>\n\n\t\t\n\n\t\t<div class=\"section-content relative\">\n\t\t\t\n\n<div class=\"row row-collapse align-equal\"  id=\"row-914801423\">\n\n\n\t<div id=\"col-207161275\" class=\"col small-12 large-12\"  >\n\t\t\t\t<div class=\"col-inner\"  >\n\t\t\t\n\t\t\t\n\n<p>&nbsp;<\/p>\n<h2 class=\"uppercase\" style=\"text-align: center;\">AQUAQUICK 2000 Malaizijoje ir Filipinuose parduoda \"Eco-logix Solutions<\/h2>\n\n\t\t<\/div>\n\t\t\t\t\t<\/div>\n\n\t\n\n<\/div>\n\n\t\t<\/div>\n\n\t\t\n<style>\n#section_1515729872 {\n  padding-top: 45px;\n  padding-bottom: 45px;\n}\n#section_1515729872 .section-bg-overlay {\n  background-color: rgba(240, 240, 240, 0.64);\n}\n<\/style>\n\t<\/section>\n\t\n\n\t<section class=\"section\" id=\"section_1047444026\">\n\t\t<div class=\"section-bg fill\" >\n\t\t\t\t\t\t\t\t\t<div class=\"section-bg-overlay absolute fill\"><\/div>\n\t\t\t\n\n\t\t<\/div>\n\n\t\t\n\n\t\t<div class=\"section-content relative\">\n\t\t\t\n\n<div class=\"row\"  id=\"row-361431702\">\n\n\n\t<div id=\"col-1331830809\" class=\"col medium-6 small-12 large-6\"  >\n\t\t\t\t<div class=\"col-inner\"  >\n\t\t\t\n\t\t\t\n\n<h3 class=\"widget-title\">AQUAQUICK 2000 platintojas Malaizijoje<\/h3>\n<p>\"Ecologix Solutions\" yra oficiali AQUAQUICK produkt\u0173 atstov\u0117.<br>\"Ecologix Solutions\" turi licencij\u0105 mai\u0161yti ir parduoti AQUAQUICK produktus Malaizijoje, Filipinuose ir Tailande.<br><em><strong>\"Eco-Logix Solutions\" yra patvirtinta \"AQUAQUICK GLOBAL B.V.<\/strong><\/em><\/p>\n<h3>Eco-Logix Solutions kontaktin\u0117 informacija<\/h3>\n<ul>\n<li class=\"bullet-arrow\"><a href=\"https:\/\/www.ecologixsolutions.com\" target=\"_blank\" rel=\"noopener noreferrer\">www.ecologixsolutions.com<\/a><\/li>\n<li class=\"bullet-arrow\">Adresas: 28 auk\u0161tas, 128 beach road, gateway east.<\/li>\n<li class=\"bullet-arrow\">El. pa\u0161to adresas: Enquiry@ecologixsolutions.com<\/li>\n<li class=\"bullet-arrow\">Telefonas: +65 9003 6401<\/li>\n<\/ul>\n<a href=\"https:\/\/www.aquaquick2000.com\/lt\/platintojai\/\" class=\"button primary\">\n\t\t<span>Visi AQUAQUICK 2000 platintojai<\/span>\n\t<\/a>\n\n\n\n\t\t<\/div>\n\t\t\t\t\t<\/div>\n\n\t\n\n\t<div id=\"col-1930520483\" class=\"col medium-6 small-12 large-6\"  >\n\t\t\t\t<div class=\"col-inner\" style=\"background-color:rgb(240, 240, 240);\" >\n\t\t\t\n\t\t\t\n\n<div class=\"accordion\">\n\n\t<div id=\"accordion-2381867872\" class=\"accordion-item\">\n\t\t<a id=\"accordion-2381867872-label\" class=\"accordion-title plain active\" href=\"#accordion-item-aquaquick-2000-in-malaysia\" aria-expanded=\"true\" aria-controls=\"accordion-2381867872-content\">\n\t\t\t<button class=\"toggle\" aria-label=\"Perjungti\"><i class=\"icon-angle-down\" aria-hidden=\"true\"><\/i><\/button>\n\t\t\t<span>AQUAQUICK 2000 Lietuva<\/span>\n\t\t<\/a>\n\t\t<div id=\"accordion-2381867872-content\" class=\"accordion-inner\" style=\"display: block;\" aria-labelledby=\"accordion-2381867872-label\">\n\t\t\t\n\n<p>Nor\u0117dami \u012fsigyti AQUAQUICK 2000 tiesiogiai <strong>Malaizija, Filipinai arba Tailandas<\/strong> galite susisiekti su m\u016bs\u0173 vietiniu platintoju.<\/p>\n<p>\"AQUAQUICK 2000\" galima \u012fsigyti bet kurioje pasaulio \u0161alyje ir tai yra numeris vienas sprendimas naftos i\u0161siliejimams valyti.<\/p>\n\n\t\t<\/div>\n\t<\/div>\n\t\n\t<div id=\"accordion-2719024908\" class=\"accordion-item\">\n\t\t<a id=\"accordion-2719024908-label\" class=\"accordion-title plain\" href=\"#accordion-item-oil-spills-in-malaysia,-philippines-and-thailand\" aria-expanded=\"false\" aria-controls=\"accordion-2719024908-content\">\n\t\t\t<button class=\"toggle\" aria-label=\"Perjungti\"><i class=\"icon-angle-down\" aria-hidden=\"true\"><\/i><\/button>\n\t\t\t<span>Naftos i\u0161siliejimai Malaizijoje, Filipinuose ir Tailande<\/span>\n\t\t<\/a>\n\t\t<div id=\"accordion-2719024908-content\" class=\"accordion-inner\" aria-labelledby=\"accordion-2719024908-label\">\n\t\t\t\n\n<p>Norint nedelsiant i\u0161spr\u0119sti naftos i\u0161siliejimo problem\u0105, geriausia naudoti \"AQUAQUICK 2000\". Jei susid\u016br\u0117te su i\u0161siliejusia nafta <strong>Malaizija, Filipinai arba Tailandas<\/strong> galite susisiekti su <strong>\"Ecologix\" sprendimai<\/strong> u\u017e AQUAQUICK 2000 tiekim\u0105.<\/p>\n\n\t\t<\/div>\n\t<\/div>\n\t\n\t<div id=\"accordion-2840860163\" class=\"accordion-item\">\n\t\t<a id=\"accordion-2840860163-label\" class=\"accordion-title plain\" href=\"#accordion-item-about-ecologix-solutions\" aria-expanded=\"false\" aria-controls=\"accordion-2840860163-content\">\n\t\t\t<button class=\"toggle\" aria-label=\"Perjungti\"><i class=\"icon-angle-down\" aria-hidden=\"true\"><\/i><\/button>\n\t\t\t<span>Apie \"Ecologix Solutions<\/span>\n\t\t<\/a>\n\t\t<div id=\"accordion-2840860163-content\" class=\"accordion-inner\" aria-labelledby=\"accordion-2840860163-label\">\n\t\t\t\n\n<h3>\"Eco-Logix\"<\/h3>\n<ul>\n<li class=\"bullet-arrow\">\"Eco-logix\" buvo \u012fkurta 1995 m., siekiant parduoti ir tiekti aplinkai saugius produktus ir valymo paslaugas Azijos ir Ramiojo vandenyno regione.<\/li>\n<li class=\"bullet-arrow\">Nuo \u012fk\u016brimo prad\u017eios bendrov\u0117 vykd\u0117 vandens valymo in\u017einerijos, prekybos ir ekologi\u0161k\u0173 produkt\u0173 gamybos veikl\u0105.<\/li>\n<li class=\"bullet-arrow\">Neseniai prie \"Eco-logix SApCom\" prijungus \"Eco-logix\" \u012fmoni\u0173 grup\u0119 ir jos platintojus, \"Eco-logix\" tapo pirmaujan\u010dia aplinkos in\u017einerijos srityje visame pasaulyje.<\/li>\n<\/ul>\n<h3>\u012emon\u0117s vizija<\/h3>\n<p>Siekti tapti pirmaujan\u010dia profesionalia organizacija, teikian\u010dia aplinkosaugos vadybos sprendimus ir paslaugas pramon\u0117je:<\/p>\n<ul>\n<li class=\"bullet-arrow\">Teikti auk\u0161\u010diausios vert\u0117s produktus ir paslaugas bei palaikyti ir pl\u0117toti nuoseklius verslo santykius su klientais ir platintojais.<\/li>\n<li class=\"bullet-arrow\">Esame \u012fsipareigoj\u0119 nuolat tobulinti savo technologijas, naujus ir inovatyvius gaminius, technin\u0119 \u012frang\u0105, \u012fg\u016bd\u017eius ir paslaugas, kad gal\u0117tume geriau aptarnauti savo klientus.<\/li>\n<li class=\"bullet-arrow\">Pateikti alternatyv\u0173 \"visapusi\u0161ko valymo sprendim\u0105\" ir \"logi\u0161kus ekologinius sprendimus\".<\/li>\n<\/ul>\n<h3>Verslo misija<\/h3>\n<p>Siekdami \u012fgyvendinti savo verslo vizij\u0105, patvirtinome \u0161ias strategijas:<\/p>\n<ul>\n<li class=\"bullet-arrow\">Pa\u017eangi\u0173 technologij\u0173, kurios leis mums gaminti produktus vietoje, \u012fsigijimas.<\/li>\n<li class=\"bullet-arrow\">Siekti, kad m\u016bs\u0173 aplinkosaugos produktai ir paslaug\u0173 sprendimai u\u017eimt\u0173 pozicijas Pietry\u010di\u0173 Azijos, \u0160iaur\u0117s Azijos, Centrin\u0117s Azijos, Afrikos ir Artim\u0173j\u0173 Ryt\u0173 (P\u012eBT) bei Piet\u0173 Amerikos rinkose.<\/li>\n<li class=\"bullet-arrow\">Siekti veiksmingo ir efektyvaus s\u0105naud\u0173 valdymo teikiant auk\u0161tos kokyb\u0117s produktus ir paslaugas.<\/li>\n<li class=\"bullet-arrow\">Pateikti alternatyvius aplinkai saugius sprendimus \u012fvairi\u0173 pramon\u0117s \u0161ak\u0173 valymo praktikoms.<\/li>\n<li class=\"bullet-arrow\">U\u017etikrinti visi\u0161k\u0105 klient\u0173 pasitenkinim\u0105, atitikti arba vir\u0161yti reikalavimus.<\/li>\n<\/ul>\n\n\t\t<\/div>\n\t<\/div>\n\t\n\n<\/div>\n\t<div class=\"img has-hover x md-x lg-x y md-y lg-y\" id=\"image_826563087\">\n\t\t\t\t\t\t\t\t<div class=\"img-inner dark\" >\n\t\t\t<img decoding=\"async\" width=\"500\" height=\"149\" data-src=\"https:\/\/b3871678.smushcdn.com\/3871678\/wp-content\/uploads\/2020\/09\/AQUAQUICK-2000-DISTRIBUTOR-LOGOS_0003_Eco-logix-logo-green-water-mark.jpg?lossy=2&strip=1&webp=1\" class=\"attachment-large size-large lazyload\" alt=\"\" title=\"\" data-srcset=\"https:\/\/b3871678.smushcdn.com\/3871678\/wp-content\/uploads\/2020\/09\/AQUAQUICK-2000-DISTRIBUTOR-LOGOS_0003_Eco-logix-logo-green-water-mark.jpg?lossy=2&amp;strip=1&amp;webp=1 500w, https:\/\/b3871678.smushcdn.com\/3871678\/wp-content\/uploads\/2020\/09\/AQUAQUICK-2000-DISTRIBUTOR-LOGOS_0003_Eco-logix-logo-green-water-mark.jpg?size=204x61&amp;lossy=2&amp;strip=1&amp;webp=1 204w, https:\/\/b3871678.smushcdn.com\/3871678\/wp-content\/uploads\/2020\/09\/AQUAQUICK-2000-DISTRIBUTOR-LOGOS_0003_Eco-logix-logo-green-water-mark.jpg?size=408x122&amp;lossy=2&amp;strip=1&amp;webp=1 408w\" data-sizes=\"auto\" src=\"data:image\/svg+xml;base64,PHN2ZyB3aWR0aD0iMSIgaGVpZ2h0PSIxIiB4bWxucz0iaHR0cDovL3d3dy53My5vcmcvMjAwMC9zdmciPjwvc3ZnPg==\" style=\"--smush-placeholder-width: 500px; --smush-placeholder-aspect-ratio: 500\/149;\" data-original-sizes=\"(max-width: 500px) 100vw, 500px\">\t\t\t\t\t\t\n\t\t\t\t\t<\/div>\n\t\t\t\t\t\t\t\t\n<style>\n#image_826563087 {\n  width: 100%;\n}\n<\/style>\n\t<\/div>\n\t\n\n\n\t\t<\/div>\n\t\t\t\t\t<\/div>\n\n\t\n\n<\/div>\n\n\t\t<\/div>\n\n\t\t\n<style>\n#section_1047444026 {\n  padding-top: 30px;\n  padding-bottom: 30px;\n  background-color: rgb(255, 255, 255);\n}\n#section_1047444026 .section-bg-overlay {\n  background-color: rgba(240, 240, 240, 0);\n}\n<\/style>\n\t<\/section>","protected":false},"excerpt":{"rendered":"","protected":false},"author":1,"featured_media":5591,"parent":2564,"menu_order":0,"comment_status":"closed","ping_status":"closed","template":"page-blank.php","meta":{"cybocfi_hide_featured_image":"","footnotes":"","_links_to":"","_links_to_target":""},"class_list":["post-5707","page","type-page","status-publish","has-post-thumbnail","hentry"],"_links":{"self":[{"href":"https:\/\/www.aquaquick2000.com\/lt\/wp-json\/wp\/v2\/pages\/5707","targetHints":{"allow":["GET"]}}],"collection":[{"href":"https:\/\/www.aquaquick2000.com\/lt\/wp-json\/wp\/v2\/pages"}],"about":[{"href":"https:\/\/www.aquaquick2000.com\/lt\/wp-json\/wp\/v2\/types\/page"}],"author":[{"embeddable":true,"href":"https:\/\/www.aquaquick2000.com\/lt\/wp-json\/wp\/v2\/users\/1"}],"replies":[{"embeddable":true,"href":"https:\/\/www.aquaquick2000.com\/lt\/wp-json\/wp\/v2\/comments?post=5707"}],"version-history":[{"count":0,"href":"https:\/\/www.aquaquick2000.com\/lt\/wp-json\/wp\/v2\/pages\/5707\/revisions"}],"up":[{"embeddable":true,"href":"https:\/\/www.aquaquick2000.com\/lt\/wp-json\/wp\/v2\/pages\/2564"}],"wp:featuredmedia":[{"embeddable":true,"href":"https:\/\/www.aquaquick2000.com\/lt\/wp-json\/wp\/v2\/media\/5591"}],"wp:attachment":[{"href":"https:\/\/www.aquaquick2000.com\/lt\/wp-json\/wp\/v2\/media?parent=5707"}],"curies":[{"name":"wp","href":"https:\/\/api.w.org\/{rel}","templated":true}]}}