{"id":5715,"date":"2020-10-30T14:24:18","date_gmt":"2020-10-30T14:24:18","guid":{"rendered":"https:\/\/www.aquaquick2000.com\/?page_id=5715"},"modified":"2023-01-27T10:32:05","modified_gmt":"2023-01-27T10:32:05","slug":"satelite-srl","status":"publish","type":"page","link":"https:\/\/www.aquaquick2000.com\/lt\/distributors\/satelite-srl\/","title":{"rendered":"Satelite SRL"},"content":{"rendered":"<section class=\"section\" id=\"section_1071789566\">\n\t\t<div class=\"section-bg fill\" >\n\t\t\t<img decoding=\"async\" width=\"1920\" height=\"441\" src=\"https:\/\/b3871678.smushcdn.com\/3871678\/wp-content\/uploads\/2020\/09\/aquaquick-2000-oil-cleaning-waterwave.jpg?lossy=2&strip=1&webp=1\" class=\"bg attachment- size-\" alt=\"\" title=\"\" srcset=\"https:\/\/b3871678.smushcdn.com\/3871678\/wp-content\/uploads\/2020\/09\/aquaquick-2000-oil-cleaning-waterwave.jpg?lossy=2&amp;strip=1&amp;webp=1 1920w, https:\/\/b3871678.smushcdn.com\/3871678\/wp-content\/uploads\/2020\/09\/aquaquick-2000-oil-cleaning-waterwave-510x117.jpg?lossy=2&amp;strip=1&amp;webp=1 510w, https:\/\/b3871678.smushcdn.com\/3871678\/wp-content\/uploads\/2020\/09\/aquaquick-2000-oil-cleaning-waterwave-500x115.jpg?lossy=2&amp;strip=1&amp;webp=1 500w, https:\/\/b3871678.smushcdn.com\/3871678\/wp-content\/uploads\/2020\/09\/aquaquick-2000-oil-cleaning-waterwave-1280x294.jpg?lossy=2&amp;strip=1&amp;webp=1 1280w, https:\/\/b3871678.smushcdn.com\/3871678\/wp-content\/uploads\/2020\/09\/aquaquick-2000-oil-cleaning-waterwave-768x176.jpg?lossy=2&amp;strip=1&amp;webp=1 768w, https:\/\/b3871678.smushcdn.com\/3871678\/wp-content\/uploads\/2020\/09\/aquaquick-2000-oil-cleaning-waterwave-1536x353.jpg?lossy=2&amp;strip=1&amp;webp=1 1536w, https:\/\/b3871678.smushcdn.com\/3871678\/wp-content\/uploads\/2020\/09\/aquaquick-2000-oil-cleaning-waterwave.jpg?size=204x47&amp;lossy=2&amp;strip=1&amp;webp=1 204w, https:\/\/b3871678.smushcdn.com\/3871678\/wp-content\/uploads\/2020\/09\/aquaquick-2000-oil-cleaning-waterwave.jpg?size=408x94&amp;lossy=2&amp;strip=1&amp;webp=1 408w, https:\/\/b3871678.smushcdn.com\/3871678\/wp-content\/uploads\/2020\/09\/aquaquick-2000-oil-cleaning-waterwave.jpg?size=612x141&amp;lossy=2&amp;strip=1&amp;webp=1 612w, https:\/\/b3871678.smushcdn.com\/3871678\/wp-content\/uploads\/2020\/09\/aquaquick-2000-oil-cleaning-waterwave.jpg?size=1020x234&amp;lossy=2&amp;strip=1&amp;webp=1 1020w\" sizes=\"(max-width: 1920px) 100vw, 1920px\">\t\t\t\t\t\t<div class=\"section-bg-overlay absolute fill\"><\/div>\n\t\t\t\n\n\t\t<\/div>\n\n\t\t\n\n\t\t<div class=\"section-content relative\">\n\t\t\t\n<div class=\"row row-collapse align-equal\"  id=\"row-1742277424\">\n\n\t<div id=\"col-1580380560\" class=\"col small-12 large-12\"  >\n\t\t\t\t<div class=\"col-inner\"  >\n\t\t\t\n\t\t\t\n<h2 class=\"uppercase\" style=\"text-align: center;\">AQUAQUICK 2000 IN \u00a0<b>Bolivija<\/b> PARDUODA \"Satelite SRL<\/h2>\n\t\t<\/div>\n\t\t\t\t\t<\/div>\n\n\t\n<\/div>\n\t\t<\/div>\n\n\t\t\n<style>\n#section_1071789566 {\n  padding-top: 45px;\n  padding-bottom: 45px;\n}\n#section_1071789566 .section-bg-overlay {\n  background-color: rgba(240, 240, 240, 0.64);\n}\n<\/style>\n\t<\/section>\n\t\n\n\t<section class=\"section\" id=\"section_1785793854\">\n\t\t<div class=\"section-bg fill\" >\n\t\t\t\t\t\t\t\t\t<div class=\"section-bg-overlay absolute fill\"><\/div>\n\t\t\t\n\n\t\t<\/div>\n\n\t\t\n\n\t\t<div class=\"section-content relative\">\n\t\t\t\n<div class=\"row\"  id=\"row-1579759376\">\n\n\t<div id=\"col-864019554\" class=\"col medium-6 small-12 large-6\"  >\n\t\t\t\t<div class=\"col-inner\"  >\n\t\t\t\n\t\t\t\n<h3 class=\"widget-title\">AQUAQUICK 2000 platintojas Bolivijoje<\/h3>\n<p>\"Satelite SRL\" yra oficiali \"AQUAQUICK\" produkt\u0173 atstov\u0117.<br \/><em>\"Satelite SRL\" turi licencij\u0105 prekiauti AQUAQUICK produktais Bolivijoje.<br \/><strong>\"Satelite SRL\" yra patvirtinta \"AQUAQUICK GLOBAL B.V.<\/strong><\/em><\/p>\n<h3>Kontaktin\u0117 informacija apie Satelite SRL<\/h3>\n<ul>\n<li class=\"bullet-arrow\"><span style=\"font-size: 90%;\">Kontaktinis asmuo: Benjamin Velasco<\/strong><\/span><\/li>\n<li class=\"bullet-arrow\"><span style=\"font-size: 90%;\">El. pa\u0161to adresas: <strong>Info@Satelitesrl.com<\/strong><\/span><\/li>\n<li class=\"bullet-arrow\"><span style=\"font-size: 90%;\">El. pa\u0161to adresas: <strong>Benjamin.velasco@Satelitesrl.com<\/strong><\/span><\/li>\n<li class=\"bullet-arrow\">Interneto svetain\u0117: <a href=\"http:\/\/www.satelitesrl.net\" target=\"_blank\" rel=\"noopener\">www.satelitesrl.net<\/a><\/li>\n<li class=\"bullet-arrow\">Telefonas: +591 133581771<\/li>\n<li class=\"bullet-arrow\">Telefonas: +591 74163536<\/li>\n<li class=\"bullet-arrow\">Telefonas: +34 650050716<\/li>\n<li class=\"bullet-arrow\"><span style=\"font-size: 90%;\">Adresas: Adresas: Barrio Las Palmas, <br \/>Calle\/Punta Man C\u00e9sped N\u00aa 5 <br \/>SANTA CRUZ-BOLIVIJA<\/strong><\/span><\/li>\n<\/ul>\n<h3>\"Satelite SRL\" yra nei\u0161skirtinis platintojas Bolivijoje<\/h3>\n<a href=\"https:\/\/www.aquaquick2000.com\/lt\/platintojai\/\" class=\"button primary\">\n\t\t<span>Visi AQUAQUICK 2000 platintojai<\/span>\n\t<\/a>\n\n\t\t<\/div>\n\t\t\t\t\t<\/div>\n\n\t\n\n\t<div id=\"col-568692892\" class=\"col medium-6 small-12 large-6\"  >\n\t\t\t\t<div class=\"col-inner\" style=\"background-color:rgb(240, 240, 240);\" >\n\t\t\t\n\t\t\t\n<div class=\"accordion\">\n\t<div id=\"accordion-1338084193\" class=\"accordion-item\">\n\t\t<a id=\"accordion-1338084193-label\" class=\"accordion-title plain active\" href=\"#accordion-item-aquaquick-2000-in-%20bolivia\" aria-expanded=\"true\" aria-controls=\"accordion-1338084193-content\">\n\t\t\t<button class=\"toggle\" aria-label=\"Perjungti\"><i class=\"icon-angle-down\" aria-hidden=\"true\"><\/i><\/button>\n\t\t\t<span>AQUAQUICK 2000 Bolivijoje<\/span>\n\t\t<\/a>\n\t\t<div id=\"accordion-1338084193-content\" class=\"accordion-inner\" style=\"display: block;\" aria-labelledby=\"accordion-1338084193-label\">\n\t\t\t\n<p>Nor\u0117dami \u012fsigyti \"AQUAQUICK 2000\" tiesiogiai Bolivijoje, galite kreiptis \u012f m\u016bs\u0173 vietin\u012f platintoj\u0105 \"Satelite SRL\".<\/p>\n<p>\"AQUAQUICK 2000\" galima \u012fsigyti bet kurioje pasaulio \u0161alyje ir tai yra numeris vienas sprendimas naftos i\u0161siliejimams valyti.<\/p>\n\t\t<\/div>\n\t<\/div>\n\t\n\t<div id=\"accordion-267510827\" class=\"accordion-item\">\n\t\t<a id=\"accordion-267510827-label\" class=\"accordion-title plain\" href=\"#accordion-item-oil-spills-in-%20bolivia\" aria-expanded=\"false\" aria-controls=\"accordion-267510827-content\">\n\t\t\t<button class=\"toggle\" aria-label=\"Perjungti\"><i class=\"icon-angle-down\" aria-hidden=\"true\"><\/i><\/button>\n\t\t\t<span>Naftos i\u0161siliejimai Bolivijoje<\/span>\n\t\t<\/a>\n\t\t<div id=\"accordion-267510827-content\" class=\"accordion-inner\" aria-labelledby=\"accordion-267510827-label\">\n\t\t\t\n<p>Norint nedelsiant i\u0161spr\u0119sti naftos i\u0161siliejimo problem\u0105, geriausia naudoti \"AQUAQUICK 2000\". Jei Bolivijoje susid\u016br\u0117te su naftos i\u0161siliejimu, galite kreiptis \u012f \"Satelite SRL\" d\u0117l AQUAQUICK 2000 tiekimo.<\/p>\n\t\t<\/div>\n\t<\/div>\n\t\n\t<div id=\"accordion-2104189196\" class=\"accordion-item\">\n\t\t<a id=\"accordion-2104189196-label\" class=\"accordion-title plain\" href=\"#accordion-item-about-satelite-srl\" aria-expanded=\"false\" aria-controls=\"accordion-2104189196-content\">\n\t\t\t<button class=\"toggle\" aria-label=\"Perjungti\"><i class=\"icon-angle-down\" aria-hidden=\"true\"><\/i><\/button>\n\t\t\t<span>Apie Satelite SRL<\/span>\n\t\t<\/a>\n\t\t<div id=\"accordion-2104189196-content\" class=\"accordion-inner\" aria-labelledby=\"accordion-2104189196-label\">\n\t\t\t\n<p>\"Satelite SRL\" yra organizacija, kuri daugiausia d\u0117mesio skiria biologi\u0161kai skaid\u017ei\u0173 produkt\u0173 importui ir eksportui, ypa\u010d pramoninio valymo ir higienos produkt\u0173 segmente. Be vietin\u0117s \u0161i\u0173 produkt\u0173 rinkodaros, \"Satelite SRL\" yra tvirtai \u012fsipareigojusi platinti \u0161iuos produktus.<\/p>\n<p>Tie, kurie perka produktus i\u0161 \"Satelite SRL\", gali b\u016bti garantuoti, kad gaus technin\u0119 pagalb\u0105 visose susijusiose srityse: \"Satelite SRL\", kurios tikslas - skatinti produkt\u0173 pri\u0117mim\u0105 Bolivijoje, yra orientuota \u012f \u0161iuos sektorius: technologij\u0173, \u017eem\u0117s \u016bkio, technin\u0117s prie\u017ei\u016bros, pagalbos ar konsultavimo.<\/p>\n\t\t<\/div>\n\t<\/div>\n\t\n<\/div>\n\t<div class=\"img has-hover x md-x lg-x y md-y lg-y\" id=\"image_688426911\">\n\t\t\t\t\t\t\t\t<div class=\"img-inner dark\" >\n\t\t\t<img decoding=\"async\" width=\"900\" height=\"500\" data-src=\"https:\/\/b3871678.smushcdn.com\/3871678\/wp-content\/uploads\/2022\/01\/DISTRIBUTOR-OF-AQUAQUICK-2000-1.png?lossy=2&strip=1&webp=1\" class=\"attachment-large size-large lazyload\" alt=\"\" data-srcset=\"https:\/\/b3871678.smushcdn.com\/3871678\/wp-content\/uploads\/2022\/01\/DISTRIBUTOR-OF-AQUAQUICK-2000-1.png?lossy=2&strip=1&webp=1 900w, https:\/\/b3871678.smushcdn.com\/3871678\/wp-content\/uploads\/2022\/01\/DISTRIBUTOR-OF-AQUAQUICK-2000-1-510x283.png?lossy=2&strip=1&webp=1 510w, https:\/\/b3871678.smushcdn.com\/3871678\/wp-content\/uploads\/2022\/01\/DISTRIBUTOR-OF-AQUAQUICK-2000-1-500x278.png?lossy=2&strip=1&webp=1 500w, https:\/\/b3871678.smushcdn.com\/3871678\/wp-content\/uploads\/2022\/01\/DISTRIBUTOR-OF-AQUAQUICK-2000-1-768x427.png?lossy=2&strip=1&webp=1 768w, https:\/\/b3871678.smushcdn.com\/3871678\/wp-content\/uploads\/2022\/01\/DISTRIBUTOR-OF-AQUAQUICK-2000-1.png?size=204x113&lossy=2&strip=1&webp=1 204w, https:\/\/b3871678.smushcdn.com\/3871678\/wp-content\/uploads\/2022\/01\/DISTRIBUTOR-OF-AQUAQUICK-2000-1.png?size=408x227&lossy=2&strip=1&webp=1 408w, https:\/\/b3871678.smushcdn.com\/3871678\/wp-content\/uploads\/2022\/01\/DISTRIBUTOR-OF-AQUAQUICK-2000-1.png?size=612x340&lossy=2&strip=1&webp=1 612w\" data-sizes=\"auto\" title=\"\" src=\"data:image\/svg+xml;base64,PHN2ZyB3aWR0aD0iMSIgaGVpZ2h0PSIxIiB4bWxucz0iaHR0cDovL3d3dy53My5vcmcvMjAwMC9zdmciPjwvc3ZnPg==\" style=\"--smush-placeholder-width: 900px; --smush-placeholder-aspect-ratio: 900\/500;\" data-original-sizes=\"(max-width: 900px) 100vw, 900px\">\t\t\t\t\t\t\n\t\t\t\t\t<\/div>\n\t\t\t\t\t\t\t\t\n<style>\n#image_688426911 {\n  width: 100%;\n}\n<\/style>\n\t<\/div>\n\t\n\t\t<\/div>\n\t\t\t\t\t<\/div>\n\n\t\n<\/div>\n\t\t<\/div>\n\n\t\t\n<style>\n#section_1785793854 {\n  padding-top: 30px;\n  padding-bottom: 30px;\n  background-color: rgb(255, 255, 255);\n}\n#section_1785793854 .section-bg-overlay {\n  background-color: rgba(240, 240, 240, 0);\n}\n<\/style>\n\t<\/section>","protected":false},"excerpt":{"rendered":"","protected":false},"author":1,"featured_media":9138,"parent":2564,"menu_order":0,"comment_status":"closed","ping_status":"closed","template":"page-blank.php","meta":{"cybocfi_hide_featured_image":"","footnotes":"","_links_to":"","_links_to_target":""},"class_list":["post-5715","page","type-page","status-publish","has-post-thumbnail","hentry"],"_links":{"self":[{"href":"https:\/\/www.aquaquick2000.com\/lt\/wp-json\/wp\/v2\/pages\/5715","targetHints":{"allow":["GET"]}}],"collection":[{"href":"https:\/\/www.aquaquick2000.com\/lt\/wp-json\/wp\/v2\/pages"}],"about":[{"href":"https:\/\/www.aquaquick2000.com\/lt\/wp-json\/wp\/v2\/types\/page"}],"author":[{"embeddable":true,"href":"https:\/\/www.aquaquick2000.com\/lt\/wp-json\/wp\/v2\/users\/1"}],"replies":[{"embeddable":true,"href":"https:\/\/www.aquaquick2000.com\/lt\/wp-json\/wp\/v2\/comments?post=5715"}],"version-history":[{"count":0,"href":"https:\/\/www.aquaquick2000.com\/lt\/wp-json\/wp\/v2\/pages\/5715\/revisions"}],"up":[{"embeddable":true,"href":"https:\/\/www.aquaquick2000.com\/lt\/wp-json\/wp\/v2\/pages\/2564"}],"wp:featuredmedia":[{"embeddable":true,"href":"https:\/\/www.aquaquick2000.com\/lt\/wp-json\/wp\/v2\/media\/9138"}],"wp:attachment":[{"href":"https:\/\/www.aquaquick2000.com\/lt\/wp-json\/wp\/v2\/media?parent=5715"}],"curies":[{"name":"wp","href":"https:\/\/api.w.org\/{rel}","templated":true}]}}