{"id":5746,"date":"2020-11-03T11:35:52","date_gmt":"2020-11-03T11:35:52","guid":{"rendered":"https:\/\/www.aquaquick2000.com\/?page_id=5746"},"modified":"2023-01-27T10:32:28","modified_gmt":"2023-01-27T10:32:28","slug":"sorb-chem","status":"publish","type":"page","link":"https:\/\/www.aquaquick2000.com\/lt\/distributors\/sorb-chem\/","title":{"rendered":"Sorb Chem"},"content":{"rendered":"<section class=\"section\" id=\"section_1368635848\">\n\t\t<div class=\"section-bg fill\" >\n\t\t\t<img decoding=\"async\" width=\"1920\" height=\"441\" src=\"https:\/\/b3871678.smushcdn.com\/3871678\/wp-content\/uploads\/2020\/09\/aquaquick-2000-oil-cleaning-waterwave.jpg?lossy=2&strip=1&webp=1\" class=\"bg attachment- size-\" alt=\"\" title=\"\" srcset=\"https:\/\/b3871678.smushcdn.com\/3871678\/wp-content\/uploads\/2020\/09\/aquaquick-2000-oil-cleaning-waterwave.jpg?lossy=2&amp;strip=1&amp;webp=1 1920w, https:\/\/b3871678.smushcdn.com\/3871678\/wp-content\/uploads\/2020\/09\/aquaquick-2000-oil-cleaning-waterwave-510x117.jpg?lossy=2&amp;strip=1&amp;webp=1 510w, https:\/\/b3871678.smushcdn.com\/3871678\/wp-content\/uploads\/2020\/09\/aquaquick-2000-oil-cleaning-waterwave-500x115.jpg?lossy=2&amp;strip=1&amp;webp=1 500w, https:\/\/b3871678.smushcdn.com\/3871678\/wp-content\/uploads\/2020\/09\/aquaquick-2000-oil-cleaning-waterwave-1280x294.jpg?lossy=2&amp;strip=1&amp;webp=1 1280w, https:\/\/b3871678.smushcdn.com\/3871678\/wp-content\/uploads\/2020\/09\/aquaquick-2000-oil-cleaning-waterwave-768x176.jpg?lossy=2&amp;strip=1&amp;webp=1 768w, https:\/\/b3871678.smushcdn.com\/3871678\/wp-content\/uploads\/2020\/09\/aquaquick-2000-oil-cleaning-waterwave-1536x353.jpg?lossy=2&amp;strip=1&amp;webp=1 1536w, https:\/\/b3871678.smushcdn.com\/3871678\/wp-content\/uploads\/2020\/09\/aquaquick-2000-oil-cleaning-waterwave.jpg?size=204x47&amp;lossy=2&amp;strip=1&amp;webp=1 204w, https:\/\/b3871678.smushcdn.com\/3871678\/wp-content\/uploads\/2020\/09\/aquaquick-2000-oil-cleaning-waterwave.jpg?size=408x94&amp;lossy=2&amp;strip=1&amp;webp=1 408w, https:\/\/b3871678.smushcdn.com\/3871678\/wp-content\/uploads\/2020\/09\/aquaquick-2000-oil-cleaning-waterwave.jpg?size=612x141&amp;lossy=2&amp;strip=1&amp;webp=1 612w, https:\/\/b3871678.smushcdn.com\/3871678\/wp-content\/uploads\/2020\/09\/aquaquick-2000-oil-cleaning-waterwave.jpg?size=1020x234&amp;lossy=2&amp;strip=1&amp;webp=1 1020w\" sizes=\"(max-width: 1920px) 100vw, 1920px\">\t\t\t\t\t\t<div class=\"section-bg-overlay absolute fill\"><\/div>\n\t\t\t\n\n\t\t<\/div>\n\n\t\t\n\n\t\t<div class=\"section-content relative\">\n\t\t\t\n\n<div class=\"row row-collapse align-equal\"  id=\"row-382357907\">\n\n\n\t<div id=\"col-26929150\" class=\"col small-12 large-12\"  >\n\t\t\t\t<div class=\"col-inner\"  >\n\t\t\t\n\t\t\t\n\n<h2 class=\"uppercase\" style=\"text-align: center;\">AQUAQUICK 2000 Lietuvoje PARDUODA \"Sorb Chem<\/h2>\n\n\t\t<\/div>\n\t\t\t\t\t<\/div>\n\n\t\n\n<\/div>\n\n\t\t<\/div>\n\n\t\t\n<style>\n#section_1368635848 {\n  padding-top: 45px;\n  padding-bottom: 45px;\n}\n#section_1368635848 .section-bg-overlay {\n  background-color: rgba(240, 240, 240, 0.64);\n}\n<\/style>\n\t<\/section>\n\t\n\n\t<section class=\"section\" id=\"section_448992602\">\n\t\t<div class=\"section-bg fill\" >\n\t\t\t\t\t\t\t\t\t<div class=\"section-bg-overlay absolute fill\"><\/div>\n\t\t\t\n\n\t\t<\/div>\n\n\t\t\n\n\t\t<div class=\"section-content relative\">\n\t\t\t\n\n<div class=\"row\"  id=\"row-257474095\">\n\n\n\t<div id=\"col-2010150277\" class=\"col medium-6 small-12 large-6\"  >\n\t\t\t\t<div class=\"col-inner\"  >\n\t\t\t\n\t\t\t\n\n<h3 class=\"widget-title\">AQUAQUICK 2000 platintojas Lietuvoje<\/h3>\n<p class=\"widget-title\">UAB \"SORB CHEM\" atstovauja visai eilei Europos gamintoj\u0173, kurie gamina darbo vietas ir tausoja aplink\u0105. UAB SORB CHEM si\u016blo plat\u0173 paslaug\u0173 spektr\u0105. <\/p>\n<p>\"Sorb Chem\" turi licencij\u0105 prekiauti AQUAQUICK produktais Lietuvoje.<br><em><strong>\"Sorb Chem\" patvirtino \"AQUAQUICK GLOBAL B.V.<\/strong><\/em><\/p>\n<h3>Kontaktin\u0117 informacija apie Sorb Chem<\/h3>\n<p>Darius Vaisnora<\/p>\n<ul>\n<li class=\"bullet-arrow\">Adresas: Titnago g. 12, LT-02300 Vilnius<\/li>\n<li class=\"bullet-arrow\">El. pa\u0161tas:<a href=\"mailto:info@sorbchem.lt\">info@sorbchem.lt<\/a><\/li>\n<li class=\"bullet-arrow\">\u012emon\u0117s telefonas ir faksas: +370 5 265 3281&nbsp;<\/li>\n<li class=\"bullet-arrow\">Alternatyvus telefono numeris 1. +370 690 96 265<\/li>\n<li class=\"bullet-arrow\">Alternatyvus telefono numeris 2. +370 650 38 090<\/li>\n<\/ul>\n<h3>\"Sorb Chem\" yra nei\u0161skirtinis platintojas Lietuvoje<\/h3>\n<a href=\"https:\/\/www.aquaquick2000.com\/lt\/platintojai\/\" class=\"button primary\" >\n\t\t<span>Visi AQUAQUICK 2000 platintojai<\/span>\n\t<\/a>\n\n\n\n\t\t<\/div>\n\t\t\t\t\t<\/div>\n\n\t\n\n\t<div id=\"col-708026\" class=\"col medium-6 small-12 large-6\"  >\n\t\t\t\t<div class=\"col-inner\" style=\"background-color:rgb(240, 240, 240);\" >\n\t\t\t\n\t\t\t\n\n<div class=\"accordion\">\n\n\t<div id=\"accordion-464186314\" class=\"accordion-item\">\n\t\t<a id=\"accordion-464186314-label\" class=\"accordion-title plain active\" href=\"#accordion-item-aquaquick-2000-in-lithuania\" aria-expanded=\"true\" aria-controls=\"accordion-464186314-content\">\n\t\t\t<button class=\"toggle\" aria-label=\"Perjungti\"><i class=\"icon-angle-down\" aria-hidden=\"true\"><\/i><\/button>\n\t\t\t<span>AQUAQUICK 2000 Lietuvoje<\/span>\n\t\t<\/a>\n\t\t<div id=\"accordion-464186314-content\" class=\"accordion-inner\" style=\"display: block;\" aria-labelledby=\"accordion-464186314-label\">\n\t\t\t\n\n<p>Nor\u0117dami \u012fsigyti AQUAQUICK 2000 tiesiogiai <b>Lietuva<\/b> galite susisiekti su m\u016bs\u0173 vietiniu platintoju <strong>Sorb Chem<\/strong>.<\/p>\n<p>\"AQUAQUICK 2000\" galima \u012fsigyti bet kurioje pasaulio \u0161alyje ir tai yra numeris vienas sprendimas naftos i\u0161siliejimams valyti.<\/p>\n\n\t\t<\/div>\n\t<\/div>\n\t\n\t<div id=\"accordion-1536772520\" class=\"accordion-item\">\n\t\t<a id=\"accordion-1536772520-label\" class=\"accordion-title plain\" href=\"#accordion-item-oil-spills-in-lithuania\" aria-expanded=\"false\" aria-controls=\"accordion-1536772520-content\">\n\t\t\t<button class=\"toggle\" aria-label=\"Perjungti\"><i class=\"icon-angle-down\" aria-hidden=\"true\"><\/i><\/button>\n\t\t\t<span>Naftos i\u0161siliejimai Lietuvoje<\/span>\n\t\t<\/a>\n\t\t<div id=\"accordion-1536772520-content\" class=\"accordion-inner\" aria-labelledby=\"accordion-1536772520-label\">\n\t\t\t\n\n<p>Norint nedelsiant i\u0161spr\u0119sti naftos i\u0161siliejimo problem\u0105, geriausia naudoti \"AQUAQUICK 2000\". Jei susid\u016br\u0117te su i\u0161siliejusia nafta <strong>Lietuva<\/strong> galite susisiekti su <strong>Sorb Chem<\/strong> u\u017e AQUAQUICK 2000 tiekim\u0105.<\/p>\n\n\t\t<\/div>\n\t<\/div>\n\t\n\t<div id=\"accordion-1346139896\" class=\"accordion-item\">\n\t\t<a id=\"accordion-1346139896-label\" class=\"accordion-title plain\" href=\"#accordion-item-about-sorb-chem\" aria-expanded=\"false\" aria-controls=\"accordion-1346139896-content\">\n\t\t\t<button class=\"toggle\" aria-label=\"Perjungti\"><i class=\"icon-angle-down\" aria-hidden=\"true\"><\/i><\/button>\n\t\t\t<span>Apie \"Sorb Chem<\/span>\n\t\t<\/a>\n\t\t<div id=\"accordion-1346139896-content\" class=\"accordion-inner\" aria-labelledby=\"accordion-1346139896-label\">\n\t\t\t\n\n<h3>Apie UAB \"Sorb Chem<\/h3>\n<p>UAB \"SORB CHEM\" atstovauja daugeliui Europos gamintoj\u0173, kuri\u0173 gaminiai skirti darbo viet\u0173 ir aplinkos apsaugai, ekologini\u0173 avarij\u0173 likvidavimui.<\/p>\n<ul>\n<li class=\"bullet-arrow\">Vandens sausinimo ir mink\u0161tinimo \u012frenginiai.<\/li>\n<li class=\"bullet-arrow\">Demineralizuoto ir dejonizuoto vandens ruo\u0161imo prietaisai ir sistemos.<\/li>\n<li class=\"bullet-arrow\">Laboratorij\u0173 ir aplinkos apsaugos prietaisai.<\/li>\n<li class=\"bullet-arrow\">Vandens, naudojamo akumuliatoriams, lyginimui, garinimui, au\u0161inimo tirpal\u0173 ruo\u0161imui, Euro 5 naudojam\u0173 tirpal\u0173 (adblue) ruo\u0161imui, gamybos aparatai ir sistemos.<\/li>\n<li class=\"bullet-arrow\">Siurbliai atspar\u016bs chemin\u0117ms med\u017eiagoms.<\/li>\n<li class=\"bullet-arrow\">Siurbliai su magnetin\u0117mis jungtimis.<\/li>\n<li class=\"bullet-arrow\">Galvanini\u0173 tirpal\u0173 filtravimo aparatai ir sistemos.<\/li>\n<li class=\"bullet-arrow\">\u012evairios skys\u010dius sugerian\u010dios, sorbentus sugerian\u010dios med\u017eiagos.<\/li>\n<li class=\"bullet-arrow\">Tik priemon\u0117s ir med\u017eiagos, skirtos naftos produktams sugerti ir absorbuoti.<\/li>\n<li class=\"bullet-arrow\">Agresyvi\u0173, koncentruot\u0173 chemini\u0173 med\u017eiag\u0173 absorbentai.<\/li>\n<li class=\"bullet-arrow\">Absorbentai, skirti sausumos ir vandens transportui skirtiems ADR rinkiniams surinkti.<\/li>\n<li class=\"bullet-arrow\">Priemon\u0117s ir med\u017eiagos, skirtos i\u0161siliejusiems skys\u010diams surinkti ir darbo vietoms palaikyti \u0161var\u0105.<\/li>\n<li class=\"bullet-arrow\">Ekologi\u0161kas naftos produkt\u0173 ploviklis - skaldytuvas \"AQUAQUICK2000\" - skirtas naftos ir kit\u0173 riebi\u0173 produkt\u0173 skaidymui ir valymui nuo \u012fvairi\u0173 pavir\u0161i\u0173 bei vandens.<\/li>\n<li class=\"bullet-arrow\">\u012evairi\u0173 tirpal\u0173 filtravimo med\u017eiagos.<\/li>\n<li class=\"bullet-arrow\">Vamzdyn\u0173 sandarinimo ir blokavimo priemon\u0117s.<\/li>\n<li class=\"bullet-arrow\">Oro pagalv\u0117s - skirtos \u012fvairiems sunkiems kroviniams kelti.<\/li>\n<li class=\"bullet-arrow\">Lipn\u016bs kilim\u0117liai ypa\u010d \u0161varioms patalpoms - antibakteriniai, antistatiniai.<\/li>\n<li class=\"bullet-arrow\">Gaminiai i\u0161 polipropileno: nesk\u0119stantys - pl\u016bd\u0117s ir kitos virv\u0117s, \u012fvair\u016bs tinklai.<\/li>\n<li class=\"bullet-arrow\">Vandens filtrai, vandens valymo sistemos.<\/li>\n<\/ul>\n\n\t\t<\/div>\n\t<\/div>\n\t\n\n<\/div>\n\t<div class=\"img has-hover x md-x lg-x y md-y lg-y\" id=\"image_751903175\">\n\t\t\t\t\t\t\t\t<div class=\"img-inner dark\" >\n\t\t\t<img decoding=\"async\" width=\"500\" height=\"149\" data-src=\"https:\/\/b3871678.smushcdn.com\/3871678\/wp-content\/uploads\/2020\/09\/AQUAQUICK-2000-DISTRIBUTOR-LOGOS_0000_sorb-chem-aquaquick2000.jpg?lossy=2&strip=1&webp=1\" class=\"attachment-large size-large lazyload\" alt=\"\" title=\"\" data-srcset=\"https:\/\/b3871678.smushcdn.com\/3871678\/wp-content\/uploads\/2020\/09\/AQUAQUICK-2000-DISTRIBUTOR-LOGOS_0000_sorb-chem-aquaquick2000.jpg?lossy=2&amp;strip=1&amp;webp=1 500w, https:\/\/b3871678.smushcdn.com\/3871678\/wp-content\/uploads\/2020\/09\/AQUAQUICK-2000-DISTRIBUTOR-LOGOS_0000_sorb-chem-aquaquick2000.jpg?size=204x61&amp;lossy=2&amp;strip=1&amp;webp=1 204w, https:\/\/b3871678.smushcdn.com\/3871678\/wp-content\/uploads\/2020\/09\/AQUAQUICK-2000-DISTRIBUTOR-LOGOS_0000_sorb-chem-aquaquick2000.jpg?size=408x122&amp;lossy=2&amp;strip=1&amp;webp=1 408w\" data-sizes=\"auto\" src=\"data:image\/svg+xml;base64,PHN2ZyB3aWR0aD0iMSIgaGVpZ2h0PSIxIiB4bWxucz0iaHR0cDovL3d3dy53My5vcmcvMjAwMC9zdmciPjwvc3ZnPg==\" style=\"--smush-placeholder-width: 500px; --smush-placeholder-aspect-ratio: 500\/149;\" data-original-sizes=\"(max-width: 500px) 100vw, 500px\">\t\t\t\t\t\t\n\t\t\t\t\t<\/div>\n\t\t\t\t\t\t\t\t\n<style>\n#image_751903175 {\n  width: 100%;\n}\n<\/style>\n\t<\/div>\n\t\n\n\n\t\t<\/div>\n\t\t\t\t\t<\/div>\n\n\t\n\n<\/div>\n\n\t\t<\/div>\n\n\t\t\n<style>\n#section_448992602 {\n  padding-top: 30px;\n  padding-bottom: 30px;\n  background-color: rgb(255, 255, 255);\n}\n#section_448992602 .section-bg-overlay {\n  background-color: rgba(240, 240, 240, 0);\n}\n<\/style>\n\t<\/section>","protected":false},"excerpt":{"rendered":"","protected":false},"author":1,"featured_media":5587,"parent":2564,"menu_order":0,"comment_status":"closed","ping_status":"closed","template":"page-blank.php","meta":{"cybocfi_hide_featured_image":"","footnotes":"","_links_to":"","_links_to_target":""},"class_list":["post-5746","page","type-page","status-publish","has-post-thumbnail","hentry"],"_links":{"self":[{"href":"https:\/\/www.aquaquick2000.com\/lt\/wp-json\/wp\/v2\/pages\/5746","targetHints":{"allow":["GET"]}}],"collection":[{"href":"https:\/\/www.aquaquick2000.com\/lt\/wp-json\/wp\/v2\/pages"}],"about":[{"href":"https:\/\/www.aquaquick2000.com\/lt\/wp-json\/wp\/v2\/types\/page"}],"author":[{"embeddable":true,"href":"https:\/\/www.aquaquick2000.com\/lt\/wp-json\/wp\/v2\/users\/1"}],"replies":[{"embeddable":true,"href":"https:\/\/www.aquaquick2000.com\/lt\/wp-json\/wp\/v2\/comments?post=5746"}],"version-history":[{"count":0,"href":"https:\/\/www.aquaquick2000.com\/lt\/wp-json\/wp\/v2\/pages\/5746\/revisions"}],"up":[{"embeddable":true,"href":"https:\/\/www.aquaquick2000.com\/lt\/wp-json\/wp\/v2\/pages\/2564"}],"wp:featuredmedia":[{"embeddable":true,"href":"https:\/\/www.aquaquick2000.com\/lt\/wp-json\/wp\/v2\/media\/5587"}],"wp:attachment":[{"href":"https:\/\/www.aquaquick2000.com\/lt\/wp-json\/wp\/v2\/media?parent=5746"}],"curies":[{"name":"wp","href":"https:\/\/api.w.org\/{rel}","templated":true}]}}