{"id":8658,"date":"2020-11-20T17:16:29","date_gmt":"2020-11-20T17:16:29","guid":{"rendered":"https:\/\/www.aquaquick2000.com\/?page_id=8658"},"modified":"2023-01-27T10:33:58","modified_gmt":"2023-01-27T10:33:58","slug":"kainorastis","status":"publish","type":"page","link":"https:\/\/www.aquaquick2000.com\/lt\/price-list\/","title":{"rendered":"Learn more about the Price"},"content":{"rendered":"<section class=\"section\" id=\"section_683675236\">\n\t\t<div class=\"section-bg fill\" >\n\t\t\t<img decoding=\"async\" width=\"1920\" height=\"441\" src=\"https:\/\/b3871678.smushcdn.com\/3871678\/wp-content\/uploads\/2020\/09\/aquaquick-2000-oil-cleaning-waterwave.jpg?lossy=2&strip=1&webp=1\" class=\"bg attachment- size-\" alt=\"\" title=\"\" srcset=\"https:\/\/b3871678.smushcdn.com\/3871678\/wp-content\/uploads\/2020\/09\/aquaquick-2000-oil-cleaning-waterwave.jpg?lossy=2&amp;strip=1&amp;webp=1 1920w, https:\/\/b3871678.smushcdn.com\/3871678\/wp-content\/uploads\/2020\/09\/aquaquick-2000-oil-cleaning-waterwave-510x117.jpg?lossy=2&amp;strip=1&amp;webp=1 510w, https:\/\/b3871678.smushcdn.com\/3871678\/wp-content\/uploads\/2020\/09\/aquaquick-2000-oil-cleaning-waterwave-500x115.jpg?lossy=2&amp;strip=1&amp;webp=1 500w, https:\/\/b3871678.smushcdn.com\/3871678\/wp-content\/uploads\/2020\/09\/aquaquick-2000-oil-cleaning-waterwave-1280x294.jpg?lossy=2&amp;strip=1&amp;webp=1 1280w, https:\/\/b3871678.smushcdn.com\/3871678\/wp-content\/uploads\/2020\/09\/aquaquick-2000-oil-cleaning-waterwave-768x176.jpg?lossy=2&amp;strip=1&amp;webp=1 768w, https:\/\/b3871678.smushcdn.com\/3871678\/wp-content\/uploads\/2020\/09\/aquaquick-2000-oil-cleaning-waterwave-1536x353.jpg?lossy=2&amp;strip=1&amp;webp=1 1536w, https:\/\/b3871678.smushcdn.com\/3871678\/wp-content\/uploads\/2020\/09\/aquaquick-2000-oil-cleaning-waterwave.jpg?size=204x47&amp;lossy=2&amp;strip=1&amp;webp=1 204w, https:\/\/b3871678.smushcdn.com\/3871678\/wp-content\/uploads\/2020\/09\/aquaquick-2000-oil-cleaning-waterwave.jpg?size=408x94&amp;lossy=2&amp;strip=1&amp;webp=1 408w, https:\/\/b3871678.smushcdn.com\/3871678\/wp-content\/uploads\/2020\/09\/aquaquick-2000-oil-cleaning-waterwave.jpg?size=612x141&amp;lossy=2&amp;strip=1&amp;webp=1 612w, https:\/\/b3871678.smushcdn.com\/3871678\/wp-content\/uploads\/2020\/09\/aquaquick-2000-oil-cleaning-waterwave.jpg?size=1020x234&amp;lossy=2&amp;strip=1&amp;webp=1 1020w\" sizes=\"(max-width: 1920px) 100vw, 1920px\">\t\t\t\t\t\t<div class=\"section-bg-overlay absolute fill\"><\/div>\n\t\t\t\n\n\t\t<\/div>\n\n\t\t\n\n\t\t<div class=\"section-content relative\">\n\t\t\t\n\n<div class=\"row align-middle\"  id=\"row-1508225207\">\n\n\n\t<div id=\"col-1931908468\" class=\"col medium-9 small-12 large-9\"  >\n\t\t\t\t<div class=\"col-inner\"  >\n\t\t\t\n\t\t\t\n\n<h1>Su\u017einokite daugiau apie AQUAQUICK 2000 kain\u0105<\/h1>\n\n\t\t<\/div>\n\t\t\t\t\t<\/div>\n\n\t\n\n\t<div id=\"col-149400975\" class=\"col medium-3 small-12 large-3\"  >\n\t\t\t\t<div class=\"col-inner\"  >\n\t\t\t\n\t\t\t\n\n<a href=\"https:\/\/www.aquaquick2000.com\/lt\/susisiekite-su-mumis\/\" class=\"button primary\" >\n\t\t<span>Kainora\u0161tis PRA\u0160YMAS<\/span>\n\t<i class=\"icon-envelop\" aria-hidden=\"true\"><\/i><\/a>\n\n\n\n\t\t<\/div>\n\t\t\t\t\t<\/div>\n\n\t\n\n<\/div>\n\n\t\t<\/div>\n\n\t\t\n<style>\n#section_683675236 {\n  padding-top: 0px;\n  padding-bottom: 0px;\n  min-height: 160px;\n}\n#section_683675236 .section-bg-overlay {\n  background-color: rgba(255, 255, 255, 0.59);\n}\n<\/style>\n\t<\/section>\n\t\n\n\t<section class=\"section\" id=\"section_1576447133\">\n\t\t<div class=\"section-bg fill\" >\n\t\t\t\t\t\t\t\t\t\n\t\t\t\n\n\t\t<\/div>\n\n\t\t\n\n\t\t<div class=\"section-content relative\">\n\t\t\t\n\n<div class=\"row\"  id=\"row-973513859\">\n\n\n\t<div id=\"col-1875326008\" class=\"col medium-6 small-12 large-6\"  >\n\t\t\t\t<div class=\"col-inner\"  >\n\t\t\t\n\t\t\t\n\n<h2>Kokia yra AQUAQUICK 2000 kaina<\/h2>\n<p>Jei ne\u017einote, k\u0105 AQUAQUICK 2000 kaina tur\u0117t\u0173 b\u016bti, tada tai gali b\u016bti tikrai varginantis jums gauti ai\u0161k\u0173 supratim\u0105 apie rezultatus ir kain\u0105 m\u016bs\u0173 produkto. Daugelyje svetaini\u0173 nurodomos skirtingos AQUAQUICK 2000 produkt\u0173 kainos, o kitose svetain\u0117se pateikiama tik nuoroda \u012f u\u017eklaus\u0105 d\u0117l kainos.<\/p>\n<p>Kaip pasaulinis gamintojas ir vienintel\u0117 bendrov\u0117, galinti paskirti AQUAQUICK 2000 licencij\u0173 tur\u0117tojus ir platintojus, tur\u0117tume gal\u0173 gale sugeb\u0117ti jus apie tai informuoti.<\/p>\n<p>\"AQUAQUICK 2000\" yra produktas, \u017einomas jau daugel\u012f de\u0161imtme\u010di\u0173. \u0160i \u012fmon\u0117 iki \u0161iol teb\u0117ra \u0161eimos verslas, kuriame dirba jau tre\u010dioji karta, o dabar - ketvirtoji. Kaip ir kiekviename versle, laikui b\u0117gant kei\u010diasi gair\u0117s ir po\u017ei\u016bris \u012f rink\u0105, taip ir \"AQUAQUICK GLOBAL BV\" nesiskiria.&nbsp;<\/p>\n<p>\u0160iuo metu AQUAQUICK 2000 kainos n\u0117ra nurodytos m\u016bs\u0173 svetain\u0117je. Taip yra tod\u0117l, kad anks\u010diau AQUAQUICK 2000 buvo galima \u012fsigyti tik i\u0161 m\u016bs\u0173 platintoj\u0173 tiesiogiai tam tikrose \u0161alyse, srityse ar rinkos segmentuose. Suprasdami, kad tai apskritai gali tur\u0117ti pakilim\u0173 ir nuosmuki\u0173, taip pat daug painiavos, mes atid\u017eiau i\u0161nagrin\u0117jome \u0161\u012f klausim\u0105.&nbsp;<\/p>\n<p>Ateityje \"AQUAQUICK GLOBAL BV\" laikysis naujos \"AQUAQUICK 2000\" produkt\u0173 linijos strategijos ir verslo modelio. Tai rei\u0161kia, kad bus daugiau informacijos apie AQUAQUICK 2000 kainas, taip pat bus lengviau \u012fsigyti AQUAQUICK 2000 tiesiogiai per mus tuose regionuose, kuriuose \u0161iuo metu n\u0117ra paskirto vietinio platintojo.<\/p>\n<p>\"AQUAQUICK 2000\" galima \u012fsigyti tik per m\u016bs\u0173 paskirtus platintojus (tame regione, kuriame jie paskirti), o kitur - per \"AQUAQUICK GLOBAL BV\". Yra \u012fmoni\u0173, kurios iki \u0161iol teigia esan\u010dios AQUAQUICK 2000 platintojos ir pardavin\u0117ja produkt\u0105 AQUAQUICK 2000 vardu ir prek\u0117s \u017eenklu. Deja, praeityje ne kart\u0105 susid\u016br\u0117me su tuo, kad AQUAQUICK 2000 yra vienas i\u0161 produkt\u0173, kuriuos imituoja pig\u016bs netikri produktai, naudojantys AQUAQUICK 2000 prek\u0117s \u017eenkl\u0105, kad apsimest\u0173 originaliu produktu.&nbsp;<\/p>\n<p>Jei rasite informacijos apie AQUAQUICK 2000 internete, o ne b\u016bti tikri, ar produktas yra i\u0161 tikr\u0173j\u0173 teis\u0117tas, tada mes tiesiog patariame jums susisiekti su mumis, kad gautum\u0117te daugiau informacijos. Tai galite padaryti si\u0173sdami mums el. lai\u0161k\u0105 adresu business@aquaquick2000.com, nurodydami tiek informacijos apie produkt\u0105 ir kain\u0105, kiek jos gavote.&nbsp;&nbsp;<\/p>\n<p>Nuolat tikriname ir ie\u0161kome m\u016bs\u0173 gaminio imitacij\u0173. Tod\u0117l b\u016bsime labai d\u0117kingi, jei informuosite mus apie savo radinius, susijusius su netikru ar imituotu AQUAQUICK 2000 gaminiu, taip pat apie \u012fmones, kurios skelbiasi esan\u010dios vienintel\u0117s AQUAQUICK 2000 platintojos ar atstov\u0117s.&nbsp;<\/p>\n<p><strong>Draud\u017eiama parduoti AQUAQUICK 2000 arba bet kokiu b\u016bdu teigti, kad esate vienintelis AQUAQUICK 2000 atstovas. Kaip min\u0117ta pirmiau, AQUAQUICK GLOBAL B.V. yra vienintel\u0117 bendrov\u0117 visame pasaulyje, kuriai priklauso visos teisin\u0117s teis\u0117s \u012f prek\u0117s \u017eenkl\u0105 ir produkt\u0173 formules, tod\u0117l mes esame vienintelis AQUAQUICK 2000 produkt\u0173 asortimento gamintojas ir licencijos tur\u0117tojas.&nbsp;<\/strong><\/p>\n\n\t\t<\/div>\n\t\t\t\t\t<\/div>\n\n\t\n\n\t<div id=\"col-1550504049\" class=\"col medium-6 small-12 large-6\"  >\n\t\t\t\t<div class=\"col-inner\"  >\n\t\t\t\n\t\t\t\n\n<div class=\"row\"  id=\"row-1143742468\">\n\n\n\t<div id=\"col-53115366\" class=\"col small-12 large-12\"  >\n\t\t\t\t<div class=\"col-inner\" style=\"background-color:rgb(246, 246, 246);\" >\n\t\t\t\n\t\t\t\n\n<h2>AQUAQUICK 2000 kainos nustatymo faktai<\/h2>\n<ul>\n<li class=\"bullet-checkmark\" style=\"font-size: 11pt;\">Platintojai gal\u0117jo laisvai nustatyti savo kainas<\/li>\n<li class=\"bullet-checkmark\" style=\"font-size: 11pt;\">AQUAQUICK GLOBAL nenaudoja elektronin\u0117s prekybos <strong>(dar)<\/strong>.<\/li>\n<li class=\"bullet-checkmark\" style=\"font-size: 11pt;\">Esame vieninteliai pasauliniai \"AQUAQUICK 2000\" gamintojai.<\/li>\n<li class=\"bullet-checkmark\" style=\"font-size: 11pt;\">\"AQUAQUICK 2000\" licencijas galime skirti tik mes.<\/li>\n<li class=\"bullet-checkmark\" style=\"font-size: 11pt;\">Rekomenduojama AQUAQUICK 2000 pardavimo kaina yra 15,99 EUR u\u017e litr\u0105.<\/li>\n<li class=\"bullet-checkmark\" style=\"font-size: 11pt;\">Egzistuoja AQUAQUICK 2000 imituojantys netikri produktai <strong>(\u012esp\u0117jimas)<\/strong><\/li>\n<li style=\"font-size: 11pt;\" class=\"bullet-checkmark\">\"AQUAQUICK 2000\" i\u0161rado ir pri\u017ei\u016bri \u0161eimos \u012fmon\u0117.<\/li>\n<\/ul>\n\n\t\t<\/div>\n\t\t\t\t\n<style>\n#col-53115366 > .col-inner {\n  padding: 10px 10px 0px 10px;\n}\n<\/style>\n\t<\/div>\n\n\t\n\n<\/div>\n<div class=\"row\"  id=\"row-1377964090\">\n\n\n\t<div id=\"col-2052339293\" class=\"col small-12 large-12\"  >\n\t\t\t\t<div class=\"col-inner\"  >\n\t\t\t\n\t\t\t\n\n\t<div class=\"box has-hover   has-hover box-shadow-2 box-text-bottom\" >\n\n\t\t<div class=\"box-image\" >\n\t\t\t\t\t\t<div class=\"\" >\n\t\t\t\t<img decoding=\"async\" width=\"1206\" height=\"804\" data-src=\"https:\/\/b3871678.smushcdn.com\/3871678\/wp-content\/uploads\/2020\/09\/aquaquick-2000-packaging-made-in-2015-4.jpg?lossy=2&strip=1&webp=1\" class=\"attachment- size- lazyload\" alt=\"\" data-srcset=\"https:\/\/b3871678.smushcdn.com\/3871678\/wp-content\/uploads\/2020\/09\/aquaquick-2000-packaging-made-in-2015-4.jpg?lossy=2&strip=1&webp=1 1206w, https:\/\/b3871678.smushcdn.com\/3871678\/wp-content\/uploads\/2020\/09\/aquaquick-2000-packaging-made-in-2015-4-510x340.jpg?lossy=2&strip=1&webp=1 510w, https:\/\/b3871678.smushcdn.com\/3871678\/wp-content\/uploads\/2020\/09\/aquaquick-2000-packaging-made-in-2015-4-500x333.jpg?lossy=2&strip=1&webp=1 500w, https:\/\/b3871678.smushcdn.com\/3871678\/wp-content\/uploads\/2020\/09\/aquaquick-2000-packaging-made-in-2015-4-768x512.jpg?lossy=2&strip=1&webp=1 768w, https:\/\/b3871678.smushcdn.com\/3871678\/wp-content\/uploads\/2020\/09\/aquaquick-2000-packaging-made-in-2015-4-600x400.jpg?lossy=2&strip=1&webp=1 600w, https:\/\/b3871678.smushcdn.com\/3871678\/wp-content\/uploads\/2020\/09\/aquaquick-2000-packaging-made-in-2015-4.jpg?size=204x136&lossy=2&strip=1&webp=1 204w, https:\/\/b3871678.smushcdn.com\/3871678\/wp-content\/uploads\/2020\/09\/aquaquick-2000-packaging-made-in-2015-4.jpg?size=408x272&lossy=2&strip=1&webp=1 408w, https:\/\/b3871678.smushcdn.com\/3871678\/wp-content\/uploads\/2020\/09\/aquaquick-2000-packaging-made-in-2015-4.jpg?size=1020x680&lossy=2&strip=1&webp=1 1020w\" data-sizes=\"auto\" title=\"\" src=\"data:image\/svg+xml;base64,PHN2ZyB3aWR0aD0iMSIgaGVpZ2h0PSIxIiB4bWxucz0iaHR0cDovL3d3dy53My5vcmcvMjAwMC9zdmciPjwvc3ZnPg==\" style=\"--smush-placeholder-width: 1206px; --smush-placeholder-aspect-ratio: 1206\/804;\" data-original-sizes=\"(max-width: 1206px) 100vw, 1206px\">\t\t\t\t\t\t\t\t\t\t\t<\/div>\n\t\t\t\t\t<\/div>\n\n\t\t<div class=\"box-text text-center\" style=\"background-color:rgb(243, 243, 243);\">\n\t\t\t<div class=\"box-text-inner\">\n\t\t\t\t\n\n<h4>AQUAQUICK 2000 IR AQUAQUICK 2000 R2U<\/h4>\n<p>Tai yra \"AQUAQUICK 2000\" nuotrauka <br>ir AQUAQUICK 2000 R2U<em><strong>(Paruo\u0161ta naudoti)<\/strong><\/em><\/p>\n\n\t\t\t<\/div>\n\t\t<\/div>\n\t<\/div>\n\t\n\t<div id=\"gap-7512365\" class=\"gap-element clearfix\" style=\"display:block; height:auto;\">\n\t\t\n<style>\n#gap-7512365 {\n  padding-top: 30px;\n}\n<\/style>\n\t<\/div>\n\t\n\n\t<div class=\"box has-hover   has-hover box-shadow-2 box-text-bottom\" >\n\n\t\t<div class=\"box-image\" >\n\t\t\t\t\t\t<div class=\"\" >\n\t\t\t\t<img decoding=\"async\" width=\"1206\" height=\"804\" data-src=\"https:\/\/b3871678.smushcdn.com\/3871678\/wp-content\/uploads\/2020\/09\/AQUAQUICK-2000-SP-PACKAGING-MADE-IN-2015-3.jpg?lossy=2&strip=1&webp=1\" class=\"attachment- size- lazyload\" alt=\"AQUAQUICK 2000 SP\" data-srcset=\"https:\/\/b3871678.smushcdn.com\/3871678\/wp-content\/uploads\/2020\/09\/AQUAQUICK-2000-SP-PACKAGING-MADE-IN-2015-3.jpg?lossy=2&strip=1&webp=1 1206w, https:\/\/b3871678.smushcdn.com\/3871678\/wp-content\/uploads\/2020\/09\/AQUAQUICK-2000-SP-PACKAGING-MADE-IN-2015-3-510x340.jpg?lossy=2&strip=1&webp=1 510w, https:\/\/b3871678.smushcdn.com\/3871678\/wp-content\/uploads\/2020\/09\/AQUAQUICK-2000-SP-PACKAGING-MADE-IN-2015-3-500x333.jpg?lossy=2&strip=1&webp=1 500w, https:\/\/b3871678.smushcdn.com\/3871678\/wp-content\/uploads\/2020\/09\/AQUAQUICK-2000-SP-PACKAGING-MADE-IN-2015-3-768x512.jpg?lossy=2&strip=1&webp=1 768w, https:\/\/b3871678.smushcdn.com\/3871678\/wp-content\/uploads\/2020\/09\/AQUAQUICK-2000-SP-PACKAGING-MADE-IN-2015-3-600x400.jpg?lossy=2&strip=1&webp=1 600w, https:\/\/b3871678.smushcdn.com\/3871678\/wp-content\/uploads\/2020\/09\/AQUAQUICK-2000-SP-PACKAGING-MADE-IN-2015-3.jpg?size=204x136&lossy=2&strip=1&webp=1 204w, https:\/\/b3871678.smushcdn.com\/3871678\/wp-content\/uploads\/2020\/09\/AQUAQUICK-2000-SP-PACKAGING-MADE-IN-2015-3.jpg?size=408x272&lossy=2&strip=1&webp=1 408w, https:\/\/b3871678.smushcdn.com\/3871678\/wp-content\/uploads\/2020\/09\/AQUAQUICK-2000-SP-PACKAGING-MADE-IN-2015-3.jpg?size=1020x680&lossy=2&strip=1&webp=1 1020w\" data-sizes=\"auto\" title=\"\" src=\"data:image\/svg+xml;base64,PHN2ZyB3aWR0aD0iMSIgaGVpZ2h0PSIxIiB4bWxucz0iaHR0cDovL3d3dy53My5vcmcvMjAwMC9zdmciPjwvc3ZnPg==\" style=\"--smush-placeholder-width: 1206px; --smush-placeholder-aspect-ratio: 1206\/804;\" data-original-sizes=\"(max-width: 1206px) 100vw, 1206px\">\t\t\t\t\t\t\t\t\t\t\t<\/div>\n\t\t\t\t\t<\/div>\n\n\t\t<div class=\"box-text text-center\" style=\"background-color:rgb(243, 243, 243);\">\n\t\t\t<div class=\"box-text-inner\">\n\t\t\t\t\n\n<h4>\"AQUAQUICK 2000 SP\" IR \"AQUAQUICK 2000 SP R2U<\/h4>\n<p>Tai yra AQUAQUICK 2000 SP nuotrauka <br>Ir AQUAQUICK 2000 SP R2U<em><strong>(Paruo\u0161ta naudoti)<\/strong><\/em><\/p>\n\n\t\t\t<\/div>\n\t\t<\/div>\n\t<\/div>\n\t\n\n\t\t<\/div>\n\t\t\t\t\t<\/div>\n\n\t\n\n<\/div>\n\n\t\t<\/div>\n\t\t\t\t\t<\/div>\n\n\t\n\n<\/div>\n\n\t\t<\/div>\n\n\t\t\n<style>\n#section_1576447133 {\n  padding-top: 30px;\n  padding-bottom: 30px;\n}\n<\/style>\n\t<\/section>","protected":false},"excerpt":{"rendered":"","protected":false},"author":1,"featured_media":8679,"parent":0,"menu_order":0,"comment_status":"closed","ping_status":"closed","template":"page-blank.php","meta":{"cybocfi_hide_featured_image":"","footnotes":"","_links_to":"","_links_to_target":""},"class_list":["post-8658","page","type-page","status-publish","has-post-thumbnail","hentry"],"_links":{"self":[{"href":"https:\/\/www.aquaquick2000.com\/lt\/wp-json\/wp\/v2\/pages\/8658","targetHints":{"allow":["GET"]}}],"collection":[{"href":"https:\/\/www.aquaquick2000.com\/lt\/wp-json\/wp\/v2\/pages"}],"about":[{"href":"https:\/\/www.aquaquick2000.com\/lt\/wp-json\/wp\/v2\/types\/page"}],"author":[{"embeddable":true,"href":"https:\/\/www.aquaquick2000.com\/lt\/wp-json\/wp\/v2\/users\/1"}],"replies":[{"embeddable":true,"href":"https:\/\/www.aquaquick2000.com\/lt\/wp-json\/wp\/v2\/comments?post=8658"}],"version-history":[{"count":0,"href":"https:\/\/www.aquaquick2000.com\/lt\/wp-json\/wp\/v2\/pages\/8658\/revisions"}],"wp:featuredmedia":[{"embeddable":true,"href":"https:\/\/www.aquaquick2000.com\/lt\/wp-json\/wp\/v2\/media\/8679"}],"wp:attachment":[{"href":"https:\/\/www.aquaquick2000.com\/lt\/wp-json\/wp\/v2\/media?parent=8658"}],"curies":[{"name":"wp","href":"https:\/\/api.w.org\/{rel}","templated":true}]}}