{"id":8739,"date":"2020-11-21T03:53:56","date_gmt":"2020-11-21T03:53:56","guid":{"rendered":"https:\/\/www.aquaquick2000.com\/?page_id=8739"},"modified":"2023-01-27T09:39:55","modified_gmt":"2023-01-27T09:39:55","slug":"istorija-medija","status":"publish","type":"page","link":"https:\/\/www.aquaquick2000.com\/lt\/aquaquick-2000-media\/history-media\/","title":{"rendered":"Istorija \u017diniasklaida"},"content":{"rendered":"<section class=\"section\" id=\"section_1809665594\">\n\t\t<div class=\"section-bg fill\" >\n\t\t\t<img decoding=\"async\" width=\"1920\" height=\"1200\" src=\"https:\/\/b3871678.smushcdn.com\/3871678\/wp-content\/uploads\/2020\/09\/AQUAQUICK-2000-Water-Style.jpg?lossy=2&strip=1&webp=1\" class=\"bg attachment- size-\" alt=\"\" title=\"\" srcset=\"https:\/\/b3871678.smushcdn.com\/3871678\/wp-content\/uploads\/2020\/09\/AQUAQUICK-2000-Water-Style.jpg?lossy=2&amp;strip=1&amp;webp=1 1920w, https:\/\/b3871678.smushcdn.com\/3871678\/wp-content\/uploads\/2020\/09\/AQUAQUICK-2000-Water-Style-510x319.jpg?lossy=2&amp;strip=1&amp;webp=1 510w, https:\/\/b3871678.smushcdn.com\/3871678\/wp-content\/uploads\/2020\/09\/AQUAQUICK-2000-Water-Style-500x313.jpg?lossy=2&amp;strip=1&amp;webp=1 500w, https:\/\/b3871678.smushcdn.com\/3871678\/wp-content\/uploads\/2020\/09\/AQUAQUICK-2000-Water-Style-1280x800.jpg?lossy=2&amp;strip=1&amp;webp=1 1280w, https:\/\/b3871678.smushcdn.com\/3871678\/wp-content\/uploads\/2020\/09\/AQUAQUICK-2000-Water-Style-768x480.jpg?lossy=2&amp;strip=1&amp;webp=1 768w, https:\/\/b3871678.smushcdn.com\/3871678\/wp-content\/uploads\/2020\/09\/AQUAQUICK-2000-Water-Style-1536x960.jpg?lossy=2&amp;strip=1&amp;webp=1 1536w, https:\/\/b3871678.smushcdn.com\/3871678\/wp-content\/uploads\/2020\/09\/AQUAQUICK-2000-Water-Style.jpg?size=204x128&amp;lossy=2&amp;strip=1&amp;webp=1 204w, https:\/\/b3871678.smushcdn.com\/3871678\/wp-content\/uploads\/2020\/09\/AQUAQUICK-2000-Water-Style.jpg?size=408x255&amp;lossy=2&amp;strip=1&amp;webp=1 408w, https:\/\/b3871678.smushcdn.com\/3871678\/wp-content\/uploads\/2020\/09\/AQUAQUICK-2000-Water-Style.jpg?size=612x383&amp;lossy=2&amp;strip=1&amp;webp=1 612w, https:\/\/b3871678.smushcdn.com\/3871678\/wp-content\/uploads\/2020\/09\/AQUAQUICK-2000-Water-Style.jpg?size=1020x638&amp;lossy=2&amp;strip=1&amp;webp=1 1020w\" sizes=\"(max-width: 1920px) 100vw, 1920px\">\t\t\t\t\t\t<div class=\"section-bg-overlay absolute fill\"><\/div>\n\t\t\t\n\n\t\t<\/div>\n\n\t\t\n\n\t\t<div class=\"section-content relative\">\n\t\t\t\n\n<div class=\"row row-collapse align-equal row-divided row-box-shadow-1 row-box-shadow-4-hover\"  id=\"row-879639803\">\n\n\n\t<div id=\"col-1901916728\" class=\"col medium-4 small-12 large-2\"  >\n\t\t\t\t<div class=\"col-inner\"  >\n\t\t\t\n\t\t\t\n\n<a href=\"https:\/\/www.aquaquick2000.com\/lt\/aquaquick-2000-media\/produktas-medija\/\" class=\"button primary is-underline is-small expand\" >\n\t\t<span>Produkto laikmenos<\/span>\n\t<\/a>\n\n\n\n\t\t<\/div>\n\t\t\t\t\t<\/div>\n\n\t\n\n\t<div id=\"col-193756716\" class=\"col medium-4 small-12 large-2\"  >\n\t\t\t\t<div class=\"col-inner\"  >\n\t\t\t\n\t\t\t\n\n<a href=\"https:\/\/www.aquaquick2000.com\/lt\/aquaquick-2000-media\/demonstracine-medija\/\" class=\"button primary is-link is-small expand\" >\n\t\t<span>Demonstracin\u0117 \u017einiasklaida<\/span>\n\t<\/a>\n\n\n\n\t\t<\/div>\n\t\t\t\t\t<\/div>\n\n\t\n\n\t<div id=\"col-267785971\" class=\"col medium-4 small-12 large-2\"  >\n\t\t\t\t<div class=\"col-inner\"  >\n\t\t\t\n\t\t\t\n\n<a href=\"https:\/\/www.aquaquick2000.com\/lt\/aquaquick-2000-media\/prekes-zenklo-kurimas-ir-ziniasklaida\/\" class=\"button primary is-link is-small expand\" >\n\t\t<span>Prek\u0117s \u017eenklo \u017einiasklaida<\/span>\n\t<\/a>\n\n\n\n\t\t<\/div>\n\t\t\t\t\t<\/div>\n\n\t\n\n\t<div id=\"col-1035226739\" class=\"col medium-4 small-12 large-2\"  >\n\t\t\t\t<div class=\"col-inner\"  >\n\t\t\t\n\t\t\t\n\n<a href=\"https:\/\/www.aquaquick2000.com\/lt\/aquaquick-2000-media\/istorija-medija\/\" class=\"button primary is-link is-small expand\" >\n\t\t<span>Istorija MEdia<\/span>\n\t<\/a>\n\n\n\n\t\t<\/div>\n\t\t\t\t\t<\/div>\n\n\t\n\n\t<div id=\"col-1482773960\" class=\"col medium-4 small-12 large-2\"  >\n\t\t\t\t<div class=\"col-inner\"  >\n\t\t\t\n\t\t\t\n\n<a href=\"https:\/\/www.aquaquick2000.com\/lt\/aquaquick-2000-media\/mokymo-medziaga\/\" class=\"button primary is-link is-small expand\" >\n\t\t<span>Mokymo med\u017eiaga<\/span>\n\t<\/a>\n\n\n\n\t\t<\/div>\n\t\t\t\t\t<\/div>\n\n\t\n\n\t<div id=\"col-1880046015\" class=\"col medium-4 small-12 large-2\"  >\n\t\t\t\t<div class=\"col-inner\"  >\n\t\t\t\n\t\t\t\n\n<a href=\"https:\/\/www.aquaquick2000.com\/lt\/aquaquick-2000-media\/papildomos-medijos\/\" class=\"button primary is-link is-small expand\" >\n\t\t<span>Papildoma \u017einiasklaida<\/span>\n\t<\/a>\n\n\n\n\t\t<\/div>\n\t\t\t\t\t<\/div>\n\n\t\n\n\n<style>\n#row-879639803 > .col > .col-inner {\n  padding: 15px 0px 0px 0px;\n  background-color: rgb(255,255,255);\n}\n<\/style>\n<\/div>\n\n\t<div id=\"gap-1549957972\" class=\"gap-element clearfix\" style=\"display:block; height:auto;\">\n\t\t\n<style>\n#gap-1549957972 {\n  padding-top: 20px;\n}\n<\/style>\n\t<\/div>\n\t\n\n<h2 style=\"text-align: center;\">AQUAQUICK 2000 istorijos laikmenos<\/h2>\n\n\t\t<\/div>\n\n\t\t\n<style>\n#section_1809665594 {\n  padding-top: 30px;\n  padding-bottom: 30px;\n  min-height: 240px;\n  background-color: rgb(245, 247, 251);\n}\n#section_1809665594 .section-bg-overlay {\n  background-color: rgba(255, 255, 255, 0.55);\n}\n<\/style>\n\t<\/section>\n\t\n\n\t<section class=\"section\" id=\"section_638718905\">\n\t\t<div class=\"section-bg fill\" >\n\t\t\t\t\t\t\t\t\t\n\t\t\t\n\n\t\t<\/div>\n\n\t\t\n\n\t\t<div class=\"section-content relative\">\n\t\t\t\n\n<div class=\"row\"  id=\"row-1130974648\">\n\n\n\t<div id=\"col-930380454\" class=\"col medium-3 small-12 large-3\"  >\n\t\t\t\t<div class=\"col-inner box-shadow-2\" style=\"background-color:rgb(255,255,255);\" >\n\t\t\t\n\t\t\t\n\n<h2>\u017diniasklaidos duomen\u0173 baz\u0117<\/h2>\n<ul class=\"sidebar-wrapper ul-reset\"><div class=\"menu-media-manager-menu-container\"><ul id=\"menu-media-manager-menu\" class=\"menu\"><li id=\"menu-item-8734\" class=\"menu-item menu-item-type-post_type menu-item-object-page menu-item-8734\"><a href=\"https:\/\/www.aquaquick2000.com\/lt\/aquaquick-2000-media\/\">Visa \u017einiasklaida<\/a><\/li>\n<li id=\"menu-item-8762\" class=\"menu-item menu-item-type-post_type menu-item-object-page menu-item-has-children menu-item-8762\"><a href=\"https:\/\/www.aquaquick2000.com\/lt\/aquaquick-2000-media\/demo-media\/\">Demo Media<\/a>\n<ul class=\"sub-menu\">\n\t<li id=\"menu-item-8974\" class=\"menu-item menu-item-type-post_type menu-item-object-page menu-item-8974\"><a href=\"https:\/\/www.aquaquick2000.com\/lt\/aquaquick-2000-media\/demo-media\/angeles-power-piston-cleaning-with-aquaquick-2000\/\">\"Angeles Power Piston\" st\u016bmokli\u0173 valymas su \"AQUAQUICK 2000<\/a><\/li>\n\t<li id=\"menu-item-8975\" class=\"menu-item menu-item-type-post_type menu-item-object-page menu-item-8975\"><a href=\"https:\/\/www.aquaquick2000.com\/lt\/aquaquick-2000-media\/demo-media\/aquaquick-2000-degreasing-process\/\">\"AQUAQUICK 2000\" nuriebalinimo procesas<\/a><\/li>\n\t<li id=\"menu-item-8976\" class=\"menu-item menu-item-type-post_type menu-item-object-page menu-item-8976\"><a href=\"https:\/\/www.aquaquick2000.com\/lt\/aquaquick-2000-media\/demo-media\/aquaquick-2000-eco-plus-demo-oil-spill-on-surface\/\">AQUAQUICK 2000 Eco Plus Demo naftos i\u0161siliejimas ant pavir\u0161iaus<\/a><\/li>\n\t<li id=\"menu-item-8977\" class=\"menu-item menu-item-type-post_type menu-item-object-page menu-item-8977\"><a href=\"https:\/\/www.aquaquick2000.com\/lt\/aquaquick-2000-media\/demo-media\/aquaquick-2000-ecoh2o-bottle-test\/\">AQUAQUICK 2000 EcoH2O butelio testas<\/a><\/li>\n\t<li id=\"menu-item-8978\" class=\"menu-item menu-item-type-post_type menu-item-object-page menu-item-8978\"><a href=\"https:\/\/www.aquaquick2000.com\/lt\/aquaquick-2000-media\/demo-media\/aquaquick-2000-emergency-spill-kit\/\">AQUAQUICK 2000 avarinio i\u0161siliejimo rinkinys<\/a><\/li>\n\t<li id=\"menu-item-8979\" class=\"menu-item menu-item-type-post_type menu-item-object-page menu-item-8979\"><a href=\"https:\/\/www.aquaquick2000.com\/lt\/aquaquick-2000-media\/demo-media\/aquaquick-2000-fuel-fire-extinguish-demo-petrochina\/\">AQUAQUICK 2000 Kuro gesinimo priemon\u0117 Demo Petrochina<\/a><\/li>\n\t<li id=\"menu-item-8980\" class=\"menu-item menu-item-type-post_type menu-item-object-page menu-item-8980\"><a href=\"https:\/\/www.aquaquick2000.com\/lt\/aquaquick-2000-media\/demo-media\/aquaquick-2000-fuel-fire-extinguisher-fire-demo-at-medco\/\">\"AQUAQUICK 2000\" kuro gesintuvo gaisro demonstravimas \"Medco<\/a><\/li>\n\t<li id=\"menu-item-8981\" class=\"menu-item menu-item-type-post_type menu-item-object-page menu-item-8981\"><a href=\"https:\/\/www.aquaquick2000.com\/lt\/aquaquick-2000-media\/demo-media\/aquaquick-2000-lake-treatment\/\">AQUAQUICK 2000 E\u017eer\u0173 valymas<\/a><\/li>\n\t<li id=\"menu-item-8982\" class=\"menu-item menu-item-type-post_type menu-item-object-page menu-item-8982\"><a href=\"https:\/\/www.aquaquick2000.com\/lt\/aquaquick-2000-media\/demo-media\/aquaquick-2000-mercaptan-to-remove-odor-at-isla-shell\/\">AQUAQUICK 2000 Merkaptanas kvapui \u0161alinti salos kriaukl\u0117je<\/a><\/li>\n\t<li id=\"menu-item-8983\" class=\"menu-item menu-item-type-post_type menu-item-object-page menu-item-8983\"><a href=\"https:\/\/www.aquaquick2000.com\/lt\/aquaquick-2000-media\/demo-media\/demo-on-gas-cylinder-cleaning-with-aquaquick-2000-2\/\">AQUAQUICK 2000 Alyvos ir riebal\u0173 d\u0117mi\u0173 sutept\u0173 komponent\u0173 valymas<\/a><\/li>\n\t<li id=\"menu-item-8984\" class=\"menu-item menu-item-type-post_type menu-item-object-page menu-item-8984\"><a href=\"https:\/\/www.aquaquick2000.com\/lt\/aquaquick-2000-media\/demo-media\/aquaquick-2000-oil-cleaning-demo-at-weatherford-in-australia\/\">\"AQUAQUICK 2000\" naftos valymo demonstracin\u0117 versija \"Weatherford\" gamykloje Australijoje<\/a><\/li>\n\t<li id=\"menu-item-8985\" class=\"menu-item menu-item-type-post_type menu-item-object-page menu-item-8985\"><a href=\"https:\/\/www.aquaquick2000.com\/lt\/aquaquick-2000-media\/demo-media\/aquaquick-2000-oil-spill-demo-at-airport-schiphol\/\">AQUAQUICK 2000 naftos i\u0161siliejimo demonstravimas Schipholio oro uoste<\/a><\/li>\n\t<li id=\"menu-item-8986\" class=\"menu-item menu-item-type-post_type menu-item-object-page menu-item-8986\"><a href=\"https:\/\/www.aquaquick2000.com\/lt\/aquaquick-2000-media\/demo-media\/aquaquick-2000-oil-spill-in-nipa-palm-plantation\/\">AQUAQUICK 2000 Naftos i\u0161siliejimas Nipa palmi\u0173 plantacijoje<\/a><\/li>\n\t<li id=\"menu-item-8987\" class=\"menu-item menu-item-type-post_type menu-item-object-page menu-item-8987\"><a href=\"https:\/\/www.aquaquick2000.com\/lt\/aquaquick-2000-media\/demo-media\/aquaquick-2000-oil-spill-maintenance-cleanup-demo\/\">\"AQUAQUICK 2000\" naftos i\u0161siliejimo prie\u017ei\u016bros valymo demonstracin\u0117 versija<\/a><\/li>\n\t<li id=\"menu-item-8988\" class=\"menu-item menu-item-type-post_type menu-item-object-page menu-item-8988\"><a href=\"https:\/\/www.aquaquick2000.com\/lt\/aquaquick-2000-media\/demo-media\/aquaquick-2000-oil-spill-maintenance-cleanup-demo-part-2\/\">\"AQUAQUICK 2000 Oil Spill Maintenance Cleanup Demo\" 2 dalis<\/a><\/li>\n\t<li id=\"menu-item-8989\" class=\"menu-item menu-item-type-post_type menu-item-object-page menu-item-8989\"><a href=\"https:\/\/www.aquaquick2000.com\/lt\/aquaquick-2000-media\/demo-media\/aquaquick-2000-oil-spill-pond-demo-in-asia\/\">\"AQUAQUICK 2000\" naftos i\u0161siliejimo tvenkinio demonstracija Azijoje<\/a><\/li>\n\t<li id=\"menu-item-8990\" class=\"menu-item menu-item-type-post_type menu-item-object-page menu-item-8990\"><a href=\"https:\/\/www.aquaquick2000.com\/lt\/aquaquick-2000-media\/demo-media\/aquaquick-2000-pdb-tank-cleaning-project\/\">AQUAQUICK 2000 PDB rezervuar\u0173 valymo projektas<\/a><\/li>\n\t<li id=\"menu-item-8991\" class=\"menu-item menu-item-type-post_type menu-item-object-page menu-item-8991\"><a href=\"https:\/\/www.aquaquick2000.com\/lt\/aquaquick-2000-media\/demo-media\/aquaquick-2000-pdo-oman-oil-sludge-tank-cleaning\/\">AQUAQUICK 2000 PDO OMAN Naftos dumblo rezervuar\u0173 valymas<\/a><\/li>\n\t<li id=\"menu-item-8992\" class=\"menu-item menu-item-type-post_type menu-item-object-page menu-item-8992\"><a href=\"https:\/\/www.aquaquick2000.com\/lt\/aquaquick-2000-media\/demo-media\/aquaquick-2000-petronas-dagangan-soil-treatment-project\/\">AQUAQUICK 2000 \"Petronas Dagangan\" dirvo\u017eemio valymo projektas<\/a><\/li>\n\t<li id=\"menu-item-8993\" class=\"menu-item menu-item-type-post_type menu-item-object-page menu-item-8993\"><a href=\"https:\/\/www.aquaquick2000.com\/lt\/aquaquick-2000-media\/demo-media\/aquaquick-2000-phiphi-island-oil-spill-in-pond-cleanup\/\">AQUAQUICK 2000 Phiphi sala Naftos i\u0161siliejimas tvenkinyje<\/a><\/li>\n\t<li id=\"menu-item-8994\" class=\"menu-item menu-item-type-post_type menu-item-object-page menu-item-8994\"><a href=\"https:\/\/www.aquaquick2000.com\/lt\/aquaquick-2000-media\/demo-media\/aquaquick-2000-suitable-cleaning-application-for-aircon-filter-cleaning\/\">\"AQUAQUICK 2000\" tinkama valymo programa oro kondicionieri\u0173 filtrams valyti<\/a><\/li>\n\t<li id=\"menu-item-8995\" class=\"menu-item menu-item-type-post_type menu-item-object-page menu-item-8995\"><a href=\"https:\/\/www.aquaquick2000.com\/lt\/aquaquick-2000-media\/demo-media\/aquaquick-2000-suitable-cleaning-solution-for-manufacturers\/\">AQUAQUICK 2000 Tinkamas valymo tirpalas gamintojams<\/a><\/li>\n\t<li id=\"menu-item-8996\" class=\"menu-item menu-item-type-post_type menu-item-object-page menu-item-8996\"><a href=\"https:\/\/www.aquaquick2000.com\/lt\/aquaquick-2000-media\/demo-media\/aquaquick-2000-total-cleaning-solution-for-restaurants-and-kitchens\/\">AQUAQUICK 2000 Visi\u0161kas valymo tirpalas restoranams ir virtuv\u0117ms<\/a><\/li>\n\t<li id=\"menu-item-8997\" class=\"menu-item menu-item-type-post_type menu-item-object-page menu-item-8997\"><a href=\"https:\/\/www.aquaquick2000.com\/lt\/aquaquick-2000-media\/demo-media\/aquaquick-2000-used-for-oil-spill-cleanup-handal-offshore\/\">\"AQUAQUICK 2000\" naudojamas naftos i\u0161siliejimo valymo darbams j\u016broje<\/a><\/li>\n\t<li id=\"menu-item-8998\" class=\"menu-item menu-item-type-post_type menu-item-object-page menu-item-8998\"><a href=\"https:\/\/www.aquaquick2000.com\/lt\/aquaquick-2000-media\/demo-media\/aquaquick-2000-used-for-road-spill-cleanup-by-firefighter-brigade-the-netherlands\/\">Nyderland\u0173 ugniagesi\u0173 gelb\u0117toj\u0173 brigada naudojo \"AQUAQUICK 2000\" i\u0161siliejusiems skys\u010diams keliuose valyti<\/a><\/li>\n\t<li id=\"menu-item-8999\" class=\"menu-item menu-item-type-post_type menu-item-object-page menu-item-8999\"><a href=\"https:\/\/www.aquaquick2000.com\/lt\/aquaquick-2000-media\/demo-media\/aquaquick-2000-used-in-oil-spill-cleanup-in-philippines-featured-on-the-news\/\">AQUAQUICK 2000, naudotas naftos i\u0161siliejimui Filipinuose i\u0161valyti, rodomas naujienose<\/a><\/li>\n\t<li id=\"menu-item-9000\" class=\"menu-item menu-item-type-post_type menu-item-object-page menu-item-9000\"><a href=\"https:\/\/www.aquaquick2000.com\/lt\/aquaquick-2000-media\/demo-media\/aquaquick-2000-washing-hands-removing-all-oil-stains\/\">AQUAQUICK 2000 Rank\u0173 plovimas pa\u0161alinant visas aliejaus d\u0117mes<\/a><\/li>\n\t<li id=\"menu-item-9001\" class=\"menu-item menu-item-type-post_type menu-item-object-page menu-item-9001\"><a href=\"https:\/\/www.aquaquick2000.com\/lt\/aquaquick-2000-media\/demo-media\/aquaquick-2000-wildlife-oil-washing-at-vogel-asiel-de-paddestoel-den-helder\/\">AQUAQUICK 2000 Laukin\u0117s gyv\u016bnijos ir augalijos skalbimas aliejumi vogel Asiel de Paddestoel Den Helder<\/a><\/li>\n\t<li id=\"menu-item-9002\" class=\"menu-item menu-item-type-post_type menu-item-object-page menu-item-9002\"><a href=\"https:\/\/www.aquaquick2000.com\/lt\/aquaquick-2000-media\/demo-media\/aquaquick-estancia-oil-spill-shoreline-cleanup\/\">AQUAQUICK Estancia naftos i\u0161siliejimo pakrant\u0117s valymas<\/a><\/li>\n\t<li id=\"menu-item-9003\" class=\"menu-item menu-item-type-post_type menu-item-object-page menu-item-9003\"><a href=\"https:\/\/www.aquaquick2000.com\/lt\/aquaquick-2000-media\/demo-media\/cleaning-greasetrap-with-aquaquick-2000\/\">Riebal\u0173 gaudykl\u0117s valymas su \"AQUAQUICK 2000<\/a><\/li>\n\t<li id=\"menu-item-9004\" class=\"menu-item menu-item-type-post_type menu-item-object-page menu-item-9004\"><a href=\"https:\/\/www.aquaquick2000.com\/lt\/aquaquick-2000-media\/demo-media\/cleaning-machinery-parts-and-components-with-aquaquick-2000\/\">Ma\u0161in\u0173 dali\u0173 ir komponent\u0173 valymas su \"AQUAQUICK 2000<\/a><\/li>\n\t<li id=\"menu-item-9005\" class=\"menu-item menu-item-type-post_type menu-item-object-page menu-item-9005\"><a href=\"https:\/\/www.aquaquick2000.com\/lt\/aquaquick-2000-media\/demo-media\/demo-on-gas-cylinder-cleaning-with-aquaquick-2000\/\">Duj\u0173 balion\u0173 valymo su \"AQUAQUICK 2000\" demonstracin\u0117 versija<\/a><\/li>\n\t<li id=\"menu-item-9006\" class=\"menu-item menu-item-type-post_type menu-item-object-page menu-item-9006\"><a href=\"https:\/\/www.aquaquick2000.com\/lt\/aquaquick-2000-media\/demo-media\/greasetrap-cleaning-at-kfc-using-aquaquick-2000\/\">Riebal\u0173 gaudykl\u0117s valymas KFC naudojant AQUAQUICK 2000<\/a><\/li>\n\t<li id=\"menu-item-9007\" class=\"menu-item menu-item-type-post_type menu-item-object-page menu-item-9007\"><a href=\"https:\/\/www.aquaquick2000.com\/lt\/aquaquick-2000-media\/demo-media\/oil-base-mud-cleaning-test-with-aquaquick-2000\/\">Naftos pagrindo purvo valymo bandymas su \"AQUAQUICK 2000<\/a><\/li>\n\t<li id=\"menu-item-9008\" class=\"menu-item menu-item-type-post_type menu-item-object-page menu-item-9008\"><a href=\"https:\/\/www.aquaquick2000.com\/lt\/aquaquick-2000-media\/demo-media\/oil-spill-cleanup-in-cebu-city-using-aquaquick-2000\/\">Naftos i\u0161siliejimo valymas Cebu mieste naudojant AQUAQUICK 2000<\/a><\/li>\n\t<li id=\"menu-item-9009\" class=\"menu-item menu-item-type-post_type menu-item-object-page menu-item-9009\"><a href=\"https:\/\/www.aquaquick2000.com\/lt\/aquaquick-2000-media\/demo-media\/oil-spill-cleanup-in-cebu-city-using-aquaquick-2000-part-2\/\">Naftos i\u0161siliejimo valymas Cebu mieste naudojant AQUAQUICK 2000 2 dalis<\/a><\/li>\n\t<li id=\"menu-item-9010\" class=\"menu-item menu-item-type-post_type menu-item-object-page menu-item-9010\"><a href=\"https:\/\/www.aquaquick2000.com\/lt\/aquaquick-2000-media\/demo-media\/oil-spill-maintenance-cleanup-on-rig-and-deck-using-aquaquick-2000\/\">Naftos i\u0161siliejimo technin\u0117s prie\u017ei\u016bros valymas platformoje ir denyje naudojant \"AQUAQUICK 2000<\/a><\/li>\n\t<li id=\"menu-item-9011\" class=\"menu-item menu-item-type-post_type menu-item-object-page menu-item-9011\"><a href=\"https:\/\/www.aquaquick2000.com\/lt\/aquaquick-2000-media\/demo-media\/petron-soil-washing-demo-using-aquaquick-2000\/\">\"Petron\" dirvo\u017eemio plovimo demonstracin\u0117 programa naudojant \"AQUAQUICK 2000<\/a><\/li>\n\t<li id=\"menu-item-9012\" class=\"menu-item menu-item-type-post_type menu-item-object-page menu-item-9012\"><a href=\"https:\/\/www.aquaquick2000.com\/lt\/aquaquick-2000-media\/demo-media\/petronas-melaka-maintenance-cleanup-using-aquaquick-2000\/\">\"Petronas Melaka\" technin\u0117s prie\u017ei\u016bros valymas naudojant \"AQUAQUICK 2000<\/a><\/li>\n\t<li id=\"menu-item-9013\" class=\"menu-item menu-item-type-post_type menu-item-object-page menu-item-9013\"><a href=\"https:\/\/www.aquaquick2000.com\/lt\/aquaquick-2000-media\/demo-media\/petronas-melaka-maintenance-cleanup-using-aquaquick-2000-part-2\/\">\"Petronas Melaka\" technin\u0117s prie\u017ei\u016bros valymas naudojant \"AQUAQUICK 2000\" 2 dalis<\/a><\/li>\n\t<li id=\"menu-item-9014\" class=\"menu-item menu-item-type-post_type menu-item-object-page menu-item-9014\"><a href=\"https:\/\/www.aquaquick2000.com\/lt\/aquaquick-2000-media\/demo-media\/pulau-tioman-oil-spill-cleanup-demo-using-aquaquick-2000\/\">Pulau Tioman naftos i\u0161siliejimo valymo demonstracija naudojant \"AQUAQUICK 2000<\/a><\/li>\n\t<li id=\"menu-item-9015\" class=\"menu-item menu-item-type-post_type menu-item-object-page menu-item-9015\"><a href=\"https:\/\/www.aquaquick2000.com\/lt\/aquaquick-2000-media\/demo-media\/rosario-cavite-oil-spill-cleanup-demo-using-aquaquick-2000-in-australia\/\">Rosario Cavite naftos i\u0161siliejimo valymas demonstraciniu b\u016bdu naudojant \"AQUAQUICK 2000\" Australijoje<\/a><\/li>\n\t<li id=\"menu-item-9016\" class=\"menu-item menu-item-type-post_type menu-item-object-page menu-item-9016\"><a href=\"https:\/\/www.aquaquick2000.com\/lt\/aquaquick-2000-media\/demo-media\/sea-oil-spill-rig-cleaning-demo-using-aquaquick-2000\/\">Naftos i\u0161siliejimo j\u016broje platformos valymo demonstracinis projektas naudojant \"AQUAQUICK 2000<\/a><\/li>\n\t<li id=\"menu-item-9018\" class=\"menu-item menu-item-type-post_type menu-item-object-page menu-item-9018\"><a href=\"https:\/\/www.aquaquick2000.com\/lt\/aquaquick-2000-media\/demo-media\/sime-darby-cleanup-demo-using-aquaquick-2000\/\">\"Sime Darby\" valymo demonstravimas naudojant \"AQUAQUICK 2000<\/a><\/li>\n\t<li id=\"menu-item-9017\" class=\"menu-item menu-item-type-post_type menu-item-object-page menu-item-9017\"><a href=\"https:\/\/www.aquaquick2000.com\/lt\/aquaquick-2000-media\/demo-media\/sea-oil-spill-rig-cleaning-demo-using-aquaquick-2000-part-2\/\">Naftos i\u0161siliejimo j\u016broje platformos valymo demonstracin\u0117 versija naudojant \"AQUAQUICK 2000\", 2 dalis<\/a><\/li>\n\t<li id=\"menu-item-9019\" class=\"menu-item menu-item-type-post_type menu-item-object-page menu-item-9019\"><a href=\"https:\/\/www.aquaquick2000.com\/lt\/aquaquick-2000-media\/demo-media\/soil-washing-demo-at-petron-using-aquaquick-2000\/\">Dirvo\u017eemio plovimo demonstracija \"Petron\" naudojant \"AQUAQUICK 2000<\/a><\/li>\n\t<li id=\"menu-item-9020\" class=\"menu-item menu-item-type-post_type menu-item-object-page menu-item-9020\"><a href=\"https:\/\/www.aquaquick2000.com\/lt\/aquaquick-2000-media\/demo-media\/surface-oil-spill-cleaning-demo-using-aquaquick-2000\/\">Pavir\u0161ini\u0173 naftos i\u0161siliejim\u0173 valymo demonstracinis projektas naudojant AQUAQUICK 2000<\/a><\/li>\n\t<li id=\"menu-item-9021\" class=\"menu-item menu-item-type-post_type menu-item-object-page menu-item-9021\"><a href=\"https:\/\/www.aquaquick2000.com\/lt\/aquaquick-2000-media\/demo-media\/surface-oil-spill-cleaning-demo-using-aquaquick-2000-part-2\/\">Pavir\u0161ini\u0173 naftos i\u0161siliejim\u0173 valymo demonstracin\u0117 programa naudojant AQUAQUICK 2000 2 dalis<\/a><\/li>\n\t<li id=\"menu-item-9022\" class=\"menu-item menu-item-type-post_type menu-item-object-page menu-item-9022\"><a href=\"https:\/\/www.aquaquick2000.com\/lt\/aquaquick-2000-media\/demo-media\/tank-cleaning-demo-using-aquaquick-2000\/\">Demonstracinis rezervuar\u0173 valymo pavyzdys naudojant AQUAQUICK 2000<\/a><\/li>\n\t<li id=\"menu-item-9023\" class=\"menu-item menu-item-type-post_type menu-item-object-page menu-item-9023\"><a href=\"https:\/\/www.aquaquick2000.com\/lt\/aquaquick-2000-media\/demo-media\/tank-cleaning-demo-using-aquaquick-2000-part-2\/\">Tanko valymo demonstracija naudojant AQUAQUICK 2000 2 dalis<\/a><\/li>\n\t<li id=\"menu-item-9024\" class=\"menu-item menu-item-type-post_type menu-item-object-page menu-item-9024\"><a href=\"https:\/\/www.aquaquick2000.com\/lt\/aquaquick-2000-media\/demo-media\/ultra-sonic-cleaning-in-combination-with-aquaquick-2000\/\">Ultragarsinis valymas kartu su \"AQUAQUICK 2000<\/a><\/li>\n\t<li id=\"menu-item-9025\" class=\"menu-item menu-item-type-post_type menu-item-object-page menu-item-9025\"><a href=\"https:\/\/www.aquaquick2000.com\/lt\/aquaquick-2000-media\/demo-media\/umw-petrodril-soil-wash-using-aquaquick-2000\/\">UMW Petrodril Dirvo\u017eemio plovimas naudojant AQUAQUICK 2000<\/a><\/li>\n<\/ul>\n<\/li>\n<li id=\"menu-item-8760\" class=\"menu-item menu-item-type-post_type menu-item-object-page menu-item-8760\"><a href=\"https:\/\/www.aquaquick2000.com\/lt\/aquaquick-2000-media\/history-media\/\">Istorija \u017diniasklaida<\/a><\/li>\n<li id=\"menu-item-8761\" class=\"menu-item menu-item-type-post_type menu-item-object-page menu-item-8761\"><a href=\"https:\/\/www.aquaquick2000.com\/lt\/aquaquick-2000-media\/branding-media\/\">Prek\u0117s \u017eenklo \u017einiasklaida<\/a><\/li>\n<li id=\"menu-item-8735\" class=\"menu-item menu-item-type-post_type menu-item-object-page menu-item-8735\"><a href=\"https:\/\/www.aquaquick2000.com\/lt\/aquaquick-2000-media\/product-media\/\">Produktas \u017diniasklaida<\/a><\/li>\n<li id=\"menu-item-8759\" class=\"menu-item menu-item-type-post_type menu-item-object-page menu-item-8759\"><a href=\"https:\/\/www.aquaquick2000.com\/lt\/aquaquick-2000-media\/training-materials\/\">Mokymo med\u017eiaga<\/a><\/li>\n<li id=\"menu-item-8758\" class=\"menu-item menu-item-type-post_type menu-item-object-page menu-item-8758\"><a href=\"https:\/\/www.aquaquick2000.com\/lt\/aquaquick-2000-media\/additional-media\/\">Papildoma \u017einiasklaida<\/a><\/li>\n<\/ul><\/div><\/ul>\n\n\t<div id=\"gap-772252817\" class=\"gap-element clearfix\" style=\"display:block; height:auto;\">\n\t\t\n<style>\n#gap-772252817 {\n  padding-top: 10px;\n}\n<\/style>\n\t<\/div>\n\t\n\n\n\t\t<\/div>\n\t\t\t\t\n<style>\n#col-930380454 > .col-inner {\n  padding: 15px 15px 0px 15px;\n}\n<\/style>\n\t<\/div>\n\n\t\n\n\t<div id=\"col-2139058214\" class=\"col medium-9 small-12 large-9\"  >\n\t\t\t\t<div class=\"col-inner\"  >\n\t\t\t\n\t\t\t\n\n<p class=\"lead shortcode-error text-center\">Atsipra\u0161ome, puslapi\u0173 nerasta<\/p>\n  \n    <div class=\"row large-columns-3 medium-columns- small-columns-2 has-shadow row-box-shadow-2 row-box-shadow-4-hover\" >\n  <\/div>\n\n\n\t\t<\/div>\n\t\t\t\t\t<\/div>\n\n\t\n\n<\/div>\n\n\t\t<\/div>\n\n\t\t\n<style>\n#section_638718905 {\n  padding-top: 30px;\n  padding-bottom: 30px;\n  background-color: rgb(242, 242, 242);\n}\n<\/style>\n\t<\/section>","protected":false},"excerpt":{"rendered":"","protected":false},"author":1,"featured_media":8754,"parent":8730,"menu_order":0,"comment_status":"closed","ping_status":"closed","template":"page-blank.php","meta":{"cybocfi_hide_featured_image":"","footnotes":"","_links_to":"","_links_to_target":""},"class_list":["post-8739","page","type-page","status-publish","has-post-thumbnail","hentry"],"_links":{"self":[{"href":"https:\/\/www.aquaquick2000.com\/lt\/wp-json\/wp\/v2\/pages\/8739","targetHints":{"allow":["GET"]}}],"collection":[{"href":"https:\/\/www.aquaquick2000.com\/lt\/wp-json\/wp\/v2\/pages"}],"about":[{"href":"https:\/\/www.aquaquick2000.com\/lt\/wp-json\/wp\/v2\/types\/page"}],"author":[{"embeddable":true,"href":"https:\/\/www.aquaquick2000.com\/lt\/wp-json\/wp\/v2\/users\/1"}],"replies":[{"embeddable":true,"href":"https:\/\/www.aquaquick2000.com\/lt\/wp-json\/wp\/v2\/comments?post=8739"}],"version-history":[{"count":0,"href":"https:\/\/www.aquaquick2000.com\/lt\/wp-json\/wp\/v2\/pages\/8739\/revisions"}],"up":[{"embeddable":true,"href":"https:\/\/www.aquaquick2000.com\/lt\/wp-json\/wp\/v2\/pages\/8730"}],"wp:featuredmedia":[{"embeddable":true,"href":"https:\/\/www.aquaquick2000.com\/lt\/wp-json\/wp\/v2\/media\/8754"}],"wp:attachment":[{"href":"https:\/\/www.aquaquick2000.com\/lt\/wp-json\/wp\/v2\/media?parent=8739"}],"curies":[{"name":"wp","href":"https:\/\/api.w.org\/{rel}","templated":true}]}}