{"id":9215,"date":"2023-01-12T14:25:11","date_gmt":"2023-01-12T14:25:11","guid":{"rendered":"https:\/\/www.aquaquick2000.com\/?page_id=9215"},"modified":"2023-01-27T10:31:31","modified_gmt":"2023-01-27T10:31:31","slug":"provert-srl","status":"publish","type":"page","link":"https:\/\/www.aquaquick2000.com\/lt\/distributors\/provert-srl\/","title":{"rendered":"PROVERT SRL"},"content":{"rendered":"<section class=\"section\" id=\"section_1848934510\">\n\t\t<div class=\"section-bg fill\" >\n\t\t\t<img decoding=\"async\" width=\"1920\" height=\"441\" src=\"https:\/\/b3871678.smushcdn.com\/3871678\/wp-content\/uploads\/2020\/09\/aquaquick-2000-oil-cleaning-waterwave.jpg?lossy=2&strip=1&webp=1\" class=\"bg attachment- size-\" alt=\"\" title=\"\" srcset=\"https:\/\/b3871678.smushcdn.com\/3871678\/wp-content\/uploads\/2020\/09\/aquaquick-2000-oil-cleaning-waterwave.jpg?lossy=2&amp;strip=1&amp;webp=1 1920w, https:\/\/b3871678.smushcdn.com\/3871678\/wp-content\/uploads\/2020\/09\/aquaquick-2000-oil-cleaning-waterwave-510x117.jpg?lossy=2&amp;strip=1&amp;webp=1 510w, https:\/\/b3871678.smushcdn.com\/3871678\/wp-content\/uploads\/2020\/09\/aquaquick-2000-oil-cleaning-waterwave-500x115.jpg?lossy=2&amp;strip=1&amp;webp=1 500w, https:\/\/b3871678.smushcdn.com\/3871678\/wp-content\/uploads\/2020\/09\/aquaquick-2000-oil-cleaning-waterwave-1280x294.jpg?lossy=2&amp;strip=1&amp;webp=1 1280w, https:\/\/b3871678.smushcdn.com\/3871678\/wp-content\/uploads\/2020\/09\/aquaquick-2000-oil-cleaning-waterwave-768x176.jpg?lossy=2&amp;strip=1&amp;webp=1 768w, https:\/\/b3871678.smushcdn.com\/3871678\/wp-content\/uploads\/2020\/09\/aquaquick-2000-oil-cleaning-waterwave-1536x353.jpg?lossy=2&amp;strip=1&amp;webp=1 1536w, https:\/\/b3871678.smushcdn.com\/3871678\/wp-content\/uploads\/2020\/09\/aquaquick-2000-oil-cleaning-waterwave.jpg?size=204x47&amp;lossy=2&amp;strip=1&amp;webp=1 204w, https:\/\/b3871678.smushcdn.com\/3871678\/wp-content\/uploads\/2020\/09\/aquaquick-2000-oil-cleaning-waterwave.jpg?size=408x94&amp;lossy=2&amp;strip=1&amp;webp=1 408w, https:\/\/b3871678.smushcdn.com\/3871678\/wp-content\/uploads\/2020\/09\/aquaquick-2000-oil-cleaning-waterwave.jpg?size=612x141&amp;lossy=2&amp;strip=1&amp;webp=1 612w, https:\/\/b3871678.smushcdn.com\/3871678\/wp-content\/uploads\/2020\/09\/aquaquick-2000-oil-cleaning-waterwave.jpg?size=1020x234&amp;lossy=2&amp;strip=1&amp;webp=1 1020w\" sizes=\"(max-width: 1920px) 100vw, 1920px\">\t\t\t\t\t\t<div class=\"section-bg-overlay absolute fill\"><\/div>\n\t\t\t\n\n\t\t<\/div>\n\n\t\t\n\n\t\t<div class=\"section-content relative\">\n\t\t\t\n\n<div class=\"row row-collapse align-equal\"  id=\"row-2144224359\">\n\n\n\t<div id=\"col-1787450934\" class=\"col small-12 large-12\"  >\n\t\t\t\t<div class=\"col-inner\"  >\n\t\t\t\n\t\t\t\n\n<h2 class=\"uppercase\" style=\"text-align: center;\">\"AQUAQUICK 2000\" Bolivijoje parduoda PROVERT SRL<\/h2>\n\n\n\t\t<\/div>\n\t\t\t\t\t<\/div>\n\n\t\n\n<\/div>\n\n\t\t<\/div>\n\n\t\t\n<style>\n#section_1848934510 {\n  padding-top: 45px;\n  padding-bottom: 45px;\n}\n#section_1848934510 .section-bg-overlay {\n  background-color: rgba(240, 240, 240, 0.64);\n}\n<\/style>\n\t<\/section>\n\t\n\n\t<section class=\"section\" id=\"section_169330076\">\n\t\t<div class=\"section-bg fill\" >\n\t\t\t\t\t\t\t\t\t<div class=\"section-bg-overlay absolute fill\"><\/div>\n\t\t\t\n\n\t\t<\/div>\n\n\t\t\n\n\t\t<div class=\"section-content relative\">\n\t\t\t\n\n<div class=\"row\"  id=\"row-932086512\">\n\n\n\t<div id=\"col-1902605593\" class=\"col medium-6 small-12 large-6\"  >\n\t\t\t\t<div class=\"col-inner\"  >\n\t\t\t\n\t\t\t\n\n<h3 class=\"widget-title\">AQUAQUICK 2000 platintojas Bolivijoje<\/h3>\n<p class=\"widget-title\">PROVERT SRL atstovauja visai eilei Europos gamintoj\u0173, kurie gamina darbo vietas ir tausoja aplink\u0105.<\/p>\n<p>PROVERT SRL si\u016blo plat\u0173 paslaug\u0173 spektr\u0105.<\/p>\n<p>PROVERT SRL turi licencij\u0105 prekiauti AQUAQUICK produktais Bolivijoje.<\/p>\n<p><em><strong>PROVERT SRL yra patvirtinta AQUAQUICK GLOBAL B.V.<\/strong><\/em><\/p>\n<h3>PROVERT SRL kontaktin\u0117 informacija<\/h3>\n<ul>\n<li class=\"bullet-arrow\">El. pa\u0161tas: <a href=\"mailto:info@vandoclean.nl\">Info@provertglobal.com<\/a><\/li>\n<li class=\"bullet-arrow\">Eduardo Sandoval: +59177552991<\/li>\n<li class=\"bullet-arrow\">Adresas: Adresas: Barrio Sirari calle Claveles #47<br>SANTA CRUZ-BOLIVIJA<\/li>\n<\/ul>\n<a href=\"https:\/\/www.aquaquick2000.com\/lt\/platintojai\/\" class=\"button primary\" >\n\t\t<span>Visi AQUAQUICK 2000 platintojai<\/span>\n\t<\/a>\n\n\n\n\t\t<\/div>\n\t\t\t\t\t<\/div>\n\n\t\n\n\t<div id=\"col-252380227\" class=\"col medium-6 small-12 large-6\"  >\n\t\t\t\t<div class=\"col-inner\" style=\"background-color:rgb(240, 240, 240);\" >\n\t\t\t\n\t\t\t\n\n<div class=\"accordion\">\n\n\t<div id=\"accordion-1061547611\" class=\"accordion-item\">\n\t\t<a id=\"accordion-1061547611-label\" class=\"accordion-title plain active\" href=\"#accordion-item-aquaquick-2000-in-bolivia\" aria-expanded=\"true\" aria-controls=\"accordion-1061547611-content\">\n\t\t\t<button class=\"toggle\" aria-label=\"Perjungti\"><i class=\"icon-angle-down\" aria-hidden=\"true\"><\/i><\/button>\n\t\t\t<span>AQUAQUICK 2000 Bolivijoje<\/span>\n\t\t<\/a>\n\t\t<div id=\"accordion-1061547611-content\" class=\"accordion-inner\" style=\"display: block;\" aria-labelledby=\"accordion-1061547611-label\">\n\t\t\t\n\n<p>Nor\u0117dami \u012fsigyti AQUAQUICK 2000 tiesiogiai <b>Bolivija<\/b>&nbsp;galite susisiekti su m\u016bs\u0173 vietiniu platintoju <strong>PROVERT SRL<\/strong>.<\/p>\n<p>\"AQUAQUICK 2000\" galima \u012fsigyti bet kurioje pasaulio \u0161alyje ir tai yra numeris vienas sprendimas naftos i\u0161siliejimams valyti.<\/p>\n\n\t\t<\/div>\n\t<\/div>\n\t\n\t<div id=\"accordion-4222225624\" class=\"accordion-item\">\n\t\t<a id=\"accordion-4222225624-label\" class=\"accordion-title plain\" href=\"#accordion-item-oil-spills-in-bolivia\" aria-expanded=\"false\" aria-controls=\"accordion-4222225624-content\">\n\t\t\t<button class=\"toggle\" aria-label=\"Perjungti\"><i class=\"icon-angle-down\" aria-hidden=\"true\"><\/i><\/button>\n\t\t\t<span>Naftos i\u0161siliejimai Bolivijoje<\/span>\n\t\t<\/a>\n\t\t<div id=\"accordion-4222225624-content\" class=\"accordion-inner\" aria-labelledby=\"accordion-4222225624-label\">\n\t\t\t\n\n<p>Norint nedelsiant i\u0161spr\u0119sti naftos i\u0161siliejimo problem\u0105, geriausia naudoti \"AQUAQUICK 2000\". Jei susid\u016br\u0117te su i\u0161siliejusia nafta <b>Bolivija <\/b>galite susisiekti su <strong>PROVERT SRL<\/strong> u\u017e AQUAQUICK 2000 tiekim\u0105.<\/p>\n\n\t\t<\/div>\n\t<\/div>\n\t\n\n<\/div>\n\t<div class=\"img has-hover x md-x lg-x y md-y lg-y\" id=\"image_902172998\">\n\t\t\t\t\t\t\t\t<div class=\"img-inner dark\" >\n\t\t\t<img decoding=\"async\" width=\"1020\" height=\"896\" data-src=\"https:\/\/b3871678.smushcdn.com\/3871678\/wp-content\/uploads\/2023\/01\/Prover-Cleaning-Solution-Aquaquick2000-Distributor.jpg?lossy=2&strip=1&webp=1\" class=\"attachment-large size-large lazyload\" alt=\"&quot;Provert SRL&quot; valymo tirpalo &quot;Aquaquick2000&quot; platintojas\" data-srcset=\"https:\/\/b3871678.smushcdn.com\/3871678\/wp-content\/uploads\/2023\/01\/Prover-Cleaning-Solution-Aquaquick2000-Distributor.jpg?lossy=2&strip=1&webp=1 1024w, https:\/\/b3871678.smushcdn.com\/3871678\/wp-content\/uploads\/2023\/01\/Prover-Cleaning-Solution-Aquaquick2000-Distributor-510x448.jpg?lossy=2&strip=1&webp=1 510w, https:\/\/b3871678.smushcdn.com\/3871678\/wp-content\/uploads\/2023\/01\/Prover-Cleaning-Solution-Aquaquick2000-Distributor-500x439.jpg?lossy=2&strip=1&webp=1 500w, https:\/\/b3871678.smushcdn.com\/3871678\/wp-content\/uploads\/2023\/01\/Prover-Cleaning-Solution-Aquaquick2000-Distributor-768x675.jpg?lossy=2&strip=1&webp=1 768w, https:\/\/b3871678.smushcdn.com\/3871678\/wp-content\/uploads\/2023\/01\/Prover-Cleaning-Solution-Aquaquick2000-Distributor.jpg?size=204x179&lossy=2&strip=1&webp=1 204w, https:\/\/b3871678.smushcdn.com\/3871678\/wp-content\/uploads\/2023\/01\/Prover-Cleaning-Solution-Aquaquick2000-Distributor.jpg?size=408x358&lossy=2&strip=1&webp=1 408w, https:\/\/b3871678.smushcdn.com\/3871678\/wp-content\/uploads\/2023\/01\/Prover-Cleaning-Solution-Aquaquick2000-Distributor.jpg?size=612x538&lossy=2&strip=1&webp=1 612w\" data-sizes=\"auto\" title=\"\" src=\"data:image\/svg+xml;base64,PHN2ZyB3aWR0aD0iMSIgaGVpZ2h0PSIxIiB4bWxucz0iaHR0cDovL3d3dy53My5vcmcvMjAwMC9zdmciPjwvc3ZnPg==\" style=\"--smush-placeholder-width: 1020px; --smush-placeholder-aspect-ratio: 1020\/896;\" data-original-sizes=\"(max-width: 1020px) 100vw, 1020px\">\t\t\t\t\t\t\n\t\t\t\t\t<\/div>\n\t\t\t\t\t\t\t\t\n<style>\n#image_902172998 {\n  width: 100%;\n}\n<\/style>\n\t<\/div>\n\t\n\n\n\t\t<\/div>\n\t\t\t\t\t<\/div>\n\n\t\n\n<\/div>\n\n\t\t<\/div>\n\n\t\t\n<style>\n#section_169330076 {\n  padding-top: 30px;\n  padding-bottom: 30px;\n  background-color: rgb(255, 255, 255);\n}\n#section_169330076 .section-bg-overlay {\n  background-color: rgba(240, 240, 240, 0);\n}\n<\/style>\n\t<\/section>","protected":false},"excerpt":{"rendered":"","protected":false},"author":1,"featured_media":9217,"parent":2564,"menu_order":0,"comment_status":"closed","ping_status":"closed","template":"page-blank.php","meta":{"cybocfi_hide_featured_image":"","footnotes":"","_links_to":"","_links_to_target":""},"class_list":["post-9215","page","type-page","status-publish","has-post-thumbnail","hentry"],"_links":{"self":[{"href":"https:\/\/www.aquaquick2000.com\/lt\/wp-json\/wp\/v2\/pages\/9215","targetHints":{"allow":["GET"]}}],"collection":[{"href":"https:\/\/www.aquaquick2000.com\/lt\/wp-json\/wp\/v2\/pages"}],"about":[{"href":"https:\/\/www.aquaquick2000.com\/lt\/wp-json\/wp\/v2\/types\/page"}],"author":[{"embeddable":true,"href":"https:\/\/www.aquaquick2000.com\/lt\/wp-json\/wp\/v2\/users\/1"}],"replies":[{"embeddable":true,"href":"https:\/\/www.aquaquick2000.com\/lt\/wp-json\/wp\/v2\/comments?post=9215"}],"version-history":[{"count":0,"href":"https:\/\/www.aquaquick2000.com\/lt\/wp-json\/wp\/v2\/pages\/9215\/revisions"}],"up":[{"embeddable":true,"href":"https:\/\/www.aquaquick2000.com\/lt\/wp-json\/wp\/v2\/pages\/2564"}],"wp:featuredmedia":[{"embeddable":true,"href":"https:\/\/www.aquaquick2000.com\/lt\/wp-json\/wp\/v2\/media\/9217"}],"wp:attachment":[{"href":"https:\/\/www.aquaquick2000.com\/lt\/wp-json\/wp\/v2\/media?parent=9215"}],"curies":[{"name":"wp","href":"https:\/\/api.w.org\/{rel}","templated":true}]}}