{"id":9530,"date":"2024-01-17T14:26:38","date_gmt":"2024-01-17T14:26:38","guid":{"rendered":"https:\/\/www.aquaquick2000.com\/?page_id=9530"},"modified":"2025-10-10T20:20:31","modified_gmt":"2025-10-10T20:20:31","slug":"apie-mus","status":"publish","type":"page","link":"https:\/\/www.aquaquick2000.com\/lt\/about-us\/","title":{"rendered":"Apie mus"},"content":{"rendered":"<section class=\"section\" id=\"section_416312997\">\n\t\t<div class=\"section-bg fill\" >\n\t\t\t\t\t\t\t\t\t\n\t\t\t\n\n\t\t<\/div>\n\n\t\t\n\n\t\t<div class=\"section-content relative\">\n\t\t\t\n\n<div class=\"row\"  id=\"row-1714243618\">\n\n\n\t<div id=\"col-28345331\" class=\"col medium-3 small-12 large-3\"  >\n\t\t<div class=\"is-sticky-column\"><div class=\"is-sticky-column__inner\">\t\t<div class=\"col-inner\"  >\n\t\t\t\n\t\t\t\n\n<a href=\"https:\/\/www.aquaquick2000.com\/lt\/apie-mus\/\" class=\"button alert lowercase expand navbuttons\" style=\"border-radius:2px;\">\n\t\t<span>Apie mus<\/span>\n\t<\/a>\n\n\n<a href=\"https:\/\/www.aquaquick2000.com\/lt\/gamybos-imone\/\" class=\"button alert lowercase expand navbuttons\" style=\"border-radius:2px;\">\n\t\t<span>Gamybos \u012fmon\u0117<\/span>\n\t<\/a>\n\n\n<a href=\"https:\/\/www.aquaquick2000.com\/lt\/aplinkosaugos-filosofija\/\" class=\"button alert lowercase expand navbuttons\" style=\"border-radius:2px;\">\n\t\t<span>Aplinkosaugos filosofija<\/span>\n\t<\/a>\n\n\n<a href=\"https:\/\/www.aquaquick2000.com\/lt\/tapkite-aquaquick-2000-perpardaveju\/\" class=\"button alert lowercase expand navbuttons\" style=\"border-radius:2px;\">\n\t\t<span>Tapimas perpardav\u0117ju<\/span>\n\t<\/a>\n\n\n<a href=\"https:\/\/www.aquaquick2000.com\/lt\/siuntimo-islaidos\/\" class=\"button alert lowercase expand navbuttons\" style=\"border-radius:2px;\">\n\t\t<span>Siuntimas ir i\u0161laidos<\/span>\n\t<\/a>\n\n\n<a href=\"https:\/\/www.aquaquick2000.com\/lt\/garantijos-pakeitimo-politika\/\" class=\"button alert lowercase expand navbuttons\" style=\"border-radius:2px;\">\n\t\t<span>Garantijos pakeitimo politika<\/span>\n\t<\/a>\n\n\n<a href=\"https:\/\/www.aquaquick2000.com\/lt\/grazinimo-politika\/\" class=\"button alert lowercase expand navbuttons\" style=\"border-radius:2px;\">\n\t\t<span>Gr\u0105\u017einimo politika<\/span>\n\t<\/a>\n\n\n\n\t\t<\/div>\n\t\t<\/div><\/div>\t\t\t<\/div>\n\n\t\n\n\t<div id=\"col-2072586761\" class=\"col medium-9 small-12 large-9 small-col-first\"  >\n\t\t\t\t<div class=\"col-inner\"  >\n\t\t\t\n\t\t\t\n\n<h1>Apie \"AQUAQUICK 2000<\/1><\/p>\n<h2>M\u016bs\u0173 kelion\u0117<\/h2>\n<p>Sveiki atvyk\u0119 \u012f \"AQUAQUICK 2000\", ekologi\u0161k\u0173 valymo sprendim\u0173 lyder\u0119. M\u016bs\u0173 b\u016bstin\u0117 \u012fsik\u016brusi Enschede, Nyderlanduose, o m\u016bs\u0173 istorija prasid\u0117jo nuo vizijos pakeisti valymo pramon\u0119 naudojant ne tik veiksmingus, bet ir aplinkai nekenksmingus produktus. Daugiau nei de\u0161imtmet\u012f trunkan\u010di\u0105 m\u016bs\u0173 kelion\u0119 l\u0117m\u0117 inovacijos, \u012fsipareigojimas kokybei ir gilus atsakomyb\u0117s jausmas m\u016bs\u0173 planetos at\u017evilgiu.<\/p>\n<h3>M\u016bs\u0173 misija<\/h3>\n<p>\"AQUAQUICK 2000\" misija yra paprasta, ta\u010diau labai svarbi: teikti auk\u0161\u010diausios kokyb\u0117s valymo sprendimus, saugan\u010dius aplink\u0105 ir tenkinan\u010dius \u012fvairius klient\u0173 poreikius. Siekiame kurti gaminius, kurie ne tik pasi\u017eymi puikiomis eksploatacin\u0117mis savyb\u0117mis, bet ir prisideda prie tvarios ateities. M\u016bs\u0173 tikslas - i\u0161 naujo apibr\u0117\u017eti valymo b\u016bd\u0105, si\u016blant saugius, veiksmingus ir aplinkai nekenksmingus sprendimus.<\/p>\n<h3>M\u016bs\u0173 produktai<\/h3>\n<p>M\u016bs\u0173 pagrindinis produktas \"Aquaquick 2000\" yra m\u016bs\u0173 misijos \u012fsik\u016bnijimas. Sukurtas po ilgame\u010di\u0173 i\u0161sami\u0173 tyrim\u0173, jis liudija m\u016bs\u0173 atsidavim\u0105 ekologi\u0161koms naujov\u0117ms. \"Aquaquick 2000\" yra universali, biologi\u0161kai skaidi valymo priemon\u0117, galinti spr\u0119sti \u012fvairius pramoninio ir buitinio valymo u\u017edavinius. M\u016bs\u0173 produktas u\u017etikrina nepriekai\u0161ting\u0105 \u0161var\u0105 ir kartu tausoja ekosistem\u0105 - nuo i\u0161siliejusios naftos iki kasdienio purvo.<\/p>\n<h3>M\u016bs\u0173 kokyb\u0117s u\u017etikrinimas<\/h3>\n<p>\"AQUAQUICK 2000\" kokyb\u0117 yra ne tik kriterijus, bet ir m\u016bs\u0173 egzistavimo pagrindas. M\u016bs\u0173 gaminiams taikomi grie\u017eti bandymai ir kokyb\u0117s kontrol\u0117s priemon\u0117s, kad jie atitikt\u0173 auk\u0161\u010diausius standartus. Esame \u012fsipareigoj\u0119 tiekti gaminius, kuri\u0173 veiksmingumu ir saugumu aplinkai m\u016bs\u0173 klientai gali pasitik\u0117ti.<\/p>\n<h3>M\u016bs\u0173 \u012fsipareigojimai aplinkosaugos srityje<\/h3>\n<p>\"AQUAQUICK 2000\" pagrindas - aplinkosauga. Siekiame kuo labiau suma\u017einti anglies dioksido p\u0117dsak\u0105 ir u\u017etikrinti, kad m\u016bs\u0173 gaminiai ir praktika teigiamai prisid\u0117t\u0173 prie aplinkos i\u0161saugojimo. Kiekvienas m\u016bs\u0173 \u017eingsnis - nuo tvari\u0173 ingredient\u0173 \u012fsigijimo iki ekologi\u0161k\u0173 gamybos proces\u0173 - yra suderintas su m\u016bs\u0173 \u012fsipareigojimais planetai.<\/p>\n<h2>M\u016bs\u0173 buvimas visame pasaulyje<\/h2>\n<p>AQUAQUICK 2000 poveikis per\u017eengia ribas. M\u016bs\u0173 gaminiai peln\u0117 pasaulin\u012f pripa\u017einim\u0105, o j\u0173 gamyba vykdoma \u012fvairiose \u0161alyse ir pramon\u0117s \u0161akose. Did\u017eiuojam\u0117s savo tarptautiniu mastu ir geb\u0117jimu si\u016blyti valymo sprendimus, atitinkan\u010dius pasaulinius standartus ir \u012fvairius klient\u0173 poreikius.<\/p>\n<h3>M\u016bs\u0173 dalyvavimas bendruomen\u0117s veikloje<\/h3>\n<p>Tikime, kad norime atsid\u0117koti bendruomenei, ir aktyviai dalyvaujame iniciatyvose, kuriomis skatinamas aplinkosauginis s\u0105moningumas ir tvarumas. \"AQUAQUICK 2000\" yra daugiau nei prek\u0117s \u017eenklas - tai bendruomen\u0117s, siekian\u010dios ekologi\u0161kesnio ir \u0161varesnio pasaulio, advokatas.<\/p>\n<h3>M\u016bs\u0173 ateities vizija<\/h3>\n<p>\u017dvelgdama \u012f ateit\u012f, \"AQUAQUICK 2000\" yra \u012fsipareigojusi nuolat diegti naujoves ir pl\u0117sti gamini\u0173 asortiment\u0105, kad atitikt\u0173 besikei\u010dian\u010dius klient\u0173 poreikius ir aplinkosaugos i\u0161\u0161\u016bkius. Mes \u012fsivaizduojame ateit\u012f, kurioje valymas nekenkia m\u016bs\u0173 planetos sveikatai, ir esame pasiry\u017e\u0119 \u0161i\u0105 vizij\u0105 paversti realybe.<\/p>\n<h3>Prisijunkite prie m\u016bs\u0173 ie\u0161kojim\u0173<\/h3>\n<p>Kvie\u010diame prisijungti prie m\u016bs\u0173 ir siekti \u0161varesnio, ekologi\u0161kesnio pasaulio. Nesvarbu, ar esate verslininkas, ie\u0161kantis tvari\u0173 valymo sprendim\u0173, ar ekologi\u0161ko gyvenimo aistr\u0105 puosel\u0117jantis \u017emogus, \"AQUAQUICK 2000\" gali pasi\u016blyti k\u0105 nors kiekvienam. Drauge keiskime m\u016bs\u0173 planet\u0105 po vien\u0105 \u0161var\u0173 produkt\u0105.<\/p>\n\n\t\t<\/div>\n\t\t\t\t\t<\/div>\n\n\t\n\n<\/div>\n\n\t\t<\/div>\n\n\t\t\n<style>\n#section_416312997 {\n  padding-top: 30px;\n  padding-bottom: 30px;\n}\n<\/style>\n\t<\/section>","protected":false},"excerpt":{"rendered":"","protected":false},"author":1,"featured_media":0,"parent":0,"menu_order":0,"comment_status":"closed","ping_status":"closed","template":"","meta":{"cybocfi_hide_featured_image":"","footnotes":"","_links_to":"","_links_to_target":""},"class_list":["post-9530","page","type-page","status-publish","hentry"],"_links":{"self":[{"href":"https:\/\/www.aquaquick2000.com\/lt\/wp-json\/wp\/v2\/pages\/9530","targetHints":{"allow":["GET"]}}],"collection":[{"href":"https:\/\/www.aquaquick2000.com\/lt\/wp-json\/wp\/v2\/pages"}],"about":[{"href":"https:\/\/www.aquaquick2000.com\/lt\/wp-json\/wp\/v2\/types\/page"}],"author":[{"embeddable":true,"href":"https:\/\/www.aquaquick2000.com\/lt\/wp-json\/wp\/v2\/users\/1"}],"replies":[{"embeddable":true,"href":"https:\/\/www.aquaquick2000.com\/lt\/wp-json\/wp\/v2\/comments?post=9530"}],"version-history":[{"count":0,"href":"https:\/\/www.aquaquick2000.com\/lt\/wp-json\/wp\/v2\/pages\/9530\/revisions"}],"wp:attachment":[{"href":"https:\/\/www.aquaquick2000.com\/lt\/wp-json\/wp\/v2\/media?parent=9530"}],"curies":[{"name":"wp","href":"https:\/\/api.w.org\/{rel}","templated":true}]}}