{"id":9556,"date":"2024-01-17T15:06:55","date_gmt":"2024-01-17T15:06:55","guid":{"rendered":"https:\/\/www.aquaquick2000.com\/?page_id=9556"},"modified":"2025-06-12T12:22:08","modified_gmt":"2025-06-12T12:22:08","slug":"siuntimo-islaidos","status":"publish","type":"page","link":"https:\/\/www.aquaquick2000.com\/lt\/shipment-cost\/","title":{"rendered":"Shipment &#038; cost"},"content":{"rendered":"<section class=\"section\" id=\"section_748122592\">\n\t\t<div class=\"section-bg fill\" >\n\t\t\t\t\t\t\t\t\t\n\t\t\t\n\n\t\t<\/div>\n\n\t\t\n\n\t\t<div class=\"section-content relative\">\n\t\t\t\n\n<div class=\"row\"  id=\"row-2016565396\">\n\n\n\t<div id=\"col-2108668895\" class=\"col medium-3 small-12 large-3\"  >\n\t\t<div class=\"is-sticky-column\"><div class=\"is-sticky-column__inner\">\t\t<div class=\"col-inner\"  >\n\t\t\t\n\t\t\t\n\n<a href=\"https:\/\/www.aquaquick2000.com\/lt\/apie-mus\/\" class=\"button alert lowercase expand navbuttons\" style=\"border-radius:2px;\">\n\t\t<span>Apie mus<\/span>\n\t<\/a>\n\n\n<a href=\"https:\/\/www.aquaquick2000.com\/lt\/gamybos-imone\/\" class=\"button alert lowercase expand navbuttons\" style=\"border-radius:2px;\">\n\t\t<span>Gamybos \u012fmon\u0117<\/span>\n\t<\/a>\n\n\n<a href=\"https:\/\/www.aquaquick2000.com\/lt\/aplinkosaugos-filosofija\/\" class=\"button alert lowercase expand navbuttons\" style=\"border-radius:2px;\">\n\t\t<span>Aplinkosaugos filosofija<\/span>\n\t<\/a>\n\n\n<a href=\"https:\/\/www.aquaquick2000.com\/lt\/tapkite-aquaquick-2000-perpardaveju\/\" class=\"button alert lowercase expand navbuttons\" style=\"border-radius:2px;\">\n\t\t<span>Tapimas perpardav\u0117ju<\/span>\n\t<\/a>\n\n\n<a href=\"https:\/\/www.aquaquick2000.com\/lt\/siuntimo-islaidos\/\" class=\"button alert lowercase expand navbuttons\" style=\"border-radius:2px;\">\n\t\t<span>Siuntimas ir i\u0161laidos<\/span>\n\t<\/a>\n\n\n<a href=\"https:\/\/www.aquaquick2000.com\/lt\/garantijos-pakeitimo-politika\/\" class=\"button alert lowercase expand navbuttons\" style=\"border-radius:2px;\">\n\t\t<span>Garantijos pakeitimo politika<\/span>\n\t<\/a>\n\n\n<a href=\"https:\/\/www.aquaquick2000.com\/lt\/grazinimo-politika\/\" class=\"button alert lowercase expand navbuttons\" style=\"border-radius:2px;\">\n\t\t<span>Gr\u0105\u017einimo politika<\/span>\n\t<\/a>\n\n\n\n\t\t<\/div>\n\t\t<\/div><\/div>\t\t\t<\/div>\n\n\t\n\n\t<div id=\"col-280944421\" class=\"col medium-9 small-12 large-9 small-col-first\"  >\n\t\t\t\t<div class=\"col-inner\"  >\n\t\t\t\n\t\t\t\n\n<h1>Siuntimas ir i\u0161laidos<\/h1>\n<h4>Pristatymo b\u016bdas<\/h4>\n<p>\"AQUAQUICK 2000\" u\u017etikrina, kad m\u016bs\u0173 produktai b\u016bt\u0173 gabenami r\u016bpestingai ir efektyviai. Visi u\u017esakymai siun\u010diami standartiniais pristatymo b\u016bdais. Nor\u0117dami pateikti u\u017esakym\u0105, tiesiog apsilankykite m\u016bs\u0173 svetain\u0117je arba susisiekite su mumis el. pa\u0161tu. Gav\u0119 j\u016bs\u0173 u\u017esakym\u0105, \u012fskaitant mok\u0117jimo patvirtinim\u0105, pateiksime pritaikyt\u0105 pristatymo schem\u0105 pagal j\u016bs\u0173 konkre\u010di\u0105 \u0161al\u012f \/ vietov\u0119.<\/p>\n<h4>Darbo dienos<\/h4>\n<p>U\u017esakymus siun\u010diame tik darbo dienomis. M\u016bs\u0173 darbo dienos trunka nuo pirmadienio iki sekmadienio, i\u0161skyrus Europos S\u0105jungoje pripa\u017eintas valstybines \u0161ventes. \u0160is grafikas u\u017etikrina, kad j\u016bs\u0173 u\u017esakymas bus apdorotas ir i\u0161si\u0173stas greitai.<\/p>\n<h4>Pristatymo i\u0161laidos<\/h4>\n<p>U\u017esakymo pristatymo kain\u0105 lemia keli veiksniai: bendra u\u017esakymo suma, paskirties vieta ir pasirinktas pristatymo b\u016bdas. U\u017esakymams Europos S\u0105jungoje da\u017enai si\u016blome ma\u017eesnius pristatymo tarifus. U\u017esakymams, siun\u010diamiems u\u017e Europos S\u0105jungos rib\u0173, taikomos papildomos siuntimo i\u0161laidos. \u0160ios i\u0161laidos automati\u0161kai apskai\u010diuojamos pagal j\u016bs\u0173 u\u017esakym\u0105 ir patvirtinamos prane\u0161ant el. pa\u0161tu.<\/p>\n<p><strong>Atkreipkite d\u0117mes\u012f:<\/strong> Pristatant u\u017e Europos rib\u0173, \u012f m\u016bs\u0173 siuntimo i\u0161laidas ne\u012fskai\u010diuoti muito ir importo mokes\u010diai. \u0160ios papildomos i\u0161laidos skai\u010diuojamos atvykus siuntai \u012f j\u016bs\u0173 \u0161al\u012f ir u\u017e jas atsako gav\u0117jas.<\/p>\n<h3>Numatomos pristatymo dienos pagal \u0161al\u012f<\/h3>\n<h4>Europoje<\/h4>\n<ul>\n<li>Austrija: 4 - 6 dienos<\/li>\n<li>Belgija: 1 diena<\/li>\n<li>Bulgarija: 4 - 6 dienos<\/li>\n<li>Kroatija: 4 - 6 dienos<\/li>\n<li>\u010cekija: 4 - 6 dienos<\/li>\n<li>Danija: 4 - 6 dienos<\/li>\n<li>Estija: 4 - 6 dienos<\/li>\n<li>Suomija: 4 - 6 dienos<\/li>\n<li>Pranc\u016bzija: 4 - 6 dienos<\/li>\n<li>Vokietija: 4 - 6 dienos<\/li>\n<li>Graikija: 4 - 6 dienos<\/li>\n<li>Vengrija: 4 - 6 dienos<\/li>\n<li>Airija: 4 - 6 dienos<\/li>\n<li>Italija: 4 - 6 dienos<\/li>\n<li>Latvija: 4 - 6 dienos<\/li>\n<li>Lietuva: 4 - 6 dienos<\/li>\n<li>Liuksemburgas: 4 - 6 dienos<\/li>\n<li>Lenkija: 4 - 6 dienos<\/li>\n<li>Portugalija: 4 - 6 dienos<\/li>\n<li>Rumunija: 5 - 7 dienos<\/li>\n<li>Slovakija: 4 - 6 dienos<\/li>\n<li>Slov\u0117nija: 4 - 6 dienos<\/li>\n<li>Ispanija: 4 - 6 dienos<\/li>\n<li>\u0160vedija: 4 - 6 dienos<\/li>\n<li>Nyderlandai: 2 - 3 dienos<\/li>\n<\/ul>\n<h4>Tarptautiniai u\u017esakymai (u\u017e Europos rib\u0173)<\/h4>\n<p>U\u017esakym\u0173, siun\u010diam\u0173 u\u017e Europos rib\u0173, apdorojimas priklauso nuo pasirinkto pristatymo b\u016bdo, u\u017esakyt\u0173 produkt\u0173 kiekio ir \u012fvairi\u0173 kit\u0173 s\u0105lyg\u0173.<\/p>\n<h3>Apribojimai<\/h3>\n<p>Atkreipkite d\u0117mes\u012f, kad u\u017esakymai internetu negali b\u016bti teikiami pristatymo adresais, esan\u010diais u\u017e Europos S\u0105jungos rib\u0173. \u0160is apribojimas taip pat taikomas tam tikriems regionams, pavyzd\u017eiui, Grenlandijai, Farer\u0173 saloms, tam tikroms atokioms saloms ir tam tikroms u\u017ej\u016brio teritorijoms. D\u0117l u\u017esakym\u0173 \u012f \u0161iuos regionus kreipkit\u0117s \u012f m\u016bs\u0173 klient\u0173 aptarnavimo tarnyb\u0105 adresu <a href=\"mailto:business@aquaquick2000.com\" target=\"_new\" rel=\"noopener\">business@aquaquick2000.com<\/a>.<\/p>\n<h3>J\u016bs\u0173 u\u017esakymo steb\u0117jimas<\/h3>\n<p>Apdorojus u\u017esakym\u0105 m\u016bs\u0173 sand\u0117lyje, jei reikia, bus suteiktas sekimo numeris. Gausite prane\u0161im\u0105, kai j\u016bs\u0173 siuntinys i\u0161keliaus i\u0161 m\u016bs\u0173 sand\u0117lio. Atkreipkite d\u0117mes\u012f, kad kurjerio sistemoje sekimo informacija gali b\u016bti matoma iki 48 valand\u0173.<\/p>\n<h3>U\u017esakymo b\u016bsenos paie\u0161ka<\/h3>\n<p>Galite lengvai steb\u0117ti savo u\u017esakymo b\u016bsen\u0105:<\/p>\n<ul>\n<li><strong>Patikrinkite savo el. pa\u0161t\u0105:<\/strong> Naujienas apie u\u017esakymo b\u016bsen\u0105 gausite mok\u0117jimo proceso metu nurodytu el. pa\u0161to adresu.<\/li>\n<li><strong>Apsilankykite m\u016bs\u0173 svetain\u0117je:<\/strong> Prisijunkite prie savo paskyros <a href=\"http:\/\/www.aquaquick2000.com\/lt\/\" target=\"_new\" rel=\"noopener\">www.aquaquick2000.com<\/a> kad gal\u0117tum\u0117te per\u017ei\u016br\u0117ti savo u\u017esakym\u0173 istorij\u0105, \u012fskaitant laukian\u010dius, tolesnius ir ankstesnius u\u017esakymus.<\/li>\n<li><strong>Susisiekite su mumis:<\/strong> Jei turite papildom\u0173 klausim\u0173 d\u0117l u\u017esakymo, kreipkit\u0117s \u012f m\u016bs\u0173 klient\u0173 aptarnavimo tarnyb\u0105 adresu <a href=\"mailto:business@aquaquick2000.com\" target=\"_new\" rel=\"noopener\">business@aquaquick2000.com<\/a>.<\/li>\n<\/ul>\n\n\t\t<\/div>\n\t\t\t\t\t<\/div>\n\n\t\n\n<\/div>\n\n\t\t<\/div>\n\n\t\t\n<style>\n#section_748122592 {\n  padding-top: 30px;\n  padding-bottom: 30px;\n}\n<\/style>\n\t<\/section>","protected":false},"excerpt":{"rendered":"","protected":false},"author":1,"featured_media":0,"parent":0,"menu_order":0,"comment_status":"closed","ping_status":"closed","template":"","meta":{"cybocfi_hide_featured_image":"","footnotes":"","_links_to":"","_links_to_target":""},"class_list":["post-9556","page","type-page","status-publish","hentry"],"_links":{"self":[{"href":"https:\/\/www.aquaquick2000.com\/lt\/wp-json\/wp\/v2\/pages\/9556","targetHints":{"allow":["GET"]}}],"collection":[{"href":"https:\/\/www.aquaquick2000.com\/lt\/wp-json\/wp\/v2\/pages"}],"about":[{"href":"https:\/\/www.aquaquick2000.com\/lt\/wp-json\/wp\/v2\/types\/page"}],"author":[{"embeddable":true,"href":"https:\/\/www.aquaquick2000.com\/lt\/wp-json\/wp\/v2\/users\/1"}],"replies":[{"embeddable":true,"href":"https:\/\/www.aquaquick2000.com\/lt\/wp-json\/wp\/v2\/comments?post=9556"}],"version-history":[{"count":0,"href":"https:\/\/www.aquaquick2000.com\/lt\/wp-json\/wp\/v2\/pages\/9556\/revisions"}],"wp:attachment":[{"href":"https:\/\/www.aquaquick2000.com\/lt\/wp-json\/wp\/v2\/media?parent=9556"}],"curies":[{"name":"wp","href":"https:\/\/api.w.org\/{rel}","templated":true}]}}