{"id":9560,"date":"2024-01-17T19:44:55","date_gmt":"2024-01-17T19:44:55","guid":{"rendered":"https:\/\/www.aquaquick2000.com\/?page_id=9560"},"modified":"2025-06-12T12:18:27","modified_gmt":"2025-06-12T12:18:27","slug":"garantijos-pakeitimo-politika","status":"publish","type":"page","link":"https:\/\/www.aquaquick2000.com\/lt\/warranty-replacement-policy\/","title":{"rendered":"Warranty &#038; Replacement Policy"},"content":{"rendered":"<section class=\"section\" id=\"section_917039876\">\n\t\t<div class=\"section-bg fill\" >\n\t\t\t\t\t\t\t\t\t\n\t\t\t\n\n\t\t<\/div>\n\n\t\t\n\n\t\t<div class=\"section-content relative\">\n\t\t\t\n\n<div class=\"row\"  id=\"row-1137241140\">\n\n\n\t<div id=\"col-874331869\" class=\"col medium-3 small-12 large-3\"  >\n\t\t<div class=\"is-sticky-column\"><div class=\"is-sticky-column__inner\">\t\t<div class=\"col-inner\"  >\n\t\t\t\n\t\t\t\n\n<a href=\"https:\/\/www.aquaquick2000.com\/lt\/apie-mus\/\" class=\"button alert lowercase expand navbuttons\" style=\"border-radius:2px;\">\n\t\t<span>Apie mus<\/span>\n\t<\/a>\n\n\n<a href=\"https:\/\/www.aquaquick2000.com\/lt\/gamybos-imone\/\" class=\"button alert lowercase expand navbuttons\" style=\"border-radius:2px;\">\n\t\t<span>Gamybos \u012fmon\u0117<\/span>\n\t<\/a>\n\n\n<a href=\"https:\/\/www.aquaquick2000.com\/lt\/aplinkosaugos-filosofija\/\" class=\"button alert lowercase expand navbuttons\" style=\"border-radius:2px;\">\n\t\t<span>Aplinkosaugos filosofija<\/span>\n\t<\/a>\n\n\n<a href=\"https:\/\/www.aquaquick2000.com\/lt\/tapkite-aquaquick-2000-perpardaveju\/\" class=\"button alert lowercase expand navbuttons\" style=\"border-radius:2px;\">\n\t\t<span>Tapimas perpardav\u0117ju<\/span>\n\t<\/a>\n\n\n<a href=\"https:\/\/www.aquaquick2000.com\/lt\/siuntimo-islaidos\/\" class=\"button alert lowercase expand navbuttons\" style=\"border-radius:2px;\">\n\t\t<span>Siuntimas ir i\u0161laidos<\/span>\n\t<\/a>\n\n\n<a href=\"https:\/\/www.aquaquick2000.com\/lt\/garantijos-pakeitimo-politika\/\" class=\"button alert lowercase expand navbuttons\" style=\"border-radius:2px;\">\n\t\t<span>Garantijos pakeitimo politika<\/span>\n\t<\/a>\n\n\n<a href=\"https:\/\/www.aquaquick2000.com\/lt\/grazinimo-politika\/\" class=\"button alert lowercase expand navbuttons\" style=\"border-radius:2px;\">\n\t\t<span>Gr\u0105\u017einimo politika<\/span>\n\t<\/a>\n\n\n\n\t\t<\/div>\n\t\t<\/div><\/div>\t\t\t<\/div>\n\n\t\n\n\t<div id=\"col-1723995087\" class=\"col medium-9 small-12 large-9 small-col-first\"  >\n\t\t\t\t<div class=\"col-inner\"  >\n\t\t\t\n\t\t\t\n\n<h1>Garantijos pakeitimo politika<\/h1>\n<h3>M\u016bs\u0173 \u012fsipareigojimas<\/h3>\n<p>\"AQUAQUICK\" yra \u012fsipareigojusi savo klientams tiekti auk\u0161tos kokyb\u0117s produktus. Mes palaikome savo gamini\u0173 meistri\u0161kum\u0105, o m\u016bs\u0173 siekis patenkinti klient\u0173 poreikius yra svarbiausias.<\/p>\n<h3>Garantijos politika<\/h3>\n<h4>Apr\u0117ptis<\/h4>\n<p>M\u016bs\u0173 garantija apima bet kokius med\u017eiagos ar gaminio defektus, atsiradusius \u012fprastai naudojant garantiniu laikotarpiu. Jei per \u0161\u012f laikotarp\u012f susidursite su problemomis, kilusiomis d\u0117l gamybos ar pakuot\u0117s defekt\u0173, mes jas i\u0161spr\u0119sime pagal m\u016bs\u0173 garantijos s\u0105lygas.<\/p>\n<h4>Garantinis laikotarpis<\/h4>\n<p>AQUAQUICK gamini\u0173 garantijos laikotarpis galioja nuo \u012fsigijimo datos. Konkre\u010di\u0105 informacij\u0105 apie garantijos trukm\u0119 rasite gaminio dokumentuose.<\/p>\n<h3>Pakeitimo politika<\/h3>\n<h4>Produkto problem\u0173 vertinimas<\/h4>\n<p>Jei manote, kad j\u016bs\u0173 AQUAQUICK gaminys turi gamybos ar pakuot\u0117s defekt\u0105, kvie\u010diame gr\u0105\u017einti gamin\u012f \u012fvertinti. Mes kruop\u0161\u010diai per\u017ei\u016br\u0117sime gr\u0105\u017eint\u0105 gamin\u012f, kad nustatytume problemos prie\u017east\u012f.<\/p>\n<h4>Pakeitimo s\u0105lygos<\/h4>\n<p>Produktas bus pakeistas, jei:<\/p>\n<ul>\n<li>Patvirtinta, kad problema kilo d\u0117l gamybos ar pakavimo klaid\u0173.<\/li>\n<li>Gaminio garantinis laikotarpis yra pasibaig\u0119s.<\/li>\n<li>Gaminys buvo naudojamas pagal paskirt\u012f ir nebuvo netinkamai naudojamas, apleistas ar pakeistas.<\/li>\n<\/ul>\n<h4>Produkt\u0173 gr\u0105\u017einimo procesas<\/h4>\n<ul>\n<li>Nor\u0117dami inicijuoti gr\u0105\u017einim\u0105, susisiekite su mumis el. pa\u0161tu business@aquaquick2000.com. Prid\u0117kite problemos apra\u0161ym\u0105 ir pirkimo \u012frodym\u0105.<\/li>\n<li>Gav\u0119 m\u016bs\u0173 komandos patvirtinim\u0105, i\u0161si\u0173skite gamin\u012f nurodytu gr\u0105\u017einimo adresu.<\/li>\n<li>Skirkite mums proting\u0105 laik\u0105, kad gautume ir patikrintume gamin\u012f.<\/li>\n<\/ul>\n<h4>Vertinimo rezultatai<\/h4>\n<ul>\n<li>Jei gaminys gali b\u016bti pakeistas, j\u012f pakeisime be joki\u0173 papildom\u0173 i\u0161laid\u0173.<\/li>\n<li>Jei gaminys negali b\u016bti pakeistas, prane\u0161ime prie\u017eastis ir aptarsime galimus variantus.<\/li>\n<\/ul>\n<h3>I\u0161imtys<\/h3>\n<p>\u0160i garantija netaikoma problemoms, atsiradusioms d\u0117l s\u0105lyg\u0173, veikimo sutrikim\u0173 ar \u017ealos, atsiradusios ne d\u0117l med\u017eiagos ar gaminio defekt\u0173. Ji taip pat netaikoma gaminiams, kurie buvo modifikuoti arba naudojami ne pagal paskirt\u012f.<\/p>\n<h3>Kontaktin\u0117 informacija<\/h3>\n<p>Jei turite klausim\u0173 arba norite inicijuoti gr\u0105\u017einimo proces\u0105, susisiekite su mumis \u0161iuo adresu:<\/p>\n<ul>\n<li><strong>El. pa\u0161tas:<\/strong> business@aquaquick2000.com<\/li>\n<li><strong>Telefonas:<\/strong> +31 6 412 938 51 &amp; +31 6 411 89 424<\/li>\n<\/ul>\n<p>Mes, \"AQUAQUICK\", siekiame u\u017etikrinti, kad m\u016bs\u0173 gaminiai jus tenkint\u0173, ir stengsim\u0117s i\u0161spr\u0119sti bet kokias problemas laikydamiesi m\u016bs\u0173 garantijos ir keitimo politikos.<\/p>\n\n\t\t<\/div>\n\t\t\t\t\t<\/div>\n\n\t\n\n<\/div>\n\n\t\t<\/div>\n\n\t\t\n<style>\n#section_917039876 {\n  padding-top: 30px;\n  padding-bottom: 30px;\n}\n<\/style>\n\t<\/section>","protected":false},"excerpt":{"rendered":"","protected":false},"author":1,"featured_media":0,"parent":0,"menu_order":0,"comment_status":"closed","ping_status":"closed","template":"","meta":{"cybocfi_hide_featured_image":"","footnotes":"","_links_to":"","_links_to_target":""},"class_list":["post-9560","page","type-page","status-publish","hentry"],"_links":{"self":[{"href":"https:\/\/www.aquaquick2000.com\/lt\/wp-json\/wp\/v2\/pages\/9560","targetHints":{"allow":["GET"]}}],"collection":[{"href":"https:\/\/www.aquaquick2000.com\/lt\/wp-json\/wp\/v2\/pages"}],"about":[{"href":"https:\/\/www.aquaquick2000.com\/lt\/wp-json\/wp\/v2\/types\/page"}],"author":[{"embeddable":true,"href":"https:\/\/www.aquaquick2000.com\/lt\/wp-json\/wp\/v2\/users\/1"}],"replies":[{"embeddable":true,"href":"https:\/\/www.aquaquick2000.com\/lt\/wp-json\/wp\/v2\/comments?post=9560"}],"version-history":[{"count":0,"href":"https:\/\/www.aquaquick2000.com\/lt\/wp-json\/wp\/v2\/pages\/9560\/revisions"}],"wp:attachment":[{"href":"https:\/\/www.aquaquick2000.com\/lt\/wp-json\/wp\/v2\/media?parent=9560"}],"curies":[{"name":"wp","href":"https:\/\/api.w.org\/{rel}","templated":true}]}}