{"id":9610,"date":"2024-01-17T23:11:25","date_gmt":"2024-01-17T23:11:25","guid":{"rendered":"https:\/\/www.aquaquick2000.com\/?page_id=9610"},"modified":"2025-06-12T12:23:39","modified_gmt":"2025-06-12T12:23:39","slug":"gamybos-imone","status":"publish","type":"page","link":"https:\/\/www.aquaquick2000.com\/lt\/production-plant\/","title":{"rendered":"Gamybos \u012fmon\u0117"},"content":{"rendered":"<section class=\"section\" id=\"section_583813586\">\n\t\t<div class=\"section-bg fill\" >\n\t\t\t\t\t\t\t\t\t\n\t\t\t\n\n\t\t<\/div>\n\n\t\t\n\n\t\t<div class=\"section-content relative\">\n\t\t\t\n\n<div class=\"row\"  id=\"row-654866036\">\n\n\n\t<div id=\"col-624942755\" class=\"col medium-3 small-12 large-3\"  >\n\t\t<div class=\"is-sticky-column\"><div class=\"is-sticky-column__inner\">\t\t<div class=\"col-inner\"  >\n\t\t\t\n\t\t\t\n\n<a href=\"https:\/\/www.aquaquick2000.com\/lt\/apie-mus\/\" class=\"button alert lowercase expand navbuttons\" style=\"border-radius:2px;\">\n\t\t<span>Apie mus<\/span>\n\t<\/a>\n\n\n<a href=\"https:\/\/www.aquaquick2000.com\/lt\/gamybos-imone\/\" class=\"button alert lowercase expand navbuttons\" style=\"border-radius:2px;\">\n\t\t<span>Gamybos \u012fmon\u0117<\/span>\n\t<\/a>\n\n\n<a href=\"https:\/\/www.aquaquick2000.com\/lt\/aplinkosaugos-filosofija\/\" class=\"button alert lowercase expand navbuttons\" style=\"border-radius:2px;\">\n\t\t<span>Aplinkosaugos filosofija<\/span>\n\t<\/a>\n\n\n<a href=\"https:\/\/www.aquaquick2000.com\/lt\/tapkite-aquaquick-2000-perpardaveju\/\" class=\"button alert lowercase expand navbuttons\" style=\"border-radius:2px;\">\n\t\t<span>Tapimas perpardav\u0117ju<\/span>\n\t<\/a>\n\n\n<a href=\"https:\/\/www.aquaquick2000.com\/lt\/siuntimo-islaidos\/\" class=\"button alert lowercase expand navbuttons\" style=\"border-radius:2px;\">\n\t\t<span>Siuntimas ir i\u0161laidos<\/span>\n\t<\/a>\n\n\n<a href=\"https:\/\/www.aquaquick2000.com\/lt\/garantijos-pakeitimo-politika\/\" class=\"button alert lowercase expand navbuttons\" style=\"border-radius:2px;\">\n\t\t<span>Garantijos pakeitimo politika<\/span>\n\t<\/a>\n\n\n<a href=\"https:\/\/www.aquaquick2000.com\/lt\/grazinimo-politika\/\" class=\"button alert lowercase expand navbuttons\" style=\"border-radius:2px;\">\n\t\t<span>Gr\u0105\u017einimo politika<\/span>\n\t<\/a>\n\n\n\n\t\t<\/div>\n\t\t<\/div><\/div>\t\t\t<\/div>\n\n\t\n\n\t<div id=\"col-1240204438\" class=\"col medium-9 small-12 large-9 small-col-first\"  >\n\t\t\t\t<div class=\"col-inner\"  >\n\t\t\t\n\t\t\t\n\n<h1>\"AQUAQUICK 2000\" gamykla<\/h1>\n<h3>Kukli prad\u017eia: Virtuv\u0117s naujov\u0117s<\/h3>\n<p>Kadaise kuklioje Nyderland\u0173 virtuv\u0117je vizionierius Henri de Vriesas prad\u0117jo kelion\u0119, kuri sukels revoliucij\u0105 ekologi\u0161k\u0173 valymo sprendim\u0173 pasaulyje. B\u016btent \u010dia, nam\u0173 s\u0105lygomis, tarp puod\u0173 ir keptuvi\u0173 triuk\u0161mo, gim\u0117 pirmoji AQUAQUICK 2000 versija. Henri, turintis a\u0161tr\u0173 prot\u0105 ir aistr\u0105 tvariems sprendimams, prad\u0117jo eksperimentuoti su \u012fvairiomis formul\u0117mis. Jo tikslas buvo ai\u0161kus, ta\u010diau ambicingas - sukurti valymo priemon\u0119, kuri b\u016bt\u0173 ir labai veiksminga, ir ekologi\u0161ka.<\/p>\n<h3>\u0160eimos fabriko epocha: Pagrindai: \u0161eimynin\u0117s \u0161eimos era.<\/h3>\n<p>Henri k\u016brinio veiksmingumas tapo akivaizdus, tod\u0117l nedidel\u0117s apimties gamyba virtuv\u0117je netrukus per\u017eeng\u0117 savo ribas. \u0160eima susitelk\u0117 prie Henri vizijos ir \u012fk\u016br\u0117 pirm\u0105j\u0105 AQUAQUICK \u0161eimos gamykl\u0105. Tai buvo vieta, kur inovacijos susitiko su atsidavimu. \u0160eimos fabrikas, kuriame vir\u0117 glaud\u017eios komandos energija, tapo tigliu, kuriame AQUAQUICK formul\u0117 buvo tobulinama, gerinama ir ruo\u0161iama platesnei auditorijai. \u0160is laikotarpis pasi\u017eym\u0117jo giliu bendruomeni\u0161kumo jausmu, kai kiekvienas AQUAQUICK 2000 buteliukas atspind\u0117jo \u0161eimos \u012fsipareigojim\u0105 siekti kokyb\u0117s ir atsakomyb\u0117s u\u017e aplink\u0105.<\/p>\n<h3>Pl\u0117tra: Didesn\u0117s vizijos link<\/h3>\n<p>Keli\u0105 nuo \u0161eimos fabriko iki didel\u0117s gamyklos paskatino did\u0117janti paklausa ir augantis unikali\u0173 AQUAQUICK 2000 savybi\u0173 pripa\u017einimas. Pasklidus \u0161iai \u017einiai, platintojai, pardav\u0117jai ir klientai i\u0161 \u012fvairi\u0173 sektori\u0173 prad\u0117jo ie\u0161koti AQUAQUICK 2000 d\u0117l jo neprilygstamo ekologi\u0161kumo ir veiksmingumo. At\u0117jo laikas Henri ir jo \u0161eimai i\u0161pl\u0117sti savo veikl\u0105, kad patenkint\u0173 did\u0117jan\u010di\u0105 paklaus\u0105.<\/p>\n<h3>Daugiamilijoninio sprendimo gimimas<\/h3>\n<p>Atsi\u017evelgiant \u012f augan\u010dius poreikius, buvo sumanyta moderni AQUAQUICK gamykla. \u0160i gamykla - did\u017eiulis \"AQUAQUICK 2000\" kelion\u0117s liudijimas - buvo suprojektuota taip, kad joje b\u016bt\u0173 suderintas mastas ir tvarumas. \u012erengta naujausiomis technologijomis ir laikantis auk\u0161\u010diausi\u0173 gamybos standart\u0173, gamykla tapo inovacij\u0173 ir didel\u0117s apimties gamybos centru. \u010cia AQUAQUICK 2000 buvo gaminamas ne tik didesniais kiekiais, bet ir vis daugiau d\u0117mesio skiriant aplinkos tausojimui ir kokybei.<\/p>\n<h3>\u0160iandien AQUAQUICK 2000: Pasaulinis ekologi\u0161kas mil\u017einas<\/h3>\n<p>\u0160iandien \"AQUAQUICK\" gamykla yra ekologi\u0161k\u0173 valymo sprendim\u0173 pasaulio \u0161vyturius. Tai vieta, kur paprasto virtuv\u0117s eksperimento palikimas \u012faustas \u012f kiekvien\u0105 gamin\u012f. \u012emon\u0117 aptarnauja pasaulin\u012f platintoj\u0173 ir klient\u0173 tinkl\u0105, kuri\u0173 kiekvienas siekia i\u0161skirtin\u0117s kokyb\u0117s ir aplinkosaugos saugumo, kur\u012f garantuoja \"AQUAQUICK 2000\".<\/p>\n<p>Gamykla veikia ne tik kaip gamybos centras, bet ir kaip tvarios pramon\u0117s praktikos simbolis. Tai Henri de Vrieso svajon\u0117s kulminacija - svajon\u0117s, kuri prasid\u0117jo kuklioje virtuv\u0117je ir i\u0161augo, kad pakeist\u0173 ekologi\u0161k\u0173 valymo sprendim\u0173 kra\u0161tovaizd\u012f.<\/p>\n<h3>T\u0119stinis inovacij\u0173 ir tvarumo palikimas<\/h3>\n<p>\"AQUAQUICK 2000\" toliau vystosi, ta\u010diau naujovi\u0173 dvasia ir \u012fsipareigojimas siekti tvarumo, kuris prasid\u0117jo Henri virtuv\u0117je, i\u0161lieka pagrindiniu \u012fmon\u0117s veiklos elementu. AQUAQUICK 2000 kelion\u0117 nuo \u0161eimos fabriko iki daugiamilijonin\u0117s gamyklos - tai vizijos, naujovi\u0173 ir giliai \u012fsi\u0161aknijusio \u012fsipareigojimo r\u016bpintis aplinka galios \u012frodymas.<\/p>\n<p>Sveiki atvyk\u0119 \u012f \"AQUAQUICK 2000\", ekologi\u0161k\u0173 valymo sprendim\u0173 lyder\u0119. M\u016bs\u0173 b\u016bstin\u0117 \u012fsik\u016brusi Enschede, Nyderlanduose, o m\u016bs\u0173 istorija prasid\u0117jo nuo vizijos pakeisti valymo pramon\u0119 naudojant ne tik veiksmingus, bet ir aplinkai nekenksmingus produktus. Daugiau nei de\u0161imtmet\u012f trunkan\u010di\u0105 m\u016bs\u0173 kelion\u0119 l\u0117m\u0117 inovacijos, \u012fsipareigojimas kokybei ir gilus atsakomyb\u0117s jausmas m\u016bs\u0173 planetos at\u017evilgiu.<\/p>\n<h3>M\u016bs\u0173 misija<\/h3>\n<p>\"AQUAQUICK 2000\" misija yra paprasta, ta\u010diau labai svarbi: teikti auk\u0161\u010diausios kokyb\u0117s valymo sprendimus, saugan\u010dius aplink\u0105 ir tenkinan\u010dius \u012fvairius klient\u0173 poreikius. Siekiame kurti gaminius, kurie ne tik pasi\u017eymi puikiomis eksploatacin\u0117mis savyb\u0117mis, bet ir prisideda prie tvarios ateities. M\u016bs\u0173 tikslas - i\u0161 naujo apibr\u0117\u017eti valymo b\u016bd\u0105, si\u016blant saugius, veiksmingus ir aplinkai nekenksmingus sprendimus.<\/p>\n<h3>M\u016bs\u0173 produktai<\/h3>\n<p>M\u016bs\u0173 pagrindinis produktas \"Aquaquick 2000\" yra m\u016bs\u0173 misijos \u012fsik\u016bnijimas. Sukurtas po ilgame\u010di\u0173 i\u0161sami\u0173 tyrim\u0173, jis liudija m\u016bs\u0173 atsidavim\u0105 ekologi\u0161koms naujov\u0117ms. \"Aquaquick 2000\" yra universali, biologi\u0161kai skaidi valymo priemon\u0117, galinti spr\u0119sti \u012fvairius pramoninio ir buitinio valymo u\u017edavinius. M\u016bs\u0173 produktas u\u017etikrina nepriekai\u0161ting\u0105 \u0161var\u0105 ir kartu tausoja ekosistem\u0105 - nuo i\u0161siliejusios naftos iki kasdienio purvo.<\/p>\n<h3>M\u016bs\u0173 kokyb\u0117s u\u017etikrinimas<\/h3>\n<p>\"AQUAQUICK 2000\" kokyb\u0117 yra ne tik kriterijus, bet ir m\u016bs\u0173 egzistavimo pagrindas. M\u016bs\u0173 gaminiams taikomi grie\u017eti bandymai ir kokyb\u0117s kontrol\u0117s priemon\u0117s, kad jie atitikt\u0173 auk\u0161\u010diausius standartus. Esame \u012fsipareigoj\u0119 tiekti gaminius, kuri\u0173 veiksmingumu ir saugumu aplinkai m\u016bs\u0173 klientai gali pasitik\u0117ti.<\/p>\n<h3>M\u016bs\u0173 \u012fsipareigojimai aplinkosaugos srityje<\/h3>\n<p>\"AQUAQUICK 2000\" pagrindas - aplinkosauga. Siekiame kuo labiau suma\u017einti anglies dioksido p\u0117dsak\u0105 ir u\u017etikrinti, kad m\u016bs\u0173 gaminiai ir praktika teigiamai prisid\u0117t\u0173 prie aplinkos i\u0161saugojimo. Kiekvienas m\u016bs\u0173 \u017eingsnis - nuo tvari\u0173 ingredient\u0173 \u012fsigijimo iki ekologi\u0161k\u0173 gamybos proces\u0173 - yra suderintas su m\u016bs\u0173 \u012fsipareigojimais planetai.<\/p>\n<h2>M\u016bs\u0173 buvimas visame pasaulyje<\/h2>\n<p>AQUAQUICK 2000 poveikis per\u017eengia ribas. M\u016bs\u0173 gaminiai peln\u0117 pasaulin\u012f pripa\u017einim\u0105, o j\u0173 gamyba vykdoma \u012fvairiose \u0161alyse ir pramon\u0117s \u0161akose. Did\u017eiuojam\u0117s savo tarptautiniu mastu ir geb\u0117jimu si\u016blyti valymo sprendimus, atitinkan\u010dius pasaulinius standartus ir \u012fvairius klient\u0173 poreikius.<\/p>\n<h3>M\u016bs\u0173 dalyvavimas bendruomen\u0117s veikloje<\/h3>\n<p>Tikime, kad norime atsid\u0117koti bendruomenei, ir aktyviai dalyvaujame iniciatyvose, kuriomis skatinamas aplinkosauginis s\u0105moningumas ir tvarumas. \"AQUAQUICK 2000\" yra daugiau nei prek\u0117s \u017eenklas - tai bendruomen\u0117s, siekian\u010dios ekologi\u0161kesnio ir \u0161varesnio pasaulio, advokatas.<\/p>\n<h3>M\u016bs\u0173 ateities vizija<\/h3>\n<p>\u017dvelgdama \u012f ateit\u012f, \"AQUAQUICK 2000\" yra \u012fsipareigojusi nuolat diegti naujoves ir pl\u0117sti gamini\u0173 asortiment\u0105, kad atitikt\u0173 besikei\u010dian\u010dius klient\u0173 poreikius ir aplinkosaugos i\u0161\u0161\u016bkius. Mes \u012fsivaizduojame ateit\u012f, kurioje valymas nekenkia m\u016bs\u0173 planetos sveikatai, ir esame pasiry\u017e\u0119 \u0161i\u0105 vizij\u0105 paversti realybe.<\/p>\n<h3>Prisijunkite prie m\u016bs\u0173 ie\u0161kojim\u0173<\/h3>\n<p>Kvie\u010diame prisijungti prie m\u016bs\u0173 ir siekti \u0161varesnio, ekologi\u0161kesnio pasaulio. Nesvarbu, ar esate verslininkas, ie\u0161kantis tvari\u0173 valymo sprendim\u0173, ar ekologi\u0161ko gyvenimo aistr\u0105 puosel\u0117jantis \u017emogus, \"AQUAQUICK 2000\" gali pasi\u016blyti k\u0105 nors kiekvienam. Drauge keiskime m\u016bs\u0173 planet\u0105 po vien\u0105 \u0161var\u0173 produkt\u0105.<\/p>\n\n\t\t<\/div>\n\t\t\t\t\t<\/div>\n\n\t\n\n<\/div>\n\n\t\t<\/div>\n\n\t\t\n<style>\n#section_583813586 {\n  padding-top: 30px;\n  padding-bottom: 30px;\n}\n<\/style>\n\t<\/section>","protected":false},"excerpt":{"rendered":"","protected":false},"author":1,"featured_media":0,"parent":0,"menu_order":0,"comment_status":"closed","ping_status":"closed","template":"","meta":{"cybocfi_hide_featured_image":"","footnotes":"","_links_to":"","_links_to_target":""},"class_list":["post-9610","page","type-page","status-publish","hentry"],"_links":{"self":[{"href":"https:\/\/www.aquaquick2000.com\/lt\/wp-json\/wp\/v2\/pages\/9610","targetHints":{"allow":["GET"]}}],"collection":[{"href":"https:\/\/www.aquaquick2000.com\/lt\/wp-json\/wp\/v2\/pages"}],"about":[{"href":"https:\/\/www.aquaquick2000.com\/lt\/wp-json\/wp\/v2\/types\/page"}],"author":[{"embeddable":true,"href":"https:\/\/www.aquaquick2000.com\/lt\/wp-json\/wp\/v2\/users\/1"}],"replies":[{"embeddable":true,"href":"https:\/\/www.aquaquick2000.com\/lt\/wp-json\/wp\/v2\/comments?post=9610"}],"version-history":[{"count":0,"href":"https:\/\/www.aquaquick2000.com\/lt\/wp-json\/wp\/v2\/pages\/9610\/revisions"}],"wp:attachment":[{"href":"https:\/\/www.aquaquick2000.com\/lt\/wp-json\/wp\/v2\/media?parent=9610"}],"curies":[{"name":"wp","href":"https:\/\/api.w.org\/{rel}","templated":true}]}}