{"id":9643,"date":"2024-01-18T01:22:18","date_gmt":"2024-01-18T01:22:18","guid":{"rendered":"https:\/\/www.aquaquick2000.com\/?page_id=9643"},"modified":"2025-06-12T12:21:43","modified_gmt":"2025-06-12T12:21:43","slug":"aplinkosaugos-filosofija","status":"publish","type":"page","link":"https:\/\/www.aquaquick2000.com\/lt\/the-environmental-philosophy\/","title":{"rendered":"Aplinkosaugos filosofija"},"content":{"rendered":"<section class=\"section\" id=\"section_1121626676\">\n\t\t<div class=\"section-bg fill\" >\n\t\t\t\t\t\t\t\t\t\n\t\t\t\n\n\t\t<\/div>\n\n\t\t\n\n\t\t<div class=\"section-content relative\">\n\t\t\t\n\n<div class=\"row\"  id=\"row-1104121217\">\n\n\n\t<div id=\"col-1822499567\" class=\"col medium-3 small-12 large-3\"  >\n\t\t<div class=\"is-sticky-column\"><div class=\"is-sticky-column__inner\">\t\t<div class=\"col-inner\"  >\n\t\t\t\n\t\t\t\n\n<a href=\"https:\/\/www.aquaquick2000.com\/lt\/apie-mus\/\" class=\"button alert lowercase expand navbuttons\" style=\"border-radius:2px;\">\n\t\t<span>Apie mus<\/span>\n\t<\/a>\n\n\n<a href=\"https:\/\/www.aquaquick2000.com\/lt\/gamybos-imone\/\" class=\"button alert lowercase expand navbuttons\" style=\"border-radius:2px;\">\n\t\t<span>Gamybos \u012fmon\u0117<\/span>\n\t<\/a>\n\n\n<a href=\"https:\/\/www.aquaquick2000.com\/lt\/aplinkosaugos-filosofija\/\" class=\"button alert lowercase expand navbuttons\" style=\"border-radius:2px;\">\n\t\t<span>Aplinkosaugos filosofija<\/span>\n\t<\/a>\n\n\n<a href=\"https:\/\/www.aquaquick2000.com\/lt\/tapkite-aquaquick-2000-perpardaveju\/\" class=\"button alert lowercase expand navbuttons\" style=\"border-radius:2px;\">\n\t\t<span>Tapimas perpardav\u0117ju<\/span>\n\t<\/a>\n\n\n<a href=\"https:\/\/www.aquaquick2000.com\/lt\/siuntimo-islaidos\/\" class=\"button alert lowercase expand navbuttons\" style=\"border-radius:2px;\">\n\t\t<span>Siuntimas ir i\u0161laidos<\/span>\n\t<\/a>\n\n\n<a href=\"https:\/\/www.aquaquick2000.com\/lt\/garantijos-pakeitimo-politika\/\" class=\"button alert lowercase expand navbuttons\" style=\"border-radius:2px;\">\n\t\t<span>Garantijos pakeitimo politika<\/span>\n\t<\/a>\n\n\n<a href=\"https:\/\/www.aquaquick2000.com\/lt\/grazinimo-politika\/\" class=\"button alert lowercase expand navbuttons\" style=\"border-radius:2px;\">\n\t\t<span>Gr\u0105\u017einimo politika<\/span>\n\t<\/a>\n\n\n\n\t\t<\/div>\n\t\t<\/div><\/div>\t\t\t<\/div>\n\n\t\n\n\t<div id=\"col-674220276\" class=\"col medium-9 small-12 large-9 small-col-first\"  >\n\t\t\t\t<div class=\"col-inner\"  >\n\t\t\t\n\t\t\t\n\n<h1><strong>AQUAQUICK aplinkosaugos filosofija<\/strong><\/h1>\n<p>\u0160iais laikais, kai aplinkosauginis s\u0105moningumas yra ne tik pasirinkimas, bet ir b\u016btinyb\u0117, \"AQUAQUICK\" siekia pirmauti tvari\u0173, saugi\u0173 ir veiksming\u0173 valymo sprendim\u0173 srityje. M\u016bs\u0173 filosofija grind\u017eiama \u012fsitikinimu, kad r\u016bpinimasis planeta ir auk\u0161tos kokyb\u0117s produkt\u0173 tiekimas gali ir turi eiti koja kojon.<\/p>\n<h3>\u012esipareigojimas naudoti saugias ir tvarias \u017ealiavas<\/h3>\n<p><strong>Ekologi\u0161kai s\u0105moningas ingredient\u0173 pasirinkimas<\/strong> \"AQUAQUICK\" siekia suma\u017einti poveik\u012f aplinkai nuo pat prad\u017ei\u0173. Mes kruop\u0161\u010diai renkam\u0117s \u017ealiavas, pirmenyb\u0119 teikdami toms, kurios yra tvarios ir palieka minimal\u0173 ekologin\u012f p\u0117dsak\u0105. Atlikdami grie\u017et\u0105 analiz\u0119 vertiname toksi\u0161kum\u0105, poveik\u012f aplinkai ir alerginius profilius, u\u017etikrindami, kad kiekviena sudedamoji dalis teigiamai prisideda prie m\u016bs\u0173 produkt\u0173 veiksmingumo ir aplinkos saugos.<\/p>\n<p><strong>Grie\u017eti tiek\u0117j\u0173 standartai<\/strong> Savo tiek\u0117jams ir partneriams taikome auk\u0161\u010diausius aplinkosaugos standartus. AQUAQUICK gaminiuose naudojamos chemin\u0117s med\u017eiagos ir chemikalai \u012fsigyjami atsakingai, u\u017etikrinant, kad jie atitikt\u0173 m\u016bs\u0173 \u012fsipareigojim\u0105 u\u017etikrinti tvarum\u0105 ir saug\u0105.<\/p>\n<h3>Vandens tausojimas ir perdirbimas<\/h3>\n<p><strong>Inovatyvus vandens valdymas<\/strong> Vanduo yra brangus i\u0161teklius, tod\u0117l \"AQUAQUICK\" rimtai \u017ei\u016brime \u012f savo atsakomyb\u0119 u\u017e jo i\u0161saugojim\u0105. U\u017etikriname, kad beveik visas m\u016bs\u0173 procesuose naudojamas vanduo b\u016bt\u0173 perdirbamas ir i\u0161valomas atliekant kruop\u0161\u010di\u0105 mikrobiologin\u0119 kontrol\u0119, taip gerokai suma\u017eindami vandens p\u0117dsak\u0105 ir i\u0161laikydami auk\u0161tesn\u0119 m\u016bs\u0173 gamini\u0173 kokyb\u0119.<\/p>\n<h3>Logistinio poveikio ma\u017einimas<\/h3>\n<p><strong>Tvarus pakavimas ir transportavimas<\/strong> Stengiam\u0117s ma\u017einti logistikos poveik\u012f, nes did\u017ei\u0105j\u0105 dal\u012f pakuo\u010di\u0173 gaminame patys, taip suma\u017eindami nereikaling\u0105 transporto i\u0161metam\u0173 ter\u0161al\u0173 kiek\u012f. Gamini\u0173 pristatymui taikome \u012fvairiar\u016b\u0161io ve\u017eimo strategijas, kad kuo labiau suma\u017eintume keli\u0173 transport\u0105 ir taip dar labiau suma\u017eintume anglies dioksido emisij\u0105.<\/p>\n<h3>Ekologi\u0161ki ir universal\u016bs produktai<\/h3>\n<p><strong>Sukurta siekiant efektyvumo ir aplinkosaugos naudos<\/strong> Kiekvienas \"AQUAQUICK\" gaminys sukurtas atsi\u017evelgiant \u012f universalum\u0105. Siekiame ma\u017einti poveik\u012f aplinkai visais lygmenimis - nuo gamybos ir pakavimo iki platinimo ir naudojimo. Toks holistinis po\u017ei\u016bris u\u017etikrina, kad m\u016bs\u0173 gaminiai ne tik taupo i\u0161teklius, bet ir teikia ekonomin\u0119 naud\u0105 vartotojams. Mes tikime, kad kuriame sprendimus, kurie leid\u017eia pasiekti daugiau naudojant ma\u017eiau, skatindami ir aplinkos gerov\u0119, ir vartotoj\u0173 taupym\u0105.<\/p>\n\n\t\t<\/div>\n\t\t\t\t\t<\/div>\n\n\t\n\n<\/div>\n\n\t\t<\/div>\n\n\t\t\n<style>\n#section_1121626676 {\n  padding-top: 30px;\n  padding-bottom: 30px;\n}\n<\/style>\n\t<\/section>","protected":false},"excerpt":{"rendered":"","protected":false},"author":1,"featured_media":0,"parent":0,"menu_order":0,"comment_status":"closed","ping_status":"closed","template":"","meta":{"cybocfi_hide_featured_image":"","footnotes":"","_links_to":"","_links_to_target":""},"class_list":["post-9643","page","type-page","status-publish","hentry"],"_links":{"self":[{"href":"https:\/\/www.aquaquick2000.com\/lt\/wp-json\/wp\/v2\/pages\/9643","targetHints":{"allow":["GET"]}}],"collection":[{"href":"https:\/\/www.aquaquick2000.com\/lt\/wp-json\/wp\/v2\/pages"}],"about":[{"href":"https:\/\/www.aquaquick2000.com\/lt\/wp-json\/wp\/v2\/types\/page"}],"author":[{"embeddable":true,"href":"https:\/\/www.aquaquick2000.com\/lt\/wp-json\/wp\/v2\/users\/1"}],"replies":[{"embeddable":true,"href":"https:\/\/www.aquaquick2000.com\/lt\/wp-json\/wp\/v2\/comments?post=9643"}],"version-history":[{"count":0,"href":"https:\/\/www.aquaquick2000.com\/lt\/wp-json\/wp\/v2\/pages\/9643\/revisions"}],"wp:attachment":[{"href":"https:\/\/www.aquaquick2000.com\/lt\/wp-json\/wp\/v2\/media?parent=9643"}],"curies":[{"name":"wp","href":"https:\/\/api.w.org\/{rel}","templated":true}]}}