{"id":5707,"date":"2020-10-29T17:21:39","date_gmt":"2020-10-29T17:21:39","guid":{"rendered":"https:\/\/www.aquaquick2000.com\/?page_id=5707"},"modified":"2023-01-27T10:29:49","modified_gmt":"2023-01-27T10:29:49","slug":"ecologix-solutions","status":"publish","type":"page","link":"https:\/\/www.aquaquick2000.com\/nl\/distributors\/ecologix-solutions\/","title":{"rendered":"Ecologix-oplossingen"},"content":{"rendered":"<section class=\"section\" id=\"section_241731205\">\n\t\t<div class=\"section-bg fill\" >\n\t\t\t<img decoding=\"async\" width=\"1920\" height=\"441\" src=\"https:\/\/b3871678.smushcdn.com\/3871678\/wp-content\/uploads\/2020\/09\/aquaquick-2000-oil-cleaning-waterwave.jpg?lossy=2&strip=1&webp=1\" class=\"bg attachment- size-\" alt=\"\" title=\"\" srcset=\"https:\/\/b3871678.smushcdn.com\/3871678\/wp-content\/uploads\/2020\/09\/aquaquick-2000-oil-cleaning-waterwave.jpg?lossy=2&amp;strip=1&amp;webp=1 1920w, https:\/\/b3871678.smushcdn.com\/3871678\/wp-content\/uploads\/2020\/09\/aquaquick-2000-oil-cleaning-waterwave-510x117.jpg?lossy=2&amp;strip=1&amp;webp=1 510w, https:\/\/b3871678.smushcdn.com\/3871678\/wp-content\/uploads\/2020\/09\/aquaquick-2000-oil-cleaning-waterwave-500x115.jpg?lossy=2&amp;strip=1&amp;webp=1 500w, https:\/\/b3871678.smushcdn.com\/3871678\/wp-content\/uploads\/2020\/09\/aquaquick-2000-oil-cleaning-waterwave-1280x294.jpg?lossy=2&amp;strip=1&amp;webp=1 1280w, https:\/\/b3871678.smushcdn.com\/3871678\/wp-content\/uploads\/2020\/09\/aquaquick-2000-oil-cleaning-waterwave-768x176.jpg?lossy=2&amp;strip=1&amp;webp=1 768w, https:\/\/b3871678.smushcdn.com\/3871678\/wp-content\/uploads\/2020\/09\/aquaquick-2000-oil-cleaning-waterwave-1536x353.jpg?lossy=2&amp;strip=1&amp;webp=1 1536w, https:\/\/b3871678.smushcdn.com\/3871678\/wp-content\/uploads\/2020\/09\/aquaquick-2000-oil-cleaning-waterwave.jpg?size=204x47&amp;lossy=2&amp;strip=1&amp;webp=1 204w, https:\/\/b3871678.smushcdn.com\/3871678\/wp-content\/uploads\/2020\/09\/aquaquick-2000-oil-cleaning-waterwave.jpg?size=408x94&amp;lossy=2&amp;strip=1&amp;webp=1 408w, https:\/\/b3871678.smushcdn.com\/3871678\/wp-content\/uploads\/2020\/09\/aquaquick-2000-oil-cleaning-waterwave.jpg?size=612x141&amp;lossy=2&amp;strip=1&amp;webp=1 612w, https:\/\/b3871678.smushcdn.com\/3871678\/wp-content\/uploads\/2020\/09\/aquaquick-2000-oil-cleaning-waterwave.jpg?size=1020x234&amp;lossy=2&amp;strip=1&amp;webp=1 1020w\" sizes=\"(max-width: 1920px) 100vw, 1920px\">\t\t\t\t\t\t<div class=\"section-bg-overlay absolute fill\"><\/div>\n\t\t\t\n\n\t\t<\/div>\n\n\t\t\n\n\t\t<div class=\"section-content relative\">\n\t\t\t\n\n<div class=\"row row-collapse align-equal\"  id=\"row-1423901196\">\n\n\n\t<div id=\"col-105562978\" class=\"col small-12 large-12\"  >\n\t\t\t\t<div class=\"col-inner\"  >\n\t\t\t\n\t\t\t\n\n<p>&nbsp;<\/p>\n<h2 class=\"uppercase\" style=\"text-align: center;\">AQUAQUICK 2000 IN Maleisi\u00eb &amp; de Filippijnen IS VERKOCHT door Eco-logix Solutions<\/h2>\n\n\t\t<\/div>\n\t\t\t\t\t<\/div>\n\n\t\n\n<\/div>\n\n\t\t<\/div>\n\n\t\t\n<style>\n#section_241731205 {\n  padding-top: 45px;\n  padding-bottom: 45px;\n}\n#section_241731205 .section-bg-overlay {\n  background-color: rgba(240, 240, 240, 0.64);\n}\n<\/style>\n\t<\/section>\n\t\n\n\t<section class=\"section\" id=\"section_2147047955\">\n\t\t<div class=\"section-bg fill\" >\n\t\t\t\t\t\t\t\t\t<div class=\"section-bg-overlay absolute fill\"><\/div>\n\t\t\t\n\n\t\t<\/div>\n\n\t\t\n\n\t\t<div class=\"section-content relative\">\n\t\t\t\n\n<div class=\"row\"  id=\"row-2103283013\">\n\n\n\t<div id=\"col-2100135086\" class=\"col medium-6 small-12 large-6\"  >\n\t\t\t\t<div class=\"col-inner\"  >\n\t\t\t\n\t\t\t\n\n<h3 class=\"widget-title\">AQUAQUICK 2000 verdeler in Maleisi\u00eb<\/h3>\n<p>Ecologix Solutions is een offici\u00eble vertegenwoordiger van de AQUAQUICK producten.<br>Ecologix Solutions heeft een licentie om de AQUAQUICK-producten te mengen en te verkopen in Maleisi\u00eb, de Filippijnen en Thailand.<br><em><strong>Eco-Logix Solutions is erkend door AQUAQUICK GLOBAL B.V.<\/strong><\/em><\/p>\n<h3>Contactgegevens van Eco-Logix Solutions<\/h3>\n<ul>\n<li class=\"bullet-arrow\"><a href=\"https:\/\/www.ecologixsolutions.com\" target=\"_blank\" rel=\"noopener noreferrer\">www.ecologixsolutions.com<\/a><\/li>\n<li class=\"bullet-arrow\">Adres: 128 beach road, gateway east. level 28<\/li>\n<li class=\"bullet-arrow\">E-mailadres: Enquiry@ecologixsolutions.com<\/li>\n<li class=\"bullet-arrow\">Telefoon: +65 9003 6401<\/li>\n<\/ul>\n<a href=\"https:\/\/www.aquaquick2000.com\/nl\/distributeurs\/\" class=\"button primary\">\n\t\t<span>Alle distributeurs van AQUAQUICK 2000<\/span>\n\t<\/a>\n\n\n\n\t\t<\/div>\n\t\t\t\t\t<\/div>\n\n\t\n\n\t<div id=\"col-223584023\" class=\"col medium-6 small-12 large-6\"  >\n\t\t\t\t<div class=\"col-inner\" style=\"background-color:rgb(240, 240, 240);\" >\n\t\t\t\n\t\t\t\n\n<div class=\"accordion\">\n\n\t<div id=\"accordion-1828925005\" class=\"accordion-item\">\n\t\t<a id=\"accordion-1828925005-label\" class=\"accordion-title plain active\" href=\"#accordion-item-aquaquick-2000-in-malaysia\" aria-expanded=\"true\" aria-controls=\"accordion-1828925005-content\">\n\t\t\t<button class=\"toggle\" aria-label=\"Toggle\"><i class=\"icon-angle-down\" aria-hidden=\"true\"><\/i><\/button>\n\t\t\t<span>AQUAQUICK 2000 in Maleisi\u00eb<\/span>\n\t\t<\/a>\n\t\t<div id=\"accordion-1828925005-content\" class=\"accordion-inner\" style=\"display: block;\" aria-labelledby=\"accordion-1828925005-label\">\n\t\t\t\n\n<p>Om AQUAQUICK 2000 rechtstreeks te kopen in <strong>Maleisi\u00eb, Filippijnen of Thailand<\/strong> kunt u contact opnemen met onze lokale distributeur.<\/p>\n<p>AQUAQUICK 2000 kan in elk land ter wereld worden gekocht en is de beste oplossing voor het opruimen van olievlekken.<\/p>\n\n\t\t<\/div>\n\t<\/div>\n\t\n\t<div id=\"accordion-1845936733\" class=\"accordion-item\">\n\t\t<a id=\"accordion-1845936733-label\" class=\"accordion-title plain\" href=\"#accordion-item-oil-spills-in-malaysia,-philippines-and-thailand\" aria-expanded=\"false\" aria-controls=\"accordion-1845936733-content\">\n\t\t\t<button class=\"toggle\" aria-label=\"Toggle\"><i class=\"icon-angle-down\" aria-hidden=\"true\"><\/i><\/button>\n\t\t\t<span>Olievlekken in Maleisi\u00eb, de Filippijnen en Thailand<\/span>\n\t\t<\/a>\n\t\t<div id=\"accordion-1845936733-content\" class=\"accordion-inner\" aria-labelledby=\"accordion-1845936733-label\">\n\t\t\t\n\n<p>Voor een onmiddellijke milieuvriendelijke oplossing voor olielekkages gebruikt u best AQUAQUICK 2000. Als u olievlekken tegenkomt in <strong>Maleisi\u00eb, Filippijnen of Thailand<\/strong> kunt u contact opnemen met <strong>Ecologix-oplossingen<\/strong> voor de levering van AQUAQUICK 2000.<\/p>\n\n\t\t<\/div>\n\t<\/div>\n\t\n\t<div id=\"accordion-3354153082\" class=\"accordion-item\">\n\t\t<a id=\"accordion-3354153082-label\" class=\"accordion-title plain\" href=\"#accordion-item-about-ecologix-solutions\" aria-expanded=\"false\" aria-controls=\"accordion-3354153082-content\">\n\t\t\t<button class=\"toggle\" aria-label=\"Toggle\"><i class=\"icon-angle-down\" aria-hidden=\"true\"><\/i><\/button>\n\t\t\t<span>Over Ecologix-oplossingen<\/span>\n\t\t<\/a>\n\t\t<div id=\"accordion-3354153082-content\" class=\"accordion-inner\" aria-labelledby=\"accordion-3354153082-label\">\n\t\t\t\n\n<h3>Eco-Logix<\/h3>\n<ul>\n<li class=\"bullet-arrow\">Eco-logix werd in 1995 opgericht met het oog op de verkoop en levering van milieuvriendelijke producten en reinigingsdiensten in de regio Azi\u00eb-Pacific.<\/li>\n<li class=\"bullet-arrow\">Sinds haar oprichting is de onderneming actief geweest als waterzuiveringstechnisch bedrijf, handelsonderneming en productiefaciliteit voor ecoproducten.<\/li>\n<li class=\"bullet-arrow\">De recente opname van Eco-logix SApCom business heeft Eco-logix groep van bedrijven en hun distributeurs op de voorgrond van de milieu-engineering business wereldwijd geplaatst.<\/li>\n<\/ul>\n<h3>Bedrijfsvisie<\/h3>\n<p>Streven naar een toonaangevende professionele organisatie die milieubeheeroplossingen en -diensten aanbiedt in de industrie:<\/p>\n<ul>\n<li class=\"bullet-arrow\">Producten en diensten van superieure waarde leveren en consistente zakelijke relaties met onze klanten en distributeurs onderhouden en ontwikkelen.<\/li>\n<li class=\"bullet-arrow\">Wij streven ernaar onze technologie\u00ebn, nieuwe &amp; innovatieve producten, technische faciliteiten, vaardigheden en diensten voortdurend te verbeteren om onze gewaardeerde klanten beter van dienst te zijn.<\/li>\n<li class=\"bullet-arrow\">Alternatieve \"totale reinigingsoplossing\" en \"logische oplossingen voor de ecologie\".<\/li>\n<\/ul>\n<h3>Zakelijke missie<\/h3>\n<p>Om onze Bedrijfsvisie te verwezenlijken, hebben wij de volgende strategie\u00ebn aangenomen:<\/p>\n<ul>\n<li class=\"bullet-arrow\">Verwerving van geavanceerde technologie\u00ebn die ons in staat zullen stellen producten lokaal te vervaardigen.<\/li>\n<li class=\"bullet-arrow\">Marktpositionering voor onze milieuproducten en diensten in Zuidoost-Azi\u00eb, Noord-Azi\u00eb, Centraal-Azi\u00eb, Afrika en het Midden-Oosten (GCC) en Zuid-Amerika.<\/li>\n<li class=\"bullet-arrow\">Een effectief en effici\u00ebnt kostenbeheer bij het leveren van producten en diensten van hoge kwaliteit.<\/li>\n<li class=\"bullet-arrow\">Alternatieve milieuvriendelijke oplossingen bieden voor de reinigingspraktijken van diverse industrie\u00ebn.<\/li>\n<li class=\"bullet-arrow\">Zorgen voor totale klanttevredenheid, voldoen aan of overtreffen van de eisen.<\/li>\n<\/ul>\n\n\t\t<\/div>\n\t<\/div>\n\t\n\n<\/div>\n\t<div class=\"img has-hover x md-x lg-x y md-y lg-y\" id=\"image_1661139869\">\n\t\t\t\t\t\t\t\t<div class=\"img-inner dark\" >\n\t\t\t<img decoding=\"async\" width=\"500\" height=\"149\" data-src=\"https:\/\/b3871678.smushcdn.com\/3871678\/wp-content\/uploads\/2020\/09\/AQUAQUICK-2000-DISTRIBUTOR-LOGOS_0003_Eco-logix-logo-green-water-mark.jpg?lossy=2&strip=1&webp=1\" class=\"attachment-large size-large lazyload\" alt=\"\" title=\"\" data-srcset=\"https:\/\/b3871678.smushcdn.com\/3871678\/wp-content\/uploads\/2020\/09\/AQUAQUICK-2000-DISTRIBUTOR-LOGOS_0003_Eco-logix-logo-green-water-mark.jpg?lossy=2&amp;strip=1&amp;webp=1 500w, https:\/\/b3871678.smushcdn.com\/3871678\/wp-content\/uploads\/2020\/09\/AQUAQUICK-2000-DISTRIBUTOR-LOGOS_0003_Eco-logix-logo-green-water-mark.jpg?size=204x61&amp;lossy=2&amp;strip=1&amp;webp=1 204w, https:\/\/b3871678.smushcdn.com\/3871678\/wp-content\/uploads\/2020\/09\/AQUAQUICK-2000-DISTRIBUTOR-LOGOS_0003_Eco-logix-logo-green-water-mark.jpg?size=408x122&amp;lossy=2&amp;strip=1&amp;webp=1 408w\" data-sizes=\"auto\" src=\"data:image\/svg+xml;base64,PHN2ZyB3aWR0aD0iMSIgaGVpZ2h0PSIxIiB4bWxucz0iaHR0cDovL3d3dy53My5vcmcvMjAwMC9zdmciPjwvc3ZnPg==\" style=\"--smush-placeholder-width: 500px; --smush-placeholder-aspect-ratio: 500\/149;\" data-original-sizes=\"(max-width: 500px) 100vw, 500px\">\t\t\t\t\t\t\n\t\t\t\t\t<\/div>\n\t\t\t\t\t\t\t\t\n<style>\n#image_1661139869 {\n  width: 100%;\n}\n<\/style>\n\t<\/div>\n\t\n\n\n\t\t<\/div>\n\t\t\t\t\t<\/div>\n\n\t\n\n<\/div>\n\n\t\t<\/div>\n\n\t\t\n<style>\n#section_2147047955 {\n  padding-top: 30px;\n  padding-bottom: 30px;\n  background-color: rgb(255, 255, 255);\n}\n#section_2147047955 .section-bg-overlay {\n  background-color: rgba(240, 240, 240, 0);\n}\n<\/style>\n\t<\/section>","protected":false},"excerpt":{"rendered":"","protected":false},"author":1,"featured_media":5591,"parent":2564,"menu_order":0,"comment_status":"closed","ping_status":"closed","template":"page-blank.php","meta":{"cybocfi_hide_featured_image":"","footnotes":"","_links_to":"","_links_to_target":""},"class_list":["post-5707","page","type-page","status-publish","has-post-thumbnail","hentry"],"_links":{"self":[{"href":"https:\/\/www.aquaquick2000.com\/nl\/wp-json\/wp\/v2\/pages\/5707","targetHints":{"allow":["GET"]}}],"collection":[{"href":"https:\/\/www.aquaquick2000.com\/nl\/wp-json\/wp\/v2\/pages"}],"about":[{"href":"https:\/\/www.aquaquick2000.com\/nl\/wp-json\/wp\/v2\/types\/page"}],"author":[{"embeddable":true,"href":"https:\/\/www.aquaquick2000.com\/nl\/wp-json\/wp\/v2\/users\/1"}],"replies":[{"embeddable":true,"href":"https:\/\/www.aquaquick2000.com\/nl\/wp-json\/wp\/v2\/comments?post=5707"}],"version-history":[{"count":0,"href":"https:\/\/www.aquaquick2000.com\/nl\/wp-json\/wp\/v2\/pages\/5707\/revisions"}],"up":[{"embeddable":true,"href":"https:\/\/www.aquaquick2000.com\/nl\/wp-json\/wp\/v2\/pages\/2564"}],"wp:featuredmedia":[{"embeddable":true,"href":"https:\/\/www.aquaquick2000.com\/nl\/wp-json\/wp\/v2\/media\/5591"}],"wp:attachment":[{"href":"https:\/\/www.aquaquick2000.com\/nl\/wp-json\/wp\/v2\/media?parent=5707"}],"curies":[{"name":"wp","href":"https:\/\/api.w.org\/{rel}","templated":true}]}}