{"id":2453,"date":"2016-12-06T14:45:28","date_gmt":"2016-12-06T14:45:28","guid":{"rendered":"http:\/\/www.aquaquick2000.com\/?page_id=2453"},"modified":"2023-01-27T10:17:38","modified_gmt":"2023-01-27T10:17:38","slug":"aquaquick-2000-product-benefits","status":"publish","type":"page","link":"https:\/\/www.aquaquick2000.com\/pl\/aquaquick-2000-product-benefits\/","title":{"rendered":"Zalety produktu AQUAQUICK 2000"},"content":{"rendered":"<section class=\"section dark\" id=\"section_1149873880\">\n\t\t<div class=\"section-bg fill\" >\n\t\t\t<img decoding=\"async\" width=\"1920\" height=\"441\" src=\"https:\/\/b3871678.smushcdn.com\/3871678\/wp-content\/uploads\/2020\/09\/aquaquick-2000-oil-cleaning-waterwave.jpg?lossy=2&strip=1&webp=1\" class=\"bg attachment- size-\" alt=\"\" title=\"\" srcset=\"https:\/\/b3871678.smushcdn.com\/3871678\/wp-content\/uploads\/2020\/09\/aquaquick-2000-oil-cleaning-waterwave.jpg?lossy=2&amp;strip=1&amp;webp=1 1920w, https:\/\/b3871678.smushcdn.com\/3871678\/wp-content\/uploads\/2020\/09\/aquaquick-2000-oil-cleaning-waterwave-510x117.jpg?lossy=2&amp;strip=1&amp;webp=1 510w, https:\/\/b3871678.smushcdn.com\/3871678\/wp-content\/uploads\/2020\/09\/aquaquick-2000-oil-cleaning-waterwave-500x115.jpg?lossy=2&amp;strip=1&amp;webp=1 500w, https:\/\/b3871678.smushcdn.com\/3871678\/wp-content\/uploads\/2020\/09\/aquaquick-2000-oil-cleaning-waterwave-1280x294.jpg?lossy=2&amp;strip=1&amp;webp=1 1280w, https:\/\/b3871678.smushcdn.com\/3871678\/wp-content\/uploads\/2020\/09\/aquaquick-2000-oil-cleaning-waterwave-768x176.jpg?lossy=2&amp;strip=1&amp;webp=1 768w, https:\/\/b3871678.smushcdn.com\/3871678\/wp-content\/uploads\/2020\/09\/aquaquick-2000-oil-cleaning-waterwave-1536x353.jpg?lossy=2&amp;strip=1&amp;webp=1 1536w, https:\/\/b3871678.smushcdn.com\/3871678\/wp-content\/uploads\/2020\/09\/aquaquick-2000-oil-cleaning-waterwave.jpg?size=204x47&amp;lossy=2&amp;strip=1&amp;webp=1 204w, https:\/\/b3871678.smushcdn.com\/3871678\/wp-content\/uploads\/2020\/09\/aquaquick-2000-oil-cleaning-waterwave.jpg?size=408x94&amp;lossy=2&amp;strip=1&amp;webp=1 408w, https:\/\/b3871678.smushcdn.com\/3871678\/wp-content\/uploads\/2020\/09\/aquaquick-2000-oil-cleaning-waterwave.jpg?size=612x141&amp;lossy=2&amp;strip=1&amp;webp=1 612w, https:\/\/b3871678.smushcdn.com\/3871678\/wp-content\/uploads\/2020\/09\/aquaquick-2000-oil-cleaning-waterwave.jpg?size=1020x234&amp;lossy=2&amp;strip=1&amp;webp=1 1020w\" sizes=\"(max-width: 1920px) 100vw, 1920px\">\t\t\t\t\t\t<div class=\"section-bg-overlay absolute fill\"><\/div>\n\t\t\t\n\n\t\t<\/div>\n\n\t\t\n\n\t\t<div class=\"section-content relative\">\n\t\t\t\n<h2 style=\"text-align: center;\">Zalety produktu AQUAQUICK 2000<\/h2>\n\t\t<\/div>\n\n\t\t\n<style>\n#section_1149873880 {\n  padding-top: 60px;\n  padding-bottom: 60px;\n}\n#section_1149873880 .section-bg-overlay {\n  background-color: rgba(0, 0, 0, 0.22);\n}\n<\/style>\n\t<\/section>\n\t\n\n\t<section class=\"section\" id=\"section_2036568347\">\n\t\t<div class=\"section-bg fill\" >\n\t\t\t\t\t\t\t\t\t\n\t\t\t\n\n\t\t<\/div>\n\n\t\t\n\n\t\t<div class=\"section-content relative\">\n\t\t\t\n<div class=\"row\"  id=\"row-1849544705\">\n\n\t<div id=\"col-1128451684\" class=\"col medium-6 small-12 large-6\"  >\n\t\t\t\t<div class=\"col-inner\"  >\n\t\t\t\n\t\t\t\n<h3>Produkt ca\u0142kowicie przyjazny dla u\u017cytkownika i \u015brodowiska\n<\/h3><p>AQUAQUICK 2000 zawiera wy\u0142\u0105cznie naturalne sk\u0142adniki, bez chlork\u00f3w, rozpuszczalnik\u00f3w i alkaloid\u00f3w. AQUAQUICK 2000 zosta\u0142 zatwierdzony i przetestowany przez liczne niezale\u017cne instytuty badawcze na ca\u0142ym \u015bwiecie, z klasyfikacjami certyfikacji do u\u017cytku pochodz\u0105cymi od TNO Netherlands, MIGAS Indonesia, International Maritime Organization (IMO), jak r\u00f3wnie\u017c wielu innych.\n<hr\/>\n<h3>Nietoksyczny dla wszystkich organizm\u00f3w wodnych<\/h3>\n<p>AQUAQUICK 2000 w stanie rozcie\u0144czonym 1:50, czyli 10ml AQUAQUICK 2000 zmieszane w 1 litrze wody; mo\u017ce by\u0107 stosowany do czyszczenia rozlew\u00f3w olejowych, kt\u00f3re pokry\u0142y zwierz\u0119ta i ro\u015blinno\u015b\u0107 w \u015brodowiskach wodnych.<\/p>\n<hr \/>\n<h3>Zmniejsza ilo\u015b\u0107 odpad\u00f3w chemicznych<\/h3>\n<p>AQUAQUICK 2000 bio-molekularnie rozbija sp\u00f3jno\u015b\u0107 struktur w\u0119glowodor\u00f3w tworz\u0105c mikro emulsj\u0119 na cz\u0105stki o wielko\u015bci oko\u0142o 3 mikron\u00f3w. Te mikrony i specjalne sk\u0142adniki od\u017cywcze powoduj\u0105 eksplozj\u0119 wzrostu bakterii, kt\u00f3re znajduj\u0105 si\u0119 w \u015brodowisku powoduj\u0105c ich \u0142atwe usuni\u0119cie.<\/p>\n<hr \/>\n<h3>Oszcz\u0119dno\u015b\u0107 energii i efektywno\u015b\u0107 kosztowa<\/h3>\n<p>AQUAQUICK 2000 stanowi ekonomiczne rozwi\u0105zanie, kt\u00f3re zwi\u0119ksza produktywno\u015b\u0107 poprzez redukcj\u0119 przestoj\u00f3w i zmniejszenie wydatk\u00f3w zwi\u0105zanych z cz\u0119\u015bci\u0105 czyszcz\u0105c\u0105 przemys\u0142u; takich jak koszt samego produktu, transport produktu, przechowywanie produktu, koszt \u015brodk\u00f3w ochrony osobistej oraz przyspiesza procedury i zwi\u0119ksza bezpiecze\u0144stwo pracownik\u00f3w. AQUAQUICK 2000 zast\u0119puje wiele szeroko stosowanych \u015brodk\u00f3w czyszcz\u0105cych, toksycznych rozpuszczalnik\u00f3w i alkali\u00f3w, kt\u00f3re zast\u0119puj\u0105, ale nie rozk\u0142adaj\u0105 w\u0119glowodor\u00f3w. Wymaga bardzo ma\u0142o wysi\u0142ku ze strony u\u017cytkownika przy szorowaniu i mo\u017ce by\u0107 \u0142atwo wytarty wilgotn\u0105 szmat\u0105 po zastosowaniu.<\/p>\n<hr \/>\n<h3>Niekorozyjne i niedra\u017cni\u0105ce dla ludzkiej sk\u00f3ry<\/h3>\n<p>AQUAQUICK 2000 jest zatwierdzony dermatologicznie jako wystarczaj\u0105co bezpieczny do stosowania w domu jako codzienne myd\u0142o do r\u0105k lub mo\u017ce by\u0107 stosowany w wielu bran\u017cach jako myd\u0142o do r\u0105k, poniewa\u017c jego naturalne sk\u0142adniki nie podra\u017cniaj\u0105 kom\u00f3rek ludzkiej sk\u00f3ry.<\/p>\n<hr \/>\n<h3>AQUAQUICK 2000 nie jest \u017cr\u0105cy dla metalu.<\/h3>\n<p>Nie niszczy metali, farb, pow\u0142ok, gumy ani tworzyw sztucznych - Nie wp\u0142ywa na pod\u0142o\u017ca i jest bezpieczny do czyszczenia tworzyw sztucznych, metali, pow\u0142ok, farb, gum, epoksyd\u00f3w itp.<\/p>\n<hr \/>\n<h3>AQUAQUICK 2000 nie ma terminu przydatno\u015bci do spo\u017cycia<\/h3>\n<p>Ten produkt nie ma daty wa\u017cno\u015bci. Jednak d\u0142u\u017csze przechowywanie mo\u017ce spowodowa\u0107 osiadanie. Wymieszanie produktu pozwoli mu osi\u0105gn\u0105\u0107 jednorodn\u0105 mas\u0119. Jest to bezpieczne, aby stale u\u017cywa\u0107 tego produktu, a\u017c to, co kupi\u0142e\u015b wyczerpa\u0142 nawet je\u015bli jest to 2 lub wi\u0119cej lat po dacie zakupu. Naturalne sk\u0142adniki tego produktu zawieraj\u0105 w\u0142asne \u015brodki konserwuj\u0105ce, kt\u00f3re chroni\u0105 ci\u0105g\u0142o\u015b\u0107 produktu przez wiele lat.<\/p>\n<hr \/>\n\t\t<\/div>\n\t\t\t\t\t<\/div>\n\n\t\n\n\t<div id=\"col-1780112549\" class=\"col medium-6 small-12 large-6\"  >\n\t\t\t\t<div class=\"col-inner\"  >\n\t\t\t\n\t\t\t\n<h3>Uniwersalny \u015brodek czyszcz\u0105cy\n<\/h3><p>AQUAQUICK 2000 jest bioemulgatorem, odt\u0142uszczaczem, \u015brodkiem do czyszczenia w\u0119glowodor\u00f3w i dyspergatorem olej\u00f3w, kt\u00f3ry jest na bazie wody i mo\u017ce by\u0107 stosowany do czyszczenia zbiornik\u00f3w, czyszczenia rur, odt\u0142uszczania, konserwacji rig\u00f3w, mycia gleby, czyszczenia pod\u0142\u00f3g i sprz\u0119tu w przemy\u015ble spo\u017cywczym, czyszczenia pok\u0142ad\u00f3w, maszynowni i z\u0119z na statkach; jest wystarczaj\u0105co bezpieczny, aby stosowa\u0107 go jako zwyk\u0142e myd\u0142o do r\u0105k.<\/p><hr\/>\n<h3>AQUAQUICK 2000 Mo\u017ce by\u0107 u\u017cywany jako ga\u015bnica<\/h3>\n<p>AQUAQUICK 2000 zosta\u0142 zatwierdzony do u\u017cytku przez Stra\u017c Po\u017carn\u0105 w D\u017cakarcie, Indonezji, jak r\u00f3wnie\u017c w innych krajach jako \u015brodek zmniejszaj\u0105cy palno\u015b\u0107 paliwa w celu ugaszenia po\u017caru i mo\u017ce by\u0107 u\u017cywany do sprz\u0105tania ba\u0142aganu po nim.<\/p>\n<hr \/>\n<h3>Total Cleaning Solution<\/h3>\n<p>AQUAQUICK 2000 nadaje si\u0119 do czyszczenia wszelkich zanieczyszcze\u0144 w\u0119glowodorowych i zosta\u0142 zatwierdzony do produkt\u00f3w czyszcz\u0105cych w tych bran\u017cach: Ropa i Gaz, Agencje Rz\u0105dowe, Motoryzacja i In\u017cynieria, \u017begluga i Morze, Przemys\u0142 Lotniczy, Produkcja, Przemys\u0142 Spo\u017cywczy i Napoje oraz Przemys\u0142 Og\u00f3lnego Czyszczenia.<\/p>\n<hr \/>\n<h3>Ca\u0142kowicie biodegradowalny (100%&lt;21 dni)<\/h3>\n<p>AQUAQUICK 2000 istnieje od wielu dziesi\u0119cioleci i posiada wiele raport\u00f3w i aprobat gwarantuj\u0105cych aspekty bezpiecze\u0144stwa i stanu \u015brodowiska. Nie istniej\u0105 \u017cadne specjalne sposoby post\u0119powania, przechowywania lub ostrze\u017cenia dotycz\u0105ce stosowania produktu AQUAQUICK 2000. W efektach ekotoksycznych produkt ten ulega ca\u0142kowitej biodegradacji. W stacjach uzdatniania wody, AQUAQUICK 2000 ulega 100% biodegradacji w czasie kr\u00f3tszym ni\u017c 60 minut. W wodach powierzchniowych AQUAQUICK 2000 jest 100% biodegradowalny w czasie kr\u00f3tszym ni\u017c 21 dni. Na naszej stronie po\u015bwi\u0119conej badaniom mo\u017cesz dowiedzie\u0107 si\u0119 wi\u0119cej o 21-dniowym procesie dzia\u0142ania AQUAQUICK 2000. <\/p>\n<hr \/>\n<h3>AQUAQUICK 2000 jest niepalny<\/h3>\n<p>AQUAQUICK 2000 jest zatwierdzony dermatologicznie jako wystarczaj\u0105co bezpieczny do stosowania w domu jako codzienne myd\u0142o do r\u0105k lub mo\u017ce by\u0107 stosowany w wielu bran\u017cach jako myd\u0142o do r\u0105k, poniewa\u017c jego naturalne sk\u0142adniki nie podra\u017cniaj\u0105 kom\u00f3rek ludzkiej sk\u00f3ry.<\/p>\n<hr \/>\n<h3>Dyspersja organiczna i biologiczna<\/h3>\n<p>Nie niszczy metali, farb, pow\u0142ok, gumy ani tworzyw sztucznych - Nie wp\u0142ywa na pod\u0142o\u017ca i jest bezpieczny do czyszczenia tworzyw sztucznych, metali, pow\u0142ok, farb, gum, epoksyd\u00f3w itp.<\/p>\n<hr \/>\n<h3>Techniczne wsparcie produktu dla AQUAQUICK 2000<\/h3>\n<p>AQUAQUICK 2000 jest u\u017cywany na ca\u0142ym \u015bwiecie do wielu r\u00f3\u017cnych zastosowa\u0144 w zakresie czyszczenia. W ci\u0105gu ostatnich kilkudziesi\u0119ciu lat nasz zesp\u00f3\u0142 ekspert\u00f3w technicznych bardzo si\u0119 rozwin\u0105\u0142. Zawsze s\u0142u\u017cymy wsparciem technicznym tym, kt\u00f3rzy potrzebuj\u0105 pomocy lub informacji na temat AQUAQUICK 2000. Dostarczamy, stosujemy i przestrzegamy i jeste\u015bmy \u015bwiatowym producentem AQUAQUICK 2000. W celu uzyskania bezpo\u015brednich informacji na temat wsparcia technicznego prosimy o wys\u0142anie e-maila na adres business@aquaquick2000.com.  <\/p>\n<hr \/>\n\t\t<\/div>\n\t\t\t\t\t<\/div>\n\n\t\n<\/div>\n\t\t<\/div>\n\n\t\t\n<style>\n#section_2036568347 {\n  padding-top: 30px;\n  padding-bottom: 30px;\n}\n<\/style>\n\t<\/section>","protected":false},"excerpt":{"rendered":"","protected":false},"author":1,"featured_media":8707,"parent":0,"menu_order":0,"comment_status":"closed","ping_status":"closed","template":"page-blank.php","meta":{"cybocfi_hide_featured_image":"","footnotes":"","_links_to":"","_links_to_target":""},"class_list":["post-2453","page","type-page","status-publish","has-post-thumbnail","hentry"],"_links":{"self":[{"href":"https:\/\/www.aquaquick2000.com\/pl\/wp-json\/wp\/v2\/pages\/2453","targetHints":{"allow":["GET"]}}],"collection":[{"href":"https:\/\/www.aquaquick2000.com\/pl\/wp-json\/wp\/v2\/pages"}],"about":[{"href":"https:\/\/www.aquaquick2000.com\/pl\/wp-json\/wp\/v2\/types\/page"}],"author":[{"embeddable":true,"href":"https:\/\/www.aquaquick2000.com\/pl\/wp-json\/wp\/v2\/users\/1"}],"replies":[{"embeddable":true,"href":"https:\/\/www.aquaquick2000.com\/pl\/wp-json\/wp\/v2\/comments?post=2453"}],"version-history":[{"count":0,"href":"https:\/\/www.aquaquick2000.com\/pl\/wp-json\/wp\/v2\/pages\/2453\/revisions"}],"wp:featuredmedia":[{"embeddable":true,"href":"https:\/\/www.aquaquick2000.com\/pl\/wp-json\/wp\/v2\/media\/8707"}],"wp:attachment":[{"href":"https:\/\/www.aquaquick2000.com\/pl\/wp-json\/wp\/v2\/media?parent=2453"}],"curies":[{"name":"wp","href":"https:\/\/api.w.org\/{rel}","templated":true}]}}