{"id":2532,"date":"2017-01-02T12:53:57","date_gmt":"2017-01-02T12:53:57","guid":{"rendered":"http:\/\/www.aquaquick2000.com\/?page_id=2532"},"modified":"2023-01-26T13:03:21","modified_gmt":"2023-01-26T13:03:21","slug":"wykaz-zatwierdzen-swiadectw","status":"publish","type":"page","link":"https:\/\/www.aquaquick2000.com\/pl\/accreditations\/list-of-approvals-certificates\/","title":{"rendered":"Wykaz zatwierdze\u0144 i certyfikat\u00f3w"},"content":{"rendered":"Wykaz zatwierdze\u0144 i certyfikat\u00f3w\n\n<h2>Lista dopuszcze\u0144 i certyfikat\u00f3w dla AQUAQUICK 2000.<\/h2>\n<p>Przez ostatnie 4 dekady produkt AQUAQUICK 2000 zadziwia\u0142 \u015bwiat niezwyk\u0142ymi wynikami. Od tego czasu AQUAQUICK 2000 jest stosowany jako skuteczne rozwi\u0105zanie w wielu zastosowaniach przemys\u0142owych. AQUAQUICK 2000 zosta\u0142 przetestowany i zatwierdzony lub certyfikowany przez nast\u0119puj\u0105ce organizacje, firmy i instytuty rz\u0105dowe. <\/p>\n<ul>\n<li class=\"bullet-checkmark\">UT Enschede, Holandia - AQUAQUICK 2000 stosowany w oczyszczalni \u015bciek\u00f3w jest w pe\u0142ni biodegradowalny i nie zawiera chloru, nie stwarza specjalnych zagro\u017ce\u0144 dla zdrowia ani toksycznych produkt\u00f3w ubocznych, a jednocze\u015bnie z \u0142atwo\u015bci\u0105 usuwa w\u0119glowodory z gleby.<\/li>\n<li class=\"bullet-checkmark\">TNO University Delft, Holandia - Ten produkt nie ma d\u0142ugotrwa\u0142ego negatywnego wp\u0142ywu na ekosystemy, systemy wodne lub u\u017cytkownik\u00f3w, poniewa\u017c AQUAQUICK 2000 jest w pe\u0142ni biodegradowalny, nie uczula i nie jest \u017cr\u0105cy dla ludzkiej sk\u00f3ry lub oczu.<\/li>\n<li class=\"bullet-checkmark\">Ministerstwo Zdrowia, Holandia - AQUAQUICK 2000 spe\u0142nia wszystkie holenderskie przepisy dotycz\u0105ce stosowania w przemy\u015ble spo\u017cywczym.<\/li>\n<li class=\"bullet-checkmark\">Departament Obrony Holandii, Holandia - AQUAQUICK 2000 nie jest destrukcyjny dla obraz\u00f3w lub pow\u0142ok i okaza\u0142 si\u0119 odpowiedni do usuwania w\u0119glowodor\u00f3w przy jednoczesnym tworzeniu stabilnej emulsji.<\/li>\n<li class=\"bullet-checkmark\">Netherlands Water Board Districts, Holandia - AQUAQUICK 2000 mo\u017ce by\u0107 odprowadzany do kanalizacji po usuni\u0119ciu oddzielonych w\u0119glowodor\u00f3w, kt\u00f3re nie mog\u0105 by\u0107 zanieczyszczone substancjami zabronionymi.<\/li>\n<li class=\"bullet-checkmark\">Dyrekcja Generalna ds. \u017beglugi i Spraw Morskich, Londyn UK (IMO) - AQUAQUICK 2000 i AQUAQUICK 2000 SP spe\u0142niaj\u0105 wszystkie wytyczne zawarte w Za\u0142\u0105czniku II do Konwencji MARPOL, dotycz\u0105ce czyszczenia zbiornik\u00f3w (MERC.2\/CIRC.8) oraz Grupy Roboczej ESPH.<\/li>\n<li class=\"bullet-checkmark\">NS Dutch Railways Utrecht, Holandia - AQUAQUICK 2000 jest odpowiednim uniwersalnym \u015brodkiem czyszcz\u0105cym do czyszczenia metali i powierzchni malowanych, przy czym do jego zastosowania nie s\u0105 wymagane specjalne procedury bezpiecze\u0144stwa. Mo\u017ce by\u0107 r\u00f3wnie\u017c stosowany w urz\u0105dzeniach do dyspersji wysokoci\u015bnieniowej.<\/li>\n<li class=\"bullet-checkmark\">American Bureau of Shipping Londyn, Wielka Brytania - AQUAQUICK 2000 i AQUAQUICK 2000 SP otrzyma\u0142y Certyfikat Oceny Projektu Produktu w zakresie dopuszczenia do \u017ceglugi.<\/li>\n<li class=\"bullet-checkmark\">Pa\u0144stwowy Nadz\u00f3r G\u00f3rniczy, Holandia - AQUAQUICK 2000, zgodnie z art. 49B ust. 1 przepis\u00f3w g\u00f3rniczych dotycz\u0105cych szelfu kontynentalnego, zosta\u0142 uznany za nieszkodliwy dla \u015brodowiska morskiego.<\/li>\n<li class=\"bullet-checkmark\">TUV Research Institute Hannover, Niemcy - AQUAQUICK 2000 SP zosta\u0142 dopuszczony do stosowania w przemy\u015ble samochodowym i metalurgicznym, spe\u0142niaj\u0105c wszystkie wymagania stawiane szybko rozdzielaj\u0105cym si\u0119 \u015brodkom czyszcz\u0105cym, jednocze\u015bnie spe\u0142niaj\u0105c niemieckie przepisy dotycz\u0105ce substancji lub preparat\u00f3w niebezpiecznych z wytycznych dyrektywy \u015brodowiskowej.<\/li>\n<li class=\"bullet-checkmark\">Dekra Umwelt Gmbh Stuttgart, Niemcy - AQUAQUICK 2000 SP spe\u0142nia normy dopuszczenia do stosowania w separatorach olej\u00f3w i t\u0142uszcz\u00f3w (norma austriacka B 5105) z klasyfikacj\u0105 transportow\u0105 jako materia\u0142 nieszkodliwy.<\/li>\n<li class=\"bullet-checkmark\">Instytut Higieny Gelsenkirchen, Niemcy - AQUAQUICK 2000 jest zatwierdzonym detergentem do czyszczenia zanieczyszczonych olejem nawierzchni drogowych.<\/li>\n<li class=\"bullet-checkmark\">Pa\u0144stwowe Laboratorium Bada\u0144 Materia\u0142owych Dortmund, Niemcy - stwierdzono, \u017ce AQUAQUICK 2000 jest zgodny z ustalonymi \"metodami usuwania \u015blad\u00f3w oleju z nawierzchni drogowych z wyj\u0105tkiem absorbent\u00f3w oleju.<\/li>\n<li class=\"bullet-checkmark\">Laboratorium Chemiczne Webling, Niemcy - AQUAQUICK 2000 jest 100% biodegradowalny, nie powoduj\u0105c negatywnych skutk\u00f3w w oczyszczalniach \u015bciek\u00f3w ani na urz\u0105dzeniach.<\/li>\n<li class=\"bullet-checkmark\">Malaysia Research - Ustalono, \u017ce AQUAQUICK 2000 okaza\u0142 si\u0119 nietoksyczny dla \u015brodowisk wodnych, zgodnie z klasyfikacj\u0105 produkt\u00f3w Mi\u0119dzynarodowej Organizacji Morskiej (IMO) (warto\u015bci LC50 i EC50 &gt;1000mg\/L). Testy wykaza\u0142y, \u017ce zawarto\u015b\u0107 t\u0142uszczu i oleju w \u015bciekach zosta\u0142a zredukowana do 94% w ci\u0105gu zaledwie 21 dni.<\/li>\n<li class=\"bullet-checkmark\">Laboratorium Mikrobiologiczne J. Balfanz Munster, Niemcy - AQUAQUICK 2000 V-93 stymuluje wzrost bakterii i mikroorganizm\u00f3w oraz przyspiesza rozk\u0142ad w\u0119glowodor\u00f3w w glebie i wodzie powierzchniowej. Badania wykaza\u0142y \u015brednio 90% rozk\u0142adu w\u0119glowodor\u00f3w w ci\u0105gu 35 dni.<\/li>\n<li class=\"bullet-checkmark\">Mechem Technical &amp; Laboratory Services Pte, Ltd., Singapur - stwierdzono, \u017ce AQUAQUICK 2000 jest zgodny ze specyfikacjami dla dyspergator\u00f3w, wymienionymi w pierwszym harmonogramie zapobiegania zanieczyszczeniu morza. (Regulations 1999.)<\/li>\n<li class=\"bullet-checkmark\">Migas Laboratories, Indonezja - AQUAQUICK 2000 mo\u017ce by\u0107 legalnie i bezpiecznie stosowany do kontroli wyciek\u00f3w oleju i czyszczenia \u0142odzi na brzegu i poza brzegiem po rozcie\u0144czeniu 1:50 z 10ml wody.<\/li>\n<li class=\"bullet-checkmark\">London Underground United Kingdom - AQUAQUICK 2000 jest dopuszczony do stosowania w London Underground Ltd., bez zastrze\u017ce\u0144 dotycz\u0105cych zdrowia i bezpiecze\u0144stwa. (Raport nr C7638, 9 lutego 1996)<\/li>\n<li class=\"bullet-checkmark\">SABA - stwierdzono, \u017ce AQUAQUICK 2000 i AQUAQUICK 2000 SP nie maj\u0105 szkodliwego wp\u0142ywu na p\u0142ynnoszczelne uszczelniacze pod\u0142ogowe dla stacji benzynowych produkowane przez firmy Simson i SABA.<\/li>\n<li class=\"bullet-checkmark\">Canadian Food Inspection Agency, Ontario, Kanada - AQUAQUICK 2000 i AQUAQUICK 2000 SP zosta\u0142y zatwierdzone do stosowania w przemys\u0142owym czyszczeniu urz\u0105dze\u0144 przemys\u0142u spo\u017cywczego. Ich wyniki wskazuj\u0105, \u017ce nie dojdzie do wypadkowego zanieczyszczenia \u017cywno\u015bci. Produkty te mog\u0105 by\u0107 stosowane na pod\u0142ogach i \u015bcianach w obszarach spo\u017cywczych, gdy \u017cywno\u015b\u0107 nie jest obs\u0142ugiwana.<\/li>\n<li class=\"bullet-checkmark\">Icelandic Food Inspection Agency, Islandia - AQUAQUICK 2000 zosta\u0142 zatwierdzony do przemys\u0142owego stosowania do czyszczenia wszystkich urz\u0105dze\u0144 przemys\u0142u spo\u017cywczego. Stwierdzono, \u017ce jest on nietoksyczny, niekorozyjny oraz przyjazny dla u\u017cytkownika i \u015brodowiska.<\/li>\n<li class=\"bullet-checkmark\">Polska Inspekcja \u017bywno\u015bci, Polska - AQUAQUICK 2000 zosta\u0142 dopuszczony do przemys\u0142owego czyszczenia urz\u0105dze\u0144 do produkcji \u017cywno\u015bci.<\/li>\n<li class=\"bullet-checkmark\">Deutschland Environmental Protection Group, Niemcy - AQUAQUICK 2000 zosta\u0142 uznany za bezpieczny i dopuszczony do wszystkich zastosowa\u0144 \u015brodowiskowych w Niemczech.<\/li>\n<li class=\"bullet-checkmark\">Tajlandia\/Malezja - AQUAQUICK 2000 zosta\u0142 zatwierdzony do u\u017cytku we wszystkich zastosowaniach przemys\u0142owych i \u015brodowiskowych w regionach Tajlandii i Malezji.<\/li>\n<li class=\"bullet-checkmark\">Peru - AQUAQUICK 2000 zosta\u0142 zatwierdzony do u\u017cytku w zastosowaniach czyszcz\u0105cych w Peru.<\/li>\n<li class=\"bullet-checkmark\">Egipt - AQUAQUICK 2000 uzyska\u0142 aprobat\u0119 dla zastosowa\u0144 og\u00f3lnych i przemys\u0142owych do czyszczenia. Jest r\u00f3wnie\u017c licencjonowany do leczenia wyciek\u00f3w oleju w Egipcie.<\/li>\n<li class=\"bullet-checkmark\">Filipi\u0144ska Stra\u017c Przybrze\u017cna, Filipiny - AQUAQUICK 2000 spe\u0142nia wszystkie wymagania akredytacji dla dyspergatora wyciek\u00f3w olejowych.<\/li>\n<li class=\"bullet-checkmark\">Surface-washing Agents: an Update 2013, Spill Science, Edmonton, Alberta, Canada - Wymienia AQUAQUICK 2000 jako zatwierdzony dyspergator do mycia powierzchni, kt\u00f3ry spe\u0142ni\u0142 wszystkie standardy test\u00f3w na skuteczno\u015b\u0107, toksyczno\u015b\u0107 i zastosowanie.<\/li>\n<\/ul>","protected":false},"excerpt":{"rendered":"<p>List of approvals &amp; certificates List of Approvals &amp; Certificates for AQUAQUICK 2000. For the past 4 decades the AQUAQUICK 2000 product has amazed the world with remarkable results. Since then AQUAQUICK 2000 has been used as a successful solution for many industrial applications. AQUAQUICK 2000 has been tested and approved or certified by the [&#8230;]\n","protected":false},"author":1,"featured_media":4384,"parent":2528,"menu_order":0,"comment_status":"closed","ping_status":"closed","template":"","meta":{"cybocfi_hide_featured_image":"","footnotes":"","_links_to":"","_links_to_target":""},"class_list":["post-2532","page","type-page","status-publish","has-post-thumbnail","hentry"],"_links":{"self":[{"href":"https:\/\/www.aquaquick2000.com\/pl\/wp-json\/wp\/v2\/pages\/2532","targetHints":{"allow":["GET"]}}],"collection":[{"href":"https:\/\/www.aquaquick2000.com\/pl\/wp-json\/wp\/v2\/pages"}],"about":[{"href":"https:\/\/www.aquaquick2000.com\/pl\/wp-json\/wp\/v2\/types\/page"}],"author":[{"embeddable":true,"href":"https:\/\/www.aquaquick2000.com\/pl\/wp-json\/wp\/v2\/users\/1"}],"replies":[{"embeddable":true,"href":"https:\/\/www.aquaquick2000.com\/pl\/wp-json\/wp\/v2\/comments?post=2532"}],"version-history":[{"count":0,"href":"https:\/\/www.aquaquick2000.com\/pl\/wp-json\/wp\/v2\/pages\/2532\/revisions"}],"up":[{"embeddable":true,"href":"https:\/\/www.aquaquick2000.com\/pl\/wp-json\/wp\/v2\/pages\/2528"}],"wp:featuredmedia":[{"embeddable":true,"href":"https:\/\/www.aquaquick2000.com\/pl\/wp-json\/wp\/v2\/media\/4384"}],"wp:attachment":[{"href":"https:\/\/www.aquaquick2000.com\/pl\/wp-json\/wp\/v2\/media?parent=2532"}],"curies":[{"name":"wp","href":"https:\/\/api.w.org\/{rel}","templated":true}]}}