{"id":3561,"date":"2018-04-23T21:19:18","date_gmt":"2018-04-23T21:19:18","guid":{"rendered":"http:\/\/www.aquaquick2000.com\/?page_id=3561"},"modified":"2023-01-27T10:31:09","modified_gmt":"2023-01-27T10:31:09","slug":"nck-international-corp","status":"publish","type":"page","link":"https:\/\/www.aquaquick2000.com\/pl\/distributors\/nck-international-corp\/","title":{"rendered":"NCK INTERNATIONAL CORP"},"content":{"rendered":"<section class=\"section\" id=\"section_1533453521\">\n\t\t<div class=\"section-bg fill\" >\n\t\t\t<img decoding=\"async\" width=\"1920\" height=\"441\" src=\"https:\/\/b3871678.smushcdn.com\/3871678\/wp-content\/uploads\/2020\/09\/aquaquick-2000-oil-cleaning-waterwave.jpg?lossy=2&strip=1&webp=1\" class=\"bg attachment- size-\" alt=\"\" title=\"\" srcset=\"https:\/\/b3871678.smushcdn.com\/3871678\/wp-content\/uploads\/2020\/09\/aquaquick-2000-oil-cleaning-waterwave.jpg?lossy=2&amp;strip=1&amp;webp=1 1920w, https:\/\/b3871678.smushcdn.com\/3871678\/wp-content\/uploads\/2020\/09\/aquaquick-2000-oil-cleaning-waterwave-510x117.jpg?lossy=2&amp;strip=1&amp;webp=1 510w, https:\/\/b3871678.smushcdn.com\/3871678\/wp-content\/uploads\/2020\/09\/aquaquick-2000-oil-cleaning-waterwave-500x115.jpg?lossy=2&amp;strip=1&amp;webp=1 500w, https:\/\/b3871678.smushcdn.com\/3871678\/wp-content\/uploads\/2020\/09\/aquaquick-2000-oil-cleaning-waterwave-1280x294.jpg?lossy=2&amp;strip=1&amp;webp=1 1280w, https:\/\/b3871678.smushcdn.com\/3871678\/wp-content\/uploads\/2020\/09\/aquaquick-2000-oil-cleaning-waterwave-768x176.jpg?lossy=2&amp;strip=1&amp;webp=1 768w, https:\/\/b3871678.smushcdn.com\/3871678\/wp-content\/uploads\/2020\/09\/aquaquick-2000-oil-cleaning-waterwave-1536x353.jpg?lossy=2&amp;strip=1&amp;webp=1 1536w, https:\/\/b3871678.smushcdn.com\/3871678\/wp-content\/uploads\/2020\/09\/aquaquick-2000-oil-cleaning-waterwave.jpg?size=204x47&amp;lossy=2&amp;strip=1&amp;webp=1 204w, https:\/\/b3871678.smushcdn.com\/3871678\/wp-content\/uploads\/2020\/09\/aquaquick-2000-oil-cleaning-waterwave.jpg?size=408x94&amp;lossy=2&amp;strip=1&amp;webp=1 408w, https:\/\/b3871678.smushcdn.com\/3871678\/wp-content\/uploads\/2020\/09\/aquaquick-2000-oil-cleaning-waterwave.jpg?size=612x141&amp;lossy=2&amp;strip=1&amp;webp=1 612w, https:\/\/b3871678.smushcdn.com\/3871678\/wp-content\/uploads\/2020\/09\/aquaquick-2000-oil-cleaning-waterwave.jpg?size=1020x234&amp;lossy=2&amp;strip=1&amp;webp=1 1020w\" sizes=\"(max-width: 1920px) 100vw, 1920px\">\t\t\t\t\t\t<div class=\"section-bg-overlay absolute fill\"><\/div>\n\t\t\t\n\n\t\t<\/div>\n\n\t\t\n\n\t\t<div class=\"section-content relative\">\n\t\t\t\n\n<div class=\"row row-collapse align-equal\"  id=\"row-512524682\">\n\n\n\t<div id=\"col-2462565\" class=\"col small-12 large-12\"  >\n\t\t\t\t<div class=\"col-inner\"  >\n\t\t\t\n\t\t\t\n\n<h2 class=\"uppercase\" style=\"text-align: center;\">AQUAQUICK 2000 W CHINACH, TAJWANIE I WIETNAMIE JEST SPRZEDAWANY PRZEZ NCK INTERNATIONAL CORP<\/h2>\n\n\t\t<\/div>\n\t\t\t\t\t<\/div>\n\n\t\n\n<\/div>\n\n\t\t<\/div>\n\n\t\t\n<style>\n#section_1533453521 {\n  padding-top: 45px;\n  padding-bottom: 45px;\n}\n#section_1533453521 .section-bg-overlay {\n  background-color: rgba(240, 240, 240, 0.64);\n}\n<\/style>\n\t<\/section>\n\t\n\n\t<section class=\"section\" id=\"section_1403462627\">\n\t\t<div class=\"section-bg fill\" >\n\t\t\t\t\t\t\t\t\t<div class=\"section-bg-overlay absolute fill\"><\/div>\n\t\t\t\n\n\t\t<\/div>\n\n\t\t\n\n\t\t<div class=\"section-content relative\">\n\t\t\t\n\n<div class=\"row\"  id=\"row-1353459714\">\n\n\n\t<div id=\"col-1540286698\" class=\"col medium-6 small-12 large-6\"  >\n\t\t\t\t<div class=\"col-inner\"  >\n\t\t\t\n\t\t\t\n\n<h3 class=\"widget-title\">AQUAQUICK 2000 Dystrybutor w Chinach, Tajwanie i Wietnamie<\/h3>\n<p class=\"widget-title\">NCK INTERNATIONAL CORP reprezentuje ca\u0142\u0105 gam\u0119 europejskich producent\u00f3w, kt\u00f3rzy uczynili z produkcji miejsca pracy i \u015brodowisko.<\/p>\n<p>NCK INTERNATIONAL CORP oferuje szeroki zakres us\u0142ug.<\/p>\n<p>NCK INTERNATIONAL CORP posiada licencj\u0119 na sprzeda\u017c produkt\u00f3w AQUAQUICK w Chinach, Tajwanie i Wietnamie.<\/p>\n<p><em><strong>NCK INTERNATIONAL CORP jest zatwierdzony przez AQUAQUICK GLOBAL B.V.<\/strong><\/em><\/p>\n<h3>Dane kontaktowe NCK INTERNATIONAL CORP<\/h3>\n<a href=\"https:\/\/www.aquaquick2000.com\/pl\/dystrybutorzy\/\" class=\"button primary\" >\n\t\t<span>Wszyscy dystrybutorzy AQUAQUICK 2000<\/span>\n\t<\/a>\n\n\n\n\t\t<\/div>\n\t\t\t\t\t<\/div>\n\n\t\n\n\t<div id=\"col-1897346877\" class=\"col medium-6 small-12 large-6\"  >\n\t\t\t\t<div class=\"col-inner\" style=\"background-color:rgb(240, 240, 240);\" >\n\t\t\t\n\t\t\t\n\n<div class=\"accordion\">\n\n\t<div id=\"accordion-543909456\" class=\"accordion-item\">\n\t\t<a id=\"accordion-543909456-label\" class=\"accordion-title plain active\" href=\"#accordion-item-aquaquick-2000-in-china,-taiwan-&#038;-vietnam\" aria-expanded=\"true\" aria-controls=\"accordion-543909456-content\">\n\t\t\t<button class=\"toggle\" aria-label=\"Prze\u0142\u0105cznik\"><i class=\"icon-angle-down\" aria-hidden=\"true\"><\/i><\/button>\n\t\t\t<span>AQUAQUICK 2000 w Chinach, Tajwanie i Wietnamie<\/span>\n\t\t<\/a>\n\t\t<div id=\"accordion-543909456-content\" class=\"accordion-inner\" style=\"display: block;\" aria-labelledby=\"accordion-543909456-label\">\n\t\t\t\n\n<p>Aby zakupi\u0107 AQUAQUICK 2000 bezpo\u015brednio w <b>Chiny, Tajwan i Wietnam<\/b> mo\u017cesz skontaktowa\u0107 si\u0119 z naszym lokalnym dystrybutorem <strong>NCK INTERNATIONAL CORP<\/strong>.<\/p>\n<p>AQUAQUICK 2000 mo\u017ce by\u0107 zakupiony w ka\u017cdym kraju na \u015bwiecie i jest rozwi\u0105zaniem numer jeden w zakresie usuwania wyciek\u00f3w ropy.<\/p>\n\n\t\t<\/div>\n\t<\/div>\n\t\n\t<div id=\"accordion-957197257\" class=\"accordion-item\">\n\t\t<a id=\"accordion-957197257-label\" class=\"accordion-title plain\" href=\"#accordion-item-oil-spills-in-china,-taiwan-&#038;-vietnam\" aria-expanded=\"false\" aria-controls=\"accordion-957197257-content\">\n\t\t\t<button class=\"toggle\" aria-label=\"Prze\u0142\u0105cznik\"><i class=\"icon-angle-down\" aria-hidden=\"true\"><\/i><\/button>\n\t\t\t<span>Wycieki ropy w Chinach, na Tajwanie i w Wietnamie<\/span>\n\t\t<\/a>\n\t\t<div id=\"accordion-957197257-content\" class=\"accordion-inner\" aria-labelledby=\"accordion-957197257-label\">\n\t\t\t\n\n<p>Aby uzyska\u0107 natychmiastowe, przyjazne dla \u015brodowiska rozwi\u0105zanie problemu rozlew\u00f3w olejowych najlepiej jest u\u017cy\u0107 AQUAQUICK 2000. Je\u015bli napotkasz jakiekolwiek wycieki oleju w <b>Chiny, Tajwan i Wietnam <\/b>Mo\u017cesz skontaktowa\u0107 si\u0119 z NCK INTERNATIONAL CORP w sprawie dostawy AQUAQUICK 2000.<\/p>\n\n\t\t<\/div>\n\t<\/div>\n\t\n\t<div id=\"accordion-572720920\" class=\"accordion-item\">\n\t\t<a id=\"accordion-572720920-label\" class=\"accordion-title plain\" href=\"#accordion-item-about-nck-international-corp\" aria-expanded=\"false\" aria-controls=\"accordion-572720920-content\">\n\t\t\t<button class=\"toggle\" aria-label=\"Prze\u0142\u0105cznik\"><i class=\"icon-angle-down\" aria-hidden=\"true\"><\/i><\/button>\n\t\t\t<span>O NCK INTERNATIONAL CORP<\/span>\n\t\t<\/a>\n\t\t<div id=\"accordion-572720920-content\" class=\"accordion-inner\" aria-labelledby=\"accordion-572720920-label\">\n\t\t\t\n\n<h3>O NCK INTERNATIONAL CORP<\/h3>\n<p>Poniewa\u017c konsumenci staj\u0105 si\u0119 bardziej dojrzali w kwestii oszcz\u0119dzania energii i ochrony \u015brodowiska, \"Hong Quansheng\" przestrzega sp\u00f3jnej filozofii korporacyjnej \"innowacji\", \"oszcz\u0119dno\u015bci energii\" i \"zr\u00f3wnowa\u017conego rozwoju\", aby ka\u017cdy m\u00f3g\u0142 \u017cy\u0107 w zielonym, bezpiecznym i wygodnym \u015brodowisku \u017cycia dla nieodwracalnego trendu rozwoju ochrony \u015brodowiska.<\/p>\n<p>Zheng Fengning, prezes Hong Quansheng International, wprowadzi\u0142 Adgreencoat przyjazn\u0105 dla \u015brodowiska energooszcz\u0119dn\u0105 farb\u0119 termoochronn\u0105 opracowan\u0105 przez NCK Co, Ltd. z Centralnego Instytutu Badawczego Japonii . Produkt ten mo\u017ce bezpo\u015brednio i skutecznie odbija\u0107 ciep\u0142o promieniowania s\u0142onecznego, promieni ultrafioletowych i bliskich promieni podczerwonych.<\/p>\n<p>Obni\u017cenie temperatury w obiekcie (takim jak budynki\/bary\u0142ki\/autobusy itp.), zmniejszenie koszt\u00f3w energii elektrycznej klimatyzacji i poprawa komfortu \u015brodowiska pracy. W 2013 r. utworzono sp\u00f3\u0142k\u0119 China Research International Co., Ltd. jako joint venture z NCK, kt\u00f3ra odpowiada za produkcj\u0119, marketing i rozw\u00f3j kana\u0142u produkt\u00f3w w regionie Wielkich Chin.<\/p>\n<p>Ponadto od 2017 roku China Research International zobowi\u0105za\u0142a si\u0119 do zapewnienia klientom wysokiej jako\u015bci zielonych us\u0142ug i rozwi\u0105za\u0144 w duchu kontynuowania kultywowania przyjaznych dla \u015brodowiska produkt\u00f3w energooszcz\u0119dnych.<\/p>\n<p>Zacz\u0119\u0142a reprezentowa\u0107 seri\u0119 produkt\u00f3w AQUAQUICK GLOBAL BV 's AQUAQUICK 2000 z Holandii , zapewniaj\u0105c klientom przyjazne dla \u015brodowiska czyszczenie (degradacja oleju) Najlepszy i skuteczny plan alokacji. D\u0105\u017cymy do nawi\u0105zania bliskiego partnerstwa z klientami, trzymamy si\u0119 naszych zobowi\u0105za\u0144 wobec klient\u00f3w i dostawc\u00f3w, d\u0105\u017cymy do wygranej i zr\u00f3wnowa\u017conej operacji.<\/p>\n<p>Zhongyan k\u0142adzie nacisk na jako\u015b\u0107 produkt\u00f3w, wyb\u00f3r \u017ar\u00f3de\u0142 surowc\u00f3w i rygorystyczne standardy proces\u00f3w. G\u0142\u0119boko wierzy, \u017ce tylko spo\u0142eczna odpowiedzialno\u015b\u0107 i zaanga\u017cowanie mog\u0105 doprowadzi\u0107 do realizacji wizji zr\u00f3wnowa\u017conego dzia\u0142ania.<\/p>\n\n\t\t<\/div>\n\t<\/div>\n\t\n\n<\/div>\n\t<div class=\"img has-hover x md-x lg-x y md-y lg-y\" id=\"image_94409848\">\n\t\t\t\t\t\t\t\t<div class=\"img-inner dark\" >\n\t\t\t<img decoding=\"async\" width=\"500\" height=\"149\" data-src=\"https:\/\/b3871678.smushcdn.com\/3871678\/wp-content\/uploads\/2020\/09\/AQUAQUICK-2000-DISTRIBUTOR-LOGOS_0007_logo03-1-e1523610811893.jpg?lossy=2&strip=1&webp=1\" class=\"attachment-large size-large lazyload\" alt=\"AQUAQUICK 2000 DYSTRYBUTOR NCK INTERNATIONAL CORP\" title=\"\" data-srcset=\"https:\/\/b3871678.smushcdn.com\/3871678\/wp-content\/uploads\/2020\/09\/AQUAQUICK-2000-DISTRIBUTOR-LOGOS_0007_logo03-1-e1523610811893.jpg?lossy=2&amp;strip=1&amp;webp=1 500w, https:\/\/b3871678.smushcdn.com\/3871678\/wp-content\/uploads\/2020\/09\/AQUAQUICK-2000-DISTRIBUTOR-LOGOS_0007_logo03-1-e1523610811893.jpg?size=204x61&amp;lossy=2&amp;strip=1&amp;webp=1 204w, https:\/\/b3871678.smushcdn.com\/3871678\/wp-content\/uploads\/2020\/09\/AQUAQUICK-2000-DISTRIBUTOR-LOGOS_0007_logo03-1-e1523610811893.jpg?size=408x122&amp;lossy=2&amp;strip=1&amp;webp=1 408w\" data-sizes=\"auto\" src=\"data:image\/svg+xml;base64,PHN2ZyB3aWR0aD0iMSIgaGVpZ2h0PSIxIiB4bWxucz0iaHR0cDovL3d3dy53My5vcmcvMjAwMC9zdmciPjwvc3ZnPg==\" style=\"--smush-placeholder-width: 500px; --smush-placeholder-aspect-ratio: 500\/149;\" data-original-sizes=\"(max-width: 500px) 100vw, 500px\">\t\t\t\t\t\t\n\t\t\t\t\t<\/div>\n\t\t\t\t\t\t\t\t\n<style>\n#image_94409848 {\n  width: 100%;\n}\n<\/style>\n\t<\/div>\n\t\n\n\n\t\t<\/div>\n\t\t\t\t\t<\/div>\n\n\t\n\n<\/div>\n\n\t\t<\/div>\n\n\t\t\n<style>\n#section_1403462627 {\n  padding-top: 30px;\n  padding-bottom: 30px;\n  background-color: rgb(255, 255, 255);\n}\n#section_1403462627 .section-bg-overlay {\n  background-color: rgba(240, 240, 240, 0);\n}\n<\/style>\n\t<\/section>","protected":false},"excerpt":{"rendered":"","protected":false},"author":1,"featured_media":5585,"parent":2564,"menu_order":0,"comment_status":"closed","ping_status":"closed","template":"page-blank.php","meta":{"cybocfi_hide_featured_image":"","footnotes":"","_links_to":"","_links_to_target":""},"class_list":["post-3561","page","type-page","status-publish","has-post-thumbnail","hentry"],"_links":{"self":[{"href":"https:\/\/www.aquaquick2000.com\/pl\/wp-json\/wp\/v2\/pages\/3561","targetHints":{"allow":["GET"]}}],"collection":[{"href":"https:\/\/www.aquaquick2000.com\/pl\/wp-json\/wp\/v2\/pages"}],"about":[{"href":"https:\/\/www.aquaquick2000.com\/pl\/wp-json\/wp\/v2\/types\/page"}],"author":[{"embeddable":true,"href":"https:\/\/www.aquaquick2000.com\/pl\/wp-json\/wp\/v2\/users\/1"}],"replies":[{"embeddable":true,"href":"https:\/\/www.aquaquick2000.com\/pl\/wp-json\/wp\/v2\/comments?post=3561"}],"version-history":[{"count":0,"href":"https:\/\/www.aquaquick2000.com\/pl\/wp-json\/wp\/v2\/pages\/3561\/revisions"}],"up":[{"embeddable":true,"href":"https:\/\/www.aquaquick2000.com\/pl\/wp-json\/wp\/v2\/pages\/2564"}],"wp:featuredmedia":[{"embeddable":true,"href":"https:\/\/www.aquaquick2000.com\/pl\/wp-json\/wp\/v2\/media\/5585"}],"wp:attachment":[{"href":"https:\/\/www.aquaquick2000.com\/pl\/wp-json\/wp\/v2\/media?parent=3561"}],"curies":[{"name":"wp","href":"https:\/\/api.w.org\/{rel}","templated":true}]}}