{"id":5715,"date":"2020-10-30T14:24:18","date_gmt":"2020-10-30T14:24:18","guid":{"rendered":"https:\/\/www.aquaquick2000.com\/?page_id=5715"},"modified":"2023-01-27T10:32:05","modified_gmt":"2023-01-27T10:32:05","slug":"satelite-srl","status":"publish","type":"page","link":"https:\/\/www.aquaquick2000.com\/pl\/distributors\/satelite-srl\/","title":{"rendered":"Satelite SRL"},"content":{"rendered":"<section class=\"section\" id=\"section_200688339\">\n\t\t<div class=\"section-bg fill\" >\n\t\t\t<img decoding=\"async\" width=\"1920\" height=\"441\" src=\"https:\/\/b3871678.smushcdn.com\/3871678\/wp-content\/uploads\/2020\/09\/aquaquick-2000-oil-cleaning-waterwave.jpg?lossy=2&strip=1&webp=1\" class=\"bg attachment- size-\" alt=\"\" title=\"\" srcset=\"https:\/\/b3871678.smushcdn.com\/3871678\/wp-content\/uploads\/2020\/09\/aquaquick-2000-oil-cleaning-waterwave.jpg?lossy=2&amp;strip=1&amp;webp=1 1920w, https:\/\/b3871678.smushcdn.com\/3871678\/wp-content\/uploads\/2020\/09\/aquaquick-2000-oil-cleaning-waterwave-510x117.jpg?lossy=2&amp;strip=1&amp;webp=1 510w, https:\/\/b3871678.smushcdn.com\/3871678\/wp-content\/uploads\/2020\/09\/aquaquick-2000-oil-cleaning-waterwave-500x115.jpg?lossy=2&amp;strip=1&amp;webp=1 500w, https:\/\/b3871678.smushcdn.com\/3871678\/wp-content\/uploads\/2020\/09\/aquaquick-2000-oil-cleaning-waterwave-1280x294.jpg?lossy=2&amp;strip=1&amp;webp=1 1280w, https:\/\/b3871678.smushcdn.com\/3871678\/wp-content\/uploads\/2020\/09\/aquaquick-2000-oil-cleaning-waterwave-768x176.jpg?lossy=2&amp;strip=1&amp;webp=1 768w, https:\/\/b3871678.smushcdn.com\/3871678\/wp-content\/uploads\/2020\/09\/aquaquick-2000-oil-cleaning-waterwave-1536x353.jpg?lossy=2&amp;strip=1&amp;webp=1 1536w, https:\/\/b3871678.smushcdn.com\/3871678\/wp-content\/uploads\/2020\/09\/aquaquick-2000-oil-cleaning-waterwave.jpg?size=204x47&amp;lossy=2&amp;strip=1&amp;webp=1 204w, https:\/\/b3871678.smushcdn.com\/3871678\/wp-content\/uploads\/2020\/09\/aquaquick-2000-oil-cleaning-waterwave.jpg?size=408x94&amp;lossy=2&amp;strip=1&amp;webp=1 408w, https:\/\/b3871678.smushcdn.com\/3871678\/wp-content\/uploads\/2020\/09\/aquaquick-2000-oil-cleaning-waterwave.jpg?size=612x141&amp;lossy=2&amp;strip=1&amp;webp=1 612w, https:\/\/b3871678.smushcdn.com\/3871678\/wp-content\/uploads\/2020\/09\/aquaquick-2000-oil-cleaning-waterwave.jpg?size=1020x234&amp;lossy=2&amp;strip=1&amp;webp=1 1020w\" sizes=\"(max-width: 1920px) 100vw, 1920px\">\t\t\t\t\t\t<div class=\"section-bg-overlay absolute fill\"><\/div>\n\t\t\t\n\n\t\t<\/div>\n\n\t\t\n\n\t\t<div class=\"section-content relative\">\n\t\t\t\n<div class=\"row row-collapse align-equal\"  id=\"row-511448229\">\n\n\t<div id=\"col-1967447921\" class=\"col small-12 large-12\"  >\n\t\t\t\t<div class=\"col-inner\"  >\n\t\t\t\n\t\t\t\n<h2 class=\"uppercase\" style=\"text-align: center;\">AQUAQUICK 2000 W \u00a0<b>Boliwia<\/b> IS SOLD BY Satelite SRL<\/h2>\n\t\t<\/div>\n\t\t\t\t\t<\/div>\n\n\t\n<\/div>\n\t\t<\/div>\n\n\t\t\n<style>\n#section_200688339 {\n  padding-top: 45px;\n  padding-bottom: 45px;\n}\n#section_200688339 .section-bg-overlay {\n  background-color: rgba(240, 240, 240, 0.64);\n}\n<\/style>\n\t<\/section>\n\t\n\n\t<section class=\"section\" id=\"section_1615935381\">\n\t\t<div class=\"section-bg fill\" >\n\t\t\t\t\t\t\t\t\t<div class=\"section-bg-overlay absolute fill\"><\/div>\n\t\t\t\n\n\t\t<\/div>\n\n\t\t\n\n\t\t<div class=\"section-content relative\">\n\t\t\t\n<div class=\"row\"  id=\"row-2136258484\">\n\n\t<div id=\"col-887128355\" class=\"col medium-6 small-12 large-6\"  >\n\t\t\t\t<div class=\"col-inner\"  >\n\t\t\t\n\t\t\t\n<h3 class=\"widget-title\">Dystrybutor AQUAQUICK 2000 w Boliwii<\/h3>\n<p>Satelite SRL jest oficjalnym przedstawicielem produkt\u00f3w AQUAQUICK.<br \/><em>Satelite SRL posiada licencj\u0119 na sprzeda\u017c produkt\u00f3w AQUAQUICK w Boliwii.<br \/><strong>Satelite SRL jest zatwierdzony przez AQUAQUICK GLOBAL B.V.<\/strong><\/em><\/p>\n<h3>Dane kontaktowe Satelite SRL<\/h3>\n<ul>\n<li class=\"bullet-arrow\"><span style=\"font-size: 90%;\">Osoba kontaktowa: Benjamin Velasco<\/strong><\/span><\/li>\n<li class=\"bullet-arrow\"><span style=\"font-size: 90%;\">Adres e-mail: <strong>Info@Satelitesrl.com<\/strong><\/span><\/li>\n<li class=\"bullet-arrow\"><span style=\"font-size: 90%;\">Adres e-mail: <strong>Benjamin.velasco@Satelitesrl.com<\/strong><\/span><\/li>\n<li class=\"bullet-arrow\">Strona internetowa: <a href=\"http:\/\/www.satelitesrl.net\" target=\"_blank\" rel=\"noopener\">www.satelitesrl.net<\/a><\/li>\n<li class=\"bullet-arrow\">Telefon: +591 133581771<\/li>\n<li class=\"bullet-arrow\">Telefon: +591 74163536<\/li>\n<li class=\"bullet-arrow\">Telefon: +34 650050716<\/li>\n<li class=\"bullet-arrow\"><span style=\"font-size: 90%;\">Adres: Barrio Las Palmas, <br \/>Calle\/Punta Man C\u00e9sped N\u00aa 5 <br \/>SANTA CRUZ-BOLIWIA<\/strong><\/span><\/li>\n<\/ul>\n<h3>Satelite SRL jest niewy\u0142\u0105cznym dystrybutorem w Boliwii.<\/h3>\n<a href=\"https:\/\/www.aquaquick2000.com\/pl\/dystrybutorzy\/\" class=\"button primary\">\n\t\t<span>Wszyscy dystrybutorzy AQUAQUICK 2000<\/span>\n\t<\/a>\n\n\t\t<\/div>\n\t\t\t\t\t<\/div>\n\n\t\n\n\t<div id=\"col-565069904\" class=\"col medium-6 small-12 large-6\"  >\n\t\t\t\t<div class=\"col-inner\" style=\"background-color:rgb(240, 240, 240);\" >\n\t\t\t\n\t\t\t\n<div class=\"accordion\">\n\t<div id=\"accordion-895691999\" class=\"accordion-item\">\n\t\t<a id=\"accordion-895691999-label\" class=\"accordion-title plain active\" href=\"#accordion-item-aquaquick-2000-in-%20bolivia\" aria-expanded=\"true\" aria-controls=\"accordion-895691999-content\">\n\t\t\t<button class=\"toggle\" aria-label=\"Prze\u0142\u0105cznik\"><i class=\"icon-angle-down\" aria-hidden=\"true\"><\/i><\/button>\n\t\t\t<span>AQUAQUICK 2000 w Boliwii<\/span>\n\t\t<\/a>\n\t\t<div id=\"accordion-895691999-content\" class=\"accordion-inner\" style=\"display: block;\" aria-labelledby=\"accordion-895691999-label\">\n\t\t\t\n<p>Aby kupi\u0107 AQUAQUICK 2000 bezpo\u015brednio w Boliwii, mo\u017cna skontaktowa\u0107 si\u0119 z naszym lokalnym dystrybutorem Satelite SRL.<\/p>\n<p>AQUAQUICK 2000 mo\u017ce by\u0107 zakupiony w ka\u017cdym kraju na \u015bwiecie i jest rozwi\u0105zaniem numer jeden w zakresie usuwania wyciek\u00f3w ropy.<\/p>\n\t\t<\/div>\n\t<\/div>\n\t\n\t<div id=\"accordion-2478705563\" class=\"accordion-item\">\n\t\t<a id=\"accordion-2478705563-label\" class=\"accordion-title plain\" href=\"#accordion-item-oil-spills-in-%20bolivia\" aria-expanded=\"false\" aria-controls=\"accordion-2478705563-content\">\n\t\t\t<button class=\"toggle\" aria-label=\"Prze\u0142\u0105cznik\"><i class=\"icon-angle-down\" aria-hidden=\"true\"><\/i><\/button>\n\t\t\t<span>Wycieki ropy w Boliwii<\/span>\n\t\t<\/a>\n\t\t<div id=\"accordion-2478705563-content\" class=\"accordion-inner\" aria-labelledby=\"accordion-2478705563-label\">\n\t\t\t\n<p>W celu natychmiastowego, przyjaznego dla \u015brodowiska rozwi\u0105zania problemu wycieku oleju najlepiej jest u\u017cy\u0107 AQUAQUICK 2000. W przypadku jakichkolwiek wyciek\u00f3w oleju w Boliwii mo\u017cna skontaktowa\u0107 si\u0119 z Satelite SRL w celu dostarczenia AQUAQUICK 2000.<\/p>\n\t\t<\/div>\n\t<\/div>\n\t\n\t<div id=\"accordion-1250181185\" class=\"accordion-item\">\n\t\t<a id=\"accordion-1250181185-label\" class=\"accordion-title plain\" href=\"#accordion-item-about-satelite-srl\" aria-expanded=\"false\" aria-controls=\"accordion-1250181185-content\">\n\t\t\t<button class=\"toggle\" aria-label=\"Prze\u0142\u0105cznik\"><i class=\"icon-angle-down\" aria-hidden=\"true\"><\/i><\/button>\n\t\t\t<span>O Satelite SRL<\/span>\n\t\t<\/a>\n\t\t<div id=\"accordion-1250181185-content\" class=\"accordion-inner\" aria-labelledby=\"accordion-1250181185-label\">\n\t\t\t\n<p>Satelite SRL jest organizacj\u0105, kt\u00f3ra skupi\u0142a si\u0119 na imporcie i eksporcie produkt\u00f3w ulegaj\u0105cych biodegradacji, zw\u0142aszcza w segmencie produkt\u00f3w do czyszczenia i higieny przemys\u0142owej. Opr\u00f3cz lokalnego wprowadzania tych produkt\u00f3w na rynek, Satelite SRL jest mocno zaanga\u017cowana w ich dystrybucj\u0119.<\/p>\n<p>Ci, kt\u00f3rzy kupuj\u0105 produkty od Satelite SRL, mog\u0105 mie\u0107 gwarancj\u0119 otrzymania pomocy technicznej we wszystkich pokrewnych dziedzinach, Z celem na kilka sektor\u00f3w, takich jak: Technika, Rolnictwo, Konserwacja, Pomoc lub doradztwo, Satelite SRL kontynuuje rozw\u00f3j przyjmowania produkt\u00f3w w Boliwii.<\/p>\n\t\t<\/div>\n\t<\/div>\n\t\n<\/div>\n\t<div class=\"img has-hover x md-x lg-x y md-y lg-y\" id=\"image_1949687227\">\n\t\t\t\t\t\t\t\t<div class=\"img-inner dark\" >\n\t\t\t<img decoding=\"async\" width=\"900\" height=\"500\" data-src=\"https:\/\/b3871678.smushcdn.com\/3871678\/wp-content\/uploads\/2022\/01\/DISTRIBUTOR-OF-AQUAQUICK-2000-1.png?lossy=2&strip=1&webp=1\" class=\"attachment-large size-large lazyload\" alt=\"\" data-srcset=\"https:\/\/b3871678.smushcdn.com\/3871678\/wp-content\/uploads\/2022\/01\/DISTRIBUTOR-OF-AQUAQUICK-2000-1.png?lossy=2&strip=1&webp=1 900w, https:\/\/b3871678.smushcdn.com\/3871678\/wp-content\/uploads\/2022\/01\/DISTRIBUTOR-OF-AQUAQUICK-2000-1-510x283.png?lossy=2&strip=1&webp=1 510w, https:\/\/b3871678.smushcdn.com\/3871678\/wp-content\/uploads\/2022\/01\/DISTRIBUTOR-OF-AQUAQUICK-2000-1-500x278.png?lossy=2&strip=1&webp=1 500w, https:\/\/b3871678.smushcdn.com\/3871678\/wp-content\/uploads\/2022\/01\/DISTRIBUTOR-OF-AQUAQUICK-2000-1-768x427.png?lossy=2&strip=1&webp=1 768w, https:\/\/b3871678.smushcdn.com\/3871678\/wp-content\/uploads\/2022\/01\/DISTRIBUTOR-OF-AQUAQUICK-2000-1.png?size=204x113&lossy=2&strip=1&webp=1 204w, https:\/\/b3871678.smushcdn.com\/3871678\/wp-content\/uploads\/2022\/01\/DISTRIBUTOR-OF-AQUAQUICK-2000-1.png?size=408x227&lossy=2&strip=1&webp=1 408w, https:\/\/b3871678.smushcdn.com\/3871678\/wp-content\/uploads\/2022\/01\/DISTRIBUTOR-OF-AQUAQUICK-2000-1.png?size=612x340&lossy=2&strip=1&webp=1 612w\" data-sizes=\"auto\" title=\"\" src=\"data:image\/svg+xml;base64,PHN2ZyB3aWR0aD0iMSIgaGVpZ2h0PSIxIiB4bWxucz0iaHR0cDovL3d3dy53My5vcmcvMjAwMC9zdmciPjwvc3ZnPg==\" style=\"--smush-placeholder-width: 900px; --smush-placeholder-aspect-ratio: 900\/500;\" data-original-sizes=\"(max-width: 900px) 100vw, 900px\">\t\t\t\t\t\t\n\t\t\t\t\t<\/div>\n\t\t\t\t\t\t\t\t\n<style>\n#image_1949687227 {\n  width: 100%;\n}\n<\/style>\n\t<\/div>\n\t\n\t\t<\/div>\n\t\t\t\t\t<\/div>\n\n\t\n<\/div>\n\t\t<\/div>\n\n\t\t\n<style>\n#section_1615935381 {\n  padding-top: 30px;\n  padding-bottom: 30px;\n  background-color: rgb(255, 255, 255);\n}\n#section_1615935381 .section-bg-overlay {\n  background-color: rgba(240, 240, 240, 0);\n}\n<\/style>\n\t<\/section>","protected":false},"excerpt":{"rendered":"","protected":false},"author":1,"featured_media":9138,"parent":2564,"menu_order":0,"comment_status":"closed","ping_status":"closed","template":"page-blank.php","meta":{"cybocfi_hide_featured_image":"","footnotes":"","_links_to":"","_links_to_target":""},"class_list":["post-5715","page","type-page","status-publish","has-post-thumbnail","hentry"],"_links":{"self":[{"href":"https:\/\/www.aquaquick2000.com\/pl\/wp-json\/wp\/v2\/pages\/5715","targetHints":{"allow":["GET"]}}],"collection":[{"href":"https:\/\/www.aquaquick2000.com\/pl\/wp-json\/wp\/v2\/pages"}],"about":[{"href":"https:\/\/www.aquaquick2000.com\/pl\/wp-json\/wp\/v2\/types\/page"}],"author":[{"embeddable":true,"href":"https:\/\/www.aquaquick2000.com\/pl\/wp-json\/wp\/v2\/users\/1"}],"replies":[{"embeddable":true,"href":"https:\/\/www.aquaquick2000.com\/pl\/wp-json\/wp\/v2\/comments?post=5715"}],"version-history":[{"count":0,"href":"https:\/\/www.aquaquick2000.com\/pl\/wp-json\/wp\/v2\/pages\/5715\/revisions"}],"up":[{"embeddable":true,"href":"https:\/\/www.aquaquick2000.com\/pl\/wp-json\/wp\/v2\/pages\/2564"}],"wp:featuredmedia":[{"embeddable":true,"href":"https:\/\/www.aquaquick2000.com\/pl\/wp-json\/wp\/v2\/media\/9138"}],"wp:attachment":[{"href":"https:\/\/www.aquaquick2000.com\/pl\/wp-json\/wp\/v2\/media?parent=5715"}],"curies":[{"name":"wp","href":"https:\/\/api.w.org\/{rel}","templated":true}]}}