{"id":5734,"date":"2020-10-30T15:48:20","date_gmt":"2020-10-30T15:48:20","guid":{"rendered":"https:\/\/www.aquaquick2000.com\/?page_id=5734"},"modified":"2023-01-27T10:33:24","modified_gmt":"2023-01-27T10:33:24","slug":"vandoclean","status":"publish","type":"page","link":"https:\/\/www.aquaquick2000.com\/pl\/distributors\/vandoclean\/","title":{"rendered":"Vandoclean"},"content":{"rendered":"<section class=\"section\" id=\"section_223780786\">\n\t\t<div class=\"section-bg fill\" >\n\t\t\t<img decoding=\"async\" width=\"1920\" height=\"441\" src=\"https:\/\/b3871678.smushcdn.com\/3871678\/wp-content\/uploads\/2020\/09\/aquaquick-2000-oil-cleaning-waterwave.jpg?lossy=2&strip=1&webp=1\" class=\"bg attachment- size-\" alt=\"\" title=\"\" srcset=\"https:\/\/b3871678.smushcdn.com\/3871678\/wp-content\/uploads\/2020\/09\/aquaquick-2000-oil-cleaning-waterwave.jpg?lossy=2&amp;strip=1&amp;webp=1 1920w, https:\/\/b3871678.smushcdn.com\/3871678\/wp-content\/uploads\/2020\/09\/aquaquick-2000-oil-cleaning-waterwave-510x117.jpg?lossy=2&amp;strip=1&amp;webp=1 510w, https:\/\/b3871678.smushcdn.com\/3871678\/wp-content\/uploads\/2020\/09\/aquaquick-2000-oil-cleaning-waterwave-500x115.jpg?lossy=2&amp;strip=1&amp;webp=1 500w, https:\/\/b3871678.smushcdn.com\/3871678\/wp-content\/uploads\/2020\/09\/aquaquick-2000-oil-cleaning-waterwave-1280x294.jpg?lossy=2&amp;strip=1&amp;webp=1 1280w, https:\/\/b3871678.smushcdn.com\/3871678\/wp-content\/uploads\/2020\/09\/aquaquick-2000-oil-cleaning-waterwave-768x176.jpg?lossy=2&amp;strip=1&amp;webp=1 768w, https:\/\/b3871678.smushcdn.com\/3871678\/wp-content\/uploads\/2020\/09\/aquaquick-2000-oil-cleaning-waterwave-1536x353.jpg?lossy=2&amp;strip=1&amp;webp=1 1536w, https:\/\/b3871678.smushcdn.com\/3871678\/wp-content\/uploads\/2020\/09\/aquaquick-2000-oil-cleaning-waterwave.jpg?size=204x47&amp;lossy=2&amp;strip=1&amp;webp=1 204w, https:\/\/b3871678.smushcdn.com\/3871678\/wp-content\/uploads\/2020\/09\/aquaquick-2000-oil-cleaning-waterwave.jpg?size=408x94&amp;lossy=2&amp;strip=1&amp;webp=1 408w, https:\/\/b3871678.smushcdn.com\/3871678\/wp-content\/uploads\/2020\/09\/aquaquick-2000-oil-cleaning-waterwave.jpg?size=612x141&amp;lossy=2&amp;strip=1&amp;webp=1 612w, https:\/\/b3871678.smushcdn.com\/3871678\/wp-content\/uploads\/2020\/09\/aquaquick-2000-oil-cleaning-waterwave.jpg?size=1020x234&amp;lossy=2&amp;strip=1&amp;webp=1 1020w\" sizes=\"(max-width: 1920px) 100vw, 1920px\">\t\t\t\t\t\t<div class=\"section-bg-overlay absolute fill\"><\/div>\n\t\t\t\n\n\t\t<\/div>\n\n\t\t\n\n\t\t<div class=\"section-content relative\">\n\t\t\t\n\n<div class=\"row row-collapse align-equal\"  id=\"row-2027163283\">\n\n\n\t<div id=\"col-1643116836\" class=\"col small-12 large-12\"  >\n\t\t\t\t<div class=\"col-inner\"  >\n\t\t\t\n\t\t\t\n\n<h2 class=\"uppercase\" style=\"text-align: center;\">AQUAQUICK 2000 W NIDERLANDACH JEST SPRZEDAWANY PRZEZ Vandoclean<\/h2>\n\n\t\t<\/div>\n\t\t\t\t\t<\/div>\n\n\t\n\n<\/div>\n\n\t\t<\/div>\n\n\t\t\n<style>\n#section_223780786 {\n  padding-top: 45px;\n  padding-bottom: 45px;\n}\n#section_223780786 .section-bg-overlay {\n  background-color: rgba(240, 240, 240, 0.64);\n}\n<\/style>\n\t<\/section>\n\t\n\n\t<section class=\"section\" id=\"section_57764816\">\n\t\t<div class=\"section-bg fill\" >\n\t\t\t\t\t\t\t\t\t<div class=\"section-bg-overlay absolute fill\"><\/div>\n\t\t\t\n\n\t\t<\/div>\n\n\t\t\n\n\t\t<div class=\"section-content relative\">\n\t\t\t\n\n<div class=\"row\"  id=\"row-400501786\">\n\n\n\t<div id=\"col-223518177\" class=\"col medium-6 small-12 large-6\"  >\n\t\t\t\t<div class=\"col-inner\"  >\n\t\t\t\n\t\t\t\n\n<h3 class=\"widget-title\">AQUAQUICK 2000 Dystrybutor w <b>Holandia<\/b><\/h3>\n<p>Vandoclean jest oficjalnym przedstawicielem produkt\u00f3w AQUAQUICK. <br>Vandoclean posiada licencj\u0119 na sprzeda\u017c produkt\u00f3w AQUAQUICK w Holandii. <br><strong>Vandoclean jest zatwierdzony przez AQUAQUICK GLOBAL B.V.<\/strong><\/p>\n<h3>Dane kontaktowe <em>Vandoclean<\/em><\/h3>\n<ul>\n<li class=\"bullet-arrow\">Email:<a href=\"mailto:info@vandoclean.nl\">info@vandoclean.nl<\/a><\/li>\n<li class=\"bullet-arrow\">Jan van Loon: +31(6) 290 446 35,&nbsp;<\/li>\n<li class=\"bullet-arrow\">Jeroen Brummelkamp: +31(6) 393 032 61<\/li>\n<\/ul>\n<a href=\"https:\/\/www.aquaquick2000.com\/pl\/dystrybutorzy\/\" class=\"button primary\" >\n\t\t<span>Wszyscy dystrybutorzy AQUAQUICK 2000<\/span>\n\t<\/a>\n\n\n\n\t\t<\/div>\n\t\t\t\t\t<\/div>\n\n\t\n\n\t<div id=\"col-4608809\" class=\"col medium-6 small-12 large-6\"  >\n\t\t\t\t<div class=\"col-inner\" style=\"background-color:rgb(240, 240, 240);\" >\n\t\t\t\n\t\t\t\n\n<div class=\"accordion\">\n\n\t<div id=\"accordion-1503609989\" class=\"accordion-item\">\n\t\t<a id=\"accordion-1503609989-label\" class=\"accordion-title plain active\" href=\"#accordion-item-aquaquick-2000-in-the-netherlands\" aria-expanded=\"true\" aria-controls=\"accordion-1503609989-content\">\n\t\t\t<button class=\"toggle\" aria-label=\"Prze\u0142\u0105cznik\"><i class=\"icon-angle-down\" aria-hidden=\"true\"><\/i><\/button>\n\t\t\t<span>AQUAQUICK 2000 W Holandii<\/span>\n\t\t<\/a>\n\t\t<div id=\"accordion-1503609989-content\" class=\"accordion-inner\" style=\"display: block;\" aria-labelledby=\"accordion-1503609989-label\">\n\t\t\t\n\n<p>Aby zakupi\u0107 AQUAQUICK 2000 bezpo\u015brednio w <b>Holandia<\/b> mo\u017cesz skontaktowa\u0107 si\u0119 z naszym lokalnym dystrybutorem <strong>Vandoclean.<\/strong><\/p>\n<p>AQUAQUICK 2000 mo\u017ce by\u0107 zakupiony w ka\u017cdym kraju na \u015bwiecie i jest rozwi\u0105zaniem numer jeden w zakresie usuwania wyciek\u00f3w ropy.<\/p>\n\n\t\t<\/div>\n\t<\/div>\n\t\n\t<div id=\"accordion-1359957555\" class=\"accordion-item\">\n\t\t<a id=\"accordion-1359957555-label\" class=\"accordion-title plain\" href=\"#accordion-item-oil-spills-in-the-netherlands\" aria-expanded=\"false\" aria-controls=\"accordion-1359957555-content\">\n\t\t\t<button class=\"toggle\" aria-label=\"Prze\u0142\u0105cznik\"><i class=\"icon-angle-down\" aria-hidden=\"true\"><\/i><\/button>\n\t\t\t<span>Wycieki ropy w Niderlandach<\/span>\n\t\t<\/a>\n\t\t<div id=\"accordion-1359957555-content\" class=\"accordion-inner\" aria-labelledby=\"accordion-1359957555-label\">\n\t\t\t\n\n<p>Aby uzyska\u0107 natychmiastowe, przyjazne dla \u015brodowiska rozwi\u0105zanie problemu rozlew\u00f3w olejowych najlepiej jest u\u017cy\u0107 AQUAQUICK 2000. Je\u015bli napotkasz rozlany olej w <b>Holandia<\/b>&nbsp;mo\u017cna si\u0119 skontaktowa\u0107 <strong>Vandoclean<\/strong> na dostaw\u0119 AQUAQUICK 2000.<\/p>\n\n\t\t<\/div>\n\t<\/div>\n\t\n\t<div id=\"accordion-1270611081\" class=\"accordion-item\">\n\t\t<a id=\"accordion-1270611081-label\" class=\"accordion-title plain\" href=\"#accordion-item-about-vandoclean\" aria-expanded=\"false\" aria-controls=\"accordion-1270611081-content\">\n\t\t\t<button class=\"toggle\" aria-label=\"Prze\u0142\u0105cznik\"><i class=\"icon-angle-down\" aria-hidden=\"true\"><\/i><\/button>\n\t\t\t<span>O VandoClean<\/span>\n\t\t<\/a>\n\t\t<div id=\"accordion-1270611081-content\" class=\"accordion-inner\" aria-labelledby=\"accordion-1270611081-label\">\n\t\t\t\n\n<p>Vandoclean B.V Oferuje kompleksowe rozwi\u0105zanie dla specjalnych produkt\u00f3w w bran\u017cy absorbuj\u0105cej i czyszcz\u0105cej przemys\u0142owe wycieki oleju i\/lub katastrofy naturalne.<\/p>\n<h3>Vandoclean ich klienci firmy istniej\u0105 z:<\/h3>\n<p>Korpusy stra\u017cackie, Doradcy miejscy, Korporacje zajmuj\u0105ce si\u0119 piel\u0119gnacj\u0105 wody. Poza g\u0142\u00f3wnym kierunkiem naszej dzia\u0142alno\u015bci oferujemy r\u00f3wnie\u017c produkty i us\u0142ugi dla przemys\u0142u metalowego, spo\u017cywczego, motoryzacyjnego.<\/p>\n\n\t\t<\/div>\n\t<\/div>\n\t\n\n<\/div>\n\t<div class=\"img has-hover x md-x lg-x y md-y lg-y\" id=\"image_648045686\">\n\t\t\t\t\t\t\t\t<div class=\"img-inner dark\" >\n\t\t\t<img decoding=\"async\" width=\"500\" height=\"149\" data-src=\"https:\/\/b3871678.smushcdn.com\/3871678\/wp-content\/uploads\/2020\/09\/AQUAQUICK-2000-DISTRIBUTOR-LOGOS_0006_Vandoclean-logo.jpg?lossy=2&strip=1&webp=1\" class=\"attachment-large size-large lazyload\" alt=\"\" title=\"\" data-srcset=\"https:\/\/b3871678.smushcdn.com\/3871678\/wp-content\/uploads\/2020\/09\/AQUAQUICK-2000-DISTRIBUTOR-LOGOS_0006_Vandoclean-logo.jpg?lossy=2&amp;strip=1&amp;webp=1 500w, https:\/\/b3871678.smushcdn.com\/3871678\/wp-content\/uploads\/2020\/09\/AQUAQUICK-2000-DISTRIBUTOR-LOGOS_0006_Vandoclean-logo.jpg?size=204x61&amp;lossy=2&amp;strip=1&amp;webp=1 204w, https:\/\/b3871678.smushcdn.com\/3871678\/wp-content\/uploads\/2020\/09\/AQUAQUICK-2000-DISTRIBUTOR-LOGOS_0006_Vandoclean-logo.jpg?size=408x122&amp;lossy=2&amp;strip=1&amp;webp=1 408w\" data-sizes=\"auto\" src=\"data:image\/svg+xml;base64,PHN2ZyB3aWR0aD0iMSIgaGVpZ2h0PSIxIiB4bWxucz0iaHR0cDovL3d3dy53My5vcmcvMjAwMC9zdmciPjwvc3ZnPg==\" style=\"--smush-placeholder-width: 500px; --smush-placeholder-aspect-ratio: 500\/149;\" data-original-sizes=\"(max-width: 500px) 100vw, 500px\">\t\t\t\t\t\t\n\t\t\t\t\t<\/div>\n\t\t\t\t\t\t\t\t\n<style>\n#image_648045686 {\n  width: 100%;\n}\n<\/style>\n\t<\/div>\n\t\n\n\n\t\t<\/div>\n\t\t\t\t\t<\/div>\n\n\t\n\n<\/div>\n\n\t\t<\/div>\n\n\t\t\n<style>\n#section_57764816 {\n  padding-top: 30px;\n  padding-bottom: 30px;\n  background-color: rgb(255, 255, 255);\n}\n#section_57764816 .section-bg-overlay {\n  background-color: rgba(240, 240, 240, 0);\n}\n<\/style>\n\t<\/section>","protected":false},"excerpt":{"rendered":"","protected":false},"author":1,"featured_media":5577,"parent":2564,"menu_order":0,"comment_status":"closed","ping_status":"closed","template":"page-blank.php","meta":{"cybocfi_hide_featured_image":"","footnotes":"","_links_to":"","_links_to_target":""},"class_list":["post-5734","page","type-page","status-publish","has-post-thumbnail","hentry"],"_links":{"self":[{"href":"https:\/\/www.aquaquick2000.com\/pl\/wp-json\/wp\/v2\/pages\/5734","targetHints":{"allow":["GET"]}}],"collection":[{"href":"https:\/\/www.aquaquick2000.com\/pl\/wp-json\/wp\/v2\/pages"}],"about":[{"href":"https:\/\/www.aquaquick2000.com\/pl\/wp-json\/wp\/v2\/types\/page"}],"author":[{"embeddable":true,"href":"https:\/\/www.aquaquick2000.com\/pl\/wp-json\/wp\/v2\/users\/1"}],"replies":[{"embeddable":true,"href":"https:\/\/www.aquaquick2000.com\/pl\/wp-json\/wp\/v2\/comments?post=5734"}],"version-history":[{"count":0,"href":"https:\/\/www.aquaquick2000.com\/pl\/wp-json\/wp\/v2\/pages\/5734\/revisions"}],"up":[{"embeddable":true,"href":"https:\/\/www.aquaquick2000.com\/pl\/wp-json\/wp\/v2\/pages\/2564"}],"wp:featuredmedia":[{"embeddable":true,"href":"https:\/\/www.aquaquick2000.com\/pl\/wp-json\/wp\/v2\/media\/5577"}],"wp:attachment":[{"href":"https:\/\/www.aquaquick2000.com\/pl\/wp-json\/wp\/v2\/media?parent=5734"}],"curies":[{"name":"wp","href":"https:\/\/api.w.org\/{rel}","templated":true}]}}