{"id":5746,"date":"2020-11-03T11:35:52","date_gmt":"2020-11-03T11:35:52","guid":{"rendered":"https:\/\/www.aquaquick2000.com\/?page_id=5746"},"modified":"2023-01-27T10:32:28","modified_gmt":"2023-01-27T10:32:28","slug":"sorb-chem","status":"publish","type":"page","link":"https:\/\/www.aquaquick2000.com\/pl\/distributors\/sorb-chem\/","title":{"rendered":"Sorb Chem"},"content":{"rendered":"<section class=\"section\" id=\"section_598513039\">\n\t\t<div class=\"section-bg fill\" >\n\t\t\t<img decoding=\"async\" width=\"1920\" height=\"441\" src=\"https:\/\/b3871678.smushcdn.com\/3871678\/wp-content\/uploads\/2020\/09\/aquaquick-2000-oil-cleaning-waterwave.jpg?lossy=2&strip=1&webp=1\" class=\"bg attachment- size-\" alt=\"\" title=\"\" srcset=\"https:\/\/b3871678.smushcdn.com\/3871678\/wp-content\/uploads\/2020\/09\/aquaquick-2000-oil-cleaning-waterwave.jpg?lossy=2&amp;strip=1&amp;webp=1 1920w, https:\/\/b3871678.smushcdn.com\/3871678\/wp-content\/uploads\/2020\/09\/aquaquick-2000-oil-cleaning-waterwave-510x117.jpg?lossy=2&amp;strip=1&amp;webp=1 510w, https:\/\/b3871678.smushcdn.com\/3871678\/wp-content\/uploads\/2020\/09\/aquaquick-2000-oil-cleaning-waterwave-500x115.jpg?lossy=2&amp;strip=1&amp;webp=1 500w, https:\/\/b3871678.smushcdn.com\/3871678\/wp-content\/uploads\/2020\/09\/aquaquick-2000-oil-cleaning-waterwave-1280x294.jpg?lossy=2&amp;strip=1&amp;webp=1 1280w, https:\/\/b3871678.smushcdn.com\/3871678\/wp-content\/uploads\/2020\/09\/aquaquick-2000-oil-cleaning-waterwave-768x176.jpg?lossy=2&amp;strip=1&amp;webp=1 768w, https:\/\/b3871678.smushcdn.com\/3871678\/wp-content\/uploads\/2020\/09\/aquaquick-2000-oil-cleaning-waterwave-1536x353.jpg?lossy=2&amp;strip=1&amp;webp=1 1536w, https:\/\/b3871678.smushcdn.com\/3871678\/wp-content\/uploads\/2020\/09\/aquaquick-2000-oil-cleaning-waterwave.jpg?size=204x47&amp;lossy=2&amp;strip=1&amp;webp=1 204w, https:\/\/b3871678.smushcdn.com\/3871678\/wp-content\/uploads\/2020\/09\/aquaquick-2000-oil-cleaning-waterwave.jpg?size=408x94&amp;lossy=2&amp;strip=1&amp;webp=1 408w, https:\/\/b3871678.smushcdn.com\/3871678\/wp-content\/uploads\/2020\/09\/aquaquick-2000-oil-cleaning-waterwave.jpg?size=612x141&amp;lossy=2&amp;strip=1&amp;webp=1 612w, https:\/\/b3871678.smushcdn.com\/3871678\/wp-content\/uploads\/2020\/09\/aquaquick-2000-oil-cleaning-waterwave.jpg?size=1020x234&amp;lossy=2&amp;strip=1&amp;webp=1 1020w\" sizes=\"(max-width: 1920px) 100vw, 1920px\">\t\t\t\t\t\t<div class=\"section-bg-overlay absolute fill\"><\/div>\n\t\t\t\n\n\t\t<\/div>\n\n\t\t\n\n\t\t<div class=\"section-content relative\">\n\t\t\t\n\n<div class=\"row row-collapse align-equal\"  id=\"row-1356125443\">\n\n\n\t<div id=\"col-1368536890\" class=\"col small-12 large-12\"  >\n\t\t\t\t<div class=\"col-inner\"  >\n\t\t\t\n\t\t\t\n\n<h2 class=\"uppercase\" style=\"text-align: center;\">AQUAQUICK 2000 NA LITWIE JEST SPRZEDAWANY PRZEZ Sorb Chem<\/h2>\n\n\t\t<\/div>\n\t\t\t\t\t<\/div>\n\n\t\n\n<\/div>\n\n\t\t<\/div>\n\n\t\t\n<style>\n#section_598513039 {\n  padding-top: 45px;\n  padding-bottom: 45px;\n}\n#section_598513039 .section-bg-overlay {\n  background-color: rgba(240, 240, 240, 0.64);\n}\n<\/style>\n\t<\/section>\n\t\n\n\t<section class=\"section\" id=\"section_234013607\">\n\t\t<div class=\"section-bg fill\" >\n\t\t\t\t\t\t\t\t\t<div class=\"section-bg-overlay absolute fill\"><\/div>\n\t\t\t\n\n\t\t<\/div>\n\n\t\t\n\n\t\t<div class=\"section-content relative\">\n\t\t\t\n\n<div class=\"row\"  id=\"row-1562048565\">\n\n\n\t<div id=\"col-906209642\" class=\"col medium-6 small-12 large-6\"  >\n\t\t\t\t<div class=\"col-inner\"  >\n\t\t\t\n\t\t\t\n\n<h3 class=\"widget-title\">Dystrybutor AQUAQUICK 2000 na Litwie<\/h3>\n<p class=\"widget-title\">UAB SORB CHEM reprezentuje ca\u0142\u0105 gam\u0119 europejskich producent\u00f3w, kt\u00f3rzy wykonali produkcj\u0119 miejsc pracy i \u015brodowiska. UAB SORB oferuje szeroki zakres us\u0142ug. <\/p>\n<p>Sorb Chem posiada licencj\u0119 na sprzeda\u017c produkt\u00f3w AQUAQUICK na Litwie.<br><em><strong>Sorb Chem jest zatwierdzony przez AQUAQUICK GLOBAL B.V.<\/strong><\/em><\/p>\n<h3>Dane kontaktowe Sorb Chem<\/h3>\n<p>Pan Dariusz Vaisnora<\/p>\n<ul>\n<li class=\"bullet-arrow\">Adres: Titnago g. 12, LT-02300 Vilnius<\/li>\n<li class=\"bullet-arrow\">Email:<a href=\"mailto:info@sorbchem.lt\">info@sorbchem.lt<\/a><\/li>\n<li class=\"bullet-arrow\">Firma Telefon\/fax: +370 5 265 3281&nbsp;<\/li>\n<li class=\"bullet-arrow\">Alternatywny numer telefonu 1. +370 690 96 265<\/li>\n<li class=\"bullet-arrow\">Alternatywny numer telefonu 2. +370 650 38 090<\/li>\n<\/ul>\n<h3>Sorb Chem jest niewy\u0142\u0105cznym dystrybutorem na Litwie<\/h3>\n<a href=\"https:\/\/www.aquaquick2000.com\/pl\/dystrybutorzy\/\" class=\"button primary\" >\n\t\t<span>Wszyscy dystrybutorzy AQUAQUICK 2000<\/span>\n\t<\/a>\n\n\n\n\t\t<\/div>\n\t\t\t\t\t<\/div>\n\n\t\n\n\t<div id=\"col-1319904646\" class=\"col medium-6 small-12 large-6\"  >\n\t\t\t\t<div class=\"col-inner\" style=\"background-color:rgb(240, 240, 240);\" >\n\t\t\t\n\t\t\t\n\n<div class=\"accordion\">\n\n\t<div id=\"accordion-3546234976\" class=\"accordion-item\">\n\t\t<a id=\"accordion-3546234976-label\" class=\"accordion-title plain active\" href=\"#accordion-item-aquaquick-2000-in-lithuania\" aria-expanded=\"true\" aria-controls=\"accordion-3546234976-content\">\n\t\t\t<button class=\"toggle\" aria-label=\"Prze\u0142\u0105cznik\"><i class=\"icon-angle-down\" aria-hidden=\"true\"><\/i><\/button>\n\t\t\t<span>AQUAQUICK 2000 na Litwie<\/span>\n\t\t<\/a>\n\t\t<div id=\"accordion-3546234976-content\" class=\"accordion-inner\" style=\"display: block;\" aria-labelledby=\"accordion-3546234976-label\">\n\t\t\t\n\n<p>Aby zakupi\u0107 AQUAQUICK 2000 bezpo\u015brednio w <b>Litwa<\/b> mo\u017cesz skontaktowa\u0107 si\u0119 z naszym lokalnym dystrybutorem <strong>Sorb Chem<\/strong>.<\/p>\n<p>AQUAQUICK 2000 mo\u017ce by\u0107 zakupiony w ka\u017cdym kraju na \u015bwiecie i jest rozwi\u0105zaniem numer jeden w zakresie usuwania wyciek\u00f3w ropy.<\/p>\n\n\t\t<\/div>\n\t<\/div>\n\t\n\t<div id=\"accordion-2556205872\" class=\"accordion-item\">\n\t\t<a id=\"accordion-2556205872-label\" class=\"accordion-title plain\" href=\"#accordion-item-oil-spills-in-lithuania\" aria-expanded=\"false\" aria-controls=\"accordion-2556205872-content\">\n\t\t\t<button class=\"toggle\" aria-label=\"Prze\u0142\u0105cznik\"><i class=\"icon-angle-down\" aria-hidden=\"true\"><\/i><\/button>\n\t\t\t<span>Wycieki ropy na Litwie<\/span>\n\t\t<\/a>\n\t\t<div id=\"accordion-2556205872-content\" class=\"accordion-inner\" aria-labelledby=\"accordion-2556205872-label\">\n\t\t\t\n\n<p>Aby uzyska\u0107 natychmiastowe, przyjazne dla \u015brodowiska rozwi\u0105zanie problemu rozlew\u00f3w olejowych najlepiej jest u\u017cy\u0107 AQUAQUICK 2000. Je\u015bli napotkasz jakiekolwiek wycieki oleju w <strong>Litwa<\/strong> mo\u017cna si\u0119 skontaktowa\u0107 <strong>Sorb Chem<\/strong> na dostaw\u0119 AQUAQUICK 2000.<\/p>\n\n\t\t<\/div>\n\t<\/div>\n\t\n\t<div id=\"accordion-2363486031\" class=\"accordion-item\">\n\t\t<a id=\"accordion-2363486031-label\" class=\"accordion-title plain\" href=\"#accordion-item-about-sorb-chem\" aria-expanded=\"false\" aria-controls=\"accordion-2363486031-content\">\n\t\t\t<button class=\"toggle\" aria-label=\"Prze\u0142\u0105cznik\"><i class=\"icon-angle-down\" aria-hidden=\"true\"><\/i><\/button>\n\t\t\t<span>O Sorb Chem<\/span>\n\t\t<\/a>\n\t\t<div id=\"accordion-2363486031-content\" class=\"accordion-inner\" aria-labelledby=\"accordion-2363486031-label\">\n\t\t\t\n\n<h3>O UAB Sorb Chem<\/h3>\n<p>UAB \"SORB CHEM\" reprezentuje wielu europejskich producent\u00f3w, kt\u00f3rych produkty s\u0105 przeznaczone do ochrony miejsc pracy i \u015brodowiska, eliminacji wypadk\u00f3w ekologicznych.<\/p>\n<ul>\n<li class=\"bullet-arrow\">Instalacje do odwadniania i zmi\u0119kczania wody.<\/li>\n<li class=\"bullet-arrow\">Urz\u0105dzenia i systemy do przygotowania wody demineralizowanej i dejonizowanej.<\/li>\n<li class=\"bullet-arrow\">Urz\u0105dzenia dla laboratori\u00f3w i ochrony \u015brodowiska.<\/li>\n<li class=\"bullet-arrow\">Aparaty i systemy do produkcji wody u\u017cywanej do: akumulator\u00f3w, prasowania, odparowywania, przygotowywania roztwor\u00f3w ch\u0142odz\u0105cych, przygotowywania roztwor\u00f3w zu\u017cytych Euro 5 (adblue).<\/li>\n<li class=\"bullet-arrow\">Pompy odporne na dzia\u0142anie \u015brodk\u00f3w chemicznych.<\/li>\n<li class=\"bullet-arrow\">Pompy ze sprz\u0119g\u0142ami magnetycznymi.<\/li>\n<li class=\"bullet-arrow\">Aparaty i systemy do filtrowania roztwor\u00f3w galwanicznych.<\/li>\n<li class=\"bullet-arrow\">R\u00f3\u017cne materia\u0142y poch\u0142aniaj\u0105ce ciecze, sorbenty.<\/li>\n<li class=\"bullet-arrow\">Tylko \u015brodki i materia\u0142y do absorpcji i poch\u0142aniania produkt\u00f3w naftowych.<\/li>\n<li class=\"bullet-arrow\">Absorbenty do poch\u0142aniania agresywnych, skoncentrowanych substancji chemicznych.<\/li>\n<li class=\"bullet-arrow\">Absorbenty do monta\u017cu zestaw\u00f3w ADR w transporcie l\u0105dowym i wodnym.<\/li>\n<li class=\"bullet-arrow\">\u015arodki i materia\u0142y do zbierania rozlanych p\u0142yn\u00f3w i utrzymywania miejsc pracy w czysto\u015bci.<\/li>\n<li class=\"bullet-arrow\">Ekologiczny detergent do produkt\u00f3w olejowych - rozdzielacz \"AQUAQUICK2000\" - do rozk\u0142adu i czyszczenia oleju i innych t\u0142ustych produkt\u00f3w z r\u00f3\u017cnych powierzchni, a tak\u017ce z wody.<\/li>\n<li class=\"bullet-arrow\">Materia\u0142y do filtracji r\u00f3\u017cnych roztwor\u00f3w.<\/li>\n<li class=\"bullet-arrow\">\u015arodki do uszczelniania i blokowania ruroci\u0105g\u00f3w.<\/li>\n<li class=\"bullet-arrow\">Poduszki powietrzne - do podnoszenia r\u00f3\u017cnych ci\u0119\u017ckich \u0142adunk\u00f3w.<\/li>\n<li class=\"bullet-arrow\">Maty klej\u0105ce do pomieszcze\u0144 szczeg\u00f3lnie czystych - antybakteryjne, antystatyczne.<\/li>\n<li class=\"bullet-arrow\">Produkty z polipropylenu: nieton\u0105ce - p\u0142ywaki i inne liny, r\u00f3\u017cne siatki.<\/li>\n<li class=\"bullet-arrow\">Filtry do wody, systemy oczyszczania wody.<\/li>\n<\/ul>\n\n\t\t<\/div>\n\t<\/div>\n\t\n\n<\/div>\n\t<div class=\"img has-hover x md-x lg-x y md-y lg-y\" id=\"image_1078343255\">\n\t\t\t\t\t\t\t\t<div class=\"img-inner dark\" >\n\t\t\t<img decoding=\"async\" width=\"500\" height=\"149\" data-src=\"https:\/\/b3871678.smushcdn.com\/3871678\/wp-content\/uploads\/2020\/09\/AQUAQUICK-2000-DISTRIBUTOR-LOGOS_0000_sorb-chem-aquaquick2000.jpg?lossy=2&strip=1&webp=1\" class=\"attachment-large size-large lazyload\" alt=\"\" title=\"\" data-srcset=\"https:\/\/b3871678.smushcdn.com\/3871678\/wp-content\/uploads\/2020\/09\/AQUAQUICK-2000-DISTRIBUTOR-LOGOS_0000_sorb-chem-aquaquick2000.jpg?lossy=2&amp;strip=1&amp;webp=1 500w, https:\/\/b3871678.smushcdn.com\/3871678\/wp-content\/uploads\/2020\/09\/AQUAQUICK-2000-DISTRIBUTOR-LOGOS_0000_sorb-chem-aquaquick2000.jpg?size=204x61&amp;lossy=2&amp;strip=1&amp;webp=1 204w, https:\/\/b3871678.smushcdn.com\/3871678\/wp-content\/uploads\/2020\/09\/AQUAQUICK-2000-DISTRIBUTOR-LOGOS_0000_sorb-chem-aquaquick2000.jpg?size=408x122&amp;lossy=2&amp;strip=1&amp;webp=1 408w\" data-sizes=\"auto\" src=\"data:image\/svg+xml;base64,PHN2ZyB3aWR0aD0iMSIgaGVpZ2h0PSIxIiB4bWxucz0iaHR0cDovL3d3dy53My5vcmcvMjAwMC9zdmciPjwvc3ZnPg==\" style=\"--smush-placeholder-width: 500px; --smush-placeholder-aspect-ratio: 500\/149;\" data-original-sizes=\"(max-width: 500px) 100vw, 500px\">\t\t\t\t\t\t\n\t\t\t\t\t<\/div>\n\t\t\t\t\t\t\t\t\n<style>\n#image_1078343255 {\n  width: 100%;\n}\n<\/style>\n\t<\/div>\n\t\n\n\n\t\t<\/div>\n\t\t\t\t\t<\/div>\n\n\t\n\n<\/div>\n\n\t\t<\/div>\n\n\t\t\n<style>\n#section_234013607 {\n  padding-top: 30px;\n  padding-bottom: 30px;\n  background-color: rgb(255, 255, 255);\n}\n#section_234013607 .section-bg-overlay {\n  background-color: rgba(240, 240, 240, 0);\n}\n<\/style>\n\t<\/section>","protected":false},"excerpt":{"rendered":"","protected":false},"author":1,"featured_media":5587,"parent":2564,"menu_order":0,"comment_status":"closed","ping_status":"closed","template":"page-blank.php","meta":{"cybocfi_hide_featured_image":"","footnotes":"","_links_to":"","_links_to_target":""},"class_list":["post-5746","page","type-page","status-publish","has-post-thumbnail","hentry"],"_links":{"self":[{"href":"https:\/\/www.aquaquick2000.com\/pl\/wp-json\/wp\/v2\/pages\/5746","targetHints":{"allow":["GET"]}}],"collection":[{"href":"https:\/\/www.aquaquick2000.com\/pl\/wp-json\/wp\/v2\/pages"}],"about":[{"href":"https:\/\/www.aquaquick2000.com\/pl\/wp-json\/wp\/v2\/types\/page"}],"author":[{"embeddable":true,"href":"https:\/\/www.aquaquick2000.com\/pl\/wp-json\/wp\/v2\/users\/1"}],"replies":[{"embeddable":true,"href":"https:\/\/www.aquaquick2000.com\/pl\/wp-json\/wp\/v2\/comments?post=5746"}],"version-history":[{"count":0,"href":"https:\/\/www.aquaquick2000.com\/pl\/wp-json\/wp\/v2\/pages\/5746\/revisions"}],"up":[{"embeddable":true,"href":"https:\/\/www.aquaquick2000.com\/pl\/wp-json\/wp\/v2\/pages\/2564"}],"wp:featuredmedia":[{"embeddable":true,"href":"https:\/\/www.aquaquick2000.com\/pl\/wp-json\/wp\/v2\/media\/5587"}],"wp:attachment":[{"href":"https:\/\/www.aquaquick2000.com\/pl\/wp-json\/wp\/v2\/media?parent=5746"}],"curies":[{"name":"wp","href":"https:\/\/api.w.org\/{rel}","templated":true}]}}