{"id":8658,"date":"2020-11-20T17:16:29","date_gmt":"2020-11-20T17:16:29","guid":{"rendered":"https:\/\/www.aquaquick2000.com\/?page_id=8658"},"modified":"2023-01-27T10:33:58","modified_gmt":"2023-01-27T10:33:58","slug":"cennik","status":"publish","type":"page","link":"https:\/\/www.aquaquick2000.com\/pl\/price-list\/","title":{"rendered":"Learn more about the Price"},"content":{"rendered":"<section class=\"section\" id=\"section_291454249\">\n\t\t<div class=\"section-bg fill\" >\n\t\t\t<img decoding=\"async\" width=\"1920\" height=\"441\" src=\"https:\/\/b3871678.smushcdn.com\/3871678\/wp-content\/uploads\/2020\/09\/aquaquick-2000-oil-cleaning-waterwave.jpg?lossy=2&strip=1&webp=1\" class=\"bg attachment- size-\" alt=\"\" title=\"\" srcset=\"https:\/\/b3871678.smushcdn.com\/3871678\/wp-content\/uploads\/2020\/09\/aquaquick-2000-oil-cleaning-waterwave.jpg?lossy=2&amp;strip=1&amp;webp=1 1920w, https:\/\/b3871678.smushcdn.com\/3871678\/wp-content\/uploads\/2020\/09\/aquaquick-2000-oil-cleaning-waterwave-510x117.jpg?lossy=2&amp;strip=1&amp;webp=1 510w, https:\/\/b3871678.smushcdn.com\/3871678\/wp-content\/uploads\/2020\/09\/aquaquick-2000-oil-cleaning-waterwave-500x115.jpg?lossy=2&amp;strip=1&amp;webp=1 500w, https:\/\/b3871678.smushcdn.com\/3871678\/wp-content\/uploads\/2020\/09\/aquaquick-2000-oil-cleaning-waterwave-1280x294.jpg?lossy=2&amp;strip=1&amp;webp=1 1280w, https:\/\/b3871678.smushcdn.com\/3871678\/wp-content\/uploads\/2020\/09\/aquaquick-2000-oil-cleaning-waterwave-768x176.jpg?lossy=2&amp;strip=1&amp;webp=1 768w, https:\/\/b3871678.smushcdn.com\/3871678\/wp-content\/uploads\/2020\/09\/aquaquick-2000-oil-cleaning-waterwave-1536x353.jpg?lossy=2&amp;strip=1&amp;webp=1 1536w, https:\/\/b3871678.smushcdn.com\/3871678\/wp-content\/uploads\/2020\/09\/aquaquick-2000-oil-cleaning-waterwave.jpg?size=204x47&amp;lossy=2&amp;strip=1&amp;webp=1 204w, https:\/\/b3871678.smushcdn.com\/3871678\/wp-content\/uploads\/2020\/09\/aquaquick-2000-oil-cleaning-waterwave.jpg?size=408x94&amp;lossy=2&amp;strip=1&amp;webp=1 408w, https:\/\/b3871678.smushcdn.com\/3871678\/wp-content\/uploads\/2020\/09\/aquaquick-2000-oil-cleaning-waterwave.jpg?size=612x141&amp;lossy=2&amp;strip=1&amp;webp=1 612w, https:\/\/b3871678.smushcdn.com\/3871678\/wp-content\/uploads\/2020\/09\/aquaquick-2000-oil-cleaning-waterwave.jpg?size=1020x234&amp;lossy=2&amp;strip=1&amp;webp=1 1020w\" sizes=\"(max-width: 1920px) 100vw, 1920px\">\t\t\t\t\t\t<div class=\"section-bg-overlay absolute fill\"><\/div>\n\t\t\t\n\n\t\t<\/div>\n\n\t\t\n\n\t\t<div class=\"section-content relative\">\n\t\t\t\n\n<div class=\"row align-middle\"  id=\"row-7912066\">\n\n\n\t<div id=\"col-425520742\" class=\"col medium-9 small-12 large-9\"  >\n\t\t\t\t<div class=\"col-inner\"  >\n\t\t\t\n\t\t\t\n\n<h1>Dowiedz si\u0119 wi\u0119cej o cenie AQUAQUICK 2000<\/h1>\n\n\t\t<\/div>\n\t\t\t\t\t<\/div>\n\n\t\n\n\t<div id=\"col-1514841247\" class=\"col medium-3 small-12 large-3\"  >\n\t\t\t\t<div class=\"col-inner\"  >\n\t\t\t\n\t\t\t\n\n<a href=\"https:\/\/www.aquaquick2000.com\/pl\/kontakt-us\/\" class=\"button primary\" >\n\t\t<span>Cennik \u017b\u0104DANIE<\/span>\n\t<i class=\"icon-envelop\" aria-hidden=\"true\"><\/i><\/a>\n\n\n\n\t\t<\/div>\n\t\t\t\t\t<\/div>\n\n\t\n\n<\/div>\n\n\t\t<\/div>\n\n\t\t\n<style>\n#section_291454249 {\n  padding-top: 0px;\n  padding-bottom: 0px;\n  min-height: 160px;\n}\n#section_291454249 .section-bg-overlay {\n  background-color: rgba(255, 255, 255, 0.59);\n}\n<\/style>\n\t<\/section>\n\t\n\n\t<section class=\"section\" id=\"section_1321457977\">\n\t\t<div class=\"section-bg fill\" >\n\t\t\t\t\t\t\t\t\t\n\t\t\t\n\n\t\t<\/div>\n\n\t\t\n\n\t\t<div class=\"section-content relative\">\n\t\t\t\n\n<div class=\"row\"  id=\"row-103367820\">\n\n\n\t<div id=\"col-545833228\" class=\"col medium-6 small-12 large-6\"  >\n\t\t\t\t<div class=\"col-inner\"  >\n\t\t\t\n\t\t\t\n\n<h2>Jaka jest cena AQUAQUICK 2000<\/h2>\n<p>W przypadku, gdy nie wiesz, jaka powinna by\u0107 cena AQUAQUICK 2000, wtedy mo\u017ce by\u0107 dla Ciebie naprawd\u0119 frustruj\u0105ce, aby uzyska\u0107 jasne zrozumienie wynik\u00f3w i koszt\u00f3w naszego produktu. Wiele stron internetowych podaje r\u00f3\u017cne ceny produkt\u00f3w AQUAQUICK 2000, a inne strony internetowe odsy\u0142aj\u0105 jedynie do zapytania ofertowego.<\/p>\n<p>Jako \u015bwiatowy producent i jedyna firma, kt\u00f3ra jest w stanie wyznaczy\u0107 licencjobiorc\u00f3w i dystrybutor\u00f3w AQUAQUICK 2000, powinni\u015bmy przecie\u017c by\u0107 w stanie o tym poinformowa\u0107.<\/p>\n<p>Produkt AQUAQUICK 2000 jest produktem znanym od wielu dziesi\u0119cioleci. Firma do dzi\u015b jest firm\u0105 rodzinn\u0105 i przesz\u0142a w swoje trzecie pokolenie, kt\u00f3re przechodzi do czwartego. Jak w ka\u017cdym biznesie z czasem zmieniaj\u0105 si\u0119 wytyczne i podej\u015bcie do rynku, tak i w przypadku AQUAQUICK GLOBAL BV nie jest inaczej.&nbsp;<\/p>\n<p>W tej chwili ceny AQUAQUICK 2000 nie s\u0105 dost\u0119pne na naszej stronie internetowej. Wynika to z faktu, \u017ce w przesz\u0142o\u015bci AQUAQUICK 2000 mo\u017cna by\u0142o kupi\u0107 tylko u naszych dystrybutor\u00f3w bezpo\u015brednio w niekt\u00f3rych krajach, obszarach lub segmentach rynku. Rozumiej\u0105c, \u017ce to wszystko mo\u017ce mie\u0107 swoje wzloty i upadki, a tak\u017ce wiele zamieszania, przyjrzeli\u015bmy si\u0119 tej kwestii dok\u0142adniej.&nbsp;<\/p>\n<p>W przysz\u0142o\u015bci AQUAQUICK GLOBAL BV b\u0119dzie realizowa\u0142 now\u0105 strategi\u0119 i model biznesowy dla linii produkt\u00f3w AQUAQUICK 2000. Oznacza to, \u017ce b\u0119dzie wi\u0119cej informacji o cenach AQUAQUICK 2000, jak r\u00f3wnie\u017c \u0142atwiejszy proces zakupu AQUAQUICK 2000 bezpo\u015brednio przez nas w regionach, kt\u00f3re nie s\u0105 obecnie wspierane przez lokalnego wyznaczonego dystrybutora.<\/p>\n<p>AQUAQUICK 2000 mo\u017cna naby\u0107 tylko za po\u015brednictwem naszych wyznaczonych dystrybutor\u00f3w (w regionie, w kt\u00f3rym zostali wyznaczeni), a w innych miejscach przez AQUAQUICK GLOBAL BV. Istniej\u0105 firmy, kt\u00f3re podaj\u0105 si\u0119 za dystrybutora AQUAQUICK 2000 i do dzi\u015b sprzedaj\u0105 produkt pod nazw\u0105 i mark\u0105 AQUAQUICK 2000. Niestety w przesz\u0142o\u015bci wielokrotnie spotkali\u015bmy si\u0119 z tym, \u017ce AQUAQUICK 2000 jest jednym z produkt\u00f3w, kt\u00f3re s\u0105 imitowane przez podrabiane tanie produkty wykorzystuj\u0105ce nazw\u0119 marki AQUAQUICK 2000, aby udawa\u0107 oryginalny produkt.&nbsp;<\/p>\n<p>W przypadku znalezienia w internecie informacji o AQUAQUICK 2000 i braku pewno\u015bci, czy produkt jest rzeczywi\u015bcie legalny, radzimy po prostu skontaktowa\u0107 si\u0119 z nami, aby uzyska\u0107 wi\u0119cej informacji. Mo\u017cesz to zrobi\u0107 wysy\u0142aj\u0105c nam e-mail na adres business@aquaquick2000.com z tak\u0105 ilo\u015bci\u0105 informacji o produkcie i cenach, jak\u0105 otrzyma\u0142e\u015b.&nbsp;&nbsp;<\/p>\n<p>Stale skanujemy i szukamy imitacji naszego produktu. Dlatego bardzo cenimy sobie, gdy informuj\u0105 nas Pa\u0144stwo o swoich odkryciach dotycz\u0105cych fa\u0142szywych lub imitowanych produkt\u00f3w AQUAQUICK 2000 oraz firm, kt\u00f3re podaj\u0105 si\u0119 za wy\u0142\u0105cznego dystrybutora lub wy\u0142\u0105cznego przedstawiciela AQUAQUICK 2000.&nbsp;<\/p>\n<p><strong>Sprzedawanie AQUAQUICK 2000 lub podawanie si\u0119 za jedynego przedstawiciela AQUAQUICK 2000 w jakikolwiek spos\u00f3b jest zabronione. Jak wspomniano powy\u017cej, AQUAQUICK GLOBAL B.V jest jedyn\u0105 firm\u0105 na \u015bwiecie, kt\u00f3ra posiada wszystkie prawa do nazwy marki i receptur produkt\u00f3w i dlatego jeste\u015bmy jedynym producentem i posiadaczem licencji na asortyment AQUAQUICK 2000.&nbsp;<\/strong><\/p>\n\n\t\t<\/div>\n\t\t\t\t\t<\/div>\n\n\t\n\n\t<div id=\"col-1423315610\" class=\"col medium-6 small-12 large-6\"  >\n\t\t\t\t<div class=\"col-inner\"  >\n\t\t\t\n\t\t\t\n\n<div class=\"row\"  id=\"row-1668187972\">\n\n\n\t<div id=\"col-2082409826\" class=\"col small-12 large-12\"  >\n\t\t\t\t<div class=\"col-inner\" style=\"background-color:rgb(246, 246, 246);\" >\n\t\t\t\n\t\t\t\n\n<h2>Fakty dotycz\u0105ce cen AQUAQUICK 2000<\/h2>\n<ul>\n<li class=\"bullet-checkmark\" style=\"font-size: 11pt;\">Dystrybutorzy mieli swobod\u0119 ustalania w\u0142asnych cen.<\/li>\n<li class=\"bullet-checkmark\" style=\"font-size: 11pt;\">AQUAQUICK GLOBAL nie u\u017cywa E-commerce. <strong>(jeszcze)<\/strong>.<\/li>\n<li class=\"bullet-checkmark\" style=\"font-size: 11pt;\">Jeste\u015bmy jedynymi \u015bwiatowymi producentami AQUAQUICK 2000.<\/li>\n<li class=\"bullet-checkmark\" style=\"font-size: 11pt;\">Licencje AQUAQUICK 2000 mog\u0105 by\u0107 wyznaczane tylko przez nas.<\/li>\n<li class=\"bullet-checkmark\" style=\"font-size: 11pt;\">Cena sprzeda\u017cy AQUAQUICK 2000 wynosi 15,99 \u20ac za litr.<\/li>\n<li class=\"bullet-checkmark\" style=\"font-size: 11pt;\">Istniej\u0105 produkty na\u015bladuj\u0105ce AQUAQUICK 2000. <strong>(Ostrze\u017cenie)<\/strong><\/li>\n<li style=\"font-size: 11pt;\" class=\"bullet-checkmark\">AQUAQUICK 2000 jest wynaleziony i utrzymywany przez firm\u0119 rodzinn\u0105.<\/li>\n<\/ul>\n\n\t\t<\/div>\n\t\t\t\t\n<style>\n#col-2082409826 > .col-inner {\n  padding: 10px 10px 0px 10px;\n}\n<\/style>\n\t<\/div>\n\n\t\n\n<\/div>\n<div class=\"row\"  id=\"row-1318990359\">\n\n\n\t<div id=\"col-591151330\" class=\"col small-12 large-12\"  >\n\t\t\t\t<div class=\"col-inner\"  >\n\t\t\t\n\t\t\t\n\n\t<div class=\"box has-hover   has-hover box-shadow-2 box-text-bottom\" >\n\n\t\t<div class=\"box-image\" >\n\t\t\t\t\t\t<div class=\"\" >\n\t\t\t\t<img decoding=\"async\" width=\"1206\" height=\"804\" data-src=\"https:\/\/b3871678.smushcdn.com\/3871678\/wp-content\/uploads\/2020\/09\/aquaquick-2000-packaging-made-in-2015-4.jpg?lossy=2&strip=1&webp=1\" class=\"attachment- size- lazyload\" alt=\"\" data-srcset=\"https:\/\/b3871678.smushcdn.com\/3871678\/wp-content\/uploads\/2020\/09\/aquaquick-2000-packaging-made-in-2015-4.jpg?lossy=2&strip=1&webp=1 1206w, https:\/\/b3871678.smushcdn.com\/3871678\/wp-content\/uploads\/2020\/09\/aquaquick-2000-packaging-made-in-2015-4-510x340.jpg?lossy=2&strip=1&webp=1 510w, https:\/\/b3871678.smushcdn.com\/3871678\/wp-content\/uploads\/2020\/09\/aquaquick-2000-packaging-made-in-2015-4-500x333.jpg?lossy=2&strip=1&webp=1 500w, https:\/\/b3871678.smushcdn.com\/3871678\/wp-content\/uploads\/2020\/09\/aquaquick-2000-packaging-made-in-2015-4-768x512.jpg?lossy=2&strip=1&webp=1 768w, https:\/\/b3871678.smushcdn.com\/3871678\/wp-content\/uploads\/2020\/09\/aquaquick-2000-packaging-made-in-2015-4-600x400.jpg?lossy=2&strip=1&webp=1 600w, https:\/\/b3871678.smushcdn.com\/3871678\/wp-content\/uploads\/2020\/09\/aquaquick-2000-packaging-made-in-2015-4.jpg?size=204x136&lossy=2&strip=1&webp=1 204w, https:\/\/b3871678.smushcdn.com\/3871678\/wp-content\/uploads\/2020\/09\/aquaquick-2000-packaging-made-in-2015-4.jpg?size=408x272&lossy=2&strip=1&webp=1 408w, https:\/\/b3871678.smushcdn.com\/3871678\/wp-content\/uploads\/2020\/09\/aquaquick-2000-packaging-made-in-2015-4.jpg?size=1020x680&lossy=2&strip=1&webp=1 1020w\" data-sizes=\"auto\" title=\"\" src=\"data:image\/svg+xml;base64,PHN2ZyB3aWR0aD0iMSIgaGVpZ2h0PSIxIiB4bWxucz0iaHR0cDovL3d3dy53My5vcmcvMjAwMC9zdmciPjwvc3ZnPg==\" style=\"--smush-placeholder-width: 1206px; --smush-placeholder-aspect-ratio: 1206\/804;\" data-original-sizes=\"(max-width: 1206px) 100vw, 1206px\">\t\t\t\t\t\t\t\t\t\t\t<\/div>\n\t\t\t\t\t<\/div>\n\n\t\t<div class=\"box-text text-center\" style=\"background-color:rgb(243, 243, 243);\">\n\t\t\t<div class=\"box-text-inner\">\n\t\t\t\t\n\n<h4>AQUAQUICK 2000 &amp; AQUAQUICK 2000 R2U<\/h4>\n<p>To jest zdj\u0119cie AQUAQUICK 2000 <br>i AQUAQUICK 2000 R2U<em><strong>(Gotowe do u\u017cycia)<\/strong><\/em><\/p>\n\n\t\t\t<\/div>\n\t\t<\/div>\n\t<\/div>\n\t\n\t<div id=\"gap-155009456\" class=\"gap-element clearfix\" style=\"display:block; height:auto;\">\n\t\t\n<style>\n#gap-155009456 {\n  padding-top: 30px;\n}\n<\/style>\n\t<\/div>\n\t\n\n\t<div class=\"box has-hover   has-hover box-shadow-2 box-text-bottom\" >\n\n\t\t<div class=\"box-image\" >\n\t\t\t\t\t\t<div class=\"\" >\n\t\t\t\t<img decoding=\"async\" width=\"1206\" height=\"804\" data-src=\"https:\/\/b3871678.smushcdn.com\/3871678\/wp-content\/uploads\/2020\/09\/AQUAQUICK-2000-SP-PACKAGING-MADE-IN-2015-3.jpg?lossy=2&strip=1&webp=1\" class=\"attachment- size- lazyload\" alt=\"AQUAQUICK 2000 SP\" data-srcset=\"https:\/\/b3871678.smushcdn.com\/3871678\/wp-content\/uploads\/2020\/09\/AQUAQUICK-2000-SP-PACKAGING-MADE-IN-2015-3.jpg?lossy=2&strip=1&webp=1 1206w, https:\/\/b3871678.smushcdn.com\/3871678\/wp-content\/uploads\/2020\/09\/AQUAQUICK-2000-SP-PACKAGING-MADE-IN-2015-3-510x340.jpg?lossy=2&strip=1&webp=1 510w, https:\/\/b3871678.smushcdn.com\/3871678\/wp-content\/uploads\/2020\/09\/AQUAQUICK-2000-SP-PACKAGING-MADE-IN-2015-3-500x333.jpg?lossy=2&strip=1&webp=1 500w, https:\/\/b3871678.smushcdn.com\/3871678\/wp-content\/uploads\/2020\/09\/AQUAQUICK-2000-SP-PACKAGING-MADE-IN-2015-3-768x512.jpg?lossy=2&strip=1&webp=1 768w, https:\/\/b3871678.smushcdn.com\/3871678\/wp-content\/uploads\/2020\/09\/AQUAQUICK-2000-SP-PACKAGING-MADE-IN-2015-3-600x400.jpg?lossy=2&strip=1&webp=1 600w, https:\/\/b3871678.smushcdn.com\/3871678\/wp-content\/uploads\/2020\/09\/AQUAQUICK-2000-SP-PACKAGING-MADE-IN-2015-3.jpg?size=204x136&lossy=2&strip=1&webp=1 204w, https:\/\/b3871678.smushcdn.com\/3871678\/wp-content\/uploads\/2020\/09\/AQUAQUICK-2000-SP-PACKAGING-MADE-IN-2015-3.jpg?size=408x272&lossy=2&strip=1&webp=1 408w, https:\/\/b3871678.smushcdn.com\/3871678\/wp-content\/uploads\/2020\/09\/AQUAQUICK-2000-SP-PACKAGING-MADE-IN-2015-3.jpg?size=1020x680&lossy=2&strip=1&webp=1 1020w\" data-sizes=\"auto\" title=\"\" src=\"data:image\/svg+xml;base64,PHN2ZyB3aWR0aD0iMSIgaGVpZ2h0PSIxIiB4bWxucz0iaHR0cDovL3d3dy53My5vcmcvMjAwMC9zdmciPjwvc3ZnPg==\" style=\"--smush-placeholder-width: 1206px; --smush-placeholder-aspect-ratio: 1206\/804;\" data-original-sizes=\"(max-width: 1206px) 100vw, 1206px\">\t\t\t\t\t\t\t\t\t\t\t<\/div>\n\t\t\t\t\t<\/div>\n\n\t\t<div class=\"box-text text-center\" style=\"background-color:rgb(243, 243, 243);\">\n\t\t\t<div class=\"box-text-inner\">\n\t\t\t\t\n\n<h4>AQUAQUICK 2000 SP &amp; AQUAQUICK 2000 SP R2U<\/h4>\n<p>To jest zdj\u0119cie AQUAQUICK 2000 SP <br>I AQUAQUICK 2000 SP R2U<em><strong>(Gotowe do u\u017cycia)<\/strong><\/em><\/p>\n\n\t\t\t<\/div>\n\t\t<\/div>\n\t<\/div>\n\t\n\n\t\t<\/div>\n\t\t\t\t\t<\/div>\n\n\t\n\n<\/div>\n\n\t\t<\/div>\n\t\t\t\t\t<\/div>\n\n\t\n\n<\/div>\n\n\t\t<\/div>\n\n\t\t\n<style>\n#section_1321457977 {\n  padding-top: 30px;\n  padding-bottom: 30px;\n}\n<\/style>\n\t<\/section>","protected":false},"excerpt":{"rendered":"","protected":false},"author":1,"featured_media":8679,"parent":0,"menu_order":0,"comment_status":"closed","ping_status":"closed","template":"page-blank.php","meta":{"cybocfi_hide_featured_image":"","footnotes":"","_links_to":"","_links_to_target":""},"class_list":["post-8658","page","type-page","status-publish","has-post-thumbnail","hentry"],"_links":{"self":[{"href":"https:\/\/www.aquaquick2000.com\/pl\/wp-json\/wp\/v2\/pages\/8658","targetHints":{"allow":["GET"]}}],"collection":[{"href":"https:\/\/www.aquaquick2000.com\/pl\/wp-json\/wp\/v2\/pages"}],"about":[{"href":"https:\/\/www.aquaquick2000.com\/pl\/wp-json\/wp\/v2\/types\/page"}],"author":[{"embeddable":true,"href":"https:\/\/www.aquaquick2000.com\/pl\/wp-json\/wp\/v2\/users\/1"}],"replies":[{"embeddable":true,"href":"https:\/\/www.aquaquick2000.com\/pl\/wp-json\/wp\/v2\/comments?post=8658"}],"version-history":[{"count":0,"href":"https:\/\/www.aquaquick2000.com\/pl\/wp-json\/wp\/v2\/pages\/8658\/revisions"}],"wp:featuredmedia":[{"embeddable":true,"href":"https:\/\/www.aquaquick2000.com\/pl\/wp-json\/wp\/v2\/media\/8679"}],"wp:attachment":[{"href":"https:\/\/www.aquaquick2000.com\/pl\/wp-json\/wp\/v2\/media?parent=8658"}],"curies":[{"name":"wp","href":"https:\/\/api.w.org\/{rel}","templated":true}]}}