{"id":8953,"date":"2020-11-22T15:06:56","date_gmt":"2020-11-22T15:06:56","guid":{"rendered":"https:\/\/www.aquaquick2000.com\/?page_id=8953"},"modified":"2023-01-27T09:24:48","modified_gmt":"2023-01-27T09:24:48","slug":"aquaquick-2000-wykorzystany-w-olejowym-oczyszczaniu-w-filipinach-napisy-na-news","status":"publish","type":"page","link":"https:\/\/www.aquaquick2000.com\/pl\/aquaquick-2000-media\/demo-media\/aquaquick-2000-used-in-oil-spill-cleanup-in-philippines-featured-on-the-news\/","title":{"rendered":"AQUAQUICK 2000 u\u017cyty w usuwaniu wycieku ropy na Filipinach w wiadomo\u015bciach"},"content":{"rendered":"<section class=\"section\" id=\"section_505776668\">\n\t\t<div class=\"section-bg fill\" >\n\t\t\t<img decoding=\"async\" width=\"1920\" height=\"1200\" src=\"https:\/\/b3871678.smushcdn.com\/3871678\/wp-content\/uploads\/2020\/09\/AQUAQUICK-2000-Water-Style.jpg?lossy=2&strip=1&webp=1\" class=\"bg attachment- size-\" alt=\"\" title=\"\" srcset=\"https:\/\/b3871678.smushcdn.com\/3871678\/wp-content\/uploads\/2020\/09\/AQUAQUICK-2000-Water-Style.jpg?lossy=2&amp;strip=1&amp;webp=1 1920w, https:\/\/b3871678.smushcdn.com\/3871678\/wp-content\/uploads\/2020\/09\/AQUAQUICK-2000-Water-Style-510x319.jpg?lossy=2&amp;strip=1&amp;webp=1 510w, https:\/\/b3871678.smushcdn.com\/3871678\/wp-content\/uploads\/2020\/09\/AQUAQUICK-2000-Water-Style-500x313.jpg?lossy=2&amp;strip=1&amp;webp=1 500w, https:\/\/b3871678.smushcdn.com\/3871678\/wp-content\/uploads\/2020\/09\/AQUAQUICK-2000-Water-Style-1280x800.jpg?lossy=2&amp;strip=1&amp;webp=1 1280w, https:\/\/b3871678.smushcdn.com\/3871678\/wp-content\/uploads\/2020\/09\/AQUAQUICK-2000-Water-Style-768x480.jpg?lossy=2&amp;strip=1&amp;webp=1 768w, https:\/\/b3871678.smushcdn.com\/3871678\/wp-content\/uploads\/2020\/09\/AQUAQUICK-2000-Water-Style-1536x960.jpg?lossy=2&amp;strip=1&amp;webp=1 1536w, https:\/\/b3871678.smushcdn.com\/3871678\/wp-content\/uploads\/2020\/09\/AQUAQUICK-2000-Water-Style.jpg?size=204x128&amp;lossy=2&amp;strip=1&amp;webp=1 204w, https:\/\/b3871678.smushcdn.com\/3871678\/wp-content\/uploads\/2020\/09\/AQUAQUICK-2000-Water-Style.jpg?size=408x255&amp;lossy=2&amp;strip=1&amp;webp=1 408w, https:\/\/b3871678.smushcdn.com\/3871678\/wp-content\/uploads\/2020\/09\/AQUAQUICK-2000-Water-Style.jpg?size=612x383&amp;lossy=2&amp;strip=1&amp;webp=1 612w, https:\/\/b3871678.smushcdn.com\/3871678\/wp-content\/uploads\/2020\/09\/AQUAQUICK-2000-Water-Style.jpg?size=1020x638&amp;lossy=2&amp;strip=1&amp;webp=1 1020w\" sizes=\"(max-width: 1920px) 100vw, 1920px\">\t\t\t\t\t\t<div class=\"section-bg-overlay absolute fill\"><\/div>\n\t\t\t\n\n\t\t<\/div>\n\n\t\t\n\n\t\t<div class=\"section-content relative\">\n\t\t\t\n\n\t<div id=\"gap-1121978701\" class=\"gap-element clearfix\" style=\"display:block; height:auto;\">\n\t\t\n<style>\n#gap-1121978701 {\n  padding-top: 20px;\n}\n<\/style>\n\t<\/div>\n\t\n\n<div class=\"row\"  id=\"row-1575018891\">\n\n\n\t<div id=\"col-619163102\" class=\"col small-12 large-12\"  >\n\t\t\t\t<div class=\"col-inner\"  >\n\t\t\t\n\t\t\t\n\n<div class=\"row row-collapse align-equal row-divided row-box-shadow-1 row-box-shadow-4-hover\"  id=\"row-777582193\">\n\n\n\t<div id=\"col-1271342813\" class=\"col medium-4 small-12 large-2\"  >\n\t\t\t\t<div class=\"col-inner\"  >\n\t\t\t\n\t\t\t\n\n<a href=\"https:\/\/www.aquaquick2000.com\/pl\/aquaquick-2000-media\/produkt-media\/\" class=\"button primary is-underline is-small expand\" >\n\t\t<span>No\u015bniki produkt\u00f3w<\/span>\n\t<\/a>\n\n\n\n\t\t<\/div>\n\t\t\t\t\t<\/div>\n\n\t\n\n\t<div id=\"col-456092233\" class=\"col medium-4 small-12 large-2\"  >\n\t\t\t\t<div class=\"col-inner\"  >\n\t\t\t\n\t\t\t\n\n<a href=\"https:\/\/www.aquaquick2000.com\/pl\/aquaquick-2000-media\/demo-media\/\" class=\"button primary is-link is-small expand\" >\n\t\t<span>Media demonstracyjne<\/span>\n\t<\/a>\n\n\n\n\t\t<\/div>\n\t\t\t\t\t<\/div>\n\n\t\n\n\t<div id=\"col-1071381822\" class=\"col medium-4 small-12 large-2\"  >\n\t\t\t\t<div class=\"col-inner\"  >\n\t\t\t\n\t\t\t\n\n<a href=\"https:\/\/www.aquaquick2000.com\/pl\/aquaquick-2000-media\/branding-media\/\" class=\"button primary is-link is-small expand\" >\n\t\t<span>Media brandingowe<\/span>\n\t<\/a>\n\n\n\n\t\t<\/div>\n\t\t\t\t\t<\/div>\n\n\t\n\n\t<div id=\"col-1714669580\" class=\"col medium-4 small-12 large-2\"  >\n\t\t\t\t<div class=\"col-inner\"  >\n\t\t\t\n\t\t\t\n\n<a href=\"https:\/\/www.aquaquick2000.com\/pl\/aquaquick-2000-media\/historia-media\/\" class=\"button primary is-link is-small expand\" >\n\t\t<span>Historia MEdia<\/span>\n\t<\/a>\n\n\n\n\t\t<\/div>\n\t\t\t\t\t<\/div>\n\n\t\n\n\t<div id=\"col-2002566069\" class=\"col medium-4 small-12 large-2\"  >\n\t\t\t\t<div class=\"col-inner\"  >\n\t\t\t\n\t\t\t\n\n<a href=\"https:\/\/www.aquaquick2000.com\/pl\/aquaquick-2000-media\/materialy-szkoleniowe\/\" class=\"button primary is-link is-small expand\" >\n\t\t<span>Materia\u0142y szkoleniowe<\/span>\n\t<\/a>\n\n\n\n\t\t<\/div>\n\t\t\t\t\t<\/div>\n\n\t\n\n\t<div id=\"col-330737442\" class=\"col medium-4 small-12 large-2\"  >\n\t\t\t\t<div class=\"col-inner\"  >\n\t\t\t\n\t\t\t\n\n<a href=\"https:\/\/www.aquaquick2000.com\/pl\/aquaquick-2000-media\/dodatkowe-media\/\" class=\"button primary is-link is-small expand\" >\n\t\t<span>Dodatkowe media<\/span>\n\t<\/a>\n\n\n\n\t\t<\/div>\n\t\t\t\t\t<\/div>\n\n\t\n\n\n<style>\n#row-777582193 > .col > .col-inner {\n  padding: 15px 0px 0px 0px;\n  background-color: rgb(255,255,255);\n}\n<\/style>\n<\/div>\n\n\n\t\t<\/div>\n\t\t\t\t\t<\/div>\n\n\t\n\n<\/div>\n<h2 style=\"text-align: center;\">AQUAQUICK 2000 u\u017cyty w usuwaniu wycieku ropy na Filipinach w wiadomo\u015bciach <\/h2>\n\n\t\t<\/div>\n\n\t\t\n<style>\n#section_505776668 {\n  padding-top: 30px;\n  padding-bottom: 30px;\n  min-height: 240px;\n  background-color: rgb(245, 247, 251);\n}\n#section_505776668 .section-bg-overlay {\n  background-color: rgba(255, 255, 255, 0.58);\n}\n<\/style>\n\t<\/section>\n\t\n\n\t<section class=\"section\" id=\"section_55981662\">\n\t\t<div class=\"section-bg fill\" >\n\t\t\t\t\t\t\t\t\t\n\t\t\t\n\n\t\t<\/div>\n\n\t\t\n\n\t\t<div class=\"section-content relative\">\n\t\t\t\n\n<div class=\"row\"  id=\"row-172059040\">\n\n\n\t<div id=\"col-172384253\" class=\"col medium-3 small-12 large-3\"  >\n\t\t\t\t<div class=\"col-inner box-shadow-2\" style=\"background-color:rgb(255,255,255);\" >\n\t\t\t\n\t\t\t\n\n<h2>Baza danych medi\u00f3w<\/h2>\n<ul class=\"sidebar-wrapper ul-reset\"><div class=\"menu-media-manager-menu-container\"><ul id=\"menu-media-manager-menu\" class=\"menu\"><li id=\"menu-item-8734\" class=\"menu-item menu-item-type-post_type menu-item-object-page menu-item-8734\"><a href=\"https:\/\/www.aquaquick2000.com\/pl\/aquaquick-2000-media\/\">Wszystkie media<\/a><\/li>\n<li id=\"menu-item-8762\" class=\"menu-item menu-item-type-post_type menu-item-object-page menu-item-has-children menu-item-8762\"><a href=\"https:\/\/www.aquaquick2000.com\/pl\/aquaquick-2000-media\/demo-media\/\">Demo Media<\/a>\n<ul class=\"sub-menu\">\n\t<li id=\"menu-item-8974\" class=\"menu-item menu-item-type-post_type menu-item-object-page menu-item-8974\"><a href=\"https:\/\/www.aquaquick2000.com\/pl\/aquaquick-2000-media\/demo-media\/angeles-power-piston-cleaning-with-aquaquick-2000\/\">Czyszczenie t\u0142ok\u00f3w Angeles Power przy u\u017cyciu AQUAQUICK 2000<\/a><\/li>\n\t<li id=\"menu-item-8975\" class=\"menu-item menu-item-type-post_type menu-item-object-page menu-item-8975\"><a href=\"https:\/\/www.aquaquick2000.com\/pl\/aquaquick-2000-media\/demo-media\/aquaquick-2000-degreasing-process\/\">AQUAQUICK 2000 Proces odt\u0142uszczania<\/a><\/li>\n\t<li id=\"menu-item-8976\" class=\"menu-item menu-item-type-post_type menu-item-object-page menu-item-8976\"><a href=\"https:\/\/www.aquaquick2000.com\/pl\/aquaquick-2000-media\/demo-media\/aquaquick-2000-eco-plus-demo-oil-spill-on-surface\/\">AQUAQUICK 2000 Eco Plus Demo rozlany olej na powierzchni<\/a><\/li>\n\t<li id=\"menu-item-8977\" class=\"menu-item menu-item-type-post_type menu-item-object-page menu-item-8977\"><a href=\"https:\/\/www.aquaquick2000.com\/pl\/aquaquick-2000-media\/demo-media\/aquaquick-2000-ecoh2o-bottle-test\/\">Test butelek AQUAQUICK 2000 EcoH2O<\/a><\/li>\n\t<li id=\"menu-item-8978\" class=\"menu-item menu-item-type-post_type menu-item-object-page menu-item-8978\"><a href=\"https:\/\/www.aquaquick2000.com\/pl\/aquaquick-2000-media\/demo-media\/aquaquick-2000-emergency-spill-kit\/\">AQUAQUICK 2000 Zestaw do rozlewania awaryjnego<\/a><\/li>\n\t<li id=\"menu-item-8979\" class=\"menu-item menu-item-type-post_type menu-item-object-page menu-item-8979\"><a href=\"https:\/\/www.aquaquick2000.com\/pl\/aquaquick-2000-media\/demo-media\/aquaquick-2000-fuel-fire-extinguish-demo-petrochina\/\">AQUAQUICK 2000 Paliwo Gaszenie po\u017car\u00f3w Demo Petrochina<\/a><\/li>\n\t<li id=\"menu-item-8980\" class=\"menu-item menu-item-type-post_type menu-item-object-page menu-item-8980\"><a href=\"https:\/\/www.aquaquick2000.com\/pl\/aquaquick-2000-media\/demo-media\/aquaquick-2000-fuel-fire-extinguisher-fire-demo-at-medco\/\">Demonstracja ga\u015bnicy paliwowej AQUAQUICK 2000 w Medco<\/a><\/li>\n\t<li id=\"menu-item-8981\" class=\"menu-item menu-item-type-post_type menu-item-object-page menu-item-8981\"><a href=\"https:\/\/www.aquaquick2000.com\/pl\/aquaquick-2000-media\/demo-media\/aquaquick-2000-lake-treatment\/\">AQUAQUICK 2000 Oczyszczanie jezior<\/a><\/li>\n\t<li id=\"menu-item-8982\" class=\"menu-item menu-item-type-post_type menu-item-object-page menu-item-8982\"><a href=\"https:\/\/www.aquaquick2000.com\/pl\/aquaquick-2000-media\/demo-media\/aquaquick-2000-mercaptan-to-remove-odor-at-isla-shell\/\">AQUAQUICK 2000 Mercaptan do usuwania zapachu na isla shell<\/a><\/li>\n\t<li id=\"menu-item-8983\" class=\"menu-item menu-item-type-post_type menu-item-object-page menu-item-8983\"><a href=\"https:\/\/www.aquaquick2000.com\/pl\/aquaquick-2000-media\/demo-media\/demo-on-gas-cylinder-cleaning-with-aquaquick-2000-2\/\">AQUAQUICK 2000 Czyszczenie element\u00f3w zabrudzonych olejem i t\u0142uszczem<\/a><\/li>\n\t<li id=\"menu-item-8984\" class=\"menu-item menu-item-type-post_type menu-item-object-page menu-item-8984\"><a href=\"https:\/\/www.aquaquick2000.com\/pl\/aquaquick-2000-media\/demo-media\/aquaquick-2000-oil-cleaning-demo-at-weatherford-in-australia\/\">Demonstracja czyszczenia olej\u00f3w AQUAQUICK 2000 w Weatherford w Australii<\/a><\/li>\n\t<li id=\"menu-item-8985\" class=\"menu-item menu-item-type-post_type menu-item-object-page menu-item-8985\"><a href=\"https:\/\/www.aquaquick2000.com\/pl\/aquaquick-2000-media\/demo-media\/aquaquick-2000-oil-spill-demo-at-airport-schiphol\/\">AQUAQUICK 2000 Demonstracja wycieku oleju na lotnisku Schiphol<\/a><\/li>\n\t<li id=\"menu-item-8986\" class=\"menu-item menu-item-type-post_type menu-item-object-page menu-item-8986\"><a href=\"https:\/\/www.aquaquick2000.com\/pl\/aquaquick-2000-media\/demo-media\/aquaquick-2000-oil-spill-in-nipa-palm-plantation\/\">AQUAQUICK 2000 Wyciek oleju na plantacji palm Nipa<\/a><\/li>\n\t<li id=\"menu-item-8987\" class=\"menu-item menu-item-type-post_type menu-item-object-page menu-item-8987\"><a href=\"https:\/\/www.aquaquick2000.com\/pl\/aquaquick-2000-media\/demo-media\/aquaquick-2000-oil-spill-maintenance-cleanup-demo\/\">AQUAQUICK 2000 Demonstracja czyszczenia rozlew\u00f3w olejowych<\/a><\/li>\n\t<li id=\"menu-item-8988\" class=\"menu-item menu-item-type-post_type menu-item-object-page menu-item-8988\"><a href=\"https:\/\/www.aquaquick2000.com\/pl\/aquaquick-2000-media\/demo-media\/aquaquick-2000-oil-spill-maintenance-cleanup-demo-part-2\/\">AQUAQUICK 2000 Demonstracja oczyszczania rozlew\u00f3w olejowych cz\u0119\u015b\u0107 2<\/a><\/li>\n\t<li id=\"menu-item-8989\" class=\"menu-item menu-item-type-post_type menu-item-object-page menu-item-8989\"><a href=\"https:\/\/www.aquaquick2000.com\/pl\/aquaquick-2000-media\/demo-media\/aquaquick-2000-oil-spill-pond-demo-in-asia\/\">AQUAQUICK 2000 Demonstracja stawu z wyciekiem ropy w Azji<\/a><\/li>\n\t<li id=\"menu-item-8990\" class=\"menu-item menu-item-type-post_type menu-item-object-page menu-item-8990\"><a href=\"https:\/\/www.aquaquick2000.com\/pl\/aquaquick-2000-media\/demo-media\/aquaquick-2000-pdb-tank-cleaning-project\/\">AQUAQUICK 2000 PDB Projekt czyszczenia zbiornika<\/a><\/li>\n\t<li id=\"menu-item-8991\" class=\"menu-item menu-item-type-post_type menu-item-object-page menu-item-8991\"><a href=\"https:\/\/www.aquaquick2000.com\/pl\/aquaquick-2000-media\/demo-media\/aquaquick-2000-pdo-oman-oil-sludge-tank-cleaning\/\">AQUAQUICK 2000 PDO OMAN Czyszczenie zbiornik\u00f3w z osad\u00f3w olejowych<\/a><\/li>\n\t<li id=\"menu-item-8992\" class=\"menu-item menu-item-type-post_type menu-item-object-page menu-item-8992\"><a href=\"https:\/\/www.aquaquick2000.com\/pl\/aquaquick-2000-media\/demo-media\/aquaquick-2000-petronas-dagangan-soil-treatment-project\/\">AQUAQUICK 2000 Projekt oczyszczania gleby Petronas Dagangan<\/a><\/li>\n\t<li id=\"menu-item-8993\" class=\"menu-item menu-item-type-post_type menu-item-object-page menu-item-8993\"><a href=\"https:\/\/www.aquaquick2000.com\/pl\/aquaquick-2000-media\/demo-media\/aquaquick-2000-phiphi-island-oil-spill-in-pond-cleanup\/\">AQUAQUICK 2000 Wyspa Phiphi Oczyszczanie stawu z wycieku oleju<\/a><\/li>\n\t<li id=\"menu-item-8994\" class=\"menu-item menu-item-type-post_type menu-item-object-page menu-item-8994\"><a href=\"https:\/\/www.aquaquick2000.com\/pl\/aquaquick-2000-media\/demo-media\/aquaquick-2000-suitable-cleaning-application-for-aircon-filter-cleaning\/\">AQUAQUICK 2000 odpowiednie zastosowanie do czyszczenia filtr\u00f3w klimatyzacji<\/a><\/li>\n\t<li id=\"menu-item-8995\" class=\"menu-item menu-item-type-post_type menu-item-object-page menu-item-8995\"><a href=\"https:\/\/www.aquaquick2000.com\/pl\/aquaquick-2000-media\/demo-media\/aquaquick-2000-suitable-cleaning-solution-for-manufacturers\/\">AQUAQUICK 2000 Odpowiednie rozwi\u0105zanie czyszcz\u0105ce dla producent\u00f3w<\/a><\/li>\n\t<li id=\"menu-item-8996\" class=\"menu-item menu-item-type-post_type menu-item-object-page menu-item-8996\"><a href=\"https:\/\/www.aquaquick2000.com\/pl\/aquaquick-2000-media\/demo-media\/aquaquick-2000-total-cleaning-solution-for-restaurants-and-kitchens\/\">AQUAQUICK 2000 Kompleksowe rozwi\u0105zanie czyszcz\u0105ce dla restauracji i kuchni<\/a><\/li>\n\t<li id=\"menu-item-8997\" class=\"menu-item menu-item-type-post_type menu-item-object-page menu-item-8997\"><a href=\"https:\/\/www.aquaquick2000.com\/pl\/aquaquick-2000-media\/demo-media\/aquaquick-2000-used-for-oil-spill-cleanup-handal-offshore\/\">AQUAQUICK 2000 u\u017cywany do oczyszczania z wyciek\u00f3w ropy naftowej na morzu.<\/a><\/li>\n\t<li id=\"menu-item-8998\" class=\"menu-item menu-item-type-post_type menu-item-object-page menu-item-8998\"><a href=\"https:\/\/www.aquaquick2000.com\/pl\/aquaquick-2000-media\/demo-media\/aquaquick-2000-used-for-road-spill-cleanup-by-firefighter-brigade-the-netherlands\/\">AQUAQUICK 2000 u\u017cyty do oczyszczania rozlewu drogowego przez Stra\u017c Po\u017carn\u0105 w Holandii<\/a><\/li>\n\t<li id=\"menu-item-8999\" class=\"menu-item menu-item-type-post_type menu-item-object-page menu-item-8999\"><a href=\"https:\/\/www.aquaquick2000.com\/pl\/aquaquick-2000-media\/demo-media\/aquaquick-2000-used-in-oil-spill-cleanup-in-philippines-featured-on-the-news\/\">AQUAQUICK 2000 u\u017cyty w usuwaniu wycieku ropy na Filipinach w wiadomo\u015bciach<\/a><\/li>\n\t<li id=\"menu-item-9000\" class=\"menu-item menu-item-type-post_type menu-item-object-page menu-item-9000\"><a href=\"https:\/\/www.aquaquick2000.com\/pl\/aquaquick-2000-media\/demo-media\/aquaquick-2000-washing-hands-removing-all-oil-stains\/\">AQUAQUICK 2000 Mycie r\u0105k usuwaj\u0105ce wszelkie plamy oleju<\/a><\/li>\n\t<li id=\"menu-item-9001\" class=\"menu-item menu-item-type-post_type menu-item-object-page menu-item-9001\"><a href=\"https:\/\/www.aquaquick2000.com\/pl\/aquaquick-2000-media\/demo-media\/aquaquick-2000-wildlife-oil-washing-at-vogel-asiel-de-paddestoel-den-helder\/\">AQUAQUICK 2000 Mycie olejowe dzikich zwierz\u0105t w vogel Asiel de Paddestoel Den Helder<\/a><\/li>\n\t<li id=\"menu-item-9002\" class=\"menu-item menu-item-type-post_type menu-item-object-page menu-item-9002\"><a href=\"https:\/\/www.aquaquick2000.com\/pl\/aquaquick-2000-media\/demo-media\/aquaquick-estancia-oil-spill-shoreline-cleanup\/\">AQUAQUICK Estancia Oil Spill Oczyszczanie linii brzegowej<\/a><\/li>\n\t<li id=\"menu-item-9003\" class=\"menu-item menu-item-type-post_type menu-item-object-page menu-item-9003\"><a href=\"https:\/\/www.aquaquick2000.com\/pl\/aquaquick-2000-media\/demo-media\/cleaning-greasetrap-with-aquaquick-2000\/\">Czyszczenie Greasetrapu za pomoc\u0105 AQUAQUICK 2000<\/a><\/li>\n\t<li id=\"menu-item-9004\" class=\"menu-item menu-item-type-post_type menu-item-object-page menu-item-9004\"><a href=\"https:\/\/www.aquaquick2000.com\/pl\/aquaquick-2000-media\/demo-media\/cleaning-machinery-parts-and-components-with-aquaquick-2000\/\">Czyszczenie cz\u0119\u015bci maszyn i komponent\u00f3w za pomoc\u0105 AQUAQUICK 2000<\/a><\/li>\n\t<li id=\"menu-item-9005\" class=\"menu-item menu-item-type-post_type menu-item-object-page menu-item-9005\"><a href=\"https:\/\/www.aquaquick2000.com\/pl\/aquaquick-2000-media\/demo-media\/demo-on-gas-cylinder-cleaning-with-aquaquick-2000\/\">Demonstracja czyszczenia butli gazowych za pomoc\u0105 AQUAQUICK 2000<\/a><\/li>\n\t<li id=\"menu-item-9006\" class=\"menu-item menu-item-type-post_type menu-item-object-page menu-item-9006\"><a href=\"https:\/\/www.aquaquick2000.com\/pl\/aquaquick-2000-media\/demo-media\/greasetrap-cleaning-at-kfc-using-aquaquick-2000\/\">Czyszczenie separatora t\u0142uszczu w KFC przy u\u017cyciu AQUAQUICK 2000<\/a><\/li>\n\t<li id=\"menu-item-9007\" class=\"menu-item menu-item-type-post_type menu-item-object-page menu-item-9007\"><a href=\"https:\/\/www.aquaquick2000.com\/pl\/aquaquick-2000-media\/demo-media\/oil-base-mud-cleaning-test-with-aquaquick-2000\/\">Test czyszczenia b\u0142ota ropnego za pomoc\u0105 AQUAQUICK 2000<\/a><\/li>\n\t<li id=\"menu-item-9008\" class=\"menu-item menu-item-type-post_type menu-item-object-page menu-item-9008\"><a href=\"https:\/\/www.aquaquick2000.com\/pl\/aquaquick-2000-media\/demo-media\/oil-spill-cleanup-in-cebu-city-using-aquaquick-2000\/\">Usuwanie wycieku oleju w mie\u015bcie Cebu przy u\u017cyciu AQUAQUICK 2000<\/a><\/li>\n\t<li id=\"menu-item-9009\" class=\"menu-item menu-item-type-post_type menu-item-object-page menu-item-9009\"><a href=\"https:\/\/www.aquaquick2000.com\/pl\/aquaquick-2000-media\/demo-media\/oil-spill-cleanup-in-cebu-city-using-aquaquick-2000-part-2\/\">Usuwanie wycieku oleju w mie\u015bcie Cebu przy u\u017cyciu AQUAQUICK 2000 cz\u0119\u015b\u0107 2<\/a><\/li>\n\t<li id=\"menu-item-9010\" class=\"menu-item menu-item-type-post_type menu-item-object-page menu-item-9010\"><a href=\"https:\/\/www.aquaquick2000.com\/pl\/aquaquick-2000-media\/demo-media\/oil-spill-maintenance-cleanup-on-rig-and-deck-using-aquaquick-2000\/\">Usuwanie rozlew\u00f3w olejowych na platformie i pok\u0142adzie przy u\u017cyciu AQUAQUICK 2000<\/a><\/li>\n\t<li id=\"menu-item-9011\" class=\"menu-item menu-item-type-post_type menu-item-object-page menu-item-9011\"><a href=\"https:\/\/www.aquaquick2000.com\/pl\/aquaquick-2000-media\/demo-media\/petron-soil-washing-demo-using-aquaquick-2000\/\">Demo mycia gleby w Petronie przy u\u017cyciu AQUAQUICK 2000<\/a><\/li>\n\t<li id=\"menu-item-9012\" class=\"menu-item menu-item-type-post_type menu-item-object-page menu-item-9012\"><a href=\"https:\/\/www.aquaquick2000.com\/pl\/aquaquick-2000-media\/demo-media\/petronas-melaka-maintenance-cleanup-using-aquaquick-2000\/\">Oczyszczanie Petronas Melaka przy u\u017cyciu AQUAQUICK 2000<\/a><\/li>\n\t<li id=\"menu-item-9013\" class=\"menu-item menu-item-type-post_type menu-item-object-page menu-item-9013\"><a href=\"https:\/\/www.aquaquick2000.com\/pl\/aquaquick-2000-media\/demo-media\/petronas-melaka-maintenance-cleanup-using-aquaquick-2000-part-2\/\">Oczyszczanie Petronas Melaka przy u\u017cyciu AQUAQUICK 2000 cz\u0119\u015b\u0107 2<\/a><\/li>\n\t<li id=\"menu-item-9014\" class=\"menu-item menu-item-type-post_type menu-item-object-page menu-item-9014\"><a href=\"https:\/\/www.aquaquick2000.com\/pl\/aquaquick-2000-media\/demo-media\/pulau-tioman-oil-spill-cleanup-demo-using-aquaquick-2000\/\">Demo oczyszczania rozlewu ropy na Pulau Tioman przy u\u017cyciu AQUAQUICK 2000<\/a><\/li>\n\t<li id=\"menu-item-9015\" class=\"menu-item menu-item-type-post_type menu-item-object-page menu-item-9015\"><a href=\"https:\/\/www.aquaquick2000.com\/pl\/aquaquick-2000-media\/demo-media\/rosario-cavite-oil-spill-cleanup-demo-using-aquaquick-2000-in-australia\/\">Oczyszczanie wycieku ropy z Rosario Cavite Demo przy u\u017cyciu AQUAQUICK 2000 w Australii<\/a><\/li>\n\t<li id=\"menu-item-9016\" class=\"menu-item menu-item-type-post_type menu-item-object-page menu-item-9016\"><a href=\"https:\/\/www.aquaquick2000.com\/pl\/aquaquick-2000-media\/demo-media\/sea-oil-spill-rig-cleaning-demo-using-aquaquick-2000\/\">Demonstracja czyszczenia platformy z rozlew\u00f3w olejowych na morzu przy u\u017cyciu AQUAQUICK 2000<\/a><\/li>\n\t<li id=\"menu-item-9018\" class=\"menu-item menu-item-type-post_type menu-item-object-page menu-item-9018\"><a href=\"https:\/\/www.aquaquick2000.com\/pl\/aquaquick-2000-media\/demo-media\/sime-darby-cleanup-demo-using-aquaquick-2000\/\">Demo oczyszczania Sime Darby przy u\u017cyciu AQUAQUICK 2000<\/a><\/li>\n\t<li id=\"menu-item-9017\" class=\"menu-item menu-item-type-post_type menu-item-object-page menu-item-9017\"><a href=\"https:\/\/www.aquaquick2000.com\/pl\/aquaquick-2000-media\/demo-media\/sea-oil-spill-rig-cleaning-demo-using-aquaquick-2000-part-2\/\">Demonstracja czyszczenia platformy z rozlewu ropy morskiej przy u\u017cyciu AQUAQUICK 2000 cz\u0119\u015b\u0107 2<\/a><\/li>\n\t<li id=\"menu-item-9019\" class=\"menu-item menu-item-type-post_type menu-item-object-page menu-item-9019\"><a href=\"https:\/\/www.aquaquick2000.com\/pl\/aquaquick-2000-media\/demo-media\/soil-washing-demo-at-petron-using-aquaquick-2000\/\">Demonstracja mycia gleby w Petronie przy u\u017cyciu AQUAQUICK 2000<\/a><\/li>\n\t<li id=\"menu-item-9020\" class=\"menu-item menu-item-type-post_type menu-item-object-page menu-item-9020\"><a href=\"https:\/\/www.aquaquick2000.com\/pl\/aquaquick-2000-media\/demo-media\/surface-oil-spill-cleaning-demo-using-aquaquick-2000\/\">Demonstracja czyszczenia powierzchniowych rozlew\u00f3w olejowych przy u\u017cyciu AQUAQUICK 2000<\/a><\/li>\n\t<li id=\"menu-item-9021\" class=\"menu-item menu-item-type-post_type menu-item-object-page menu-item-9021\"><a href=\"https:\/\/www.aquaquick2000.com\/pl\/aquaquick-2000-media\/demo-media\/surface-oil-spill-cleaning-demo-using-aquaquick-2000-part-2\/\">Demo czyszczenia rozlew\u00f3w olejowych na powierzchni przy u\u017cyciu AQUAQUICK 2000 cz\u0119\u015b\u0107 2<\/a><\/li>\n\t<li id=\"menu-item-9022\" class=\"menu-item menu-item-type-post_type menu-item-object-page menu-item-9022\"><a href=\"https:\/\/www.aquaquick2000.com\/pl\/aquaquick-2000-media\/demo-media\/tank-cleaning-demo-using-aquaquick-2000\/\">Demo czyszczenia zbiornik\u00f3w przy u\u017cyciu AQUAQUICK 2000<\/a><\/li>\n\t<li id=\"menu-item-9023\" class=\"menu-item menu-item-type-post_type menu-item-object-page menu-item-9023\"><a href=\"https:\/\/www.aquaquick2000.com\/pl\/aquaquick-2000-media\/demo-media\/tank-cleaning-demo-using-aquaquick-2000-part-2\/\">Demonstracja czyszczenia zbiornika przy u\u017cyciu AQUAQUICK 2000 cz\u0119\u015b\u0107 2<\/a><\/li>\n\t<li id=\"menu-item-9024\" class=\"menu-item menu-item-type-post_type menu-item-object-page menu-item-9024\"><a href=\"https:\/\/www.aquaquick2000.com\/pl\/aquaquick-2000-media\/demo-media\/ultra-sonic-cleaning-in-combination-with-aquaquick-2000\/\">Ultra Sonic Cleaning w po\u0142\u0105czeniu z AQUAQUICK 2000<\/a><\/li>\n\t<li id=\"menu-item-9025\" class=\"menu-item menu-item-type-post_type menu-item-object-page menu-item-9025\"><a href=\"https:\/\/www.aquaquick2000.com\/pl\/aquaquick-2000-media\/demo-media\/umw-petrodril-soil-wash-using-aquaquick-2000\/\">UMW Petrodril Mycie gleby przy u\u017cyciu AQUAQUICK 2000<\/a><\/li>\n<\/ul>\n<\/li>\n<li id=\"menu-item-8760\" class=\"menu-item menu-item-type-post_type menu-item-object-page menu-item-8760\"><a href=\"https:\/\/www.aquaquick2000.com\/pl\/aquaquick-2000-media\/history-media\/\">Historia Media<\/a><\/li>\n<li id=\"menu-item-8761\" class=\"menu-item menu-item-type-post_type menu-item-object-page menu-item-8761\"><a href=\"https:\/\/www.aquaquick2000.com\/pl\/aquaquick-2000-media\/branding-media\/\">Branding Media<\/a><\/li>\n<li id=\"menu-item-8735\" class=\"menu-item menu-item-type-post_type menu-item-object-page menu-item-8735\"><a href=\"https:\/\/www.aquaquick2000.com\/pl\/aquaquick-2000-media\/product-media\/\">Produkt Media<\/a><\/li>\n<li id=\"menu-item-8759\" class=\"menu-item menu-item-type-post_type menu-item-object-page menu-item-8759\"><a href=\"https:\/\/www.aquaquick2000.com\/pl\/aquaquick-2000-media\/training-materials\/\">Materia\u0142y szkoleniowe<\/a><\/li>\n<li id=\"menu-item-8758\" class=\"menu-item menu-item-type-post_type menu-item-object-page menu-item-8758\"><a href=\"https:\/\/www.aquaquick2000.com\/pl\/aquaquick-2000-media\/additional-media\/\">Dodatkowe media<\/a><\/li>\n<\/ul><\/div><\/ul>\n\n\t<div id=\"gap-1949685675\" class=\"gap-element clearfix\" style=\"display:block; height:auto;\">\n\t\t\n<style>\n#gap-1949685675 {\n  padding-top: 10px;\n}\n<\/style>\n\t<\/div>\n\t\n\n\n\t\t<\/div>\n\t\t\t\t\n<style>\n#col-172384253 > .col-inner {\n  padding: 15px 15px 0px 15px;\n}\n<\/style>\n\t<\/div>\n\n\t\n\n\t<div id=\"col-87976647\" class=\"col medium-9 small-12 large-9\"  >\n\t\t\t\t<div class=\"col-inner\"  >\n\t\t\t\n\t\t\t\n\n\n\t\t<\/div>\n\t\t\t\t\t<\/div>\n\n\t\n\n<\/div>\n\n\t\t<\/div>\n\n\t\t\n<style>\n#section_55981662 {\n  padding-top: 30px;\n  padding-bottom: 30px;\n  background-color: rgb(242, 242, 242);\n}\n<\/style>\n\t<\/section>","protected":false},"excerpt":{"rendered":"","protected":false},"author":1,"featured_media":8796,"parent":8737,"menu_order":0,"comment_status":"closed","ping_status":"closed","template":"page-blank.php","meta":{"cybocfi_hide_featured_image":"","footnotes":"","_links_to":"","_links_to_target":""},"class_list":["post-8953","page","type-page","status-publish","has-post-thumbnail","hentry"],"_links":{"self":[{"href":"https:\/\/www.aquaquick2000.com\/pl\/wp-json\/wp\/v2\/pages\/8953","targetHints":{"allow":["GET"]}}],"collection":[{"href":"https:\/\/www.aquaquick2000.com\/pl\/wp-json\/wp\/v2\/pages"}],"about":[{"href":"https:\/\/www.aquaquick2000.com\/pl\/wp-json\/wp\/v2\/types\/page"}],"author":[{"embeddable":true,"href":"https:\/\/www.aquaquick2000.com\/pl\/wp-json\/wp\/v2\/users\/1"}],"replies":[{"embeddable":true,"href":"https:\/\/www.aquaquick2000.com\/pl\/wp-json\/wp\/v2\/comments?post=8953"}],"version-history":[{"count":0,"href":"https:\/\/www.aquaquick2000.com\/pl\/wp-json\/wp\/v2\/pages\/8953\/revisions"}],"up":[{"embeddable":true,"href":"https:\/\/www.aquaquick2000.com\/pl\/wp-json\/wp\/v2\/pages\/8737"}],"wp:featuredmedia":[{"embeddable":true,"href":"https:\/\/www.aquaquick2000.com\/pl\/wp-json\/wp\/v2\/media\/8796"}],"wp:attachment":[{"href":"https:\/\/www.aquaquick2000.com\/pl\/wp-json\/wp\/v2\/media?parent=8953"}],"curies":[{"name":"wp","href":"https:\/\/api.w.org\/{rel}","templated":true}]}}