{"id":9530,"date":"2024-01-17T14:26:38","date_gmt":"2024-01-17T14:26:38","guid":{"rendered":"https:\/\/www.aquaquick2000.com\/?page_id=9530"},"modified":"2025-10-10T20:20:31","modified_gmt":"2025-10-10T20:20:31","slug":"about-us","status":"publish","type":"page","link":"https:\/\/www.aquaquick2000.com\/pl\/about-us\/","title":{"rendered":"O nas"},"content":{"rendered":"<section class=\"section\" id=\"section_210696116\">\n\t\t<div class=\"section-bg fill\" >\n\t\t\t\t\t\t\t\t\t\n\t\t\t\n\n\t\t<\/div>\n\n\t\t\n\n\t\t<div class=\"section-content relative\">\n\t\t\t\n\n<div class=\"row\"  id=\"row-1143581111\">\n\n\n\t<div id=\"col-23627334\" class=\"col medium-3 small-12 large-3\"  >\n\t\t<div class=\"is-sticky-column\"><div class=\"is-sticky-column__inner\">\t\t<div class=\"col-inner\"  >\n\t\t\t\n\t\t\t\n\n<a href=\"https:\/\/www.aquaquick2000.com\/pl\/about-us\/\" class=\"button alert lowercase expand navbuttons\" style=\"border-radius:2px;\">\n\t\t<span>O nas<\/span>\n\t<\/a>\n\n\n<a href=\"https:\/\/www.aquaquick2000.com\/pl\/zaklad-produkcyjny\/\" class=\"button alert lowercase expand navbuttons\" style=\"border-radius:2px;\">\n\t\t<span>Zak\u0142ad produkcyjny<\/span>\n\t<\/a>\n\n\n<a href=\"https:\/\/www.aquaquick2000.com\/pl\/filozofia-ochrony-srodowiska\/\" class=\"button alert lowercase expand navbuttons\" style=\"border-radius:2px;\">\n\t\t<span>Filozofia ochrony \u015brodowiska<\/span>\n\t<\/a>\n\n\n<a href=\"https:\/\/www.aquaquick2000.com\/pl\/zostan-sprzedawca-aquaquick-2000\/\" class=\"button alert lowercase expand navbuttons\" style=\"border-radius:2px;\">\n\t\t<span>Zostanie odsprzedawc\u0105<\/span>\n\t<\/a>\n\n\n<a href=\"https:\/\/www.aquaquick2000.com\/pl\/koszt-wysylki\/\" class=\"button alert lowercase expand navbuttons\" style=\"border-radius:2px;\">\n\t\t<span>Wysy\u0142ka i koszt<\/span>\n\t<\/a>\n\n\n<a href=\"https:\/\/www.aquaquick2000.com\/pl\/polityka-wymiany-gwarancyjnej\/\" class=\"button alert lowercase expand navbuttons\" style=\"border-radius:2px;\">\n\t\t<span>Zasady wymiany gwarancyjnej<\/span>\n\t<\/a>\n\n\n<a href=\"https:\/\/www.aquaquick2000.com\/pl\/polityka-zwrotow\/\" class=\"button alert lowercase expand navbuttons\" style=\"border-radius:2px;\">\n\t\t<span>Polityka zwrot\u00f3w<\/span>\n\t<\/a>\n\n\n\n\t\t<\/div>\n\t\t<\/div><\/div>\t\t\t<\/div>\n\n\t\n\n\t<div id=\"col-269679300\" class=\"col medium-9 small-12 large-9 small-col-first\"  >\n\t\t\t\t<div class=\"col-inner\"  >\n\t\t\t\n\t\t\t\n\n<h1>O AQUAQUICK 2000<\/1><\/p>\n<h2>Nasza podr\u00f3\u017c<\/h2>\n<p>Witamy w AQUAQUICK 2000, liderze w pionierskich ekologicznych rozwi\u0105zaniach czyszcz\u0105cych. Nasza siedziba znajduje si\u0119 w Enschede w Holandii, a nasza historia rozpocz\u0119\u0142a si\u0119 od wizji przekszta\u0142cenia bran\u017cy sprz\u0105taj\u0105cej za pomoc\u0105 produkt\u00f3w, kt\u00f3re s\u0105 nie tylko skuteczne, ale tak\u017ce przyjazne dla \u015brodowiska. Nasza trwaj\u0105ca dziesi\u0119ciolecia podr\u00f3\u017c by\u0142a nap\u0119dzana przez innowacje, zaanga\u017cowanie w jako\u015b\u0107 i g\u0142\u0119bokie poczucie odpowiedzialno\u015bci za nasz\u0105 planet\u0119.<\/p>\n<h3>Nasza misja<\/h3>\n<p>W AQUAQUICK 2000 nasza misja jest prosta, ale g\u0142\u0119boka: dostarczanie doskona\u0142ych rozwi\u0105za\u0144 czyszcz\u0105cych, kt\u00f3re chroni\u0105 \u015brodowisko i zaspokajaj\u0105 r\u00f3\u017cnorodne potrzeby naszych klient\u00f3w. D\u0105\u017cymy do tworzenia produkt\u00f3w, kt\u00f3re nie tylko wyr\u00f3\u017cniaj\u0105 si\u0119 wydajno\u015bci\u0105, ale tak\u017ce przyczyniaj\u0105 si\u0119 do zr\u00f3wnowa\u017conej przysz\u0142o\u015bci. Naszym celem jest przedefiniowanie czyszczenia poprzez oferowanie rozwi\u0105za\u0144, kt\u00f3re s\u0105 bezpieczne, skuteczne i przyjazne dla \u015brodowiska.<\/p>\n<h3>Nasze produkty<\/h3>\n<p>Nasz flagowy produkt, Aquaquick 2000, jest uciele\u015bnieniem naszej misji. Opracowany po latach szeroko zakrojonych bada\u0144, jest \u015bwiadectwem naszego zaanga\u017cowania w innowacje przyjazne dla \u015brodowiska. Aquaquick 2000 to wszechstronny, biodegradowalny \u015brodek czyszcz\u0105cy, kt\u00f3ry jest w stanie sprosta\u0107 szerokiej gamie wyzwa\u0144 zwi\u0105zanych z czyszczeniem przemys\u0142owym i domowym. Od wyciek\u00f3w oleju po codzienne zabrudzenia, nasz produkt zapewnia nieskaziteln\u0105 czysto\u015b\u0107, a jednocze\u015bnie jest \u0142agodny dla ekosystemu.<\/p>\n<h3>Nasze zapewnienie jako\u015bci<\/h3>\n<p>Jako\u015b\u0107 to nie tylko punkt odniesienia w AQUAQUICK 2000; to kamie\u0144 w\u0119gielny naszego istnienia. Nasze produkty przechodz\u0105 rygorystyczne testy i \u015brodki kontroli jako\u015bci, aby zapewni\u0107, \u017ce spe\u0142niaj\u0105 najwy\u017csze standardy. Dok\u0142adamy wszelkich stara\u0144, aby dostarcza\u0107 produkty, kt\u00f3rym nasi klienci mog\u0105 zaufa\u0107 ze wzgl\u0119du na ich skuteczno\u015b\u0107 i bezpiecze\u0144stwo dla \u015brodowiska.<\/p>\n<h3>Nasze zaanga\u017cowanie w ochron\u0119 \u015brodowiska<\/h3>\n<p>Zarz\u0105dzanie \u015brodowiskiem jest podstaw\u0105 AQUAQUICK 2000. D\u0105\u017cymy do zminimalizowania naszego \u015bladu w\u0119glowego i zapewnienia, \u017ce nasze produkty i praktyki pozytywnie przyczyniaj\u0105 si\u0119 do ochrony \u015brodowiska. Od pozyskiwania zr\u00f3wnowa\u017conych sk\u0142adnik\u00f3w po wdra\u017canie przyjaznych dla \u015brodowiska proces\u00f3w produkcyjnych, ka\u017cdy nasz krok jest zgodny z naszym zaanga\u017cowaniem na rzecz naszej planety.<\/p>\n<h2>Nasza globalna obecno\u015b\u0107<\/h2>\n<p>Wp\u0142yw AQUAQUICK 2000 wykracza poza granice. Nasze produkty zdoby\u0142y uznanie na ca\u0142ym \u015bwiecie i s\u0105 obecne w r\u00f3\u017cnych krajach i bran\u017cach. Jeste\u015bmy dumni z naszego mi\u0119dzynarodowego zasi\u0119gu i mo\u017cliwo\u015bci oferowania rozwi\u0105za\u0144 czyszcz\u0105cych, kt\u00f3re odpowiadaj\u0105 globalnym standardom i r\u00f3\u017cnorodnym potrzebom klient\u00f3w.<\/p>\n<h3>Nasze zaanga\u017cowanie spo\u0142eczne<\/h3>\n<p>Wierzymy w oddanie spo\u0142eczno\u015bci i aktywnie anga\u017cujemy si\u0119 w inicjatywy promuj\u0105ce \u015bwiadomo\u015b\u0107 ekologiczn\u0105 i zr\u00f3wnowa\u017cony rozw\u00f3j. AQUAQUICK 2000 to wi\u0119cej ni\u017c marka; to or\u0119downik spo\u0142eczno\u015bci na rzecz bardziej ekologicznego i czystszego \u015bwiata.<\/p>\n<h3>Nasza wizja przysz\u0142o\u015bci<\/h3>\n<p>Patrz\u0105c w przysz\u0142o\u015b\u0107, AQUAQUICK 2000 jest zaanga\u017cowany w ci\u0105g\u0142e innowacje i rozszerzanie naszej oferty produkt\u00f3w, aby sprosta\u0107 zmieniaj\u0105cym si\u0119 potrzebom klient\u00f3w i wyzwaniom \u015brodowiskowym. Wyobra\u017camy sobie przysz\u0142o\u015b\u0107, w kt\u00f3rej czyszczenie nie zagra\u017ca zdrowiu naszej planety i jeste\u015bmy oddani urzeczywistnianiu tej wizji.<\/p>\n<h3>Do\u0142\u0105cz do nas w naszej misji<\/h3>\n<p>Zapraszamy do przy\u0142\u0105czenia si\u0119 do naszego d\u0105\u017cenia do czystszego, bardziej ekologicznego \u015bwiata. Niezale\u017cnie od tego, czy jeste\u015b firm\u0105 poszukuj\u0105c\u0105 zr\u00f3wnowa\u017conych rozwi\u0105za\u0144 czyszcz\u0105cych, czy te\u017c pasjonatem ekologicznego stylu \u017cycia, AQUAQUICK 2000 ma co\u015b dla ka\u017cdego. Razem zr\u00f3bmy r\u00f3\u017cnic\u0119 dla naszej planety, jedno czyszczenie na raz.<\/p>\n\n\t\t<\/div>\n\t\t\t\t\t<\/div>\n\n\t\n\n<\/div>\n\n\t\t<\/div>\n\n\t\t\n<style>\n#section_210696116 {\n  padding-top: 30px;\n  padding-bottom: 30px;\n}\n<\/style>\n\t<\/section>","protected":false},"excerpt":{"rendered":"","protected":false},"author":1,"featured_media":0,"parent":0,"menu_order":0,"comment_status":"closed","ping_status":"closed","template":"","meta":{"cybocfi_hide_featured_image":"","footnotes":"","_links_to":"","_links_to_target":""},"class_list":["post-9530","page","type-page","status-publish","hentry"],"_links":{"self":[{"href":"https:\/\/www.aquaquick2000.com\/pl\/wp-json\/wp\/v2\/pages\/9530","targetHints":{"allow":["GET"]}}],"collection":[{"href":"https:\/\/www.aquaquick2000.com\/pl\/wp-json\/wp\/v2\/pages"}],"about":[{"href":"https:\/\/www.aquaquick2000.com\/pl\/wp-json\/wp\/v2\/types\/page"}],"author":[{"embeddable":true,"href":"https:\/\/www.aquaquick2000.com\/pl\/wp-json\/wp\/v2\/users\/1"}],"replies":[{"embeddable":true,"href":"https:\/\/www.aquaquick2000.com\/pl\/wp-json\/wp\/v2\/comments?post=9530"}],"version-history":[{"count":0,"href":"https:\/\/www.aquaquick2000.com\/pl\/wp-json\/wp\/v2\/pages\/9530\/revisions"}],"wp:attachment":[{"href":"https:\/\/www.aquaquick2000.com\/pl\/wp-json\/wp\/v2\/media?parent=9530"}],"curies":[{"name":"wp","href":"https:\/\/api.w.org\/{rel}","templated":true}]}}