{"id":9556,"date":"2024-01-17T15:06:55","date_gmt":"2024-01-17T15:06:55","guid":{"rendered":"https:\/\/www.aquaquick2000.com\/?page_id=9556"},"modified":"2025-06-12T12:22:08","modified_gmt":"2025-06-12T12:22:08","slug":"koszt-wysylki","status":"publish","type":"page","link":"https:\/\/www.aquaquick2000.com\/pl\/shipment-cost\/","title":{"rendered":"Shipment &#038; cost"},"content":{"rendered":"<section class=\"section\" id=\"section_1317146485\">\n\t\t<div class=\"section-bg fill\" >\n\t\t\t\t\t\t\t\t\t\n\t\t\t\n\n\t\t<\/div>\n\n\t\t\n\n\t\t<div class=\"section-content relative\">\n\t\t\t\n\n<div class=\"row\"  id=\"row-550365415\">\n\n\n\t<div id=\"col-955214069\" class=\"col medium-3 small-12 large-3\"  >\n\t\t<div class=\"is-sticky-column\"><div class=\"is-sticky-column__inner\">\t\t<div class=\"col-inner\"  >\n\t\t\t\n\t\t\t\n\n<a href=\"https:\/\/www.aquaquick2000.com\/pl\/about-us\/\" class=\"button alert lowercase expand navbuttons\" style=\"border-radius:2px;\">\n\t\t<span>O nas<\/span>\n\t<\/a>\n\n\n<a href=\"https:\/\/www.aquaquick2000.com\/pl\/zaklad-produkcyjny\/\" class=\"button alert lowercase expand navbuttons\" style=\"border-radius:2px;\">\n\t\t<span>Zak\u0142ad produkcyjny<\/span>\n\t<\/a>\n\n\n<a href=\"https:\/\/www.aquaquick2000.com\/pl\/filozofia-ochrony-srodowiska\/\" class=\"button alert lowercase expand navbuttons\" style=\"border-radius:2px;\">\n\t\t<span>Filozofia ochrony \u015brodowiska<\/span>\n\t<\/a>\n\n\n<a href=\"https:\/\/www.aquaquick2000.com\/pl\/zostan-sprzedawca-aquaquick-2000\/\" class=\"button alert lowercase expand navbuttons\" style=\"border-radius:2px;\">\n\t\t<span>Zostanie odsprzedawc\u0105<\/span>\n\t<\/a>\n\n\n<a href=\"https:\/\/www.aquaquick2000.com\/pl\/koszt-wysylki\/\" class=\"button alert lowercase expand navbuttons\" style=\"border-radius:2px;\">\n\t\t<span>Wysy\u0142ka i koszt<\/span>\n\t<\/a>\n\n\n<a href=\"https:\/\/www.aquaquick2000.com\/pl\/polityka-wymiany-gwarancyjnej\/\" class=\"button alert lowercase expand navbuttons\" style=\"border-radius:2px;\">\n\t\t<span>Zasady wymiany gwarancyjnej<\/span>\n\t<\/a>\n\n\n<a href=\"https:\/\/www.aquaquick2000.com\/pl\/polityka-zwrotow\/\" class=\"button alert lowercase expand navbuttons\" style=\"border-radius:2px;\">\n\t\t<span>Polityka zwrot\u00f3w<\/span>\n\t<\/a>\n\n\n\n\t\t<\/div>\n\t\t<\/div><\/div>\t\t\t<\/div>\n\n\t\n\n\t<div id=\"col-1569995539\" class=\"col medium-9 small-12 large-9 small-col-first\"  >\n\t\t\t\t<div class=\"col-inner\"  >\n\t\t\t\n\t\t\t\n\n<h1>Wysy\u0142ka i koszty<\/h1>\n<h4>Metoda dostawy<\/h4>\n<p>W AQUAQUICK 2000 zapewniamy, \u017ce nasze produkty s\u0105 wysy\u0142ane z nale\u017cyt\u0105 staranno\u015bci\u0105 i wydajno\u015bci\u0105. Wszystkie zam\u00f3wienia s\u0105 wysy\u0142ane przy u\u017cyciu standardowych metod dostawy. Aby z\u0142o\u017cy\u0107 zam\u00f3wienie, wystarczy odwiedzi\u0107 nasz\u0105 stron\u0119 internetow\u0105 lub skontaktowa\u0107 si\u0119 z nami za po\u015brednictwem poczty elektronicznej. Po otrzymaniu zam\u00f3wienia, w tym autoryzacji p\u0142atno\u015bci, zapewnimy dostosowany schemat wysy\u0142ki w oparciu o konkretny kraj \/ lokalizacj\u0119.<\/p>\n<h4>Dni robocze<\/h4>\n<p>Zam\u00f3wienia wysy\u0142amy wy\u0142\u0105cznie w dni robocze. Nasze dni robocze obejmuj\u0105 okres od poniedzia\u0142ku do niedzieli, z wy\u0142\u0105czeniem \u015bwi\u0105t pa\u0144stwowych uznawanych w Unii Europejskiej. Harmonogram ten gwarantuje, \u017ce zam\u00f3wienie zostanie przetworzone i wys\u0142ane niezw\u0142ocznie.<\/p>\n<h4>Koszty wysy\u0142ki<\/h4>\n<p>Koszt wysy\u0142ki zam\u00f3wienia zale\u017cy od kilku czynnik\u00f3w: ca\u0142kowitej kwoty zam\u00f3wienia, miejsca docelowego i rodzaju wybranej metody wysy\u0142ki. W przypadku zam\u00f3wie\u0144 na terenie Unii Europejskiej cz\u0119sto oferujemy obni\u017cone stawki wysy\u0142ki. W przypadku zam\u00f3wie\u0144 przeznaczonych poza Uni\u0119 Europejsk\u0105 obowi\u0105zuj\u0105 dodatkowe koszty wysy\u0142ki. Koszty te s\u0105 obliczane automatycznie na podstawie zam\u00f3wienia i potwierdzane za po\u015brednictwem wiadomo\u015bci e-mail.<\/p>\n<p><strong>Uwaga:<\/strong> W przypadku dostaw poza Europ\u0119 nasze koszty wysy\u0142ki nie obejmuj\u0105 op\u0142at za odpraw\u0119 celn\u0105 i nale\u017cno\u015bci celnych przywozowych. Te dodatkowe koszty s\u0105 naliczane po przybyciu przesy\u0142ki do kraju i s\u0105 obowi\u0105zkiem odbiorcy.<\/p>\n<h3>Szacowane dni wysy\u0142ki wed\u0142ug kraju<\/h3>\n<h4>W obr\u0119bie EUROPY<\/h4>\n<ul>\n<li>Austria: 4-6 dni<\/li>\n<li>Belgia: 1 dzie\u0144<\/li>\n<li>Bu\u0142garia: 4-6 dni<\/li>\n<li>Chorwacja: 4-6 dni<\/li>\n<li>Czechy: 4 - 6 dni<\/li>\n<li>Dania: 4 - 6 dni<\/li>\n<li>Estonia: 4-6 dni<\/li>\n<li>Finlandia: 4 - 6 dni<\/li>\n<li>Francja: 4 - 6 dni<\/li>\n<li>Niemcy: 4-6 dni<\/li>\n<li>Grecja: 4-6 dni<\/li>\n<li>W\u0119gry: 4-6 dni<\/li>\n<li>Irlandia: 4 - 6 dni<\/li>\n<li>W\u0142ochy: 4-6 dni<\/li>\n<li>\u0141otwa: 4-6 dni<\/li>\n<li>Litwa: 4-6 dni<\/li>\n<li>Luksemburg: 4-6 dni<\/li>\n<li>Polska: 4 - 6 dni<\/li>\n<li>Portugalia: 4-6 dni<\/li>\n<li>Rumunia: 5-7 dni<\/li>\n<li>S\u0142owacja: 4-6 dni<\/li>\n<li>S\u0142owenia: 4-6 dni<\/li>\n<li>Hiszpania: 4 - 6 dni<\/li>\n<li>Szwecja: 4-6 dni<\/li>\n<li>Holandia: 2-3 dni<\/li>\n<\/ul>\n<h4>Zam\u00f3wienia mi\u0119dzynarodowe (poza Europ\u0105)<\/h4>\n<p>W przypadku zam\u00f3wie\u0144 przeznaczonych poza Europ\u0119 przetwarzanie b\u0119dzie zale\u017ca\u0142o od wybranej metody wysy\u0142ki, ilo\u015bci zam\u00f3wionych produkt\u00f3w i r\u00f3\u017cnych innych warunk\u00f3w.<\/p>\n<h3>Ograniczenia<\/h3>\n<p>Nale\u017cy pami\u0119ta\u0107, \u017ce zam\u00f3wienia online nie mog\u0105 by\u0107 sk\u0142adane na adresy dostawy poza Uni\u0105 Europejsk\u0105. Ograniczenie to dotyczy r\u00f3wnie\u017c okre\u015blonych region\u00f3w, takich jak Grenlandia, Wyspy Owcze, niekt\u00f3re odleg\u0142e wyspy i wybrane terytoria zamorskie. W przypadku zam\u00f3wie\u0144 do tych region\u00f3w prosimy o kontakt z naszym dzia\u0142em obs\u0142ugi klienta pod adresem <a href=\"mailto:business@aquaquick2000.com\" target=\"_new\" rel=\"noopener\">business@aquaquick2000.com<\/a>.<\/p>\n<h3>\u015aledzenie zam\u00f3wienia<\/h3>\n<p>Po przetworzeniu zam\u00f3wienia w naszym magazynie, numer \u015bledzenia zostanie przypisany, je\u015bli dotyczy. Otrzymasz powiadomienie, gdy paczka opu\u015bci nasz magazyn. Nale\u017cy pami\u0119ta\u0107, \u017ce wy\u015bwietlenie informacji o \u015bledzeniu przesy\u0142ki w systemie kuriera mo\u017ce potrwa\u0107 do 48 godzin.<\/p>\n<h3>Znajdowanie statusu zam\u00f3wienia<\/h3>\n<p>Mo\u017cesz \u0142atwo \u015bledzi\u0107 status swojego zam\u00f3wienia:<\/p>\n<ul>\n<li><strong>Sprawd\u017a poczt\u0119 e-mail:<\/strong> Na adres e-mail podany podczas dokonywania p\u0142atno\u015bci b\u0119dziesz otrzymywa\u0107 informacje o statusie zam\u00f3wienia.<\/li>\n<li><strong>Odwied\u017a nasz\u0105 stron\u0119 internetow\u0105:<\/strong> Zaloguj si\u0119 do swojego konta na <a href=\"http:\/\/www.aquaquick2000.com\/pl\/\" target=\"_new\" rel=\"noopener\">www.aquaquick2000.com<\/a> aby uzyska\u0107 dost\u0119p do historii zam\u00f3wie\u0144, w tym zam\u00f3wie\u0144 oczekuj\u0105cych, kontynuowanych i poprzednich.<\/li>\n<li><strong>Skontaktuj si\u0119 z nami:<\/strong> W przypadku dalszych pyta\u0144 dotycz\u0105cych zam\u00f3wienia, prosimy o kontakt z naszym dzia\u0142em obs\u0142ugi klienta pod adresem <a href=\"mailto:business@aquaquick2000.com\" target=\"_new\" rel=\"noopener\">business@aquaquick2000.com<\/a>.<\/li>\n<\/ul>\n\n\t\t<\/div>\n\t\t\t\t\t<\/div>\n\n\t\n\n<\/div>\n\n\t\t<\/div>\n\n\t\t\n<style>\n#section_1317146485 {\n  padding-top: 30px;\n  padding-bottom: 30px;\n}\n<\/style>\n\t<\/section>","protected":false},"excerpt":{"rendered":"","protected":false},"author":1,"featured_media":0,"parent":0,"menu_order":0,"comment_status":"closed","ping_status":"closed","template":"","meta":{"cybocfi_hide_featured_image":"","footnotes":"","_links_to":"","_links_to_target":""},"class_list":["post-9556","page","type-page","status-publish","hentry"],"_links":{"self":[{"href":"https:\/\/www.aquaquick2000.com\/pl\/wp-json\/wp\/v2\/pages\/9556","targetHints":{"allow":["GET"]}}],"collection":[{"href":"https:\/\/www.aquaquick2000.com\/pl\/wp-json\/wp\/v2\/pages"}],"about":[{"href":"https:\/\/www.aquaquick2000.com\/pl\/wp-json\/wp\/v2\/types\/page"}],"author":[{"embeddable":true,"href":"https:\/\/www.aquaquick2000.com\/pl\/wp-json\/wp\/v2\/users\/1"}],"replies":[{"embeddable":true,"href":"https:\/\/www.aquaquick2000.com\/pl\/wp-json\/wp\/v2\/comments?post=9556"}],"version-history":[{"count":0,"href":"https:\/\/www.aquaquick2000.com\/pl\/wp-json\/wp\/v2\/pages\/9556\/revisions"}],"wp:attachment":[{"href":"https:\/\/www.aquaquick2000.com\/pl\/wp-json\/wp\/v2\/media?parent=9556"}],"curies":[{"name":"wp","href":"https:\/\/api.w.org\/{rel}","templated":true}]}}