{"id":9560,"date":"2024-01-17T19:44:55","date_gmt":"2024-01-17T19:44:55","guid":{"rendered":"https:\/\/www.aquaquick2000.com\/?page_id=9560"},"modified":"2025-06-12T12:18:27","modified_gmt":"2025-06-12T12:18:27","slug":"polityka-wymiany-gwarancyjnej","status":"publish","type":"page","link":"https:\/\/www.aquaquick2000.com\/pl\/warranty-replacement-policy\/","title":{"rendered":"Warranty &#038; Replacement Policy"},"content":{"rendered":"<section class=\"section\" id=\"section_40973059\">\n\t\t<div class=\"section-bg fill\" >\n\t\t\t\t\t\t\t\t\t\n\t\t\t\n\n\t\t<\/div>\n\n\t\t\n\n\t\t<div class=\"section-content relative\">\n\t\t\t\n\n<div class=\"row\"  id=\"row-1834889648\">\n\n\n\t<div id=\"col-1178552032\" class=\"col medium-3 small-12 large-3\"  >\n\t\t<div class=\"is-sticky-column\"><div class=\"is-sticky-column__inner\">\t\t<div class=\"col-inner\"  >\n\t\t\t\n\t\t\t\n\n<a href=\"https:\/\/www.aquaquick2000.com\/pl\/about-us\/\" class=\"button alert lowercase expand navbuttons\" style=\"border-radius:2px;\">\n\t\t<span>O nas<\/span>\n\t<\/a>\n\n\n<a href=\"https:\/\/www.aquaquick2000.com\/pl\/zaklad-produkcyjny\/\" class=\"button alert lowercase expand navbuttons\" style=\"border-radius:2px;\">\n\t\t<span>Zak\u0142ad produkcyjny<\/span>\n\t<\/a>\n\n\n<a href=\"https:\/\/www.aquaquick2000.com\/pl\/filozofia-ochrony-srodowiska\/\" class=\"button alert lowercase expand navbuttons\" style=\"border-radius:2px;\">\n\t\t<span>Filozofia ochrony \u015brodowiska<\/span>\n\t<\/a>\n\n\n<a href=\"https:\/\/www.aquaquick2000.com\/pl\/zostan-sprzedawca-aquaquick-2000\/\" class=\"button alert lowercase expand navbuttons\" style=\"border-radius:2px;\">\n\t\t<span>Zostanie odsprzedawc\u0105<\/span>\n\t<\/a>\n\n\n<a href=\"https:\/\/www.aquaquick2000.com\/pl\/koszt-wysylki\/\" class=\"button alert lowercase expand navbuttons\" style=\"border-radius:2px;\">\n\t\t<span>Wysy\u0142ka i koszt<\/span>\n\t<\/a>\n\n\n<a href=\"https:\/\/www.aquaquick2000.com\/pl\/polityka-wymiany-gwarancyjnej\/\" class=\"button alert lowercase expand navbuttons\" style=\"border-radius:2px;\">\n\t\t<span>Zasady wymiany gwarancyjnej<\/span>\n\t<\/a>\n\n\n<a href=\"https:\/\/www.aquaquick2000.com\/pl\/polityka-zwrotow\/\" class=\"button alert lowercase expand navbuttons\" style=\"border-radius:2px;\">\n\t\t<span>Polityka zwrot\u00f3w<\/span>\n\t<\/a>\n\n\n\n\t\t<\/div>\n\t\t<\/div><\/div>\t\t\t<\/div>\n\n\t\n\n\t<div id=\"col-817047037\" class=\"col medium-9 small-12 large-9 small-col-first\"  >\n\t\t\t\t<div class=\"col-inner\"  >\n\t\t\t\n\t\t\t\n\n<h1>Zasady wymiany gwarancyjnej<\/h1>\n<h3>Nasze zaanga\u017cowanie<\/h3>\n<p>W AQUAQUICK dok\u0142adamy wszelkich stara\u0144, aby dostarcza\u0107 naszym klientom produkty wysokiej jako\u015bci. Stoimy za doskona\u0142o\u015bci\u0105 naszych produkt\u00f3w, a nasze zaanga\u017cowanie w zadowolenie klienta jest najwa\u017cniejsze.<\/p>\n<h3>Polityka gwarancyjna<\/h3>\n<h4>Pokrycie<\/h4>\n<p>Nasza gwarancja obejmuje wszelkie wady materia\u0142owe lub produkcyjne powsta\u0142e podczas normalnego u\u017cytkowania w okresie gwarancyjnym. W tym okresie, je\u015bli napotkasz jakiekolwiek problemy wynikaj\u0105ce z wad produkcyjnych lub opakowania, zajmiemy si\u0119 tymi kwestiami zgodnie z naszymi warunkami gwarancji.<\/p>\n<h4>Okres gwarancji<\/h4>\n<p>Okres gwarancji na produkty AQUAQUICK jest wa\u017cny od daty zakupu. Szczeg\u00f3\u0142owe informacje na temat okresu gwarancji mo\u017cna znale\u017a\u0107 w dokumentacji produktu.<\/p>\n<h3>Polityka wymiany<\/h3>\n<h4>Ocena kwestii zwi\u0105zanych z produktem<\/h4>\n<p>Je\u015bli uwa\u017casz, \u017ce produkt AQUAQUICK ma wad\u0119 produkcyjn\u0105 lub opakowaniow\u0105, mo\u017cesz zwr\u00f3ci\u0107 produkt do oceny. Dok\u0142adnie sprawdzimy zwr\u00f3cony produkt, aby ustali\u0107 przyczyn\u0119 problemu.<\/p>\n<h4>Warunki wymiany<\/h4>\n<p>Wymiana produktu zostanie uwzgl\u0119dniona, je\u015bli:<\/p>\n<ul>\n<li>Potwierdzono, \u017ce problem wynika z b\u0142\u0119d\u00f3w w produkcji lub pakowaniu.<\/li>\n<li>Produkt jest obj\u0119ty okresem gwarancyjnym.<\/li>\n<li>Produkt by\u0142 u\u017cywany zgodnie z jego przeznaczeniem i nie by\u0142 przedmiotem niew\u0142a\u015bciwego u\u017cytkowania, zaniedbania lub modyfikacji.<\/li>\n<\/ul>\n<h4>Proces zwrotu produkt\u00f3w<\/h4>\n<ul>\n<li>Skontaktuj si\u0119 z nami pod adresem business@aquaquick2000.com, aby zainicjowa\u0107 zwrot. Prosimy o do\u0142\u0105czenie opisu problemu i dowodu zakupu.<\/li>\n<li>Po otrzymaniu potwierdzenia od naszego zespo\u0142u wy\u015blij produkt na podany adres zwrotny.<\/li>\n<li>Pozostaw nam rozs\u0105dny czas na otrzymanie i sprawdzenie produktu.<\/li>\n<\/ul>\n<h4>Wynik oceny<\/h4>\n<ul>\n<li>Je\u015bli produkt kwalifikuje si\u0119 do wymiany, wymienimy go bez dodatkowych koszt\u00f3w.<\/li>\n<li>Je\u015bli produkt nie kwalifikuje si\u0119 do wymiany, poinformujemy o powodach i om\u00f3wimy dost\u0119pne opcje.<\/li>\n<\/ul>\n<h3>Wy\u0142\u0105czenia<\/h3>\n<p>Niniejsza gwarancja nie obejmuje problem\u00f3w spowodowanych warunkami, nieprawid\u0142owym dzia\u0142aniem lub uszkodzeniami niewynikaj\u0105cymi z wad materia\u0142owych lub wykonawczych. Gwarancja nie obejmuje r\u00f3wnie\u017c produkt\u00f3w, kt\u00f3re zosta\u0142y zmodyfikowane lub u\u017cyte do cel\u00f3w innych ni\u017c zamierzone.<\/p>\n<h3>Informacje kontaktowe<\/h3>\n<p>W przypadku jakichkolwiek pyta\u0144 lub w celu zainicjowania procesu zwrotu prosimy o kontakt pod adresem:<\/p>\n<ul>\n<li><strong>Email:<\/strong> business@aquaquick2000.com<\/li>\n<li><strong>Telefon:<\/strong> +31 6 412 938 51 &amp; +31 6 411 89 424<\/li>\n<\/ul>\n<p>W AQUAQUICK dok\u0142adamy wszelkich stara\u0144, aby zapewni\u0107 satysfakcj\u0119 z naszych produkt\u00f3w i staramy si\u0119 rozwi\u0105zywa\u0107 wszelkie problemy zgodnie z nasz\u0105 Polityk\u0105 gwarancji i wymiany.<\/p>\n\n\t\t<\/div>\n\t\t\t\t\t<\/div>\n\n\t\n\n<\/div>\n\n\t\t<\/div>\n\n\t\t\n<style>\n#section_40973059 {\n  padding-top: 30px;\n  padding-bottom: 30px;\n}\n<\/style>\n\t<\/section>","protected":false},"excerpt":{"rendered":"","protected":false},"author":1,"featured_media":0,"parent":0,"menu_order":0,"comment_status":"closed","ping_status":"closed","template":"","meta":{"cybocfi_hide_featured_image":"","footnotes":"","_links_to":"","_links_to_target":""},"class_list":["post-9560","page","type-page","status-publish","hentry"],"_links":{"self":[{"href":"https:\/\/www.aquaquick2000.com\/pl\/wp-json\/wp\/v2\/pages\/9560","targetHints":{"allow":["GET"]}}],"collection":[{"href":"https:\/\/www.aquaquick2000.com\/pl\/wp-json\/wp\/v2\/pages"}],"about":[{"href":"https:\/\/www.aquaquick2000.com\/pl\/wp-json\/wp\/v2\/types\/page"}],"author":[{"embeddable":true,"href":"https:\/\/www.aquaquick2000.com\/pl\/wp-json\/wp\/v2\/users\/1"}],"replies":[{"embeddable":true,"href":"https:\/\/www.aquaquick2000.com\/pl\/wp-json\/wp\/v2\/comments?post=9560"}],"version-history":[{"count":0,"href":"https:\/\/www.aquaquick2000.com\/pl\/wp-json\/wp\/v2\/pages\/9560\/revisions"}],"wp:attachment":[{"href":"https:\/\/www.aquaquick2000.com\/pl\/wp-json\/wp\/v2\/media?parent=9560"}],"curies":[{"name":"wp","href":"https:\/\/api.w.org\/{rel}","templated":true}]}}