{"id":9643,"date":"2024-01-18T01:22:18","date_gmt":"2024-01-18T01:22:18","guid":{"rendered":"https:\/\/www.aquaquick2000.com\/?page_id=9643"},"modified":"2025-06-12T12:21:43","modified_gmt":"2025-06-12T12:21:43","slug":"filozofia-ochrony-srodowiska","status":"publish","type":"page","link":"https:\/\/www.aquaquick2000.com\/pl\/the-environmental-philosophy\/","title":{"rendered":"Filozofia ochrony \u015brodowiska"},"content":{"rendered":"<section class=\"section\" id=\"section_215705884\">\n\t\t<div class=\"section-bg fill\" >\n\t\t\t\t\t\t\t\t\t\n\t\t\t\n\n\t\t<\/div>\n\n\t\t\n\n\t\t<div class=\"section-content relative\">\n\t\t\t\n\n<div class=\"row\"  id=\"row-1725107052\">\n\n\n\t<div id=\"col-1194652776\" class=\"col medium-3 small-12 large-3\"  >\n\t\t<div class=\"is-sticky-column\"><div class=\"is-sticky-column__inner\">\t\t<div class=\"col-inner\"  >\n\t\t\t\n\t\t\t\n\n<a href=\"https:\/\/www.aquaquick2000.com\/pl\/about-us\/\" class=\"button alert lowercase expand navbuttons\" style=\"border-radius:2px;\">\n\t\t<span>O nas<\/span>\n\t<\/a>\n\n\n<a href=\"https:\/\/www.aquaquick2000.com\/pl\/zaklad-produkcyjny\/\" class=\"button alert lowercase expand navbuttons\" style=\"border-radius:2px;\">\n\t\t<span>Zak\u0142ad produkcyjny<\/span>\n\t<\/a>\n\n\n<a href=\"https:\/\/www.aquaquick2000.com\/pl\/filozofia-ochrony-srodowiska\/\" class=\"button alert lowercase expand navbuttons\" style=\"border-radius:2px;\">\n\t\t<span>Filozofia ochrony \u015brodowiska<\/span>\n\t<\/a>\n\n\n<a href=\"https:\/\/www.aquaquick2000.com\/pl\/zostan-sprzedawca-aquaquick-2000\/\" class=\"button alert lowercase expand navbuttons\" style=\"border-radius:2px;\">\n\t\t<span>Zostanie odsprzedawc\u0105<\/span>\n\t<\/a>\n\n\n<a href=\"https:\/\/www.aquaquick2000.com\/pl\/koszt-wysylki\/\" class=\"button alert lowercase expand navbuttons\" style=\"border-radius:2px;\">\n\t\t<span>Wysy\u0142ka i koszt<\/span>\n\t<\/a>\n\n\n<a href=\"https:\/\/www.aquaquick2000.com\/pl\/polityka-wymiany-gwarancyjnej\/\" class=\"button alert lowercase expand navbuttons\" style=\"border-radius:2px;\">\n\t\t<span>Zasady wymiany gwarancyjnej<\/span>\n\t<\/a>\n\n\n<a href=\"https:\/\/www.aquaquick2000.com\/pl\/polityka-zwrotow\/\" class=\"button alert lowercase expand navbuttons\" style=\"border-radius:2px;\">\n\t\t<span>Polityka zwrot\u00f3w<\/span>\n\t<\/a>\n\n\n\n\t\t<\/div>\n\t\t<\/div><\/div>\t\t\t<\/div>\n\n\t\n\n\t<div id=\"col-911741323\" class=\"col medium-9 small-12 large-9 small-col-first\"  >\n\t\t\t\t<div class=\"col-inner\"  >\n\t\t\t\n\t\t\t\n\n<h1><strong>Filozofia ochrony \u015brodowiska AQUAQUICK<\/strong><\/h1>\n<p>W erze, w kt\u00f3rej \u015bwiadomo\u015b\u0107 ekologiczna jest nie tylko wyborem, ale konieczno\u015bci\u0105, AQUAQUICK jest liderem w dziedzinie zr\u00f3wnowa\u017conych, bezpiecznych i skutecznych rozwi\u0105za\u0144 czyszcz\u0105cych. Nasza filozofia jest zakorzeniona w przekonaniu, \u017ce dbanie o planet\u0119 i dostarczanie wysokiej jako\u015bci produkt\u00f3w mo\u017ce i powinno i\u015b\u0107 w parze.<\/p>\n<h3>Zaanga\u017cowanie w bezpieczne i zr\u00f3wnowa\u017cone surowce<\/h3>\n<p><strong>\u015awiadomy ekologicznie dob\u00f3r sk\u0142adnik\u00f3w<\/strong> AQUAQUICK d\u0105\u017cy do zminimalizowania wp\u0142ywu na \u015brodowisko ju\u017c u samego \u017ar\u00f3d\u0142a. Skrupulatnie wybieramy nasze surowce, priorytetowo traktuj\u0105c te, kt\u00f3re s\u0105 zr\u00f3wnowa\u017cone i maj\u0105 minimalny wp\u0142yw na \u015brodowisko. Nasza rygorystyczna analiza obejmuje ocen\u0119 toksyczno\u015bci, wp\u0142ywu na \u015brodowisko i profili alergennych, zapewniaj\u0105c, \u017ce ka\u017cdy sk\u0142adnik przyczynia si\u0119 pozytywnie zar\u00f3wno do skuteczno\u015bci naszych produkt\u00f3w, jak i bezpiecze\u0144stwa dla \u015brodowiska.<\/p>\n<p><strong>Rygorystyczne standardy dla dostawc\u00f3w<\/strong> Nasi dostawcy i partnerzy spe\u0142niaj\u0105 najwy\u017csze standardy \u015brodowiskowe. Chemikalia i materia\u0142y stosowane w produktach AQUAQUICK s\u0105 pozyskiwane w spos\u00f3b odpowiedzialny, zapewniaj\u0105c, \u017ce s\u0105 one zgodne z naszym zaanga\u017cowaniem w zr\u00f3wnowa\u017cony rozw\u00f3j i bezpiecze\u0144stwo.<\/p>\n<h3>Oszcz\u0119dzanie wody i recykling<\/h3>\n<p><strong>Innowacyjne zarz\u0105dzanie wod\u0105<\/strong> Woda jest cennym zasobem, a w AQUAQUICK powa\u017cnie traktujemy nasz\u0105 odpowiedzialno\u015b\u0107 za jej ochron\u0119. Zapewniamy, \u017ce prawie ca\u0142a woda u\u017cywana w naszych procesach jest poddawana recyklingowi i oczyszczana poprzez skrupulatne kontrole mikrobiologiczne, co znacznie zmniejsza nasz \u015blad wodny przy jednoczesnym zachowaniu wy\u017cszej jako\u015bci naszego produktu.<\/p>\n<h3>Zmniejszenie wp\u0142ywu logistyki<\/h3>\n<p><strong>Zr\u00f3wnowa\u017cone opakowania i transport<\/strong> D\u0105\u017cymy do zmniejszenia naszego wp\u0142ywu na logistyk\u0119, produkuj\u0105c wi\u0119kszo\u015b\u0107 naszych opakowa\u0144 we w\u0142asnym zakresie, ograniczaj\u0105c niepotrzebne emisje z transportu. W przypadku dostaw produkt\u00f3w stosujemy strategie transportu intermodalnego, aby zminimalizowa\u0107 transport drogowy, co dodatkowo zmniejsza nasz \u015blad w\u0119glowy.<\/p>\n<h3>Ekologiczne i wszechstronne produkty<\/h3>\n<p><strong>Zaprojektowany z my\u015bl\u0105 o wydajno\u015bci i korzy\u015bciach dla \u015brodowiska<\/strong> Ka\u017cdy produkt AQUAQUICK zosta\u0142 zaprojektowany z my\u015bl\u0105 o wszechstronno\u015bci. Naszym celem jest zmniejszenie wp\u0142ywu na \u015brodowisko na ka\u017cdym poziomie - od produkcji i pakowania po dystrybucj\u0119 i u\u017cytkowanie. To holistyczne podej\u015bcie zapewnia, \u017ce nasze produkty nie tylko oszcz\u0119dzaj\u0105 zasoby, ale tak\u017ce zapewniaj\u0105 korzy\u015bci ekonomiczne naszym konsumentom. Wierzymy w tworzenie rozwi\u0105za\u0144, kt\u00f3re robi\u0105 wi\u0119cej za mniej, promuj\u0105c zar\u00f3wno dobro \u015brodowiska, jak i oszcz\u0119dno\u015bci konsument\u00f3w.<\/p>\n\n\t\t<\/div>\n\t\t\t\t\t<\/div>\n\n\t\n\n<\/div>\n\n\t\t<\/div>\n\n\t\t\n<style>\n#section_215705884 {\n  padding-top: 30px;\n  padding-bottom: 30px;\n}\n<\/style>\n\t<\/section>","protected":false},"excerpt":{"rendered":"","protected":false},"author":1,"featured_media":0,"parent":0,"menu_order":0,"comment_status":"closed","ping_status":"closed","template":"","meta":{"cybocfi_hide_featured_image":"","footnotes":"","_links_to":"","_links_to_target":""},"class_list":["post-9643","page","type-page","status-publish","hentry"],"_links":{"self":[{"href":"https:\/\/www.aquaquick2000.com\/pl\/wp-json\/wp\/v2\/pages\/9643","targetHints":{"allow":["GET"]}}],"collection":[{"href":"https:\/\/www.aquaquick2000.com\/pl\/wp-json\/wp\/v2\/pages"}],"about":[{"href":"https:\/\/www.aquaquick2000.com\/pl\/wp-json\/wp\/v2\/types\/page"}],"author":[{"embeddable":true,"href":"https:\/\/www.aquaquick2000.com\/pl\/wp-json\/wp\/v2\/users\/1"}],"replies":[{"embeddable":true,"href":"https:\/\/www.aquaquick2000.com\/pl\/wp-json\/wp\/v2\/comments?post=9643"}],"version-history":[{"count":0,"href":"https:\/\/www.aquaquick2000.com\/pl\/wp-json\/wp\/v2\/pages\/9643\/revisions"}],"wp:attachment":[{"href":"https:\/\/www.aquaquick2000.com\/pl\/wp-json\/wp\/v2\/media?parent=9643"}],"curies":[{"name":"wp","href":"https:\/\/api.w.org\/{rel}","templated":true}]}}