{"id":12894,"date":"2025-09-04T09:44:56","date_gmt":"2025-09-04T09:44:56","guid":{"rendered":"https:\/\/www.aquaquick2000.com\/?page_id=12894"},"modified":"2025-10-10T20:59:11","modified_gmt":"2025-10-10T20:59:11","slug":"aquaquick-tunesia","status":"publish","type":"page","link":"https:\/\/www.aquaquick2000.com\/pt\/distributors\/aquaquick-tunesia\/","title":{"rendered":"AQUAQUICK TUNESIA"},"content":{"rendered":"<section class=\"section\" id=\"section_1128632207\">\n\t\t<div class=\"section-bg fill\" >\n\t\t\t<img decoding=\"async\" width=\"1920\" height=\"441\" src=\"https:\/\/b3871678.smushcdn.com\/3871678\/wp-content\/uploads\/2020\/09\/aquaquick-2000-oil-cleaning-waterwave.jpg?lossy=2&strip=1&webp=1\" class=\"bg attachment- size-\" alt=\"\" title=\"\" srcset=\"https:\/\/b3871678.smushcdn.com\/3871678\/wp-content\/uploads\/2020\/09\/aquaquick-2000-oil-cleaning-waterwave.jpg?lossy=2&amp;strip=1&amp;webp=1 1920w, https:\/\/b3871678.smushcdn.com\/3871678\/wp-content\/uploads\/2020\/09\/aquaquick-2000-oil-cleaning-waterwave-510x117.jpg?lossy=2&amp;strip=1&amp;webp=1 510w, https:\/\/b3871678.smushcdn.com\/3871678\/wp-content\/uploads\/2020\/09\/aquaquick-2000-oil-cleaning-waterwave-500x115.jpg?lossy=2&amp;strip=1&amp;webp=1 500w, https:\/\/b3871678.smushcdn.com\/3871678\/wp-content\/uploads\/2020\/09\/aquaquick-2000-oil-cleaning-waterwave-1280x294.jpg?lossy=2&amp;strip=1&amp;webp=1 1280w, https:\/\/b3871678.smushcdn.com\/3871678\/wp-content\/uploads\/2020\/09\/aquaquick-2000-oil-cleaning-waterwave-768x176.jpg?lossy=2&amp;strip=1&amp;webp=1 768w, https:\/\/b3871678.smushcdn.com\/3871678\/wp-content\/uploads\/2020\/09\/aquaquick-2000-oil-cleaning-waterwave-1536x353.jpg?lossy=2&amp;strip=1&amp;webp=1 1536w, https:\/\/b3871678.smushcdn.com\/3871678\/wp-content\/uploads\/2020\/09\/aquaquick-2000-oil-cleaning-waterwave.jpg?size=204x47&amp;lossy=2&amp;strip=1&amp;webp=1 204w, https:\/\/b3871678.smushcdn.com\/3871678\/wp-content\/uploads\/2020\/09\/aquaquick-2000-oil-cleaning-waterwave.jpg?size=408x94&amp;lossy=2&amp;strip=1&amp;webp=1 408w, https:\/\/b3871678.smushcdn.com\/3871678\/wp-content\/uploads\/2020\/09\/aquaquick-2000-oil-cleaning-waterwave.jpg?size=612x141&amp;lossy=2&amp;strip=1&amp;webp=1 612w, https:\/\/b3871678.smushcdn.com\/3871678\/wp-content\/uploads\/2020\/09\/aquaquick-2000-oil-cleaning-waterwave.jpg?size=1020x234&amp;lossy=2&amp;strip=1&amp;webp=1 1020w\" sizes=\"(max-width: 1920px) 100vw, 1920px\">\t\t\t\t\t\t<div class=\"section-bg-overlay absolute fill\"><\/div>\n\t\t\t\n\n\t\t<\/div>\n\n\t\t\n\n\t\t<div class=\"section-content relative\">\n\t\t\t\n\n<div class=\"row row-collapse align-equal\"  id=\"row-2140557567\">\n\n\n\t<div id=\"col-427536962\" class=\"col small-12 large-12\"  >\n\t\t\t\t<div class=\"col-inner\"  >\n\t\t\t\n\t\t\t\n\n<h2 class=\"uppercase\" style=\"text-align: center;\">AQUAQUICK 2000 EM TUNESIA \u00c9 VENDIDO POR AQUAQUICK TUNESIA<\/h2>\n\n\t\t<\/div>\n\t\t\t\t\t<\/div>\n\n\t\n\n<\/div>\n\n\t\t<\/div>\n\n\t\t\n<style>\n#section_1128632207 {\n  padding-top: 45px;\n  padding-bottom: 45px;\n}\n#section_1128632207 .section-bg-overlay {\n  background-color: rgba(240, 240, 240, 0.64);\n}\n<\/style>\n\t<\/section>\n\t\n\n\t<section class=\"section\" id=\"section_119957845\">\n\t\t<div class=\"section-bg fill\" >\n\t\t\t\t\t\t\t\t\t<div class=\"section-bg-overlay absolute fill\"><\/div>\n\t\t\t\n\n\t\t<\/div>\n\n\t\t\n\n\t\t<div class=\"section-content relative\">\n\t\t\t\n\n<div class=\"row\"  id=\"row-1524902746\">\n\n\n\t<div id=\"col-1316622475\" class=\"col medium-6 small-12 large-6\"  >\n\t\t\t\t<div class=\"col-inner\"  >\n\t\t\t\n\t\t\t\n\n<h2>Distribuidor AQUAQUICK 2000 na Tun\u00edsia<\/h2>\n<p>A AQUAQUICK TUNISIA \u00e9 a representante oficial dos produtos AQUAQUICK no pa\u00eds. Autorizado e aprovado pela AQUAQUICK GLOBAL B.V., nosso distribuidor tunisiano garante que os clientes tenham acesso direto a produtos AQUAQUICK 2000 genu\u00ednos, orienta\u00e7\u00e3o t\u00e9cnica e suporte profissional.<\/p>\n<p>Por meio da AQUAQUICK TUNISIA, ind\u00fastrias, empreiteiras e institui\u00e7\u00f5es governamentais podem se beneficiar do fornecimento r\u00e1pido e confi\u00e1vel do AQUAQUICK 2000 para aplica\u00e7\u00f5es como resposta a derramamentos de \u00f3leo, limpeza industrial, remedia\u00e7\u00e3o de terrenos e remo\u00e7\u00e3o de hidrocarbonetos. Ao trabalhar com nosso distribuidor local, os clientes tunisianos t\u00eam a garantia de um servi\u00e7o confi\u00e1vel e de padr\u00f5es internacionais de qualidade.<\/p>\n<h3>Detalhes de contato da AQUAQUICK TUNISIA<\/h3>\n<p>\n<strong>E-mail:<\/strong> manager@aquaquick2000.tn<br \/>\n<strong>Telefone:<\/strong> +216 94 105 999 \/ +216 94 104 999\n<\/p>\n\n<a href=\"https:\/\/www.aquaquick2000.com\/pt\/distribuidores\/\" class=\"button primary\" >\n\t\t<span>Todos os Distribuidores da AQUAQUICK 2000<\/span>\n\t<\/a>\n\n\n\n\t\t<\/div>\n\t\t\t\t\t<\/div>\n\n\t\n\n\t<div id=\"col-169282293\" class=\"col medium-6 small-12 large-6\"  >\n\t\t\t\t<div class=\"col-inner\" style=\"background-color:rgb(240, 240, 240);\" >\n\t\t\t\n\t\t\t\n\n<div class=\"accordion\">\n\n\t<div id=\"accordion-2598905564\" class=\"accordion-item\">\n\t\t<a id=\"accordion-2598905564-label\" class=\"accordion-title plain active\" href=\"#accordion-item-aquaquick-2000-in-tunesia\" aria-expanded=\"true\" aria-controls=\"accordion-2598905564-content\">\n\t\t\t<button class=\"toggle\" aria-label=\"Alternar\"><i class=\"icon-angle-down\" aria-hidden=\"true\"><\/i><\/button>\n\t\t\t<span>AQUAQUICK 2000 em Tunesia<\/span>\n\t\t<\/a>\n\t\t<div id=\"accordion-2598905564-content\" class=\"accordion-inner\" style=\"display: block;\" aria-labelledby=\"accordion-2598905564-label\">\n\t\t\t\n\n<p>O AQUAQUICK 2000 est\u00e1 dispon\u00edvel para compra direta na Tun\u00edsia por meio de nosso distribuidor autorizado. Nosso parceiro local garante que os clientes da Tun\u00edsia tenham acesso r\u00e1pido e confi\u00e1vel aos nossos produtos, orienta\u00e7\u00e3o t\u00e9cnica e suporte p\u00f3s-venda.<\/p>\n<p>Como uma solu\u00e7\u00e3o globalmente confi\u00e1vel, o AQUAQUICK 2000 tem sido usado h\u00e1 d\u00e9cadas em limpezas de derramamento de \u00f3leo, descontamina\u00e7\u00e3o de terrenos, desengorduramento industrial e muitas outras aplica\u00e7\u00f5es em que a seguran\u00e7a, o desempenho e a responsabilidade ambiental s\u00e3o essenciais. O produto \u00e9 altamente concentrado, \u00e0 base de \u00e1gua e biodegrad\u00e1vel, o que o torna a escolha preferida de ind\u00fastrias e governos em todo o mundo.<\/p>\n<p>Se estiver procurando limpar a contamina\u00e7\u00e3o por hidrocarbonetos, fazer a manuten\u00e7\u00e3o de equipamentos industriais ou preparar superf\u00edcies de forma segura e eficaz, o AQUAQUICK 2000 oferece a solu\u00e7\u00e3o comprovada. Com a disponibilidade agora na Tun\u00edsia, os clientes podem se beneficiar do fornecimento local e, ao mesmo tempo, contar com a experi\u00eancia internacional e a qualidade do AQUAQUICK GLOBAL.<\/p>\n\n\n\t\t<\/div>\n\t<\/div>\n\t\n\t<div id=\"accordion-4063298104\" class=\"accordion-item\">\n\t\t<a id=\"accordion-4063298104-label\" class=\"accordion-title plain\" href=\"#accordion-item-oil-spills-in-tunesia\" aria-expanded=\"false\" aria-controls=\"accordion-4063298104-content\">\n\t\t\t<button class=\"toggle\" aria-label=\"Alternar\"><i class=\"icon-angle-down\" aria-hidden=\"true\"><\/i><\/button>\n\t\t\t<span>Derramamentos de \u00f3leo na Tun\u00edsia<\/span>\n\t\t<\/a>\n\t\t<div id=\"accordion-4063298104-content\" class=\"accordion-inner\" aria-labelledby=\"accordion-4063298104-label\">\n\t\t\t\n\n<p>Para uma solu\u00e7\u00e3o imediata e ecologicamente correta para derramamentos de \u00f3leo e contamina\u00e7\u00e3o por hidrocarbonetos, o AQUAQUICK 2000 \u00e9 o produto preferido. Na Tun\u00edsia, nossos clientes podem contar com nosso distribuidor oficial para fornecer o AQUAQUICK 2000 de forma r\u00e1pida e eficiente, garantindo uma resposta r\u00e1pida sempre que ocorrerem incidentes.<\/p>\n<p>O AQUAQUICK 2000 \u00e9 um agente de limpeza biodegrad\u00e1vel e altamente concentrado que tem sido utilizado h\u00e1 d\u00e9cadas em todo o mundo para o combate a derramamentos de \u00f3leo, manuten\u00e7\u00e3o industrial e prote\u00e7\u00e3o ambiental. Ao contr\u00e1rio dos limpadores qu\u00edmicos convencionais, ele \u00e9 \u00e0 base de \u00e1gua, n\u00e3o t\u00f3xico e seguro para uso em \u00e1reas sens\u00edveis, o que o torna adequado n\u00e3o apenas para derramamentos marinhos e costeiros, mas tamb\u00e9m para instala\u00e7\u00f5es industriais, acidentes rodovi\u00e1rios, oficinas e projetos de remedia\u00e7\u00e3o de terrenos.<\/p>\n<p>O produto foi projetado para decompor res\u00edduos de \u00f3leo, graxa e hidrocarbonetos de forma eficaz, permitindo uma f\u00e1cil remo\u00e7\u00e3o e protegendo as pessoas e o meio ambiente. Gra\u00e7as \u00e0 sua versatilidade, o AQUAQUICK 2000 \u00e9 aplicado em setores que v\u00e3o desde a navega\u00e7\u00e3o, o transporte e a avia\u00e7\u00e3o at\u00e9 as ind\u00fastrias de minera\u00e7\u00e3o, energia e manufatura. Sua efici\u00eancia e seus padr\u00f5es de seguran\u00e7a comprovados fazem dele a primeira op\u00e7\u00e3o de muitos governos, munic\u00edpios e empresas em todo o mundo.<\/p>\n\n\n\t\t<\/div>\n\t<\/div>\n\t\n\t<div id=\"accordion-449373067\" class=\"accordion-item\">\n\t\t<a id=\"accordion-449373067-label\" class=\"accordion-title plain\" href=\"#accordion-item-about-aquaquick-tunesia\" aria-expanded=\"false\" aria-controls=\"accordion-449373067-content\">\n\t\t\t<button class=\"toggle\" aria-label=\"Alternar\"><i class=\"icon-angle-down\" aria-hidden=\"true\"><\/i><\/button>\n\t\t\t<span>Sobre a AQUAQUICK TUNESIA<\/span>\n\t\t<\/a>\n\t\t<div id=\"accordion-449373067-content\" class=\"accordion-inner\" aria-labelledby=\"accordion-449373067-label\">\n\t\t\t\n\n<p>A AQUAQUICK TUNISIA representa nosso forte compromisso em fornecer solu\u00e7\u00f5es de limpeza altamente eficazes e ambientalmente corretas na regi\u00e3o. Com a crescente conscientiza\u00e7\u00e3o da Tun\u00edsia sobre a prote\u00e7\u00e3o ambiental e a seguran\u00e7a industrial, o AQUAQUICK 2000 se tornou um parceiro essencial para empresas que buscam produtos confi\u00e1veis para gerenciar derramamentos de \u00f3leo, contamina\u00e7\u00e3o industrial e res\u00edduos de hidrocarbonetos.<\/p>\n<p>Nossa presen\u00e7a na Tun\u00edsia garante que tanto as empresas privadas quanto as institui\u00e7\u00f5es governamentais possam acessar o AQUAQUICK 2000 diretamente, com o apoio da experi\u00eancia e da distribui\u00e7\u00e3o locais. Isso possibilita uma resposta r\u00e1pida a incidentes e, ao mesmo tempo, a integra\u00e7\u00e3o de solu\u00e7\u00f5es de longo prazo para opera\u00e7\u00f5es mais limpas, locais de trabalho mais seguros e um ambiente mais saud\u00e1vel.<\/p>\n<p>Por meio do AQUAQUICK TUNISIA, as ind\u00fastrias t\u00eam acesso n\u00e3o apenas ao fornecimento de produtos, mas tamb\u00e9m ao conhecimento t\u00e9cnico e \u00e0 orienta\u00e7\u00e3o de aplica\u00e7\u00e3o. Quer seja usado para resposta a derramamentos de \u00f3leo, remedia\u00e7\u00e3o de terrenos, desengorduramento de m\u00e1quinas ou limpeza de tanques de armazenamento, o AQUAQUICK 2000 oferece desempenho consistente e protege as pessoas e a natureza. Essa disponibilidade local garante que as empresas tunisianas permane\u00e7am na vanguarda das pr\u00e1ticas seguras e sustent\u00e1veis em suas opera\u00e7\u00f5es.<\/p>\n\n\n\t\t<\/div>\n\t<\/div>\n\t\n\n<\/div>\n\n\t\t<\/div>\n\t\t\t\t\t<\/div>\n\n\t\n\n<\/div>\n\n\t\t<\/div>\n\n\t\t\n<style>\n#section_119957845 {\n  padding-top: 30px;\n  padding-bottom: 30px;\n  background-color: rgb(255, 255, 255);\n}\n#section_119957845 .section-bg-overlay {\n  background-color: rgba(240, 240, 240, 0);\n}\n<\/style>\n\t<\/section>","protected":false},"excerpt":{"rendered":"","protected":false},"author":1,"featured_media":0,"parent":2564,"menu_order":0,"comment_status":"closed","ping_status":"closed","template":"page-blank.php","meta":{"cybocfi_hide_featured_image":"","footnotes":"","_links_to":"","_links_to_target":""},"class_list":["post-12894","page","type-page","status-publish","hentry"],"_links":{"self":[{"href":"https:\/\/www.aquaquick2000.com\/pt\/wp-json\/wp\/v2\/pages\/12894","targetHints":{"allow":["GET"]}}],"collection":[{"href":"https:\/\/www.aquaquick2000.com\/pt\/wp-json\/wp\/v2\/pages"}],"about":[{"href":"https:\/\/www.aquaquick2000.com\/pt\/wp-json\/wp\/v2\/types\/page"}],"author":[{"embeddable":true,"href":"https:\/\/www.aquaquick2000.com\/pt\/wp-json\/wp\/v2\/users\/1"}],"replies":[{"embeddable":true,"href":"https:\/\/www.aquaquick2000.com\/pt\/wp-json\/wp\/v2\/comments?post=12894"}],"version-history":[{"count":0,"href":"https:\/\/www.aquaquick2000.com\/pt\/wp-json\/wp\/v2\/pages\/12894\/revisions"}],"up":[{"embeddable":true,"href":"https:\/\/www.aquaquick2000.com\/pt\/wp-json\/wp\/v2\/pages\/2564"}],"wp:attachment":[{"href":"https:\/\/www.aquaquick2000.com\/pt\/wp-json\/wp\/v2\/media?parent=12894"}],"curies":[{"name":"wp","href":"https:\/\/api.w.org\/{rel}","templated":true}]}}