{"id":2453,"date":"2016-12-06T14:45:28","date_gmt":"2016-12-06T14:45:28","guid":{"rendered":"http:\/\/www.aquaquick2000.com\/?page_id=2453"},"modified":"2023-01-27T10:17:38","modified_gmt":"2023-01-27T10:17:38","slug":"aquaquick-2000-produto-beneficios","status":"publish","type":"page","link":"https:\/\/www.aquaquick2000.com\/pt\/aquaquick-2000-product-benefits\/","title":{"rendered":"Benef\u00edcios do produto AQUAQUICK 2000"},"content":{"rendered":"<section class=\"section dark\" id=\"section_2139616366\">\n\t\t<div class=\"section-bg fill\" >\n\t\t\t<img decoding=\"async\" width=\"1920\" height=\"441\" src=\"https:\/\/b3871678.smushcdn.com\/3871678\/wp-content\/uploads\/2020\/09\/aquaquick-2000-oil-cleaning-waterwave.jpg?lossy=2&strip=1&webp=1\" class=\"bg attachment- size-\" alt=\"\" title=\"\" srcset=\"https:\/\/b3871678.smushcdn.com\/3871678\/wp-content\/uploads\/2020\/09\/aquaquick-2000-oil-cleaning-waterwave.jpg?lossy=2&amp;strip=1&amp;webp=1 1920w, https:\/\/b3871678.smushcdn.com\/3871678\/wp-content\/uploads\/2020\/09\/aquaquick-2000-oil-cleaning-waterwave-510x117.jpg?lossy=2&amp;strip=1&amp;webp=1 510w, https:\/\/b3871678.smushcdn.com\/3871678\/wp-content\/uploads\/2020\/09\/aquaquick-2000-oil-cleaning-waterwave-500x115.jpg?lossy=2&amp;strip=1&amp;webp=1 500w, https:\/\/b3871678.smushcdn.com\/3871678\/wp-content\/uploads\/2020\/09\/aquaquick-2000-oil-cleaning-waterwave-1280x294.jpg?lossy=2&amp;strip=1&amp;webp=1 1280w, https:\/\/b3871678.smushcdn.com\/3871678\/wp-content\/uploads\/2020\/09\/aquaquick-2000-oil-cleaning-waterwave-768x176.jpg?lossy=2&amp;strip=1&amp;webp=1 768w, https:\/\/b3871678.smushcdn.com\/3871678\/wp-content\/uploads\/2020\/09\/aquaquick-2000-oil-cleaning-waterwave-1536x353.jpg?lossy=2&amp;strip=1&amp;webp=1 1536w, https:\/\/b3871678.smushcdn.com\/3871678\/wp-content\/uploads\/2020\/09\/aquaquick-2000-oil-cleaning-waterwave.jpg?size=204x47&amp;lossy=2&amp;strip=1&amp;webp=1 204w, https:\/\/b3871678.smushcdn.com\/3871678\/wp-content\/uploads\/2020\/09\/aquaquick-2000-oil-cleaning-waterwave.jpg?size=408x94&amp;lossy=2&amp;strip=1&amp;webp=1 408w, https:\/\/b3871678.smushcdn.com\/3871678\/wp-content\/uploads\/2020\/09\/aquaquick-2000-oil-cleaning-waterwave.jpg?size=612x141&amp;lossy=2&amp;strip=1&amp;webp=1 612w, https:\/\/b3871678.smushcdn.com\/3871678\/wp-content\/uploads\/2020\/09\/aquaquick-2000-oil-cleaning-waterwave.jpg?size=1020x234&amp;lossy=2&amp;strip=1&amp;webp=1 1020w\" sizes=\"(max-width: 1920px) 100vw, 1920px\">\t\t\t\t\t\t<div class=\"section-bg-overlay absolute fill\"><\/div>\n\t\t\t\n\n\t\t<\/div>\n\n\t\t\n\n\t\t<div class=\"section-content relative\">\n\t\t\t\n<h2 style=\"text-align: center;\">Benef\u00edcios do produto AQUAQUICK 2000<\/h2>\n\t\t<\/div>\n\n\t\t\n<style>\n#section_2139616366 {\n  padding-top: 60px;\n  padding-bottom: 60px;\n}\n#section_2139616366 .section-bg-overlay {\n  background-color: rgba(0, 0, 0, 0.22);\n}\n<\/style>\n\t<\/section>\n\t\n\n\t<section class=\"section\" id=\"section_1485917571\">\n\t\t<div class=\"section-bg fill\" >\n\t\t\t\t\t\t\t\t\t\n\t\t\t\n\n\t\t<\/div>\n\n\t\t\n\n\t\t<div class=\"section-content relative\">\n\t\t\t\n<div class=\"row\"  id=\"row-2078814649\">\n\n\t<div id=\"col-1579958297\" class=\"col medium-6 small-12 large-6\"  >\n\t\t\t\t<div class=\"col-inner\"  >\n\t\t\t\n\t\t\t\n<h3>Produto totalmente amig\u00e1vel ao usu\u00e1rio e ao meio ambiente\n<\/h3><p>AQUAQUICK 2000 cont\u00e9m apenas ingredientes naturais sem cloretos, solventes ou alcal\u00f3ides presentes. O AQUAQUICK 2000 foi aprovado e testado por in\u00fameros institutos de pesquisa independentes em todo o mundo com classifica\u00e7\u00f5es de certifica\u00e7\u00e3o para uso provenientes da TNO Holanda, MIGAS Indon\u00e9sia, Organiza\u00e7\u00e3o Mar\u00edtima Internacional (IMO), assim como muitos outros.\n<hr\/>\n<h3>N\u00e3o t\u00f3xico para todos os organismos aqu\u00e1ticos<\/h3>\n<p>AQUAQUICK 2000 em seu estado dilu\u00eddo de 1:50 que \u00e9 10mL de AQUAQUICK 2000 misturado em 1 litro de \u00e1gua; pode ser usado para limpar derramamentos de \u00f3leo que tenham coberto animais e vegeta\u00e7\u00e3o em ambientes aqu\u00e1ticos.<\/p>\n<hr \/>\n<h3>Reduz os res\u00edduos qu\u00edmicos<\/h3>\n<p>AQUAQUICK 2000 bio-molecularmente quebra a coes\u00e3o das estruturas de hidrocarbonetos criando uma micro emuls\u00e3o em part\u00edculas de cerca de 3 microns. Estes microns e nutrientes especiais produzem uma explos\u00e3o do crescimento das bact\u00e9rias que se encontram no ambiente, fazendo com que sejam facilmente removidos.<\/p>\n<hr \/>\n<h3>Economia de energia e efici\u00eancia de custos<\/h3>\n<p>A AQUAQUICK 2000 fornece uma solu\u00e7\u00e3o econ\u00f4mica que aumenta a produtividade reduzindo o tempo de inatividade e diminuindo as despesas associadas \u00e0 parte de limpeza da ind\u00fastria; tais como, o custo do produto em si, o transporte do produto, o armazenamento do produto, o custo do equipamento de prote\u00e7\u00e3o pessoal, e acelera os procedimentos e aumenta a seguran\u00e7a dos funcion\u00e1rios. AQUAQUICK 2000 substitui muitos produtos de limpeza amplamente utilizados, solventes t\u00f3xicos e alcalinos que ir\u00e3o deslocar mas n\u00e3o os hidrocarbonetos biodegrad\u00e1veis. Exige muito pouco esfor\u00e7o do usu\u00e1rio na lavagem e pode ser facilmente limpa com um pano \u00famido ap\u00f3s a aplica\u00e7\u00e3o.<\/p>\n<hr \/>\n<h3>N\u00e3o corrosivo e n\u00e3o irritante para a pele humana<\/h3>\n<p>O AQUAQUICK 2000 \u00e9 dermatologicamente aprovado como suficientemente seguro para ser usado em casa como um sabonete di\u00e1rio para as m\u00e3os, ou pode ser usado em m\u00faltiplas ind\u00fastrias como um sabonete para as m\u00e3os, j\u00e1 que seus ingredientes naturais n\u00e3o irritam as c\u00e9lulas da pele humana.<\/p>\n<hr \/>\n<h3>AQUAQUICK 2000 \u00e9 N\u00e3o corrosivo para o metal<\/h3>\n<p>Sem danos a metais, tintas, revestimentos, borracha ou pl\u00e1sticos - N\u00e3o afeta os substratos e \u00e9 seguro para a limpeza de pl\u00e1sticos, metais, revestimentos, tintas, borrachas, ep\u00f3xi, etc.<\/p>\n<hr \/>\n<h3>AQUAQUICK 2000 n\u00e3o tem vida \u00fatil<\/h3>\n<p>Este produto n\u00e3o tem uma data de validade. Entretanto, o armazenamento prolongado pode fazer com que ocorra a liquida\u00e7\u00e3o. A agita\u00e7\u00e3o do produto permitir\u00e1 que ele atinja sua massa homog\u00eanea. \u00c9 seguro usar este produto continuamente at\u00e9 que o produto adquirido se esgote, mesmo que isso seja 2 ou mais anos depois da data de compra. Os ingredientes naturais deste produto cont\u00eam conservantes pr\u00f3prios que protegem a continuidade do produto por anos futuros.<\/p>\n<hr \/>\n\t\t<\/div>\n\t\t\t\t\t<\/div>\n\n\t\n\n\t<div id=\"col-50105166\" class=\"col medium-6 small-12 large-6\"  >\n\t\t\t\t<div class=\"col-inner\"  >\n\t\t\t\n\t\t\t\n<h3>Produto de limpeza multiuso\n<\/h3><p>AQUAQUICK 2000 \u00e9 um bioemulsionante, desengordurante, limpador de hidrocarbonetos e dispersante de \u00f3leo que \u00e9 \u00e0 base de \u00e1gua e pode ser usado para limpeza de tanques; limpeza de tubula\u00e7\u00f5es; desengraxe; manuten\u00e7\u00e3o de plataformas; lavagem de solos; limpeza de pisos e equipamentos na ind\u00fastria aliment\u00edcia; limpeza de decks, casas de m\u00e1quinas e por\u00f5es de navios; \u00e9 seguro o suficiente para ser usado como um sab\u00e3o normal para as m\u00e3os.<\/p><hr\/>\n<h3>AQUAQUICK 2000 Pode ser usado como um extintor de inc\u00eandio<\/h3>\n<p>O AQUAQUICK 2000 foi aprovado para uso pelos Bombeiros em Jacarta, Indon\u00e9sia, assim como em outros pa\u00edses, como retardador de inc\u00eandio para apagar o fogo e pode ser usado para limpar a bagun\u00e7a depois.<\/p>\n<hr \/>\n<h3>Solu\u00e7\u00e3o de limpeza total<\/h3>\n<p>A AQUAQUICK 2000 \u00e9 adequada para limpar qualquer polui\u00e7\u00e3o por hidrocarbonetos e foi aprovada para produtos de limpeza nestas ind\u00fastrias: Petr\u00f3leo e G\u00e1s, Ag\u00eancias Governamentais, Motores e Engenharia, Navega\u00e7\u00e3o e Marinha, Ind\u00fastria A\u00e9rea, Manufatura, Ind\u00fastria de Alimentos e Bebidas, e Ind\u00fastrias de Limpeza em Geral.<\/p>\n<hr \/>\n<h3>Totalmente Biodegrad\u00e1vel (100%&lt;21 dias)<\/h3>\n<p>A AQUAQUICK 2000 existe h\u00e1 muitas d\u00e9cadas e possui um grande n\u00famero de relat\u00f3rios e aprova\u00e7\u00f5es que garantem os aspectos de seguran\u00e7a e o estado do meio ambiente. N\u00e3o h\u00e1 manipula\u00e7\u00f5es especiais, dep\u00f3sitos ou avisos para a aplica\u00e7\u00e3o do produto AQUAQUICK 2000. Em efeitos eco-toxicos, este produto \u00e9 completamente biodegrad\u00e1vel. Em instala\u00e7\u00f5es de purifica\u00e7\u00e3o de \u00e1gua, o AQUAQUICK 2000 \u00e9 100% biodegrad\u00e1vel em menos de 60 minutos. Em \u00e1guas superficiais, o AQUAQUICK 2000 \u00e9 100% biodegrad\u00e1vel em menos de 21 dias. Em nossa p\u00e1gina de pesquisa, voc\u00ea pode saber mais sobre o processo de 21 dias do AQUAQUICK 2000. <\/p>\n<hr \/>\n<h3>AQUAQUICK 2000 \u00e9 N\u00e3o Inflam\u00e1vel<\/h3>\n<p>O AQUAQUICK 2000 \u00e9 dermatologicamente aprovado como suficientemente seguro para ser usado em casa como um sabonete di\u00e1rio para as m\u00e3os, ou pode ser usado em m\u00faltiplas ind\u00fastrias como um sabonete para as m\u00e3os, uma vez que seus ingredientes naturais n\u00e3o irritar\u00e3o as c\u00e9lulas da pele humana.<\/p>\n<hr \/>\n<h3>Dispers\u00e3o org\u00e2nica e biol\u00f3gica<\/h3>\n<p>Sem danos a metais, tintas, revestimentos, borracha ou pl\u00e1sticos - N\u00e3o afeta os substratos e \u00e9 seguro para a limpeza de pl\u00e1sticos, metais, revestimentos, tintas, borrachas, ep\u00f3xi, etc.<\/p>\n<hr \/>\n<h3>Suporte t\u00e9cnico de produto para AQUAQUICK 2000<\/h3>\n<p>O AQUAQUICK 2000 tem sido usado para muitas aplica\u00e7\u00f5es de limpeza diferentes no mundo inteiro. Nossa equipe t\u00e9cnica especializada tem crescido muito nas \u00faltimas d\u00e9cadas. Sempre fornecemos suporte t\u00e9cnico \u00e0queles que precisam de ajuda ou informa\u00e7\u00f5es a respeito da AQUAQUICK 2000. N\u00f3s fornecemos, aplicamos e cumprimos e somos o fabricante global da AQUAQUICK 2000. Para informa\u00e7\u00f5es diretas sobre suporte t\u00e9cnico, envie-nos um e-mail para business@aquaquick2000.com  <\/p>\n<hr \/>\n\t\t<\/div>\n\t\t\t\t\t<\/div>\n\n\t\n<\/div>\n\t\t<\/div>\n\n\t\t\n<style>\n#section_1485917571 {\n  padding-top: 30px;\n  padding-bottom: 30px;\n}\n<\/style>\n\t<\/section>","protected":false},"excerpt":{"rendered":"","protected":false},"author":1,"featured_media":8707,"parent":0,"menu_order":0,"comment_status":"closed","ping_status":"closed","template":"page-blank.php","meta":{"cybocfi_hide_featured_image":"","footnotes":"","_links_to":"","_links_to_target":""},"class_list":["post-2453","page","type-page","status-publish","has-post-thumbnail","hentry"],"_links":{"self":[{"href":"https:\/\/www.aquaquick2000.com\/pt\/wp-json\/wp\/v2\/pages\/2453","targetHints":{"allow":["GET"]}}],"collection":[{"href":"https:\/\/www.aquaquick2000.com\/pt\/wp-json\/wp\/v2\/pages"}],"about":[{"href":"https:\/\/www.aquaquick2000.com\/pt\/wp-json\/wp\/v2\/types\/page"}],"author":[{"embeddable":true,"href":"https:\/\/www.aquaquick2000.com\/pt\/wp-json\/wp\/v2\/users\/1"}],"replies":[{"embeddable":true,"href":"https:\/\/www.aquaquick2000.com\/pt\/wp-json\/wp\/v2\/comments?post=2453"}],"version-history":[{"count":0,"href":"https:\/\/www.aquaquick2000.com\/pt\/wp-json\/wp\/v2\/pages\/2453\/revisions"}],"wp:featuredmedia":[{"embeddable":true,"href":"https:\/\/www.aquaquick2000.com\/pt\/wp-json\/wp\/v2\/media\/8707"}],"wp:attachment":[{"href":"https:\/\/www.aquaquick2000.com\/pt\/wp-json\/wp\/v2\/media?parent=2453"}],"curies":[{"name":"wp","href":"https:\/\/api.w.org\/{rel}","templated":true}]}}