{"id":2532,"date":"2017-01-02T12:53:57","date_gmt":"2017-01-02T12:53:57","guid":{"rendered":"http:\/\/www.aquaquick2000.com\/?page_id=2532"},"modified":"2023-01-26T13:03:21","modified_gmt":"2023-01-26T13:03:21","slug":"lista-de-aprovacoes-certificados","status":"publish","type":"page","link":"https:\/\/www.aquaquick2000.com\/pt\/accreditations\/list-of-approvals-certificates\/","title":{"rendered":"Lista de aprova\u00e7\u00f5es e certificados"},"content":{"rendered":"Lista de aprova\u00e7\u00f5es e certificados\n\n<h2>Lista de Aprova\u00e7\u00f5es e Certificados para a AQUAQUICK 2000.<\/h2>\n<p>Nas \u00faltimas 4 d\u00e9cadas, o produto AQUAQUICK 2000 tem surpreendido o mundo com resultados not\u00e1veis. Desde ent\u00e3o, o AQUAQUICK 2000 tem sido utilizado como uma solu\u00e7\u00e3o de sucesso para muitas aplica\u00e7\u00f5es industriais. O AQUAQUICK 2000 tem sido testado e aprovado ou certificado pelas seguintes organiza\u00e7\u00f5es, empresas e institutos governamentais. <\/p>\n<ul>\n<li class=\"bullet-checkmark\">UT Enschede, Holanda - AQUAQUICK 2000 quando utilizado em uma Esta\u00e7\u00e3o de Tratamento de \u00c1guas Residuais \u00e9 totalmente biodegrad\u00e1vel e livre de cloro, n\u00e3o produzindo riscos especiais \u00e0 sa\u00fade ou subprodutos t\u00f3xicos e removendo facilmente os hidrocarbonetos do solo.<\/li>\n<li class=\"bullet-checkmark\">TNO University Delft, Holanda - Este produto n\u00e3o tem efeitos adversos a longo prazo sobre os ecossistemas, sistemas aqu\u00e1ticos ou usu\u00e1rios porque o AQUAQUICK 2000 \u00e9 totalmente biodegrad\u00e1vel, n\u00e3o sensibilizante e n\u00e3o corrosivo para a pele ou olhos humanos.<\/li>\n<li class=\"bullet-checkmark\">Minist\u00e9rio da Sa\u00fade, Holanda - AQUAQUICK 2000 cumpre com todas as normas de aplica\u00e7\u00e3o da ind\u00fastria aliment\u00edcia holandesa.<\/li>\n<li class=\"bullet-checkmark\">Departamento de Defesa da Holanda, Holanda - AQUAQUICK 2000 n\u00e3o \u00e9 destrutiva para pinturas ou revestimentos e se mostrou adequada para remover hidrocarbonetos enquanto faz uma emuls\u00e3o est\u00e1vel.<\/li>\n<li class=\"bullet-checkmark\">Distritos da Diretoria de \u00c1gua da Holanda, Holanda - AQUAQUICK 2000 pode ser descartada nos esgotos ap\u00f3s a remo\u00e7\u00e3o dos hidrocarbonetos separados que n\u00e3o podem ser polu\u00eddos com subst\u00e2ncias proibidas.<\/li>\n<li class=\"bullet-checkmark\">A Diretoria Geral de Navega\u00e7\u00e3o e Assuntos Mar\u00edtimos, Londres Reino Unido (IMO) - AQUAQUICK 2000 e AQUAQUICK 2000 SP atendem a todas as diretrizes estabelecidas no Anexo II da MARPOL, Limpeza de Tanques (MERC.2\/CIRC.8), e Grupo de Trabalho ESPH.<\/li>\n<li class=\"bullet-checkmark\">NS Dutch Railways Utrecht, Holanda - AQUAQUICK 2000 \u00e9 um agente de limpeza universal adequado para a limpeza de metais e superf\u00edcies pintadas, sem necessidade de procedimentos especiais de seguran\u00e7a para sua aplica\u00e7\u00e3o. Tamb\u00e9m pode ser usado com equipamentos de dispers\u00e3o de alta press\u00e3o.<\/li>\n<li class=\"bullet-checkmark\">American Bureau of Shipping London, UK - AQUAQUICK 2000 e AQUAQUICK 2000 SP receberam um Certificado de Avalia\u00e7\u00e3o do Projeto do Produto para a aprova\u00e7\u00e3o do embarque.<\/li>\n<li class=\"bullet-checkmark\">Supervis\u00e3o Estadual de Minas, Holanda - AQUAQUICK 2000, de acordo com o Artigo 49B, sub par\u00e1grafo 1, do Regulamento de Minera\u00e7\u00e3o da Plataforma Continental, foi considerado in\u00f3cuo para o ambiente marinho.<\/li>\n<li class=\"bullet-checkmark\">O TUV Research Institute Hannover, Alemanha - AQUAQUICK 2000 SP foi aprovado para uso na Ind\u00fastria Automotiva e Metal\u00fargica, em conformidade com todos os requisitos para a separa\u00e7\u00e3o r\u00e1pida de limpadores, enquanto atende aos regulamentos alem\u00e3es para subst\u00e2ncias ou prepara\u00e7\u00f5es perigosas das diretrizes diretivas ambientais.<\/li>\n<li class=\"bullet-checkmark\">Dekra Umwelt Gmbh Stuttgart, Alemanha - AQUAQUICK 2000 SP cumpre as normas de aprova\u00e7\u00e3o para uso em separadores de \u00f3leo e graxa (Norma Austr\u00edaca B 5105) com uma classifica\u00e7\u00e3o de transporte de material n\u00e3o perigoso.<\/li>\n<li class=\"bullet-checkmark\">Instituto de Higiene Gelsenkirchen, Alemanha - AQUAQUICK 2000 \u00e9 um detergente aprovado para a limpeza de superf\u00edcies de estradas polu\u00eddas com \u00f3leo.<\/li>\n<li class=\"bullet-checkmark\">O Laborat\u00f3rio Estadual de Pesquisa de Materiais de Dortmund, Alemanha - AQUAQUICK 2000 foi encontrado de acordo com os \"m\u00e9todos estabelecidos de remo\u00e7\u00e3o de tra\u00e7os de \u00f3leo das superf\u00edcies das estradas, com exce\u00e7\u00e3o dos absorventes de \u00f3leo\".<\/li>\n<li class=\"bullet-checkmark\">Laborat\u00f3rio qu\u00edmico Webling, Alemanha - AQUAQUICK 2000 \u00e9 100% biodegrad\u00e1vel, n\u00e3o causando efeitos adversos nas instala\u00e7\u00f5es de tratamento de \u00e1guas residuais ou nos equipamentos.<\/li>\n<li class=\"bullet-checkmark\">Pesquisa da Mal\u00e1sia - Foi determinado que a AQUAQUICK 2000 mostrou ser at\u00f3xica para ambientes aqu\u00e1ticos, de acordo com a classifica\u00e7\u00e3o de produtos da Organiza\u00e7\u00e3o Mar\u00edtima Internacional (IMO) (valores LC50 e EC50 de &gt;1000mg\/L). Os testes mostraram que os teores de graxa e \u00f3leo das \u00e1guas residuais foram reduzidos at\u00e9 94% em apenas 21 dias.<\/li>\n<li class=\"bullet-checkmark\">O pesquisador do Laborat\u00f3rio Micro-Biol\u00f3gico J. Balfanz Munster, Alemanha - AQUAQUICK 2000 V-93 estimula o crescimento de bact\u00e9rias e microorganismos e acelera a decomposi\u00e7\u00e3o de hidrocarbonetos no solo superficial e na \u00e1gua. A pesquisa mostrou uma m\u00e9dia de 90% de decomposi\u00e7\u00e3o de hidrocarbonetos em 35 dias.<\/li>\n<li class=\"bullet-checkmark\">Mechem Technical &amp; Laboratory Services Pte, Ltd., Singapura - A AQUAQUICK 2000 foi considerada em conformidade com as especifica\u00e7\u00f5es para dispersantes, listadas no primeiro cronograma de preven\u00e7\u00e3o da polui\u00e7\u00e3o do mar. (Regulamento 1999.)<\/li>\n<li class=\"bullet-checkmark\">Laborat\u00f3rios Migas, Indon\u00e9sia - AQUAQUICK 2000 pode ser usada legalmente e com seguran\u00e7a para controlar derramamentos de \u00f3leo, e limpar barcos em terra e fora de terra quando dilu\u00edda 1:50 com 10ml de \u00e1gua.<\/li>\n<li class=\"bullet-checkmark\">London Underground United Kingdom - AQUAQUICK 2000 \u00e9 aceit\u00e1vel para uso dentro do London Underground Ltd., sem nenhuma obje\u00e7\u00e3o de sa\u00fade ou seguran\u00e7a considerada. (Relat\u00f3rio n\u00ba C7638, 9 de fevereiro de 1996)<\/li>\n<li class=\"bullet-checkmark\">Foi verificado que a SABA - AQUAQUICK 2000 e a AQUAQUICK 2000 SP n\u00e3o tiveram efeitos nocivos sobre os selantes l\u00edquidos imperme\u00e1veis para postos de gasolina fabricados pela Simson e SABA.<\/li>\n<li class=\"bullet-checkmark\">Ag\u00eancia Canadense de Inspe\u00e7\u00e3o de Alimentos, Ont\u00e1rio, Canad\u00e1 - AQUAQUICK 2000 e AQUAQUICK 2000 SP s\u00e3o aprovadas para uso na limpeza industrial de equipamentos da ind\u00fastria aliment\u00edcia. Suas constata\u00e7\u00f5es mostram que n\u00e3o haver\u00e1 contamina\u00e7\u00e3o dos alimentos resultante. Estes produtos podem ser usados em pisos e paredes em \u00e1reas aliment\u00edcias quando os alimentos n\u00e3o estiverem sendo manuseados.<\/li>\n<li class=\"bullet-checkmark\">Ag\u00eancia Islandesa de Inspe\u00e7\u00e3o de Alimentos, Isl\u00e2ndia - AQUAQUICK 2000 foi aprovada para uso de limpeza industrial em todos os equipamentos da ind\u00fastria aliment\u00edcia. Foi considerado at\u00f3xico, n\u00e3o corrosivo, e amigo do usu\u00e1rio e do meio ambiente.<\/li>\n<li class=\"bullet-checkmark\">A Ag\u00eancia Polonesa de Inspe\u00e7\u00e3o de Alimentos, Pol\u00f4nia - AQUAQUICK 2000 foi aprovada para a limpeza industrial de equipamentos de produ\u00e7\u00e3o de alimentos.<\/li>\n<li class=\"bullet-checkmark\">Deutschland Environmental Protection Group, Alemanha - A AQUAQUICK 2000 foi considerada segura e aprovada para todas as aplica\u00e7\u00f5es ambientais na Alemanha.<\/li>\n<li class=\"bullet-checkmark\">Tail\u00e2ndia\/Mal\u00e1sia - A AQUAQUICK 2000 foi aprovada para uso em todas as aplica\u00e7\u00f5es industriais e ambientais dentro das regi\u00f5es da Tail\u00e2ndia e da Mal\u00e1sia.<\/li>\n<li class=\"bullet-checkmark\">Peru - A AQUAQUICK 2000 foi aprovada para uso em aplica\u00e7\u00f5es de limpeza no Peru.<\/li>\n<li class=\"bullet-checkmark\">Egito - A AQUAQUICK 2000 obteve aprova\u00e7\u00e3o para aplica\u00e7\u00f5es gerais e industriais de limpeza. Tamb\u00e9m est\u00e1 licenciada para o tratamento de derramamentos de \u00f3leo no Egito.<\/li>\n<li class=\"bullet-checkmark\">Guarda Costeira Filipina, Filipinas - A AQUAQUICK 2000 cumpre todos os requisitos de credenciamento para um dispersante de derramamento de \u00f3leo.<\/li>\n<li class=\"bullet-checkmark\">Agentes de lavagem de superf\u00edcie: uma Atualiza\u00e7\u00e3o 2013, Spill Science, Edmonton, Alberta, Canad\u00e1 - Lista AQUAQUICK 2000 como um dispersante de lavagem de superf\u00edcie aprovado que atendeu todas as normas de testes de efic\u00e1cia, toxicidade e aplica\u00e7\u00e3o.<\/li>\n<\/ul>","protected":false},"excerpt":{"rendered":"<p>List of approvals &amp; certificates List of Approvals &amp; Certificates for AQUAQUICK 2000. For the past 4 decades the AQUAQUICK 2000 product has amazed the world with remarkable results. Since then AQUAQUICK 2000 has been used as a successful solution for many industrial applications. AQUAQUICK 2000 has been tested and approved or certified by the [&#8230;]\n","protected":false},"author":1,"featured_media":4384,"parent":2528,"menu_order":0,"comment_status":"closed","ping_status":"closed","template":"","meta":{"cybocfi_hide_featured_image":"","footnotes":"","_links_to":"","_links_to_target":""},"class_list":["post-2532","page","type-page","status-publish","has-post-thumbnail","hentry"],"_links":{"self":[{"href":"https:\/\/www.aquaquick2000.com\/pt\/wp-json\/wp\/v2\/pages\/2532","targetHints":{"allow":["GET"]}}],"collection":[{"href":"https:\/\/www.aquaquick2000.com\/pt\/wp-json\/wp\/v2\/pages"}],"about":[{"href":"https:\/\/www.aquaquick2000.com\/pt\/wp-json\/wp\/v2\/types\/page"}],"author":[{"embeddable":true,"href":"https:\/\/www.aquaquick2000.com\/pt\/wp-json\/wp\/v2\/users\/1"}],"replies":[{"embeddable":true,"href":"https:\/\/www.aquaquick2000.com\/pt\/wp-json\/wp\/v2\/comments?post=2532"}],"version-history":[{"count":0,"href":"https:\/\/www.aquaquick2000.com\/pt\/wp-json\/wp\/v2\/pages\/2532\/revisions"}],"up":[{"embeddable":true,"href":"https:\/\/www.aquaquick2000.com\/pt\/wp-json\/wp\/v2\/pages\/2528"}],"wp:featuredmedia":[{"embeddable":true,"href":"https:\/\/www.aquaquick2000.com\/pt\/wp-json\/wp\/v2\/media\/4384"}],"wp:attachment":[{"href":"https:\/\/www.aquaquick2000.com\/pt\/wp-json\/wp\/v2\/media?parent=2532"}],"curies":[{"name":"wp","href":"https:\/\/api.w.org\/{rel}","templated":true}]}}