{"id":3561,"date":"2018-04-23T21:19:18","date_gmt":"2018-04-23T21:19:18","guid":{"rendered":"http:\/\/www.aquaquick2000.com\/?page_id=3561"},"modified":"2023-01-27T10:31:09","modified_gmt":"2023-01-27T10:31:09","slug":"nck-international-corp","status":"publish","type":"page","link":"https:\/\/www.aquaquick2000.com\/pt\/distributors\/nck-international-corp\/","title":{"rendered":"NCK INTERNATIONAL CORP"},"content":{"rendered":"<section class=\"section\" id=\"section_748375291\">\n\t\t<div class=\"section-bg fill\" >\n\t\t\t<img decoding=\"async\" width=\"1920\" height=\"441\" src=\"https:\/\/b3871678.smushcdn.com\/3871678\/wp-content\/uploads\/2020\/09\/aquaquick-2000-oil-cleaning-waterwave.jpg?lossy=2&strip=1&webp=1\" class=\"bg attachment- size-\" alt=\"\" title=\"\" srcset=\"https:\/\/b3871678.smushcdn.com\/3871678\/wp-content\/uploads\/2020\/09\/aquaquick-2000-oil-cleaning-waterwave.jpg?lossy=2&amp;strip=1&amp;webp=1 1920w, https:\/\/b3871678.smushcdn.com\/3871678\/wp-content\/uploads\/2020\/09\/aquaquick-2000-oil-cleaning-waterwave-510x117.jpg?lossy=2&amp;strip=1&amp;webp=1 510w, https:\/\/b3871678.smushcdn.com\/3871678\/wp-content\/uploads\/2020\/09\/aquaquick-2000-oil-cleaning-waterwave-500x115.jpg?lossy=2&amp;strip=1&amp;webp=1 500w, https:\/\/b3871678.smushcdn.com\/3871678\/wp-content\/uploads\/2020\/09\/aquaquick-2000-oil-cleaning-waterwave-1280x294.jpg?lossy=2&amp;strip=1&amp;webp=1 1280w, https:\/\/b3871678.smushcdn.com\/3871678\/wp-content\/uploads\/2020\/09\/aquaquick-2000-oil-cleaning-waterwave-768x176.jpg?lossy=2&amp;strip=1&amp;webp=1 768w, https:\/\/b3871678.smushcdn.com\/3871678\/wp-content\/uploads\/2020\/09\/aquaquick-2000-oil-cleaning-waterwave-1536x353.jpg?lossy=2&amp;strip=1&amp;webp=1 1536w, https:\/\/b3871678.smushcdn.com\/3871678\/wp-content\/uploads\/2020\/09\/aquaquick-2000-oil-cleaning-waterwave.jpg?size=204x47&amp;lossy=2&amp;strip=1&amp;webp=1 204w, https:\/\/b3871678.smushcdn.com\/3871678\/wp-content\/uploads\/2020\/09\/aquaquick-2000-oil-cleaning-waterwave.jpg?size=408x94&amp;lossy=2&amp;strip=1&amp;webp=1 408w, https:\/\/b3871678.smushcdn.com\/3871678\/wp-content\/uploads\/2020\/09\/aquaquick-2000-oil-cleaning-waterwave.jpg?size=612x141&amp;lossy=2&amp;strip=1&amp;webp=1 612w, https:\/\/b3871678.smushcdn.com\/3871678\/wp-content\/uploads\/2020\/09\/aquaquick-2000-oil-cleaning-waterwave.jpg?size=1020x234&amp;lossy=2&amp;strip=1&amp;webp=1 1020w\" sizes=\"(max-width: 1920px) 100vw, 1920px\">\t\t\t\t\t\t<div class=\"section-bg-overlay absolute fill\"><\/div>\n\t\t\t\n\n\t\t<\/div>\n\n\t\t\n\n\t\t<div class=\"section-content relative\">\n\t\t\t\n\n<div class=\"row row-collapse align-equal\"  id=\"row-1628038662\">\n\n\n\t<div id=\"col-1485437320\" class=\"col small-12 large-12\"  >\n\t\t\t\t<div class=\"col-inner\"  >\n\t\t\t\n\t\t\t\n\n<h2 class=\"uppercase\" style=\"text-align: center;\">AQUAQUICK 2000 NA China, Taiwan &amp; Vietn\u00e3 \u00c9 VENDIDA PELA NCK INTERNATIONAL CORP<\/h2>\n\n\t\t<\/div>\n\t\t\t\t\t<\/div>\n\n\t\n\n<\/div>\n\n\t\t<\/div>\n\n\t\t\n<style>\n#section_748375291 {\n  padding-top: 45px;\n  padding-bottom: 45px;\n}\n#section_748375291 .section-bg-overlay {\n  background-color: rgba(240, 240, 240, 0.64);\n}\n<\/style>\n\t<\/section>\n\t\n\n\t<section class=\"section\" id=\"section_210914647\">\n\t\t<div class=\"section-bg fill\" >\n\t\t\t\t\t\t\t\t\t<div class=\"section-bg-overlay absolute fill\"><\/div>\n\t\t\t\n\n\t\t<\/div>\n\n\t\t\n\n\t\t<div class=\"section-content relative\">\n\t\t\t\n\n<div class=\"row\"  id=\"row-158311641\">\n\n\n\t<div id=\"col-1834065206\" class=\"col medium-6 small-12 large-6\"  >\n\t\t\t\t<div class=\"col-inner\"  >\n\t\t\t\n\t\t\t\n\n<h3 class=\"widget-title\">Distribuidor AQUAQUICK 2000 na China, Taiwan e Vietn\u00e3<\/h3>\n<p class=\"widget-title\">A NCK INTERNATIONAL CORP representa toda uma gama de fabricantes europeus, que fizeram a produ\u00e7\u00e3o de empregos e o meio ambiente.<\/p>\n<p>A NCK INTERNATIONAL CORP oferece uma ampla gama de servi\u00e7os.<\/p>\n<p>A NCK INTERNATIONAL CORP est\u00e1 licenciada para vender os produtos AQUAQUICK na China, Taiwan e Vietn\u00e3.<\/p>\n<p><em><strong>NCK INTERNATIONAL CORP \u00e9 aprovada pela AQUAQUICK GLOBAL B.V.<\/strong><\/em><\/p>\n<h3>Detalhes de contato da NCK INTERNATIONAL CORP<\/h3>\n<a href=\"https:\/\/www.aquaquick2000.com\/pt\/distribuidores\/\" class=\"button primary\" >\n\t\t<span>Todos os Distribuidores da AQUAQUICK 2000<\/span>\n\t<\/a>\n\n\n\n\t\t<\/div>\n\t\t\t\t\t<\/div>\n\n\t\n\n\t<div id=\"col-172996037\" class=\"col medium-6 small-12 large-6\"  >\n\t\t\t\t<div class=\"col-inner\" style=\"background-color:rgb(240, 240, 240);\" >\n\t\t\t\n\t\t\t\n\n<div class=\"accordion\">\n\n\t<div id=\"accordion-2636340556\" class=\"accordion-item\">\n\t\t<a id=\"accordion-2636340556-label\" class=\"accordion-title plain active\" href=\"#accordion-item-aquaquick-2000-in-china,-taiwan-&#038;-vietnam\" aria-expanded=\"true\" aria-controls=\"accordion-2636340556-content\">\n\t\t\t<button class=\"toggle\" aria-label=\"Alternar\"><i class=\"icon-angle-down\" aria-hidden=\"true\"><\/i><\/button>\n\t\t\t<span>AQUAQUICK 2000 Na China, Taiwan e Vietn\u00e3<\/span>\n\t\t<\/a>\n\t\t<div id=\"accordion-2636340556-content\" class=\"accordion-inner\" style=\"display: block;\" aria-labelledby=\"accordion-2636340556-label\">\n\t\t\t\n\n<p>Para adquirir a AQUAQUICK 2000 diretamente em <b>China, Taiwan e Vietn\u00e3<\/b> voc\u00ea pode entrar em contato com nosso distribuidor local <strong>NCK INTERNATIONAL CORP<\/strong>.<\/p>\n<p>A AQUAQUICK 2000 pode ser adquirida em qualquer pa\u00eds do mundo e \u00e9 a solu\u00e7\u00e3o n\u00famero um para a limpeza de derrames de petr\u00f3leo.<\/p>\n\n\t\t<\/div>\n\t<\/div>\n\t\n\t<div id=\"accordion-1489187123\" class=\"accordion-item\">\n\t\t<a id=\"accordion-1489187123-label\" class=\"accordion-title plain\" href=\"#accordion-item-oil-spills-in-china,-taiwan-&#038;-vietnam\" aria-expanded=\"false\" aria-controls=\"accordion-1489187123-content\">\n\t\t\t<button class=\"toggle\" aria-label=\"Alternar\"><i class=\"icon-angle-down\" aria-hidden=\"true\"><\/i><\/button>\n\t\t\t<span>Derrames de petr\u00f3leo na China, Taiwan e Vietn\u00e3<\/span>\n\t\t<\/a>\n\t\t<div id=\"accordion-1489187123-content\" class=\"accordion-inner\" aria-labelledby=\"accordion-1489187123-label\">\n\t\t\t\n\n<p>Para uma solu\u00e7\u00e3o ambiental imediata de derramamento de \u00f3leo, \u00e9 melhor usar o AQUAQUICK 2000. Se voc\u00ea encontrar qualquer derramamento de \u00f3leo em <b>China, Taiwan e Vietn\u00e3 <\/b>voc\u00ea pode contatar a NCK INTERNATIONAL CORP para o fornecimento da AQUAQUICK 2000.<\/p>\n\n\t\t<\/div>\n\t<\/div>\n\t\n\t<div id=\"accordion-705581830\" class=\"accordion-item\">\n\t\t<a id=\"accordion-705581830-label\" class=\"accordion-title plain\" href=\"#accordion-item-about-nck-international-corp\" aria-expanded=\"false\" aria-controls=\"accordion-705581830-content\">\n\t\t\t<button class=\"toggle\" aria-label=\"Alternar\"><i class=\"icon-angle-down\" aria-hidden=\"true\"><\/i><\/button>\n\t\t\t<span>Sobre a NCK INTERNATIONAL CORP<\/span>\n\t\t<\/a>\n\t\t<div id=\"accordion-705581830-content\" class=\"accordion-inner\" aria-labelledby=\"accordion-705581830-label\">\n\t\t\t\n\n<h3>Sobre a NCK INTERNATIONAL CORP<\/h3>\n<p>\u00c0 medida que os consumidores amadurecem sobre conserva\u00e7\u00e3o de energia e prote\u00e7\u00e3o ambiental, \"Hong Quansheng\" adere \u00e0 consistente filosofia corporativa de \"inova\u00e7\u00e3o\", \"economia de energia\" e \"sustentabilidade\", para que todos possam viver em um ambiente verde, seguro e confort\u00e1vel para a tend\u00eancia irrevers\u00edvel de desenvolvimento da prote\u00e7\u00e3o ambiental.<\/p>\n<p>Zheng Fengning, presidente da Hong Quansheng International, apresentou a tinta Adgreencoat, desenvolvida pela NCK Co., Ltd. do Instituto Central de Pesquisa do Jap\u00e3o, que protege o meio ambiente contra o calor. Este produto pode refletir direta e efetivamente o calor radiante da luz solar, raios ultravioleta e raios infravermelhos pr\u00f3ximos.<\/p>\n<p>Reduzir a temperatura no assunto (como edif\u00edcios\/barris\/\u00f4nibus, etc.), reduzir os custos de eletricidade do ar condicionado e melhorar o conforto do ambiente de trabalho. Em 2013, a China Research International Co., Ltd. foi estabelecida como uma joint venture com a NCK para ser respons\u00e1vel pela fabrica\u00e7\u00e3o, comercializa\u00e7\u00e3o e desenvolvimento de canais de produtos na regi\u00e3o da Grande China.<\/p>\n<p>Al\u00e9m disso, desde 2017, a China Research International tem o compromisso de fornecer aos clientes servi\u00e7os e solu\u00e7\u00f5es ecol\u00f3gicas de alta qualidade, no esp\u00edrito de continuar a cultivar produtos que economizam energia de forma ambientalmente correta.<\/p>\n<p>Come\u00e7ou a representar a s\u00e9rie de produtos AQUAQUICK GLOBAL BV 's AQUAQUICK 2000 da Holanda, proporcionando aos clientes uma limpeza ecol\u00f3gica (degrada\u00e7\u00e3o do \u00f3leo) O melhor e mais eficaz plano de aloca\u00e7\u00e3o. Esfor\u00e7amo-nos para estabelecer parcerias estreitas com os clientes, mantemos nossos compromissos com clientes e fornecedores, e buscamos uma opera\u00e7\u00e3o vantajosa para todos e sustent\u00e1vel.<\/p>\n<p>Zhongyan insiste na qualidade do produto, na sele\u00e7\u00e3o das fontes de mat\u00e9ria-prima e em padr\u00f5es rigorosos de processo. Ela acredita firmemente que somente responsabilidade social e compromisso podem ser alcan\u00e7ados para alcan\u00e7ar a vis\u00e3o de opera\u00e7\u00e3o sustent\u00e1vel.<\/p>\n\n\t\t<\/div>\n\t<\/div>\n\t\n\n<\/div>\n\t<div class=\"img has-hover x md-x lg-x y md-y lg-y\" id=\"image_1314126361\">\n\t\t\t\t\t\t\t\t<div class=\"img-inner dark\" >\n\t\t\t<img decoding=\"async\" width=\"500\" height=\"149\" data-src=\"https:\/\/b3871678.smushcdn.com\/3871678\/wp-content\/uploads\/2020\/09\/AQUAQUICK-2000-DISTRIBUTOR-LOGOS_0007_logo03-1-e1523610811893.jpg?lossy=2&strip=1&webp=1\" class=\"attachment-large size-large lazyload\" alt=\"DISTRIBUIDOR AQUAQUICK 2000 NCK INTERNATIONAL CORP\" title=\"\" data-srcset=\"https:\/\/b3871678.smushcdn.com\/3871678\/wp-content\/uploads\/2020\/09\/AQUAQUICK-2000-DISTRIBUTOR-LOGOS_0007_logo03-1-e1523610811893.jpg?lossy=2&amp;strip=1&amp;webp=1 500w, https:\/\/b3871678.smushcdn.com\/3871678\/wp-content\/uploads\/2020\/09\/AQUAQUICK-2000-DISTRIBUTOR-LOGOS_0007_logo03-1-e1523610811893.jpg?size=204x61&amp;lossy=2&amp;strip=1&amp;webp=1 204w, https:\/\/b3871678.smushcdn.com\/3871678\/wp-content\/uploads\/2020\/09\/AQUAQUICK-2000-DISTRIBUTOR-LOGOS_0007_logo03-1-e1523610811893.jpg?size=408x122&amp;lossy=2&amp;strip=1&amp;webp=1 408w\" data-sizes=\"auto\" src=\"data:image\/svg+xml;base64,PHN2ZyB3aWR0aD0iMSIgaGVpZ2h0PSIxIiB4bWxucz0iaHR0cDovL3d3dy53My5vcmcvMjAwMC9zdmciPjwvc3ZnPg==\" style=\"--smush-placeholder-width: 500px; --smush-placeholder-aspect-ratio: 500\/149;\" data-original-sizes=\"(max-width: 500px) 100vw, 500px\">\t\t\t\t\t\t\n\t\t\t\t\t<\/div>\n\t\t\t\t\t\t\t\t\n<style>\n#image_1314126361 {\n  width: 100%;\n}\n<\/style>\n\t<\/div>\n\t\n\n\n\t\t<\/div>\n\t\t\t\t\t<\/div>\n\n\t\n\n<\/div>\n\n\t\t<\/div>\n\n\t\t\n<style>\n#section_210914647 {\n  padding-top: 30px;\n  padding-bottom: 30px;\n  background-color: rgb(255, 255, 255);\n}\n#section_210914647 .section-bg-overlay {\n  background-color: rgba(240, 240, 240, 0);\n}\n<\/style>\n\t<\/section>","protected":false},"excerpt":{"rendered":"","protected":false},"author":1,"featured_media":5585,"parent":2564,"menu_order":0,"comment_status":"closed","ping_status":"closed","template":"page-blank.php","meta":{"cybocfi_hide_featured_image":"","footnotes":"","_links_to":"","_links_to_target":""},"class_list":["post-3561","page","type-page","status-publish","has-post-thumbnail","hentry"],"_links":{"self":[{"href":"https:\/\/www.aquaquick2000.com\/pt\/wp-json\/wp\/v2\/pages\/3561","targetHints":{"allow":["GET"]}}],"collection":[{"href":"https:\/\/www.aquaquick2000.com\/pt\/wp-json\/wp\/v2\/pages"}],"about":[{"href":"https:\/\/www.aquaquick2000.com\/pt\/wp-json\/wp\/v2\/types\/page"}],"author":[{"embeddable":true,"href":"https:\/\/www.aquaquick2000.com\/pt\/wp-json\/wp\/v2\/users\/1"}],"replies":[{"embeddable":true,"href":"https:\/\/www.aquaquick2000.com\/pt\/wp-json\/wp\/v2\/comments?post=3561"}],"version-history":[{"count":0,"href":"https:\/\/www.aquaquick2000.com\/pt\/wp-json\/wp\/v2\/pages\/3561\/revisions"}],"up":[{"embeddable":true,"href":"https:\/\/www.aquaquick2000.com\/pt\/wp-json\/wp\/v2\/pages\/2564"}],"wp:featuredmedia":[{"embeddable":true,"href":"https:\/\/www.aquaquick2000.com\/pt\/wp-json\/wp\/v2\/media\/5585"}],"wp:attachment":[{"href":"https:\/\/www.aquaquick2000.com\/pt\/wp-json\/wp\/v2\/media?parent=3561"}],"curies":[{"name":"wp","href":"https:\/\/api.w.org\/{rel}","templated":true}]}}