{"id":4301,"date":"2019-07-18T11:17:49","date_gmt":"2019-07-18T11:17:49","guid":{"rendered":"https:\/\/www.aquaquick2000.com\/?page_id=4301"},"modified":"2023-01-27T10:33:00","modified_gmt":"2023-01-27T10:33:00","slug":"topserw","status":"publish","type":"page","link":"https:\/\/www.aquaquick2000.com\/pt\/distributors\/topserw\/","title":{"rendered":"TOPSERW"},"content":{"rendered":"<section class=\"section\" id=\"section_1585577928\">\n\t\t<div class=\"section-bg fill\" >\n\t\t\t<img decoding=\"async\" width=\"1920\" height=\"441\" src=\"https:\/\/b3871678.smushcdn.com\/3871678\/wp-content\/uploads\/2020\/09\/aquaquick-2000-oil-cleaning-waterwave.jpg?lossy=2&strip=1&webp=1\" class=\"bg attachment- size-\" alt=\"\" title=\"\" srcset=\"https:\/\/b3871678.smushcdn.com\/3871678\/wp-content\/uploads\/2020\/09\/aquaquick-2000-oil-cleaning-waterwave.jpg?lossy=2&amp;strip=1&amp;webp=1 1920w, https:\/\/b3871678.smushcdn.com\/3871678\/wp-content\/uploads\/2020\/09\/aquaquick-2000-oil-cleaning-waterwave-510x117.jpg?lossy=2&amp;strip=1&amp;webp=1 510w, https:\/\/b3871678.smushcdn.com\/3871678\/wp-content\/uploads\/2020\/09\/aquaquick-2000-oil-cleaning-waterwave-500x115.jpg?lossy=2&amp;strip=1&amp;webp=1 500w, https:\/\/b3871678.smushcdn.com\/3871678\/wp-content\/uploads\/2020\/09\/aquaquick-2000-oil-cleaning-waterwave-1280x294.jpg?lossy=2&amp;strip=1&amp;webp=1 1280w, https:\/\/b3871678.smushcdn.com\/3871678\/wp-content\/uploads\/2020\/09\/aquaquick-2000-oil-cleaning-waterwave-768x176.jpg?lossy=2&amp;strip=1&amp;webp=1 768w, https:\/\/b3871678.smushcdn.com\/3871678\/wp-content\/uploads\/2020\/09\/aquaquick-2000-oil-cleaning-waterwave-1536x353.jpg?lossy=2&amp;strip=1&amp;webp=1 1536w, https:\/\/b3871678.smushcdn.com\/3871678\/wp-content\/uploads\/2020\/09\/aquaquick-2000-oil-cleaning-waterwave.jpg?size=204x47&amp;lossy=2&amp;strip=1&amp;webp=1 204w, https:\/\/b3871678.smushcdn.com\/3871678\/wp-content\/uploads\/2020\/09\/aquaquick-2000-oil-cleaning-waterwave.jpg?size=408x94&amp;lossy=2&amp;strip=1&amp;webp=1 408w, https:\/\/b3871678.smushcdn.com\/3871678\/wp-content\/uploads\/2020\/09\/aquaquick-2000-oil-cleaning-waterwave.jpg?size=612x141&amp;lossy=2&amp;strip=1&amp;webp=1 612w, https:\/\/b3871678.smushcdn.com\/3871678\/wp-content\/uploads\/2020\/09\/aquaquick-2000-oil-cleaning-waterwave.jpg?size=1020x234&amp;lossy=2&amp;strip=1&amp;webp=1 1020w\" sizes=\"(max-width: 1920px) 100vw, 1920px\">\t\t\t\t\t\t<div class=\"section-bg-overlay absolute fill\"><\/div>\n\t\t\t\n\n\t\t<\/div>\n\n\t\t\n\n\t\t<div class=\"section-content relative\">\n\t\t\t\n<div class=\"row row-collapse align-equal\"  id=\"row-1903382515\">\n\n\t<div id=\"col-1868272944\" class=\"col small-12 large-12\"  >\n\t\t\t\t<div class=\"col-inner\"  >\n\t\t\t\n\t\t\t\n<h2 class=\"uppercase\" style=\"text-align: center;\">AQUAQUICK 2000 NA POL\u00d3NIA EST\u00c1 VENDIDA PELO topserw<\/h2>\n\t\t<\/div>\n\t\t\t\t\t<\/div>\n\n\t\n<\/div>\n\t\t<\/div>\n\n\t\t\n<style>\n#section_1585577928 {\n  padding-top: 45px;\n  padding-bottom: 45px;\n}\n#section_1585577928 .section-bg-overlay {\n  background-color: rgba(240, 240, 240, 0.64);\n}\n<\/style>\n\t<\/section>\n\t\n\n\t<section class=\"section\" id=\"section_1874435799\">\n\t\t<div class=\"section-bg fill\" >\n\t\t\t\t\t\t\t\t\t<div class=\"section-bg-overlay absolute fill\"><\/div>\n\t\t\t\n\n\t\t<\/div>\n\n\t\t\n\n\t\t<div class=\"section-content relative\">\n\t\t\t\n<div class=\"row\"  id=\"row-721654017\">\n\n\t<div id=\"col-822252593\" class=\"col medium-6 small-12 large-6\"  >\n\t\t\t\t<div class=\"col-inner\"  >\n\t\t\t\n\t\t\t\n<h3 class=\"widget-title\">AQUAQUICK 2000 Distribuidor em <b>Pol\u00f4nia<\/b><\/h3>\n<p>Topserw \u00e9 um representante oficial dos produtos AQUAQUICK. <br \/>A Topserw est\u00e1 licenciada para vender os produtos AQUAQUICK na Pol\u00f4nia. <br \/><strong>Topserw \u00e9 aprovado pela AQUAQUICK GLOBAL B.V.<\/strong><\/p>\n<h3>Detalhes de contato de <em>Topserw<\/em><\/h3>\n<ul>\n<li class=\"bullet-arrow\">Email: info@topserw.com.pl<\/li>\n<li class=\"bullet-arrow\">N\u00famero de telefone: +48 22 771 04 56<\/li>\n<li class=\"bullet-arrow\">Linha direta:<a href=\"callto:     801 000 501\"> 801 000 501<\/a> <span style=\"font-size:70%;\">Somente local<\/span<<\/li>\n<\/ul>\n<h3>Topserw \u00e9 um distribuidor n\u00e3o-exclusivo na Pol\u00f4nia<\/h3>\n<a href=\"https:\/\/www.aquaquick2000.com\/pt\/distribuidores\/\" class=\"button primary\" >\n\t\t<span>Todos os Distribuidores da AQUAQUICK 2000<\/span>\n\t<\/a>\n\n\t\t<\/div>\n\t\t\t\t\t<\/div>\n\n\t\n\n\t<div id=\"col-1537968650\" class=\"col medium-6 small-12 large-6\"  >\n\t\t\t\t<div class=\"col-inner\" style=\"background-color:rgb(240, 240, 240);\" >\n\t\t\t\n\t\t\t\n<div class=\"accordion\">\n\t<div id=\"accordion-1390351126\" class=\"accordion-item\">\n\t\t<a id=\"accordion-1390351126-label\" class=\"accordion-title plain active\" href=\"#accordion-item-aquaquick-2000-in-the-poland\" aria-expanded=\"true\" aria-controls=\"accordion-1390351126-content\">\n\t\t\t<button class=\"toggle\" aria-label=\"Alternar\"><i class=\"icon-angle-down\" aria-hidden=\"true\"><\/i><\/button>\n\t\t\t<span>AQUAQUICK 2000 Na Pol\u00f4nia<\/span>\n\t\t<\/a>\n\t\t<div id=\"accordion-1390351126-content\" class=\"accordion-inner\" style=\"display: block;\" aria-labelledby=\"accordion-1390351126-label\">\n\t\t\t\n<p>Para adquirir a AQUAQUICK 2000 diretamente em <strong>Pol\u00f4nia\u00a0<\/strong>voc\u00ea pode entrar em contato com nosso distribuidor local <strong>Topserw.<\/strong><\/p>\n<p>A AQUAQUICK 2000 pode ser adquirida em qualquer pa\u00eds do mundo e \u00e9 a solu\u00e7\u00e3o n\u00famero um para a limpeza de derrames de petr\u00f3leo.<\/p>\n\t\t<\/div>\n\t<\/div>\n\t\n\t<div id=\"accordion-2010428788\" class=\"accordion-item\">\n\t\t<a id=\"accordion-2010428788-label\" class=\"accordion-title plain\" href=\"#accordion-item-oil-spills-in-poland\" aria-expanded=\"false\" aria-controls=\"accordion-2010428788-content\">\n\t\t\t<button class=\"toggle\" aria-label=\"Alternar\"><i class=\"icon-angle-down\" aria-hidden=\"true\"><\/i><\/button>\n\t\t\t<span>Derrames de petr\u00f3leo na Pol\u00f4nia<\/span>\n\t\t<\/a>\n\t\t<div id=\"accordion-2010428788-content\" class=\"accordion-inner\" aria-labelledby=\"accordion-2010428788-label\">\n\t\t\t\n<p>Para uma solu\u00e7\u00e3o ambiental imediata de derramamento de \u00f3leo, \u00e9 melhor usar o AQUAQUICK 2000. Se voc\u00ea encontrar qualquer derramamento de \u00f3leo em <b>Pol\u00f4nia<\/b>&nbsp;voc\u00ea pode contatar <strong>Topserw<\/strong> para o fornecimento de AQUAQUICK 2000.<\/p>\n\t\t<\/div>\n\t<\/div>\n\t\n\t<div id=\"accordion-3845413620\" class=\"accordion-item\">\n\t\t<a id=\"accordion-3845413620-label\" class=\"accordion-title plain\" href=\"#accordion-item-about-topserw\" aria-expanded=\"false\" aria-controls=\"accordion-3845413620-content\">\n\t\t\t<button class=\"toggle\" aria-label=\"Alternar\"><i class=\"icon-angle-down\" aria-hidden=\"true\"><\/i><\/button>\n\t\t\t<span>Sobre Topserw<\/span>\n\t\t<\/a>\n\t\t<div id=\"accordion-3845413620-content\" class=\"accordion-inner\" aria-labelledby=\"accordion-3845413620-label\">\n\t\t\t\n<h3>Sobre Topserw<\/h3>\n<p>A Topserw existe desde 1997 e \u00e9 especializada em fornecer solu\u00e7\u00f5es para a seguran\u00e7a ocupacional, bem como para a prote\u00e7\u00e3o da sa\u00fade e do meio ambiente. Atuamos em todo o pa\u00eds e oferecemos as melhores solu\u00e7\u00f5es globais no mercado polon\u00eas. <br \/><br \/>Somos uma das empresas que mais cresce no setor. Fornecemos uma gama completa de produtos para o manuseio e armazenamento de materiais perigosos, bem como o equipamento necess\u00e1rio relacionado ao trabalho seguro em ambientes perigosos.<\/p>\n\t\t<\/div>\n\t<\/div>\n\t\n<\/div>\n\t<div class=\"img has-hover x md-x lg-x y md-y lg-y\" id=\"image_1721519282\">\n\t\t\t\t\t\t\t\t<div class=\"img-inner dark\" >\n\t\t\t<img decoding=\"async\" width=\"500\" height=\"149\" data-src=\"https:\/\/b3871678.smushcdn.com\/3871678\/wp-content\/uploads\/2020\/09\/AQUAQUICK-2000-DISTRIBUTOR-LOGOS_0008_topserw-aquaquick2000-poland.jpg?lossy=2&strip=1&webp=1\" class=\"attachment-large size-large lazyload\" alt=\"\" title=\"\" data-srcset=\"https:\/\/b3871678.smushcdn.com\/3871678\/wp-content\/uploads\/2020\/09\/AQUAQUICK-2000-DISTRIBUTOR-LOGOS_0008_topserw-aquaquick2000-poland.jpg?lossy=2&amp;strip=1&amp;webp=1 500w, https:\/\/b3871678.smushcdn.com\/3871678\/wp-content\/uploads\/2020\/09\/AQUAQUICK-2000-DISTRIBUTOR-LOGOS_0008_topserw-aquaquick2000-poland.jpg?size=204x61&amp;lossy=2&amp;strip=1&amp;webp=1 204w, https:\/\/b3871678.smushcdn.com\/3871678\/wp-content\/uploads\/2020\/09\/AQUAQUICK-2000-DISTRIBUTOR-LOGOS_0008_topserw-aquaquick2000-poland.jpg?size=408x122&amp;lossy=2&amp;strip=1&amp;webp=1 408w\" data-sizes=\"auto\" src=\"data:image\/svg+xml;base64,PHN2ZyB3aWR0aD0iMSIgaGVpZ2h0PSIxIiB4bWxucz0iaHR0cDovL3d3dy53My5vcmcvMjAwMC9zdmciPjwvc3ZnPg==\" style=\"--smush-placeholder-width: 500px; --smush-placeholder-aspect-ratio: 500\/149;\" data-original-sizes=\"(max-width: 500px) 100vw, 500px\">\t\t\t\t\t\t\n\t\t\t\t\t<\/div>\n\t\t\t\t\t\t\t\t\n<style>\n#image_1721519282 {\n  width: 100%;\n}\n<\/style>\n\t<\/div>\n\t\n\t\t<\/div>\n\t\t\t\t\t<\/div>\n\n\t\n<\/div>\n\t\t<\/div>\n\n\t\t\n<style>\n#section_1874435799 {\n  padding-top: 30px;\n  padding-bottom: 30px;\n  background-color: rgb(255, 255, 255);\n}\n#section_1874435799 .section-bg-overlay {\n  background-color: rgba(240, 240, 240, 0);\n}\n<\/style>\n\t<\/section>","protected":false},"excerpt":{"rendered":"","protected":false},"author":1,"featured_media":5594,"parent":2564,"menu_order":0,"comment_status":"closed","ping_status":"closed","template":"page-blank.php","meta":{"cybocfi_hide_featured_image":"","footnotes":"","_links_to":"","_links_to_target":""},"class_list":["post-4301","page","type-page","status-publish","has-post-thumbnail","hentry"],"_links":{"self":[{"href":"https:\/\/www.aquaquick2000.com\/pt\/wp-json\/wp\/v2\/pages\/4301","targetHints":{"allow":["GET"]}}],"collection":[{"href":"https:\/\/www.aquaquick2000.com\/pt\/wp-json\/wp\/v2\/pages"}],"about":[{"href":"https:\/\/www.aquaquick2000.com\/pt\/wp-json\/wp\/v2\/types\/page"}],"author":[{"embeddable":true,"href":"https:\/\/www.aquaquick2000.com\/pt\/wp-json\/wp\/v2\/users\/1"}],"replies":[{"embeddable":true,"href":"https:\/\/www.aquaquick2000.com\/pt\/wp-json\/wp\/v2\/comments?post=4301"}],"version-history":[{"count":0,"href":"https:\/\/www.aquaquick2000.com\/pt\/wp-json\/wp\/v2\/pages\/4301\/revisions"}],"up":[{"embeddable":true,"href":"https:\/\/www.aquaquick2000.com\/pt\/wp-json\/wp\/v2\/pages\/2564"}],"wp:featuredmedia":[{"embeddable":true,"href":"https:\/\/www.aquaquick2000.com\/pt\/wp-json\/wp\/v2\/media\/5594"}],"wp:attachment":[{"href":"https:\/\/www.aquaquick2000.com\/pt\/wp-json\/wp\/v2\/media?parent=4301"}],"curies":[{"name":"wp","href":"https:\/\/api.w.org\/{rel}","templated":true}]}}