{"id":4356,"date":"2020-09-05T22:03:06","date_gmt":"2020-09-05T22:03:06","guid":{"rendered":"https:\/\/www.aquaquick2000.com\/?page_id=4356"},"modified":"2025-10-10T20:59:28","modified_gmt":"2025-10-10T20:59:28","slug":"em-breve-em","status":"publish","type":"page","link":"https:\/\/www.aquaquick2000.com\/pt\/coming-soon\/","title":{"rendered":"COMING SOON"},"content":{"rendered":"<div class=\"banner has-hover is-full-height\" id=\"banner-1252102294\">\n          <div class=\"banner-inner fill\">\n        <div class=\"banner-bg fill\" >\n            <img decoding=\"async\" width=\"1020\" height=\"680\" src=\"https:\/\/b3871678.smushcdn.com\/3871678\/wp-content\/uploads\/2019\/02\/0521oilspill1-1024x683.jpg?lossy=2&strip=1&webp=1\" class=\"bg attachment-large size-large\" alt=\"\" title=\"\" srcset=\"https:\/\/b3871678.smushcdn.com\/3871678\/wp-content\/uploads\/2019\/02\/0521oilspill1-1024x683.jpg?lossy=2&amp;strip=1&amp;webp=1 1024w, https:\/\/b3871678.smushcdn.com\/3871678\/wp-content\/uploads\/2019\/02\/0521oilspill1-scaled-510x340.jpg?lossy=2&amp;strip=1&amp;webp=1 510w, https:\/\/b3871678.smushcdn.com\/3871678\/wp-content\/uploads\/2019\/02\/0521oilspill1-300x200.jpg?lossy=2&amp;strip=1&amp;webp=1 300w, https:\/\/b3871678.smushcdn.com\/3871678\/wp-content\/uploads\/2019\/02\/0521oilspill1-768x512.jpg?lossy=2&amp;strip=1&amp;webp=1 768w, https:\/\/b3871678.smushcdn.com\/3871678\/wp-content\/uploads\/2019\/02\/0521oilspill1-280x187.jpg?lossy=2&amp;strip=1&amp;webp=1 280w, https:\/\/b3871678.smushcdn.com\/3871678\/wp-content\/uploads\/2019\/02\/0521oilspill1-1170x780.jpg?lossy=2&amp;strip=1&amp;webp=1 1170w, https:\/\/b3871678.smushcdn.com\/3871678\/wp-content\/uploads\/2019\/02\/0521oilspill1-scaled.jpg?size=204x136&amp;lossy=2&amp;strip=1&amp;webp=1 204w, https:\/\/b3871678.smushcdn.com\/3871678\/wp-content\/uploads\/2019\/02\/0521oilspill1-scaled.jpg?size=408x272&amp;lossy=2&amp;strip=1&amp;webp=1 408w, https:\/\/b3871678.smushcdn.com\/3871678\/wp-content\/uploads\/2019\/02\/0521oilspill1-scaled.jpg?size=612x408&amp;lossy=2&amp;strip=1&amp;webp=1 612w\" sizes=\"(max-width: 1020px) 100vw, 1020px\">                        <div class=\"overlay\"><\/div>            \n                    <\/div>\n\t\t\n        <div class=\"banner-layers container\">\n            <div class=\"fill banner-link\"><\/div>            \n\n   <div id=\"text-box-652297041\" class=\"text-box banner-layer x50 md-x50 lg-x50 y50 md-y70 lg-y70 res-text\">\n                                <div class=\"text-box-content text dark\">\n              \n              <div class=\"text-inner text-center\">\n                  \n\n\t<div id=\"gap-1503480045\" class=\"gap-element clearfix\" style=\"display:block; height:auto;\">\n\t\t\n<style>\n#gap-1503480045 {\n  padding-top: 20px;\n}\n<\/style>\n\t<\/div>\n\t\n\n\t<div id=\"gap-675858585\" class=\"gap-element clearfix\" style=\"display:block; height:auto;\">\n\t\t\n<style>\n#gap-675858585 {\n  padding-top: 10px;\n}\n<\/style>\n\t<\/div>\n\t\n\n\t<div id=\"gap-1085215215\" class=\"gap-element clearfix\" style=\"display:block; height:auto;\">\n\t\t\n<style>\n#gap-1085215215 {\n  padding-top: 8px;\n}\n<\/style>\n\t<\/div>\n\t\n\n\n              <\/div>\n           <\/div>\n                            \n<style>\n#text-box-652297041 {\n  width: 75%;\n}\n#text-box-652297041 .text-box-content {\n  font-size: 100%;\n}\n<\/style>\n    <\/div>\n \n   <div id=\"text-box-626335945\" class=\"text-box banner-layer x50 md-x50 lg-x50 y20 md-y20 lg-y20 res-text\">\n                                <div class=\"text-box-content text dark\">\n              \n              <div class=\"text-inner text-center\">\n                  \n\n\t<div id=\"gap-1448289035\" class=\"gap-element clearfix\" style=\"display:block; height:auto;\">\n\t\t\n<style>\n#gap-1448289035 {\n  padding-top: 15px;\n}\n<\/style>\n\t<\/div>\n\t\n\n<h2 class=\"uppercase\"><span style=\"font-size: 130%;\" data-line-height=\"m\"><strong>site aquaquick\u00a0<\/strong><\/span><\/h2>\n<h3><span style=\"font-size: 100%;\" data-line-height=\"m\"><strong>ATUALMENTE EM DIA<\/strong><\/span><\/h3>\n\n              <\/div>\n           <\/div>\n                            \n<style>\n#text-box-626335945 {\n  width: 75%;\n}\n#text-box-626335945 .text-box-content {\n  font-size: 100%;\n}\n@media (min-width:550px) {\n  #text-box-626335945 {\n    width: 60%;\n  }\n}\n<\/style>\n    <\/div>\n \n   <div id=\"text-box-768009549\" class=\"text-box banner-layer x50 md-x50 lg-x50 y70 md-y90 lg-y90 res-text\">\n                                <div class=\"text-box-content text dark\">\n              \n              <div class=\"text-inner text-center\">\n                  \n\n<p>PARA PERGUNTAS OU PERGUNTAS POR E-MAIL BUSINESS@AQUAQUICK2000.COM<\/p>\n<p>AQUAQUICK 2000 \u00c9 UMA SOLU\u00c7\u00c3O DE LIMPEZA TOTAL QUE \u00c9 100% AMBIENTALMENTE AMIG\u00c1VEL.<br \/>\nA AQUAQUICK 2000 \u00e9 conhecida mundialmente por sua solu\u00e7\u00e3o de limpeza multiuso como a: Desengordurante, Desengordurante, Surfactante, Extintor a base de combust\u00edvel.<\/p>\n\t<div id=\"gap-1339709068\" class=\"gap-element clearfix\" style=\"display:block; height:auto;\">\n\t\t\n<style>\n#gap-1339709068 {\n  padding-top: 12px;\n}\n<\/style>\n\t<\/div>\n\t\n\n\n              <\/div>\n           <\/div>\n                            \n<style>\n#text-box-768009549 {\n  width: 60%;\n}\n#text-box-768009549 .text-box-content {\n  font-size: 100%;\n}\n<\/style>\n    <\/div>\n \n\n        <\/div>\n      <\/div>\n\n            \n<style>\n#banner-1252102294 {\n  padding-top: 100%;\n}\n#banner-1252102294 .overlay {\n  background-color: rgba(12, 32, 62, 0.83);\n}\n#banner-1252102294 .banner-bg img {\n  object-position: 58% 39%;\n}\n<\/style>\n  <\/div>","protected":false},"excerpt":{"rendered":"","protected":false},"author":1,"featured_media":0,"parent":0,"menu_order":0,"comment_status":"closed","ping_status":"closed","template":"page-blank-landingpage.php","meta":{"cybocfi_hide_featured_image":"","footnotes":"","_links_to":"","_links_to_target":""},"class_list":["post-4356","page","type-page","status-publish","hentry"],"_links":{"self":[{"href":"https:\/\/www.aquaquick2000.com\/pt\/wp-json\/wp\/v2\/pages\/4356","targetHints":{"allow":["GET"]}}],"collection":[{"href":"https:\/\/www.aquaquick2000.com\/pt\/wp-json\/wp\/v2\/pages"}],"about":[{"href":"https:\/\/www.aquaquick2000.com\/pt\/wp-json\/wp\/v2\/types\/page"}],"author":[{"embeddable":true,"href":"https:\/\/www.aquaquick2000.com\/pt\/wp-json\/wp\/v2\/users\/1"}],"replies":[{"embeddable":true,"href":"https:\/\/www.aquaquick2000.com\/pt\/wp-json\/wp\/v2\/comments?post=4356"}],"version-history":[{"count":0,"href":"https:\/\/www.aquaquick2000.com\/pt\/wp-json\/wp\/v2\/pages\/4356\/revisions"}],"wp:attachment":[{"href":"https:\/\/www.aquaquick2000.com\/pt\/wp-json\/wp\/v2\/media?parent=4356"}],"curies":[{"name":"wp","href":"https:\/\/api.w.org\/{rel}","templated":true}]}}