{"id":5689,"date":"2020-10-29T16:32:47","date_gmt":"2020-10-29T16:32:47","guid":{"rendered":"https:\/\/www.aquaquick2000.com\/?page_id=5689"},"modified":"2023-01-27T10:28:49","modified_gmt":"2023-01-27T10:28:49","slug":"al-entilaka","status":"publish","type":"page","link":"https:\/\/www.aquaquick2000.com\/pt\/distributors\/al-entilaka\/","title":{"rendered":"Al-entilaka"},"content":{"rendered":"<section class=\"section\" id=\"section_1796821875\">\n\t\t<div class=\"section-bg fill\" >\n\t\t\t<img decoding=\"async\" width=\"1920\" height=\"441\" src=\"https:\/\/b3871678.smushcdn.com\/3871678\/wp-content\/uploads\/2020\/09\/aquaquick-2000-oil-cleaning-waterwave.jpg?lossy=2&strip=1&webp=1\" class=\"bg attachment- size-\" alt=\"\" title=\"\" srcset=\"https:\/\/b3871678.smushcdn.com\/3871678\/wp-content\/uploads\/2020\/09\/aquaquick-2000-oil-cleaning-waterwave.jpg?lossy=2&amp;strip=1&amp;webp=1 1920w, https:\/\/b3871678.smushcdn.com\/3871678\/wp-content\/uploads\/2020\/09\/aquaquick-2000-oil-cleaning-waterwave-510x117.jpg?lossy=2&amp;strip=1&amp;webp=1 510w, https:\/\/b3871678.smushcdn.com\/3871678\/wp-content\/uploads\/2020\/09\/aquaquick-2000-oil-cleaning-waterwave-500x115.jpg?lossy=2&amp;strip=1&amp;webp=1 500w, https:\/\/b3871678.smushcdn.com\/3871678\/wp-content\/uploads\/2020\/09\/aquaquick-2000-oil-cleaning-waterwave-1280x294.jpg?lossy=2&amp;strip=1&amp;webp=1 1280w, https:\/\/b3871678.smushcdn.com\/3871678\/wp-content\/uploads\/2020\/09\/aquaquick-2000-oil-cleaning-waterwave-768x176.jpg?lossy=2&amp;strip=1&amp;webp=1 768w, https:\/\/b3871678.smushcdn.com\/3871678\/wp-content\/uploads\/2020\/09\/aquaquick-2000-oil-cleaning-waterwave-1536x353.jpg?lossy=2&amp;strip=1&amp;webp=1 1536w, https:\/\/b3871678.smushcdn.com\/3871678\/wp-content\/uploads\/2020\/09\/aquaquick-2000-oil-cleaning-waterwave.jpg?size=204x47&amp;lossy=2&amp;strip=1&amp;webp=1 204w, https:\/\/b3871678.smushcdn.com\/3871678\/wp-content\/uploads\/2020\/09\/aquaquick-2000-oil-cleaning-waterwave.jpg?size=408x94&amp;lossy=2&amp;strip=1&amp;webp=1 408w, https:\/\/b3871678.smushcdn.com\/3871678\/wp-content\/uploads\/2020\/09\/aquaquick-2000-oil-cleaning-waterwave.jpg?size=612x141&amp;lossy=2&amp;strip=1&amp;webp=1 612w, https:\/\/b3871678.smushcdn.com\/3871678\/wp-content\/uploads\/2020\/09\/aquaquick-2000-oil-cleaning-waterwave.jpg?size=1020x234&amp;lossy=2&amp;strip=1&amp;webp=1 1020w\" sizes=\"(max-width: 1920px) 100vw, 1920px\">\t\t\t\t\t\t<div class=\"section-bg-overlay absolute fill\"><\/div>\n\t\t\t\n\n\t\t<\/div>\n\n\t\t\n\n\t\t<div class=\"section-content relative\">\n\t\t\t\n<div class=\"row row-collapse align-equal\"  id=\"row-935203033\">\n\n\t<div id=\"col-1883821476\" class=\"col small-12 large-12\"  >\n\t\t\t\t<div class=\"col-inner\"  >\n\t\t\t\n\t\t\t\n<\/p>\n<h2 class=\"uppercase\" style=\"text-align: center;\">AQUAQUICK 2000 EM LIBYA EST\u00c1 VENDIDA POR al-entilaka<\/h2>\n\t\t<\/div>\n\t\t\t\t\t<\/div>\n\n\t\n<\/div>\n\t\t<\/div>\n\n\t\t\n<style>\n#section_1796821875 {\n  padding-top: 45px;\n  padding-bottom: 45px;\n}\n#section_1796821875 .section-bg-overlay {\n  background-color: rgba(240, 240, 240, 0.64);\n}\n<\/style>\n\t<\/section>\n\t\n\n\t<section class=\"section\" id=\"section_998698106\">\n\t\t<div class=\"section-bg fill\" >\n\t\t\t\t\t\t\t\t\t<div class=\"section-bg-overlay absolute fill\"><\/div>\n\t\t\t\n\n\t\t<\/div>\n\n\t\t\n\n\t\t<div class=\"section-content relative\">\n\t\t\t\n<div class=\"row\"  id=\"row-1914843910\">\n\n\t<div id=\"col-478299584\" class=\"col medium-6 small-12 large-6\"  >\n\t\t\t\t<div class=\"col-inner\"  >\n\t\t\t\n\t\t\t\n<h3 class=\"widget-title\">Distribuidor AQUAQUICK 2000 na L\u00edbia<\/h3>\n<p>Al-Entilaka \u00e9 um representante oficial dos produtos AQUAQUICK. <br \/>Al-Entilaka est\u00e1 licenciada para vender os produtos AQUAQUICK em <b>L\u00edbia<\/b>.<br \/><em><strong>Al-Entilaka \u00e9 aprovada pela AQUAQUICK GLOBAL B.V.<\/strong><\/em><\/p>\n<h3>Detalhes de contato da Al-Entilaka<\/h3>\n<ul>\n<li class=\"bullet-arrow\"><span style=\"font-size: 90%;\">Endere\u00e7o de e-mail: Altabib@yahoo.com<\/span><\/li>\n<li class=\"bullet-arrow\">Telefone: +21(8)912134472<\/li>\n<\/ul>\n<a href=\"https:\/\/www.aquaquick2000.com\/pt\/distribuidores\/\" class=\"button primary\" >\n\t\t<span>Todos os Distribuidores da AQUAQUICK 2000<\/span>\n\t<\/a>\n\n\t\t<\/div>\n\t\t\t\t\t<\/div>\n\n\t\n\n\t<div id=\"col-260720338\" class=\"col medium-6 small-12 large-6\"  >\n\t\t\t\t<div class=\"col-inner\" style=\"background-color:rgb(240, 240, 240);\" >\n\t\t\t\n\t\t\t\n<div class=\"accordion\">\n\t<div id=\"accordion-3676635354\" class=\"accordion-item\">\n\t\t<a id=\"accordion-3676635354-label\" class=\"accordion-title plain active\" href=\"#accordion-item-aquaquick-2000-in-libya\" aria-expanded=\"true\" aria-controls=\"accordion-3676635354-content\">\n\t\t\t<button class=\"toggle\" aria-label=\"Alternar\"><i class=\"icon-angle-down\" aria-hidden=\"true\"><\/i><\/button>\n\t\t\t<span>AQUAQUICK 2000 Na L\u00edbia<\/span>\n\t\t<\/a>\n\t\t<div id=\"accordion-3676635354-content\" class=\"accordion-inner\" style=\"display: block;\" aria-labelledby=\"accordion-3676635354-label\">\n\t\t\t\n<p>Para comprar AQUAQUICK 2000 diretamente na L\u00edbia, voc\u00ea pode entrar em contato com nosso distribuidor local.<\/p>\n<p>A AQUAQUICK 2000 pode ser adquirida em qualquer pa\u00eds do mundo e \u00e9 a solu\u00e7\u00e3o n\u00famero um para a limpeza de derrames de petr\u00f3leo.<\/p>\n\t\t<\/div>\n\t<\/div>\n\t\n\t<div id=\"accordion-1765265950\" class=\"accordion-item\">\n\t\t<a id=\"accordion-1765265950-label\" class=\"accordion-title plain\" href=\"#accordion-item-oil-spills-in-libya\" aria-expanded=\"false\" aria-controls=\"accordion-1765265950-content\">\n\t\t\t<button class=\"toggle\" aria-label=\"Alternar\"><i class=\"icon-angle-down\" aria-hidden=\"true\"><\/i><\/button>\n\t\t\t<span>Derrames de petr\u00f3leo na L\u00edbia<\/span>\n\t\t<\/a>\n\t\t<div id=\"accordion-1765265950-content\" class=\"accordion-inner\" aria-labelledby=\"accordion-1765265950-label\">\n\t\t\t\n<p>Para uma solu\u00e7\u00e3o ambiental imediata de derramamento de \u00f3leo, \u00e9 melhor usar o AQUAQUICK 2000. Se voc\u00ea encontrar qualquer derramamento de \u00f3leo na L\u00edbia, poder\u00e1 contatar a Al-Entilaka para o fornecimento de AQUAQUICK 2000.<\/p>\n\t\t<\/div>\n\t<\/div>\n\t\n\t<div id=\"accordion-3268302802\" class=\"accordion-item\">\n\t\t<a id=\"accordion-3268302802-label\" class=\"accordion-title plain\" href=\"#accordion-item-about-al-entilaka\" aria-expanded=\"false\" aria-controls=\"accordion-3268302802-content\">\n\t\t\t<button class=\"toggle\" aria-label=\"Alternar\"><i class=\"icon-angle-down\" aria-hidden=\"true\"><\/i><\/button>\n\t\t\t<span>Sobre a Al-Entilaka<\/span>\n\t\t<\/a>\n\t\t<div id=\"accordion-3268302802-content\" class=\"accordion-inner\" aria-labelledby=\"accordion-3268302802-label\">\n\t\t\t\n<p>A Al-Entilaka \u00e9 uma empresa da L\u00edbia especializada no ramo de importa\u00e7\u00e3o e exporta\u00e7\u00e3o para a ind\u00fastria petrol\u00edfera. Desde o estabelecimento da Al-Entilaka, mais empresas na L\u00edbia se tornaram conscientes das exig\u00eancias ambientais para solu\u00e7\u00f5es de limpeza de petr\u00f3leo.<\/p>\n\t\t<\/div>\n\t<\/div>\n\t\n<\/div>\n\t<div class=\"img has-hover x md-x lg-x y md-y lg-y\" id=\"image_19010650\">\n\t\t\t\t\t\t\t\t<div class=\"img-inner dark\" >\n\t\t\t<img decoding=\"async\" width=\"500\" height=\"149\" data-src=\"https:\/\/b3871678.smushcdn.com\/3871678\/wp-content\/uploads\/2020\/09\/AQUAQUICK-2000-DISTRIBUTOR-LOGOS_0005_allentik.jpg?lossy=2&strip=1&webp=1\" class=\"attachment-large size-large lazyload\" alt=\"\" title=\"\" data-srcset=\"https:\/\/b3871678.smushcdn.com\/3871678\/wp-content\/uploads\/2020\/09\/AQUAQUICK-2000-DISTRIBUTOR-LOGOS_0005_allentik.jpg?lossy=2&amp;strip=1&amp;webp=1 500w, https:\/\/b3871678.smushcdn.com\/3871678\/wp-content\/uploads\/2020\/09\/AQUAQUICK-2000-DISTRIBUTOR-LOGOS_0005_allentik.jpg?size=204x61&amp;lossy=2&amp;strip=1&amp;webp=1 204w, https:\/\/b3871678.smushcdn.com\/3871678\/wp-content\/uploads\/2020\/09\/AQUAQUICK-2000-DISTRIBUTOR-LOGOS_0005_allentik.jpg?size=408x122&amp;lossy=2&amp;strip=1&amp;webp=1 408w\" data-sizes=\"auto\" src=\"data:image\/svg+xml;base64,PHN2ZyB3aWR0aD0iMSIgaGVpZ2h0PSIxIiB4bWxucz0iaHR0cDovL3d3dy53My5vcmcvMjAwMC9zdmciPjwvc3ZnPg==\" style=\"--smush-placeholder-width: 500px; --smush-placeholder-aspect-ratio: 500\/149;\" data-original-sizes=\"(max-width: 500px) 100vw, 500px\">\t\t\t\t\t\t\n\t\t\t\t\t<\/div>\n\t\t\t\t\t\t\t\t\n<style>\n#image_19010650 {\n  width: 100%;\n}\n<\/style>\n\t<\/div>\n\t\n\t\t<\/div>\n\t\t\t\t\t<\/div>\n\n\t\n<\/div>\n\t\t<\/div>\n\n\t\t\n<style>\n#section_998698106 {\n  padding-top: 30px;\n  padding-bottom: 30px;\n  background-color: rgb(255, 255, 255);\n}\n#section_998698106 .section-bg-overlay {\n  background-color: rgba(240, 240, 240, 0);\n}\n<\/style>\n\t<\/section>","protected":false},"excerpt":{"rendered":"","protected":false},"author":1,"featured_media":5593,"parent":2564,"menu_order":0,"comment_status":"closed","ping_status":"closed","template":"page-blank.php","meta":{"cybocfi_hide_featured_image":"","footnotes":"","_links_to":"","_links_to_target":""},"class_list":["post-5689","page","type-page","status-publish","has-post-thumbnail","hentry"],"_links":{"self":[{"href":"https:\/\/www.aquaquick2000.com\/pt\/wp-json\/wp\/v2\/pages\/5689","targetHints":{"allow":["GET"]}}],"collection":[{"href":"https:\/\/www.aquaquick2000.com\/pt\/wp-json\/wp\/v2\/pages"}],"about":[{"href":"https:\/\/www.aquaquick2000.com\/pt\/wp-json\/wp\/v2\/types\/page"}],"author":[{"embeddable":true,"href":"https:\/\/www.aquaquick2000.com\/pt\/wp-json\/wp\/v2\/users\/1"}],"replies":[{"embeddable":true,"href":"https:\/\/www.aquaquick2000.com\/pt\/wp-json\/wp\/v2\/comments?post=5689"}],"version-history":[{"count":0,"href":"https:\/\/www.aquaquick2000.com\/pt\/wp-json\/wp\/v2\/pages\/5689\/revisions"}],"up":[{"embeddable":true,"href":"https:\/\/www.aquaquick2000.com\/pt\/wp-json\/wp\/v2\/pages\/2564"}],"wp:featuredmedia":[{"embeddable":true,"href":"https:\/\/www.aquaquick2000.com\/pt\/wp-json\/wp\/v2\/media\/5593"}],"wp:attachment":[{"href":"https:\/\/www.aquaquick2000.com\/pt\/wp-json\/wp\/v2\/media?parent=5689"}],"curies":[{"name":"wp","href":"https:\/\/api.w.org\/{rel}","templated":true}]}}