{"id":5734,"date":"2020-10-30T15:48:20","date_gmt":"2020-10-30T15:48:20","guid":{"rendered":"https:\/\/www.aquaquick2000.com\/?page_id=5734"},"modified":"2023-01-27T10:33:24","modified_gmt":"2023-01-27T10:33:24","slug":"vandoclean","status":"publish","type":"page","link":"https:\/\/www.aquaquick2000.com\/pt\/distributors\/vandoclean\/","title":{"rendered":"Vandoclean"},"content":{"rendered":"<section class=\"section\" id=\"section_674034410\">\n\t\t<div class=\"section-bg fill\" >\n\t\t\t<img decoding=\"async\" width=\"1920\" height=\"441\" src=\"https:\/\/b3871678.smushcdn.com\/3871678\/wp-content\/uploads\/2020\/09\/aquaquick-2000-oil-cleaning-waterwave.jpg?lossy=2&strip=1&webp=1\" class=\"bg attachment- size-\" alt=\"\" title=\"\" srcset=\"https:\/\/b3871678.smushcdn.com\/3871678\/wp-content\/uploads\/2020\/09\/aquaquick-2000-oil-cleaning-waterwave.jpg?lossy=2&amp;strip=1&amp;webp=1 1920w, https:\/\/b3871678.smushcdn.com\/3871678\/wp-content\/uploads\/2020\/09\/aquaquick-2000-oil-cleaning-waterwave-510x117.jpg?lossy=2&amp;strip=1&amp;webp=1 510w, https:\/\/b3871678.smushcdn.com\/3871678\/wp-content\/uploads\/2020\/09\/aquaquick-2000-oil-cleaning-waterwave-500x115.jpg?lossy=2&amp;strip=1&amp;webp=1 500w, https:\/\/b3871678.smushcdn.com\/3871678\/wp-content\/uploads\/2020\/09\/aquaquick-2000-oil-cleaning-waterwave-1280x294.jpg?lossy=2&amp;strip=1&amp;webp=1 1280w, https:\/\/b3871678.smushcdn.com\/3871678\/wp-content\/uploads\/2020\/09\/aquaquick-2000-oil-cleaning-waterwave-768x176.jpg?lossy=2&amp;strip=1&amp;webp=1 768w, https:\/\/b3871678.smushcdn.com\/3871678\/wp-content\/uploads\/2020\/09\/aquaquick-2000-oil-cleaning-waterwave-1536x353.jpg?lossy=2&amp;strip=1&amp;webp=1 1536w, https:\/\/b3871678.smushcdn.com\/3871678\/wp-content\/uploads\/2020\/09\/aquaquick-2000-oil-cleaning-waterwave.jpg?size=204x47&amp;lossy=2&amp;strip=1&amp;webp=1 204w, https:\/\/b3871678.smushcdn.com\/3871678\/wp-content\/uploads\/2020\/09\/aquaquick-2000-oil-cleaning-waterwave.jpg?size=408x94&amp;lossy=2&amp;strip=1&amp;webp=1 408w, https:\/\/b3871678.smushcdn.com\/3871678\/wp-content\/uploads\/2020\/09\/aquaquick-2000-oil-cleaning-waterwave.jpg?size=612x141&amp;lossy=2&amp;strip=1&amp;webp=1 612w, https:\/\/b3871678.smushcdn.com\/3871678\/wp-content\/uploads\/2020\/09\/aquaquick-2000-oil-cleaning-waterwave.jpg?size=1020x234&amp;lossy=2&amp;strip=1&amp;webp=1 1020w\" sizes=\"(max-width: 1920px) 100vw, 1920px\">\t\t\t\t\t\t<div class=\"section-bg-overlay absolute fill\"><\/div>\n\t\t\t\n\n\t\t<\/div>\n\n\t\t\n\n\t\t<div class=\"section-content relative\">\n\t\t\t\n\n<div class=\"row row-collapse align-equal\"  id=\"row-260163639\">\n\n\n\t<div id=\"col-513999680\" class=\"col small-12 large-12\"  >\n\t\t\t\t<div class=\"col-inner\"  >\n\t\t\t\n\t\t\t\n\n<h2 class=\"uppercase\" style=\"text-align: center;\">AQUAQUICK 2000 NA PA\u00cdSES BAIXOS \u00c9 VENDIDA PELA Vandoclean<\/h2>\n\n\t\t<\/div>\n\t\t\t\t\t<\/div>\n\n\t\n\n<\/div>\n\n\t\t<\/div>\n\n\t\t\n<style>\n#section_674034410 {\n  padding-top: 45px;\n  padding-bottom: 45px;\n}\n#section_674034410 .section-bg-overlay {\n  background-color: rgba(240, 240, 240, 0.64);\n}\n<\/style>\n\t<\/section>\n\t\n\n\t<section class=\"section\" id=\"section_1727141437\">\n\t\t<div class=\"section-bg fill\" >\n\t\t\t\t\t\t\t\t\t<div class=\"section-bg-overlay absolute fill\"><\/div>\n\t\t\t\n\n\t\t<\/div>\n\n\t\t\n\n\t\t<div class=\"section-content relative\">\n\t\t\t\n\n<div class=\"row\"  id=\"row-1342397091\">\n\n\n\t<div id=\"col-64172163\" class=\"col medium-6 small-12 large-6\"  >\n\t\t\t\t<div class=\"col-inner\"  >\n\t\t\t\n\t\t\t\n\n<h3 class=\"widget-title\">AQUAQUICK 2000 Distribuidor em <b>Pa\u00edses Baixos<\/b><\/h3>\n<p>Vandoclean \u00e9 um representante oficial dos produtos AQUAQUICK. <br>A Vandoclean est\u00e1 licenciada para vender os produtos AQUAQUICK na Holanda. <br><strong>A Vandoclean \u00e9 aprovada pela AQUAQUICK GLOBAL B.V.<\/strong><\/p>\n<h3>Detalhes de contato de <em>Vandoclean<\/em><\/h3>\n<ul>\n<li class=\"bullet-arrow\">Email:<a href=\"mailto:info@vandoclean.nl\">info@vandoclean.nl<\/a><\/li>\n<li class=\"bullet-arrow\">Jan van Loon: +31(6) 290 446 35,&nbsp;<\/li>\n<li class=\"bullet-arrow\">Jeroen Brummelkamp: +31(6) 393 032 61<\/li>\n<\/ul>\n<a href=\"https:\/\/www.aquaquick2000.com\/pt\/distribuidores\/\" class=\"button primary\" >\n\t\t<span>Todos os Distribuidores da AQUAQUICK 2000<\/span>\n\t<\/a>\n\n\n\n\t\t<\/div>\n\t\t\t\t\t<\/div>\n\n\t\n\n\t<div id=\"col-1292647087\" class=\"col medium-6 small-12 large-6\"  >\n\t\t\t\t<div class=\"col-inner\" style=\"background-color:rgb(240, 240, 240);\" >\n\t\t\t\n\t\t\t\n\n<div class=\"accordion\">\n\n\t<div id=\"accordion-1762515186\" class=\"accordion-item\">\n\t\t<a id=\"accordion-1762515186-label\" class=\"accordion-title plain active\" href=\"#accordion-item-aquaquick-2000-in-the-netherlands\" aria-expanded=\"true\" aria-controls=\"accordion-1762515186-content\">\n\t\t\t<button class=\"toggle\" aria-label=\"Alternar\"><i class=\"icon-angle-down\" aria-hidden=\"true\"><\/i><\/button>\n\t\t\t<span>AQUAQUICK 2000 Nos Pa\u00edses Baixos<\/span>\n\t\t<\/a>\n\t\t<div id=\"accordion-1762515186-content\" class=\"accordion-inner\" style=\"display: block;\" aria-labelledby=\"accordion-1762515186-label\">\n\t\t\t\n\n<p>Para adquirir a AQUAQUICK 2000 diretamente no <b>Pa\u00edses Baixos<\/b> voc\u00ea pode entrar em contato com nosso distribuidor local <strong>Vandoclean.<\/strong><\/p>\n<p>A AQUAQUICK 2000 pode ser adquirida em qualquer pa\u00eds do mundo e \u00e9 a solu\u00e7\u00e3o n\u00famero um para a limpeza de derrames de petr\u00f3leo.<\/p>\n\n\t\t<\/div>\n\t<\/div>\n\t\n\t<div id=\"accordion-1129633010\" class=\"accordion-item\">\n\t\t<a id=\"accordion-1129633010-label\" class=\"accordion-title plain\" href=\"#accordion-item-oil-spills-in-the-netherlands\" aria-expanded=\"false\" aria-controls=\"accordion-1129633010-content\">\n\t\t\t<button class=\"toggle\" aria-label=\"Alternar\"><i class=\"icon-angle-down\" aria-hidden=\"true\"><\/i><\/button>\n\t\t\t<span>Derrames de petr\u00f3leo na Holanda<\/span>\n\t\t<\/a>\n\t\t<div id=\"accordion-1129633010-content\" class=\"accordion-inner\" aria-labelledby=\"accordion-1129633010-label\">\n\t\t\t\n\n<p>Para uma solu\u00e7\u00e3o ambiental imediata de derramamento de \u00f3leo, \u00e9 melhor usar o AQUAQUICK 2000. Se voc\u00ea encontrar qualquer derramamento de \u00f3leo em <b>Pa\u00edses Baixos<\/b>&nbsp;voc\u00ea pode contatar <strong>Vandoclean<\/strong> para o fornecimento de AQUAQUICK 2000.<\/p>\n\n\t\t<\/div>\n\t<\/div>\n\t\n\t<div id=\"accordion-1793293094\" class=\"accordion-item\">\n\t\t<a id=\"accordion-1793293094-label\" class=\"accordion-title plain\" href=\"#accordion-item-about-vandoclean\" aria-expanded=\"false\" aria-controls=\"accordion-1793293094-content\">\n\t\t\t<button class=\"toggle\" aria-label=\"Alternar\"><i class=\"icon-angle-down\" aria-hidden=\"true\"><\/i><\/button>\n\t\t\t<span>Sobre a VandoClean<\/span>\n\t\t<\/a>\n\t\t<div id=\"accordion-1793293094-content\" class=\"accordion-inner\" aria-labelledby=\"accordion-1793293094-label\">\n\t\t\t\n\n<p>A Vandoclean B.V. oferece uma solu\u00e7\u00e3o total para produtos especiais na ind\u00fastria de absor\u00e7\u00e3o e limpeza de derramamentos de \u00f3leo industrial e\/ou desastres naturais.<\/p>\n<h3>A Vandoclean \u00e9 uma empresa da qual seus clientes n\u00e3o s\u00e3o clientes:<\/h3>\n<p>Corpo de bombeiros, Conselheiros municipais, Corpora\u00e7\u00f5es de cuidado com a \u00e1gua. Al\u00e9m de nosso foco principal, tamb\u00e9m oferecemos produtos e servi\u00e7os para a ind\u00fastria metal\u00fargica, ind\u00fastria aliment\u00edcia, ind\u00fastria automotiva<\/p>\n\n\t\t<\/div>\n\t<\/div>\n\t\n\n<\/div>\n\t<div class=\"img has-hover x md-x lg-x y md-y lg-y\" id=\"image_1432764336\">\n\t\t\t\t\t\t\t\t<div class=\"img-inner dark\" >\n\t\t\t<img decoding=\"async\" width=\"500\" height=\"149\" data-src=\"https:\/\/b3871678.smushcdn.com\/3871678\/wp-content\/uploads\/2020\/09\/AQUAQUICK-2000-DISTRIBUTOR-LOGOS_0006_Vandoclean-logo.jpg?lossy=2&strip=1&webp=1\" class=\"attachment-large size-large lazyload\" alt=\"\" title=\"\" data-srcset=\"https:\/\/b3871678.smushcdn.com\/3871678\/wp-content\/uploads\/2020\/09\/AQUAQUICK-2000-DISTRIBUTOR-LOGOS_0006_Vandoclean-logo.jpg?lossy=2&amp;strip=1&amp;webp=1 500w, https:\/\/b3871678.smushcdn.com\/3871678\/wp-content\/uploads\/2020\/09\/AQUAQUICK-2000-DISTRIBUTOR-LOGOS_0006_Vandoclean-logo.jpg?size=204x61&amp;lossy=2&amp;strip=1&amp;webp=1 204w, https:\/\/b3871678.smushcdn.com\/3871678\/wp-content\/uploads\/2020\/09\/AQUAQUICK-2000-DISTRIBUTOR-LOGOS_0006_Vandoclean-logo.jpg?size=408x122&amp;lossy=2&amp;strip=1&amp;webp=1 408w\" data-sizes=\"auto\" src=\"data:image\/svg+xml;base64,PHN2ZyB3aWR0aD0iMSIgaGVpZ2h0PSIxIiB4bWxucz0iaHR0cDovL3d3dy53My5vcmcvMjAwMC9zdmciPjwvc3ZnPg==\" style=\"--smush-placeholder-width: 500px; --smush-placeholder-aspect-ratio: 500\/149;\" data-original-sizes=\"(max-width: 500px) 100vw, 500px\">\t\t\t\t\t\t\n\t\t\t\t\t<\/div>\n\t\t\t\t\t\t\t\t\n<style>\n#image_1432764336 {\n  width: 100%;\n}\n<\/style>\n\t<\/div>\n\t\n\n\n\t\t<\/div>\n\t\t\t\t\t<\/div>\n\n\t\n\n<\/div>\n\n\t\t<\/div>\n\n\t\t\n<style>\n#section_1727141437 {\n  padding-top: 30px;\n  padding-bottom: 30px;\n  background-color: rgb(255, 255, 255);\n}\n#section_1727141437 .section-bg-overlay {\n  background-color: rgba(240, 240, 240, 0);\n}\n<\/style>\n\t<\/section>","protected":false},"excerpt":{"rendered":"","protected":false},"author":1,"featured_media":5577,"parent":2564,"menu_order":0,"comment_status":"closed","ping_status":"closed","template":"page-blank.php","meta":{"cybocfi_hide_featured_image":"","footnotes":"","_links_to":"","_links_to_target":""},"class_list":["post-5734","page","type-page","status-publish","has-post-thumbnail","hentry"],"_links":{"self":[{"href":"https:\/\/www.aquaquick2000.com\/pt\/wp-json\/wp\/v2\/pages\/5734","targetHints":{"allow":["GET"]}}],"collection":[{"href":"https:\/\/www.aquaquick2000.com\/pt\/wp-json\/wp\/v2\/pages"}],"about":[{"href":"https:\/\/www.aquaquick2000.com\/pt\/wp-json\/wp\/v2\/types\/page"}],"author":[{"embeddable":true,"href":"https:\/\/www.aquaquick2000.com\/pt\/wp-json\/wp\/v2\/users\/1"}],"replies":[{"embeddable":true,"href":"https:\/\/www.aquaquick2000.com\/pt\/wp-json\/wp\/v2\/comments?post=5734"}],"version-history":[{"count":0,"href":"https:\/\/www.aquaquick2000.com\/pt\/wp-json\/wp\/v2\/pages\/5734\/revisions"}],"up":[{"embeddable":true,"href":"https:\/\/www.aquaquick2000.com\/pt\/wp-json\/wp\/v2\/pages\/2564"}],"wp:featuredmedia":[{"embeddable":true,"href":"https:\/\/www.aquaquick2000.com\/pt\/wp-json\/wp\/v2\/media\/5577"}],"wp:attachment":[{"href":"https:\/\/www.aquaquick2000.com\/pt\/wp-json\/wp\/v2\/media?parent=5734"}],"curies":[{"name":"wp","href":"https:\/\/api.w.org\/{rel}","templated":true}]}}