{"id":8658,"date":"2020-11-20T17:16:29","date_gmt":"2020-11-20T17:16:29","guid":{"rendered":"https:\/\/www.aquaquick2000.com\/?page_id=8658"},"modified":"2023-01-27T10:33:58","modified_gmt":"2023-01-27T10:33:58","slug":"lista-de-precos","status":"publish","type":"page","link":"https:\/\/www.aquaquick2000.com\/pt\/price-list\/","title":{"rendered":"Learn more about the Price"},"content":{"rendered":"<section class=\"section\" id=\"section_775328671\">\n\t\t<div class=\"section-bg fill\" >\n\t\t\t<img decoding=\"async\" width=\"1920\" height=\"441\" src=\"https:\/\/b3871678.smushcdn.com\/3871678\/wp-content\/uploads\/2020\/09\/aquaquick-2000-oil-cleaning-waterwave.jpg?lossy=2&strip=1&webp=1\" class=\"bg attachment- size-\" alt=\"\" title=\"\" srcset=\"https:\/\/b3871678.smushcdn.com\/3871678\/wp-content\/uploads\/2020\/09\/aquaquick-2000-oil-cleaning-waterwave.jpg?lossy=2&amp;strip=1&amp;webp=1 1920w, https:\/\/b3871678.smushcdn.com\/3871678\/wp-content\/uploads\/2020\/09\/aquaquick-2000-oil-cleaning-waterwave-510x117.jpg?lossy=2&amp;strip=1&amp;webp=1 510w, https:\/\/b3871678.smushcdn.com\/3871678\/wp-content\/uploads\/2020\/09\/aquaquick-2000-oil-cleaning-waterwave-500x115.jpg?lossy=2&amp;strip=1&amp;webp=1 500w, https:\/\/b3871678.smushcdn.com\/3871678\/wp-content\/uploads\/2020\/09\/aquaquick-2000-oil-cleaning-waterwave-1280x294.jpg?lossy=2&amp;strip=1&amp;webp=1 1280w, https:\/\/b3871678.smushcdn.com\/3871678\/wp-content\/uploads\/2020\/09\/aquaquick-2000-oil-cleaning-waterwave-768x176.jpg?lossy=2&amp;strip=1&amp;webp=1 768w, https:\/\/b3871678.smushcdn.com\/3871678\/wp-content\/uploads\/2020\/09\/aquaquick-2000-oil-cleaning-waterwave-1536x353.jpg?lossy=2&amp;strip=1&amp;webp=1 1536w, https:\/\/b3871678.smushcdn.com\/3871678\/wp-content\/uploads\/2020\/09\/aquaquick-2000-oil-cleaning-waterwave.jpg?size=204x47&amp;lossy=2&amp;strip=1&amp;webp=1 204w, https:\/\/b3871678.smushcdn.com\/3871678\/wp-content\/uploads\/2020\/09\/aquaquick-2000-oil-cleaning-waterwave.jpg?size=408x94&amp;lossy=2&amp;strip=1&amp;webp=1 408w, https:\/\/b3871678.smushcdn.com\/3871678\/wp-content\/uploads\/2020\/09\/aquaquick-2000-oil-cleaning-waterwave.jpg?size=612x141&amp;lossy=2&amp;strip=1&amp;webp=1 612w, https:\/\/b3871678.smushcdn.com\/3871678\/wp-content\/uploads\/2020\/09\/aquaquick-2000-oil-cleaning-waterwave.jpg?size=1020x234&amp;lossy=2&amp;strip=1&amp;webp=1 1020w\" sizes=\"(max-width: 1920px) 100vw, 1920px\">\t\t\t\t\t\t<div class=\"section-bg-overlay absolute fill\"><\/div>\n\t\t\t\n\n\t\t<\/div>\n\n\t\t\n\n\t\t<div class=\"section-content relative\">\n\t\t\t\n\n<div class=\"row align-middle\"  id=\"row-1596305564\">\n\n\n\t<div id=\"col-568876560\" class=\"col medium-9 small-12 large-9\"  >\n\t\t\t\t<div class=\"col-inner\"  >\n\t\t\t\n\t\t\t\n\n<h1>Saiba mais sobre o pre\u00e7o da AQUAQUICK 2000<\/h1>\n\n\t\t<\/div>\n\t\t\t\t\t<\/div>\n\n\t\n\n\t<div id=\"col-1845524220\" class=\"col medium-3 small-12 large-3\"  >\n\t\t\t\t<div class=\"col-inner\"  >\n\t\t\t\n\t\t\t\n\n<a href=\"https:\/\/www.aquaquick2000.com\/pt\/contato-us\/\" class=\"button primary\" >\n\t\t<span>Lista de pre\u00e7os PEDIDO<\/span>\n\t<i class=\"icon-envelop\" aria-hidden=\"true\"><\/i><\/a>\n\n\n\n\t\t<\/div>\n\t\t\t\t\t<\/div>\n\n\t\n\n<\/div>\n\n\t\t<\/div>\n\n\t\t\n<style>\n#section_775328671 {\n  padding-top: 0px;\n  padding-bottom: 0px;\n  min-height: 160px;\n}\n#section_775328671 .section-bg-overlay {\n  background-color: rgba(255, 255, 255, 0.59);\n}\n<\/style>\n\t<\/section>\n\t\n\n\t<section class=\"section\" id=\"section_34231793\">\n\t\t<div class=\"section-bg fill\" >\n\t\t\t\t\t\t\t\t\t\n\t\t\t\n\n\t\t<\/div>\n\n\t\t\n\n\t\t<div class=\"section-content relative\">\n\t\t\t\n\n<div class=\"row\"  id=\"row-239530578\">\n\n\n\t<div id=\"col-615694113\" class=\"col medium-6 small-12 large-6\"  >\n\t\t\t\t<div class=\"col-inner\"  >\n\t\t\t\n\t\t\t\n\n<h2>Qual \u00e9 o pre\u00e7o da AQUAQUICK 2000<\/h2>\n<p>Caso voc\u00ea n\u00e3o saiba qual deve ser o pre\u00e7o da AQUAQUICK 2000, ent\u00e3o pode ser realmente frustrante para voc\u00ea ter uma compreens\u00e3o clara dos resultados e do custo de nosso produto. Muitos websites listam pre\u00e7os diferentes para os produtos AQUAQUICK 2000 e outros websites est\u00e3o se referindo apenas a um pedido de cota\u00e7\u00e3o.<\/p>\n<p>Como fabricante mundial e \u00fanica empresa capaz de nomear titulares de licen\u00e7a e distribuidores da AQUAQUICK 2000, devemos ser capazes de inform\u00e1-lo sobre isto, afinal de contas.<\/p>\n<p>O produto AQUAQUICK 2000 \u00e9 um produto que \u00e9 conhecido h\u00e1 muitas d\u00e9cadas. O neg\u00f3cio \u00e9 at\u00e9 hoje ainda um neg\u00f3cio familiar e passou para sua terceira gera\u00e7\u00e3o, passando para a quarta gera\u00e7\u00e3o em linha. Como em qualquer neg\u00f3cio ao longo do tempo, as diretrizes e abordagens de mercado est\u00e3o mudando e por isso a AQUAQUICK GLOBAL BV n\u00e3o \u00e9 diferente disso.&nbsp;<\/p>\n<p>Neste momento os pre\u00e7os da AQUAQUICK 2000 n\u00e3o est\u00e3o dispon\u00edveis em nosso website. Isto porque no passado a AQUAQUICK 2000 s\u00f3 podia ser comprada de nossos distribuidores diretamente em determinados pa\u00edses, \u00e1reas ou segmentos de mercado. Entendendo que isto em geral pode ter seus altos e baixos, bem como muita confus\u00e3o, examinamos esta quest\u00e3o com mais cuidado.&nbsp;<\/p>\n<p>No futuro, a AQUAQUICK GLOBAL BV seguir\u00e1 uma nova estrat\u00e9gia e modelo de neg\u00f3cios para a linha de produtos AQUAQUICK 2000. Isto significa que haver\u00e1 mais informa\u00e7\u00f5es sobre os pre\u00e7os para a AQUAQUICK 2000, bem como um processo mais f\u00e1cil de compra da AQUAQUICK 2000 diretamente atrav\u00e9s de n\u00f3s em regi\u00f5es que n\u00e3o s\u00e3o atualmente apoiadas por um distribuidor local designado.<\/p>\n<p>A AQUAQUICK 2000 s\u00f3 pode ser obtida atrav\u00e9s de nossos distribuidores designados (na regi\u00e3o para a qual foram designados) e em outros lugares pela AQUAQUICK GLOBAL BV. H\u00e1 algumas empresas que afirmam ser um distribuidor da AQUAQUICK 2000 at\u00e9 hoje vendendo um produto com o nome e marca da AQUAQUICK 2000. Infelizmente, j\u00e1 encontramos v\u00e1rias vezes no passado que a AQUAQUICK 2000 \u00e9 um dos produtos que est\u00e1 sendo imitado por produtos baratos falsos usando a marca AQUAQUICK 2000 para fingir ser o produto original.&nbsp;<\/p>\n<p>Caso voc\u00ea encontre informa\u00e7\u00f5es sobre a AQUAQUICK 2000 na Internet sem ter certeza se o produto \u00e9 ou n\u00e3o de fato leg\u00edtimo, ent\u00e3o n\u00f3s simplesmente o aconselhamos a entrar em contato conosco para obter mais informa\u00e7\u00f5es. Voc\u00ea pode fazer isso enviando-nos um e-mail para business@aquaquick2000.com com tantas informa\u00e7\u00f5es sobre o produto e o pre\u00e7o quanto voc\u00ea recebeu.&nbsp;&nbsp;<\/p>\n<p>Estamos constantemente escaneando e procurando por imita\u00e7\u00f5es de nosso produto. Por isso, apreciamos muito quando voc\u00ea nos informa sobre suas descobertas quando se trata de um produto falso ou imitado da AQUAQUICK 2000, assim como empresas que afirmam ser o \u00fanico distribuidor ou agente \u00fanico da AQUAQUICK 2000.&nbsp;<\/p>\n<p><strong>N\u00e3o \u00e9 permitido vender a AQUAQUICK 2000 ou alegar ser o \u00fanico representante da AQUAQUICK 2000 de qualquer forma. Como mencionado acima, a AQUAQUICK GLOBAL B.V \u00e9 a \u00fanica empresa no mundo que det\u00e9m todos os direitos legais sobre a marca e f\u00f3rmulas de produtos e, portanto, somos o \u00fanico fabricante e detentor da licen\u00e7a da linha de produtos AQUAQUICK 2000.&nbsp;<\/strong><\/p>\n\n\t\t<\/div>\n\t\t\t\t\t<\/div>\n\n\t\n\n\t<div id=\"col-1356922019\" class=\"col medium-6 small-12 large-6\"  >\n\t\t\t\t<div class=\"col-inner\"  >\n\t\t\t\n\t\t\t\n\n<div class=\"row\"  id=\"row-1260203246\">\n\n\n\t<div id=\"col-466658680\" class=\"col small-12 large-12\"  >\n\t\t\t\t<div class=\"col-inner\" style=\"background-color:rgb(246, 246, 246);\" >\n\t\t\t\n\t\t\t\n\n<h2>Fatos sobre pre\u00e7os da AQUAQUICK 2000<\/h2>\n<ul>\n<li class=\"bullet-checkmark\" style=\"font-size: 11pt;\">Os distribuidores t\u00eam tido a liberdade de seus pr\u00f3prios pre\u00e7os<\/li>\n<li class=\"bullet-checkmark\" style=\"font-size: 11pt;\">A AQUAQUICK GLOBAL n\u00e3o est\u00e1 usando o com\u00e9rcio eletr\u00f4nico <strong>(ainda)<\/strong>.<\/li>\n<li class=\"bullet-checkmark\" style=\"font-size: 11pt;\">Somos os \u00fanicos fabricantes globais da AQUAQUICK 2000.<\/li>\n<li class=\"bullet-checkmark\" style=\"font-size: 11pt;\">As licen\u00e7as da AQUAQUICK 2000 s\u00f3 podem ser designadas por n\u00f3s.<\/li>\n<li class=\"bullet-checkmark\" style=\"font-size: 11pt;\">O pre\u00e7o de venda aconselhado da AQUAQUICK 2000 \u00e9 de 15,99 euros por litro.<\/li>\n<li class=\"bullet-checkmark\" style=\"font-size: 11pt;\">Existem produtos falsificadores da AQUAQUICK 2000 <strong>(Advert\u00eancia)<\/strong><\/li>\n<li style=\"font-size: 11pt;\" class=\"bullet-checkmark\">A AQUAQUICK 2000 \u00e9 inventada e mantida por uma empresa familiar.<\/li>\n<\/ul>\n\n\t\t<\/div>\n\t\t\t\t\n<style>\n#col-466658680 > .col-inner {\n  padding: 10px 10px 0px 10px;\n}\n<\/style>\n\t<\/div>\n\n\t\n\n<\/div>\n<div class=\"row\"  id=\"row-1678663881\">\n\n\n\t<div id=\"col-1818558451\" class=\"col small-12 large-12\"  >\n\t\t\t\t<div class=\"col-inner\"  >\n\t\t\t\n\t\t\t\n\n\t<div class=\"box has-hover   has-hover box-shadow-2 box-text-bottom\" >\n\n\t\t<div class=\"box-image\" >\n\t\t\t\t\t\t<div class=\"\" >\n\t\t\t\t<img decoding=\"async\" width=\"1206\" height=\"804\" data-src=\"https:\/\/b3871678.smushcdn.com\/3871678\/wp-content\/uploads\/2020\/09\/aquaquick-2000-packaging-made-in-2015-4.jpg?lossy=2&strip=1&webp=1\" class=\"attachment- size- lazyload\" alt=\"\" data-srcset=\"https:\/\/b3871678.smushcdn.com\/3871678\/wp-content\/uploads\/2020\/09\/aquaquick-2000-packaging-made-in-2015-4.jpg?lossy=2&strip=1&webp=1 1206w, https:\/\/b3871678.smushcdn.com\/3871678\/wp-content\/uploads\/2020\/09\/aquaquick-2000-packaging-made-in-2015-4-510x340.jpg?lossy=2&strip=1&webp=1 510w, https:\/\/b3871678.smushcdn.com\/3871678\/wp-content\/uploads\/2020\/09\/aquaquick-2000-packaging-made-in-2015-4-500x333.jpg?lossy=2&strip=1&webp=1 500w, https:\/\/b3871678.smushcdn.com\/3871678\/wp-content\/uploads\/2020\/09\/aquaquick-2000-packaging-made-in-2015-4-768x512.jpg?lossy=2&strip=1&webp=1 768w, https:\/\/b3871678.smushcdn.com\/3871678\/wp-content\/uploads\/2020\/09\/aquaquick-2000-packaging-made-in-2015-4-600x400.jpg?lossy=2&strip=1&webp=1 600w, https:\/\/b3871678.smushcdn.com\/3871678\/wp-content\/uploads\/2020\/09\/aquaquick-2000-packaging-made-in-2015-4.jpg?size=204x136&lossy=2&strip=1&webp=1 204w, https:\/\/b3871678.smushcdn.com\/3871678\/wp-content\/uploads\/2020\/09\/aquaquick-2000-packaging-made-in-2015-4.jpg?size=408x272&lossy=2&strip=1&webp=1 408w, https:\/\/b3871678.smushcdn.com\/3871678\/wp-content\/uploads\/2020\/09\/aquaquick-2000-packaging-made-in-2015-4.jpg?size=1020x680&lossy=2&strip=1&webp=1 1020w\" data-sizes=\"auto\" title=\"\" src=\"data:image\/svg+xml;base64,PHN2ZyB3aWR0aD0iMSIgaGVpZ2h0PSIxIiB4bWxucz0iaHR0cDovL3d3dy53My5vcmcvMjAwMC9zdmciPjwvc3ZnPg==\" style=\"--smush-placeholder-width: 1206px; --smush-placeholder-aspect-ratio: 1206\/804;\" data-original-sizes=\"(max-width: 1206px) 100vw, 1206px\">\t\t\t\t\t\t\t\t\t\t\t<\/div>\n\t\t\t\t\t<\/div>\n\n\t\t<div class=\"box-text text-center\" style=\"background-color:rgb(243, 243, 243);\">\n\t\t\t<div class=\"box-text-inner\">\n\t\t\t\t\n\n<h4>AQUAQUICK 2000 &amp; AQUAQUICK 2000 R2U<\/h4>\n<p>Esta \u00e9 uma foto da AQUAQUICK 2000 <br>e AQUAQUICK 2000 R2U<em><strong>(Pronto para uso)<\/strong><\/em><\/p>\n\n\t\t\t<\/div>\n\t\t<\/div>\n\t<\/div>\n\t\n\t<div id=\"gap-1169273451\" class=\"gap-element clearfix\" style=\"display:block; height:auto;\">\n\t\t\n<style>\n#gap-1169273451 {\n  padding-top: 30px;\n}\n<\/style>\n\t<\/div>\n\t\n\n\t<div class=\"box has-hover   has-hover box-shadow-2 box-text-bottom\" >\n\n\t\t<div class=\"box-image\" >\n\t\t\t\t\t\t<div class=\"\" >\n\t\t\t\t<img decoding=\"async\" width=\"1206\" height=\"804\" data-src=\"https:\/\/b3871678.smushcdn.com\/3871678\/wp-content\/uploads\/2020\/09\/AQUAQUICK-2000-SP-PACKAGING-MADE-IN-2015-3.jpg?lossy=2&strip=1&webp=1\" class=\"attachment- size- lazyload\" alt=\"AQUAQUICK 2000 SP\" data-srcset=\"https:\/\/b3871678.smushcdn.com\/3871678\/wp-content\/uploads\/2020\/09\/AQUAQUICK-2000-SP-PACKAGING-MADE-IN-2015-3.jpg?lossy=2&strip=1&webp=1 1206w, https:\/\/b3871678.smushcdn.com\/3871678\/wp-content\/uploads\/2020\/09\/AQUAQUICK-2000-SP-PACKAGING-MADE-IN-2015-3-510x340.jpg?lossy=2&strip=1&webp=1 510w, https:\/\/b3871678.smushcdn.com\/3871678\/wp-content\/uploads\/2020\/09\/AQUAQUICK-2000-SP-PACKAGING-MADE-IN-2015-3-500x333.jpg?lossy=2&strip=1&webp=1 500w, https:\/\/b3871678.smushcdn.com\/3871678\/wp-content\/uploads\/2020\/09\/AQUAQUICK-2000-SP-PACKAGING-MADE-IN-2015-3-768x512.jpg?lossy=2&strip=1&webp=1 768w, https:\/\/b3871678.smushcdn.com\/3871678\/wp-content\/uploads\/2020\/09\/AQUAQUICK-2000-SP-PACKAGING-MADE-IN-2015-3-600x400.jpg?lossy=2&strip=1&webp=1 600w, https:\/\/b3871678.smushcdn.com\/3871678\/wp-content\/uploads\/2020\/09\/AQUAQUICK-2000-SP-PACKAGING-MADE-IN-2015-3.jpg?size=204x136&lossy=2&strip=1&webp=1 204w, https:\/\/b3871678.smushcdn.com\/3871678\/wp-content\/uploads\/2020\/09\/AQUAQUICK-2000-SP-PACKAGING-MADE-IN-2015-3.jpg?size=408x272&lossy=2&strip=1&webp=1 408w, https:\/\/b3871678.smushcdn.com\/3871678\/wp-content\/uploads\/2020\/09\/AQUAQUICK-2000-SP-PACKAGING-MADE-IN-2015-3.jpg?size=1020x680&lossy=2&strip=1&webp=1 1020w\" data-sizes=\"auto\" title=\"\" src=\"data:image\/svg+xml;base64,PHN2ZyB3aWR0aD0iMSIgaGVpZ2h0PSIxIiB4bWxucz0iaHR0cDovL3d3dy53My5vcmcvMjAwMC9zdmciPjwvc3ZnPg==\" style=\"--smush-placeholder-width: 1206px; --smush-placeholder-aspect-ratio: 1206\/804;\" data-original-sizes=\"(max-width: 1206px) 100vw, 1206px\">\t\t\t\t\t\t\t\t\t\t\t<\/div>\n\t\t\t\t\t<\/div>\n\n\t\t<div class=\"box-text text-center\" style=\"background-color:rgb(243, 243, 243);\">\n\t\t\t<div class=\"box-text-inner\">\n\t\t\t\t\n\n<h4>AQUAQUICK 2000 SP &amp; AQUAQUICK 2000 SP R2U<\/h4>\n<p>Esta \u00e9 uma foto da AQUAQUICK 2000 SP <br>E AQUAQUICK 2000 SP R2U<em><strong>(Pronto para uso)<\/strong><\/em><\/p>\n\n\t\t\t<\/div>\n\t\t<\/div>\n\t<\/div>\n\t\n\n\t\t<\/div>\n\t\t\t\t\t<\/div>\n\n\t\n\n<\/div>\n\n\t\t<\/div>\n\t\t\t\t\t<\/div>\n\n\t\n\n<\/div>\n\n\t\t<\/div>\n\n\t\t\n<style>\n#section_34231793 {\n  padding-top: 30px;\n  padding-bottom: 30px;\n}\n<\/style>\n\t<\/section>","protected":false},"excerpt":{"rendered":"","protected":false},"author":1,"featured_media":8679,"parent":0,"menu_order":0,"comment_status":"closed","ping_status":"closed","template":"page-blank.php","meta":{"cybocfi_hide_featured_image":"","footnotes":"","_links_to":"","_links_to_target":""},"class_list":["post-8658","page","type-page","status-publish","has-post-thumbnail","hentry"],"_links":{"self":[{"href":"https:\/\/www.aquaquick2000.com\/pt\/wp-json\/wp\/v2\/pages\/8658","targetHints":{"allow":["GET"]}}],"collection":[{"href":"https:\/\/www.aquaquick2000.com\/pt\/wp-json\/wp\/v2\/pages"}],"about":[{"href":"https:\/\/www.aquaquick2000.com\/pt\/wp-json\/wp\/v2\/types\/page"}],"author":[{"embeddable":true,"href":"https:\/\/www.aquaquick2000.com\/pt\/wp-json\/wp\/v2\/users\/1"}],"replies":[{"embeddable":true,"href":"https:\/\/www.aquaquick2000.com\/pt\/wp-json\/wp\/v2\/comments?post=8658"}],"version-history":[{"count":0,"href":"https:\/\/www.aquaquick2000.com\/pt\/wp-json\/wp\/v2\/pages\/8658\/revisions"}],"wp:featuredmedia":[{"embeddable":true,"href":"https:\/\/www.aquaquick2000.com\/pt\/wp-json\/wp\/v2\/media\/8679"}],"wp:attachment":[{"href":"https:\/\/www.aquaquick2000.com\/pt\/wp-json\/wp\/v2\/media?parent=8658"}],"curies":[{"name":"wp","href":"https:\/\/api.w.org\/{rel}","templated":true}]}}