{"id":8738,"date":"2020-11-21T03:53:55","date_gmt":"2020-11-21T03:53:55","guid":{"rendered":"https:\/\/www.aquaquick2000.com\/?page_id=8738"},"modified":"2023-01-26T14:09:41","modified_gmt":"2023-01-26T14:09:41","slug":"branding-media","status":"publish","type":"page","link":"https:\/\/www.aquaquick2000.com\/pt\/aquaquick-2000-media\/branding-media\/","title":{"rendered":"M\u00eddia de marca"},"content":{"rendered":"<section class=\"section\" id=\"section_1877560838\">\n\t\t<div class=\"section-bg fill\" >\n\t\t\t<img decoding=\"async\" width=\"1920\" height=\"1200\" src=\"https:\/\/b3871678.smushcdn.com\/3871678\/wp-content\/uploads\/2020\/09\/AQUAQUICK-2000-Water-Style.jpg?lossy=2&strip=1&webp=1\" class=\"bg attachment- size-\" alt=\"\" title=\"\" srcset=\"https:\/\/b3871678.smushcdn.com\/3871678\/wp-content\/uploads\/2020\/09\/AQUAQUICK-2000-Water-Style.jpg?lossy=2&amp;strip=1&amp;webp=1 1920w, https:\/\/b3871678.smushcdn.com\/3871678\/wp-content\/uploads\/2020\/09\/AQUAQUICK-2000-Water-Style-510x319.jpg?lossy=2&amp;strip=1&amp;webp=1 510w, https:\/\/b3871678.smushcdn.com\/3871678\/wp-content\/uploads\/2020\/09\/AQUAQUICK-2000-Water-Style-500x313.jpg?lossy=2&amp;strip=1&amp;webp=1 500w, https:\/\/b3871678.smushcdn.com\/3871678\/wp-content\/uploads\/2020\/09\/AQUAQUICK-2000-Water-Style-1280x800.jpg?lossy=2&amp;strip=1&amp;webp=1 1280w, https:\/\/b3871678.smushcdn.com\/3871678\/wp-content\/uploads\/2020\/09\/AQUAQUICK-2000-Water-Style-768x480.jpg?lossy=2&amp;strip=1&amp;webp=1 768w, https:\/\/b3871678.smushcdn.com\/3871678\/wp-content\/uploads\/2020\/09\/AQUAQUICK-2000-Water-Style-1536x960.jpg?lossy=2&amp;strip=1&amp;webp=1 1536w, https:\/\/b3871678.smushcdn.com\/3871678\/wp-content\/uploads\/2020\/09\/AQUAQUICK-2000-Water-Style.jpg?size=204x128&amp;lossy=2&amp;strip=1&amp;webp=1 204w, https:\/\/b3871678.smushcdn.com\/3871678\/wp-content\/uploads\/2020\/09\/AQUAQUICK-2000-Water-Style.jpg?size=408x255&amp;lossy=2&amp;strip=1&amp;webp=1 408w, https:\/\/b3871678.smushcdn.com\/3871678\/wp-content\/uploads\/2020\/09\/AQUAQUICK-2000-Water-Style.jpg?size=612x383&amp;lossy=2&amp;strip=1&amp;webp=1 612w, https:\/\/b3871678.smushcdn.com\/3871678\/wp-content\/uploads\/2020\/09\/AQUAQUICK-2000-Water-Style.jpg?size=1020x638&amp;lossy=2&amp;strip=1&amp;webp=1 1020w\" sizes=\"(max-width: 1920px) 100vw, 1920px\">\t\t\t\t\t\t<div class=\"section-bg-overlay absolute fill\"><\/div>\n\t\t\t\n\n\t\t<\/div>\n\n\t\t\n\n\t\t<div class=\"section-content relative\">\n\t\t\t\n\n<div class=\"row row-collapse align-equal row-divided row-box-shadow-1 row-box-shadow-4-hover\"  id=\"row-526596130\">\n\n\n\t<div id=\"col-1764453136\" class=\"col medium-4 small-12 large-2\"  >\n\t\t\t\t<div class=\"col-inner\"  >\n\t\t\t\n\t\t\t\n\n<a href=\"https:\/\/www.aquaquick2000.com\/pt\/aquaquick-2000-media\/product-media\/\" class=\"button primary is-underline is-small expand\" >\n\t\t<span>M\u00eddia do produto<\/span>\n\t<\/a>\n\n\n\n\t\t<\/div>\n\t\t\t\t\t<\/div>\n\n\t\n\n\t<div id=\"col-1960267030\" class=\"col medium-4 small-12 large-2\"  >\n\t\t\t\t<div class=\"col-inner\"  >\n\t\t\t\n\t\t\t\n\n<a href=\"https:\/\/www.aquaquick2000.com\/pt\/aquaquick-2000-media\/demo-media\/\" class=\"button primary is-link is-small expand\" >\n\t\t<span>M\u00eddia de demonstra\u00e7\u00e3o<\/span>\n\t<\/a>\n\n\n\n\t\t<\/div>\n\t\t\t\t\t<\/div>\n\n\t\n\n\t<div id=\"col-187026743\" class=\"col medium-4 small-12 large-2\"  >\n\t\t\t\t<div class=\"col-inner\"  >\n\t\t\t\n\t\t\t\n\n<a href=\"https:\/\/www.aquaquick2000.com\/pt\/aquaquick-2000-media\/branding-media\/\" class=\"button primary is-link is-small expand\" >\n\t\t<span>M\u00eddia de marca<\/span>\n\t<\/a>\n\n\n\n\t\t<\/div>\n\t\t\t\t\t<\/div>\n\n\t\n\n\t<div id=\"col-1492091436\" class=\"col medium-4 small-12 large-2\"  >\n\t\t\t\t<div class=\"col-inner\"  >\n\t\t\t\n\t\t\t\n\n<a href=\"https:\/\/www.aquaquick2000.com\/pt\/aquaquick-2000-media\/history-media\/\" class=\"button primary is-link is-small expand\" >\n\t\t<span>Hist\u00f3ria MEdia<\/span>\n\t<\/a>\n\n\n\n\t\t<\/div>\n\t\t\t\t\t<\/div>\n\n\t\n\n\t<div id=\"col-1312282772\" class=\"col medium-4 small-12 large-2\"  >\n\t\t\t\t<div class=\"col-inner\"  >\n\t\t\t\n\t\t\t\n\n<a href=\"https:\/\/www.aquaquick2000.com\/pt\/aquaquick-2000-media\/treinamento-materiais\/\" class=\"button primary is-link is-small expand\" >\n\t\t<span>Materiais de treinamento<\/span>\n\t<\/a>\n\n\n\n\t\t<\/div>\n\t\t\t\t\t<\/div>\n\n\t\n\n\t<div id=\"col-488972792\" class=\"col medium-4 small-12 large-2\"  >\n\t\t\t\t<div class=\"col-inner\"  >\n\t\t\t\n\t\t\t\n\n<a href=\"https:\/\/www.aquaquick2000.com\/pt\/aquaquick-2000-media\/additional-media\/\" class=\"button primary is-link is-small expand\" >\n\t\t<span>M\u00eddia adicional<\/span>\n\t<\/a>\n\n\n\n\t\t<\/div>\n\t\t\t\t\t<\/div>\n\n\t\n\n\n<style>\n#row-526596130 > .col > .col-inner {\n  padding: 15px 0px 0px 0px;\n  background-color: rgb(255,255,255);\n}\n<\/style>\n<\/div>\n\n\t<div id=\"gap-1542703668\" class=\"gap-element clearfix\" style=\"display:block; height:auto;\">\n\t\t\n<style>\n#gap-1542703668 {\n  padding-top: 20px;\n}\n<\/style>\n\t<\/div>\n\t\n\n<h2 style=\"text-align: center;\">M\u00eddia de marca da AQUAQUICK 2000<\/h2>\n\n\t\t<\/div>\n\n\t\t\n<style>\n#section_1877560838 {\n  padding-top: 30px;\n  padding-bottom: 30px;\n  min-height: 240px;\n  background-color: rgb(245, 247, 251);\n}\n#section_1877560838 .section-bg-overlay {\n  background-color: rgba(255, 255, 255, 0.55);\n}\n<\/style>\n\t<\/section>\n\t\n\n\t<section class=\"section\" id=\"section_1042410141\">\n\t\t<div class=\"section-bg fill\" >\n\t\t\t\t\t\t\t\t\t\n\t\t\t\n\n\t\t<\/div>\n\n\t\t\n\n\t\t<div class=\"section-content relative\">\n\t\t\t\n\n<div class=\"row\"  id=\"row-386372150\">\n\n\n\t<div id=\"col-1303073343\" class=\"col medium-3 small-12 large-3\"  >\n\t\t\t\t<div class=\"col-inner box-shadow-2\" style=\"background-color:rgb(255,255,255);\" >\n\t\t\t\n\t\t\t\n\n<h2>Banco de dados de m\u00eddia<\/h2>\n<ul class=\"sidebar-wrapper ul-reset\"><div class=\"menu-media-manager-menu-container\"><ul id=\"menu-media-manager-menu\" class=\"menu\"><li id=\"menu-item-8734\" class=\"menu-item menu-item-type-post_type menu-item-object-page menu-item-8734\"><a href=\"https:\/\/www.aquaquick2000.com\/pt\/aquaquick-2000-media\/\">Todos os meios de comunica\u00e7\u00e3o<\/a><\/li>\n<li id=\"menu-item-8762\" class=\"menu-item menu-item-type-post_type menu-item-object-page menu-item-has-children menu-item-8762\"><a href=\"https:\/\/www.aquaquick2000.com\/pt\/aquaquick-2000-media\/demo-media\/\">M\u00eddia Demo<\/a>\n<ul class=\"sub-menu\">\n\t<li id=\"menu-item-8974\" class=\"menu-item menu-item-type-post_type menu-item-object-page menu-item-8974\"><a href=\"https:\/\/www.aquaquick2000.com\/pt\/aquaquick-2000-media\/demo-media\/angeles-power-piston-cleaning-with-aquaquick-2000\/\">Angeles Power Piston Cleaning com AQUAQUICK 2000<\/a><\/li>\n\t<li id=\"menu-item-8975\" class=\"menu-item menu-item-type-post_type menu-item-object-page menu-item-8975\"><a href=\"https:\/\/www.aquaquick2000.com\/pt\/aquaquick-2000-media\/demo-media\/aquaquick-2000-degreasing-process\/\">AQUAQUICK 2000 Processo de desengraxe<\/a><\/li>\n\t<li id=\"menu-item-8976\" class=\"menu-item menu-item-type-post_type menu-item-object-page menu-item-8976\"><a href=\"https:\/\/www.aquaquick2000.com\/pt\/aquaquick-2000-media\/demo-media\/aquaquick-2000-eco-plus-demo-oil-spill-on-surface\/\">AQUAQUICK 2000 Eco Plus Demo derramamento de \u00f3leo na superf\u00edcie<\/a><\/li>\n\t<li id=\"menu-item-8977\" class=\"menu-item menu-item-type-post_type menu-item-object-page menu-item-8977\"><a href=\"https:\/\/www.aquaquick2000.com\/pt\/aquaquick-2000-media\/demo-media\/aquaquick-2000-ecoh2o-bottle-test\/\">AQUAQUICK 2000 EcoH2O Teste da garrafa<\/a><\/li>\n\t<li id=\"menu-item-8978\" class=\"menu-item menu-item-type-post_type menu-item-object-page menu-item-8978\"><a href=\"https:\/\/www.aquaquick2000.com\/pt\/aquaquick-2000-media\/demo-media\/aquaquick-2000-emergency-spill-kit\/\">AQUAQUICK 2000 Emergency Spill Kit<\/a><\/li>\n\t<li id=\"menu-item-8979\" class=\"menu-item menu-item-type-post_type menu-item-object-page menu-item-8979\"><a href=\"https:\/\/www.aquaquick2000.com\/pt\/aquaquick-2000-media\/demo-media\/aquaquick-2000-fuel-fire-extinguish-demo-petrochina\/\">AQUAQUICK 2000 Combust\u00edvel extinguir inc\u00eandio Demo Petrochina<\/a><\/li>\n\t<li id=\"menu-item-8980\" class=\"menu-item menu-item-type-post_type menu-item-object-page menu-item-8980\"><a href=\"https:\/\/www.aquaquick2000.com\/pt\/aquaquick-2000-media\/demo-media\/aquaquick-2000-fuel-fire-extinguisher-fire-demo-at-medco\/\">AQUAQUICK 2000 - Demonstra\u00e7\u00e3o do Extintor de Inc\u00eandio de Combust\u00edvel AQUAQUICK 2000 na Medco<\/a><\/li>\n\t<li id=\"menu-item-8981\" class=\"menu-item menu-item-type-post_type menu-item-object-page menu-item-8981\"><a href=\"https:\/\/www.aquaquick2000.com\/pt\/aquaquick-2000-media\/demo-media\/aquaquick-2000-lake-treatment\/\">AQUAQUICK 2000 Tratamento do Lago<\/a><\/li>\n\t<li id=\"menu-item-8982\" class=\"menu-item menu-item-type-post_type menu-item-object-page menu-item-8982\"><a href=\"https:\/\/www.aquaquick2000.com\/pt\/aquaquick-2000-media\/demo-media\/aquaquick-2000-mercaptan-to-remove-odor-at-isla-shell\/\">AQUAQUICK 2000 Mercaptan para remover o odor na casca da isla<\/a><\/li>\n\t<li id=\"menu-item-8983\" class=\"menu-item menu-item-type-post_type menu-item-object-page menu-item-8983\"><a href=\"https:\/\/www.aquaquick2000.com\/pt\/aquaquick-2000-media\/demo-media\/demo-on-gas-cylinder-cleaning-with-aquaquick-2000-2\/\">AQUAQUICK 2000 Componentes com manchas de \u00f3leo e graxa limpos<\/a><\/li>\n\t<li id=\"menu-item-8984\" class=\"menu-item menu-item-type-post_type menu-item-object-page menu-item-8984\"><a href=\"https:\/\/www.aquaquick2000.com\/pt\/aquaquick-2000-media\/demo-media\/aquaquick-2000-oil-cleaning-demo-at-weatherford-in-australia\/\">AQUAQUICK 2000 Demo de limpeza de \u00f3leo em Weatherford na Austr\u00e1lia<\/a><\/li>\n\t<li id=\"menu-item-8985\" class=\"menu-item menu-item-type-post_type menu-item-object-page menu-item-8985\"><a href=\"https:\/\/www.aquaquick2000.com\/pt\/aquaquick-2000-media\/demo-media\/aquaquick-2000-oil-spill-demo-at-airport-schiphol\/\">AQUAQUICK 2000 Demo de derramamento de \u00f3leo no Aeroporto Schiphol<\/a><\/li>\n\t<li id=\"menu-item-8986\" class=\"menu-item menu-item-type-post_type menu-item-object-page menu-item-8986\"><a href=\"https:\/\/www.aquaquick2000.com\/pt\/aquaquick-2000-media\/demo-media\/aquaquick-2000-oil-spill-in-nipa-palm-plantation\/\">AQUAQUICK 2000 derramamento de \u00f3leo na planta\u00e7\u00e3o de palma Nipa<\/a><\/li>\n\t<li id=\"menu-item-8987\" class=\"menu-item menu-item-type-post_type menu-item-object-page menu-item-8987\"><a href=\"https:\/\/www.aquaquick2000.com\/pt\/aquaquick-2000-media\/demo-media\/aquaquick-2000-oil-spill-maintenance-cleanup-demo\/\">AQUAQUICK 2000 Manuten\u00e7\u00e3o de Derramamento de \u00d3leo Limpeza Demo<\/a><\/li>\n\t<li id=\"menu-item-8988\" class=\"menu-item menu-item-type-post_type menu-item-object-page menu-item-8988\"><a href=\"https:\/\/www.aquaquick2000.com\/pt\/aquaquick-2000-media\/demo-media\/aquaquick-2000-oil-spill-maintenance-cleanup-demo-part-2\/\">AQUAQUICK 2000 Oil Spill Maintenance Cleanup Demo parte 2<\/a><\/li>\n\t<li id=\"menu-item-8989\" class=\"menu-item menu-item-type-post_type menu-item-object-page menu-item-8989\"><a href=\"https:\/\/www.aquaquick2000.com\/pt\/aquaquick-2000-media\/demo-media\/aquaquick-2000-oil-spill-pond-demo-in-asia\/\">AQUAQUICK 2000 Demo de derramamento de petr\u00f3leo na \u00c1sia<\/a><\/li>\n\t<li id=\"menu-item-8990\" class=\"menu-item menu-item-type-post_type menu-item-object-page menu-item-8990\"><a href=\"https:\/\/www.aquaquick2000.com\/pt\/aquaquick-2000-media\/demo-media\/aquaquick-2000-pdb-tank-cleaning-project\/\">Projeto de limpeza de tanques AQUAQUICK 2000 PDB<\/a><\/li>\n\t<li id=\"menu-item-8991\" class=\"menu-item menu-item-type-post_type menu-item-object-page menu-item-8991\"><a href=\"https:\/\/www.aquaquick2000.com\/pt\/aquaquick-2000-media\/demo-media\/aquaquick-2000-pdo-oman-oil-sludge-tank-cleaning\/\">AQUAQUICK 2000 PDO OMAN Limpeza do tanque de lodo de \u00f3leo<\/a><\/li>\n\t<li id=\"menu-item-8992\" class=\"menu-item menu-item-type-post_type menu-item-object-page menu-item-8992\"><a href=\"https:\/\/www.aquaquick2000.com\/pt\/aquaquick-2000-media\/demo-media\/aquaquick-2000-petronas-dagangan-soil-treatment-project\/\">AQUAQUICK 2000 Projeto de Tratamento de Solos Petronas Dagangan<\/a><\/li>\n\t<li id=\"menu-item-8993\" class=\"menu-item menu-item-type-post_type menu-item-object-page menu-item-8993\"><a href=\"https:\/\/www.aquaquick2000.com\/pt\/aquaquick-2000-media\/demo-media\/aquaquick-2000-phiphi-island-oil-spill-in-pond-cleanup\/\">AQUAQUICK 2000 Ilha Phiphi Derrame de \u00f3leo na limpeza de lago<\/a><\/li>\n\t<li id=\"menu-item-8994\" class=\"menu-item menu-item-type-post_type menu-item-object-page menu-item-8994\"><a href=\"https:\/\/www.aquaquick2000.com\/pt\/aquaquick-2000-media\/demo-media\/aquaquick-2000-suitable-cleaning-application-for-aircon-filter-cleaning\/\">AQUAQUICK 2000 aplica\u00e7\u00e3o de limpeza adequada para limpeza do filtro de ar condicionado<\/a><\/li>\n\t<li id=\"menu-item-8995\" class=\"menu-item menu-item-type-post_type menu-item-object-page menu-item-8995\"><a href=\"https:\/\/www.aquaquick2000.com\/pt\/aquaquick-2000-media\/demo-media\/aquaquick-2000-suitable-cleaning-solution-for-manufacturers\/\">AQUAQUICK 2000 Solu\u00e7\u00e3o de limpeza adequada para os fabricantes<\/a><\/li>\n\t<li id=\"menu-item-8996\" class=\"menu-item menu-item-type-post_type menu-item-object-page menu-item-8996\"><a href=\"https:\/\/www.aquaquick2000.com\/pt\/aquaquick-2000-media\/demo-media\/aquaquick-2000-total-cleaning-solution-for-restaurants-and-kitchens\/\">AQUAQUICK 2000 Solu\u00e7\u00e3o de limpeza total para restaurantes e cozinhas<\/a><\/li>\n\t<li id=\"menu-item-8997\" class=\"menu-item menu-item-type-post_type menu-item-object-page menu-item-8997\"><a href=\"https:\/\/www.aquaquick2000.com\/pt\/aquaquick-2000-media\/demo-media\/aquaquick-2000-used-for-oil-spill-cleanup-handal-offshore\/\">AQUAQUICK 2000 utilizado para limpeza de derrames de petr\u00f3leo Handal Offshore<\/a><\/li>\n\t<li id=\"menu-item-8998\" class=\"menu-item menu-item-type-post_type menu-item-object-page menu-item-8998\"><a href=\"https:\/\/www.aquaquick2000.com\/pt\/aquaquick-2000-media\/demo-media\/aquaquick-2000-used-for-road-spill-cleanup-by-firefighter-brigade-the-netherlands\/\">AQUAQUICK 2000 utilizado para limpeza de derrames rodovi\u00e1rios pelos Bombeiros de Bombeiros da Holanda<\/a><\/li>\n\t<li id=\"menu-item-8999\" class=\"menu-item menu-item-type-post_type menu-item-object-page menu-item-8999\"><a href=\"https:\/\/www.aquaquick2000.com\/pt\/aquaquick-2000-media\/demo-media\/aquaquick-2000-used-in-oil-spill-cleanup-in-philippines-featured-on-the-news\/\">AQUAQUICK 2000 utilizado na limpeza de derrames de petr\u00f3leo nas Filipinas foi destaque nas not\u00edcias<\/a><\/li>\n\t<li id=\"menu-item-9000\" class=\"menu-item menu-item-type-post_type menu-item-object-page menu-item-9000\"><a href=\"https:\/\/www.aquaquick2000.com\/pt\/aquaquick-2000-media\/demo-media\/aquaquick-2000-washing-hands-removing-all-oil-stains\/\">AQUAQUICK 2000 Lavagem das m\u00e3os removendo todas as manchas de \u00f3leo<\/a><\/li>\n\t<li id=\"menu-item-9001\" class=\"menu-item menu-item-type-post_type menu-item-object-page menu-item-9001\"><a href=\"https:\/\/www.aquaquick2000.com\/pt\/aquaquick-2000-media\/demo-media\/aquaquick-2000-wildlife-oil-washing-at-vogel-asiel-de-paddestoel-den-helder\/\">AQUAQUICK 2000 Lavagem de \u00f3leo de vida selvagem no vogel Asiel de Paddestoel Den Helder<\/a><\/li>\n\t<li id=\"menu-item-9002\" class=\"menu-item menu-item-type-post_type menu-item-object-page menu-item-9002\"><a href=\"https:\/\/www.aquaquick2000.com\/pt\/aquaquick-2000-media\/demo-media\/aquaquick-estancia-oil-spill-shoreline-cleanup\/\">AQUAQUICK Est\u00e2ncia Limpeza da linha costeira de derramamento de \u00f3leo<\/a><\/li>\n\t<li id=\"menu-item-9003\" class=\"menu-item menu-item-type-post_type menu-item-object-page menu-item-9003\"><a href=\"https:\/\/www.aquaquick2000.com\/pt\/aquaquick-2000-media\/demo-media\/cleaning-greasetrap-with-aquaquick-2000\/\">Greasetrap de limpeza com AQUAQUICK 2000<\/a><\/li>\n\t<li id=\"menu-item-9004\" class=\"menu-item menu-item-type-post_type menu-item-object-page menu-item-9004\"><a href=\"https:\/\/www.aquaquick2000.com\/pt\/aquaquick-2000-media\/demo-media\/cleaning-machinery-parts-and-components-with-aquaquick-2000\/\">Pe\u00e7as e componentes de m\u00e1quinas de limpeza com AQUAQUICK 2000<\/a><\/li>\n\t<li id=\"menu-item-9005\" class=\"menu-item menu-item-type-post_type menu-item-object-page menu-item-9005\"><a href=\"https:\/\/www.aquaquick2000.com\/pt\/aquaquick-2000-media\/demo-media\/demo-on-gas-cylinder-cleaning-with-aquaquick-2000\/\">Demonstra\u00e7\u00e3o sobre limpeza de cilindros de g\u00e1s com AQUAQUICK 2000<\/a><\/li>\n\t<li id=\"menu-item-9006\" class=\"menu-item menu-item-type-post_type menu-item-object-page menu-item-9006\"><a href=\"https:\/\/www.aquaquick2000.com\/pt\/aquaquick-2000-media\/demo-media\/greasetrap-cleaning-at-kfc-using-aquaquick-2000\/\">Limpeza de graxa na KFC usando AQUAQUICK 2000<\/a><\/li>\n\t<li id=\"menu-item-9007\" class=\"menu-item menu-item-type-post_type menu-item-object-page menu-item-9007\"><a href=\"https:\/\/www.aquaquick2000.com\/pt\/aquaquick-2000-media\/demo-media\/oil-base-mud-cleaning-test-with-aquaquick-2000\/\">Teste de limpeza de lama \u00e0 base de \u00f3leo com AQUAQUICK 2000<\/a><\/li>\n\t<li id=\"menu-item-9008\" class=\"menu-item menu-item-type-post_type menu-item-object-page menu-item-9008\"><a href=\"https:\/\/www.aquaquick2000.com\/pt\/aquaquick-2000-media\/demo-media\/oil-spill-cleanup-in-cebu-city-using-aquaquick-2000\/\">Limpeza de derramamento de \u00f3leo na cidade de Cebu usando AQUAQUICK 2000<\/a><\/li>\n\t<li id=\"menu-item-9009\" class=\"menu-item menu-item-type-post_type menu-item-object-page menu-item-9009\"><a href=\"https:\/\/www.aquaquick2000.com\/pt\/aquaquick-2000-media\/demo-media\/oil-spill-cleanup-in-cebu-city-using-aquaquick-2000-part-2\/\">Limpeza de derramamento de \u00f3leo na cidade de Cebu usando AQUAQUICK 2000 Parte 2<\/a><\/li>\n\t<li id=\"menu-item-9010\" class=\"menu-item menu-item-type-post_type menu-item-object-page menu-item-9010\"><a href=\"https:\/\/www.aquaquick2000.com\/pt\/aquaquick-2000-media\/demo-media\/oil-spill-maintenance-cleanup-on-rig-and-deck-using-aquaquick-2000\/\">Limpeza de manuten\u00e7\u00e3o de derramamento de \u00f3leo em Rig e Deck usando AQUAQUICK 2000<\/a><\/li>\n\t<li id=\"menu-item-9011\" class=\"menu-item menu-item-type-post_type menu-item-object-page menu-item-9011\"><a href=\"https:\/\/www.aquaquick2000.com\/pt\/aquaquick-2000-media\/demo-media\/petron-soil-washing-demo-using-aquaquick-2000\/\">Demonstra\u00e7\u00e3o da Lavagem de Solos Petron usando AQUAQUICK 2000<\/a><\/li>\n\t<li id=\"menu-item-9012\" class=\"menu-item menu-item-type-post_type menu-item-object-page menu-item-9012\"><a href=\"https:\/\/www.aquaquick2000.com\/pt\/aquaquick-2000-media\/demo-media\/petronas-melaka-maintenance-cleanup-using-aquaquick-2000\/\">Petronas Melaka Manuten\u00e7\u00e3o Limpeza Usando AQUAQUICK 2000<\/a><\/li>\n\t<li id=\"menu-item-9013\" class=\"menu-item menu-item-type-post_type menu-item-object-page menu-item-9013\"><a href=\"https:\/\/www.aquaquick2000.com\/pt\/aquaquick-2000-media\/demo-media\/petronas-melaka-maintenance-cleanup-using-aquaquick-2000-part-2\/\">Petronas Melaka Manuten\u00e7\u00e3o Limpeza Usando AQUAQUICK 2000 Parte 2<\/a><\/li>\n\t<li id=\"menu-item-9014\" class=\"menu-item menu-item-type-post_type menu-item-object-page menu-item-9014\"><a href=\"https:\/\/www.aquaquick2000.com\/pt\/aquaquick-2000-media\/demo-media\/pulau-tioman-oil-spill-cleanup-demo-using-aquaquick-2000\/\">Pulau Tioman Demo de limpeza de derramamento de \u00f3leo usando AQUAQUICK 2000<\/a><\/li>\n\t<li id=\"menu-item-9015\" class=\"menu-item menu-item-type-post_type menu-item-object-page menu-item-9015\"><a href=\"https:\/\/www.aquaquick2000.com\/pt\/aquaquick-2000-media\/demo-media\/rosario-cavite-oil-spill-cleanup-demo-using-aquaquick-2000-in-australia\/\">Rosario Cavite Oil Spillup Demo usando AQUAQUICK 2000 na Austr\u00e1lia<\/a><\/li>\n\t<li id=\"menu-item-9016\" class=\"menu-item menu-item-type-post_type menu-item-object-page menu-item-9016\"><a href=\"https:\/\/www.aquaquick2000.com\/pt\/aquaquick-2000-media\/demo-media\/sea-oil-spill-rig-cleaning-demo-using-aquaquick-2000\/\">Demo de limpeza de plataformas de derramamento de \u00f3leo mar\u00edtimo usando AQUAQUICK 2000<\/a><\/li>\n\t<li id=\"menu-item-9018\" class=\"menu-item menu-item-type-post_type menu-item-object-page menu-item-9018\"><a href=\"https:\/\/www.aquaquick2000.com\/pt\/aquaquick-2000-media\/demo-media\/sime-darby-cleanup-demo-using-aquaquick-2000\/\">Sime Darby Cleanup Demo usando AQUAQUICK 2000<\/a><\/li>\n\t<li id=\"menu-item-9017\" class=\"menu-item menu-item-type-post_type menu-item-object-page menu-item-9017\"><a href=\"https:\/\/www.aquaquick2000.com\/pt\/aquaquick-2000-media\/demo-media\/sea-oil-spill-rig-cleaning-demo-using-aquaquick-2000-part-2\/\">Demonstra\u00e7\u00e3o da Limpeza da Plataforma de Derrame de \u00d3leo Mar\u00edtimo Usando AQUAQUICK 2000 Parte 2<\/a><\/li>\n\t<li id=\"menu-item-9019\" class=\"menu-item menu-item-type-post_type menu-item-object-page menu-item-9019\"><a href=\"https:\/\/www.aquaquick2000.com\/pt\/aquaquick-2000-media\/demo-media\/soil-washing-demo-at-petron-using-aquaquick-2000\/\">Demonstra\u00e7\u00e3o de Lavagem de Solo na Petron usando AQUAQUICK 2000<\/a><\/li>\n\t<li id=\"menu-item-9020\" class=\"menu-item menu-item-type-post_type menu-item-object-page menu-item-9020\"><a href=\"https:\/\/www.aquaquick2000.com\/pt\/aquaquick-2000-media\/demo-media\/surface-oil-spill-cleaning-demo-using-aquaquick-2000\/\">Demonstra\u00e7\u00e3o de limpeza de derramamento de \u00f3leo superficial usando AQUAQUICK 2000<\/a><\/li>\n\t<li id=\"menu-item-9021\" class=\"menu-item menu-item-type-post_type menu-item-object-page menu-item-9021\"><a href=\"https:\/\/www.aquaquick2000.com\/pt\/aquaquick-2000-media\/demo-media\/surface-oil-spill-cleaning-demo-using-aquaquick-2000-part-2\/\">Demonstra\u00e7\u00e3o de limpeza de derramamento de \u00f3leo superficial usando AQUAQUICK 2000 Parte 2<\/a><\/li>\n\t<li id=\"menu-item-9022\" class=\"menu-item menu-item-type-post_type menu-item-object-page menu-item-9022\"><a href=\"https:\/\/www.aquaquick2000.com\/pt\/aquaquick-2000-media\/demo-media\/tank-cleaning-demo-using-aquaquick-2000\/\">Demonstra\u00e7\u00e3o de limpeza de tanques usando AQUAQUICK 2000<\/a><\/li>\n\t<li id=\"menu-item-9023\" class=\"menu-item menu-item-type-post_type menu-item-object-page menu-item-9023\"><a href=\"https:\/\/www.aquaquick2000.com\/pt\/aquaquick-2000-media\/demo-media\/tank-cleaning-demo-using-aquaquick-2000-part-2\/\">Demonstra\u00e7\u00e3o de limpeza de tanques usando AQUAQUICK 2000 Parte 2<\/a><\/li>\n\t<li id=\"menu-item-9024\" class=\"menu-item menu-item-type-post_type menu-item-object-page menu-item-9024\"><a href=\"https:\/\/www.aquaquick2000.com\/pt\/aquaquick-2000-media\/demo-media\/ultra-sonic-cleaning-in-combination-with-aquaquick-2000\/\">Limpeza ultra-s\u00f4nica em combina\u00e7\u00e3o com AQUAQUICK 2000<\/a><\/li>\n\t<li id=\"menu-item-9025\" class=\"menu-item menu-item-type-post_type menu-item-object-page menu-item-9025\"><a href=\"https:\/\/www.aquaquick2000.com\/pt\/aquaquick-2000-media\/demo-media\/umw-petrodril-soil-wash-using-aquaquick-2000\/\">UMW Petrodril Soil Wash usando AQUAQUICK 2000<\/a><\/li>\n<\/ul>\n<\/li>\n<li id=\"menu-item-8760\" class=\"menu-item menu-item-type-post_type menu-item-object-page menu-item-8760\"><a href=\"https:\/\/www.aquaquick2000.com\/pt\/aquaquick-2000-media\/history-media\/\">Hist\u00f3ria M\u00eddia<\/a><\/li>\n<li id=\"menu-item-8761\" class=\"menu-item menu-item-type-post_type menu-item-object-page menu-item-8761\"><a href=\"https:\/\/www.aquaquick2000.com\/pt\/aquaquick-2000-media\/branding-media\/\">M\u00eddia de marca<\/a><\/li>\n<li id=\"menu-item-8735\" class=\"menu-item menu-item-type-post_type menu-item-object-page menu-item-8735\"><a href=\"https:\/\/www.aquaquick2000.com\/pt\/aquaquick-2000-media\/product-media\/\">M\u00eddia do produto<\/a><\/li>\n<li id=\"menu-item-8759\" class=\"menu-item menu-item-type-post_type menu-item-object-page menu-item-8759\"><a href=\"https:\/\/www.aquaquick2000.com\/pt\/aquaquick-2000-media\/training-materials\/\">Materiais de treinamento<\/a><\/li>\n<li id=\"menu-item-8758\" class=\"menu-item menu-item-type-post_type menu-item-object-page menu-item-8758\"><a href=\"https:\/\/www.aquaquick2000.com\/pt\/aquaquick-2000-media\/additional-media\/\">M\u00eddia adicional<\/a><\/li>\n<\/ul><\/div><\/ul>\n\n\t<div id=\"gap-1705650525\" class=\"gap-element clearfix\" style=\"display:block; height:auto;\">\n\t\t\n<style>\n#gap-1705650525 {\n  padding-top: 10px;\n}\n<\/style>\n\t<\/div>\n\t\n\n\n\t\t<\/div>\n\t\t\t\t\n<style>\n#col-1303073343 > .col-inner {\n  padding: 15px 15px 0px 15px;\n}\n<\/style>\n\t<\/div>\n\n\t\n\n\t<div id=\"col-1882196498\" class=\"col medium-9 small-12 large-9\"  >\n\t\t\t\t<div class=\"col-inner\"  >\n\t\t\t\n\t\t\t\n\n<p class=\"lead shortcode-error text-center\">Desculpe, nenhuma p\u00e1gina foi encontrada<\/p>\n  \n    <div class=\"row large-columns-3 medium-columns- small-columns-2 has-shadow row-box-shadow-2 row-box-shadow-4-hover\" >\n  <\/div>\n\n\n\t\t<\/div>\n\t\t\t\t\t<\/div>\n\n\t\n\n<\/div>\n\n\t\t<\/div>\n\n\t\t\n<style>\n#section_1042410141 {\n  padding-top: 30px;\n  padding-bottom: 30px;\n  background-color: rgb(242, 242, 242);\n}\n<\/style>\n\t<\/section>","protected":false},"excerpt":{"rendered":"","protected":false},"author":1,"featured_media":8755,"parent":8730,"menu_order":0,"comment_status":"closed","ping_status":"closed","template":"page-blank.php","meta":{"cybocfi_hide_featured_image":"","footnotes":"","_links_to":"","_links_to_target":""},"class_list":["post-8738","page","type-page","status-publish","has-post-thumbnail","hentry"],"_links":{"self":[{"href":"https:\/\/www.aquaquick2000.com\/pt\/wp-json\/wp\/v2\/pages\/8738","targetHints":{"allow":["GET"]}}],"collection":[{"href":"https:\/\/www.aquaquick2000.com\/pt\/wp-json\/wp\/v2\/pages"}],"about":[{"href":"https:\/\/www.aquaquick2000.com\/pt\/wp-json\/wp\/v2\/types\/page"}],"author":[{"embeddable":true,"href":"https:\/\/www.aquaquick2000.com\/pt\/wp-json\/wp\/v2\/users\/1"}],"replies":[{"embeddable":true,"href":"https:\/\/www.aquaquick2000.com\/pt\/wp-json\/wp\/v2\/comments?post=8738"}],"version-history":[{"count":0,"href":"https:\/\/www.aquaquick2000.com\/pt\/wp-json\/wp\/v2\/pages\/8738\/revisions"}],"up":[{"embeddable":true,"href":"https:\/\/www.aquaquick2000.com\/pt\/wp-json\/wp\/v2\/pages\/8730"}],"wp:featuredmedia":[{"embeddable":true,"href":"https:\/\/www.aquaquick2000.com\/pt\/wp-json\/wp\/v2\/media\/8755"}],"wp:attachment":[{"href":"https:\/\/www.aquaquick2000.com\/pt\/wp-json\/wp\/v2\/media?parent=8738"}],"curies":[{"name":"wp","href":"https:\/\/api.w.org\/{rel}","templated":true}]}}