{"id":173,"date":"2014-10-24T11:31:21","date_gmt":"2014-10-24T11:31:21","guid":{"rendered":"http:\/\/xml-io.proteusthemes.com\/buildpress\/?page_id=173"},"modified":"2025-10-19T23:58:15","modified_gmt":"2025-10-19T23:58:15","slug":"aquaquick-2000-produse","status":"publish","type":"page","link":"https:\/\/www.aquaquick2000.com\/ro\/aquaquick-2000-products\/","title":{"rendered":"AQUAQUICK 2000 Produse"},"content":{"rendered":"<section class=\"section\" id=\"section_1272724661\">\n\t\t<div class=\"section-bg fill\" >\n\t\t\t\t\t\t\t\t\t\n\t\t\t\n\t<div class=\"is-border\"\n\t\tstyle=\"border-color:rgb(223, 223, 223);border-width:1px 0px 1px 0px;\">\n\t<\/div>\n\n\t\t<\/div>\n\n\t\t\n\n\t\t<div class=\"section-content relative\">\n\t\t\t\n\n<div class=\"row row-collapse align-equal\"  id=\"row-991390589\">\n\n\n\t<div id=\"col-2026223872\" class=\"col small-12 large-12\"  >\n\t\t\t\t<div class=\"col-inner\"  >\n\t\t\t\n\t\t\t\n\n<p><nav aria-label=\"pesmet\" class=\"rank-math-breadcrumb\"><p><span class=\"last\">Acas\u0103<\/span><\/p><\/nav><\/p>\n\n\n\t\t<\/div>\n\t\t\t\t\n<style>\n#col-2026223872 > .col-inner {\n  padding: 15px 0px 0px 0px;\n}\n<\/style>\n\t<\/div>\n\n\t\n\n<\/div>\n\n\t\t<\/div>\n\n\t\t\n<style>\n#section_1272724661 {\n  padding-top: 0px;\n  padding-bottom: 0px;\n  background-color: rgb(255, 255, 255);\n}\n<\/style>\n\t<\/section>\n\t\n\n\n\t<section class=\"section dark\" id=\"section_1125901568\">\n\t\t<div class=\"section-bg fill\" >\n\t\t\t\t\t\t\t\t\t\n\t\t\t\n\n\t\t<\/div>\n\n\t\t\n\n\t\t<div class=\"section-content relative\">\n\t\t\t\n\n<div class=\"row row-collapse\"  id=\"row-1940464787\">\n\n\n\t<div id=\"col-653518732\" class=\"col small-12 large-12\"  >\n\t\t\t\t<div class=\"col-inner\"  >\n\t\t\t\n\t\t\t\n\n\t<div id=\"text-4264905198\" class=\"text\">\n\t\t\n\n<h2 style=\"text-align: left;\">AQUAQUICK - Gam\u0103 complet\u0103 de solu\u021bii ecologice sigure pentru fiecare industrie<\/h2>\n\t\t\n<style>\n#text-4264905198 {\n  text-align: left;\n  color: #002860;\n}\n#text-4264905198 > * {\n  color: #002860;\n}\n<\/style>\n\t<\/div>\n\t\n\n\t\t<\/div>\n\t\t\t\t\n<style>\n#col-653518732 > .col-inner {\n  padding: 18px 0px 0px 0px;\n}\n<\/style>\n\t<\/div>\n\n\t\n\n<\/div>\n\n\t\t<\/div>\n\n\t\t\n<style>\n#section_1125901568 {\n  padding-top: 0px;\n  padding-bottom: 0px;\n  min-height: 0px;\n  background-color: #f6f6f6;\n}\n<\/style>\n\t<\/section>\n\t\n\n\t<section class=\"section\" id=\"section_797002604\">\n\t\t<div class=\"section-bg fill\" >\n\t\t\t\t\t\t\t\t\t\n\t\t\t\n\n\t\t<\/div>\n\n\t\t\n\n\t\t<div class=\"section-content relative\">\n\t\t\t\n\n<div class=\"row row-box-shadow-1\"  id=\"row-705909012\">\n\n\n\t<div id=\"col-1302280625\" class=\"col medium-6 small-12 large-6\"  >\n\t\t\t\t<div class=\"col-inner\"  >\n\t\t\t\n\t\t\t\n\n\t<div class=\"box has-hover   has-hover box-shadow-1-hover box-text-bottom\" >\n\n\t\t<div class=\"box-image\" >\n\t\t\t<a href=\"https:\/\/www.aquaquick2000.com\/ro\/aquaquick-2000-produse\/aquaquick-2000-2\/\" >\t\t\t<div class=\"image-cover\" style=\"padding-top:350px;\">\n\t\t\t\t<img decoding=\"async\" width=\"1206\" height=\"804\" data-src=\"https:\/\/b3871678.smushcdn.com\/3871678\/wp-content\/uploads\/2020\/09\/aquaquick-2000-packaging-made-in-2015-4.jpg?lossy=2&strip=1&webp=1\" class=\"attachment- size- lazyload\" alt=\"\" data-srcset=\"https:\/\/b3871678.smushcdn.com\/3871678\/wp-content\/uploads\/2020\/09\/aquaquick-2000-packaging-made-in-2015-4.jpg?lossy=2&strip=1&webp=1 1206w, https:\/\/b3871678.smushcdn.com\/3871678\/wp-content\/uploads\/2020\/09\/aquaquick-2000-packaging-made-in-2015-4-510x340.jpg?lossy=2&strip=1&webp=1 510w, https:\/\/b3871678.smushcdn.com\/3871678\/wp-content\/uploads\/2020\/09\/aquaquick-2000-packaging-made-in-2015-4-500x333.jpg?lossy=2&strip=1&webp=1 500w, https:\/\/b3871678.smushcdn.com\/3871678\/wp-content\/uploads\/2020\/09\/aquaquick-2000-packaging-made-in-2015-4-768x512.jpg?lossy=2&strip=1&webp=1 768w, https:\/\/b3871678.smushcdn.com\/3871678\/wp-content\/uploads\/2020\/09\/aquaquick-2000-packaging-made-in-2015-4-600x400.jpg?lossy=2&strip=1&webp=1 600w, https:\/\/b3871678.smushcdn.com\/3871678\/wp-content\/uploads\/2020\/09\/aquaquick-2000-packaging-made-in-2015-4.jpg?size=204x136&lossy=2&strip=1&webp=1 204w, https:\/\/b3871678.smushcdn.com\/3871678\/wp-content\/uploads\/2020\/09\/aquaquick-2000-packaging-made-in-2015-4.jpg?size=408x272&lossy=2&strip=1&webp=1 408w, https:\/\/b3871678.smushcdn.com\/3871678\/wp-content\/uploads\/2020\/09\/aquaquick-2000-packaging-made-in-2015-4.jpg?size=1020x680&lossy=2&strip=1&webp=1 1020w\" data-sizes=\"auto\" title=\"\" src=\"data:image\/svg+xml;base64,PHN2ZyB3aWR0aD0iMSIgaGVpZ2h0PSIxIiB4bWxucz0iaHR0cDovL3d3dy53My5vcmcvMjAwMC9zdmciPjwvc3ZnPg==\" style=\"--smush-placeholder-width: 1206px; --smush-placeholder-aspect-ratio: 1206\/804;\" data-original-sizes=\"(max-width: 1206px) 100vw, 1206px\">\t\t\t\t\t\t\t\t\t\t\t<\/div>\n\t\t\t<\/a>\t\t<\/div>\n\n\t\t<div class=\"box-text text-center\" style=\"background-color:rgb(255, 255, 255);\">\n\t\t\t<div class=\"box-text-inner\">\n\t\t\t\t\n\n<h4>AQUAQUICK 2000 Solu\u021bii de cur\u0103\u021bare a uleiului AQUAQUICK 2000<\/h4>\n<p>Dac\u0103 sunte\u021bi \u00een c\u0103utarea unui produs de cur\u0103\u021bare multifunc\u021bional ecologic care are puterea de a elimina uleiurile \u0219i murd\u0103ria \u00eenc\u0103p\u0103\u021b\u00e2nat\u0103 de pe o suprafa\u021b\u0103, atunci produsul nostru AQUAQUICK 2000 este cea mai bun\u0103 solu\u021bie de cur\u0103\u021bare.<\/p>\n\n\t\t\t<\/div>\n\t\t<\/div>\n\t<\/div>\n\t\n\n\t\t<\/div>\n\t\t\t\t\t<\/div>\n\n\t\n\n\t<div id=\"col-1096245166\" class=\"col medium-6 small-12 large-6\"  >\n\t\t\t\t<div class=\"col-inner\"  >\n\t\t\t\n\t\t\t\n\n\t<div class=\"box has-hover   has-hover box-text-bottom\" >\n\n\t\t<div class=\"box-image\" >\n\t\t\t<a href=\"https:\/\/www.aquaquick2000.com\/ro\/aquaquick-2000-produse\/aquaquick-2000-sp\/\" >\t\t\t<div class=\"image-cover\" style=\"padding-top:350px;\">\n\t\t\t\t<img decoding=\"async\" width=\"1206\" height=\"804\" data-src=\"https:\/\/b3871678.smushcdn.com\/3871678\/wp-content\/uploads\/2020\/09\/AQUAQUICK-2000-SP-PACKAGING-MADE-IN-2015-3.jpg?lossy=2&strip=1&webp=1\" class=\"attachment- size- lazyload\" alt=\"AQUAQUICK 2000 SP\" data-srcset=\"https:\/\/b3871678.smushcdn.com\/3871678\/wp-content\/uploads\/2020\/09\/AQUAQUICK-2000-SP-PACKAGING-MADE-IN-2015-3.jpg?lossy=2&strip=1&webp=1 1206w, https:\/\/b3871678.smushcdn.com\/3871678\/wp-content\/uploads\/2020\/09\/AQUAQUICK-2000-SP-PACKAGING-MADE-IN-2015-3-510x340.jpg?lossy=2&strip=1&webp=1 510w, https:\/\/b3871678.smushcdn.com\/3871678\/wp-content\/uploads\/2020\/09\/AQUAQUICK-2000-SP-PACKAGING-MADE-IN-2015-3-500x333.jpg?lossy=2&strip=1&webp=1 500w, https:\/\/b3871678.smushcdn.com\/3871678\/wp-content\/uploads\/2020\/09\/AQUAQUICK-2000-SP-PACKAGING-MADE-IN-2015-3-768x512.jpg?lossy=2&strip=1&webp=1 768w, https:\/\/b3871678.smushcdn.com\/3871678\/wp-content\/uploads\/2020\/09\/AQUAQUICK-2000-SP-PACKAGING-MADE-IN-2015-3-600x400.jpg?lossy=2&strip=1&webp=1 600w, https:\/\/b3871678.smushcdn.com\/3871678\/wp-content\/uploads\/2020\/09\/AQUAQUICK-2000-SP-PACKAGING-MADE-IN-2015-3.jpg?size=204x136&lossy=2&strip=1&webp=1 204w, https:\/\/b3871678.smushcdn.com\/3871678\/wp-content\/uploads\/2020\/09\/AQUAQUICK-2000-SP-PACKAGING-MADE-IN-2015-3.jpg?size=408x272&lossy=2&strip=1&webp=1 408w, https:\/\/b3871678.smushcdn.com\/3871678\/wp-content\/uploads\/2020\/09\/AQUAQUICK-2000-SP-PACKAGING-MADE-IN-2015-3.jpg?size=1020x680&lossy=2&strip=1&webp=1 1020w\" data-sizes=\"auto\" title=\"\" src=\"data:image\/svg+xml;base64,PHN2ZyB3aWR0aD0iMSIgaGVpZ2h0PSIxIiB4bWxucz0iaHR0cDovL3d3dy53My5vcmcvMjAwMC9zdmciPjwvc3ZnPg==\" style=\"--smush-placeholder-width: 1206px; --smush-placeholder-aspect-ratio: 1206\/804;\" data-original-sizes=\"(max-width: 1206px) 100vw, 1206px\">\t\t\t\t\t\t\t\t\t\t\t<\/div>\n\t\t\t<\/a>\t\t<\/div>\n\n\t\t<div class=\"box-text text-center\" style=\"background-color:rgb(255, 255, 255);\">\n\t\t\t<div class=\"box-text-inner\">\n\t\t\t\t\n\n<h4>AQUAQUICK 2000 SP<\/h4>\n<p>AQUAQUICK 2000 SP nu accelereaz\u0103 biodegradarea polu\u0103rilor cu hidrocarburi. AQUAQUICK 2000 SP este considerat un degresant\/surfactant cu divizare rapid\u0103.<\/p>\n\n\t\t\t<\/div>\n\t\t<\/div>\n\t<\/div>\n\t\n\n\t\t<\/div>\n\t\t\t\t\t<\/div>\n\n\t\n\n<\/div>\n\n\t\t<\/div>\n\n\t\t\n<style>\n#section_797002604 {\n  padding-top: 10px;\n  padding-bottom: 10px;\n  background-color: rgba(238, 238, 238, 0.52);\n}\n<\/style>\n\t<\/section>","protected":false},"excerpt":{"rendered":"","protected":false},"author":1,"featured_media":5346,"parent":0,"menu_order":0,"comment_status":"closed","ping_status":"closed","template":"page-blank.php","meta":{"cybocfi_hide_featured_image":"","footnotes":"","_links_to":"","_links_to_target":""},"class_list":["post-173","page","type-page","status-publish","has-post-thumbnail","hentry"],"_links":{"self":[{"href":"https:\/\/www.aquaquick2000.com\/ro\/wp-json\/wp\/v2\/pages\/173","targetHints":{"allow":["GET"]}}],"collection":[{"href":"https:\/\/www.aquaquick2000.com\/ro\/wp-json\/wp\/v2\/pages"}],"about":[{"href":"https:\/\/www.aquaquick2000.com\/ro\/wp-json\/wp\/v2\/types\/page"}],"author":[{"embeddable":true,"href":"https:\/\/www.aquaquick2000.com\/ro\/wp-json\/wp\/v2\/users\/1"}],"replies":[{"embeddable":true,"href":"https:\/\/www.aquaquick2000.com\/ro\/wp-json\/wp\/v2\/comments?post=173"}],"version-history":[{"count":0,"href":"https:\/\/www.aquaquick2000.com\/ro\/wp-json\/wp\/v2\/pages\/173\/revisions"}],"wp:featuredmedia":[{"embeddable":true,"href":"https:\/\/www.aquaquick2000.com\/ro\/wp-json\/wp\/v2\/media\/5346"}],"wp:attachment":[{"href":"https:\/\/www.aquaquick2000.com\/ro\/wp-json\/wp\/v2\/media?parent=173"}],"curies":[{"name":"wp","href":"https:\/\/api.w.org\/{rel}","templated":true}]}}