{"id":2453,"date":"2016-12-06T14:45:28","date_gmt":"2016-12-06T14:45:28","guid":{"rendered":"http:\/\/www.aquaquick2000.com\/?page_id=2453"},"modified":"2023-01-27T10:17:38","modified_gmt":"2023-01-27T10:17:38","slug":"aquaquick-2000-produs-beneficii-beneficii","status":"publish","type":"page","link":"https:\/\/www.aquaquick2000.com\/ro\/aquaquick-2000-product-benefits\/","title":{"rendered":"Beneficiile produsului AQUAQUICK 2000"},"content":{"rendered":"<section class=\"section dark\" id=\"section_126211035\">\n\t\t<div class=\"section-bg fill\" >\n\t\t\t<img decoding=\"async\" width=\"1920\" height=\"441\" src=\"https:\/\/b3871678.smushcdn.com\/3871678\/wp-content\/uploads\/2020\/09\/aquaquick-2000-oil-cleaning-waterwave.jpg?lossy=2&strip=1&webp=1\" class=\"bg attachment- size-\" alt=\"\" title=\"\" srcset=\"https:\/\/b3871678.smushcdn.com\/3871678\/wp-content\/uploads\/2020\/09\/aquaquick-2000-oil-cleaning-waterwave.jpg?lossy=2&amp;strip=1&amp;webp=1 1920w, https:\/\/b3871678.smushcdn.com\/3871678\/wp-content\/uploads\/2020\/09\/aquaquick-2000-oil-cleaning-waterwave-510x117.jpg?lossy=2&amp;strip=1&amp;webp=1 510w, https:\/\/b3871678.smushcdn.com\/3871678\/wp-content\/uploads\/2020\/09\/aquaquick-2000-oil-cleaning-waterwave-500x115.jpg?lossy=2&amp;strip=1&amp;webp=1 500w, https:\/\/b3871678.smushcdn.com\/3871678\/wp-content\/uploads\/2020\/09\/aquaquick-2000-oil-cleaning-waterwave-1280x294.jpg?lossy=2&amp;strip=1&amp;webp=1 1280w, https:\/\/b3871678.smushcdn.com\/3871678\/wp-content\/uploads\/2020\/09\/aquaquick-2000-oil-cleaning-waterwave-768x176.jpg?lossy=2&amp;strip=1&amp;webp=1 768w, https:\/\/b3871678.smushcdn.com\/3871678\/wp-content\/uploads\/2020\/09\/aquaquick-2000-oil-cleaning-waterwave-1536x353.jpg?lossy=2&amp;strip=1&amp;webp=1 1536w, https:\/\/b3871678.smushcdn.com\/3871678\/wp-content\/uploads\/2020\/09\/aquaquick-2000-oil-cleaning-waterwave.jpg?size=204x47&amp;lossy=2&amp;strip=1&amp;webp=1 204w, https:\/\/b3871678.smushcdn.com\/3871678\/wp-content\/uploads\/2020\/09\/aquaquick-2000-oil-cleaning-waterwave.jpg?size=408x94&amp;lossy=2&amp;strip=1&amp;webp=1 408w, https:\/\/b3871678.smushcdn.com\/3871678\/wp-content\/uploads\/2020\/09\/aquaquick-2000-oil-cleaning-waterwave.jpg?size=612x141&amp;lossy=2&amp;strip=1&amp;webp=1 612w, https:\/\/b3871678.smushcdn.com\/3871678\/wp-content\/uploads\/2020\/09\/aquaquick-2000-oil-cleaning-waterwave.jpg?size=1020x234&amp;lossy=2&amp;strip=1&amp;webp=1 1020w\" sizes=\"(max-width: 1920px) 100vw, 1920px\">\t\t\t\t\t\t<div class=\"section-bg-overlay absolute fill\"><\/div>\n\t\t\t\n\n\t\t<\/div>\n\n\t\t\n\n\t\t<div class=\"section-content relative\">\n\t\t\t\n<h2 style=\"text-align: center;\">Beneficiile produsului AQUAQUICK 2000<\/h2>\n\t\t<\/div>\n\n\t\t\n<style>\n#section_126211035 {\n  padding-top: 60px;\n  padding-bottom: 60px;\n}\n#section_126211035 .section-bg-overlay {\n  background-color: rgba(0, 0, 0, 0.22);\n}\n<\/style>\n\t<\/section>\n\t\n\n\t<section class=\"section\" id=\"section_810803187\">\n\t\t<div class=\"section-bg fill\" >\n\t\t\t\t\t\t\t\t\t\n\t\t\t\n\n\t\t<\/div>\n\n\t\t\n\n\t\t<div class=\"section-content relative\">\n\t\t\t\n<div class=\"row\"  id=\"row-1438410440\">\n\n\t<div id=\"col-1123370660\" class=\"col medium-6 small-12 large-6\"  >\n\t\t\t\t<div class=\"col-inner\"  >\n\t\t\t\n\t\t\t\n<h3>Produs complet prietenos cu utilizatorul \u0219i cu mediul\n<\/h3><p>AQUAQUICK 2000 con\u021bine numai ingrediente naturale, f\u0103r\u0103 cloruri, solven\u021bi sau alcaloizi. AQUAQUICK 2000 a fost aprobat \u0219i testat de numeroase institute de cercetare independente din \u00eentreaga lume, cu clasific\u0103ri de certificare pentru utilizare venite de la TNO Olanda, MIGAS Indonezia, Organiza\u021bia Maritim\u0103 Interna\u021bional\u0103 (IMO), precum \u0219i multe altele.\n<hr\/>\n<h3>Netoxice pentru toate organismele acvatice<\/h3>\n<p>AQUAQUICK 2000 \u00een stare diluat\u0103 de 1:50, adic\u0103 10 ml de AQUAQUICK 2000 amestecat \u00een 1 litru de ap\u0103, poate fi utilizat pentru a cur\u0103\u021ba devers\u0103rile de petrol care au acoperit animalele \u0219i vegeta\u021bia din mediile acvatice.<\/p>\n<hr \/>\n<h3>Reduce de\u0219eurile chimice<\/h3>\n<p>AQUAQUICK 2000 descompune bio-molecular coeziunea structurilor hidrocarburilor prin crearea unei microemulsii \u00een particule de aproximativ 3 microni. Ace\u0219ti microni \u0219i nutrien\u021bii speciali produc o explozie de cre\u0219tere a bacteriilor care se afl\u0103 \u00een mediul \u00eenconjur\u0103tor, determin\u00e2nd eliminarea cu u\u0219urin\u021b\u0103 a acestora.<\/p>\n<hr \/>\n<h3>Economie de energie \u0219i eficien\u021b\u0103 a costurilor<\/h3>\n<p>AQUAQUICK 2000 ofer\u0103 o solu\u021bie economic\u0103 care cre\u0219te productivitatea prin reducerea timpului de nefunc\u021bionare \u0219i prin diminuarea cheltuielilor asociate cu partea de cur\u0103\u021bare a industriei, cum ar fi costul produselor \u00een sine, transportul produsului, depozitarea produsului, costul echipamentului de protec\u021bie personal\u0103, precum \u0219i accelerarea procedurilor \u0219i cre\u0219terea siguran\u021bei angaja\u021bilor. AQUAQUICK 2000 \u00eenlocuie\u0219te mul\u021bi agen\u021bi de cur\u0103\u021bare folosi\u021bi pe scar\u0103 larg\u0103, solven\u021bi toxici \u0219i alcalini care vor \u00eenlocui, dar nu \u0219i biodegrada hidrocarburile. Necesit\u0103 foarte pu\u021bin efort din partea utilizatorului pentru a freca \u0219i poate fi u\u0219or de \u0219ters cu o c\u00e2rp\u0103 umed\u0103 dup\u0103 aplicare.<\/p>\n<hr \/>\n<h3>Nu este coroziv \u0219i nu irit\u0103 pielea uman\u0103<\/h3>\n<p>AQUAQUICK 2000 este aprobat dermatologic ca fiind suficient de sigur pentru a fi folosit acas\u0103 ca s\u0103pun de m\u00e2ini zilnic sau poate fi utilizat \u00een mai multe industrii ca s\u0103pun de m\u00e2ini, deoarece ingredientele sale naturale nu irit\u0103 celulele pielii umane.<\/p>\n<hr \/>\n<h3>AQUAQUICK 2000 nu este coroziv pentru metal.<\/h3>\n<p>Nu deterioreaz\u0103 metalele, vopseaua, acoperiri, cauciucul sau materialele plastice - Nu afecteaz\u0103 substraturile \u0219i este sigur pentru cur\u0103\u021barea materialelor plastice, a metalelor, acoperirilor, vopselelor, cauciucurilor, epoxidice etc.<\/p>\n<hr \/>\n<h3>AQUAQUICK 2000 nu are termen de valabilitate<\/h3>\n<p>Acest produs nu are o dat\u0103 de expirare. Cu toate acestea, depozitarea \u00eendelungat\u0103 poate determina apari\u021bia unei depuneri. Agitarea produsului va permite ca acesta s\u0103 ating\u0103 o mas\u0103 omogen\u0103. Este sigur s\u0103 folosi\u021bi \u00een mod continuu acest produs p\u00e2n\u0103 c\u00e2nd ceea ce a\u021bi cump\u0103rat s-a epuizat, chiar dac\u0103 este vorba de 2 sau mai mul\u021bi ani dup\u0103 data de achizi\u021bie. Ingredientele naturale din acest produs con\u021bin conservan\u021bi proprii care protejeaz\u0103 continuitatea produsului pentru mul\u021bi ani de acum \u00eencolo.<\/p>\n<hr \/>\n\t\t<\/div>\n\t\t\t\t\t<\/div>\n\n\t\n\n\t<div id=\"col-977976185\" class=\"col medium-6 small-12 large-6\"  >\n\t\t\t\t<div class=\"col-inner\"  >\n\t\t\t\n\t\t\t\n<h3>Produs de cur\u0103\u021bare multifunc\u021bional\n<\/h3><p>AQUAQUICK 2000 este un bioemulsionant, degresant, cur\u0103\u021b\u0103tor de hidrocarburi \u0219i dispersant de ulei pe baz\u0103 de ap\u0103 \u0219i poate fi utilizat pentru cur\u0103\u021barea rezervoarelor, cur\u0103\u021barea \u021bevilor, degresare, \u00eentre\u021binerea instala\u021biilor de foraj, sp\u0103larea solului, cur\u0103\u021barea podelelor \u0219i a echipamentelor din industria alimentar\u0103, cur\u0103\u021barea pun\u021bilor, a camerelor motoarelor \u0219i a santurilor navelor; este suficient de sigur pentru a fi utilizat ca un s\u0103pun de m\u00e2n\u0103 normal.<\/p><hr\/>\n<h3>AQUAQUICK 2000 Poate fi folosit ca sting\u0103tor de incendii<\/h3>\n<p>AQUAQUICK 2000 a fost aprobat pentru utilizarea de c\u0103tre departamentele de pompieri din Jakarta, Indonezia, precum \u0219i din alte \u021b\u0103ri, ca un combustibil ignifug pentru a stinge incendiul \u0219i poate fi folosit pentru a cur\u0103\u021ba mizeria dup\u0103 aceea.<\/p>\n<hr \/>\n<h3>Solu\u021bie de cur\u0103\u021bare total\u0103<\/h3>\n<p>AQUAQUICK 2000 este potrivit pentru a cur\u0103\u021ba orice poluare cu hidrocarburi \u0219i a fost aprobat pentru produsele de cur\u0103\u021bare din aceste industrii: Petrol \u0219i gaze, agen\u021bii guvernamentale, industria motoarelor \u0219i inginerie, industria naval\u0103 \u0219i de transport maritim, industria aeronautic\u0103, industria prelucr\u0103toare, industria alimentar\u0103 \u0219i a b\u0103uturilor \u0219i industriile de cur\u0103\u021benie general\u0103.<\/p>\n<hr \/>\n<h3>Complet biodegradabil (100%&lt;21 zile)<\/h3>\n<p>AQUAQUICK 2000 exist\u0103 de mai multe decenii \u0219i de\u021bine un num\u0103r mare de rapoarte \u0219i aprob\u0103ri care garanteaz\u0103 aspectele de siguran\u021b\u0103 \u0219i starea mediului. Nu exist\u0103 manipul\u0103ri, depozite sau avertismente speciale pentru aplicarea produsului AQUAQUICK 2000. \u00cen efecte ecotoxice, acest produs este complet biodegradabil. \u00cen instala\u021biile de purificare a apei, AQUAQUICK 2000 este 100% biodegradabil \u00een mai pu\u021bin de 60 de minute. \u00cen apele de suprafa\u021b\u0103, AQUAQUICK 2000 este 100% biodegradabil \u00een mai pu\u021bin de 21 de zile. Pe pagina noastr\u0103 de cercetare pute\u021bi afla mai multe despre procesul de 21 de zile al AQUAQUICK 2000. <\/p>\n<hr \/>\n<h3>AQUAQUICK 2000 este neinflamabil<\/h3>\n<p>AQUAQUICK 2000 este aprobat dermatologic ca fiind suficient de sigur pentru a fi folosit acas\u0103 ca s\u0103pun de m\u00e2ini zilnic sau poate fi utilizat \u00een mai multe industrii ca s\u0103pun de m\u00e2ini, deoarece ingredientele sale naturale nu irit\u0103 celulele pielii umane.<\/p>\n<hr \/>\n<h3>Dispersie organic\u0103 \u0219i biologic\u0103<\/h3>\n<p>Nu deterioreaz\u0103 metalele, vopseaua, acoperiri, cauciucul sau materialele plastice - Nu afecteaz\u0103 substraturile \u0219i este sigur pentru cur\u0103\u021barea materialelor plastice, a metalelor, acoperirilor, vopselelor, cauciucurilor, epoxidice etc.<\/p>\n<hr \/>\n<h3>Asisten\u021b\u0103 tehnic\u0103 pentru AQUAQUICK 2000<\/h3>\n<p>AQUAQUICK 2000 a fost utilizat pentru multe aplica\u021bii de cur\u0103\u021bare diferite \u00een \u00eentreaga lume. Echipa noastr\u0103 de expertiz\u0103 tehnic\u0103 a crescut foarte mult \u00een ultimele decenii. Oferim \u00eentotdeauna asisten\u021b\u0103 tehnic\u0103 celor care au nevoie de ajutor sau de informa\u021bii \u00een ceea ce prive\u0219te AQUAQUICK 2000. Noi furniz\u0103m, aplic\u0103m \u0219i respect\u0103m \u0219i suntem produc\u0103torul global al AQUAQUICK 2000. Pentru informa\u021bii directe despre suportul tehnic, trimite\u021bi-ne un e-mail la business@aquaquick2000.com.  <\/p>\n<hr \/>\n\t\t<\/div>\n\t\t\t\t\t<\/div>\n\n\t\n<\/div>\n\t\t<\/div>\n\n\t\t\n<style>\n#section_810803187 {\n  padding-top: 30px;\n  padding-bottom: 30px;\n}\n<\/style>\n\t<\/section>","protected":false},"excerpt":{"rendered":"","protected":false},"author":1,"featured_media":8707,"parent":0,"menu_order":0,"comment_status":"closed","ping_status":"closed","template":"page-blank.php","meta":{"cybocfi_hide_featured_image":"","footnotes":"","_links_to":"","_links_to_target":""},"class_list":["post-2453","page","type-page","status-publish","has-post-thumbnail","hentry"],"_links":{"self":[{"href":"https:\/\/www.aquaquick2000.com\/ro\/wp-json\/wp\/v2\/pages\/2453","targetHints":{"allow":["GET"]}}],"collection":[{"href":"https:\/\/www.aquaquick2000.com\/ro\/wp-json\/wp\/v2\/pages"}],"about":[{"href":"https:\/\/www.aquaquick2000.com\/ro\/wp-json\/wp\/v2\/types\/page"}],"author":[{"embeddable":true,"href":"https:\/\/www.aquaquick2000.com\/ro\/wp-json\/wp\/v2\/users\/1"}],"replies":[{"embeddable":true,"href":"https:\/\/www.aquaquick2000.com\/ro\/wp-json\/wp\/v2\/comments?post=2453"}],"version-history":[{"count":0,"href":"https:\/\/www.aquaquick2000.com\/ro\/wp-json\/wp\/v2\/pages\/2453\/revisions"}],"wp:featuredmedia":[{"embeddable":true,"href":"https:\/\/www.aquaquick2000.com\/ro\/wp-json\/wp\/v2\/media\/8707"}],"wp:attachment":[{"href":"https:\/\/www.aquaquick2000.com\/ro\/wp-json\/wp\/v2\/media?parent=2453"}],"curies":[{"name":"wp","href":"https:\/\/api.w.org\/{rel}","templated":true}]}}