{"id":2532,"date":"2017-01-02T12:53:57","date_gmt":"2017-01-02T12:53:57","guid":{"rendered":"http:\/\/www.aquaquick2000.com\/?page_id=2532"},"modified":"2023-01-26T13:03:21","modified_gmt":"2023-01-26T13:03:21","slug":"lista-de-omologari-certificate","status":"publish","type":"page","link":"https:\/\/www.aquaquick2000.com\/ro\/accreditations\/list-of-approvals-certificates\/","title":{"rendered":"Lista de aprob\u0103ri \u0219i certificate"},"content":{"rendered":"Lista de aprob\u0103ri \u0219i certificate\n\n<h2>Lista de aprob\u0103ri \u0219i certificate pentru AQUAQUICK 2000.<\/h2>\n<p>\u00cen ultimele 4 decenii, produsul AQUAQUICK 2000 a uimit lumea cu rezultate remarcabile. De atunci, AQUAQUICK 2000 a fost folosit ca o solu\u021bie de succes pentru numeroase aplica\u021bii industriale. AQUAQUICK 2000 a fost testat \u0219i aprobat sau certificat de urm\u0103toarele organiza\u021bii, companii \u0219i institute guvernamentale. <\/p>\n<ul>\n<li class=\"bullet-checkmark\">UT Enschede, \u021a\u0103rile de Jos - AQUAQUICK 2000, atunci c\u00e2nd este utilizat la o sta\u021bie de tratare a apelor reziduale, este complet biodegradabil \u0219i nu con\u021bine clor, nu produce riscuri speciale pentru s\u0103n\u0103tate sau produse secundare toxice, elimin\u00e2nd cu u\u0219urin\u021b\u0103 hidrocarburile din sol.<\/li>\n<li class=\"bullet-checkmark\">TNO University Delft, \u021a\u0103rile de Jos - Acest produs nu are efecte adverse pe termen lung asupra ecosistemelor, sistemelor acvatice sau asupra utilizatorilor, deoarece AQUAQUICK 2000 este complet biodegradabil, nesensibilizant \u0219i necoroziv pentru pielea sau ochii oamenilor.<\/li>\n<li class=\"bullet-checkmark\">Ministerul S\u0103n\u0103t\u0103\u021bii, \u021a\u0103rile de Jos - AQUAQUICK 2000 respect\u0103 toate reglement\u0103rile olandeze privind aplicarea \u00een industria alimentar\u0103.<\/li>\n<li class=\"bullet-checkmark\">Departamentul de Ap\u0103rare al \u021a\u0103rilor de Jos, \u021a\u0103rile de Jos - AQUAQUICK 2000 nu este distructiv pentru picturi sau acoperiri \u0219i s-a dovedit a fi potrivit pentru \u00eendep\u0103rtarea hidrocarburilor, realiz\u00e2nd \u00een acela\u0219i timp o emulsie stabil\u0103.<\/li>\n<li class=\"bullet-checkmark\">Netherlands Water Board Districts, \u021a\u0103rile de Jos - AQUAQUICK 2000 poate fi eliminat \u00een canalizare dup\u0103 \u00eendep\u0103rtarea hidrocarburilor separate, care nu pot fi poluate cu substan\u021be interzise.<\/li>\n<li class=\"bullet-checkmark\">Directorate General for Shipping and Maritime Affairs, Londra, Regatul Unit (OMI) - AQUAQUICK 2000 \u0219i AQUAQUICK 2000 SP \u00eendeplinesc toate orient\u0103rile prev\u0103zute \u00een anexa II la MARPOL, cur\u0103\u021barea rezervoarelor (MERC.2\/CIRC.8) \u0219i \u00een grupul de lucru ESPH.<\/li>\n<li class=\"bullet-checkmark\">NS Dutch Railways Utrecht, \u021a\u0103rile de Jos - AQUAQUICK 2000 este un agent de cur\u0103\u021bare universal adecvat pentru cur\u0103\u021barea metalelor \u0219i a suprafe\u021belor vopsite, f\u0103r\u0103 a fi necesare proceduri speciale de siguran\u021b\u0103 pentru aplicarea sa. De asemenea, poate fi utilizat cu echipamente de dispersie de \u00eenalt\u0103 presiune.<\/li>\n<li class=\"bullet-checkmark\">American Bureau of Shipping Londra, Marea Britanie - AQUAQUICK 2000 \u0219i AQUAQUICK 2000 SP au primit un certificat de evaluare a proiectului de produs pentru aprobarea pentru transport.<\/li>\n<li class=\"bullet-checkmark\">Supravegherea de Stat a Minelor, \u021a\u0103rile de Jos - AQUAQUICK 2000, \u00een conformitate cu articolul 49B, paragraful 1, din Regulamentul de exploatare minier\u0103 a platformei continentale, s-a dovedit a fi inofensiv pentru mediul marin.<\/li>\n<li class=\"bullet-checkmark\">Institutul de Cercetare TUV din Hanovra, Germania - AQUAQUICK 2000 SP a fost aprobat pentru utilizarea \u00een industria auto \u0219i \u00een industria metalurgic\u0103, fiind conform cu toate cerin\u021bele pentru detergen\u021bii cu separare rapid\u0103 \u0219i respect\u00e2nd \u00een acela\u0219i timp reglement\u0103rile germane privind substan\u021bele sau preparatele periculoase din orient\u0103rile directivei de mediu.<\/li>\n<li class=\"bullet-checkmark\">Dekra Umwelt Gmbh Stuttgart, Germania - AQUAQUICK 2000 SP \u00eendepline\u0219te standardele de aprobare pentru utilizarea \u00een separatoarele de ulei \u0219i gr\u0103sime (Standardul austriac B 5105) cu o clasificare de transport de material nepericulos.<\/li>\n<li class=\"bullet-checkmark\">Institutul de Igien\u0103 din Gelsenkirchen, Germania - AQUAQUICK 2000 este un detergent autorizat pentru cur\u0103\u021barea suprafe\u021belor rutiere poluate cu ulei.<\/li>\n<li class=\"bullet-checkmark\">Laboratorul de Stat pentru Cercetarea Materialelor din Dortmund, Germania - AQUAQUICK 2000 s-a dovedit a fi \u00een conformitate cu \"metodele stabilite de \u00eendep\u0103rtare a urmelor de ulei de pe suprafe\u021bele rutiere, cu excep\u021bia absorban\u021bilor de ulei\".<\/li>\n<li class=\"bullet-checkmark\">Laborator chimic Webling, Germania - AQUAQUICK 2000 este 100% biodegradabil, nu provoac\u0103 efecte adverse la instala\u021biile de tratare a apelor uzate sau pe echipamente.<\/li>\n<li class=\"bullet-checkmark\">Cercetare \u00een Malaezia - S-a stabilit c\u0103 AQUAQUICK 2000 s-a dovedit a fi netoxic pentru mediile acvatice, \u00een conformitate cu clasificarea produselor de c\u0103tre Organiza\u021bia Maritim\u0103 Interna\u021bional\u0103 (OMI) (valori LC50 \u0219i EC50 de &gt;1000mg\/L). Testele au ar\u0103tat c\u0103 con\u021binutul de gr\u0103sime \u0219i ulei din apele reziduale a fost redus p\u00e2n\u0103 la 94% \u00een doar 21 de zile.<\/li>\n<li class=\"bullet-checkmark\">Cercet\u0103tor de laborator microbiologic J. Balfanz Munster, Germania - AQUAQUICK 2000 V-93 stimuleaz\u0103 cre\u0219terea bacteriilor \u0219i microorganismelor \u0219i accelereaz\u0103 descompunerea hidrocarburilor \u00een solul de suprafa\u021b\u0103 \u0219i \u00een ap\u0103. Cercet\u0103rile au ar\u0103tat o medie de 90% de descompunere a hidrocarburilor \u00een 35 de zile.<\/li>\n<li class=\"bullet-checkmark\">Mechem Technical &amp; Laboratory Services Pte, Ltd., Singapore - S-a constatat c\u0103 AQUAQUICK 2000 este conform cu specifica\u021biile pentru dispersan\u021bi, enumerate \u00een primul program de prevenire a polu\u0103rii m\u0103rii. (Regulamentele din 1999.)<\/li>\n<li class=\"bullet-checkmark\">Migas Laboratories, Indonezia - AQUAQUICK 2000 poate fi utilizat \u00een mod legal \u0219i sigur pentru a controla devers\u0103rile de petrol \u0219i pentru a cur\u0103\u021ba b\u0103rcile de pe \u021b\u0103rm \u0219i din larg atunci c\u00e2nd este diluat 1:50 cu 10 ml de ap\u0103.<\/li>\n<li class=\"bullet-checkmark\">London Underground United Kingdom - AQUAQUICK 2000 este acceptabil pentru utilizarea \u00een cadrul London Underground Ltd., f\u0103r\u0103 obiec\u021bii privind s\u0103n\u0103tatea sau siguran\u021ba. (Raport nr. C7638, 9 februarie 1996)<\/li>\n<li class=\"bullet-checkmark\">S-a constatat c\u0103 SABA - AQUAQUICK 2000 \u0219i AQUAQUICK 2000 SP nu au avut efecte nocive asupra etan\u0219\u0103rilor de podea etan\u0219e pentru benzin\u0103rii fabricate de Simson \u0219i SABA.<\/li>\n<li class=\"bullet-checkmark\">Agen\u021bia canadian\u0103 de inspec\u021bie alimentar\u0103, Ontario, Canada - AQUAQUICK 2000 \u0219i AQUAQUICK 2000 SP sunt aprobate pentru utilizarea \u00een cur\u0103\u021barea industrial\u0103 a echipamentelor din industria alimentar\u0103. Constat\u0103rile acestora arat\u0103 c\u0103 nu va exista nicio contaminare a alimentelor. Aceste produse pot fi utilizate pe podele \u0219i pere\u021bi \u00een zonele alimentare atunci c\u00e2nd nu se manipuleaz\u0103 alimente.<\/li>\n<li class=\"bullet-checkmark\">Icelandic Food Inspection Agency, Islanda - AQUAQUICK 2000 a fost aprobat pentru cur\u0103\u021barea industrial\u0103 a tuturor echipamentelor din industria alimentar\u0103. S-a constatat c\u0103 este netoxic, necoroziv \u0219i prietenos cu utilizatorul \u0219i cu mediul.<\/li>\n<li class=\"bullet-checkmark\">Agen\u021bia Polonez\u0103 de Inspec\u021bie Alimentar\u0103, Polonia - AQUAQUICK 2000 a fost aprobat pentru cur\u0103\u021barea industrial\u0103 a echipamentelor de produc\u021bie alimentar\u0103.<\/li>\n<li class=\"bullet-checkmark\">Deutschland Environmental Protection Group, Germania - AQUAQUICK 2000 s-a dovedit a fi sigur \u0219i a fost aprobat pentru toate aplica\u021biile de mediu din Germania.<\/li>\n<li class=\"bullet-checkmark\">Thailanda\/Malaysia - AQUAQUICK 2000 a fost aprobat pentru utilizarea \u00een toate aplica\u021biile industriale \u0219i de mediu \u00een regiunile din Thailanda \u0219i Malaezia.<\/li>\n<li class=\"bullet-checkmark\">Peru - AQUAQUICK 2000 a fost aprobat pentru utilizarea \u00een aplica\u021biile de cur\u0103\u021bare \u00een Peru.<\/li>\n<li class=\"bullet-checkmark\">Egipt - AQUAQUICK 2000 a ob\u021binut aprobarea pentru aplica\u021bii generale \u0219i industriale de cur\u0103\u021bare. De asemenea, este autorizat pentru tratarea devers\u0103rilor de petrol \u00een Egipt.<\/li>\n<li class=\"bullet-checkmark\">Garda de Coast\u0103 din Filipine, Filipine - AQUAQUICK 2000 \u00eendepline\u0219te toate cerin\u021bele de acreditare pentru un dispersant pentru devers\u0103ri de petrol.<\/li>\n<li class=\"bullet-checkmark\">Surface-washing Agents: an Update 2013, Spill Science, Edmonton, Alberta, Canada - Lista AQUAQUICK 2000 ca dispersant aprobat pentru sp\u0103larea suprafe\u021belor, care a \u00eendeplinit toate standardele de testare pentru eficacitate, toxicitate \u0219i aplicare.<\/li>\n<\/ul>","protected":false},"excerpt":{"rendered":"<p>List of approvals &amp; certificates List of Approvals &amp; Certificates for AQUAQUICK 2000. For the past 4 decades the AQUAQUICK 2000 product has amazed the world with remarkable results. Since then AQUAQUICK 2000 has been used as a successful solution for many industrial applications. AQUAQUICK 2000 has been tested and approved or certified by the [&#8230;]\n","protected":false},"author":1,"featured_media":4384,"parent":2528,"menu_order":0,"comment_status":"closed","ping_status":"closed","template":"","meta":{"cybocfi_hide_featured_image":"","footnotes":"","_links_to":"","_links_to_target":""},"class_list":["post-2532","page","type-page","status-publish","has-post-thumbnail","hentry"],"_links":{"self":[{"href":"https:\/\/www.aquaquick2000.com\/ro\/wp-json\/wp\/v2\/pages\/2532","targetHints":{"allow":["GET"]}}],"collection":[{"href":"https:\/\/www.aquaquick2000.com\/ro\/wp-json\/wp\/v2\/pages"}],"about":[{"href":"https:\/\/www.aquaquick2000.com\/ro\/wp-json\/wp\/v2\/types\/page"}],"author":[{"embeddable":true,"href":"https:\/\/www.aquaquick2000.com\/ro\/wp-json\/wp\/v2\/users\/1"}],"replies":[{"embeddable":true,"href":"https:\/\/www.aquaquick2000.com\/ro\/wp-json\/wp\/v2\/comments?post=2532"}],"version-history":[{"count":0,"href":"https:\/\/www.aquaquick2000.com\/ro\/wp-json\/wp\/v2\/pages\/2532\/revisions"}],"up":[{"embeddable":true,"href":"https:\/\/www.aquaquick2000.com\/ro\/wp-json\/wp\/v2\/pages\/2528"}],"wp:featuredmedia":[{"embeddable":true,"href":"https:\/\/www.aquaquick2000.com\/ro\/wp-json\/wp\/v2\/media\/4384"}],"wp:attachment":[{"href":"https:\/\/www.aquaquick2000.com\/ro\/wp-json\/wp\/v2\/media?parent=2532"}],"curies":[{"name":"wp","href":"https:\/\/api.w.org\/{rel}","templated":true}]}}