{"id":4267,"date":"2019-06-17T19:14:44","date_gmt":"2019-06-17T19:14:44","guid":{"rendered":"https:\/\/www.aquaquick2000.com\/?page_id=4267"},"modified":"2023-01-27T10:28:06","modified_gmt":"2023-01-27T10:28:06","slug":"ags-marine","status":"publish","type":"page","link":"https:\/\/www.aquaquick2000.com\/ro\/distributors\/ags-marine\/","title":{"rendered":"AGS Marine"},"content":{"rendered":"<section class=\"section\" id=\"section_1715434286\">\n\t\t<div class=\"section-bg fill\" >\n\t\t\t<img decoding=\"async\" width=\"1920\" height=\"441\" src=\"https:\/\/b3871678.smushcdn.com\/3871678\/wp-content\/uploads\/2020\/09\/aquaquick-2000-oil-cleaning-waterwave.jpg?lossy=2&strip=1&webp=1\" class=\"bg attachment- size-\" alt=\"\" title=\"\" srcset=\"https:\/\/b3871678.smushcdn.com\/3871678\/wp-content\/uploads\/2020\/09\/aquaquick-2000-oil-cleaning-waterwave.jpg?lossy=2&amp;strip=1&amp;webp=1 1920w, https:\/\/b3871678.smushcdn.com\/3871678\/wp-content\/uploads\/2020\/09\/aquaquick-2000-oil-cleaning-waterwave-510x117.jpg?lossy=2&amp;strip=1&amp;webp=1 510w, https:\/\/b3871678.smushcdn.com\/3871678\/wp-content\/uploads\/2020\/09\/aquaquick-2000-oil-cleaning-waterwave-500x115.jpg?lossy=2&amp;strip=1&amp;webp=1 500w, https:\/\/b3871678.smushcdn.com\/3871678\/wp-content\/uploads\/2020\/09\/aquaquick-2000-oil-cleaning-waterwave-1280x294.jpg?lossy=2&amp;strip=1&amp;webp=1 1280w, https:\/\/b3871678.smushcdn.com\/3871678\/wp-content\/uploads\/2020\/09\/aquaquick-2000-oil-cleaning-waterwave-768x176.jpg?lossy=2&amp;strip=1&amp;webp=1 768w, https:\/\/b3871678.smushcdn.com\/3871678\/wp-content\/uploads\/2020\/09\/aquaquick-2000-oil-cleaning-waterwave-1536x353.jpg?lossy=2&amp;strip=1&amp;webp=1 1536w, https:\/\/b3871678.smushcdn.com\/3871678\/wp-content\/uploads\/2020\/09\/aquaquick-2000-oil-cleaning-waterwave.jpg?size=204x47&amp;lossy=2&amp;strip=1&amp;webp=1 204w, https:\/\/b3871678.smushcdn.com\/3871678\/wp-content\/uploads\/2020\/09\/aquaquick-2000-oil-cleaning-waterwave.jpg?size=408x94&amp;lossy=2&amp;strip=1&amp;webp=1 408w, https:\/\/b3871678.smushcdn.com\/3871678\/wp-content\/uploads\/2020\/09\/aquaquick-2000-oil-cleaning-waterwave.jpg?size=612x141&amp;lossy=2&amp;strip=1&amp;webp=1 612w, https:\/\/b3871678.smushcdn.com\/3871678\/wp-content\/uploads\/2020\/09\/aquaquick-2000-oil-cleaning-waterwave.jpg?size=1020x234&amp;lossy=2&amp;strip=1&amp;webp=1 1020w\" sizes=\"(max-width: 1920px) 100vw, 1920px\">\t\t\t\t\t\t<div class=\"section-bg-overlay absolute fill\"><\/div>\n\t\t\t\n\n\t\t<\/div>\n\n\t\t\n\n\t\t<div class=\"section-content relative\">\n\t\t\t\n\n<div class=\"row row-collapse align-equal\"  id=\"row-514053378\">\n\n\n\t<div id=\"col-375274505\" class=\"col small-12 large-12\"  >\n\t\t\t\t<div class=\"col-inner\"  >\n\t\t\t\n\t\t\t\n\n<h2 class=\"uppercase\" style=\"text-align: center;\">AQUAQUICK 2000 \u00ceN TURCIA ESTE V\u00c2NDUT DE AGS MARINE<\/h2>\n\n\t\t<\/div>\n\t\t\t\t\t<\/div>\n\n\t\n\n<\/div>\n\n\t\t<\/div>\n\n\t\t\n<style>\n#section_1715434286 {\n  padding-top: 45px;\n  padding-bottom: 45px;\n}\n#section_1715434286 .section-bg-overlay {\n  background-color: rgba(240, 240, 240, 0.64);\n}\n<\/style>\n\t<\/section>\n\t\n\n\t<section class=\"section\" id=\"section_490696381\">\n\t\t<div class=\"section-bg fill\" >\n\t\t\t\t\t\t\t\t\t<div class=\"section-bg-overlay absolute fill\"><\/div>\n\t\t\t\n\n\t\t<\/div>\n\n\t\t\n\n\t\t<div class=\"section-content relative\">\n\t\t\t\n\n<div class=\"row\"  id=\"row-1555275406\">\n\n\n\t<div id=\"col-1628771351\" class=\"col medium-6 small-12 large-6\"  >\n\t\t\t\t<div class=\"col-inner\"  >\n\t\t\t\n\t\t\t\n\n<h3 class=\"widget-title\">Distribuitor AQUAQUICK 2000 \u00een Turcia<\/h3>\n<p>AGS Marine este un reprezentant oficial al produselor AQUAQUICK. <br>AGS Marine este licen\u021biat\u0103 s\u0103 v\u00e2nd\u0103 produsele AQUAQUICK 2000 \u00een Turcia.<br><em><strong>AGS Marine este aprobat de AQUAQUICK GLOBAL B.V.<\/strong><\/em><\/p>\n<h3>Detalii de contact ale AGS Marine<\/h3>\n<ul>\n<li class=\"bullet-arrow\">Site web: <a target=\"_new\" href=\"https:\/\/www.agsmarine.com\" rel=\"noopener noreferrer\">www.agsmarine.com<\/a><\/li>\n<li class=\"bullet-arrow\"><span style=\"font-size: 90%;\">Adresa de e-mail: <strong>info@agsmarine.com<\/strong><\/span><\/li>\n<li class=\"bullet-arrow\">Telefon: +90 232 560 0247 \/ +90 530 925 0964<\/li>\n<li class=\"bullet-arrow\">Fax: +90 232 446 0826<\/li>\n<\/ul>\n<a href=\"https:\/\/www.aquaquick2000.com\/ro\/distribuitori\/\" class=\"button primary\">\n\t\t<span>To\u021bi distribuitorii de AQUAQUICK 2000<\/span>\n\t<\/a>\n\n\n\n\t\t<\/div>\n\t\t\t\t\t<\/div>\n\n\t\n\n\t<div id=\"col-1080629382\" class=\"col medium-6 small-12 large-6\"  >\n\t\t\t\t<div class=\"col-inner\"  >\n\t\t\t\n\t\t\t\n\n<div class=\"row\"  id=\"row-1306435786\">\n\n\n\t<div id=\"col-1784956427\" class=\"col small-12 large-12\"  >\n\t\t\t\t<div class=\"col-inner\" style=\"background-color:rgb(240, 240, 240);\" >\n\t\t\t\n\t\t\t\n\n<div class=\"accordion\">\n\n\t<div id=\"accordion-3371014087\" class=\"accordion-item\">\n\t\t<a id=\"accordion-3371014087-label\" class=\"accordion-title plain active\" href=\"#accordion-item-aquaquick-2000-in-turkey\" aria-expanded=\"true\" aria-controls=\"accordion-3371014087-content\">\n\t\t\t<button class=\"toggle\" aria-label=\"Toggle\"><i class=\"icon-angle-down\" aria-hidden=\"true\"><\/i><\/button>\n\t\t\t<span>AQUAQUICK 2000 \u00een Turcia<\/span>\n\t\t<\/a>\n\t\t<div id=\"accordion-3371014087-content\" class=\"accordion-inner\" style=\"display: block;\" aria-labelledby=\"accordion-3371014087-label\">\n\t\t\t\n\n<p>Pentru a cump\u0103ra AQUAQUICK 2000 direct din Turcia, pute\u021bi contacta distribuitorul nostru local AGS Marine.<\/p>\n<p>AQUAQUICK 2000 poate fi achizi\u021bionat \u00een orice \u021bar\u0103 din lume \u0219i este solu\u021bia num\u0103rul unu pentru cur\u0103\u021barea devers\u0103rilor de petrol.<\/p>\n\n\t\t<\/div>\n\t<\/div>\n\t\n\t<div id=\"accordion-616321765\" class=\"accordion-item\">\n\t\t<a id=\"accordion-616321765-label\" class=\"accordion-title plain\" href=\"#accordion-item-oil-spills-in-turkey\" aria-expanded=\"false\" aria-controls=\"accordion-616321765-content\">\n\t\t\t<button class=\"toggle\" aria-label=\"Toggle\"><i class=\"icon-angle-down\" aria-hidden=\"true\"><\/i><\/button>\n\t\t\t<span>Devers\u0103ri de petrol \u00een Turcia<\/span>\n\t\t<\/a>\n\t\t<div id=\"accordion-616321765-content\" class=\"accordion-inner\" aria-labelledby=\"accordion-616321765-label\">\n\t\t\t\n\n<p>Pentru o solu\u021bie imediat\u0103 \u0219i ecologic\u0103 la devers\u0103rile de petrol, cel mai bine este s\u0103 folosi\u021bi AQUAQUICK 2000. Dac\u0103 v\u0103 confrunta\u021bi cu devers\u0103ri de petrol \u00een Turcia, pute\u021bi contacta AGS Marine pentru furnizarea de AQUAQUICK 2000.<\/p>\n\n\t\t<\/div>\n\t<\/div>\n\t\n\t<div id=\"accordion-285647404\" class=\"accordion-item\">\n\t\t<a id=\"accordion-285647404-label\" class=\"accordion-title plain\" href=\"#accordion-item-about-ags-marine\" aria-expanded=\"false\" aria-controls=\"accordion-285647404-content\">\n\t\t\t<button class=\"toggle\" aria-label=\"Toggle\"><i class=\"icon-angle-down\" aria-hidden=\"true\"><\/i><\/button>\n\t\t\t<span>Despre AGS Marine<\/span>\n\t\t<\/a>\n\t\t<div id=\"accordion-285647404-content\" class=\"accordion-inner\" aria-labelledby=\"accordion-285647404-label\">\n\t\t\t\n\n<p>AGS Marine a fost \u00eenfiin\u021bat\u0103 \u00een 2015, av\u00e2nd peste 20 de ani de experien\u021b\u0103. \u00cenc\u0103 de la \u00eenfiin\u021bare, AGS a fost lider \u00een acest sector cu structura sa modern\u0103 \u0219i dinamic\u0103, care se diferen\u021biaz\u0103 de concuren\u021bii s\u0103i \u00een ceea ce prive\u0219te comer\u021bul exterior \u0219i serviciile oferite<\/p>\n\n\t\t<\/div>\n\t<\/div>\n\t\n\n<\/div>\n\n\t\t<\/div>\n\t\t\t\t\t<\/div>\n\n\t\n\n\t<div id=\"col-1225129379\" class=\"col small-12 large-12\"  >\n\t\t\t\t<div class=\"col-inner\"  >\n\t\t\t\n\t\t\t\n\n\t<div class=\"img has-hover x md-x lg-x y md-y lg-y\" id=\"image_1137122971\">\n\t\t\t\t\t\t\t\t<div class=\"img-inner dark\" >\n\t\t\t<img decoding=\"async\" width=\"200\" height=\"141\" data-src=\"https:\/\/b3871678.smushcdn.com\/3871678\/wp-content\/uploads\/2020\/11\/AGS-Marine-Turkey-logo.png?lossy=2&strip=1&webp=1\" class=\"attachment-large size-large lazyload\" alt=\"\" title=\"\" data-sizes=\"(max-width: 200px) 100vw, 200px\" src=\"data:image\/svg+xml;base64,PHN2ZyB3aWR0aD0iMSIgaGVpZ2h0PSIxIiB4bWxucz0iaHR0cDovL3d3dy53My5vcmcvMjAwMC9zdmciPjwvc3ZnPg==\" style=\"--smush-placeholder-width: 200px; --smush-placeholder-aspect-ratio: 200\/141;\">\t\t\t\t\t\t\n\t\t\t\t\t<\/div>\n\t\t\t\t\t\t\t\t\n<style>\n#image_1137122971 {\n  width: 35%;\n}\n<\/style>\n\t<\/div>\n\t\n\n\n\t\t<\/div>\n\t\t\t\t\t<\/div>\n\n\t\n\n<\/div>\n\n\t\t<\/div>\n\t\t\t\t\t<\/div>\n\n\t\n\n<\/div>\n\n\t\t<\/div>\n\n\t\t\n<style>\n#section_490696381 {\n  padding-top: 30px;\n  padding-bottom: 30px;\n  background-color: rgb(255, 255, 255);\n}\n#section_490696381 .section-bg-overlay {\n  background-color: rgba(240, 240, 240, 0);\n}\n<\/style>\n\t<\/section>","protected":false},"excerpt":{"rendered":"","protected":false},"author":1,"featured_media":5596,"parent":2564,"menu_order":0,"comment_status":"closed","ping_status":"closed","template":"page-blank.php","meta":{"cybocfi_hide_featured_image":"","footnotes":"","_links_to":"","_links_to_target":""},"class_list":["post-4267","page","type-page","status-publish","has-post-thumbnail","hentry"],"_links":{"self":[{"href":"https:\/\/www.aquaquick2000.com\/ro\/wp-json\/wp\/v2\/pages\/4267","targetHints":{"allow":["GET"]}}],"collection":[{"href":"https:\/\/www.aquaquick2000.com\/ro\/wp-json\/wp\/v2\/pages"}],"about":[{"href":"https:\/\/www.aquaquick2000.com\/ro\/wp-json\/wp\/v2\/types\/page"}],"author":[{"embeddable":true,"href":"https:\/\/www.aquaquick2000.com\/ro\/wp-json\/wp\/v2\/users\/1"}],"replies":[{"embeddable":true,"href":"https:\/\/www.aquaquick2000.com\/ro\/wp-json\/wp\/v2\/comments?post=4267"}],"version-history":[{"count":0,"href":"https:\/\/www.aquaquick2000.com\/ro\/wp-json\/wp\/v2\/pages\/4267\/revisions"}],"up":[{"embeddable":true,"href":"https:\/\/www.aquaquick2000.com\/ro\/wp-json\/wp\/v2\/pages\/2564"}],"wp:featuredmedia":[{"embeddable":true,"href":"https:\/\/www.aquaquick2000.com\/ro\/wp-json\/wp\/v2\/media\/5596"}],"wp:attachment":[{"href":"https:\/\/www.aquaquick2000.com\/ro\/wp-json\/wp\/v2\/media?parent=4267"}],"curies":[{"name":"wp","href":"https:\/\/api.w.org\/{rel}","templated":true}]}}