{"id":4301,"date":"2019-07-18T11:17:49","date_gmt":"2019-07-18T11:17:49","guid":{"rendered":"https:\/\/www.aquaquick2000.com\/?page_id=4301"},"modified":"2023-01-27T10:33:00","modified_gmt":"2023-01-27T10:33:00","slug":"topserw","status":"publish","type":"page","link":"https:\/\/www.aquaquick2000.com\/ro\/distributors\/topserw\/","title":{"rendered":"TOPSERW"},"content":{"rendered":"<section class=\"section\" id=\"section_841718836\">\n\t\t<div class=\"section-bg fill\" >\n\t\t\t<img decoding=\"async\" width=\"1920\" height=\"441\" src=\"https:\/\/b3871678.smushcdn.com\/3871678\/wp-content\/uploads\/2020\/09\/aquaquick-2000-oil-cleaning-waterwave.jpg?lossy=2&strip=1&webp=1\" class=\"bg attachment- size-\" alt=\"\" title=\"\" srcset=\"https:\/\/b3871678.smushcdn.com\/3871678\/wp-content\/uploads\/2020\/09\/aquaquick-2000-oil-cleaning-waterwave.jpg?lossy=2&amp;strip=1&amp;webp=1 1920w, https:\/\/b3871678.smushcdn.com\/3871678\/wp-content\/uploads\/2020\/09\/aquaquick-2000-oil-cleaning-waterwave-510x117.jpg?lossy=2&amp;strip=1&amp;webp=1 510w, https:\/\/b3871678.smushcdn.com\/3871678\/wp-content\/uploads\/2020\/09\/aquaquick-2000-oil-cleaning-waterwave-500x115.jpg?lossy=2&amp;strip=1&amp;webp=1 500w, https:\/\/b3871678.smushcdn.com\/3871678\/wp-content\/uploads\/2020\/09\/aquaquick-2000-oil-cleaning-waterwave-1280x294.jpg?lossy=2&amp;strip=1&amp;webp=1 1280w, https:\/\/b3871678.smushcdn.com\/3871678\/wp-content\/uploads\/2020\/09\/aquaquick-2000-oil-cleaning-waterwave-768x176.jpg?lossy=2&amp;strip=1&amp;webp=1 768w, https:\/\/b3871678.smushcdn.com\/3871678\/wp-content\/uploads\/2020\/09\/aquaquick-2000-oil-cleaning-waterwave-1536x353.jpg?lossy=2&amp;strip=1&amp;webp=1 1536w, https:\/\/b3871678.smushcdn.com\/3871678\/wp-content\/uploads\/2020\/09\/aquaquick-2000-oil-cleaning-waterwave.jpg?size=204x47&amp;lossy=2&amp;strip=1&amp;webp=1 204w, https:\/\/b3871678.smushcdn.com\/3871678\/wp-content\/uploads\/2020\/09\/aquaquick-2000-oil-cleaning-waterwave.jpg?size=408x94&amp;lossy=2&amp;strip=1&amp;webp=1 408w, https:\/\/b3871678.smushcdn.com\/3871678\/wp-content\/uploads\/2020\/09\/aquaquick-2000-oil-cleaning-waterwave.jpg?size=612x141&amp;lossy=2&amp;strip=1&amp;webp=1 612w, https:\/\/b3871678.smushcdn.com\/3871678\/wp-content\/uploads\/2020\/09\/aquaquick-2000-oil-cleaning-waterwave.jpg?size=1020x234&amp;lossy=2&amp;strip=1&amp;webp=1 1020w\" sizes=\"(max-width: 1920px) 100vw, 1920px\">\t\t\t\t\t\t<div class=\"section-bg-overlay absolute fill\"><\/div>\n\t\t\t\n\n\t\t<\/div>\n\n\t\t\n\n\t\t<div class=\"section-content relative\">\n\t\t\t\n<div class=\"row row-collapse align-equal\"  id=\"row-388311806\">\n\n\t<div id=\"col-344499401\" class=\"col small-12 large-12\"  >\n\t\t\t\t<div class=\"col-inner\"  >\n\t\t\t\n\t\t\t\n<h2 class=\"uppercase\" style=\"text-align: center;\">AQUAQUICK 2000 \u00een Polonia este v\u00e2ndut de topserw<\/h2>\n\t\t<\/div>\n\t\t\t\t\t<\/div>\n\n\t\n<\/div>\n\t\t<\/div>\n\n\t\t\n<style>\n#section_841718836 {\n  padding-top: 45px;\n  padding-bottom: 45px;\n}\n#section_841718836 .section-bg-overlay {\n  background-color: rgba(240, 240, 240, 0.64);\n}\n<\/style>\n\t<\/section>\n\t\n\n\t<section class=\"section\" id=\"section_892328194\">\n\t\t<div class=\"section-bg fill\" >\n\t\t\t\t\t\t\t\t\t<div class=\"section-bg-overlay absolute fill\"><\/div>\n\t\t\t\n\n\t\t<\/div>\n\n\t\t\n\n\t\t<div class=\"section-content relative\">\n\t\t\t\n<div class=\"row\"  id=\"row-981935225\">\n\n\t<div id=\"col-2105317022\" class=\"col medium-6 small-12 large-6\"  >\n\t\t\t\t<div class=\"col-inner\"  >\n\t\t\t\n\t\t\t\n<h3 class=\"widget-title\">AQUAQUICK 2000 Distribuitor \u00een <b>Polonia<\/b><\/h3>\n<p>Topserw este un reprezentant oficial al produselor AQUAQUICK. <br \/>Topserw este licen\u021biat\u0103 s\u0103 v\u00e2nd\u0103 produsele AQUAQUICK \u00een Polonia. <br \/><strong>Topserw este aprobat de AQUAQUICK GLOBAL B.V.<\/strong><\/p>\n<h3>Detalii de contact ale <em>Topserw<\/em><\/h3>\n<ul>\n<li class=\"bullet-arrow\">Email: info@topserw.com.pl<\/li>\n<li class=\"bullet-arrow\">Num\u0103r de telefon: +48 22 771 04 56<\/li>\n<li class=\"bullet-arrow\">Linie telefonic\u0103 direct\u0103:<a href=\"callto:     801 000 501\"> 801 000 501<\/a> <span style=\"font-size:70%;\">Numai local<\/span<<\/li>\n<\/ul>\n<h3>Topserw este un distribuitor neexclusiv \u00een Polonia<\/h3>\n<a href=\"https:\/\/www.aquaquick2000.com\/ro\/distribuitori\/\" class=\"button primary\" >\n\t\t<span>To\u021bi distribuitorii de AQUAQUICK 2000<\/span>\n\t<\/a>\n\n\t\t<\/div>\n\t\t\t\t\t<\/div>\n\n\t\n\n\t<div id=\"col-1716093077\" class=\"col medium-6 small-12 large-6\"  >\n\t\t\t\t<div class=\"col-inner\" style=\"background-color:rgb(240, 240, 240);\" >\n\t\t\t\n\t\t\t\n<div class=\"accordion\">\n\t<div id=\"accordion-2541822121\" class=\"accordion-item\">\n\t\t<a id=\"accordion-2541822121-label\" class=\"accordion-title plain active\" href=\"#accordion-item-aquaquick-2000-in-the-poland\" aria-expanded=\"true\" aria-controls=\"accordion-2541822121-content\">\n\t\t\t<button class=\"toggle\" aria-label=\"Toggle\"><i class=\"icon-angle-down\" aria-hidden=\"true\"><\/i><\/button>\n\t\t\t<span>AQUAQUICK 2000 \u00cen Polonia<\/span>\n\t\t<\/a>\n\t\t<div id=\"accordion-2541822121-content\" class=\"accordion-inner\" style=\"display: block;\" aria-labelledby=\"accordion-2541822121-label\">\n\t\t\t\n<p>Pentru a cump\u0103ra AQUAQUICK 2000 direct din <strong>Polonia\u00a0<\/strong>pute\u021bi contacta distribuitorul nostru local <strong>Topserw.<\/strong><\/p>\n<p>AQUAQUICK 2000 poate fi achizi\u021bionat \u00een orice \u021bar\u0103 din lume \u0219i este solu\u021bia num\u0103rul unu pentru cur\u0103\u021barea devers\u0103rilor de petrol.<\/p>\n\t\t<\/div>\n\t<\/div>\n\t\n\t<div id=\"accordion-2580517353\" class=\"accordion-item\">\n\t\t<a id=\"accordion-2580517353-label\" class=\"accordion-title plain\" href=\"#accordion-item-oil-spills-in-poland\" aria-expanded=\"false\" aria-controls=\"accordion-2580517353-content\">\n\t\t\t<button class=\"toggle\" aria-label=\"Toggle\"><i class=\"icon-angle-down\" aria-hidden=\"true\"><\/i><\/button>\n\t\t\t<span>Devers\u0103ri de petrol \u00een Polonia<\/span>\n\t\t<\/a>\n\t\t<div id=\"accordion-2580517353-content\" class=\"accordion-inner\" aria-labelledby=\"accordion-2580517353-label\">\n\t\t\t\n<p>Pentru o solu\u021bie imediat\u0103 \u0219i ecologic\u0103 la devers\u0103rile de petrol, cel mai bine este s\u0103 folosi\u021bi AQUAQUICK 2000. Dac\u0103 v\u0103 confrunta\u021bi cu devers\u0103ri de ulei \u00een <b>Polonia<\/b>&nbsp;pute\u021bi contacta <strong>Topserw<\/strong> pentru furnizarea de AQUAQUICK 2000.<\/p>\n\t\t<\/div>\n\t<\/div>\n\t\n\t<div id=\"accordion-1784652343\" class=\"accordion-item\">\n\t\t<a id=\"accordion-1784652343-label\" class=\"accordion-title plain\" href=\"#accordion-item-about-topserw\" aria-expanded=\"false\" aria-controls=\"accordion-1784652343-content\">\n\t\t\t<button class=\"toggle\" aria-label=\"Toggle\"><i class=\"icon-angle-down\" aria-hidden=\"true\"><\/i><\/button>\n\t\t\t<span>Despre Topserw<\/span>\n\t\t<\/a>\n\t\t<div id=\"accordion-1784652343-content\" class=\"accordion-inner\" aria-labelledby=\"accordion-1784652343-label\">\n\t\t\t\n<h3>Despre Topserw<\/h3>\n<p>Topserw exist\u0103 din 1997 \u0219i este specializat\u0103 \u00een furnizarea de solu\u021bii pentru siguran\u021ba la locul de munc\u0103, precum \u0219i pentru protec\u021bia s\u0103n\u0103t\u0103\u021bii \u0219i a mediului. Oper\u0103m \u00een \u00eentreaga \u021bar\u0103 \u0219i oferim cele mai bune solu\u021bii globale pe pia\u021ba polonez\u0103. <br \/><br \/>Suntem una dintre companiile cu cea mai rapid\u0103 cre\u0219tere din industrie. Furniz\u0103m o gam\u0103 complet\u0103 de produse pentru manipularea \u0219i depozitarea materialelor periculoase, precum \u0219i echipamentele necesare legate de lucrul \u00een siguran\u021b\u0103 \u00een medii periculoase.<\/p>\n\t\t<\/div>\n\t<\/div>\n\t\n<\/div>\n\t<div class=\"img has-hover x md-x lg-x y md-y lg-y\" id=\"image_1005475014\">\n\t\t\t\t\t\t\t\t<div class=\"img-inner dark\" >\n\t\t\t<img decoding=\"async\" width=\"500\" height=\"149\" data-src=\"https:\/\/b3871678.smushcdn.com\/3871678\/wp-content\/uploads\/2020\/09\/AQUAQUICK-2000-DISTRIBUTOR-LOGOS_0008_topserw-aquaquick2000-poland.jpg?lossy=2&strip=1&webp=1\" class=\"attachment-large size-large lazyload\" alt=\"\" title=\"\" data-srcset=\"https:\/\/b3871678.smushcdn.com\/3871678\/wp-content\/uploads\/2020\/09\/AQUAQUICK-2000-DISTRIBUTOR-LOGOS_0008_topserw-aquaquick2000-poland.jpg?lossy=2&amp;strip=1&amp;webp=1 500w, https:\/\/b3871678.smushcdn.com\/3871678\/wp-content\/uploads\/2020\/09\/AQUAQUICK-2000-DISTRIBUTOR-LOGOS_0008_topserw-aquaquick2000-poland.jpg?size=204x61&amp;lossy=2&amp;strip=1&amp;webp=1 204w, https:\/\/b3871678.smushcdn.com\/3871678\/wp-content\/uploads\/2020\/09\/AQUAQUICK-2000-DISTRIBUTOR-LOGOS_0008_topserw-aquaquick2000-poland.jpg?size=408x122&amp;lossy=2&amp;strip=1&amp;webp=1 408w\" data-sizes=\"auto\" src=\"data:image\/svg+xml;base64,PHN2ZyB3aWR0aD0iMSIgaGVpZ2h0PSIxIiB4bWxucz0iaHR0cDovL3d3dy53My5vcmcvMjAwMC9zdmciPjwvc3ZnPg==\" style=\"--smush-placeholder-width: 500px; --smush-placeholder-aspect-ratio: 500\/149;\" data-original-sizes=\"(max-width: 500px) 100vw, 500px\">\t\t\t\t\t\t\n\t\t\t\t\t<\/div>\n\t\t\t\t\t\t\t\t\n<style>\n#image_1005475014 {\n  width: 100%;\n}\n<\/style>\n\t<\/div>\n\t\n\t\t<\/div>\n\t\t\t\t\t<\/div>\n\n\t\n<\/div>\n\t\t<\/div>\n\n\t\t\n<style>\n#section_892328194 {\n  padding-top: 30px;\n  padding-bottom: 30px;\n  background-color: rgb(255, 255, 255);\n}\n#section_892328194 .section-bg-overlay {\n  background-color: rgba(240, 240, 240, 0);\n}\n<\/style>\n\t<\/section>","protected":false},"excerpt":{"rendered":"","protected":false},"author":1,"featured_media":5594,"parent":2564,"menu_order":0,"comment_status":"closed","ping_status":"closed","template":"page-blank.php","meta":{"cybocfi_hide_featured_image":"","footnotes":"","_links_to":"","_links_to_target":""},"class_list":["post-4301","page","type-page","status-publish","has-post-thumbnail","hentry"],"_links":{"self":[{"href":"https:\/\/www.aquaquick2000.com\/ro\/wp-json\/wp\/v2\/pages\/4301","targetHints":{"allow":["GET"]}}],"collection":[{"href":"https:\/\/www.aquaquick2000.com\/ro\/wp-json\/wp\/v2\/pages"}],"about":[{"href":"https:\/\/www.aquaquick2000.com\/ro\/wp-json\/wp\/v2\/types\/page"}],"author":[{"embeddable":true,"href":"https:\/\/www.aquaquick2000.com\/ro\/wp-json\/wp\/v2\/users\/1"}],"replies":[{"embeddable":true,"href":"https:\/\/www.aquaquick2000.com\/ro\/wp-json\/wp\/v2\/comments?post=4301"}],"version-history":[{"count":0,"href":"https:\/\/www.aquaquick2000.com\/ro\/wp-json\/wp\/v2\/pages\/4301\/revisions"}],"up":[{"embeddable":true,"href":"https:\/\/www.aquaquick2000.com\/ro\/wp-json\/wp\/v2\/pages\/2564"}],"wp:featuredmedia":[{"embeddable":true,"href":"https:\/\/www.aquaquick2000.com\/ro\/wp-json\/wp\/v2\/media\/5594"}],"wp:attachment":[{"href":"https:\/\/www.aquaquick2000.com\/ro\/wp-json\/wp\/v2\/media?parent=4301"}],"curies":[{"name":"wp","href":"https:\/\/api.w.org\/{rel}","templated":true}]}}