{"id":5715,"date":"2020-10-30T14:24:18","date_gmt":"2020-10-30T14:24:18","guid":{"rendered":"https:\/\/www.aquaquick2000.com\/?page_id=5715"},"modified":"2023-01-27T10:32:05","modified_gmt":"2023-01-27T10:32:05","slug":"satelite-srl","status":"publish","type":"page","link":"https:\/\/www.aquaquick2000.com\/ro\/distributors\/satelite-srl\/","title":{"rendered":"Satelite SRL"},"content":{"rendered":"<section class=\"section\" id=\"section_125163484\">\n\t\t<div class=\"section-bg fill\" >\n\t\t\t<img decoding=\"async\" width=\"1920\" height=\"441\" src=\"https:\/\/b3871678.smushcdn.com\/3871678\/wp-content\/uploads\/2020\/09\/aquaquick-2000-oil-cleaning-waterwave.jpg?lossy=2&strip=1&webp=1\" class=\"bg attachment- size-\" alt=\"\" title=\"\" srcset=\"https:\/\/b3871678.smushcdn.com\/3871678\/wp-content\/uploads\/2020\/09\/aquaquick-2000-oil-cleaning-waterwave.jpg?lossy=2&amp;strip=1&amp;webp=1 1920w, https:\/\/b3871678.smushcdn.com\/3871678\/wp-content\/uploads\/2020\/09\/aquaquick-2000-oil-cleaning-waterwave-510x117.jpg?lossy=2&amp;strip=1&amp;webp=1 510w, https:\/\/b3871678.smushcdn.com\/3871678\/wp-content\/uploads\/2020\/09\/aquaquick-2000-oil-cleaning-waterwave-500x115.jpg?lossy=2&amp;strip=1&amp;webp=1 500w, https:\/\/b3871678.smushcdn.com\/3871678\/wp-content\/uploads\/2020\/09\/aquaquick-2000-oil-cleaning-waterwave-1280x294.jpg?lossy=2&amp;strip=1&amp;webp=1 1280w, https:\/\/b3871678.smushcdn.com\/3871678\/wp-content\/uploads\/2020\/09\/aquaquick-2000-oil-cleaning-waterwave-768x176.jpg?lossy=2&amp;strip=1&amp;webp=1 768w, https:\/\/b3871678.smushcdn.com\/3871678\/wp-content\/uploads\/2020\/09\/aquaquick-2000-oil-cleaning-waterwave-1536x353.jpg?lossy=2&amp;strip=1&amp;webp=1 1536w, https:\/\/b3871678.smushcdn.com\/3871678\/wp-content\/uploads\/2020\/09\/aquaquick-2000-oil-cleaning-waterwave.jpg?size=204x47&amp;lossy=2&amp;strip=1&amp;webp=1 204w, https:\/\/b3871678.smushcdn.com\/3871678\/wp-content\/uploads\/2020\/09\/aquaquick-2000-oil-cleaning-waterwave.jpg?size=408x94&amp;lossy=2&amp;strip=1&amp;webp=1 408w, https:\/\/b3871678.smushcdn.com\/3871678\/wp-content\/uploads\/2020\/09\/aquaquick-2000-oil-cleaning-waterwave.jpg?size=612x141&amp;lossy=2&amp;strip=1&amp;webp=1 612w, https:\/\/b3871678.smushcdn.com\/3871678\/wp-content\/uploads\/2020\/09\/aquaquick-2000-oil-cleaning-waterwave.jpg?size=1020x234&amp;lossy=2&amp;strip=1&amp;webp=1 1020w\" sizes=\"(max-width: 1920px) 100vw, 1920px\">\t\t\t\t\t\t<div class=\"section-bg-overlay absolute fill\"><\/div>\n\t\t\t\n\n\t\t<\/div>\n\n\t\t\n\n\t\t<div class=\"section-content relative\">\n\t\t\t\n<div class=\"row row-collapse align-equal\"  id=\"row-576098150\">\n\n\t<div id=\"col-927501919\" class=\"col small-12 large-12\"  >\n\t\t\t\t<div class=\"col-inner\"  >\n\t\t\t\n\t\t\t\n<h2 class=\"uppercase\" style=\"text-align: center;\">AQUAQUICK 2000 \u00ceN \u00a0<b>Bolivia<\/b> ESTE V\u00c2NDUT DE Satelite SRL<\/h2>\n\t\t<\/div>\n\t\t\t\t\t<\/div>\n\n\t\n<\/div>\n\t\t<\/div>\n\n\t\t\n<style>\n#section_125163484 {\n  padding-top: 45px;\n  padding-bottom: 45px;\n}\n#section_125163484 .section-bg-overlay {\n  background-color: rgba(240, 240, 240, 0.64);\n}\n<\/style>\n\t<\/section>\n\t\n\n\t<section class=\"section\" id=\"section_1245799958\">\n\t\t<div class=\"section-bg fill\" >\n\t\t\t\t\t\t\t\t\t<div class=\"section-bg-overlay absolute fill\"><\/div>\n\t\t\t\n\n\t\t<\/div>\n\n\t\t\n\n\t\t<div class=\"section-content relative\">\n\t\t\t\n<div class=\"row\"  id=\"row-1848533419\">\n\n\t<div id=\"col-1484941525\" class=\"col medium-6 small-12 large-6\"  >\n\t\t\t\t<div class=\"col-inner\"  >\n\t\t\t\n\t\t\t\n<h3 class=\"widget-title\">Distribuitor AQUAQUICK 2000 \u00een Bolivia<\/h3>\n<p>Satelite SRL este reprezentant oficial al produselor AQUAQUICK.<br \/><em>Satelite SRL este licen\u021biat\u0103 s\u0103 v\u00e2nd\u0103 produsele AQUAQUICK \u00een Bolivia.<br \/><strong>Satelite SRL este aprobat\u0103 de AQUAQUICK GLOBAL B.V.<\/strong><\/em><\/p>\n<h3>Detalii de contact ale Satelite SRL<\/h3>\n<ul>\n<li class=\"bullet-arrow\"><span style=\"font-size: 90%;\">Persoana de contact: Benjamin Velasco<\/strong><\/span><\/li>\n<li class=\"bullet-arrow\"><span style=\"font-size: 90%;\">Adresa de e-mail: <strong>Info@Satelitesrl.com<\/strong><\/span><\/li>\n<li class=\"bullet-arrow\"><span style=\"font-size: 90%;\">Adresa de e-mail: <strong>Benjamin.velasco@Satelitesrl.com<\/strong><\/span><\/li>\n<li class=\"bullet-arrow\">Site web: <a href=\"http:\/\/www.satelitesrl.net\" target=\"_blank\" rel=\"noopener\">www.satelitesrl.net<\/a><\/li>\n<li class=\"bullet-arrow\">Telefon: +591 133581771<\/li>\n<li class=\"bullet-arrow\">Telefon: +591 74163536<\/li>\n<li class=\"bullet-arrow\">Telefon: +34 650050716<\/li>\n<li class=\"bullet-arrow\"><span style=\"font-size: 90%;\">Adres\u0103: Barrio Las Palmas, <br \/>Calle\/Punta Man C\u00e9sped N\u00aa 5 <br \/>SANTA CRUZ-BOLIVIA<\/strong><\/span><\/li>\n<\/ul>\n<h3>Satelite SRL este distribuitor neexclusiv \u00een Bolivia<\/h3>\n<a href=\"https:\/\/www.aquaquick2000.com\/ro\/distribuitori\/\" class=\"button primary\">\n\t\t<span>To\u021bi distribuitorii de AQUAQUICK 2000<\/span>\n\t<\/a>\n\n\t\t<\/div>\n\t\t\t\t\t<\/div>\n\n\t\n\n\t<div id=\"col-2016170321\" class=\"col medium-6 small-12 large-6\"  >\n\t\t\t\t<div class=\"col-inner\" style=\"background-color:rgb(240, 240, 240);\" >\n\t\t\t\n\t\t\t\n<div class=\"accordion\">\n\t<div id=\"accordion-1271301884\" class=\"accordion-item\">\n\t\t<a id=\"accordion-1271301884-label\" class=\"accordion-title plain active\" href=\"#accordion-item-aquaquick-2000-in-%20bolivia\" aria-expanded=\"true\" aria-controls=\"accordion-1271301884-content\">\n\t\t\t<button class=\"toggle\" aria-label=\"Toggle\"><i class=\"icon-angle-down\" aria-hidden=\"true\"><\/i><\/button>\n\t\t\t<span>AQUAQUICK 2000 \u00een Bolivia<\/span>\n\t\t<\/a>\n\t\t<div id=\"accordion-1271301884-content\" class=\"accordion-inner\" style=\"display: block;\" aria-labelledby=\"accordion-1271301884-label\">\n\t\t\t\n<p>Pentru a cump\u0103ra AQUAQUICK 2000 direct din Bolivia pute\u021bi contacta distribuitorul nostru local Satelite SRL<\/p>\n<p>AQUAQUICK 2000 poate fi achizi\u021bionat \u00een orice \u021bar\u0103 din lume \u0219i este solu\u021bia num\u0103rul unu pentru cur\u0103\u021barea devers\u0103rilor de petrol.<\/p>\n\t\t<\/div>\n\t<\/div>\n\t\n\t<div id=\"accordion-357067883\" class=\"accordion-item\">\n\t\t<a id=\"accordion-357067883-label\" class=\"accordion-title plain\" href=\"#accordion-item-oil-spills-in-%20bolivia\" aria-expanded=\"false\" aria-controls=\"accordion-357067883-content\">\n\t\t\t<button class=\"toggle\" aria-label=\"Toggle\"><i class=\"icon-angle-down\" aria-hidden=\"true\"><\/i><\/button>\n\t\t\t<span>Devers\u0103ri de petrol \u00een Bolivia<\/span>\n\t\t<\/a>\n\t\t<div id=\"accordion-357067883-content\" class=\"accordion-inner\" aria-labelledby=\"accordion-357067883-label\">\n\t\t\t\n<p>Pentru o solu\u021bie imediat\u0103 \u0219i ecologic\u0103 la devers\u0103rile de petrol, cel mai bine este s\u0103 folosi\u021bi AQUAQUICK 2000. Dac\u0103 v\u0103 confrunta\u021bi cu devers\u0103ri de petrol \u00een Bolivia, pute\u021bi contacta Satelite SRL pentru furnizarea de AQUAQUICK 2000.<\/p>\n\t\t<\/div>\n\t<\/div>\n\t\n\t<div id=\"accordion-1910144760\" class=\"accordion-item\">\n\t\t<a id=\"accordion-1910144760-label\" class=\"accordion-title plain\" href=\"#accordion-item-about-satelite-srl\" aria-expanded=\"false\" aria-controls=\"accordion-1910144760-content\">\n\t\t\t<button class=\"toggle\" aria-label=\"Toggle\"><i class=\"icon-angle-down\" aria-hidden=\"true\"><\/i><\/button>\n\t\t\t<span>Despre Satelite SRL<\/span>\n\t\t<\/a>\n\t\t<div id=\"accordion-1910144760-content\" class=\"accordion-inner\" aria-labelledby=\"accordion-1910144760-label\">\n\t\t\t\n<p>Satelite SRL este o organiza\u021bie care s-a axat pe importul \u0219i exportul de produse biodegradabile, \u00een special pe segmentul produselor de cur\u0103\u021benie \u0219i igien\u0103 industrial\u0103. Pe l\u00e2ng\u0103 comercializarea local\u0103 a acestor produse, Satelite SRL are un angajament puternic \u00een ceea ce prive\u0219te distribu\u021bia acestor produse.<\/p>\n<p>Cei care achizi\u021bioneaz\u0103 produse de la Satelite SRL au garan\u021bia c\u0103 vor beneficia de asisten\u021b\u0103 tehnic\u0103 \u00een toate domeniile conexe, cu accent pe mai multe sectoare, cum ar fi: Tehnologie, Agricultur\u0103, \u00centre\u021binere, Asisten\u021b\u0103 sau consultan\u021b\u0103, Satelite SRL continu\u0103 dezvoltarea adopt\u0103rii produselor \u00een Bolivia.<\/p>\n\t\t<\/div>\n\t<\/div>\n\t\n<\/div>\n\t<div class=\"img has-hover x md-x lg-x y md-y lg-y\" id=\"image_2112616842\">\n\t\t\t\t\t\t\t\t<div class=\"img-inner dark\" >\n\t\t\t<img decoding=\"async\" width=\"900\" height=\"500\" data-src=\"https:\/\/b3871678.smushcdn.com\/3871678\/wp-content\/uploads\/2022\/01\/DISTRIBUTOR-OF-AQUAQUICK-2000-1.png?lossy=2&strip=1&webp=1\" class=\"attachment-large size-large lazyload\" alt=\"\" data-srcset=\"https:\/\/b3871678.smushcdn.com\/3871678\/wp-content\/uploads\/2022\/01\/DISTRIBUTOR-OF-AQUAQUICK-2000-1.png?lossy=2&strip=1&webp=1 900w, https:\/\/b3871678.smushcdn.com\/3871678\/wp-content\/uploads\/2022\/01\/DISTRIBUTOR-OF-AQUAQUICK-2000-1-510x283.png?lossy=2&strip=1&webp=1 510w, https:\/\/b3871678.smushcdn.com\/3871678\/wp-content\/uploads\/2022\/01\/DISTRIBUTOR-OF-AQUAQUICK-2000-1-500x278.png?lossy=2&strip=1&webp=1 500w, https:\/\/b3871678.smushcdn.com\/3871678\/wp-content\/uploads\/2022\/01\/DISTRIBUTOR-OF-AQUAQUICK-2000-1-768x427.png?lossy=2&strip=1&webp=1 768w, https:\/\/b3871678.smushcdn.com\/3871678\/wp-content\/uploads\/2022\/01\/DISTRIBUTOR-OF-AQUAQUICK-2000-1.png?size=204x113&lossy=2&strip=1&webp=1 204w, https:\/\/b3871678.smushcdn.com\/3871678\/wp-content\/uploads\/2022\/01\/DISTRIBUTOR-OF-AQUAQUICK-2000-1.png?size=408x227&lossy=2&strip=1&webp=1 408w, https:\/\/b3871678.smushcdn.com\/3871678\/wp-content\/uploads\/2022\/01\/DISTRIBUTOR-OF-AQUAQUICK-2000-1.png?size=612x340&lossy=2&strip=1&webp=1 612w\" data-sizes=\"auto\" title=\"\" src=\"data:image\/svg+xml;base64,PHN2ZyB3aWR0aD0iMSIgaGVpZ2h0PSIxIiB4bWxucz0iaHR0cDovL3d3dy53My5vcmcvMjAwMC9zdmciPjwvc3ZnPg==\" style=\"--smush-placeholder-width: 900px; --smush-placeholder-aspect-ratio: 900\/500;\" data-original-sizes=\"(max-width: 900px) 100vw, 900px\">\t\t\t\t\t\t\n\t\t\t\t\t<\/div>\n\t\t\t\t\t\t\t\t\n<style>\n#image_2112616842 {\n  width: 100%;\n}\n<\/style>\n\t<\/div>\n\t\n\t\t<\/div>\n\t\t\t\t\t<\/div>\n\n\t\n<\/div>\n\t\t<\/div>\n\n\t\t\n<style>\n#section_1245799958 {\n  padding-top: 30px;\n  padding-bottom: 30px;\n  background-color: rgb(255, 255, 255);\n}\n#section_1245799958 .section-bg-overlay {\n  background-color: rgba(240, 240, 240, 0);\n}\n<\/style>\n\t<\/section>","protected":false},"excerpt":{"rendered":"","protected":false},"author":1,"featured_media":9138,"parent":2564,"menu_order":0,"comment_status":"closed","ping_status":"closed","template":"page-blank.php","meta":{"cybocfi_hide_featured_image":"","footnotes":"","_links_to":"","_links_to_target":""},"class_list":["post-5715","page","type-page","status-publish","has-post-thumbnail","hentry"],"_links":{"self":[{"href":"https:\/\/www.aquaquick2000.com\/ro\/wp-json\/wp\/v2\/pages\/5715","targetHints":{"allow":["GET"]}}],"collection":[{"href":"https:\/\/www.aquaquick2000.com\/ro\/wp-json\/wp\/v2\/pages"}],"about":[{"href":"https:\/\/www.aquaquick2000.com\/ro\/wp-json\/wp\/v2\/types\/page"}],"author":[{"embeddable":true,"href":"https:\/\/www.aquaquick2000.com\/ro\/wp-json\/wp\/v2\/users\/1"}],"replies":[{"embeddable":true,"href":"https:\/\/www.aquaquick2000.com\/ro\/wp-json\/wp\/v2\/comments?post=5715"}],"version-history":[{"count":0,"href":"https:\/\/www.aquaquick2000.com\/ro\/wp-json\/wp\/v2\/pages\/5715\/revisions"}],"up":[{"embeddable":true,"href":"https:\/\/www.aquaquick2000.com\/ro\/wp-json\/wp\/v2\/pages\/2564"}],"wp:featuredmedia":[{"embeddable":true,"href":"https:\/\/www.aquaquick2000.com\/ro\/wp-json\/wp\/v2\/media\/9138"}],"wp:attachment":[{"href":"https:\/\/www.aquaquick2000.com\/ro\/wp-json\/wp\/v2\/media?parent=5715"}],"curies":[{"name":"wp","href":"https:\/\/api.w.org\/{rel}","templated":true}]}}