{"id":5734,"date":"2020-10-30T15:48:20","date_gmt":"2020-10-30T15:48:20","guid":{"rendered":"https:\/\/www.aquaquick2000.com\/?page_id=5734"},"modified":"2023-01-27T10:33:24","modified_gmt":"2023-01-27T10:33:24","slug":"vandoclean","status":"publish","type":"page","link":"https:\/\/www.aquaquick2000.com\/ro\/distributors\/vandoclean\/","title":{"rendered":"Vandoclean"},"content":{"rendered":"<section class=\"section\" id=\"section_1509786718\">\n\t\t<div class=\"section-bg fill\" >\n\t\t\t<img decoding=\"async\" width=\"1920\" height=\"441\" src=\"https:\/\/b3871678.smushcdn.com\/3871678\/wp-content\/uploads\/2020\/09\/aquaquick-2000-oil-cleaning-waterwave.jpg?lossy=2&strip=1&webp=1\" class=\"bg attachment- size-\" alt=\"\" title=\"\" srcset=\"https:\/\/b3871678.smushcdn.com\/3871678\/wp-content\/uploads\/2020\/09\/aquaquick-2000-oil-cleaning-waterwave.jpg?lossy=2&amp;strip=1&amp;webp=1 1920w, https:\/\/b3871678.smushcdn.com\/3871678\/wp-content\/uploads\/2020\/09\/aquaquick-2000-oil-cleaning-waterwave-510x117.jpg?lossy=2&amp;strip=1&amp;webp=1 510w, https:\/\/b3871678.smushcdn.com\/3871678\/wp-content\/uploads\/2020\/09\/aquaquick-2000-oil-cleaning-waterwave-500x115.jpg?lossy=2&amp;strip=1&amp;webp=1 500w, https:\/\/b3871678.smushcdn.com\/3871678\/wp-content\/uploads\/2020\/09\/aquaquick-2000-oil-cleaning-waterwave-1280x294.jpg?lossy=2&amp;strip=1&amp;webp=1 1280w, https:\/\/b3871678.smushcdn.com\/3871678\/wp-content\/uploads\/2020\/09\/aquaquick-2000-oil-cleaning-waterwave-768x176.jpg?lossy=2&amp;strip=1&amp;webp=1 768w, https:\/\/b3871678.smushcdn.com\/3871678\/wp-content\/uploads\/2020\/09\/aquaquick-2000-oil-cleaning-waterwave-1536x353.jpg?lossy=2&amp;strip=1&amp;webp=1 1536w, https:\/\/b3871678.smushcdn.com\/3871678\/wp-content\/uploads\/2020\/09\/aquaquick-2000-oil-cleaning-waterwave.jpg?size=204x47&amp;lossy=2&amp;strip=1&amp;webp=1 204w, https:\/\/b3871678.smushcdn.com\/3871678\/wp-content\/uploads\/2020\/09\/aquaquick-2000-oil-cleaning-waterwave.jpg?size=408x94&amp;lossy=2&amp;strip=1&amp;webp=1 408w, https:\/\/b3871678.smushcdn.com\/3871678\/wp-content\/uploads\/2020\/09\/aquaquick-2000-oil-cleaning-waterwave.jpg?size=612x141&amp;lossy=2&amp;strip=1&amp;webp=1 612w, https:\/\/b3871678.smushcdn.com\/3871678\/wp-content\/uploads\/2020\/09\/aquaquick-2000-oil-cleaning-waterwave.jpg?size=1020x234&amp;lossy=2&amp;strip=1&amp;webp=1 1020w\" sizes=\"(max-width: 1920px) 100vw, 1920px\">\t\t\t\t\t\t<div class=\"section-bg-overlay absolute fill\"><\/div>\n\t\t\t\n\n\t\t<\/div>\n\n\t\t\n\n\t\t<div class=\"section-content relative\">\n\t\t\t\n\n<div class=\"row row-collapse align-equal\"  id=\"row-522164549\">\n\n\n\t<div id=\"col-1818780428\" class=\"col small-12 large-12\"  >\n\t\t\t\t<div class=\"col-inner\"  >\n\t\t\t\n\t\t\t\n\n<h2 class=\"uppercase\" style=\"text-align: center;\">AQUAQUICK 2000 \u00ceN OLANDA ESTE V\u00c2NDUT DE Vandoclean<\/h2>\n\n\t\t<\/div>\n\t\t\t\t\t<\/div>\n\n\t\n\n<\/div>\n\n\t\t<\/div>\n\n\t\t\n<style>\n#section_1509786718 {\n  padding-top: 45px;\n  padding-bottom: 45px;\n}\n#section_1509786718 .section-bg-overlay {\n  background-color: rgba(240, 240, 240, 0.64);\n}\n<\/style>\n\t<\/section>\n\t\n\n\t<section class=\"section\" id=\"section_602591349\">\n\t\t<div class=\"section-bg fill\" >\n\t\t\t\t\t\t\t\t\t<div class=\"section-bg-overlay absolute fill\"><\/div>\n\t\t\t\n\n\t\t<\/div>\n\n\t\t\n\n\t\t<div class=\"section-content relative\">\n\t\t\t\n\n<div class=\"row\"  id=\"row-1357228063\">\n\n\n\t<div id=\"col-700696733\" class=\"col medium-6 small-12 large-6\"  >\n\t\t\t\t<div class=\"col-inner\"  >\n\t\t\t\n\t\t\t\n\n<h3 class=\"widget-title\">AQUAQUICK 2000 Distribuitor \u00een <b>Olanda<\/b><\/h3>\n<p>Vandoclean este un reprezentant oficial al produselor AQUAQUICK. <br>Vandoclean este licen\u021biat pentru a vinde produsele AQUAQUICK \u00een \u021a\u0103rile de Jos. <br><strong>Vandoclean este aprobat de AQUAQUICK GLOBAL B.V.<\/strong><\/p>\n<h3>Detalii de contact ale <em>Vandoclean<\/em><\/h3>\n<ul>\n<li class=\"bullet-arrow\">Email:<a href=\"mailto:info@vandoclean.nl\">info@vandoclean.nl<\/a><\/li>\n<li class=\"bullet-arrow\">Jan van Loon: +31(6) 290 446 35,&nbsp;<\/li>\n<li class=\"bullet-arrow\">Jeroen Brummelkamp: +31(6) 393 032 61<\/li>\n<\/ul>\n<a href=\"https:\/\/www.aquaquick2000.com\/ro\/distribuitori\/\" class=\"button primary\" >\n\t\t<span>To\u021bi distribuitorii de AQUAQUICK 2000<\/span>\n\t<\/a>\n\n\n\n\t\t<\/div>\n\t\t\t\t\t<\/div>\n\n\t\n\n\t<div id=\"col-2011081277\" class=\"col medium-6 small-12 large-6\"  >\n\t\t\t\t<div class=\"col-inner\" style=\"background-color:rgb(240, 240, 240);\" >\n\t\t\t\n\t\t\t\n\n<div class=\"accordion\">\n\n\t<div id=\"accordion-865113571\" class=\"accordion-item\">\n\t\t<a id=\"accordion-865113571-label\" class=\"accordion-title plain active\" href=\"#accordion-item-aquaquick-2000-in-the-netherlands\" aria-expanded=\"true\" aria-controls=\"accordion-865113571-content\">\n\t\t\t<button class=\"toggle\" aria-label=\"Toggle\"><i class=\"icon-angle-down\" aria-hidden=\"true\"><\/i><\/button>\n\t\t\t<span>AQUAQUICK 2000 \u00cen \u021a\u0103rile de Jos<\/span>\n\t\t<\/a>\n\t\t<div id=\"accordion-865113571-content\" class=\"accordion-inner\" style=\"display: block;\" aria-labelledby=\"accordion-865113571-label\">\n\t\t\t\n\n<p>Pentru a achizi\u021biona AQUAQUICK 2000 direct din <b>Olanda<\/b> pute\u021bi contacta distribuitorul nostru local <strong>Vandoclean.<\/strong><\/p>\n<p>AQUAQUICK 2000 poate fi achizi\u021bionat \u00een orice \u021bar\u0103 din lume \u0219i este solu\u021bia num\u0103rul unu pentru cur\u0103\u021barea devers\u0103rilor de petrol.<\/p>\n\n\t\t<\/div>\n\t<\/div>\n\t\n\t<div id=\"accordion-888492865\" class=\"accordion-item\">\n\t\t<a id=\"accordion-888492865-label\" class=\"accordion-title plain\" href=\"#accordion-item-oil-spills-in-the-netherlands\" aria-expanded=\"false\" aria-controls=\"accordion-888492865-content\">\n\t\t\t<button class=\"toggle\" aria-label=\"Toggle\"><i class=\"icon-angle-down\" aria-hidden=\"true\"><\/i><\/button>\n\t\t\t<span>Devers\u0103ri de petrol \u00een \u021a\u0103rile de Jos<\/span>\n\t\t<\/a>\n\t\t<div id=\"accordion-888492865-content\" class=\"accordion-inner\" aria-labelledby=\"accordion-888492865-label\">\n\t\t\t\n\n<p>Pentru o solu\u021bie imediat\u0103 \u0219i ecologic\u0103 la devers\u0103rile de petrol, cel mai bine este s\u0103 folosi\u021bi AQUAQUICK 2000. Dac\u0103 v\u0103 confrunta\u021bi cu devers\u0103ri de ulei \u00een <b>Olanda<\/b>&nbsp;pute\u021bi contacta <strong>Vandoclean<\/strong> pentru furnizarea de AQUAQUICK 2000.<\/p>\n\n\t\t<\/div>\n\t<\/div>\n\t\n\t<div id=\"accordion-2434553275\" class=\"accordion-item\">\n\t\t<a id=\"accordion-2434553275-label\" class=\"accordion-title plain\" href=\"#accordion-item-about-vandoclean\" aria-expanded=\"false\" aria-controls=\"accordion-2434553275-content\">\n\t\t\t<button class=\"toggle\" aria-label=\"Toggle\"><i class=\"icon-angle-down\" aria-hidden=\"true\"><\/i><\/button>\n\t\t\t<span>Despre VandoClean<\/span>\n\t\t<\/a>\n\t\t<div id=\"accordion-2434553275-content\" class=\"accordion-inner\" aria-labelledby=\"accordion-2434553275-label\">\n\t\t\t\n\n<p>Vandoclean B.V. Ofer\u0103 o solu\u021bie total\u0103 pentru produse speciale \u00een industria de absorb\u021bie \u0219i cur\u0103\u021bare a scurgerilor de petrol industrial \u0219i\/sau a dezastrelor naturale.<\/p>\n<h3>Vandoclean clien\u021bii companiei lor exist\u0103 din:<\/h3>\n<p>Corpul de pompieri, consilieri municipali, corpora\u021bii de \u00eengrijire a apei. Pe l\u00e2ng\u0103 obiectivul nostru principal, oferim produse \u0219i servicii \u0219i pentru industria metalurgic\u0103, industria alimentar\u0103, industria auto.<\/p>\n\n\t\t<\/div>\n\t<\/div>\n\t\n\n<\/div>\n\t<div class=\"img has-hover x md-x lg-x y md-y lg-y\" id=\"image_1172153330\">\n\t\t\t\t\t\t\t\t<div class=\"img-inner dark\" >\n\t\t\t<img decoding=\"async\" width=\"500\" height=\"149\" data-src=\"https:\/\/b3871678.smushcdn.com\/3871678\/wp-content\/uploads\/2020\/09\/AQUAQUICK-2000-DISTRIBUTOR-LOGOS_0006_Vandoclean-logo.jpg?lossy=2&strip=1&webp=1\" class=\"attachment-large size-large lazyload\" alt=\"\" title=\"\" data-srcset=\"https:\/\/b3871678.smushcdn.com\/3871678\/wp-content\/uploads\/2020\/09\/AQUAQUICK-2000-DISTRIBUTOR-LOGOS_0006_Vandoclean-logo.jpg?lossy=2&amp;strip=1&amp;webp=1 500w, https:\/\/b3871678.smushcdn.com\/3871678\/wp-content\/uploads\/2020\/09\/AQUAQUICK-2000-DISTRIBUTOR-LOGOS_0006_Vandoclean-logo.jpg?size=204x61&amp;lossy=2&amp;strip=1&amp;webp=1 204w, https:\/\/b3871678.smushcdn.com\/3871678\/wp-content\/uploads\/2020\/09\/AQUAQUICK-2000-DISTRIBUTOR-LOGOS_0006_Vandoclean-logo.jpg?size=408x122&amp;lossy=2&amp;strip=1&amp;webp=1 408w\" data-sizes=\"auto\" src=\"data:image\/svg+xml;base64,PHN2ZyB3aWR0aD0iMSIgaGVpZ2h0PSIxIiB4bWxucz0iaHR0cDovL3d3dy53My5vcmcvMjAwMC9zdmciPjwvc3ZnPg==\" style=\"--smush-placeholder-width: 500px; --smush-placeholder-aspect-ratio: 500\/149;\" data-original-sizes=\"(max-width: 500px) 100vw, 500px\">\t\t\t\t\t\t\n\t\t\t\t\t<\/div>\n\t\t\t\t\t\t\t\t\n<style>\n#image_1172153330 {\n  width: 100%;\n}\n<\/style>\n\t<\/div>\n\t\n\n\n\t\t<\/div>\n\t\t\t\t\t<\/div>\n\n\t\n\n<\/div>\n\n\t\t<\/div>\n\n\t\t\n<style>\n#section_602591349 {\n  padding-top: 30px;\n  padding-bottom: 30px;\n  background-color: rgb(255, 255, 255);\n}\n#section_602591349 .section-bg-overlay {\n  background-color: rgba(240, 240, 240, 0);\n}\n<\/style>\n\t<\/section>","protected":false},"excerpt":{"rendered":"","protected":false},"author":1,"featured_media":5577,"parent":2564,"menu_order":0,"comment_status":"closed","ping_status":"closed","template":"page-blank.php","meta":{"cybocfi_hide_featured_image":"","footnotes":"","_links_to":"","_links_to_target":""},"class_list":["post-5734","page","type-page","status-publish","has-post-thumbnail","hentry"],"_links":{"self":[{"href":"https:\/\/www.aquaquick2000.com\/ro\/wp-json\/wp\/v2\/pages\/5734","targetHints":{"allow":["GET"]}}],"collection":[{"href":"https:\/\/www.aquaquick2000.com\/ro\/wp-json\/wp\/v2\/pages"}],"about":[{"href":"https:\/\/www.aquaquick2000.com\/ro\/wp-json\/wp\/v2\/types\/page"}],"author":[{"embeddable":true,"href":"https:\/\/www.aquaquick2000.com\/ro\/wp-json\/wp\/v2\/users\/1"}],"replies":[{"embeddable":true,"href":"https:\/\/www.aquaquick2000.com\/ro\/wp-json\/wp\/v2\/comments?post=5734"}],"version-history":[{"count":0,"href":"https:\/\/www.aquaquick2000.com\/ro\/wp-json\/wp\/v2\/pages\/5734\/revisions"}],"up":[{"embeddable":true,"href":"https:\/\/www.aquaquick2000.com\/ro\/wp-json\/wp\/v2\/pages\/2564"}],"wp:featuredmedia":[{"embeddable":true,"href":"https:\/\/www.aquaquick2000.com\/ro\/wp-json\/wp\/v2\/media\/5577"}],"wp:attachment":[{"href":"https:\/\/www.aquaquick2000.com\/ro\/wp-json\/wp\/v2\/media?parent=5734"}],"curies":[{"name":"wp","href":"https:\/\/api.w.org\/{rel}","templated":true}]}}