{"id":5746,"date":"2020-11-03T11:35:52","date_gmt":"2020-11-03T11:35:52","guid":{"rendered":"https:\/\/www.aquaquick2000.com\/?page_id=5746"},"modified":"2023-01-27T10:32:28","modified_gmt":"2023-01-27T10:32:28","slug":"sorb-chem","status":"publish","type":"page","link":"https:\/\/www.aquaquick2000.com\/ro\/distributors\/sorb-chem\/","title":{"rendered":"Sorb Chem"},"content":{"rendered":"<section class=\"section\" id=\"section_544671141\">\n\t\t<div class=\"section-bg fill\" >\n\t\t\t<img decoding=\"async\" width=\"1920\" height=\"441\" src=\"https:\/\/b3871678.smushcdn.com\/3871678\/wp-content\/uploads\/2020\/09\/aquaquick-2000-oil-cleaning-waterwave.jpg?lossy=2&strip=1&webp=1\" class=\"bg attachment- size-\" alt=\"\" title=\"\" srcset=\"https:\/\/b3871678.smushcdn.com\/3871678\/wp-content\/uploads\/2020\/09\/aquaquick-2000-oil-cleaning-waterwave.jpg?lossy=2&amp;strip=1&amp;webp=1 1920w, https:\/\/b3871678.smushcdn.com\/3871678\/wp-content\/uploads\/2020\/09\/aquaquick-2000-oil-cleaning-waterwave-510x117.jpg?lossy=2&amp;strip=1&amp;webp=1 510w, https:\/\/b3871678.smushcdn.com\/3871678\/wp-content\/uploads\/2020\/09\/aquaquick-2000-oil-cleaning-waterwave-500x115.jpg?lossy=2&amp;strip=1&amp;webp=1 500w, https:\/\/b3871678.smushcdn.com\/3871678\/wp-content\/uploads\/2020\/09\/aquaquick-2000-oil-cleaning-waterwave-1280x294.jpg?lossy=2&amp;strip=1&amp;webp=1 1280w, https:\/\/b3871678.smushcdn.com\/3871678\/wp-content\/uploads\/2020\/09\/aquaquick-2000-oil-cleaning-waterwave-768x176.jpg?lossy=2&amp;strip=1&amp;webp=1 768w, https:\/\/b3871678.smushcdn.com\/3871678\/wp-content\/uploads\/2020\/09\/aquaquick-2000-oil-cleaning-waterwave-1536x353.jpg?lossy=2&amp;strip=1&amp;webp=1 1536w, https:\/\/b3871678.smushcdn.com\/3871678\/wp-content\/uploads\/2020\/09\/aquaquick-2000-oil-cleaning-waterwave.jpg?size=204x47&amp;lossy=2&amp;strip=1&amp;webp=1 204w, https:\/\/b3871678.smushcdn.com\/3871678\/wp-content\/uploads\/2020\/09\/aquaquick-2000-oil-cleaning-waterwave.jpg?size=408x94&amp;lossy=2&amp;strip=1&amp;webp=1 408w, https:\/\/b3871678.smushcdn.com\/3871678\/wp-content\/uploads\/2020\/09\/aquaquick-2000-oil-cleaning-waterwave.jpg?size=612x141&amp;lossy=2&amp;strip=1&amp;webp=1 612w, https:\/\/b3871678.smushcdn.com\/3871678\/wp-content\/uploads\/2020\/09\/aquaquick-2000-oil-cleaning-waterwave.jpg?size=1020x234&amp;lossy=2&amp;strip=1&amp;webp=1 1020w\" sizes=\"(max-width: 1920px) 100vw, 1920px\">\t\t\t\t\t\t<div class=\"section-bg-overlay absolute fill\"><\/div>\n\t\t\t\n\n\t\t<\/div>\n\n\t\t\n\n\t\t<div class=\"section-content relative\">\n\t\t\t\n\n<div class=\"row row-collapse align-equal\"  id=\"row-1844548343\">\n\n\n\t<div id=\"col-366555802\" class=\"col small-12 large-12\"  >\n\t\t\t\t<div class=\"col-inner\"  >\n\t\t\t\n\t\t\t\n\n<h2 class=\"uppercase\" style=\"text-align: center;\">AQUAQUICK 2000 \u00een Lituania ESTE V\u00c2NDUT DE Sorb Chem<\/h2>\n\n\t\t<\/div>\n\t\t\t\t\t<\/div>\n\n\t\n\n<\/div>\n\n\t\t<\/div>\n\n\t\t\n<style>\n#section_544671141 {\n  padding-top: 45px;\n  padding-bottom: 45px;\n}\n#section_544671141 .section-bg-overlay {\n  background-color: rgba(240, 240, 240, 0.64);\n}\n<\/style>\n\t<\/section>\n\t\n\n\t<section class=\"section\" id=\"section_1794264656\">\n\t\t<div class=\"section-bg fill\" >\n\t\t\t\t\t\t\t\t\t<div class=\"section-bg-overlay absolute fill\"><\/div>\n\t\t\t\n\n\t\t<\/div>\n\n\t\t\n\n\t\t<div class=\"section-content relative\">\n\t\t\t\n\n<div class=\"row\"  id=\"row-841625066\">\n\n\n\t<div id=\"col-1266826706\" class=\"col medium-6 small-12 large-6\"  >\n\t\t\t\t<div class=\"col-inner\"  >\n\t\t\t\n\t\t\t\n\n<h3 class=\"widget-title\">Distribuitor AQUAQUICK 2000 \u00een Lituania<\/h3>\n<p class=\"widget-title\">UAB SORB CHEM reprezint\u0103 o \u00eentreag\u0103 gam\u0103 de produc\u0103tori europeni, care au f\u0103cut ca produc\u021bia s\u0103 fie \u00een beneficiul locurilor de munc\u0103 \u0219i al mediului. UAB SORB ofer\u0103 o gam\u0103 larg\u0103 de servicii. <\/p>\n<p>Sorb Chem este licen\u021biat\u0103 s\u0103 v\u00e2nd\u0103 produsele AQUAQUICK \u00een Lituania.<br><em><strong>Sorb Chem este aprobat de AQUAQUICK GLOBAL B.V.<\/strong><\/em><\/p>\n<h3>Detalii de contact ale Sorb Chem<\/h3>\n<p>Domnul Darius Vaisnora<\/p>\n<ul>\n<li class=\"bullet-arrow\">Adres\u0103: Titnago g. 12, LT-02300 Vilnius<\/li>\n<li class=\"bullet-arrow\">Email:<a href=\"mailto:info@sorbchem.lt\">info@sorbchem.lt<\/a><\/li>\n<li class=\"bullet-arrow\">Telefon\/fax al companiei: +370 5 265 3281&nbsp;<\/li>\n<li class=\"bullet-arrow\">Num\u0103r de telefon alternativ 1. +370 690 96 265<\/li>\n<li class=\"bullet-arrow\">Num\u0103r de telefon alternativ 2. +370 650 38 090<\/li>\n<\/ul>\n<h3>Sorb Chem este un distribuitor neexclusiv \u00een Lituania<\/h3>\n<a href=\"https:\/\/www.aquaquick2000.com\/ro\/distribuitori\/\" class=\"button primary\" >\n\t\t<span>To\u021bi distribuitorii de AQUAQUICK 2000<\/span>\n\t<\/a>\n\n\n\n\t\t<\/div>\n\t\t\t\t\t<\/div>\n\n\t\n\n\t<div id=\"col-2075630051\" class=\"col medium-6 small-12 large-6\"  >\n\t\t\t\t<div class=\"col-inner\" style=\"background-color:rgb(240, 240, 240);\" >\n\t\t\t\n\t\t\t\n\n<div class=\"accordion\">\n\n\t<div id=\"accordion-3411717716\" class=\"accordion-item\">\n\t\t<a id=\"accordion-3411717716-label\" class=\"accordion-title plain active\" href=\"#accordion-item-aquaquick-2000-in-lithuania\" aria-expanded=\"true\" aria-controls=\"accordion-3411717716-content\">\n\t\t\t<button class=\"toggle\" aria-label=\"Toggle\"><i class=\"icon-angle-down\" aria-hidden=\"true\"><\/i><\/button>\n\t\t\t<span>AQUAQUICK 2000 \u00een Lituania<\/span>\n\t\t<\/a>\n\t\t<div id=\"accordion-3411717716-content\" class=\"accordion-inner\" style=\"display: block;\" aria-labelledby=\"accordion-3411717716-label\">\n\t\t\t\n\n<p>Pentru a cump\u0103ra AQUAQUICK 2000 direct din <b>Lituania<\/b> pute\u021bi contacta distribuitorul nostru local <strong>Sorb Chem<\/strong>.<\/p>\n<p>AQUAQUICK 2000 poate fi achizi\u021bionat \u00een orice \u021bar\u0103 din lume \u0219i este solu\u021bia num\u0103rul unu pentru cur\u0103\u021barea devers\u0103rilor de petrol.<\/p>\n\n\t\t<\/div>\n\t<\/div>\n\t\n\t<div id=\"accordion-4174805442\" class=\"accordion-item\">\n\t\t<a id=\"accordion-4174805442-label\" class=\"accordion-title plain\" href=\"#accordion-item-oil-spills-in-lithuania\" aria-expanded=\"false\" aria-controls=\"accordion-4174805442-content\">\n\t\t\t<button class=\"toggle\" aria-label=\"Toggle\"><i class=\"icon-angle-down\" aria-hidden=\"true\"><\/i><\/button>\n\t\t\t<span>Devers\u0103ri de petrol \u00een Lituania<\/span>\n\t\t<\/a>\n\t\t<div id=\"accordion-4174805442-content\" class=\"accordion-inner\" aria-labelledby=\"accordion-4174805442-label\">\n\t\t\t\n\n<p>Pentru o solu\u021bie imediat\u0103 \u0219i ecologic\u0103 la devers\u0103rile de petrol, cel mai bine este s\u0103 folosi\u021bi AQUAQUICK 2000. Dac\u0103 v\u0103 confrunta\u021bi cu devers\u0103ri de ulei \u00een <strong>Lituania<\/strong> pute\u021bi contacta <strong>Sorb Chem<\/strong> pentru furnizarea de AQUAQUICK 2000.<\/p>\n\n\t\t<\/div>\n\t<\/div>\n\t\n\t<div id=\"accordion-2585503350\" class=\"accordion-item\">\n\t\t<a id=\"accordion-2585503350-label\" class=\"accordion-title plain\" href=\"#accordion-item-about-sorb-chem\" aria-expanded=\"false\" aria-controls=\"accordion-2585503350-content\">\n\t\t\t<button class=\"toggle\" aria-label=\"Toggle\"><i class=\"icon-angle-down\" aria-hidden=\"true\"><\/i><\/button>\n\t\t\t<span>Despre Sorb Chem<\/span>\n\t\t<\/a>\n\t\t<div id=\"accordion-2585503350-content\" class=\"accordion-inner\" aria-labelledby=\"accordion-2585503350-label\">\n\t\t\t\n\n<h3>Despre UAB Sorb Chem<\/h3>\n<p>UAB \"SORB CHEM\" reprezint\u0103 o serie de produc\u0103tori europeni, ale c\u0103ror produse sunt concepute pentru protec\u021bia locurilor de munc\u0103 \u0219i a mediului, eliminarea accidentelor ecologice.<\/p>\n<ul>\n<li class=\"bullet-arrow\">Instala\u021bii de deshidratare \u0219i de dedurizare a apei.<\/li>\n<li class=\"bullet-arrow\">Dispozitive \u0219i sisteme pentru prepararea apei demineralizate \u0219i deionizate.<\/li>\n<li class=\"bullet-arrow\">Dispozitive pentru laboratoare \u0219i protec\u021bia mediului.<\/li>\n<li class=\"bullet-arrow\">Aparate \u0219i sisteme de producere a apei utilizate pentru: acumulatori, c\u0103lcare, evaporare, prepararea solu\u021biilor de r\u0103cire, prepararea solu\u021biilor utilizate Euro 5 (adblue).<\/li>\n<li class=\"bullet-arrow\">Pompe rezistente la substan\u021be chimice.<\/li>\n<li class=\"bullet-arrow\">Pompe cu cuplaje magnetice.<\/li>\n<li class=\"bullet-arrow\">Aparate \u0219i sisteme pentru filtrarea solu\u021biilor galvanice.<\/li>\n<li class=\"bullet-arrow\">Diferite materiale care absorb lichide \u0219i sorben\u021bi.<\/li>\n<li class=\"bullet-arrow\">Numai mijloace \u0219i materiale pentru absorb\u021bia \u0219i absorb\u021bia produselor petroliere.<\/li>\n<li class=\"bullet-arrow\">Absorbante pentru absorb\u021bia substan\u021belor chimice agresive \u0219i concentrate.<\/li>\n<li class=\"bullet-arrow\">Absorbante pentru asamblarea kiturilor ADR pentru transportul terestru \u0219i maritim.<\/li>\n<li class=\"bullet-arrow\">M\u0103suri \u0219i materiale pentru colectarea lichidelor v\u0103rsate \u0219i men\u021binerea cur\u0103\u021beniei la locul de munc\u0103.<\/li>\n<li class=\"bullet-arrow\">Detergent ecologic pentru produse petroliere - splitter \"AQUAQUICK2000\" - pentru descompunerea \u0219i cur\u0103\u021barea uleiului \u0219i a altor produse grase de pe diverse suprafe\u021be, precum \u0219i din ap\u0103.<\/li>\n<li class=\"bullet-arrow\">Materiale pentru filtrarea diferitelor solu\u021bii.<\/li>\n<li class=\"bullet-arrow\">M\u0103suri de etan\u0219are \u0219i blocare a conductelor.<\/li>\n<li class=\"bullet-arrow\">Airbaguri - pentru ridicarea diferitelor sarcini grele.<\/li>\n<li class=\"bullet-arrow\">Covora\u0219e lipicioase pentru \u00eenc\u0103peri deosebit de curate - antibacteriene, antistatice.<\/li>\n<li class=\"bullet-arrow\">Produse fabricate din polipropilen\u0103: f\u0103r\u0103 scufundare - plutitoare \u0219i alte fr\u00e2nghii, diverse plase.<\/li>\n<li class=\"bullet-arrow\">Filtre de ap\u0103, sisteme de purificare a apei.<\/li>\n<\/ul>\n\n\t\t<\/div>\n\t<\/div>\n\t\n\n<\/div>\n\t<div class=\"img has-hover x md-x lg-x y md-y lg-y\" id=\"image_714634272\">\n\t\t\t\t\t\t\t\t<div class=\"img-inner dark\" >\n\t\t\t<img decoding=\"async\" width=\"500\" height=\"149\" data-src=\"https:\/\/b3871678.smushcdn.com\/3871678\/wp-content\/uploads\/2020\/09\/AQUAQUICK-2000-DISTRIBUTOR-LOGOS_0000_sorb-chem-aquaquick2000.jpg?lossy=2&strip=1&webp=1\" class=\"attachment-large size-large lazyload\" alt=\"\" title=\"\" data-srcset=\"https:\/\/b3871678.smushcdn.com\/3871678\/wp-content\/uploads\/2020\/09\/AQUAQUICK-2000-DISTRIBUTOR-LOGOS_0000_sorb-chem-aquaquick2000.jpg?lossy=2&amp;strip=1&amp;webp=1 500w, https:\/\/b3871678.smushcdn.com\/3871678\/wp-content\/uploads\/2020\/09\/AQUAQUICK-2000-DISTRIBUTOR-LOGOS_0000_sorb-chem-aquaquick2000.jpg?size=204x61&amp;lossy=2&amp;strip=1&amp;webp=1 204w, https:\/\/b3871678.smushcdn.com\/3871678\/wp-content\/uploads\/2020\/09\/AQUAQUICK-2000-DISTRIBUTOR-LOGOS_0000_sorb-chem-aquaquick2000.jpg?size=408x122&amp;lossy=2&amp;strip=1&amp;webp=1 408w\" data-sizes=\"auto\" src=\"data:image\/svg+xml;base64,PHN2ZyB3aWR0aD0iMSIgaGVpZ2h0PSIxIiB4bWxucz0iaHR0cDovL3d3dy53My5vcmcvMjAwMC9zdmciPjwvc3ZnPg==\" style=\"--smush-placeholder-width: 500px; --smush-placeholder-aspect-ratio: 500\/149;\" data-original-sizes=\"(max-width: 500px) 100vw, 500px\">\t\t\t\t\t\t\n\t\t\t\t\t<\/div>\n\t\t\t\t\t\t\t\t\n<style>\n#image_714634272 {\n  width: 100%;\n}\n<\/style>\n\t<\/div>\n\t\n\n\n\t\t<\/div>\n\t\t\t\t\t<\/div>\n\n\t\n\n<\/div>\n\n\t\t<\/div>\n\n\t\t\n<style>\n#section_1794264656 {\n  padding-top: 30px;\n  padding-bottom: 30px;\n  background-color: rgb(255, 255, 255);\n}\n#section_1794264656 .section-bg-overlay {\n  background-color: rgba(240, 240, 240, 0);\n}\n<\/style>\n\t<\/section>","protected":false},"excerpt":{"rendered":"","protected":false},"author":1,"featured_media":5587,"parent":2564,"menu_order":0,"comment_status":"closed","ping_status":"closed","template":"page-blank.php","meta":{"cybocfi_hide_featured_image":"","footnotes":"","_links_to":"","_links_to_target":""},"class_list":["post-5746","page","type-page","status-publish","has-post-thumbnail","hentry"],"_links":{"self":[{"href":"https:\/\/www.aquaquick2000.com\/ro\/wp-json\/wp\/v2\/pages\/5746","targetHints":{"allow":["GET"]}}],"collection":[{"href":"https:\/\/www.aquaquick2000.com\/ro\/wp-json\/wp\/v2\/pages"}],"about":[{"href":"https:\/\/www.aquaquick2000.com\/ro\/wp-json\/wp\/v2\/types\/page"}],"author":[{"embeddable":true,"href":"https:\/\/www.aquaquick2000.com\/ro\/wp-json\/wp\/v2\/users\/1"}],"replies":[{"embeddable":true,"href":"https:\/\/www.aquaquick2000.com\/ro\/wp-json\/wp\/v2\/comments?post=5746"}],"version-history":[{"count":0,"href":"https:\/\/www.aquaquick2000.com\/ro\/wp-json\/wp\/v2\/pages\/5746\/revisions"}],"up":[{"embeddable":true,"href":"https:\/\/www.aquaquick2000.com\/ro\/wp-json\/wp\/v2\/pages\/2564"}],"wp:featuredmedia":[{"embeddable":true,"href":"https:\/\/www.aquaquick2000.com\/ro\/wp-json\/wp\/v2\/media\/5587"}],"wp:attachment":[{"href":"https:\/\/www.aquaquick2000.com\/ro\/wp-json\/wp\/v2\/media?parent=5746"}],"curies":[{"name":"wp","href":"https:\/\/api.w.org\/{rel}","templated":true}]}}